{"id":9,"date":"2021-09-23T07:38:44","date_gmt":"2021-09-23T07:38:44","guid":{"rendered":"https:\/\/elfsight.com\/pt\/?page_id=9"},"modified":"2024-06-25T10:21:39","modified_gmt":"2024-06-25T10:21:39","slug":"widgets","status":"publish","type":"page","link":"https:\/\/elfsight.com\/pt\/widgets\/","title":{"rendered":"Applications"},"content":{"rendered":"\n<h2>Elfsight widgetsWidgets da Elfsight<\/h2>\n<p>Oferecemos os melhores plugins gratuitos e premium, que ajudam a aumentar a intera\u00e7\u00e3o com os utilizadores, as oportunidades de venda e as vendas:<\/p>\n<div class=\"col-row\">\n<div class=\"col-m-12 col-4\">\n<ul>\n<li>widgets sociais;<\/li>\n<li>widgets de ecommerce;<\/li>\n<li>plugins para obter seguidores;<\/li>\n<\/ul>\n<\/div>\n<div class=\"col-m-12 col-4\">\n<ul>\n<li>widgets de formul\u00e1rio;<\/li>\n<li>widgets de apoio;<\/li>\n<li>plugins para aumentar as vendas;<\/li>\n<\/ul>\n<\/div>\n<div class=\"col-m-12 col-4\">\n<ul>\n<li>widgets de neg\u00f3cio;<\/li>\n<li>plugins de redes sociais;<\/li>\n<li>widgets de conte\u00fado.<\/li>\n<\/ul>\n<\/div>\n<\/div>\n<p>Experimente os melhores plugins para melhorar o seu site. Crie as suas pr\u00f3prias ferramentas para melhorar o seu site sem programar.<\/p>\n\n<div class=\"faq\" data-component=\"FAQ\">\n<div class=\"faq-item\">\r\n\t\t\t\t\t<div class=\"faq-item-question\">\r\n\t\t\t\t\t\t<h3 class=\"faq-item-question-text\">Com que plataformas (CMS e construtores de sites) funcionam os widgets da Elfsight?<\/h3>\r\n\r\n\t\t\t\t\t\t<div class=\"faq-item-question-icon\"><\/div>\r\n\t\t\t\t\t<\/div>\r\n\r\n\t\t\t\t\t<div class=\"faq-item-answer\">\r\n\t\t\t\t\t\t<div class=\"faq-item-answer-text\">\n<p>Os nossos widgets funcionam em todas as maiores plataformas: \n<a href=\"https:\/\/elfsight.com\/adobe-muse-widgets\/\" target=\"_blank\" rel=\"noopener noreferrer\">Adobe Muse<\/a>, \n<a href=\"https:\/\/elfsight.com\/bigcommerce-apps\/\" target=\"_blank\" rel=\"noopener noreferrer\">BigCommerce<\/a>, \n<a href=\"https:\/\/elfsight.com\/blogger-widgets\/\" target=\"_blank\" rel=\"noopener noreferrer\">Blogger<\/a>, \n<a href=\"https:\/\/elfsight.com\/drupal-modules\/\" target=\"_blank\" rel=\"noopener noreferrer\">Drupal<\/a>, \n<a href=\"https:\/\/elfsight.com\/joomla-extensions\/\" target=\"_blank\" rel=\"noopener noreferrer\">Joomla<\/a>, \n<a href=\"https:\/\/elfsight.com\/jquery-plugins\/\" target=\"_blank\" rel=\"noopener noreferrer\">jQuery<\/a>, \n<a href=\"https:\/\/elfsight.com\/magento-extensions\/\" target=\"_blank\" rel=\"noopener noreferrer\">Magento<\/a>, \n<a href=\"https:\/\/elfsight.com\/modx-plugins\/\" target=\"_blank\" rel=\"noopener noreferrer\">ModX<\/a>, \n<a href=\"https:\/\/elfsight.com\/html-widgets\/\" target=\"_blank\" rel=\"noopener noreferrer\">HTML<\/a>, \n<a href=\"https:\/\/elfsight.com\/opencart-extensions\/\" target=\"_blank\" rel=\"noopener noreferrer\">OpenCart<\/a>, \n<a href=\"https:\/\/elfsight.com\/shopify-apps\/\" target=\"_blank\" rel=\"noopener noreferrer\">Shopify<\/a>, \n<a href=\"https:\/\/elfsight.com\/squarespace-plugins\/\" target=\"_blank\" rel=\"noopener noreferrer\">Squarespace<\/a>, \n<a href=\"https:\/\/elfsight.com\/webflow-integrations\/\" target=\"_blank\" rel=\"noopener noreferrer\">Webflow<\/a>, \n<a href=\"https:\/\/elfsight.com\/webnode-plugins\/\" target=\"_blank\" rel=\"noopener noreferrer\">Webnode<\/a>, \n<a href=\"https:\/\/elfsight.com\/weebly-apps\/\" target=\"_blank\" rel=\"noopener noreferrer\">Weebly<\/a>, \n<a href=\"https:\/\/elfsight.com\/wix-apps\/\" target=\"_blank\" rel=\"noopener noreferrer\">Wix<\/a>, \n<a href=\"https:\/\/elfsight.com\/wordpress-plugins\/\" target=\"_blank\" rel=\"noopener noreferrer\">WordPress<\/a>, \n<a href=\"https:\/\/elfsight.com\/3dcart-apps\/\" target=\"_blank\" rel=\"noopener noreferrer\">3dCart<\/a>, \n<a href=\"https:\/\/elfsight.com\/blogspot-widgets\/\" target=\"_blank\" rel=\"noopener noreferrer\">Blogspot<\/a>,  \n<a href=\"https:\/\/elfsight.com\/lightspeed-plugins\/\" target=\"_blank\" rel=\"noopener noreferrer\">Lightspeed<\/a>, \n<a href=\"https:\/\/elfsight.com\/jimdo-widgets\/\" target=\"_blank\" rel=\"noopener noreferrer\">Jimdo<\/a>, \n<a href=\"https:\/\/elfsight.com\/iframe-widgets\/\" target=\"_blank\" rel=\"noopener noreferrer\">iFrame<\/a>, \n<a href=\"https:\/\/elfsight.com\/godaddy-plugins\/\" target=\"_blank\" rel=\"noopener noreferrer\">GoDaddy<\/a>, \n<a href=\"https:\/\/elfsight.com\/ecwid-widgets\/\" target=\"_blank\" rel=\"noopener noreferrer\">Ecwid<\/a>, \n<a href=\"https:\/\/elfsight.com\/duda-widgets\/\" target=\"_blank\" rel=\"noopener noreferrer\">Duda<\/a>, \n<a href=\"https:\/\/elfsight.com\/bigcartel-plugins\/\" target=\"_blank\" rel=\"noopener noreferrer\">BigCartel<\/a>, \n<a href=\"https:\/\/elfsight.com\/tumblr-widgets\/\" target=\"_blank\" rel=\"noopener noreferrer\">Tumblr<\/a>, \n<a href=\"https:\/\/elfsight.com\/elementor-widgets\/\" target=\"_blank\" rel=\"noopener noreferrer\">Elementor<\/a>, \n<a href=\"https:\/\/elfsight.com\/macaw-plugins\/\" target=\"_blank\" rel=\"noopener noreferrer\">Macaw<\/a>, \n<a href=\"https:\/\/elfsight.com\/cratejoy-apps\/\" target=\"_blank\" rel=\"noopener noreferrer\">CrateJoy<\/a>, \n<a href=\"https:\/\/elfsight.com\/lightcms-plugins\/\" target=\"_blank\" rel=\"noopener noreferrer\">LightCMS<\/a>, \n<a href=\"https:\/\/elfsight.com\/mobirise-extensions\/\" target=\"_blank\" rel=\"noopener noreferrer\">Mobrise<\/a>, \n<a href=\"https:\/\/elfsight.com\/dle-modules\/\" target=\"_blank\" rel=\"noopener noreferrer\">DLE<\/a>, \n<a href=\"https:\/\/elfsight.com\/cs-cart-addons\/\" target=\"_blank\" rel=\"noopener noreferrer\">CS Cart<\/a>, \n<a href=\"https:\/\/elfsight.com\/expressionengine-plugins\/\" target=\"_blank\" rel=\"noopener noreferrer\">Expression Engine<\/a>, \n<a href=\"https:\/\/elfsight.com\/bootstrap-plugins\/\" target=\"_blank\" rel=\"noopener noreferrer\">Bootstrap<\/a>, \n<a href=\"https:\/\/elfsight.com\/bitrix-apps\/\" target=\"_blank\" rel=\"noopener noreferrer\">Bitrix<\/a>, \n<a href=\"https:\/\/elfsight.com\/volusion-apps\/\" target=\"_blank\" rel=\"noopener noreferrer\">Volusion<\/a>, \n<a href=\"https:\/\/elfsight.com\/visual-composer-widgets\/\" target=\"_blank\" rel=\"noopener noreferrer\">Visual Composer<\/a>, \n<a href=\"https:\/\/elfsight.com\/strikingly-apps\/\" target=\"_blank\" rel=\"noopener noreferrer\">Strikingly<\/a>, \n<a href=\"https:\/\/elfsight.com\/ucoz-widgets\/\" target=\"_blank\" rel=\"noopener noreferrer\">Ucoz<\/a>, \n<a href=\"https:\/\/elfsight.com\/sitebuilder-modules\/\" target=\"_blank\" rel=\"noopener noreferrer\">Sitebuilder<\/a>, \n<a href=\"https:\/\/elfsight.com\/splash-extensions\/\" target=\"_blank\" rel=\"noopener noreferrer\">Splash<\/a>, \n<a href=\"https:\/\/elfsight.com\/pivot-plugins\/\" target=\"_blank\" rel=\"noopener noreferrer\">Pivot<\/a>, \n<a href=\"https:\/\/elfsight.com\/pinegrow-plugins\/\" target=\"_blank\" rel=\"noopener noreferrer\">Pinegrow<\/a>, \n<a href=\"https:\/\/elfsight.com\/optimizepress-plugins\/\" target=\"_blank\" rel=\"noopener noreferrer\">Optimizepress<\/a>, \n<a href=\"https:\/\/elfsight.com\/tilda-widgets\/\" target=\"_blank\" rel=\"noopener noreferrer\">Tilda<\/a>, <a href=\"https:\/\/elfsight.com\/facebook-page-widgets\/\" target=\"_blank\" rel=\"noopener noreferrer\">Facebook page<\/a>, <a href=\"https:\/\/elfsight.com\/woocommerce-plugins\/\" target=\"_blank\" rel=\"noopener noreferrer\">WooCommerce<\/a>, <a href=\"https:\/\/elfsight.com\/epages-apps\/\" target=\"_blank\" rel=\"noopener noreferrer\">ePages<\/a>, \n<a href=\"https:\/\/elfsight.com\/yola-apps\/\" target=\"_blank\" rel=\"noopener noreferrer\">Yola<\/a>, \n<a href=\"https:\/\/elfsight.com\/clickfunnels-integrations\/\" target=\"_blank\" rel=\"noopener noreferrer\">ClickFunnels<\/a>, \n<a href=\"https:\/\/elfsight.com\/weblium-widgets\/\" target=\"_blank\" rel=\"noopener noreferrer\">Weblium<\/a>,\n <a href=\"https:\/\/elfsight.com\/rocketspark-widgets\/\" target=\"_blank\" rel=\"noopener noreferrer\">Rocketspark<\/a>, \n<a href=\"https:\/\/elfsight.com\/zyro-widgets\/\" target=\"_blank\" rel=\"noopener noreferrer\">Zyro<\/a>,\n <a href=\"https:\/\/elfsight.com\/pinnaclecart-widgets\/\" target=\"_blank\" rel=\"noopener noreferrer\">PinnacleCart<\/a>, \n<a href=\"https:\/\/elfsight.com\/wpbakery-plugins\/\" target=\"_blank\" rel=\"noopener noreferrer\">WPBakery<\/a>,\n <a href=\"https:\/\/elfsight.com\/siteorigin-widgets\/\" target=\"_blank\" rel=\"noopener noreferrer\">SiteOrigin<\/a>,\n <a href=\"https:\/\/elfsight.com\/divi-plugins\/\" target=\"_blank\" rel=\"noopener noreferrer\">Divi<\/a>,\n <a href=\"https:\/\/elfsight.com\/beaver-builder-plugins\/\" target=\"_blank\" rel=\"noopener noreferrer\">Beaver Builder<\/a>,\n <a href=\"https:\/\/elfsight.com\/fusion-plugins\/\" target=\"_blank\" rel=\"noopener noreferrer\">Fusion<\/a>, \n<a href=\"https:\/\/elfsight.com\/cornerstone-plugins\/\" target=\"_blank\" rel=\"noopener noreferrer\">Cornerstone<\/a>,\n <a href=\"https:\/\/elfsight.com\/thrive-architect-widgets\/\" target=\"_blank\" rel=\"noopener noreferrer\">Thrive Architect<\/a>,\n <a href=\"https:\/\/elfsight.com\/wordpress-page-builder-plugins\/\" target=\"_blank\" rel=\"noopener noreferrer\">WordPress Page Builder<\/a>,\n <a href=\"https:\/\/elfsight.com\/oxygen-builder-plugins\/\" target=\"_blank\" rel=\"noopener noreferrer\">Oxygen Builder<\/a>,\n <a href=\"https:\/\/elfsight.com\/gutenberg-plugins\/\" target=\"_blank\" rel=\"noopener noreferrer\">Gutenberg<\/a>,\n <a href=\"https:\/\/elfsight.com\/sp-page-builder-addons\/\" target=\"_blank\" rel=\"noopener noreferrer\">SP Page Builder<\/a>, \n<a href=\"https:\/\/elfsight.com\/google-sites-plugins\/\" target=\"_blank\" rel=\"noopener noreferrer\">Google Sites<\/a>,\n <a href=\"https:\/\/elfsight.com\/hubspot-plugins\/\" target=\"_blank\" rel=\"noopener noreferrer\">HubSpot<\/a>,\n <a href=\"https:\/\/elfsight.com\/instapage-widgets\/\" target=\"_blank\" rel=\"noopener noreferrer\">Instapage<\/a>,\n <a href=\"https:\/\/elfsight.com\/unbounce-integrations\/\" target=\"_blank\" rel=\"noopener noreferrer\">Unbounce<\/a>,\n <a href=\"https:\/\/elfsight.com\/wishpond-integrations\/\" target=\"_blank\" rel=\"noopener noreferrer\">Wishpond<\/a>,\n <a href=\"https:\/\/elfsight.com\/mailchimp-plugins\/\" target=\"_blank\" rel=\"noopener noreferrer\">Mailchimp<\/a>,\n <a href=\"https:\/\/elfsight.com\/getresponse-integrations\/\" target=\"_blank\" rel=\"noopener noreferrer\">GetResponse<\/a>,\n <a href=\"https:\/\/elfsight.com\/landingi-integrations\/\" target=\"_blank\" rel=\"noopener noreferrer\">Landingi<\/a>,\n <a href=\"https:\/\/elfsight.com\/sendinblue-integrations\/\" target=\"_blank\" rel=\"noopener noreferrer\">Sendinblue<\/a>,\n <a href=\"https:\/\/elfsight.com\/carrd-integrations\/\" target=\"_blank\" rel=\"noopener noreferrer\">Carrd<\/a>,\n <a href=\"https:\/\/elfsight.com\/templatetoaster-widgets\/\" target=\"_blank\" rel=\"noopener noreferrer\">TemplateToaster<\/a>,\n <a href=\"https:\/\/elfsight.com\/webself-widgets\/\" target=\"_blank\" rel=\"noopener noreferrer\">Webself<\/a>,\n <a href=\"https:\/\/elfsight.com\/americommerce-apps\/\" target=\"_blank\" rel=\"noopener noreferrer\">AmeriCommerce<\/a>,\n <a href=\"https:\/\/elfsight.com\/wp-engine-plugins\/\" target=\"_blank\" rel=\"noopener noreferrer\">WP Engine<\/a>,\n <a href=\"https:\/\/elfsight.com\/leadpages-integrations\/\" target=\"_blank\" rel=\"noopener noreferrer\">Leadpages<\/a>,\n<a href=\"https:\/\/elfsight.com\/pagecloud-apps\/\" target=\"_blank\" rel=\"noopener noreferrer\">Pagecloud<\/a>,\n<a href=\"https:\/\/elfsight.com\/jumpseller-apps\/\" target=\"_blank\" rel=\"noopener noreferrer\">Jumpseller<\/a>,\n<a href=\"https:\/\/elfsight.com\/zoho-apps\/\" target=\"_blank\" rel=\"noopener noreferrer\">Zoho<\/a>,\n<a href=\"https:\/\/elfsight.com\/ghost-cms-plugins\/\" target=\"_blank\" rel=\"noopener noreferrer\">Ghost<\/a>,\n<a href=\"https:\/\/elfsight.com\/netlify-widgets\/\" target=\"_blank\" rel=\"noopener noreferrer\">Netlify<\/a> and other.<\/p>\n<\/div>\r\n\t\t\t\t\t<\/div>\r\n\t\t\t\t<\/div>\n\n<div class=\"faq-item\">\r\n\t\t\t\t\t<div class=\"faq-item-question\">\r\n\t\t\t\t\t\t<h3 class=\"faq-item-question-text\">Como obtenho um widget para o meu site?<\/h3>\r\n\r\n\t\t\t\t\t\t<div class=\"faq-item-question-icon\"><\/div>\r\n\t\t\t\t\t<\/div>\r\n\r\n\t\t\t\t\t<div class=\"faq-item-answer\">\r\n\t\t\t\t\t\t<div class=\"faq-item-answer-text\">\n<p>Procura um widget para o seu site? A Elfsight oferece uma cole\u00e7\u00e3o de widgets para ajudar em qualquer objetivo. Tudo o que precisa de fazer para receber o c\u00f3digo do seu widget \u00e9 criar o seu widget personalizado e entrar no seu servi\u00e7o.<\/p><\/div>\r\n\t\t\t\t\t<\/div>\r\n\t\t\t\t<\/div>\n\n<div class=\"faq-item\">\r\n\t\t\t\t\t<div class=\"faq-item-question\">\r\n\t\t\t\t\t\t<h3 class=\"faq-item-question-text\">Como adiciona os seus widgets a um site?<\/h3>\r\n\r\n\t\t\t\t\t\t<div class=\"faq-item-question-icon\"><\/div>\r\n\t\t\t\t\t<\/div>\r\n\r\n\t\t\t\t\t<div class=\"faq-item-answer\">\r\n\t\t\t\t\t\t<div class=\"faq-item-answer-text\">\n<p>Adicionar um widget da Elfsight ao seu site \u00e9 f\u00e1cil. Abaixo consideramos os dois tipos mais frequentes de instala\u00e7\u00e3o que representam 99% dos casos de utiliza\u00e7\u00e3o.<\/p>\n\n<h4>Adicionar um widget a um modelo de site (Header, Footer, sidebar, etc.)<\/h4>\n\n<p>Integrar um widget num elemento de um template \u00e9 feito no editor de template, que permite apresentar o widget em qualquer \u00e1rea do site.<\/p>\n<ol>\n<li>Entre no seu painel de admin do seu site;<\/li>\n<li>V\u00e1 \u00e0 edi\u00e7\u00e3o de tema ou template;<\/li>\n<li>Encontre o elemento necess\u00e1rio (header, footer, sidebar, etc.) e cole o c\u00f3digo do seu widget;<\/li>\n<li>Guarde as altera\u00e7\u00f5es.<\/li>\n<\/ol>\n<h4>Adicionar um widget a uma p\u00e1gina (p\u00e1gina principal, p\u00e1gina inicial, blog, etc.)<\/h4>\n<p>Integre um widget numa dada p\u00e1gina do seu site simplesmente colando o c\u00f3digo do widget na \u00e1rea desejada, usando o editor de p\u00e1gina.<\/p>\n<ol>\n<li>Insira o seu painel de admin de site;<\/li>\n<li>V\u00e1 \u00e0 p\u00e1gina onde quer o widget;<\/li>\n<li>Mude para o modo de p\u00e1gina para HTML (se necess\u00e1rio) e insira o seu c\u00f3digo de widget;<\/li>\n<li>Guarde as suas altera\u00e7\u00f5es.<\/li>\n<\/ol>\n<p>N\u00e3o sabe onde come\u00e7ar? Est\u00e1 a ter dificuldade em escolher? Todos os nossos clientes desfrutam de instala\u00e7\u00e3o gratuita e apoio de ajuste. Basta contactar-nos.<\/p>\n<\/div>\r\n\t\t\t\t\t<\/div>\r\n\t\t\t\t<\/div>\n\n<div class=\"faq-item\">\r\n\t\t\t\t\t<div class=\"faq-item-question\">\r\n\t\t\t\t\t\t<h3 class=\"faq-item-question-text\">Como se remove o widget do seu site ou p\u00e1gina web?<\/h3>\r\n\r\n\t\t\t\t\t\t<div class=\"faq-item-question-icon\"><\/div>\r\n\t\t\t\t\t<\/div>\r\n\r\n\t\t\t\t\t<div class=\"faq-item-answer\">\r\n\t\t\t\t\t\t<div class=\"faq-item-answer-text\">\n<p>Se precisa de remover o seu widget ou transferi-lo para para outro local no site, siga as instru\u00e7\u00f5es abaixo, dependendo do local atual do seu widget.<\/p>\n\n<ol>\n<li>Abra a p\u00e1gina ou template em quest\u00e3o no seu editor;<\/li>\n<li>Encontre o script de widget no c\u00f3digo e apague-o;<\/li>\n<li>Guarde as altera\u00e7\u00f5es;<\/li>\n<\/ol>\n<p>O widget foi completamente removido da p\u00e1gina.<\/p>\n<\/div>\r\n\t\t\t\t\t<\/div>\r\n\t\t\t\t<\/div>\n\n<div class=\"faq-item\">\r\n\t\t\t\t\t<div class=\"faq-item-question\">\r\n\t\t\t\t\t\t<h3 class=\"faq-item-question-text\">Widgets gratuitos e premium<\/h3>\r\n\r\n\t\t\t\t\t\t<div class=\"faq-item-question-icon\"><\/div>\r\n\t\t\t\t\t<\/div>\r\n\r\n\t\t\t\t\t<div class=\"faq-item-answer\">\r\n\t\t\t\t\t\t<div class=\"faq-item-answer-text\">\n<p>Oferecemos um largo leque de pre\u00e7os, desde ofertas gratuitas a op\u00e7\u00f5es com as mais valiosas vantagens. Planos gratuitos podem ter algumas limita\u00e7\u00f5es de visualiza\u00e7\u00f5es e apresenta\u00e7\u00e3o que pode remover fazendo upgrade para o plano premium. <\/p><\/div>\r\n\t\t\t\t\t<\/div>\r\n\t\t\t\t<\/div>\n\n<div class=\"faq-item\">\r\n\t\t\t\t\t<div class=\"faq-item-question\">\r\n\t\t\t\t\t\t<h3 class=\"faq-item-question-text\">Qual \u00e9 o nosso p\u00fablico-alvo?<\/h3>\r\n\r\n\t\t\t\t\t\t<div class=\"faq-item-question-icon\"><\/div>\r\n\t\t\t\t\t<\/div>\r\n\r\n\t\t\t\t\t<div class=\"faq-item-answer\">\r\n\t\t\t\t\t\t<div class=\"faq-item-answer-text\">\n<p>Entre os nossos maiores clientes est\u00e3o os sites e-commerce, m\u00fasicos, atletas e treinadores, artistas, designers, programadores, artes\u00e3os e outros. Oferecemos uma oportunidade de utilizar o melhor conte\u00fado de ecommerce, formul\u00e1rios e plugins sociais que ajudam a evoluir sites e neg\u00f3cios.<\/p><\/div>\r\n\t\t\t\t\t<\/div>\r\n\t\t\t\t<\/div>\n\n<div class=\"faq-item\">\r\n\t\t\t\t\t<div class=\"faq-item-question\">\r\n\t\t\t\t\t\t<h3 class=\"faq-item-question-text\">O que s\u00e3o os plugins de sites da Elfsight?<\/h3>\r\n\r\n\t\t\t\t\t\t<div class=\"faq-item-question-icon\"><\/div>\r\n\t\t\t\t\t<\/div>\r\n\r\n\t\t\t\t\t<div class=\"faq-item-answer\">\r\n\t\t\t\t\t\t<div class=\"faq-item-answer-text\">\n<p>A Elfsight oferece solu\u00e7\u00f5es cloud para fazer upgrade do seu site sem ter de saber programa\u00e7\u00e3o. Pode tentar os melhores widgets e plugins para aumentar a convers\u00e3o, a intera\u00e7\u00e3o com os utilizadores e as vendas. Basta inscrever-se, escolher o seu widget e obter um c\u00f3digo para o adicionar.<\/p><\/div>\r\n\t\t\t\t\t<\/div>\r\n\t\t\t\t<\/div>\n\n<div class=\"faq-item\">\r\n\t\t\t\t\t<div class=\"faq-item-question\">\r\n\t\t\t\t\t\t<h3 class=\"faq-item-question-text\">Que widgets v\u00e3o aparecer a seguir?<\/h3>\r\n\r\n\t\t\t\t\t\t<div class=\"faq-item-question-icon\"><\/div>\r\n\t\t\t\t\t<\/div>\r\n\r\n\t\t\t\t\t<div class=\"faq-item-answer\">\r\n\t\t\t\t\t\t<div class=\"faq-item-answer-text\">\n<p>Se quiser aprender mais sobre os pr\u00f3ximos widgets Elfsight, aqui est\u00e1 uma lista dos nossos futuros produtos. Explore os que mais lhe interessam, aprenda mais sobre a sua futura funcionalidade e design.<\/p><\/div>\r\n\t\t\t\t\t<\/div>\r\n\t\t\t\t<\/div>\n<\/div>\n\n<p>N\u00e3o conseguiu encontrar qualquer informa\u00e7\u00e3o sobre adicionar ou ajustar  widget? N\u00e3o hesite em contactar-nos.<\/p>\n","protected":false},"excerpt":{"rendered":"Elfsight widgetsWidgets da Elfsight Oferecemos os melhores plugins gratuitos e premium, que ajudam a aumentar a intera\u00e7\u00e3o com os utilizadores, as oportunidades de venda e as vendas: widgets sociais; widgets de ecommerce; plugins para obter seguidores; widgets de formul\u00e1rio; widgets de apoio; plugins para aumentar as vendas; widgets de neg\u00f3cio;&#8230;","protected":false},"author":13,"featured_media":0,"parent":0,"menu_order":0,"comment_status":"closed","ping_status":"closed","template":"templates\/template-applications.php","meta":{"publish_to_discourse":"","publish_post_category":"","wpdc_auto_publish_overridden":"","wpdc_topic_tags":"","wpdc_pin_topic":"","wpdc_pin_until":"","discourse_post_id":"","discourse_permalink":"","wpdc_publishing_response":"","wpdc_publishing_error":"","footnotes":""},"class_list":["post-9","page","type-page","status-publish","hentry"],"yoast_head":"<!-- This site is optimized with the Yoast SEO plugin v25.3.1 - https:\/\/yoast.com\/wordpress\/plugins\/seo\/ -->\n<title>Os Melhores Widgets e Plugins Gratuitos para o seu site (2025)<\/title>\n<meta name=\"description\" content=\"Os melhores widgets premium para o seu site. Experi\u00eancia sem problemas, apoio premium vital\u00edcio e de instala\u00e7\u00e3o. Adicione plugins \u00fateis.\" \/>\n<meta name=\"robots\" content=\"index, follow, max-snippet:-1, max-image-preview:large, max-video-preview:-1\" \/>\n<link rel=\"canonical\" href=\"https:\/\/elfsight.com\/pt\/widgets\/\" \/>\n<meta property=\"og:locale\" content=\"pt_PT\" \/>\n<meta property=\"og:type\" content=\"article\" \/>\n<meta property=\"og:title\" content=\"Os Melhores Widgets e Plugins Gratuitos para o seu site (2025)\" \/>\n<meta property=\"og:description\" content=\"Os melhores widgets premium para o seu site. Experi\u00eancia sem problemas, apoio premium vital\u00edcio e de instala\u00e7\u00e3o. Adicione plugins \u00fateis.\" \/>\n<meta property=\"og:url\" content=\"https:\/\/elfsight.com\/pt\/widgets\/\" \/>\n<meta property=\"og:site_name\" content=\"Elfsight PT\" \/>\n<meta property=\"article:modified_time\" content=\"2024-06-25T10:21:39+00:00\" \/>\n<meta name=\"twitter:card\" content=\"summary_large_image\" \/>\n<meta name=\"twitter:label1\" content=\"Tempo estimado de leitura\" \/>\n\t<meta name=\"twitter:data1\" content=\"4 minutos\" \/>\n<!-- \/ Yoast SEO plugin. -->","yoast_head_json":{"title":"Os Melhores Widgets e Plugins Gratuitos para o seu site (2025)","description":"Os melhores widgets premium para o seu site. Experi\u00eancia sem problemas, apoio premium vital\u00edcio e de instala\u00e7\u00e3o. Adicione plugins \u00fateis.","robots":{"index":"index","follow":"follow","max-snippet":"max-snippet:-1","max-image-preview":"max-image-preview:large","max-video-preview":"max-video-preview:-1"},"canonical":"https:\/\/elfsight.com\/pt\/widgets\/","og_locale":"pt_PT","og_type":"article","og_title":"Os Melhores Widgets e Plugins Gratuitos para o seu site (2025)","og_description":"Os melhores widgets premium para o seu site. Experi\u00eancia sem problemas, apoio premium vital\u00edcio e de instala\u00e7\u00e3o. Adicione plugins \u00fateis.","og_url":"https:\/\/elfsight.com\/pt\/widgets\/","og_site_name":"Elfsight PT","article_modified_time":"2024-06-25T10:21:39+00:00","twitter_card":"summary_large_image","twitter_misc":{"Tempo estimado de leitura":"4 minutos"},"schema":{"@context":"https:\/\/schema.org","@graph":[{"@type":"WebPage","@id":"https:\/\/elfsight.com\/pt\/widgets\/","url":"https:\/\/elfsight.com\/pt\/widgets\/","name":"Os Melhores Widgets e Plugins Gratuitos para o seu site (2025)","isPartOf":{"@id":"https:\/\/elfsight.com\/pt\/#website"},"datePublished":"2021-09-23T07:38:44+00:00","dateModified":"2024-06-25T10:21:39+00:00","description":"Os melhores widgets premium para o seu site. Experi\u00eancia sem problemas, apoio premium vital\u00edcio e de instala\u00e7\u00e3o. Adicione plugins \u00fateis.","breadcrumb":{"@id":"https:\/\/elfsight.com\/pt\/widgets\/#breadcrumb"},"inLanguage":"pt-PT","potentialAction":[{"@type":"ReadAction","target":["https:\/\/elfsight.com\/pt\/widgets\/"]}]},{"@type":"BreadcrumbList","@id":"https:\/\/elfsight.com\/pt\/widgets\/#breadcrumb","itemListElement":[{"@type":"ListItem","position":1,"name":"Home","item":"https:\/\/elfsight.com\/pt\/"},{"@type":"ListItem","position":2,"name":"Applications"}]},{"@type":"WebSite","@id":"https:\/\/elfsight.com\/pt\/#website","url":"https:\/\/elfsight.com\/pt\/","name":"Elfsight PT","description":"Just another Elfsight Sites site","potentialAction":[{"@type":"SearchAction","target":{"@type":"EntryPoint","urlTemplate":"https:\/\/elfsight.com\/pt\/?s={search_term_string}"},"query-input":{"@type":"PropertyValueSpecification","valueRequired":true,"valueName":"search_term_string"}}],"inLanguage":"pt-PT"}]}},"meta_box":{"industry":"","seo_heading":"","heading":"","description":"","cta_heading":"","cta_description":"","application":"","h1":"Melhores Widgets de Sites","h1_caption":"Gratuitos e premium: e-commerce, formul\u00e1rios, conte\u00fado e plugins sociais para o seu site.","application_category":[],"applications_title":"Explore os nossos widgets","applications_request_title":"","applications_request_button_text":"","hero_text":"","hero_video":"","hero_video_schema_markup":"","selling_points_title":"","selling_points_caption":"","selling_points":[],"selling_points_cta_text":"","features_title":"","features":"","ed_cta_examples_text":"","ed_cta_examples_hidden":"","ed_cta_demo_text":"","ed_cta_demo_hidden":"","why_caption":"","why_editor_title":"","why_editor_text":"","why_team_title":"","why_team_text":"","why_service_title":"","why_service_text":"","template_catalog_visible":"","template_catalog_title":"","template_catalog_text":"","template_catalog_categories_visible":"","demo_title":"","demo_caption":"","default_faq_hidden":"","app_template_category":[],"platform":"","template_public_id":"","codecanyon_url":"","codecanyon_item_id":"","codecanyon_price":"","pricing_caption":"","pricing_elfsight_apps_hide_column":"","pricing_elfsight_apps_url":"","pricing_codecanyon_price_caption":"","integration_category":[],"integration_request_title":"","integration_request_cta":"","integration_platform":"","integrations":[],"platform_category":[],"video_schema_markup":"","price":"a partir de US$ 0\/m\u00eas","trial":"","benefits":[],"button_url":"#demo","button_target_blank":"","button_nofollow":"","attributes":[],"tags":[],"tags_disable_links":"","hide_more_platforms":"","video_object":"","demo_hide_cta":"","demo_hide_cloud_options":"","pricing_title":"","pricing":[],"related_apps_title":"","related_apps_hidden":"","author":"","image":[],"title":"","job":"","social_networks":[]},"_links":{"self":[{"href":"https:\/\/elfsight.com\/pt\/wp-json\/wp\/v2\/pages\/9","targetHints":{"allow":["GET"]}}],"collection":[{"href":"https:\/\/elfsight.com\/pt\/wp-json\/wp\/v2\/pages"}],"about":[{"href":"https:\/\/elfsight.com\/pt\/wp-json\/wp\/v2\/types\/page"}],"author":[{"embeddable":true,"href":"https:\/\/elfsight.com\/pt\/wp-json\/wp\/v2\/users\/13"}],"replies":[{"embeddable":true,"href":"https:\/\/elfsight.com\/pt\/wp-json\/wp\/v2\/comments?post=9"}],"version-history":[{"count":3,"href":"https:\/\/elfsight.com\/pt\/wp-json\/wp\/v2\/pages\/9\/revisions"}],"predecessor-version":[{"id":12,"href":"https:\/\/elfsight.com\/pt\/wp-json\/wp\/v2\/pages\/9\/revisions\/12"}],"wp:attachment":[{"href":"https:\/\/elfsight.com\/pt\/wp-json\/wp\/v2\/media?parent=9"}],"curies":[{"name":"wp","href":"https:\/\/api.w.org\/{rel}","templated":true}]}}