{"id":8874,"date":"1970-01-01T00:00:00","date_gmt":"1970-01-01T00:00:00","guid":{"rendered":"https:\/\/elfsight.com\/pt\/?page_id=8874"},"modified":"2024-11-12T15:27:30","modified_gmt":"2024-11-12T15:27:30","slug":"jimdo","status":"publish","type":"page","link":"https:\/\/elfsight.com\/pt\/youtube-channel-plugin-yottie\/jimdo\/","title":{"rendered":"YouTube Gallery &#8211; Jimdo"},"content":{"rendered":"<div class=\"application-platform-content-item-description application-platform-content-item\" id=\"description\" data-nav-section=\"description\"><h2>Descri\u00e7\u00e3o<\/h2> <p>O widget da Galeria do YouTube da Elfsight \u00e9 uma ferramenta eficaz para integrar conte\u00fado do YouTube no seu site. Demonstre v\u00eddeos, crie galerias ou exiba canais completos no site para entreter seus visitantes e ajudar a promover sua marca. Mostre tutoriais em v\u00eddeo e fidelize clientes, exiba an\u00e1lises em v\u00eddeo de seus produtos para atrair novos clientes e veja como sua marca se torna cada vez mais popular! <\/p> <p><b>Com a Galeria do YouTube, inicie o crescimento sustent\u00e1vel dos neg\u00f3cios e aumente as vendas <\/b><\/p> <\/div> <div class=\"application-platform-content-item-features application-platform-content-item\" id=\"features\" data-nav-section=\"features\"> <h2>Os principais recursos do widget cont\u00eam<\/h2> <ul><li>M\u00faltiplas fontes com canal do YouTube, URL e grupos de fontes<\/li><li>Elementos de cabe\u00e7alho personaliz\u00e1veis: descri\u00e7\u00e3o, logotipo, banner, nome do canal, contagem de inscritos e visualiza\u00e7\u00f5es, bot\u00e3o de inscri\u00e7\u00e3o, contagem de v\u00eddeos<\/li><li>Personaliza\u00e7\u00e3o de conte\u00fado: colunas e linhas; dire\u00e7\u00e3o horizontal ou vertical; arrastar e pagina\u00e7\u00e3o; 6 efeitos de transi\u00e7\u00e3o; barra de rolagem e modo livre. <\/li><li>Tempo de cache personaliz\u00e1vel<\/li><\/ul><p><a href=\"#demo\">Voc\u00ea pode sentir se o widget \u00e9 para voc\u00ea com a ajuda da demonstra\u00e7\u00e3o<\/a><\/p> <\/div> <div class=\"application-platform-content-item-installation application-platform-content-item\" id=\"installation\" data-nav-section=\"installation\"> <h2>Como incorporar a Galeria de v\u00eddeos do YouTube em meu site Jimdo? <\/h2> <p>Basta seguir as etapas apresentadas abaixo para incorporar o widget. <\/p> <ol><li><b>Abra nossa demonstra\u00e7\u00e3o gratuita e comece a criar seu pr\u00f3prio widget. <\/b><br> Escolha a apar\u00eancia e os par\u00e2metros desejados da ferramenta e salve as edi\u00e7\u00f5es. <\/li> <li><b>Obtenha o c\u00f3digo exclusivo revelado na caixa dos aplicativos Elfsight. <\/b><br> Ap\u00f3s a configura\u00e7\u00e3o do seu widget pessoal, copie o c\u00f3digo pessoal no pop-up exibido e guarde-o para uso posterior. <\/li> <li><b>Comece a aplicar a ferramenta no site Jimdo. <\/b><br> Cole o c\u00f3digo copiado recentemente em sua p\u00e1gina web e aplique as modifica\u00e7\u00f5es. <\/li> <li><b>A instala\u00e7\u00e3o foi realizada com sucesso. <\/b><br> Acesse seu site para ver o desempenho do widget. <\/li><\/ol> <p>Caso voc\u00ea tenha alguma complica\u00e7\u00e3o, sinta-se \u00e0 vontade para entrar em contato com nossa equipe de suporte. Nosso pessoal deseja resolver todas as d\u00favidas que voc\u00ea possa ter com a ferramenta. <\/p> <\/div>","protected":false},"excerpt":{"rendered":"","protected":false},"author":9,"featured_media":0,"parent":415,"menu_order":0,"comment_status":"closed","ping_status":"closed","template":"templates\/template-application-platform.php","meta":{"publish_to_discourse":"","publish_post_category":"","wpdc_auto_publish_overridden":"","wpdc_topic_tags":"","wpdc_pin_topic":"","wpdc_pin_until":"","discourse_post_id":"","discourse_permalink":"","wpdc_publishing_response":"","wpdc_publishing_error":"","footnotes":""},"class_list":["post-8874","page","type-page","status-publish","hentry"],"yoast_head":"<!-- This site is optimized with the Yoast SEO plugin v25.3.1 - https:\/\/yoast.com\/wordpress\/plugins\/seo\/ -->\n<title>Widget do YouTube - Incorporar a galeria de v\u00eddeos do YouTube ao site Jimdo<\/title>\n<meta name=\"description\" content=\"Crie uma galeria de v\u00eddeos do YouTube personalizada para o seu site Jimdo em 3 minutos! Teste o editor gratuito da Elfsight para definir seu pr\u00f3prio widget do YouTube.\" \/>\n<meta name=\"robots\" content=\"index, follow, max-snippet:-1, max-image-preview:large, max-video-preview:-1\" \/>\n<link rel=\"canonical\" href=\"https:\/\/elfsight.com\/pt\/youtube-channel-plugin-yottie\/jimdo\/\" \/>\n<meta property=\"og:locale\" content=\"pt_PT\" \/>\n<meta property=\"og:type\" content=\"article\" \/>\n<meta property=\"og:title\" content=\"Widget do YouTube - Incorporar a galeria de v\u00eddeos do YouTube ao site Jimdo\" \/>\n<meta property=\"og:description\" content=\"Crie uma galeria de v\u00eddeos do YouTube personalizada para o seu site Jimdo em 3 minutos! Teste o editor gratuito da Elfsight para definir seu pr\u00f3prio widget do YouTube.\" \/>\n<meta property=\"og:url\" content=\"https:\/\/elfsight.com\/pt\/youtube-channel-plugin-yottie\/jimdo\/\" \/>\n<meta property=\"og:site_name\" content=\"Elfsight PT\" \/>\n<meta property=\"article:modified_time\" content=\"2024-11-12T15:27:30+00:00\" \/>\n<meta name=\"twitter:card\" content=\"summary_large_image\" \/>\n<meta name=\"twitter:label1\" content=\"Tempo estimado de leitura\" \/>\n\t<meta name=\"twitter:data1\" content=\"2 minutos\" \/>\n<!-- \/ Yoast SEO plugin. -->","yoast_head_json":{"title":"Widget do YouTube - Incorporar a galeria de v\u00eddeos do YouTube ao site Jimdo","description":"Crie uma galeria de v\u00eddeos do YouTube personalizada para o seu site Jimdo em 3 minutos! Teste o editor gratuito da Elfsight para definir seu pr\u00f3prio widget do YouTube.","robots":{"index":"index","follow":"follow","max-snippet":"max-snippet:-1","max-image-preview":"max-image-preview:large","max-video-preview":"max-video-preview:-1"},"canonical":"https:\/\/elfsight.com\/pt\/youtube-channel-plugin-yottie\/jimdo\/","og_locale":"pt_PT","og_type":"article","og_title":"Widget do YouTube - Incorporar a galeria de v\u00eddeos do YouTube ao site Jimdo","og_description":"Crie uma galeria de v\u00eddeos do YouTube personalizada para o seu site Jimdo em 3 minutos! Teste o editor gratuito da Elfsight para definir seu pr\u00f3prio widget do YouTube.","og_url":"https:\/\/elfsight.com\/pt\/youtube-channel-plugin-yottie\/jimdo\/","og_site_name":"Elfsight PT","article_modified_time":"2024-11-12T15:27:30+00:00","twitter_card":"summary_large_image","twitter_misc":{"Tempo estimado de leitura":"2 minutos"},"schema":{"@context":"https:\/\/schema.org","@graph":[{"@type":"WebPage","@id":"https:\/\/elfsight.com\/pt\/youtube-channel-plugin-yottie\/jimdo\/","url":"https:\/\/elfsight.com\/pt\/youtube-channel-plugin-yottie\/jimdo\/","name":"Widget do YouTube - Incorporar a galeria de v\u00eddeos do YouTube ao site Jimdo","isPartOf":{"@id":"https:\/\/elfsight.com\/pt\/#website"},"datePublished":"1970-01-01T00:00:00+00:00","dateModified":"2024-11-12T15:27:30+00:00","description":"Crie uma galeria de v\u00eddeos do YouTube personalizada para o seu site Jimdo em 3 minutos! Teste o editor gratuito da Elfsight para definir seu pr\u00f3prio widget do YouTube.","breadcrumb":{"@id":"https:\/\/elfsight.com\/pt\/youtube-channel-plugin-yottie\/jimdo\/#breadcrumb"},"inLanguage":"pt-PT","potentialAction":[{"@type":"ReadAction","target":["https:\/\/elfsight.com\/pt\/youtube-channel-plugin-yottie\/jimdo\/"]}]},{"@type":"BreadcrumbList","@id":"https:\/\/elfsight.com\/pt\/youtube-channel-plugin-yottie\/jimdo\/#breadcrumb","itemListElement":[{"@type":"ListItem","position":1,"name":"Home","item":"https:\/\/elfsight.com\/pt\/"},{"@type":"ListItem","position":2,"name":"YouTube Gallery","item":"https:\/\/elfsight.com\/pt\/youtube-channel-plugin-yottie\/"},{"@type":"ListItem","position":3,"name":"YouTube Gallery &#8211; Jimdo"}]},{"@type":"WebSite","@id":"https:\/\/elfsight.com\/pt\/#website","url":"https:\/\/elfsight.com\/pt\/","name":"Elfsight PT","description":"Just another Elfsight Sites site","potentialAction":[{"@type":"SearchAction","target":{"@type":"EntryPoint","urlTemplate":"https:\/\/elfsight.com\/pt\/?s={search_term_string}"},"query-input":{"@type":"PropertyValueSpecification","valueRequired":true,"valueName":"search_term_string"}}],"inLanguage":"pt-PT"}]}},"meta_box":{"industry":"","seo_heading":"","heading":"","description":"","cta_heading":"","cta_description":"","application":"408","h1":"Galeria de v\u00eddeos do YouTube para Jimdo","h1_caption":"Aumente o envolvimento em um site apresentando v\u00eddeos interativos","application_category":[],"applications_title":"","applications_request_title":"","applications_request_button_text":"","hero_text":"","hero_video":"","hero_video_schema_markup":"","selling_points_title":"","selling_points_caption":"","selling_points":[],"selling_points_cta_text":"","features_title":"","features":"","ed_cta_examples_text":"","ed_cta_examples_hidden":"","ed_cta_demo_text":"","ed_cta_demo_hidden":"","why_caption":"","why_editor_title":"","why_editor_text":"","why_team_title":"","why_team_text":"","why_service_title":"","why_service_text":"","template_catalog_visible":"","template_catalog_title":"","template_catalog_text":"","template_catalog_categories_visible":"","demo_title":"Crie seu widget da Galeria do YouTube","demo_caption":"Configure sua Galeria do YouTube e adicione-a ao seu site Jimdo gratuitamente!","default_faq_hidden":"","app_template_category":[],"platform":"5393","template_public_id":"","codecanyon_url":"","codecanyon_item_id":"","codecanyon_price":"","pricing_caption":"","pricing_elfsight_apps_hide_column":"","pricing_elfsight_apps_url":"","pricing_codecanyon_price_caption":"","integration_category":[],"integration_request_title":"","integration_request_cta":"","integration_platform":"","integrations":[],"platform_category":[],"video_schema_markup":"","price":"a partir de US$ 0\/m\u00eas","trial":"","benefits":[{"text":"Ajuda de instala\u00e7\u00e3o gratuita"},{"text":"Suporte premium"},{"text":"Garantia de devolu\u00e7\u00e3o do dinheiro em 14 dias"},{"text":"Atualizando constantemente"}],"button_url":"#demo","button_target_blank":"","button_nofollow":"","attributes":[{"name":"Instala\u00e7\u00f5es","content":"100,000 - 500,000"},{"name":"Responsivo","content":"Sim"},{"name":"Navegadores compat\u00edveis","content":"Firefox, Safari, Opera, Chrome, Edge"}],"tags":[],"tags_disable_links":"","hide_more_platforms":"","video_object":"","demo_hide_cta":"","demo_hide_cloud_options":"","pricing_title":"","pricing":[{"pricing_icon":"platform","pricing_title":"Elfsight Apps","pricing_title_caption":"Software independente de plataforma que se adapta a qualquer site","pricing_price":"a partir de US$ 0\/m\u00eas","pricing_price_caption":"comece com plano gratuito","pricing_benefits":[{"text":"Sites ilimitados"},{"text":"Suporte gratuito e pontual"},{"text":"Suporte gratuito e pontual"},{"text":"Design flex\u00edvel"}],"pricing_button_text":"Adicionar ao site","pricing_button_url":"#demo"}],"related_apps_title":"","related_apps_hidden":"","author":"","image":[],"title":"","job":"","social_networks":[]},"_links":{"self":[{"href":"https:\/\/elfsight.com\/pt\/wp-json\/wp\/v2\/pages\/8874","targetHints":{"allow":["GET"]}}],"collection":[{"href":"https:\/\/elfsight.com\/pt\/wp-json\/wp\/v2\/pages"}],"about":[{"href":"https:\/\/elfsight.com\/pt\/wp-json\/wp\/v2\/types\/page"}],"author":[{"embeddable":true,"href":"https:\/\/elfsight.com\/pt\/wp-json\/wp\/v2\/users\/9"}],"replies":[{"embeddable":true,"href":"https:\/\/elfsight.com\/pt\/wp-json\/wp\/v2\/comments?post=8874"}],"version-history":[{"count":1,"href":"https:\/\/elfsight.com\/pt\/wp-json\/wp\/v2\/pages\/8874\/revisions"}],"predecessor-version":[{"id":8878,"href":"https:\/\/elfsight.com\/pt\/wp-json\/wp\/v2\/pages\/8874\/revisions\/8878"}],"up":[{"embeddable":true,"href":"https:\/\/elfsight.com\/pt\/wp-json\/wp\/v2\/pages\/415"}],"wp:attachment":[{"href":"https:\/\/elfsight.com\/pt\/wp-json\/wp\/v2\/media?parent=8874"}],"curies":[{"name":"wp","href":"https:\/\/api.w.org\/{rel}","templated":true}]}}