{"id":8872,"date":"1970-01-01T00:00:00","date_gmt":"1970-01-01T00:00:00","guid":{"rendered":"https:\/\/elfsight.com\/pt\/?page_id=8872"},"modified":"2024-11-13T12:07:46","modified_gmt":"2024-11-13T12:07:46","slug":"blogger","status":"publish","type":"page","link":"https:\/\/elfsight.com\/pt\/yelp-reviews-widget\/blogger\/","title":{"rendered":"Yelp Reviews &#8211; Blogger"},"content":{"rendered":"<div class=\"application-platform-content-item-description application-platform-content-item\" id=\"description\" data-nav-section=\"description\"> <h2>Descri\u00e7\u00e3o<\/h2> <p>Se voc\u00ea deseja demonstrar sua alta classifica\u00e7\u00e3o e convencer os visitantes do site de que seus produtos ou servi\u00e7os t\u00eam um bom valor dinheiro, o widget Elfsight Yelp Reviews ser\u00e1 a solu\u00e7\u00e3o. Com a ajuda do nosso widget, voc\u00ea colocar\u00e1 rapidamente avalia\u00e7\u00f5es de clientes do Yelp em seu site com informa\u00e7\u00f5es sobre seus autores, usar\u00e1 filtros para revelar apenas os melhores, mostrar\u00e1 avalia\u00e7\u00f5es e um bot\u00e3o ativo que levar\u00e1 as pessoas \u00e0 sua conta do Yelp, onde poder\u00e3o adicione mais uma avalia\u00e7\u00e3o. <\/p><div class=\"faq\" data-component=\"FAQ\"> <div class=\"faq-item\">\r\n\t\t\t\t\t<div class=\"faq-item-question\">\r\n\t\t\t\t\t\t<h3 class=\"faq-item-question-text\">Onde posso inserir este plugin<\/h3>\r\n\r\n\t\t\t\t\t\t<div class=\"faq-item-question-icon\"><\/div>\r\n\t\t\t\t\t<\/div>\r\n\r\n\t\t\t\t\t<div class=\"faq-item-answer\">\r\n\t\t\t\t\t\t<div class=\"faq-item-answer-text\"> <p>Voc\u00ea \u00e9 livre para inserir o widget de revis\u00e3o em qualquer p\u00e1gina do site, ou adicion\u00e1-lo ao modelo do site, neste caso ele aparecer\u00e1 em todas as p\u00e1ginas. As avalia\u00e7\u00f5es far\u00e3o um bom trabalho nas p\u00e1ginas de produtos ou na p\u00e1gina Sobre n\u00f3s, onde voc\u00ea deseja comprovar sua alta avalia\u00e7\u00e3o. <\/p><\/div>\r\n\t\t\t\t\t<\/div>\r\n\t\t\t\t<\/div> <div class=\"faq-item\">\r\n\t\t\t\t\t<div class=\"faq-item-question\">\r\n\t\t\t\t\t\t<h3 class=\"faq-item-question-text\">Quais s\u00e3o os benef\u00edcios de ter o widget Avalia\u00e7\u00f5es para mim?<\/h3>\r\n\r\n\t\t\t\t\t\t<div class=\"faq-item-question-icon\"><\/div>\r\n\t\t\t\t\t<\/div>\r\n\r\n\t\t\t\t\t<div class=\"faq-item-answer\">\r\n\t\t\t\t\t\t<div class=\"faq-item-answer-text\"> <p>Avalia\u00e7\u00f5es de pessoas reais s\u00e3o extremamente confi\u00e1veis \u200b\u200bpara os clientes do seu site e significam para eles que sua empresa \u00e9 confi\u00e1vel parceiro. Avalia\u00e7\u00f5es altas e boas cr\u00edticas podem ajudar a fortalecer o n\u00edvel de compras em seu site. Al\u00e9m disso, o bot\u00e3o de redirecionamento pode contribuir para ter mais avalia\u00e7\u00f5es de clientes sobre suas ofertas ou servi\u00e7os no Yelp.<\/p> <\/div>\r\n\t\t\t\t\t<\/div>\r\n\t\t\t\t<\/div> <div class=\"faq-item\">\r\n\t\t\t\t\t<div class=\"faq-item-question\">\r\n\t\t\t\t\t\t<h3 class=\"faq-item-question-text\">Como fa\u00e7o para incorporar o widget Avalia\u00e7\u00f5es em meu site do Blogger?<\/h3>\r\n\r\n\t\t\t\t\t\t<div class=\"faq-item-question-icon\"><\/div>\r\n\t\t\t\t\t<\/div>\r\n\r\n\t\t\t\t\t<div class=\"faq-item-answer\">\r\n\t\t\t\t\t\t<div class=\"faq-item-answer-text\"> <p>Isso ir\u00e1 reserve um minuto para come\u00e7ar a usar o widget. Adicion\u00e1-lo \u00e9 muito r\u00e1pido, gratuito e sem codifica\u00e7\u00e3o.<\/p> <p>Voc\u00ea pode integrar o widget Avalia\u00e7\u00f5es ao seu site em nosso servi\u00e7o. Para isso, voc\u00ea precisa seguir as instru\u00e7\u00f5es a seguir nesta p\u00e1gina.<\/p><\/div>\r\n\t\t\t\t\t<\/div>\r\n\t\t\t\t<\/div> <\/div> <\/div> <div class=\"application-platform-content-item-features application-platform-content-item\" id=\"features\" data-nav-section=\"features\"> <h2>Recursos<\/h2> <p>Para moldar uma compreens\u00e3o mais clara do widget, descobrir a lista das fun\u00e7\u00f5es mais importantes. Eles tornam nosso widget realmente eficaz para sua loja: <\/p> <ul> <li>Tr\u00eas filtros dispon\u00edveis: por tipo, para excluir por palavras-chave e quantidade de avalia\u00e7\u00f5es para exibi\u00e7\u00e3o;<\/li> <li>Quatro op\u00e7\u00f5es de layouts : Lista, Grade, Alvenaria e Slider;<\/li> <li>Uma oportunidade de mostrar ou ocultar o cabe\u00e7alho do widget;<\/li> <li>O bot\u00e3o para solicitar uma revis\u00e3o leva os clientes \u00e0 p\u00e1gina do Yelp;<\/li> <li>6 elementos flex\u00edveis do widget: nome do autor e foto, recomenda\u00e7\u00e3o, data da postagem, \u00edcone do Yelp e classifica\u00e7\u00e3o por estrelas;<\/li> <li>Duas alternativas de cen\u00e1rios de nega\u00e7\u00e3o de solicita\u00e7\u00e3o de revis\u00e3o: mostre uma mensagem de texto ou oculte o bot\u00e3o.<\/li> <\/ul><p><a href=\"#demo\">Aprenda todos os recursos em nossa demonstra\u00e7\u00e3o<\/a><\/p> <\/div> <div class=\"application-platform-content-item-installation application-platform-content-item\" id=\"installation\" data-nav-section=\"installation\"> <h2>Veja como adicionar as Avalia\u00e7\u00f5es do Yelp ao seu site do Blogger. \u00c9 descomplicado e r\u00e1pido.<\/h2><div class=\"video-container\"><iframe width=\"720\" height=\"405\" src=\"https:\/\/www.youtube.com\/embed\/QoH9IYWhXPA\" frameborder=\"0\" allowfullscreen=\"\"><\/iframe><\/div><p> Algumas a\u00e7\u00f5es simples s\u00e3o a \u00fanica coisa que voc\u00ea precisa para configurar o widget Avalia\u00e7\u00f5es em seu site. Levar\u00e1 um minuto e n\u00e3o requer codifica\u00e7\u00e3o.<\/p> <ul><li><b>Gere seu widget personalizado<\/b><br> Gerenciando nosso editor gratuito, obtenha um plugin com uma composi\u00e7\u00e3o preferida e fun\u00e7\u00f5es. <\/li><li><b>Receba o c\u00f3digo individual para exibir o widget<\/b><br> Depois de configurar o seu widget, voc\u00ea adquirir\u00e1 o c\u00f3digo individual da notifica\u00e7\u00e3o exibida nos aplicativos Elfsight. Copie. <\/li> <li><b>Incorpore o widget em seu site<\/b><br> Encontre a \u00e1rea onde voc\u00ea planeja mostrar o widget e adicione o c\u00f3digo salvo l\u00e1. Salve as altera\u00e7\u00f5es. <\/li> <li><b>Terminou!<\/b><br> Entre no site para ver suas avalia\u00e7\u00f5es.<\/li> <\/ul><p>Ainda indeciso? Ou enfrentando problemas? Apenas uma \u00fanica solicita\u00e7\u00e3o \u00e0 nossa equipe de suporte resolver\u00e1 todos os problemas.<\/p> <\/div>","protected":false},"excerpt":{"rendered":"","protected":false},"author":9,"featured_media":0,"parent":1000,"menu_order":0,"comment_status":"closed","ping_status":"closed","template":"templates\/template-application-platform.php","meta":{"publish_to_discourse":"","publish_post_category":"","wpdc_auto_publish_overridden":"","wpdc_topic_tags":"","wpdc_pin_topic":"","wpdc_pin_until":"","discourse_post_id":"","discourse_permalink":"","wpdc_publishing_response":"","wpdc_publishing_error":"","footnotes":""},"class_list":["post-8872","page","type-page","status-publish","hentry"],"yoast_head":"<!-- This site is optimized with the Yoast SEO plugin v25.3.1 - https:\/\/yoast.com\/wordpress\/plugins\/seo\/ -->\n<title>Adicione o widget Yelp Reviews ao seu site do Blogger (em 2 minutos)<\/title>\n<meta name=\"description\" content=\"Esta \u00e9 uma oportunidade de criar um widget personalizado de avalia\u00e7\u00f5es do Yelp e exibi-lo no site do Blogger. Obtenha suporte gratuito ao cliente e outros b\u00f4nus da Elfsight.\" \/>\n<meta name=\"robots\" content=\"index, follow, max-snippet:-1, max-image-preview:large, max-video-preview:-1\" \/>\n<link rel=\"canonical\" href=\"https:\/\/elfsight.com\/pt\/yelp-reviews-widget\/blogger\/\" \/>\n<meta property=\"og:locale\" content=\"pt_PT\" \/>\n<meta property=\"og:type\" content=\"article\" \/>\n<meta property=\"og:title\" content=\"Adicione o widget Yelp Reviews ao seu site do Blogger (em 2 minutos)\" \/>\n<meta property=\"og:description\" content=\"Esta \u00e9 uma oportunidade de criar um widget personalizado de avalia\u00e7\u00f5es do Yelp e exibi-lo no site do Blogger. Obtenha suporte gratuito ao cliente e outros b\u00f4nus da Elfsight.\" \/>\n<meta property=\"og:url\" content=\"https:\/\/elfsight.com\/pt\/yelp-reviews-widget\/blogger\/\" \/>\n<meta property=\"og:site_name\" content=\"Elfsight PT\" \/>\n<meta property=\"article:modified_time\" content=\"2024-11-13T12:07:46+00:00\" \/>\n<meta name=\"twitter:card\" content=\"summary_large_image\" \/>\n<meta name=\"twitter:label1\" content=\"Tempo estimado de leitura\" \/>\n\t<meta name=\"twitter:data1\" content=\"3 minutos\" \/>\n<!-- \/ Yoast SEO plugin. -->","yoast_head_json":{"title":"Adicione o widget Yelp Reviews ao seu site do Blogger (em 2 minutos)","description":"Esta \u00e9 uma oportunidade de criar um widget personalizado de avalia\u00e7\u00f5es do Yelp e exibi-lo no site do Blogger. Obtenha suporte gratuito ao cliente e outros b\u00f4nus da Elfsight.","robots":{"index":"index","follow":"follow","max-snippet":"max-snippet:-1","max-image-preview":"max-image-preview:large","max-video-preview":"max-video-preview:-1"},"canonical":"https:\/\/elfsight.com\/pt\/yelp-reviews-widget\/blogger\/","og_locale":"pt_PT","og_type":"article","og_title":"Adicione o widget Yelp Reviews ao seu site do Blogger (em 2 minutos)","og_description":"Esta \u00e9 uma oportunidade de criar um widget personalizado de avalia\u00e7\u00f5es do Yelp e exibi-lo no site do Blogger. Obtenha suporte gratuito ao cliente e outros b\u00f4nus da Elfsight.","og_url":"https:\/\/elfsight.com\/pt\/yelp-reviews-widget\/blogger\/","og_site_name":"Elfsight PT","article_modified_time":"2024-11-13T12:07:46+00:00","twitter_card":"summary_large_image","twitter_misc":{"Tempo estimado de leitura":"3 minutos"},"schema":{"@context":"https:\/\/schema.org","@graph":[{"@type":"WebPage","@id":"https:\/\/elfsight.com\/pt\/yelp-reviews-widget\/blogger\/","url":"https:\/\/elfsight.com\/pt\/yelp-reviews-widget\/blogger\/","name":"Adicione o widget Yelp Reviews ao seu site do Blogger (em 2 minutos)","isPartOf":{"@id":"https:\/\/elfsight.com\/pt\/#website"},"datePublished":"1970-01-01T00:00:00+00:00","dateModified":"2024-11-13T12:07:46+00:00","description":"Esta \u00e9 uma oportunidade de criar um widget personalizado de avalia\u00e7\u00f5es do Yelp e exibi-lo no site do Blogger. Obtenha suporte gratuito ao cliente e outros b\u00f4nus da Elfsight.","breadcrumb":{"@id":"https:\/\/elfsight.com\/pt\/yelp-reviews-widget\/blogger\/#breadcrumb"},"inLanguage":"pt-PT","potentialAction":[{"@type":"ReadAction","target":["https:\/\/elfsight.com\/pt\/yelp-reviews-widget\/blogger\/"]}]},{"@type":"BreadcrumbList","@id":"https:\/\/elfsight.com\/pt\/yelp-reviews-widget\/blogger\/#breadcrumb","itemListElement":[{"@type":"ListItem","position":1,"name":"Home","item":"https:\/\/elfsight.com\/pt\/"},{"@type":"ListItem","position":2,"name":"Yelp Reviews","item":"https:\/\/elfsight.com\/pt\/yelp-reviews-widget\/"},{"@type":"ListItem","position":3,"name":"Yelp Reviews &#8211; Blogger"}]},{"@type":"WebSite","@id":"https:\/\/elfsight.com\/pt\/#website","url":"https:\/\/elfsight.com\/pt\/","name":"Elfsight PT","description":"Just another Elfsight Sites site","potentialAction":[{"@type":"SearchAction","target":{"@type":"EntryPoint","urlTemplate":"https:\/\/elfsight.com\/pt\/?s={search_term_string}"},"query-input":{"@type":"PropertyValueSpecification","valueRequired":true,"valueName":"search_term_string"}}],"inLanguage":"pt-PT"}]}},"meta_box":{"industry":"","seo_heading":"","heading":"","description":"","cta_heading":"","cta_description":"","application":"999","h1":"Widget de avalia\u00e7\u00f5es do Yelp do Blogger","h1_caption":"Mostre as avalia\u00e7\u00f5es de clientes mais atraentes do Yelp em seu site","application_category":[],"applications_title":"","applications_request_title":"","applications_request_button_text":"","hero_text":"","hero_video":"","hero_video_schema_markup":"","selling_points_title":"","selling_points_caption":"","selling_points":[],"selling_points_cta_text":"","features_title":"","features":"","ed_cta_examples_text":"","ed_cta_examples_hidden":"","ed_cta_demo_text":"","ed_cta_demo_hidden":"","why_caption":"","why_editor_title":"","why_editor_text":"","why_team_title":"","why_team_text":"","why_service_title":"","why_service_text":"","template_catalog_visible":"","template_catalog_title":"","template_catalog_text":"","template_catalog_categories_visible":"","demo_title":"Crie seu widget de avalia\u00e7\u00f5es do Yelp","demo_caption":"Configure suas avalia\u00e7\u00f5es do Yelp e adicione-as ao site do Blogger gratuitamente!","default_faq_hidden":"","app_template_category":[],"platform":"46","template_public_id":"","codecanyon_url":"","codecanyon_item_id":"","codecanyon_price":"","pricing_caption":"","pricing_elfsight_apps_hide_column":"","pricing_elfsight_apps_url":"","pricing_codecanyon_price_caption":"","integration_category":[],"integration_request_title":"","integration_request_cta":"","integration_platform":"","integrations":[],"platform_category":[],"video_schema_markup":"","price":"a partir de US$ 0\/m\u00eas","trial":"","benefits":[{"text":"Servi\u00e7o de instala\u00e7\u00e3o gratuito"},{"text":"Suporte excepcional"},{"text":"Garantia de reembolso de 14 dias"},{"text":"Atualiza\u00e7\u00f5es regulares"}],"button_url":"#demo","button_target_blank":"","button_nofollow":"","attributes":[{"name":"Instala\u00e7\u00f5es","content":"10,000 - 100,000"},{"name":"Responsivo","content":"Sim"},{"name":"Navegadores compat\u00edveis","content":"Firefox, Safari, Opera, Chrome, Edge"}],"tags":[],"tags_disable_links":"","hide_more_platforms":"","video_object":"","demo_hide_cta":"","demo_hide_cloud_options":"","pricing_title":"","pricing":[{"pricing_icon":"platform","pricing_title":"Elfsight Apps","pricing_title_caption":"Vers\u00e3o multiplataforma que funciona em qualquer site","pricing_price":"a partir de US$ 0\/m\u00eas","pricing_price_caption":"comece com um plano gratuito","pricing_benefits":[{"text":"Sites ilimitados"},{"text":"Suporte profissional e pontual e bem documentado"},{"text":"Suporte profissional e pontual e bem documentado"},{"text":"Totalmente personaliz\u00e1vel"}],"pricing_button_text":"Adicionar ao site","pricing_button_url":"#demo"}],"related_apps_title":"","related_apps_hidden":"","author":"","image":[],"title":"","job":"","social_networks":[]},"_links":{"self":[{"href":"https:\/\/elfsight.com\/pt\/wp-json\/wp\/v2\/pages\/8872","targetHints":{"allow":["GET"]}}],"collection":[{"href":"https:\/\/elfsight.com\/pt\/wp-json\/wp\/v2\/pages"}],"about":[{"href":"https:\/\/elfsight.com\/pt\/wp-json\/wp\/v2\/types\/page"}],"author":[{"embeddable":true,"href":"https:\/\/elfsight.com\/pt\/wp-json\/wp\/v2\/users\/9"}],"replies":[{"embeddable":true,"href":"https:\/\/elfsight.com\/pt\/wp-json\/wp\/v2\/comments?post=8872"}],"version-history":[{"count":2,"href":"https:\/\/elfsight.com\/pt\/wp-json\/wp\/v2\/pages\/8872\/revisions"}],"predecessor-version":[{"id":12428,"href":"https:\/\/elfsight.com\/pt\/wp-json\/wp\/v2\/pages\/8872\/revisions\/12428"}],"up":[{"embeddable":true,"href":"https:\/\/elfsight.com\/pt\/wp-json\/wp\/v2\/pages\/1000"}],"wp:attachment":[{"href":"https:\/\/elfsight.com\/pt\/wp-json\/wp\/v2\/media?parent=8872"}],"curies":[{"name":"wp","href":"https:\/\/api.w.org\/{rel}","templated":true}]}}