{"id":8866,"date":"1970-01-01T00:00:00","date_gmt":"1970-01-01T00:00:00","guid":{"rendered":"https:\/\/elfsight.com\/pt\/?page_id=8866"},"modified":"2024-11-13T12:07:38","modified_gmt":"2024-11-13T12:07:38","slug":"html","status":"publish","type":"page","link":"https:\/\/elfsight.com\/pt\/yelp-reviews-widget\/html\/","title":{"rendered":"Yelp Reviews &#8211; HTML"},"content":{"rendered":"<div class=\"application-platform-content-item-description application-platform-content-item\" id=\"description\" data-nav-section=\"description\"> <h2>Descri\u00e7\u00e3o<\/h2> <p>Se voc\u00ea gostaria de mostrar sua alta avalia\u00e7\u00e3o pelos usu\u00e1rios e convencer os visitantes do site de que vale a pena gastar suas ofertas dinheiro, o Elfsight Yelp Reviews \u00e9 ideal para voc\u00ea. Com esta ferramenta, voc\u00ea pode demonstrar avalia\u00e7\u00f5es de clientes do Yelp em seu site com informa\u00e7\u00f5es sobre seus autores, classific\u00e1-las para mostrar apenas as boas, adicionar classifica\u00e7\u00f5es e um bot\u00e3o de redirecionamento que levar\u00e1 os usu\u00e1rios \u00e0 sua p\u00e1gina do Yelp, para que eles possam escrever um nova revis\u00e3o. <\/p><div class=\"faq\" data-component=\"FAQ\"> <div class=\"faq-item\">\r\n\t\t\t\t\t<div class=\"faq-item-question\">\r\n\t\t\t\t\t\t<h3 class=\"faq-item-question-text\">Onde posso instalar este plugin<\/h3>\r\n\r\n\t\t\t\t\t\t<div class=\"faq-item-question-icon\"><\/div>\r\n\t\t\t\t\t<\/div>\r\n\r\n\t\t\t\t\t<div class=\"faq-item-answer\">\r\n\t\t\t\t\t\t<div class=\"faq-item-answer-text\"> <p>Voc\u00ea pode colar o widget em qualquer p\u00e1gina do seu site, ou coloc\u00e1-lo no modelo do site, para que ele seja exibido em todos P\u00e1ginas. As avalia\u00e7\u00f5es podem ser eficazes nas p\u00e1ginas de produtos ou na p\u00e1gina Sobre n\u00f3s, os locais onde voc\u00ea deseja demonstrar sua alta classifica\u00e7\u00e3o. <\/p><\/div>\r\n\t\t\t\t\t<\/div>\r\n\t\t\t\t<\/div> <div class=\"faq-item\">\r\n\t\t\t\t\t<div class=\"faq-item-question\">\r\n\t\t\t\t\t\t<h3 class=\"faq-item-question-text\">Como eu me beneficiaria com este plug-in? <\/h3>\r\n\r\n\t\t\t\t\t\t<div class=\"faq-item-question-icon\"><\/div>\r\n\t\t\t\t\t<\/div>\r\n\r\n\t\t\t\t\t<div class=\"faq-item-answer\">\r\n\t\t\t\t\t\t<div class=\"faq-item-answer-text\"> <p>Avalia\u00e7\u00f5es de pessoas reais s\u00e3o extremamente confi\u00e1veis \u200b\u200bpara os usu\u00e1rios do seu site e mostram a eles que sua empresa \u00e9 confi\u00e1vel. Avalia\u00e7\u00f5es altas e avalia\u00e7\u00f5es positivas podem ajudar a aumentar as compras em seu site. Mais do que isso, o bot\u00e3o de redirecionamento contribuir\u00e1 para ter mais avalia\u00e7\u00f5es de clientes relacionadas ao seu neg\u00f3cio no Yelp. <\/p> <\/div>\r\n\t\t\t\t\t<\/div>\r\n\t\t\t\t<\/div> <div class=\"faq-item\">\r\n\t\t\t\t\t<div class=\"faq-item-question\">\r\n\t\t\t\t\t\t<h3 class=\"faq-item-question-text\">O que preciso para incorporar o widget Avalia\u00e7\u00f5es do Yelp ao meu site HTML? <\/h3>\r\n\r\n\t\t\t\t\t\t<div class=\"faq-item-question-icon\"><\/div>\r\n\t\t\t\t\t<\/div>\r\n\r\n\t\t\t\t\t<div class=\"faq-item-answer\">\r\n\t\t\t\t\t\t<div class=\"faq-item-answer-text\"> <p>Leva alguns minutos para come\u00e7ar a usar o widget. A instala\u00e7\u00e3o \u00e9 muito r\u00e1pida, gratuita e sem codifica\u00e7\u00e3o. <\/p> <p>Voc\u00ea pode introduzir o widget em seu site atrav\u00e9s do nosso servi\u00e7o. Para isso, confira uma breve descri\u00e7\u00e3o nesta p\u00e1gina. <\/p><\/div>\r\n\t\t\t\t\t<\/div>\r\n\t\t\t\t<\/div> <\/div> <\/div> <div class=\"application-platform-content-item-features application-platform-content-item\" id=\"features\" data-nav-section=\"features\"> <h2>Recursos<\/h2> <p>Para ter uma ideia completa do widget, voc\u00ea pode estudar o lista de suas principais fun\u00e7\u00f5es. Eles tornam este widget extremamente eficiente para o seu neg\u00f3cio: <\/p> <ul> <li>Tr\u00eas filtros predefinidos: por tipo, exclus\u00e3o por e quantidade de avalia\u00e7\u00f5es a serem exibidas; <\/li> <li>Quatro layouts predefinidos: Lista, Grade, Alvenaria e Slider; <\/li> <li>Uma op\u00e7\u00e3o para controlar a exibi\u00e7\u00e3o do cabe\u00e7alho do widget; <\/li> <li>O bot\u00e3o para solicitar uma revis\u00e3o direciona as pessoas para a p\u00e1gina do Yelp; <\/li> <li>Seis elementos flex\u00edveis das resenhas: nome e foto do autor, texto de recomenda\u00e7\u00e3o, data, \u00edcone do Yelp e classifica\u00e7\u00e3o por estrelas; <\/li> <li>Duas op\u00e7\u00f5es de cen\u00e1rios ap\u00f3s a nega\u00e7\u00e3o da solicita\u00e7\u00e3o de revis\u00e3o: demonstrar uma mensagem personalizada ou remover o bot\u00e3o. <\/li> <\/ul><p><a href=\"#demo\">Nossa demonstra\u00e7\u00e3o abrir\u00e1 mais recursos para voc\u00ea<\/a><\/p> <\/div> <div class=\"application-platform-content-item-installation application-platform-content-item\" id=\"installation\" data-nav-section=\"installation\"> <h2>Aprenda como configurar o Yelp Reviews em seu site HTML. \u00c9 incrivelmente f\u00e1cil<\/h2><div class=\"video-container\"><iframe width=\"720\" height=\"405\" src=\"https:\/\/www.youtube.com\/embed\/sQ6JiiAwT2g\" frameborder=\"0\" allowfullscreen=\"\"><\/iframe><\/div><p>As etapas abaixo s\u00e3o a \u00fanica coisa que voc\u00ea precisa fazer para adicionar o widget. <\/p> <ul><li><b>Gere seu widget Yelp personalizado<\/b><br> Gerenciando nosso editor gratuito, gere um plugin com design e funcionalidade preferidos. <\/li><li><b>Copie o c\u00f3digo individual para publicar o widget<\/b><br> Depois de personalizar o seu widget, voc\u00ea obter\u00e1 o c\u00f3digo individual na janela pop-up nos aplicativos Elfsight. Copie-o para uso posterior. <\/li> <li><b>Integre o widget ao seu site<\/b><br> Escolha a \u00e1rea onde deseja mostrar o widget e adicione o c\u00f3digo copiado l\u00e1. Aplique as altera\u00e7\u00f5es. <\/li> <li><b>A configura\u00e7\u00e3o foi bem-sucedida! <\/b><br> Entre na p\u00e1gina da web para ver seus coment\u00e1rios. <\/li> <\/ul><p>Ainda n\u00e3o consegue se decidir? Ou trope\u00e7ou em alguma coisa? Basta enviar uma solicita\u00e7\u00e3o ao nosso departamento de suporte ao cliente, n\u00f3s ajudaremos em todos os problemas. <\/p> <\/div>","protected":false},"excerpt":{"rendered":"","protected":false},"author":9,"featured_media":0,"parent":1000,"menu_order":0,"comment_status":"closed","ping_status":"closed","template":"templates\/template-application-platform.php","meta":{"publish_to_discourse":"","publish_post_category":"","wpdc_auto_publish_overridden":"","wpdc_topic_tags":"","wpdc_pin_topic":"","wpdc_pin_until":"","discourse_post_id":"","discourse_permalink":"","wpdc_publishing_response":"","wpdc_publishing_error":"","footnotes":""},"class_list":["post-8866","page","type-page","status-publish","hentry"],"yoast_head":"<!-- This site is optimized with the Yoast SEO plugin v25.3.1 - https:\/\/yoast.com\/wordpress\/plugins\/seo\/ -->\n<title>Adicione o widget Yelp Reviews ao seu site HTML (r\u00e1pido e f\u00e1cil)<\/title>\n<meta name=\"description\" content=\"Esta \u00e9 uma chance de criar um widget eficaz de avalia\u00e7\u00f5es do Yelp e incorpor\u00e1-lo ao seu site HTML. Aproveite o atendimento gratuito ao cliente e outras vantagens da Elfsight.\" \/>\n<meta name=\"robots\" content=\"index, follow, max-snippet:-1, max-image-preview:large, max-video-preview:-1\" \/>\n<link rel=\"canonical\" href=\"https:\/\/elfsight.com\/pt\/yelp-reviews-widget\/html\/\" \/>\n<meta property=\"og:locale\" content=\"pt_PT\" \/>\n<meta property=\"og:type\" content=\"article\" \/>\n<meta property=\"og:title\" content=\"Adicione o widget Yelp Reviews ao seu site HTML (r\u00e1pido e f\u00e1cil)\" \/>\n<meta property=\"og:description\" content=\"Esta \u00e9 uma chance de criar um widget eficaz de avalia\u00e7\u00f5es do Yelp e incorpor\u00e1-lo ao seu site HTML. Aproveite o atendimento gratuito ao cliente e outras vantagens da Elfsight.\" \/>\n<meta property=\"og:url\" content=\"https:\/\/elfsight.com\/pt\/yelp-reviews-widget\/html\/\" \/>\n<meta property=\"og:site_name\" content=\"Elfsight PT\" \/>\n<meta property=\"article:modified_time\" content=\"2024-11-13T12:07:38+00:00\" \/>\n<meta name=\"twitter:card\" content=\"summary_large_image\" \/>\n<meta name=\"twitter:label1\" content=\"Tempo estimado de leitura\" \/>\n\t<meta name=\"twitter:data1\" content=\"3 minutos\" \/>\n<!-- \/ Yoast SEO plugin. -->","yoast_head_json":{"title":"Adicione o widget Yelp Reviews ao seu site HTML (r\u00e1pido e f\u00e1cil)","description":"Esta \u00e9 uma chance de criar um widget eficaz de avalia\u00e7\u00f5es do Yelp e incorpor\u00e1-lo ao seu site HTML. Aproveite o atendimento gratuito ao cliente e outras vantagens da Elfsight.","robots":{"index":"index","follow":"follow","max-snippet":"max-snippet:-1","max-image-preview":"max-image-preview:large","max-video-preview":"max-video-preview:-1"},"canonical":"https:\/\/elfsight.com\/pt\/yelp-reviews-widget\/html\/","og_locale":"pt_PT","og_type":"article","og_title":"Adicione o widget Yelp Reviews ao seu site HTML (r\u00e1pido e f\u00e1cil)","og_description":"Esta \u00e9 uma chance de criar um widget eficaz de avalia\u00e7\u00f5es do Yelp e incorpor\u00e1-lo ao seu site HTML. Aproveite o atendimento gratuito ao cliente e outras vantagens da Elfsight.","og_url":"https:\/\/elfsight.com\/pt\/yelp-reviews-widget\/html\/","og_site_name":"Elfsight PT","article_modified_time":"2024-11-13T12:07:38+00:00","twitter_card":"summary_large_image","twitter_misc":{"Tempo estimado de leitura":"3 minutos"},"schema":{"@context":"https:\/\/schema.org","@graph":[{"@type":"WebPage","@id":"https:\/\/elfsight.com\/pt\/yelp-reviews-widget\/html\/","url":"https:\/\/elfsight.com\/pt\/yelp-reviews-widget\/html\/","name":"Adicione o widget Yelp Reviews ao seu site HTML (r\u00e1pido e f\u00e1cil)","isPartOf":{"@id":"https:\/\/elfsight.com\/pt\/#website"},"datePublished":"1970-01-01T00:00:00+00:00","dateModified":"2024-11-13T12:07:38+00:00","description":"Esta \u00e9 uma chance de criar um widget eficaz de avalia\u00e7\u00f5es do Yelp e incorpor\u00e1-lo ao seu site HTML. Aproveite o atendimento gratuito ao cliente e outras vantagens da Elfsight.","breadcrumb":{"@id":"https:\/\/elfsight.com\/pt\/yelp-reviews-widget\/html\/#breadcrumb"},"inLanguage":"pt-PT","potentialAction":[{"@type":"ReadAction","target":["https:\/\/elfsight.com\/pt\/yelp-reviews-widget\/html\/"]}]},{"@type":"BreadcrumbList","@id":"https:\/\/elfsight.com\/pt\/yelp-reviews-widget\/html\/#breadcrumb","itemListElement":[{"@type":"ListItem","position":1,"name":"Home","item":"https:\/\/elfsight.com\/pt\/"},{"@type":"ListItem","position":2,"name":"Yelp Reviews","item":"https:\/\/elfsight.com\/pt\/yelp-reviews-widget\/"},{"@type":"ListItem","position":3,"name":"Yelp Reviews &#8211; HTML"}]},{"@type":"WebSite","@id":"https:\/\/elfsight.com\/pt\/#website","url":"https:\/\/elfsight.com\/pt\/","name":"Elfsight PT","description":"Just another Elfsight Sites site","potentialAction":[{"@type":"SearchAction","target":{"@type":"EntryPoint","urlTemplate":"https:\/\/elfsight.com\/pt\/?s={search_term_string}"},"query-input":{"@type":"PropertyValueSpecification","valueRequired":true,"valueName":"search_term_string"}}],"inLanguage":"pt-PT"}]}},"meta_box":{"industry":"","seo_heading":"","heading":"","description":"","cta_heading":"","cta_description":"","application":"999","h1":"Widget HTML de avalia\u00e7\u00f5es do Yelp","h1_caption":"Incorpore as melhores postagens com opini\u00f5es de clientes do Yelp em seu site","application_category":[],"applications_title":"","applications_request_title":"","applications_request_button_text":"","hero_text":"","hero_video":"","hero_video_schema_markup":"","selling_points_title":"","selling_points_caption":"","selling_points":[],"selling_points_cta_text":"","features_title":"","features":"","ed_cta_examples_text":"","ed_cta_examples_hidden":"","ed_cta_demo_text":"","ed_cta_demo_hidden":"","why_caption":"","why_editor_title":"","why_editor_text":"","why_team_title":"","why_team_text":"","why_service_title":"","why_service_text":"","template_catalog_visible":"","template_catalog_title":"","template_catalog_text":"","template_catalog_categories_visible":"","demo_title":"Crie seu widget de avalia\u00e7\u00f5es do Yelp","demo_caption":"Configure suas avalia\u00e7\u00f5es do Yelp e adicione-as ao seu site HTML gratuitamente!","default_faq_hidden":"","app_template_category":[],"platform":"49","template_public_id":"","codecanyon_url":"","codecanyon_item_id":"","codecanyon_price":"","pricing_caption":"","pricing_elfsight_apps_hide_column":"","pricing_elfsight_apps_url":"","pricing_codecanyon_price_caption":"","integration_category":[],"integration_request_title":"","integration_request_cta":"","integration_platform":"","integrations":[],"platform_category":[],"video_schema_markup":"","price":"a partir de US$ 0\/m\u00eas","trial":"","benefits":[{"text":"Servi\u00e7o de instala\u00e7\u00e3o gratuito"},{"text":"Suporte profissional ao cliente"},{"text":"Garantia de devolu\u00e7\u00e3o do dinheiro em 14 dias"},{"text":"Futuras atualiza\u00e7\u00f5es gratuitas"}],"button_url":"#demo","button_target_blank":"","button_nofollow":"","attributes":[{"name":"Instala\u00e7\u00f5es","content":"10,000 - 100,000"},{"name":"Responsivo","content":"Sim"},{"name":"Navegadores compat\u00edveis","content":"Firefox, Safari, Opera, Chrome, Edge"}],"tags":[],"tags_disable_links":"","hide_more_platforms":"","video_object":"","demo_hide_cta":"","demo_hide_cloud_options":"","pricing_title":"","pricing":[{"pricing_icon":"platform","pricing_title":"Elfsight Apps","pricing_title_caption":"Software multiplataforma","pricing_price":"a partir de US$ 0\/m\u00eas","pricing_price_caption":"comece com plano gratuito","pricing_benefits":[{"text":"Dom\u00ednios ilimitados"},{"text":"Suporte ao cliente 24 horas por dia, 7 dias por semana"},{"text":"Suporte ao cliente 24 horas por dia, 7 dias por semana"},{"text":"\u00d3timo neg\u00f3cio para v\u00e1rios aplicativos"}],"pricing_button_text":"Adicionar ao site","pricing_button_url":"#demo"}],"related_apps_title":"","related_apps_hidden":"","author":"","image":[],"title":"","job":"","social_networks":[]},"_links":{"self":[{"href":"https:\/\/elfsight.com\/pt\/wp-json\/wp\/v2\/pages\/8866","targetHints":{"allow":["GET"]}}],"collection":[{"href":"https:\/\/elfsight.com\/pt\/wp-json\/wp\/v2\/pages"}],"about":[{"href":"https:\/\/elfsight.com\/pt\/wp-json\/wp\/v2\/types\/page"}],"author":[{"embeddable":true,"href":"https:\/\/elfsight.com\/pt\/wp-json\/wp\/v2\/users\/9"}],"replies":[{"embeddable":true,"href":"https:\/\/elfsight.com\/pt\/wp-json\/wp\/v2\/comments?post=8866"}],"version-history":[{"count":2,"href":"https:\/\/elfsight.com\/pt\/wp-json\/wp\/v2\/pages\/8866\/revisions"}],"predecessor-version":[{"id":12427,"href":"https:\/\/elfsight.com\/pt\/wp-json\/wp\/v2\/pages\/8866\/revisions\/12427"}],"up":[{"embeddable":true,"href":"https:\/\/elfsight.com\/pt\/wp-json\/wp\/v2\/pages\/1000"}],"wp:attachment":[{"href":"https:\/\/elfsight.com\/pt\/wp-json\/wp\/v2\/media?parent=8866"}],"curies":[{"name":"wp","href":"https:\/\/api.w.org\/{rel}","templated":true}]}}