{"id":8865,"date":"1970-01-01T00:00:00","date_gmt":"1970-01-01T00:00:00","guid":{"rendered":"https:\/\/elfsight.com\/pt\/?page_id=8865"},"modified":"2024-11-13T12:07:38","modified_gmt":"2024-11-13T12:07:38","slug":"squarespace","status":"publish","type":"page","link":"https:\/\/elfsight.com\/pt\/yelp-reviews-widget\/squarespace\/","title":{"rendered":"Yelp Reviews &#8211; Squarespace"},"content":{"rendered":"<div class=\"application-platform-content-item-description application-platform-content-item\" id=\"description\" data-nav-section=\"description\"> <h2>Incorpore avalia\u00e7\u00f5es do Yelp no Squarespace com o widget Elfsight<\/h2> <p>Se voc\u00ea precisa de uma maneira de revelar sua aprecia\u00e7\u00e3o entre os clientes e convenc\u00ea-los visitantes que vale a pena comprar seus produtos ou servi\u00e7os, o widget Elfsight Yelp Reviews combina perfeitamente com voc\u00ea. Com esta ferramenta, voc\u00ea poder\u00e1 incorporar avalia\u00e7\u00f5es de usu\u00e1rios do Yelp em seu site com detalhes sobre seus autores, filtr\u00e1-los para demonstrar apenas resultados positivos, adicionar classifica\u00e7\u00f5es e um bot\u00e3o de solicita\u00e7\u00e3o de revis\u00e3o, que levar\u00e1 os usu\u00e1rios \u00e0 sua conta do Yelp, onde eles podem compartilhe uma nova avalia\u00e7\u00e3o. <\/p><div class=\"faq\" data-component=\"FAQ\"> <div class=\"faq-item\">\r\n\t\t\t\t\t<div class=\"faq-item-question\">\r\n\t\t\t\t\t\t<h3 class=\"faq-item-question-text\">Onde posso adicionar o widget no meu site<\/h3>\r\n\r\n\t\t\t\t\t\t<div class=\"faq-item-question-icon\"><\/div>\r\n\t\t\t\t\t<\/div>\r\n\r\n\t\t\t\t\t<div class=\"faq-item-answer\">\r\n\t\t\t\t\t\t<div class=\"faq-item-answer-text\"> <p>Voc\u00ea pode adicionar o widget a qualquer p\u00e1gina do seu site ou inseri-lo no modelo, e ele ser\u00e1 aparecem em todas as p\u00e1ginas. As avalia\u00e7\u00f5es s\u00e3o eficazes nas p\u00e1ginas de produtos ou na p\u00e1gina Sobre n\u00f3s, onde voc\u00ea gostaria de exibir sua avalia\u00e7\u00e3o mais alta. <\/p><\/div>\r\n\t\t\t\t\t<\/div>\r\n\t\t\t\t<\/div> <div class=\"faq-item\">\r\n\t\t\t\t\t<div class=\"faq-item-question\">\r\n\t\t\t\t\t\t<h3 class=\"faq-item-question-text\">Quais benef\u00edcios isso me trar\u00e1? <\/h3>\r\n\r\n\t\t\t\t\t\t<div class=\"faq-item-question-icon\"><\/div>\r\n\t\t\t\t\t<\/div>\r\n\r\n\t\t\t\t\t<div class=\"faq-item-answer\">\r\n\t\t\t\t\t\t<div class=\"faq-item-answer-text\"> <p>As avalia\u00e7\u00f5es compartilhadas por pessoas reais parecem perfeitamente confi\u00e1veis \u200b\u200bpara os clientes do seu site e demonstram que sua empresa \u00e9 um parceiro confi\u00e1vel. Avalia\u00e7\u00f5es altas e boas impress\u00f5es podem ajudar a impulsionar as compras em seu site. Al\u00e9m disso, o bot\u00e3o de redirecionamento pode contribuir para mais avalia\u00e7\u00f5es de usu\u00e1rios relacionadas ao seu neg\u00f3cio no Yelp. <\/p> <\/div>\r\n\t\t\t\t\t<\/div>\r\n\t\t\t\t<\/div> <div class=\"faq-item\">\r\n\t\t\t\t\t<div class=\"faq-item-question\">\r\n\t\t\t\t\t\t<h3 class=\"faq-item-question-text\">Como posso incorporar o widget Avalia\u00e7\u00f5es do Yelp em meu site Squarespace? <\/h3>\r\n\r\n\t\t\t\t\t\t<div class=\"faq-item-question-icon\"><\/div>\r\n\t\t\t\t\t<\/div>\r\n\r\n\t\t\t\t\t<div class=\"faq-item-answer\">\r\n\t\t\t\t\t\t<div class=\"faq-item-answer-text\"> <p>Leva apenas um minuto para configurar. A integra\u00e7\u00e3o \u00e9 muito r\u00e1pida, gratuita e sem codifica\u00e7\u00e3o. <\/p> <p>Existe a op\u00e7\u00e3o de introduzir o widget Avalia\u00e7\u00f5es em seu site por meio de nosso servi\u00e7o. Basta aplicar a breve descri\u00e7\u00e3o a seguir nesta p\u00e1gina. <\/p><\/div>\r\n\t\t\t\t\t<\/div>\r\n\t\t\t\t<\/div> <\/div> <\/div> <div class=\"application-platform-content-item-features application-platform-content-item\" id=\"features\" data-nav-section=\"features\"> <h2>Principais recursos do widget Yelp Reviews<\/h2> <p>Para ter uma ideia melhor das Avalia\u00e7\u00f5es widget, veja a lista de suas principais caracter\u00edsticas. Eles tornam o widget o mais ben\u00e9fico poss\u00edvel para sua promo\u00e7\u00e3o: <\/p> <ul> <li>3 filtros predefinidos: por tipo, exclus\u00e3o por e quantidade de avalia\u00e7\u00f5es para exibi\u00e7\u00e3o; <\/li> <li>Quatro layouts prontos para uso: Lista, Grade, Alvenaria e Slider; <\/li> <li>Uma oportunidade para ativar\/desativar o cabe\u00e7alho do widget; <\/li> <li>O bot\u00e3o ativo para adicionar mais uma avalia\u00e7\u00e3o leva os clientes \u00e0 p\u00e1gina do Yelp; <\/li> <li>6 elementos ajust\u00e1veis \u200b\u200bdo widget: o nome do autor e da foto, texto de recomenda\u00e7\u00e3o, data de compartilhamento, \u00edcone do Yelp e classifica\u00e7\u00e3o por estrelas; <\/li> <li>Duas op\u00e7\u00f5es de cen\u00e1rios de recusa de solicita\u00e7\u00e3o de revis\u00e3o: exibir uma mensagem de texto ou remover o bot\u00e3o. <\/li> <\/ul><p><a href=\"#demo\">A demonstra\u00e7\u00e3o mostrar\u00e1 uma lista completa de recursos para voc\u00ea<\/a><\/p> <\/div> <div class=\"application-platform-content-item-installation application-platform-content-item\" id=\"installation\" data-nav-section=\"installation\"> <h2>Vamos ver como incorporar as Avalia\u00e7\u00f5es do Yelp \u00e0 sua p\u00e1gina do Squarespace. N\u00e3o tem codifica\u00e7\u00e3o<\/h2><div class=\"video-container\"><iframe width=\"720\" height=\"405\" src=\"https:\/\/www.youtube.com\/embed\/KqGi9XRkYpQ\" frameborder=\"0\" allowfullscreen=\"\"><\/iframe><\/div><p>As a\u00e7\u00f5es abaixo s\u00e3o a \u00fanica coisa que voc\u00ea precisa publicar. <\/p> <ul><li><b>Construa seu pr\u00f3prio plugin do Yelp<\/b><br> Atrav\u00e9s de nossa demonstra\u00e7\u00e3o gratuita, crie um plugin com apar\u00eancia e caracter\u00edsticas funcionais espec\u00edficas. <\/li><li><b>Copie o c\u00f3digo pessoal para exibir o plugin<\/b><br> Depois de personalizar o seu widget, voc\u00ea adquirir\u00e1 o seu c\u00f3digo pessoal a partir da notifica\u00e7\u00e3o exibida nos aplicativos da Elfsight. Copie esse c\u00f3digo. <\/li> <li><b>Exiba o plugin em seu site<\/b><br> Selecione o local onde voc\u00ea planeja mostrar o plugin e cole o c\u00f3digo salvo l\u00e1. Salve as edi\u00e7\u00f5es. <\/li> <li><b>Conclu\u00eddo! <\/b><br> Acesse seu site para ver seu trabalho. <\/li> <\/ul><p>Ainda tem d\u00favidas? Ou tem d\u00favidas? Basta escrever uma solicita\u00e7\u00e3o ao nosso atendimento ao cliente que o ajudar\u00e1 em qualquer assunto. <\/p> <\/div>","protected":false},"excerpt":{"rendered":"","protected":false},"author":9,"featured_media":0,"parent":1000,"menu_order":0,"comment_status":"closed","ping_status":"closed","template":"templates\/template-application-platform.php","meta":{"publish_to_discourse":"","publish_post_category":"","wpdc_auto_publish_overridden":"","wpdc_topic_tags":"","wpdc_pin_topic":"","wpdc_pin_until":"","discourse_post_id":"","discourse_permalink":"","wpdc_publishing_response":"","wpdc_publishing_error":"","footnotes":""},"class_list":["post-8865","page","type-page","status-publish","hentry"],"yoast_head":"<!-- This site is optimized with the Yoast SEO plugin v25.3.1 - https:\/\/yoast.com\/wordpress\/plugins\/seo\/ -->\n<title>Adicione o plugin Yelp Reviews ao seu site Squarespace (em 2 minutos)<\/title>\n<meta name=\"description\" content=\"N\u00e3o \u00e9 dif\u00edcil criar seu widget Yelp Reviews e adicion\u00e1-lo ao site do Squarespace. O suporte ao cliente da Elfsight \u00e9 gratuito.\" \/>\n<meta name=\"robots\" content=\"index, follow, max-snippet:-1, max-image-preview:large, max-video-preview:-1\" \/>\n<link rel=\"canonical\" href=\"https:\/\/elfsight.com\/pt\/yelp-reviews-widget\/squarespace\/\" \/>\n<meta property=\"og:locale\" content=\"pt_PT\" \/>\n<meta property=\"og:type\" content=\"article\" \/>\n<meta property=\"og:title\" content=\"Adicione o plugin Yelp Reviews ao seu site Squarespace (em 2 minutos)\" \/>\n<meta property=\"og:description\" content=\"N\u00e3o \u00e9 dif\u00edcil criar seu widget Yelp Reviews e adicion\u00e1-lo ao site do Squarespace. O suporte ao cliente da Elfsight \u00e9 gratuito.\" \/>\n<meta property=\"og:url\" content=\"https:\/\/elfsight.com\/pt\/yelp-reviews-widget\/squarespace\/\" \/>\n<meta property=\"og:site_name\" content=\"Elfsight PT\" \/>\n<meta property=\"article:modified_time\" content=\"2024-11-13T12:07:38+00:00\" \/>\n<meta name=\"twitter:card\" content=\"summary_large_image\" \/>\n<meta name=\"twitter:label1\" content=\"Tempo estimado de leitura\" \/>\n\t<meta name=\"twitter:data1\" content=\"3 minutos\" \/>\n<!-- \/ Yoast SEO plugin. -->","yoast_head_json":{"title":"Adicione o plugin Yelp Reviews ao seu site Squarespace (em 2 minutos)","description":"N\u00e3o \u00e9 dif\u00edcil criar seu widget Yelp Reviews e adicion\u00e1-lo ao site do Squarespace. O suporte ao cliente da Elfsight \u00e9 gratuito.","robots":{"index":"index","follow":"follow","max-snippet":"max-snippet:-1","max-image-preview":"max-image-preview:large","max-video-preview":"max-video-preview:-1"},"canonical":"https:\/\/elfsight.com\/pt\/yelp-reviews-widget\/squarespace\/","og_locale":"pt_PT","og_type":"article","og_title":"Adicione o plugin Yelp Reviews ao seu site Squarespace (em 2 minutos)","og_description":"N\u00e3o \u00e9 dif\u00edcil criar seu widget Yelp Reviews e adicion\u00e1-lo ao site do Squarespace. O suporte ao cliente da Elfsight \u00e9 gratuito.","og_url":"https:\/\/elfsight.com\/pt\/yelp-reviews-widget\/squarespace\/","og_site_name":"Elfsight PT","article_modified_time":"2024-11-13T12:07:38+00:00","twitter_card":"summary_large_image","twitter_misc":{"Tempo estimado de leitura":"3 minutos"},"schema":{"@context":"https:\/\/schema.org","@graph":[{"@type":"WebPage","@id":"https:\/\/elfsight.com\/pt\/yelp-reviews-widget\/squarespace\/","url":"https:\/\/elfsight.com\/pt\/yelp-reviews-widget\/squarespace\/","name":"Adicione o plugin Yelp Reviews ao seu site Squarespace (em 2 minutos)","isPartOf":{"@id":"https:\/\/elfsight.com\/pt\/#website"},"datePublished":"1970-01-01T00:00:00+00:00","dateModified":"2024-11-13T12:07:38+00:00","description":"N\u00e3o \u00e9 dif\u00edcil criar seu widget Yelp Reviews e adicion\u00e1-lo ao site do Squarespace. O suporte ao cliente da Elfsight \u00e9 gratuito.","breadcrumb":{"@id":"https:\/\/elfsight.com\/pt\/yelp-reviews-widget\/squarespace\/#breadcrumb"},"inLanguage":"pt-PT","potentialAction":[{"@type":"ReadAction","target":["https:\/\/elfsight.com\/pt\/yelp-reviews-widget\/squarespace\/"]}]},{"@type":"BreadcrumbList","@id":"https:\/\/elfsight.com\/pt\/yelp-reviews-widget\/squarespace\/#breadcrumb","itemListElement":[{"@type":"ListItem","position":1,"name":"Home","item":"https:\/\/elfsight.com\/pt\/"},{"@type":"ListItem","position":2,"name":"Yelp Reviews","item":"https:\/\/elfsight.com\/pt\/yelp-reviews-widget\/"},{"@type":"ListItem","position":3,"name":"Yelp Reviews &#8211; Squarespace"}]},{"@type":"WebSite","@id":"https:\/\/elfsight.com\/pt\/#website","url":"https:\/\/elfsight.com\/pt\/","name":"Elfsight PT","description":"Just another Elfsight Sites site","potentialAction":[{"@type":"SearchAction","target":{"@type":"EntryPoint","urlTemplate":"https:\/\/elfsight.com\/pt\/?s={search_term_string}"},"query-input":{"@type":"PropertyValueSpecification","valueRequired":true,"valueName":"search_term_string"}}],"inLanguage":"pt-PT"}]}},"meta_box":{"industry":"","seo_heading":"","heading":"","description":"","cta_heading":"","cta_description":"","application":"999","h1":"Plug-in Squarespace Yelp Reviews","h1_caption":"Publique as opini\u00f5es dos usu\u00e1rios mais atraentes sobre o Yelp em seu site","application_category":[],"applications_title":"","applications_request_title":"","applications_request_button_text":"","hero_text":"","hero_video":"","hero_video_schema_markup":"","selling_points_title":"","selling_points_caption":"","selling_points":[],"selling_points_cta_text":"","features_title":"","features":"","ed_cta_examples_text":"","ed_cta_examples_hidden":"","ed_cta_demo_text":"","ed_cta_demo_hidden":"","why_caption":"","why_editor_title":"","why_editor_text":"","why_team_title":"","why_team_text":"","why_service_title":"","why_service_text":"","template_catalog_visible":"","template_catalog_title":"","template_catalog_text":"","template_catalog_categories_visible":"","demo_title":"Crie seu plugin Yelp Reviews","demo_caption":"Configure suas avalia\u00e7\u00f5es do Yelp e adicione-as ao seu site do Squarespace gratuitamente!","default_faq_hidden":"","app_template_category":[],"platform":"67","template_public_id":"","codecanyon_url":"","codecanyon_item_id":"","codecanyon_price":"","pricing_caption":"","pricing_elfsight_apps_hide_column":"","pricing_elfsight_apps_url":"","pricing_codecanyon_price_caption":"","integration_category":[],"integration_request_title":"","integration_request_cta":"","integration_platform":"","integrations":[],"platform_category":[],"video_schema_markup":"","price":"a partir de US$ 0\/m\u00eas","trial":"","benefits":[{"text":"Ajuda de instala\u00e7\u00e3o gratuita"},{"text":"Suporte ao cliente experiente"},{"text":"Garantia de reembolso de 14 dias"},{"text":"Futuras atualiza\u00e7\u00f5es gratuitas"}],"button_url":"#demo","button_target_blank":"","button_nofollow":"","attributes":[{"name":"Instala\u00e7\u00f5es","content":"10,000 - 100,000"},{"name":"Responsivo","content":"Sim"},{"name":"Navegadores compat\u00edveis","content":"Firefox, Safari, Opera, Chrome, Edge"}],"tags":[],"tags_disable_links":"","hide_more_platforms":"","video_object":"","demo_hide_cta":"","demo_hide_cloud_options":"","pricing_title":"","pricing":[{"pricing_icon":"platform","pricing_title":"Elfsight Apps","pricing_title_caption":"Software multiplataforma","pricing_price":"a partir de US$ 0\/m\u00eas","pricing_price_caption":"comece com um plano gratuito","pricing_benefits":[{"text":"Dom\u00ednios ilimitados"},{"text":"Suporte profissional e bem documentado"},{"text":"Suporte profissional e bem documentado"},{"text":"Totalmente personaliz\u00e1vel"}],"pricing_button_text":"Adicionar ao site","pricing_button_url":"#demo"}],"related_apps_title":"","related_apps_hidden":"","author":"","image":[],"title":"","job":"","social_networks":[]},"_links":{"self":[{"href":"https:\/\/elfsight.com\/pt\/wp-json\/wp\/v2\/pages\/8865","targetHints":{"allow":["GET"]}}],"collection":[{"href":"https:\/\/elfsight.com\/pt\/wp-json\/wp\/v2\/pages"}],"about":[{"href":"https:\/\/elfsight.com\/pt\/wp-json\/wp\/v2\/types\/page"}],"author":[{"embeddable":true,"href":"https:\/\/elfsight.com\/pt\/wp-json\/wp\/v2\/users\/9"}],"replies":[{"embeddable":true,"href":"https:\/\/elfsight.com\/pt\/wp-json\/wp\/v2\/comments?post=8865"}],"version-history":[{"count":2,"href":"https:\/\/elfsight.com\/pt\/wp-json\/wp\/v2\/pages\/8865\/revisions"}],"predecessor-version":[{"id":12426,"href":"https:\/\/elfsight.com\/pt\/wp-json\/wp\/v2\/pages\/8865\/revisions\/12426"}],"up":[{"embeddable":true,"href":"https:\/\/elfsight.com\/pt\/wp-json\/wp\/v2\/pages\/1000"}],"wp:attachment":[{"href":"https:\/\/elfsight.com\/pt\/wp-json\/wp\/v2\/media?parent=8865"}],"curies":[{"name":"wp","href":"https:\/\/api.w.org\/{rel}","templated":true}]}}