{"id":8864,"date":"1970-01-01T00:00:00","date_gmt":"1970-01-01T00:00:00","guid":{"rendered":"https:\/\/elfsight.com\/pt\/?page_id=8864"},"modified":"2024-11-13T12:07:38","modified_gmt":"2024-11-13T12:07:38","slug":"webflow","status":"publish","type":"page","link":"https:\/\/elfsight.com\/pt\/yelp-reviews-widget\/webflow\/","title":{"rendered":"Yelp Reviews &#8211; Webflow"},"content":{"rendered":"<div class=\"application-platform-content-item-description application-platform-content-item\" id=\"description\" data-nav-section=\"description\"> <h2>Incorpore Yelp Reviews no Webflow com o widget Elfsight<\/h2> <p>Elfsight Yelp Reviews \u00e9 um widget descomplicado que permite publicar em coment\u00e1rios do seu site sobre seus produtos ou servi\u00e7os a partir de postagens no Yelp. Com este widget, voc\u00ea pode aplicar filtros para classificar coment\u00e1rios indesejados, revelar suas avalia\u00e7\u00f5es com estrelas e n\u00fameros do Yelp, adicionar detalhes sobre os autores e integrar um bot\u00e3o que levar\u00e1 os visitantes a escrever mais um coment\u00e1rio no Yelp. O widget Elfsight Yelp Reviews ir\u00e1 ajud\u00e1-lo a mostrar sua alta prova social no site e aumentar as vendas. <\/p><div class=\"faq\" data-component=\"FAQ\"> <div class=\"faq-item\">\r\n\t\t\t\t\t<div class=\"faq-item-question\">\r\n\t\t\t\t\t\t<h3 class=\"faq-item-question-text\">Onde no meu site posso instalar o widget<\/h3>\r\n\r\n\t\t\t\t\t\t<div class=\"faq-item-question-icon\"><\/div>\r\n\t\t\t\t\t<\/div>\r\n\r\n\t\t\t\t\t<div class=\"faq-item-answer\">\r\n\t\t\t\t\t\t<div class=\"faq-item-answer-text\"> <p>Este widget pode ser incorporado em qualquer p\u00e1gina da web, onde voc\u00ea gostaria de demonstrar sua alta avalia\u00e7\u00e3o e popularidade entre os clientes. Se quiser publicar o widget em todas as p\u00e1ginas do site, basta col\u00e1-lo no modelo do site. <\/p><\/div>\r\n\t\t\t\t\t<\/div>\r\n\t\t\t\t<\/div> <div class=\"faq-item\">\r\n\t\t\t\t\t<div class=\"faq-item-question\">\r\n\t\t\t\t\t\t<h3 class=\"faq-item-question-text\">Quais s\u00e3o as vantagens de ter isso para mim? <\/h3>\r\n\r\n\t\t\t\t\t\t<div class=\"faq-item-question-icon\"><\/div>\r\n\t\t\t\t\t<\/div>\r\n\r\n\t\t\t\t\t<div class=\"faq-item-answer\">\r\n\t\t\t\t\t\t<div class=\"faq-item-answer-text\"> <p>Avalia\u00e7\u00f5es de pessoas reais s\u00e3o perfeitamente confi\u00e1veis \u200b\u200bpara os visitantes do seu site e mostram a eles que seu neg\u00f3cio \u00e9 confi\u00e1vel. Avalia\u00e7\u00f5es altas e avalia\u00e7\u00f5es excelentes podem ajudar a aumentar o n\u00edvel de vendas em seu site. Al\u00e9m disso, o bot\u00e3o ativo pode contribuir para aumentar a quantidade de avalia\u00e7\u00f5es de clientes sobre suas ofertas ou servi\u00e7os no Yelp. <\/p> <\/div>\r\n\t\t\t\t\t<\/div>\r\n\t\t\t\t<\/div> <div class=\"faq-item\">\r\n\t\t\t\t\t<div class=\"faq-item-question\">\r\n\t\t\t\t\t\t<h3 class=\"faq-item-question-text\">Como posso adicionar coment\u00e1rios do widget Yelp ao meu site Webflow? <\/h3>\r\n\r\n\t\t\t\t\t\t<div class=\"faq-item-question-icon\"><\/div>\r\n\t\t\t\t\t<\/div>\r\n\r\n\t\t\t\t\t<div class=\"faq-item-answer\">\r\n\t\t\t\t\t\t<div class=\"faq-item-answer-text\"> <p>Levar\u00e1 apenas alguns minutos para que o widget esteja instalado e funcionando. A integra\u00e7\u00e3o \u00e9 muito r\u00e1pida, gratuita e sem codifica\u00e7\u00e3o. <\/p> <p>Voc\u00ea pode integrar o widget Avalia\u00e7\u00f5es ao site atrav\u00e9s do nosso servi\u00e7o. Para isso, fa\u00e7a uma breve descri\u00e7\u00e3o abaixo nesta p\u00e1gina. <\/p><\/div>\r\n\t\t\t\t\t<\/div>\r\n\t\t\t\t<\/div> <\/div> <\/div> <div class=\"application-platform-content-item-features application-platform-content-item\" id=\"features\" data-nav-section=\"features\"> <h2>Principais recursos do widget Yelp Reviews<\/h2> <p>Para moldar uma compreens\u00e3o clara do widget, descubra a lista de recursos essenciais. Eles tornam o widget realmente eficiente para voc\u00ea: <\/p> <ul> <li>Tr\u00eas filtros dispon\u00edveis: por tipo, exclus\u00e3o por e quantidade de avalia\u00e7\u00f5es para exibi\u00e7\u00e3o; <\/li> <li>4 layouts predefinidos: Lista, Grade, Alvenaria e Slider; <\/li> <li> Cabe\u00e7alho do widget totalmente flex\u00edvel; <\/li> <li>O bot\u00e3o de solicita\u00e7\u00e3o de revis\u00e3o leva os visitantes \u00e0 sua p\u00e1gina do Yelp; <\/li> <li>Seis elementos personaliz\u00e1veis \u200b\u200bda interface: nome e imagem do autor, recomenda\u00e7\u00e3o, data, \u00edcone do Yelp e classifica\u00e7\u00e3o por estrelas; <\/li> <li>Dois cen\u00e1rios poss\u00edveis ap\u00f3s a rejei\u00e7\u00e3o da solicita\u00e7\u00e3o de revis\u00e3o: demonstre sua mensagem ou oculte o bot\u00e3o. <\/li> <\/ul><p><a href=\"#demo\">Aprenda todos os recursos em nossa demonstra\u00e7\u00e3o ao vivo<\/a><\/p> <\/div> <div class=\"application-platform-content-item-installation application-platform-content-item\" id=\"installation\" data-nav-section=\"installation\"> <h2> Veja como adicionar as avalia\u00e7\u00f5es do Yelp \u00e0 sua p\u00e1gina do Webflow. \u00c9 um-dois-tr\u00eas f\u00e1cil<\/h2><div class=\"video-container\"><iframe width=\"720\" height=\"405\" src=\"https:\/\/www.youtube.com\/embed\/lf6p3UAeO0o\" frameborder=\"0\" allowfullscreen=\"\"><\/iframe><\/div><p>Essas diversas a\u00e7\u00f5es s\u00e3o a \u00fanica coisa que voc\u00ea precisa fazer para a instala\u00e7\u00e3o.<\/p> <ul><li><b>Design seu plugin Yelp exclusivo<\/b><br> Atrav\u00e9s do nosso configurador gratuito, gere um plugin com composi\u00e7\u00e3o e caracter\u00edsticas funcionais selecionadas. <\/li><li><b>Adquira o c\u00f3digo pessoal para exibir o plugin<\/b><br> Depois de configurar o seu widget, voc\u00ea receber\u00e1 o c\u00f3digo individual da notifica\u00e7\u00e3o que aparece nos aplicativos Elfsight. Copie-o para uso futuro. <\/li> <li><b>Publique o plugin em seu site<\/b><br> Escolha a \u00e1rea da p\u00e1gina onde voc\u00ea planeja revelar o plugin e adicione o c\u00f3digo salvo l\u00e1. Aplique as edi\u00e7\u00f5es. <\/li> <li><b>Voc\u00ea concluiu a instala\u00e7\u00e3o com sucesso<\/b><br> Visite sua loja para verificar seu plugin. <\/li> <\/ul><p>Ainda n\u00e3o tem certeza? Ou tendo problemas? Basta escrever uma solicita\u00e7\u00e3o ao nosso suporte ao cliente e resolveremos qualquer tipo de problema. <\/p> <\/div>","protected":false},"excerpt":{"rendered":"","protected":false},"author":9,"featured_media":0,"parent":1000,"menu_order":0,"comment_status":"closed","ping_status":"closed","template":"templates\/template-application-platform.php","meta":{"publish_to_discourse":"","publish_post_category":"","wpdc_auto_publish_overridden":"","wpdc_topic_tags":"","wpdc_pin_topic":"","wpdc_pin_until":"","discourse_post_id":"","discourse_permalink":"","wpdc_publishing_response":"","wpdc_publishing_error":"","footnotes":""},"class_list":["post-8864","page","type-page","status-publish","hentry"],"yoast_head":"<!-- This site is optimized with the Yoast SEO plugin v25.3.1 - https:\/\/yoast.com\/wordpress\/plugins\/seo\/ -->\n<title>Adicione o widget Yelp Reviews ao seu site Webflow (2025)<\/title>\n<meta name=\"description\" content=\"Com a Elfsight, produza as suas avalia\u00e7\u00f5es do Yelp e coloque-as no site Webflow rapidamente. Temos atendimento gratuito ao cliente e outros b\u00f4nus.\" \/>\n<meta name=\"robots\" content=\"index, follow, max-snippet:-1, max-image-preview:large, max-video-preview:-1\" \/>\n<link rel=\"canonical\" href=\"https:\/\/elfsight.com\/pt\/yelp-reviews-widget\/webflow\/\" \/>\n<meta property=\"og:locale\" content=\"pt_PT\" \/>\n<meta property=\"og:type\" content=\"article\" \/>\n<meta property=\"og:title\" content=\"Adicione o widget Yelp Reviews ao seu site Webflow (2025)\" \/>\n<meta property=\"og:description\" content=\"Com a Elfsight, produza as suas avalia\u00e7\u00f5es do Yelp e coloque-as no site Webflow rapidamente. Temos atendimento gratuito ao cliente e outros b\u00f4nus.\" \/>\n<meta property=\"og:url\" content=\"https:\/\/elfsight.com\/pt\/yelp-reviews-widget\/webflow\/\" \/>\n<meta property=\"og:site_name\" content=\"Elfsight PT\" \/>\n<meta property=\"article:modified_time\" content=\"2024-11-13T12:07:38+00:00\" \/>\n<meta name=\"twitter:card\" content=\"summary_large_image\" \/>\n<meta name=\"twitter:label1\" content=\"Tempo estimado de leitura\" \/>\n\t<meta name=\"twitter:data1\" content=\"3 minutos\" \/>\n<!-- \/ Yoast SEO plugin. -->","yoast_head_json":{"title":"Adicione o widget Yelp Reviews ao seu site Webflow (2025)","description":"Com a Elfsight, produza as suas avalia\u00e7\u00f5es do Yelp e coloque-as no site Webflow rapidamente. Temos atendimento gratuito ao cliente e outros b\u00f4nus.","robots":{"index":"index","follow":"follow","max-snippet":"max-snippet:-1","max-image-preview":"max-image-preview:large","max-video-preview":"max-video-preview:-1"},"canonical":"https:\/\/elfsight.com\/pt\/yelp-reviews-widget\/webflow\/","og_locale":"pt_PT","og_type":"article","og_title":"Adicione o widget Yelp Reviews ao seu site Webflow (2025)","og_description":"Com a Elfsight, produza as suas avalia\u00e7\u00f5es do Yelp e coloque-as no site Webflow rapidamente. Temos atendimento gratuito ao cliente e outros b\u00f4nus.","og_url":"https:\/\/elfsight.com\/pt\/yelp-reviews-widget\/webflow\/","og_site_name":"Elfsight PT","article_modified_time":"2024-11-13T12:07:38+00:00","twitter_card":"summary_large_image","twitter_misc":{"Tempo estimado de leitura":"3 minutos"},"schema":{"@context":"https:\/\/schema.org","@graph":[{"@type":"WebPage","@id":"https:\/\/elfsight.com\/pt\/yelp-reviews-widget\/webflow\/","url":"https:\/\/elfsight.com\/pt\/yelp-reviews-widget\/webflow\/","name":"Adicione o widget Yelp Reviews ao seu site Webflow (2025)","isPartOf":{"@id":"https:\/\/elfsight.com\/pt\/#website"},"datePublished":"1970-01-01T00:00:00+00:00","dateModified":"2024-11-13T12:07:38+00:00","description":"Com a Elfsight, produza as suas avalia\u00e7\u00f5es do Yelp e coloque-as no site Webflow rapidamente. Temos atendimento gratuito ao cliente e outros b\u00f4nus.","breadcrumb":{"@id":"https:\/\/elfsight.com\/pt\/yelp-reviews-widget\/webflow\/#breadcrumb"},"inLanguage":"pt-PT","potentialAction":[{"@type":"ReadAction","target":["https:\/\/elfsight.com\/pt\/yelp-reviews-widget\/webflow\/"]}]},{"@type":"BreadcrumbList","@id":"https:\/\/elfsight.com\/pt\/yelp-reviews-widget\/webflow\/#breadcrumb","itemListElement":[{"@type":"ListItem","position":1,"name":"Home","item":"https:\/\/elfsight.com\/pt\/"},{"@type":"ListItem","position":2,"name":"Yelp Reviews","item":"https:\/\/elfsight.com\/pt\/yelp-reviews-widget\/"},{"@type":"ListItem","position":3,"name":"Yelp Reviews &#8211; Webflow"}]},{"@type":"WebSite","@id":"https:\/\/elfsight.com\/pt\/#website","url":"https:\/\/elfsight.com\/pt\/","name":"Elfsight PT","description":"Just another Elfsight Sites site","potentialAction":[{"@type":"SearchAction","target":{"@type":"EntryPoint","urlTemplate":"https:\/\/elfsight.com\/pt\/?s={search_term_string}"},"query-input":{"@type":"PropertyValueSpecification","valueRequired":true,"valueName":"search_term_string"}}],"inLanguage":"pt-PT"}]}},"meta_box":{"industry":"","seo_heading":"","heading":"","description":"","cta_heading":"","cta_description":"","application":"999","h1":"Widget de avalia\u00e7\u00f5es do Yelp do Webflow","h1_caption":"Integre as avalia\u00e7\u00f5es de clientes perfeitas do Yelp em seu site","application_category":[],"applications_title":"","applications_request_title":"","applications_request_button_text":"","hero_text":"","hero_video":"","hero_video_schema_markup":"","selling_points_title":"","selling_points_caption":"","selling_points":[],"selling_points_cta_text":"","features_title":"","features":"","ed_cta_examples_text":"","ed_cta_examples_hidden":"","ed_cta_demo_text":"","ed_cta_demo_hidden":"","why_caption":"","why_editor_title":"","why_editor_text":"","why_team_title":"","why_team_text":"","why_service_title":"","why_service_text":"","template_catalog_visible":"","template_catalog_title":"","template_catalog_text":"","template_catalog_categories_visible":"","demo_title":"Crie seu widget de avalia\u00e7\u00f5es do Yelp","demo_caption":"Configure suas avalia\u00e7\u00f5es do Yelp e adicione-as ao seu site Webflow gratuitamente!","default_faq_hidden":"","app_template_category":[],"platform":"70","template_public_id":"","codecanyon_url":"","codecanyon_item_id":"","codecanyon_price":"","pricing_caption":"","pricing_elfsight_apps_hide_column":"","pricing_elfsight_apps_url":"","pricing_codecanyon_price_caption":"","integration_category":[],"integration_request_title":"","integration_request_cta":"","integration_platform":"","integrations":[],"platform_category":[],"video_schema_markup":"","price":"a partir de US$ 0\/m\u00eas","trial":"","benefits":[{"text":"Servi\u00e7o de instala\u00e7\u00e3o gratuito"},{"text":"Suporte premium"},{"text":"Garantia de reembolso de 14 dias"},{"text":"Desenvolvimento cont\u00ednuo"}],"button_url":"#demo","button_target_blank":"","button_nofollow":"","attributes":[{"name":"Instala\u00e7\u00f5es","content":"10,000 - 100,000"},{"name":"Responsivo","content":"Sim"},{"name":"Navegadores compat\u00edveis","content":"Safari, Edge, Chrome, Firefox, Opera"}],"tags":[],"tags_disable_links":"","hide_more_platforms":"","video_object":"","demo_hide_cta":"","demo_hide_cloud_options":"","pricing_title":"","pricing":[{"pricing_icon":"platform","pricing_title":"Elfsight Apps","pricing_title_caption":"Solu\u00e7\u00e3o digital multiplataforma que funciona em qualquer site","pricing_price":"a partir de US$ 0\/m\u00eas","pricing_price_caption":"comece com plano gratuito","pricing_benefits":[{"text":"Dom\u00ednios ilimitados"},{"text":"Suporte profissional"},{"text":"Suporte profissional"},{"text":"Oferta especial para v\u00e1rios aplicativos"}],"pricing_button_text":"Adicionar ao site","pricing_button_url":"#demo"}],"related_apps_title":"","related_apps_hidden":"","author":"","image":[],"title":"","job":"","social_networks":[]},"_links":{"self":[{"href":"https:\/\/elfsight.com\/pt\/wp-json\/wp\/v2\/pages\/8864","targetHints":{"allow":["GET"]}}],"collection":[{"href":"https:\/\/elfsight.com\/pt\/wp-json\/wp\/v2\/pages"}],"about":[{"href":"https:\/\/elfsight.com\/pt\/wp-json\/wp\/v2\/types\/page"}],"author":[{"embeddable":true,"href":"https:\/\/elfsight.com\/pt\/wp-json\/wp\/v2\/users\/9"}],"replies":[{"embeddable":true,"href":"https:\/\/elfsight.com\/pt\/wp-json\/wp\/v2\/comments?post=8864"}],"version-history":[{"count":2,"href":"https:\/\/elfsight.com\/pt\/wp-json\/wp\/v2\/pages\/8864\/revisions"}],"predecessor-version":[{"id":12425,"href":"https:\/\/elfsight.com\/pt\/wp-json\/wp\/v2\/pages\/8864\/revisions\/12425"}],"up":[{"embeddable":true,"href":"https:\/\/elfsight.com\/pt\/wp-json\/wp\/v2\/pages\/1000"}],"wp:attachment":[{"href":"https:\/\/elfsight.com\/pt\/wp-json\/wp\/v2\/media?parent=8864"}],"curies":[{"name":"wp","href":"https:\/\/api.w.org\/{rel}","templated":true}]}}