{"id":8858,"date":"1970-01-01T00:00:00","date_gmt":"1970-01-01T00:00:00","guid":{"rendered":"https:\/\/elfsight.com\/pt\/?page_id=8858"},"modified":"2024-11-13T12:07:30","modified_gmt":"2024-11-13T12:07:30","slug":"shopify","status":"publish","type":"page","link":"https:\/\/elfsight.com\/pt\/yelp-reviews-widget\/shopify\/","title":{"rendered":"Yelp Reviews &#8211; Shopify"},"content":{"rendered":"<div class=\"application-platform-content-item-description application-platform-content-item\" id=\"description\" data-nav-section=\"description\"> <h2>Incorpore avalia\u00e7\u00f5es do Yelp no Shopify com o widget Elfsight<\/h2> <p>Se voc\u00ea precisa provar sua alta avalia\u00e7\u00e3o pelos clientes e convencer o site visitantes que vale a pena comprar seus produtos ou servi\u00e7os, o Elfsight Yelp Reviews \u00e9 a escolha certa. Com esta ferramenta, voc\u00ea pode integrar avalia\u00e7\u00f5es de clientes do Yelp em seu site com informa\u00e7\u00f5es sobre seus autores, classific\u00e1-las para demonstrar apenas positivas, adicionar classifica\u00e7\u00f5es e um bot\u00e3o de solicita\u00e7\u00e3o de revis\u00e3o que levar\u00e1 os usu\u00e1rios \u00e0 sua p\u00e1gina do Yelp, para que eles possam deixe uma nova revis\u00e3o. <\/p><div class=\"faq\" data-component=\"FAQ\"> <div class=\"faq-item\">\r\n\t\t\t\t\t<div class=\"faq-item-question\">\r\n\t\t\t\t\t\t<h3 class=\"faq-item-question-text\">Onde posso exibir este plugin<\/h3>\r\n\r\n\t\t\t\t\t\t<div class=\"faq-item-question-icon\"><\/div>\r\n\t\t\t\t\t<\/div>\r\n\r\n\t\t\t\t\t<div class=\"faq-item-answer\">\r\n\t\t\t\t\t\t<div class=\"faq-item-answer-text\"> <p>O widget pode ser publicado em qualquer p\u00e1gina, onde voc\u00ea deseja exibir sua alta avalia\u00e7\u00e3o e popularidade entre os clientes. Se precisar dele em todas as p\u00e1ginas do seu site, voc\u00ea pode simplesmente adicion\u00e1-lo ao modelo do site. <\/p><\/div>\r\n\t\t\t\t\t<\/div>\r\n\t\t\t\t<\/div> <div class=\"faq-item\">\r\n\t\t\t\t\t<div class=\"faq-item-question\">\r\n\t\t\t\t\t\t<h3 class=\"faq-item-question-text\">Como posso me beneficiar disso? <\/h3>\r\n\r\n\t\t\t\t\t\t<div class=\"faq-item-question-icon\"><\/div>\r\n\t\t\t\t\t<\/div>\r\n\r\n\t\t\t\t\t<div class=\"faq-item-answer\">\r\n\t\t\t\t\t\t<div class=\"faq-item-answer-text\"> <p>Os coment\u00e1rios deixados por pessoas reais parecem extremamente confi\u00e1veis \u200b\u200bpara seus clientes e significam para eles que sua empresa \u00e9 confi\u00e1vel. Avalia\u00e7\u00f5es altas e impress\u00f5es positivas podem ajudar a aumentar as vendas em seu site. Mais do que isso, o bot\u00e3o de redirecionamento pode contribuir para que mais avalia\u00e7\u00f5es de usu\u00e1rios sobre suas ofertas ou servi\u00e7os no Yelp. <\/p> <\/div>\r\n\t\t\t\t\t<\/div>\r\n\t\t\t\t<\/div> <div class=\"faq-item\">\r\n\t\t\t\t\t<div class=\"faq-item-question\">\r\n\t\t\t\t\t\t<h3 class=\"faq-item-question-text\">Como adiciono o widget Avalia\u00e7\u00f5es do Yelp ao meu site do Shopify? <\/h3>\r\n\r\n\t\t\t\t\t\t<div class=\"faq-item-question-icon\"><\/div>\r\n\t\t\t\t\t<\/div>\r\n\r\n\t\t\t\t\t<div class=\"faq-item-answer\">\r\n\t\t\t\t\t\t<div class=\"faq-item-answer-text\"> <p>Voc\u00ea s\u00f3 precisar\u00e1 de tr\u00eas minutos para ter o widget instalado e funcionando. Adicion\u00e1-lo ao seu site \u00e9 muito r\u00e1pido, gratuito e sem codifica\u00e7\u00e3o. <\/p> <p>Voc\u00ea pode adicionar o widget Avalia\u00e7\u00f5es ao site atrav\u00e9s do nosso servi\u00e7o, basta aplicar as instru\u00e7\u00f5es a seguir nesta p\u00e1gina. <\/p><li>O widget Avalia\u00e7\u00f5es da Elfsight pode ser incorporado diretamente no nosso servi\u00e7o ou no mercado. Aqui voc\u00ea pode ler todos os detalhes sobre essas variantes e escolher uma mais adequada.<p><\/p><\/div>\r\n\t\t\t\t\t<\/div>\r\n\t\t\t\t<\/div> <\/div> <\/div> <div class=\"application-platform-content-item-features application-platform-content-item\" id=\"features\" data-nav-section=\"features\"> <h2>Principais recursos do Yelp Widget de avalia\u00e7\u00f5es<\/h2> <p>Para ter uma ideia melhor do widget, veja a lista de seus principais recursos. Eles tornam nosso widget realmente eficaz para o seu site: <\/p> <ul> <li>3 filtros dispon\u00edveis: por tipo, exclus\u00e3o por e quantidade de avalia\u00e7\u00f5es para exibi\u00e7\u00e3o; <\/li> <li>4 layouts de widget predefinidos: Lista, Grade, Alvenaria e Slider; <\/li> <li> Cabe\u00e7alho do widget totalmente flex\u00edvel; <\/li> <li>O bot\u00e3o ativo para compartilhar outra avalia\u00e7\u00e3o leva os usu\u00e1rios \u00e0 p\u00e1gina do Yelp; <\/li> <li>Seis elementos flex\u00edveis do widget: nome e foto do autor, recomenda\u00e7\u00e3o, data, \u00edcone do Yelp e classifica\u00e7\u00e3o por estrelas; <\/li> <li>Duas variantes de cen\u00e1rio ap\u00f3s a nega\u00e7\u00e3o da solicita\u00e7\u00e3o de revis\u00e3o: demonstrar uma mensagem de texto ou ocultar o bot\u00e3o. <\/li> <\/ul><p><a href=\"#demo\">Para conhecer mais recursos, veja nossa demonstra\u00e7\u00e3o ao vivo<\/a><\/p> <\/div> <div class=\"application-platform-content-item-installation application-platform-content-item\" id=\"installation\" data-nav-section=\"installation\"> <h2>Aprenda como incorporar as Avalia\u00e7\u00f5es do Yelp \u00e0 sua loja Shopify. \u00c9 incrivelmente f\u00e1cil<\/h2><div class=\"video-container\"><iframe width=\"720\" height=\"405\" src=\"https:\/\/www.youtube.com\/embed\/MiLAy2KRTiU\" frameborder=\"0\" allowfullscreen=\"\"><\/iframe><\/div><p> Algumas etapas simples s\u00e3o a \u00fanica coisa que voc\u00ea precisa para demonstrar o widget em seu site. <\/p> <ol><li><b>Utilize nosso configurador gratuito e comece a criar seu aplicativo personalizado. <\/b><br> Encontre o design e os recursos adequados do aplicativo e salve todas as corre\u00e7\u00f5es. <\/li> <li><b>Receba o seu c\u00f3digo pessoal que aparece no formul\u00e1rio especial nas aplica\u00e7\u00f5es Elfsight. <\/b><br> Quando a gera\u00e7\u00e3o do seu aplicativo pessoal estiver conclu\u00edda, copie o c\u00f3digo individual na caixa exibida e salve-o para uso posterior. <\/li> <li><b>Comece a usar o aplicativo no seu site da Shopify. <\/b><br> Coloque o c\u00f3digo salvo recentemente em seu site e aplique as melhorias. <\/li> <li><b>A instala\u00e7\u00e3o est\u00e1 totalmente conclu\u00edda. <\/b><br> Abra seu site para ver o funcionamento do aplicativo em a\u00e7\u00e3o. <\/li><\/ol><p>Ainda n\u00e3o consegue tomar uma decis\u00e3o? Ou tem d\u00favidas? Basta direcionar uma solicita\u00e7\u00e3o ao nosso departamento de suporte ao cliente; eles resolver\u00e3o qualquer assunto. <\/p> <\/div><\/li>","protected":false},"excerpt":{"rendered":"","protected":false},"author":9,"featured_media":0,"parent":1000,"menu_order":0,"comment_status":"closed","ping_status":"closed","template":"templates\/template-application-platform.php","meta":{"publish_to_discourse":"","publish_post_category":"","wpdc_auto_publish_overridden":"","wpdc_topic_tags":"","wpdc_pin_topic":"","wpdc_pin_until":"","discourse_post_id":"","discourse_permalink":"","wpdc_publishing_response":"","wpdc_publishing_error":"","footnotes":""},"class_list":["post-8858","page","type-page","status-publish","hentry"],"yoast_head":"<!-- This site is optimized with the Yoast SEO plugin v25.3.1 - https:\/\/yoast.com\/wordpress\/plugins\/seo\/ -->\n<title>Adicione o aplicativo Yelp Reviews ao seu site Shopify (em 2 minutos)<\/title>\n<meta name=\"description\" content=\"Esta \u00e9 a possibilidade de construir o widget Yelp Reviews e integr\u00e1-lo \u00e0 sua loja Shopify. Voc\u00ea desfrutar\u00e1 de suporte gratuito ao cliente e outros b\u00f4nus da Elfsight.\" \/>\n<meta name=\"robots\" content=\"index, follow, max-snippet:-1, max-image-preview:large, max-video-preview:-1\" \/>\n<link rel=\"canonical\" href=\"https:\/\/elfsight.com\/pt\/yelp-reviews-widget\/shopify\/\" \/>\n<meta property=\"og:locale\" content=\"pt_PT\" \/>\n<meta property=\"og:type\" content=\"article\" \/>\n<meta property=\"og:title\" content=\"Adicione o aplicativo Yelp Reviews ao seu site Shopify (em 2 minutos)\" \/>\n<meta property=\"og:description\" content=\"Esta \u00e9 a possibilidade de construir o widget Yelp Reviews e integr\u00e1-lo \u00e0 sua loja Shopify. Voc\u00ea desfrutar\u00e1 de suporte gratuito ao cliente e outros b\u00f4nus da Elfsight.\" \/>\n<meta property=\"og:url\" content=\"https:\/\/elfsight.com\/pt\/yelp-reviews-widget\/shopify\/\" \/>\n<meta property=\"og:site_name\" content=\"Elfsight PT\" \/>\n<meta property=\"article:modified_time\" content=\"2024-11-13T12:07:30+00:00\" \/>\n<meta name=\"twitter:card\" content=\"summary_large_image\" \/>\n<meta name=\"twitter:label1\" content=\"Tempo estimado de leitura\" \/>\n\t<meta name=\"twitter:data1\" content=\"3 minutos\" \/>\n<!-- \/ Yoast SEO plugin. -->","yoast_head_json":{"title":"Adicione o aplicativo Yelp Reviews ao seu site Shopify (em 2 minutos)","description":"Esta \u00e9 a possibilidade de construir o widget Yelp Reviews e integr\u00e1-lo \u00e0 sua loja Shopify. Voc\u00ea desfrutar\u00e1 de suporte gratuito ao cliente e outros b\u00f4nus da Elfsight.","robots":{"index":"index","follow":"follow","max-snippet":"max-snippet:-1","max-image-preview":"max-image-preview:large","max-video-preview":"max-video-preview:-1"},"canonical":"https:\/\/elfsight.com\/pt\/yelp-reviews-widget\/shopify\/","og_locale":"pt_PT","og_type":"article","og_title":"Adicione o aplicativo Yelp Reviews ao seu site Shopify (em 2 minutos)","og_description":"Esta \u00e9 a possibilidade de construir o widget Yelp Reviews e integr\u00e1-lo \u00e0 sua loja Shopify. Voc\u00ea desfrutar\u00e1 de suporte gratuito ao cliente e outros b\u00f4nus da Elfsight.","og_url":"https:\/\/elfsight.com\/pt\/yelp-reviews-widget\/shopify\/","og_site_name":"Elfsight PT","article_modified_time":"2024-11-13T12:07:30+00:00","twitter_card":"summary_large_image","twitter_misc":{"Tempo estimado de leitura":"3 minutos"},"schema":{"@context":"https:\/\/schema.org","@graph":[{"@type":"WebPage","@id":"https:\/\/elfsight.com\/pt\/yelp-reviews-widget\/shopify\/","url":"https:\/\/elfsight.com\/pt\/yelp-reviews-widget\/shopify\/","name":"Adicione o aplicativo Yelp Reviews ao seu site Shopify (em 2 minutos)","isPartOf":{"@id":"https:\/\/elfsight.com\/pt\/#website"},"datePublished":"1970-01-01T00:00:00+00:00","dateModified":"2024-11-13T12:07:30+00:00","description":"Esta \u00e9 a possibilidade de construir o widget Yelp Reviews e integr\u00e1-lo \u00e0 sua loja Shopify. Voc\u00ea desfrutar\u00e1 de suporte gratuito ao cliente e outros b\u00f4nus da Elfsight.","breadcrumb":{"@id":"https:\/\/elfsight.com\/pt\/yelp-reviews-widget\/shopify\/#breadcrumb"},"inLanguage":"pt-PT","potentialAction":[{"@type":"ReadAction","target":["https:\/\/elfsight.com\/pt\/yelp-reviews-widget\/shopify\/"]}]},{"@type":"BreadcrumbList","@id":"https:\/\/elfsight.com\/pt\/yelp-reviews-widget\/shopify\/#breadcrumb","itemListElement":[{"@type":"ListItem","position":1,"name":"Home","item":"https:\/\/elfsight.com\/pt\/"},{"@type":"ListItem","position":2,"name":"Yelp Reviews","item":"https:\/\/elfsight.com\/pt\/yelp-reviews-widget\/"},{"@type":"ListItem","position":3,"name":"Yelp Reviews &#8211; Shopify"}]},{"@type":"WebSite","@id":"https:\/\/elfsight.com\/pt\/#website","url":"https:\/\/elfsight.com\/pt\/","name":"Elfsight PT","description":"Just another Elfsight Sites site","potentialAction":[{"@type":"SearchAction","target":{"@type":"EntryPoint","urlTemplate":"https:\/\/elfsight.com\/pt\/?s={search_term_string}"},"query-input":{"@type":"PropertyValueSpecification","valueRequired":true,"valueName":"search_term_string"}}],"inLanguage":"pt-PT"}]}},"meta_box":{"industry":"","seo_heading":"","heading":"","description":"","cta_heading":"","cta_description":"","application":"999","h1":"Aplicativo Shopify Yelp Reviews","h1_caption":"Insira avalia\u00e7\u00f5es de clientes confi\u00e1veis \u200b\u200bdo Yelp em seu site","application_category":[],"applications_title":"","applications_request_title":"","applications_request_button_text":"","hero_text":"","hero_video":"","hero_video_schema_markup":"","selling_points_title":"","selling_points_caption":"","selling_points":[],"selling_points_cta_text":"","features_title":"","features":"","ed_cta_examples_text":"","ed_cta_examples_hidden":"","ed_cta_demo_text":"","ed_cta_demo_hidden":"","why_caption":"","why_editor_title":"","why_editor_text":"","why_team_title":"","why_team_text":"","why_service_title":"","why_service_text":"","template_catalog_visible":"","template_catalog_title":"","template_catalog_text":"","template_catalog_categories_visible":"","demo_title":"Crie seu aplicativo Yelp Reviews","demo_caption":"Configure suas avalia\u00e7\u00f5es do Yelp e adicione-as ao seu site do Shopify gratuitamente!","default_faq_hidden":"","app_template_category":[],"platform":"64","template_public_id":"","codecanyon_url":"","codecanyon_item_id":"","codecanyon_price":"","pricing_caption":"","pricing_elfsight_apps_hide_column":"","pricing_elfsight_apps_url":"","pricing_codecanyon_price_caption":"","integration_category":[],"integration_request_title":"","integration_request_cta":"","integration_platform":"","integrations":[],"platform_category":[],"video_schema_markup":"","price":"a partir de US$ 0\/m\u00eas","trial":"","benefits":[{"text":"Servi\u00e7o de instala\u00e7\u00e3o gratuito"},{"text":"Suporte premium"},{"text":"Garantia de devolu\u00e7\u00e3o do dinheiro em 14 dias"},{"text":"Atualiza\u00e7\u00f5es gratuitas cont\u00ednuas"}],"button_url":"#demo","button_target_blank":"","button_nofollow":"","attributes":[{"name":"Instala\u00e7\u00f5es","content":"10,000 - 100,000"},{"name":"Responsivo","content":"Sim"},{"name":"Navegadores compat\u00edveis","content":"Firefox, Safari, Opera, Chrome, Edge"}],"tags":[],"tags_disable_links":"","hide_more_platforms":"","video_object":"","demo_hide_cta":"","demo_hide_cloud_options":"","pricing_title":"","pricing":[{"pricing_icon":"cloud","pricing_title":"Elfsight Apps","pricing_title_caption":"Vers\u00e3o multiplataforma que funciona em qualquer site","pricing_price":"a partir de US$ 0\/m\u00eas","pricing_price_caption":"comece com plano gratuito","pricing_benefits":[{"text":"Sites ilimitados"},{"text":"Suporte premium"},{"text":"Suporte premium"},{"text":"Oferta especial para v\u00e1rios aplicativos"}],"pricing_button_text":"Adicionar ao site","pricing_button_url":"#demo"}],"related_apps_title":"","related_apps_hidden":"","author":"","image":[],"title":"","job":"","social_networks":[]},"_links":{"self":[{"href":"https:\/\/elfsight.com\/pt\/wp-json\/wp\/v2\/pages\/8858","targetHints":{"allow":["GET"]}}],"collection":[{"href":"https:\/\/elfsight.com\/pt\/wp-json\/wp\/v2\/pages"}],"about":[{"href":"https:\/\/elfsight.com\/pt\/wp-json\/wp\/v2\/types\/page"}],"author":[{"embeddable":true,"href":"https:\/\/elfsight.com\/pt\/wp-json\/wp\/v2\/users\/9"}],"replies":[{"embeddable":true,"href":"https:\/\/elfsight.com\/pt\/wp-json\/wp\/v2\/comments?post=8858"}],"version-history":[{"count":2,"href":"https:\/\/elfsight.com\/pt\/wp-json\/wp\/v2\/pages\/8858\/revisions"}],"predecessor-version":[{"id":12424,"href":"https:\/\/elfsight.com\/pt\/wp-json\/wp\/v2\/pages\/8858\/revisions\/12424"}],"up":[{"embeddable":true,"href":"https:\/\/elfsight.com\/pt\/wp-json\/wp\/v2\/pages\/1000"}],"wp:attachment":[{"href":"https:\/\/elfsight.com\/pt\/wp-json\/wp\/v2\/media?parent=8858"}],"curies":[{"name":"wp","href":"https:\/\/api.w.org\/{rel}","templated":true}]}}