{"id":8856,"date":"1970-01-01T00:00:00","date_gmt":"1970-01-01T00:00:00","guid":{"rendered":"https:\/\/elfsight.com\/pt\/?page_id=8856"},"modified":"2024-11-13T12:07:30","modified_gmt":"2024-11-13T12:07:30","slug":"drupal","status":"publish","type":"page","link":"https:\/\/elfsight.com\/pt\/yelp-reviews-widget\/drupal\/","title":{"rendered":"Yelp Reviews &#8211; Drupal"},"content":{"rendered":"<div class=\"application-platform-content-item-description application-platform-content-item\" id=\"description\" data-nav-section=\"description\"> <h2>Descri\u00e7\u00e3o<\/h2> <p>Se voc\u00ea deseja revelar sua classifica\u00e7\u00e3o alta e convencer os visitantes do site de que vale a pena comprar seus produtos ou servi\u00e7os, As avalia\u00e7\u00f5es do Yelp da Elfsight ser\u00e3o a escolha certa. Com nosso widget, voc\u00ea integrar\u00e1 rapidamente avalia\u00e7\u00f5es de clientes do Yelp em seu site com informa\u00e7\u00f5es sobre seus autores, classific\u00e1-las para mostrar apenas as melhores, adicionar classifica\u00e7\u00f5es e um bot\u00e3o de solicita\u00e7\u00e3o de revis\u00e3o que levar\u00e1 as pessoas \u00e0 sua conta do Yelp, para que possam compartilhe sua avalia\u00e7\u00e3o. <\/p><div class=\"faq\" data-component=\"FAQ\"> <div class=\"faq-item\">\r\n\t\t\t\t\t<div class=\"faq-item-question\">\r\n\t\t\t\t\t\t<h3 class=\"faq-item-question-text\">Onde posso exibir o widget Avalia\u00e7\u00f5es<\/h3>\r\n\r\n\t\t\t\t\t\t<div class=\"faq-item-question-icon\"><\/div>\r\n\t\t\t\t\t<\/div>\r\n\r\n\t\t\t\t\t<div class=\"faq-item-answer\">\r\n\t\t\t\t\t\t<div class=\"faq-item-answer-text\"> <p>Este widget pode ser exibido em qualquer p\u00e1gina onde voc\u00ea gostaria de impressionar os usu\u00e1rios com sua alta aprecia\u00e7\u00e3o e popularidade entre os clientes. Se precisar dele em todas as p\u00e1ginas do seu site, voc\u00ea pode inseri-lo facilmente no modelo do site. <\/p><\/div>\r\n\t\t\t\t\t<\/div>\r\n\t\t\t\t<\/div> <div class=\"faq-item\">\r\n\t\t\t\t\t<div class=\"faq-item-question\">\r\n\t\t\t\t\t\t<h3 class=\"faq-item-question-text\">Quais s\u00e3o as vantagens de ter o widget Avalia\u00e7\u00f5es para mim? <\/h3>\r\n\r\n\t\t\t\t\t\t<div class=\"faq-item-question-icon\"><\/div>\r\n\t\t\t\t\t<\/div>\r\n\r\n\t\t\t\t\t<div class=\"faq-item-answer\">\r\n\t\t\t\t\t\t<div class=\"faq-item-answer-text\"> <p>As avalia\u00e7\u00f5es de pessoas reais parecem perfeitamente confi\u00e1veis \u200b\u200bpara seus clientes em potencial e significam para eles que sua empresa \u00e9 confi\u00e1vel. Avalia\u00e7\u00f5es altas e boas cr\u00edticas podem ajudar a aumentar as vendas em seu site. Al\u00e9m disso, o bot\u00e3o ativo pode contribuir para mais avalia\u00e7\u00f5es de usu\u00e1rios relacionadas \u00e0s suas ofertas ou servi\u00e7os no Yelp. <\/p> <\/div>\r\n\t\t\t\t\t<\/div>\r\n\t\t\t\t<\/div> <div class=\"faq-item\">\r\n\t\t\t\t\t<div class=\"faq-item-question\">\r\n\t\t\t\t\t\t<h3 class=\"faq-item-question-text\">Como fa\u00e7o para incorporar o widget Avalia\u00e7\u00f5es do Yelp em meu site Drupal? <\/h3>\r\n\r\n\t\t\t\t\t\t<div class=\"faq-item-question-icon\"><\/div>\r\n\t\t\t\t\t<\/div>\r\n\r\n\t\t\t\t\t<div class=\"faq-item-answer\">\r\n\t\t\t\t\t\t<div class=\"faq-item-answer-text\"> <p>Leva apenas um minuto do seu tempo para configur\u00e1-lo. O processo de integra\u00e7\u00e3o \u00e9 super r\u00e1pido, gratuito e sem codifica\u00e7\u00e3o. <\/p> <p>O widget Elfsight Reviews pode ser inserido no seu site atrav\u00e9s do nosso servi\u00e7o ou atrav\u00e9s do marketplace. Voc\u00ea pode comparar todos os detalhes das duas op\u00e7\u00f5es e decidir qual \u00e9 a sua. <\/p><\/div>\r\n\t\t\t\t\t<\/div>\r\n\t\t\t\t<\/div> <\/div> <\/div> <div class=\"application-platform-content-item-features application-platform-content-item\" id=\"features\" data-nav-section=\"features\"> <h2>Recursos<\/h2> <p>Para ter uma ideia melhor do widget, veja a lista de seus principais fun\u00e7\u00f5es. Eles tornam o widget o mais eficiente poss\u00edvel para voc\u00ea: <\/p> <ul> <li>Tr\u00eas filtros predefinidos: por tipo, exclus\u00e3o por e quantidade de avalia\u00e7\u00f5es para exibi\u00e7\u00e3o; <\/li> <li>4 layouts prontos para uso: Lista, Grade, Alvenaria e Slider; <\/li> <li>Uma op\u00e7\u00e3o para mostrar ou ocultar o cabe\u00e7alho do widget; <\/li> <li>O bot\u00e3o para solicitar uma revis\u00e3o leva os visitantes \u00e0 p\u00e1gina do Yelp; <\/li> <li>6 elementos personaliz\u00e1veis \u200b\u200bda interface: nome e foto do autor, texto de recomenda\u00e7\u00e3o, data da postagem, \u00edcone do Yelp e classifica\u00e7\u00e3o por estrelas; <\/li> <li>Dois cen\u00e1rios poss\u00edveis ap\u00f3s a rejei\u00e7\u00e3o da solicita\u00e7\u00e3o de revis\u00e3o: revelar sua mensagem ou ocultar o bot\u00e3o. <\/li> <\/ul><p><a href=\"#demo\">Nossa demonstra\u00e7\u00e3o ao vivo demonstrar\u00e1 uma lista completa de recursos para voc\u00ea<\/a><\/p> <\/div> <div class=\"application-platform-content-item-installation  application-platform-content-item\" id=\"installation \" data-nav-section=\"installation \"> <h2>Veja como adicionar as Avalia\u00e7\u00f5es do Yelp \u00e0 sua p\u00e1gina do Drupal<\/h2> <p>Basta seguir as orienta\u00e7\u00f5es abaixo para integrar o m\u00f3dulo no Drupal.<\/p> <ol><li><b>Abra nosso editor gratuito e comece a formar seu m\u00f3dulo exclusivo. <\/b><br> Escolha o design e as op\u00e7\u00f5es desejadas do widget e aplique as modifica\u00e7\u00f5es. <\/li> <li><b>Obtenha o c\u00f3digo individual revelado na caixa dos aplicativos Elfsight. <\/b><br> Quando a gera\u00e7\u00e3o do seu m\u00f3dulo pessoal do Yelp Reviews estiver conclu\u00edda, copie o c\u00f3digo pessoal no pop-up exibido e salve-o para futuras ocasi\u00f5es. <\/li> <li><b>Iniciar o uso da ferramenta no site Drupal. <\/b><br> Adicione o c\u00f3digo que voc\u00ea copiou recentemente em seu site e aplique as modifica\u00e7\u00f5es. <\/li> <li><b>A configura\u00e7\u00e3o foi totalmente executada. <\/b><br> Acesse seu site para ver o desempenho do plugin. <\/li><\/ol><p>Ainda n\u00e3o consegue decidir? Ou tem perguntas a fazer? Basta enviar uma solicita\u00e7\u00e3o ao nosso departamento de suporte ao cliente para ajudar com qualquer problema. <\/p> <\/div>","protected":false},"excerpt":{"rendered":"","protected":false},"author":9,"featured_media":0,"parent":1000,"menu_order":0,"comment_status":"closed","ping_status":"closed","template":"templates\/template-application-platform.php","meta":{"publish_to_discourse":"","publish_post_category":"","wpdc_auto_publish_overridden":"","wpdc_topic_tags":"","wpdc_pin_topic":"","wpdc_pin_until":"","discourse_post_id":"","discourse_permalink":"","wpdc_publishing_response":"","wpdc_publishing_error":"","footnotes":""},"class_list":["post-8856","page","type-page","status-publish","hentry"],"yoast_head":"<!-- This site is optimized with the Yoast SEO plugin v25.3.1 - https:\/\/yoast.com\/wordpress\/plugins\/seo\/ -->\n<title>Adicione o m\u00f3dulo Yelp Reviews ao seu site Drupal (r\u00e1pido e f\u00e1cil)<\/title>\n<meta name=\"description\" content=\"\u00c9 f\u00e1cil e r\u00e1pido criar seu widget Yelp Reviews e public\u00e1-lo em seu site Drupal. O suporte ao cliente da Elfsight \u00e9 gratuito.\" \/>\n<meta name=\"robots\" content=\"index, follow, max-snippet:-1, max-image-preview:large, max-video-preview:-1\" \/>\n<link rel=\"canonical\" href=\"https:\/\/elfsight.com\/pt\/yelp-reviews-widget\/drupal\/\" \/>\n<meta property=\"og:locale\" content=\"pt_PT\" \/>\n<meta property=\"og:type\" content=\"article\" \/>\n<meta property=\"og:title\" content=\"Adicione o m\u00f3dulo Yelp Reviews ao seu site Drupal (r\u00e1pido e f\u00e1cil)\" \/>\n<meta property=\"og:description\" content=\"\u00c9 f\u00e1cil e r\u00e1pido criar seu widget Yelp Reviews e public\u00e1-lo em seu site Drupal. O suporte ao cliente da Elfsight \u00e9 gratuito.\" \/>\n<meta property=\"og:url\" content=\"https:\/\/elfsight.com\/pt\/yelp-reviews-widget\/drupal\/\" \/>\n<meta property=\"og:site_name\" content=\"Elfsight PT\" \/>\n<meta property=\"article:modified_time\" content=\"2024-11-13T12:07:30+00:00\" \/>\n<meta name=\"twitter:card\" content=\"summary_large_image\" \/>\n<meta name=\"twitter:label1\" content=\"Tempo estimado de leitura\" \/>\n\t<meta name=\"twitter:data1\" content=\"3 minutos\" \/>\n<!-- \/ Yoast SEO plugin. -->","yoast_head_json":{"title":"Adicione o m\u00f3dulo Yelp Reviews ao seu site Drupal (r\u00e1pido e f\u00e1cil)","description":"\u00c9 f\u00e1cil e r\u00e1pido criar seu widget Yelp Reviews e public\u00e1-lo em seu site Drupal. O suporte ao cliente da Elfsight \u00e9 gratuito.","robots":{"index":"index","follow":"follow","max-snippet":"max-snippet:-1","max-image-preview":"max-image-preview:large","max-video-preview":"max-video-preview:-1"},"canonical":"https:\/\/elfsight.com\/pt\/yelp-reviews-widget\/drupal\/","og_locale":"pt_PT","og_type":"article","og_title":"Adicione o m\u00f3dulo Yelp Reviews ao seu site Drupal (r\u00e1pido e f\u00e1cil)","og_description":"\u00c9 f\u00e1cil e r\u00e1pido criar seu widget Yelp Reviews e public\u00e1-lo em seu site Drupal. O suporte ao cliente da Elfsight \u00e9 gratuito.","og_url":"https:\/\/elfsight.com\/pt\/yelp-reviews-widget\/drupal\/","og_site_name":"Elfsight PT","article_modified_time":"2024-11-13T12:07:30+00:00","twitter_card":"summary_large_image","twitter_misc":{"Tempo estimado de leitura":"3 minutos"},"schema":{"@context":"https:\/\/schema.org","@graph":[{"@type":"WebPage","@id":"https:\/\/elfsight.com\/pt\/yelp-reviews-widget\/drupal\/","url":"https:\/\/elfsight.com\/pt\/yelp-reviews-widget\/drupal\/","name":"Adicione o m\u00f3dulo Yelp Reviews ao seu site Drupal (r\u00e1pido e f\u00e1cil)","isPartOf":{"@id":"https:\/\/elfsight.com\/pt\/#website"},"datePublished":"1970-01-01T00:00:00+00:00","dateModified":"2024-11-13T12:07:30+00:00","description":"\u00c9 f\u00e1cil e r\u00e1pido criar seu widget Yelp Reviews e public\u00e1-lo em seu site Drupal. O suporte ao cliente da Elfsight \u00e9 gratuito.","breadcrumb":{"@id":"https:\/\/elfsight.com\/pt\/yelp-reviews-widget\/drupal\/#breadcrumb"},"inLanguage":"pt-PT","potentialAction":[{"@type":"ReadAction","target":["https:\/\/elfsight.com\/pt\/yelp-reviews-widget\/drupal\/"]}]},{"@type":"BreadcrumbList","@id":"https:\/\/elfsight.com\/pt\/yelp-reviews-widget\/drupal\/#breadcrumb","itemListElement":[{"@type":"ListItem","position":1,"name":"Home","item":"https:\/\/elfsight.com\/pt\/"},{"@type":"ListItem","position":2,"name":"Yelp Reviews","item":"https:\/\/elfsight.com\/pt\/yelp-reviews-widget\/"},{"@type":"ListItem","position":3,"name":"Yelp Reviews &#8211; Drupal"}]},{"@type":"WebSite","@id":"https:\/\/elfsight.com\/pt\/#website","url":"https:\/\/elfsight.com\/pt\/","name":"Elfsight PT","description":"Just another Elfsight Sites site","potentialAction":[{"@type":"SearchAction","target":{"@type":"EntryPoint","urlTemplate":"https:\/\/elfsight.com\/pt\/?s={search_term_string}"},"query-input":{"@type":"PropertyValueSpecification","valueRequired":true,"valueName":"search_term_string"}}],"inLanguage":"pt-PT"}]}},"meta_box":{"industry":"","seo_heading":"","heading":"","description":"","cta_heading":"","cta_description":"","application":"999","h1":"M\u00f3dulo Drupal Yelp Reviews","h1_caption":"Integre as impress\u00f5es de clientes mais atraentes do Yelp em seu site","application_category":[],"applications_title":"","applications_request_title":"","applications_request_button_text":"","hero_text":"","hero_video":"","hero_video_schema_markup":"","selling_points_title":"","selling_points_caption":"","selling_points":[],"selling_points_cta_text":"","features_title":"","features":"","ed_cta_examples_text":"","ed_cta_examples_hidden":"","ed_cta_demo_text":"","ed_cta_demo_hidden":"","why_caption":"","why_editor_title":"","why_editor_text":"","why_team_title":"","why_team_text":"","why_service_title":"","why_service_text":"","template_catalog_visible":"","template_catalog_title":"","template_catalog_text":"","template_catalog_categories_visible":"","demo_title":"Crie seu m\u00f3dulo Yelp Reviews","demo_caption":"Configure suas avalia\u00e7\u00f5es do Yelp e adicione-as ao seu site Drupal gratuitamente!","default_faq_hidden":"","app_template_category":[],"platform":"4905","template_public_id":"","codecanyon_url":"","codecanyon_item_id":"","codecanyon_price":"","pricing_caption":"","pricing_elfsight_apps_hide_column":"","pricing_elfsight_apps_url":"","pricing_codecanyon_price_caption":"","integration_category":[],"integration_request_title":"","integration_request_cta":"","integration_platform":"","integrations":[],"platform_category":[],"video_schema_markup":"","price":"a partir de US$ 0\/m\u00eas","trial":"","benefits":[{"text":"Servi\u00e7o de instala\u00e7\u00e3o gratuito"},{"text":"Suporte ao cliente competente"},{"text":"Garantia de devolu\u00e7\u00e3o do dinheiro em 14 dias"},{"text":"Melhorias gratuitas cont\u00ednuas"}],"button_url":"#demo","button_target_blank":"","button_nofollow":"","attributes":[{"name":"Instala\u00e7\u00f5es","content":"10,000 - 100,000"},{"name":"Responsivo","content":"Sim"},{"name":"Navegadores compat\u00edveis","content":"IE11, Firefox, Safari, Opera, Chrome, Edge"}],"tags":[],"tags_disable_links":"","hide_more_platforms":"","video_object":"","demo_hide_cta":"","demo_hide_cloud_options":"","pricing_title":"","pricing":[{"pricing_icon":"platform","pricing_title":"Elfsight Apps","pricing_title_caption":"Software multiplataforma","pricing_price":"a partir de US$ 0\/m\u00eas","pricing_price_caption":"comece com plano gratuito","pricing_benefits":[{"text":"Sites ilimitados"},{"text":"Suporte dedicado e bem documentado"},{"text":"Suporte dedicado e bem documentado"},{"text":"Oferta especial para v\u00e1rios aplicativos"}],"pricing_button_text":"Adicionar ao site","pricing_button_url":"#demo"}],"related_apps_title":"","related_apps_hidden":"","author":"","image":[],"title":"","job":"","social_networks":[]},"_links":{"self":[{"href":"https:\/\/elfsight.com\/pt\/wp-json\/wp\/v2\/pages\/8856","targetHints":{"allow":["GET"]}}],"collection":[{"href":"https:\/\/elfsight.com\/pt\/wp-json\/wp\/v2\/pages"}],"about":[{"href":"https:\/\/elfsight.com\/pt\/wp-json\/wp\/v2\/types\/page"}],"author":[{"embeddable":true,"href":"https:\/\/elfsight.com\/pt\/wp-json\/wp\/v2\/users\/9"}],"replies":[{"embeddable":true,"href":"https:\/\/elfsight.com\/pt\/wp-json\/wp\/v2\/comments?post=8856"}],"version-history":[{"count":1,"href":"https:\/\/elfsight.com\/pt\/wp-json\/wp\/v2\/pages\/8856\/revisions"}],"predecessor-version":[{"id":8860,"href":"https:\/\/elfsight.com\/pt\/wp-json\/wp\/v2\/pages\/8856\/revisions\/8860"}],"up":[{"embeddable":true,"href":"https:\/\/elfsight.com\/pt\/wp-json\/wp\/v2\/pages\/1000"}],"wp:attachment":[{"href":"https:\/\/elfsight.com\/pt\/wp-json\/wp\/v2\/media?parent=8856"}],"curies":[{"name":"wp","href":"https:\/\/api.w.org\/{rel}","templated":true}]}}