{"id":8855,"date":"1970-01-01T00:00:00","date_gmt":"1970-01-01T00:00:00","guid":{"rendered":"https:\/\/elfsight.com\/pt\/?page_id=8855"},"modified":"2024-11-13T12:07:21","modified_gmt":"2024-11-13T12:07:21","slug":"weebly","status":"publish","type":"page","link":"https:\/\/elfsight.com\/pt\/yelp-reviews-widget\/weebly\/","title":{"rendered":"Yelp Reviews &#8211; Weebly"},"content":{"rendered":"<div class=\"application-platform-content-item-description application-platform-content-item\" id=\"description\" data-nav-section=\"description\"> <h2>Descri\u00e7\u00e3o<\/h2> <p>Se voc\u00ea quiser revelar sua aprecia\u00e7\u00e3o entre os clientes e convencer os visitantes do site de que vale a pena comprar suas ofertas, As Avalia\u00e7\u00f5es do Yelp da Elfsight s\u00e3o a escolha certa. Com nosso widget, voc\u00ea pode incorporar avalia\u00e7\u00f5es de clientes do Yelp em seu site com informa\u00e7\u00f5es sobre seus autores; use filtros para mostrar apenas as boas avalia\u00e7\u00f5es; e adicione classifica\u00e7\u00f5es e um bot\u00e3o ativo, que levar\u00e1 os usu\u00e1rios \u00e0 sua p\u00e1gina do Yelp, onde eles poder\u00e3o escrever seus coment\u00e1rios. <\/p><div class=\"faq\" data-component=\"FAQ\"> <div class=\"faq-item\">\r\n\t\t\t\t\t<div class=\"faq-item-question\">\r\n\t\t\t\t\t\t<h3 class=\"faq-item-question-text\">Onde posso adicionar o widget de Avalia\u00e7\u00f5es no meu site<\/h3>\r\n\r\n\t\t\t\t\t\t<div class=\"faq-item-question-icon\"><\/div>\r\n\t\t\t\t\t<\/div>\r\n\r\n\t\t\t\t\t<div class=\"faq-item-answer\">\r\n\t\t\t\t\t\t<div class=\"faq-item-answer-text\"> <p>Voc\u00ea pode exibir o widget em qualquer p\u00e1gina do site ou coloc\u00e1-lo no modelo do site, para que ser\u00e1 revelado em todas as p\u00e1ginas. As avalia\u00e7\u00f5es podem funcionar bem nas p\u00e1ginas de produtos ou na p\u00e1gina Sobre n\u00f3s, onde voc\u00ea deseja exibir sua alta avalia\u00e7\u00e3o. <\/p><\/div>\r\n\t\t\t\t\t<\/div>\r\n\t\t\t\t<\/div> <div class=\"faq-item\">\r\n\t\t\t\t\t<div class=\"faq-item-question\">\r\n\t\t\t\t\t\t<h3 class=\"faq-item-question-text\">Quais s\u00e3o os benef\u00edcios de ter o widget para mim? <\/h3>\r\n\r\n\t\t\t\t\t\t<div class=\"faq-item-question-icon\"><\/div>\r\n\t\t\t\t\t<\/div>\r\n\r\n\t\t\t\t\t<div class=\"faq-item-answer\">\r\n\t\t\t\t\t\t<div class=\"faq-item-answer-text\"> <p>Avalia\u00e7\u00f5es de pessoas reais parecem perfeitamente confi\u00e1veis \u200b\u200bpara os usu\u00e1rios do seu site e mostram a eles que sua empresa \u00e9 confi\u00e1vel. Avalia\u00e7\u00f5es altas e avalia\u00e7\u00f5es positivas podem ajudar a fortalecer as vendas do seu site. Al\u00e9m disso, o bot\u00e3o ativo pode contribuir para uma maior quantidade de avalia\u00e7\u00f5es de clientes sobre sua empresa no Yelp. <\/p> <\/div>\r\n\t\t\t\t\t<\/div>\r\n\t\t\t\t<\/div> <div class=\"faq-item\">\r\n\t\t\t\t\t<div class=\"faq-item-question\">\r\n\t\t\t\t\t\t<h3 class=\"faq-item-question-text\">Como posso incorporar o widget Avalia\u00e7\u00f5es do Yelp em meu site do Weebly? <\/h3>\r\n\r\n\t\t\t\t\t\t<div class=\"faq-item-question-icon\"><\/div>\r\n\t\t\t\t\t<\/div>\r\n\r\n\t\t\t\t\t<div class=\"faq-item-answer\">\r\n\t\t\t\t\t\t<div class=\"faq-item-answer-text\"> <p>A ativa\u00e7\u00e3o levar\u00e1 alguns minutos. A adi\u00e7\u00e3o \u00e9 super r\u00e1pida, gratuita e sem codifica\u00e7\u00e3o. <\/p> <p>O widget pode ser integrado atrav\u00e9s do nosso servi\u00e7o ou atrav\u00e9s do marketplace. Voc\u00ea pode conhecer as duas op\u00e7\u00f5es e selecionar a mais adequada. <\/p><\/div>\r\n\t\t\t\t\t<\/div>\r\n\t\t\t\t<\/div> <\/div> <\/div> <div class=\"application-platform-content-item-features application-platform-content-item\" id=\"features\" data-nav-section=\"features\"> <h2>Recursos<\/h2> <p>Para entender melhor o widget Avalia\u00e7\u00f5es, descubra a lista dos seus mais caracteristicas importantes. Eles tornam o widget o mais eficiente poss\u00edvel para voc\u00ea: <\/p> <ul> <li>3 filtros dispon\u00edveis: por tipo, exclus\u00e3o por e quantidade de avalia\u00e7\u00f5es para exibi\u00e7\u00e3o; <\/li> <li>Quatro layouts dispon\u00edveis: Lista, Grade, Alvenaria e Slider; <\/li> <li> Cabe\u00e7alho altern\u00e1vel do widget; <\/li> <li>O bot\u00e3o de solicita\u00e7\u00e3o de revis\u00e3o direciona as pessoas para sua p\u00e1gina do Yelp; <\/li> <li>6 elementos personaliz\u00e1veis \u200b\u200bdas resenhas: nome do autor e imagem, texto de recomenda\u00e7\u00e3o, data, \u00edcone do Yelp e classifica\u00e7\u00e3o por estrelas; <\/li> <li>Duas alternativas de cen\u00e1rios de rejei\u00e7\u00e3o de solicita\u00e7\u00e3o de revis\u00e3o: revelar sua mensagem ou ocultar o bot\u00e3o. <\/li> <\/ul><p><a href=\"#demo\">Saiba mais sobre os recursos em nossa demonstra\u00e7\u00e3o ao vivo<\/a><\/p> <\/div> <div class=\"application-platform-content-item-installation application-platform-content-item\" id=\"installation\" data-nav-section=\"installation\"> <h2>Como adicionar avalia\u00e7\u00f5es do Yelp ao seu site do Weebly<\/h2><div class=\"video-container\"><iframe width=\"720\" height=\"405\" src=\"https:\/\/www.youtube.com\/embed\/iOt0bRFCw0E\" frameborder=\"0\" allowfullscreen=\"\"><\/iframe><\/div><p>Voc\u00ea s\u00f3 precisa realizar v\u00e1rias a\u00e7\u00f5es para exibir o widget em seu site. <\/p> <ol><li><b>Utilize nosso configurador gratuito e comece a moldar seu aplicativo exclusivo. <\/b><br> Encontre a apar\u00eancia e os aspectos preferidos do aplicativo e salve todas as edi\u00e7\u00f5es. <\/li> <li><b>Copie o c\u00f3digo pessoal que aparece na janela dos aplicativos Elfsight. <\/b><br> Terminada a configura\u00e7\u00e3o do seu aplicativo pessoal, copie o c\u00f3digo exclusivo na janela exibida e salve-o para uso futuro. <\/li> <li><b>Comece a usar o aplicativo no site do Weebly. <\/b><br> Coloque o c\u00f3digo que voc\u00ea copiou recentemente em sua p\u00e1gina web e salve as corre\u00e7\u00f5es. <\/li> <li><b>A instala\u00e7\u00e3o foi realizada com sucesso. <\/b><br> Acesse sua p\u00e1gina da Web para inspecionar o desempenho do aplicativo. <\/li><\/ol><p>Ainda n\u00e3o consegue se decidir? Ou trope\u00e7ou em alguma coisa? Basta enviar uma solicita\u00e7\u00e3o ao nosso atendimento ao cliente para resolver todos os problemas. <\/p> <\/div>","protected":false},"excerpt":{"rendered":"","protected":false},"author":9,"featured_media":0,"parent":1000,"menu_order":0,"comment_status":"closed","ping_status":"closed","template":"templates\/template-application-platform.php","meta":{"publish_to_discourse":"","publish_post_category":"","wpdc_auto_publish_overridden":"","wpdc_topic_tags":"","wpdc_pin_topic":"","wpdc_pin_until":"","discourse_post_id":"","discourse_permalink":"","wpdc_publishing_response":"","wpdc_publishing_error":"","footnotes":""},"class_list":["post-8855","page","type-page","status-publish","hentry"],"yoast_head":"<!-- This site is optimized with the Yoast SEO plugin v25.3.1 - https:\/\/yoast.com\/wordpress\/plugins\/seo\/ -->\n<title>Adicione o aplicativo Yelp Reviews ao seu site do Weebly (em 2 minutos)<\/title>\n<meta name=\"description\" content=\"Esta \u00e9 uma chance de criar um widget eficaz de avalia\u00e7\u00f5es do Yelp e adicion\u00e1-lo ao seu site do Weebly. Obtenha atendimento ao cliente gratuito e outras vantagens da Elfsight.\" \/>\n<meta name=\"robots\" content=\"index, follow, max-snippet:-1, max-image-preview:large, max-video-preview:-1\" \/>\n<link rel=\"canonical\" href=\"https:\/\/elfsight.com\/pt\/yelp-reviews-widget\/weebly\/\" \/>\n<meta property=\"og:locale\" content=\"pt_PT\" \/>\n<meta property=\"og:type\" content=\"article\" \/>\n<meta property=\"og:title\" content=\"Adicione o aplicativo Yelp Reviews ao seu site do Weebly (em 2 minutos)\" \/>\n<meta property=\"og:description\" content=\"Esta \u00e9 uma chance de criar um widget eficaz de avalia\u00e7\u00f5es do Yelp e adicion\u00e1-lo ao seu site do Weebly. Obtenha atendimento ao cliente gratuito e outras vantagens da Elfsight.\" \/>\n<meta property=\"og:url\" content=\"https:\/\/elfsight.com\/pt\/yelp-reviews-widget\/weebly\/\" \/>\n<meta property=\"og:site_name\" content=\"Elfsight PT\" \/>\n<meta property=\"article:modified_time\" content=\"2024-11-13T12:07:21+00:00\" \/>\n<meta name=\"twitter:card\" content=\"summary_large_image\" \/>\n<meta name=\"twitter:label1\" content=\"Tempo estimado de leitura\" \/>\n\t<meta name=\"twitter:data1\" content=\"3 minutos\" \/>\n<!-- \/ Yoast SEO plugin. -->","yoast_head_json":{"title":"Adicione o aplicativo Yelp Reviews ao seu site do Weebly (em 2 minutos)","description":"Esta \u00e9 uma chance de criar um widget eficaz de avalia\u00e7\u00f5es do Yelp e adicion\u00e1-lo ao seu site do Weebly. Obtenha atendimento ao cliente gratuito e outras vantagens da Elfsight.","robots":{"index":"index","follow":"follow","max-snippet":"max-snippet:-1","max-image-preview":"max-image-preview:large","max-video-preview":"max-video-preview:-1"},"canonical":"https:\/\/elfsight.com\/pt\/yelp-reviews-widget\/weebly\/","og_locale":"pt_PT","og_type":"article","og_title":"Adicione o aplicativo Yelp Reviews ao seu site do Weebly (em 2 minutos)","og_description":"Esta \u00e9 uma chance de criar um widget eficaz de avalia\u00e7\u00f5es do Yelp e adicion\u00e1-lo ao seu site do Weebly. Obtenha atendimento ao cliente gratuito e outras vantagens da Elfsight.","og_url":"https:\/\/elfsight.com\/pt\/yelp-reviews-widget\/weebly\/","og_site_name":"Elfsight PT","article_modified_time":"2024-11-13T12:07:21+00:00","twitter_card":"summary_large_image","twitter_misc":{"Tempo estimado de leitura":"3 minutos"},"schema":{"@context":"https:\/\/schema.org","@graph":[{"@type":"WebPage","@id":"https:\/\/elfsight.com\/pt\/yelp-reviews-widget\/weebly\/","url":"https:\/\/elfsight.com\/pt\/yelp-reviews-widget\/weebly\/","name":"Adicione o aplicativo Yelp Reviews ao seu site do Weebly (em 2 minutos)","isPartOf":{"@id":"https:\/\/elfsight.com\/pt\/#website"},"datePublished":"1970-01-01T00:00:00+00:00","dateModified":"2024-11-13T12:07:21+00:00","description":"Esta \u00e9 uma chance de criar um widget eficaz de avalia\u00e7\u00f5es do Yelp e adicion\u00e1-lo ao seu site do Weebly. Obtenha atendimento ao cliente gratuito e outras vantagens da Elfsight.","breadcrumb":{"@id":"https:\/\/elfsight.com\/pt\/yelp-reviews-widget\/weebly\/#breadcrumb"},"inLanguage":"pt-PT","potentialAction":[{"@type":"ReadAction","target":["https:\/\/elfsight.com\/pt\/yelp-reviews-widget\/weebly\/"]}]},{"@type":"BreadcrumbList","@id":"https:\/\/elfsight.com\/pt\/yelp-reviews-widget\/weebly\/#breadcrumb","itemListElement":[{"@type":"ListItem","position":1,"name":"Home","item":"https:\/\/elfsight.com\/pt\/"},{"@type":"ListItem","position":2,"name":"Yelp Reviews","item":"https:\/\/elfsight.com\/pt\/yelp-reviews-widget\/"},{"@type":"ListItem","position":3,"name":"Yelp Reviews &#8211; Weebly"}]},{"@type":"WebSite","@id":"https:\/\/elfsight.com\/pt\/#website","url":"https:\/\/elfsight.com\/pt\/","name":"Elfsight PT","description":"Just another Elfsight Sites site","potentialAction":[{"@type":"SearchAction","target":{"@type":"EntryPoint","urlTemplate":"https:\/\/elfsight.com\/pt\/?s={search_term_string}"},"query-input":{"@type":"PropertyValueSpecification","valueRequired":true,"valueName":"search_term_string"}}],"inLanguage":"pt-PT"}]}},"meta_box":{"industry":"","seo_heading":"","heading":"","description":"","cta_heading":"","cta_description":"","application":"999","h1":"Aplicativo Weebly Yelp Reviews","h1_caption":"Adicione as melhores avalia\u00e7\u00f5es de clientes do Yelp ao seu site","application_category":[],"applications_title":"","applications_request_title":"","applications_request_button_text":"","hero_text":"","hero_video":"","hero_video_schema_markup":"","selling_points_title":"","selling_points_caption":"","selling_points":[],"selling_points_cta_text":"","features_title":"","features":"","ed_cta_examples_text":"","ed_cta_examples_hidden":"","ed_cta_demo_text":"","ed_cta_demo_hidden":"","why_caption":"","why_editor_title":"","why_editor_text":"","why_team_title":"","why_team_text":"","why_service_title":"","why_service_text":"","template_catalog_visible":"","template_catalog_title":"","template_catalog_text":"","template_catalog_categories_visible":"","demo_title":"Crie seu aplicativo Yelp Reviews","demo_caption":"Configure suas avalia\u00e7\u00f5es do Yelp e adicione-as ao seu site do Weebly gratuitamente!","default_faq_hidden":"","app_template_category":[],"platform":"73","template_public_id":"","codecanyon_url":"","codecanyon_item_id":"","codecanyon_price":"","pricing_caption":"","pricing_elfsight_apps_hide_column":"","pricing_elfsight_apps_url":"","pricing_codecanyon_price_caption":"","integration_category":[],"integration_request_title":"","integration_request_cta":"","integration_platform":"","integrations":[],"platform_category":[],"video_schema_markup":"","price":"a partir de US$ 0\/m\u00eas","trial":"","benefits":[{"text":"Ajuda de instala\u00e7\u00e3o gratuita"},{"text":"Atendimento ao cliente profissional"},{"text":"Garantia de devolu\u00e7\u00e3o do dinheiro em 14 dias"},{"text":"Desenvolvimento cont\u00ednuo"}],"button_url":"#demo","button_target_blank":"","button_nofollow":"","attributes":[{"name":"Instala\u00e7\u00f5es","content":"10,000 - 100,000"},{"name":"Responsivo","content":"Sim"},{"name":"Navegadores compat\u00edveis","content":"Firefox, Safari, Opera, Chrome, Edge"}],"tags":[],"tags_disable_links":"","hide_more_platforms":"","video_object":"","demo_hide_cta":"","demo_hide_cloud_options":"","pricing_title":"","pricing":[{"pricing_icon":"platform","pricing_title":"Elfsight Apps","pricing_title_caption":"Software independente de plataforma","pricing_price":"a partir de US$ 0\/m\u00eas","pricing_price_caption":"comece com um plano gratuito","pricing_benefits":[{"text":"Dom\u00ednios ilimitados"},{"text":"Suporte gratuito, pontual e bem documentado"},{"text":"Suporte gratuito, pontual e bem documentado"},{"text":"Design flex\u00edvel"}],"pricing_button_text":"Adicionar ao site","pricing_button_url":"#demo"}],"related_apps_title":"","related_apps_hidden":"","author":"","image":[],"title":"","job":"","social_networks":[]},"_links":{"self":[{"href":"https:\/\/elfsight.com\/pt\/wp-json\/wp\/v2\/pages\/8855","targetHints":{"allow":["GET"]}}],"collection":[{"href":"https:\/\/elfsight.com\/pt\/wp-json\/wp\/v2\/pages"}],"about":[{"href":"https:\/\/elfsight.com\/pt\/wp-json\/wp\/v2\/types\/page"}],"author":[{"embeddable":true,"href":"https:\/\/elfsight.com\/pt\/wp-json\/wp\/v2\/users\/9"}],"replies":[{"embeddable":true,"href":"https:\/\/elfsight.com\/pt\/wp-json\/wp\/v2\/comments?post=8855"}],"version-history":[{"count":2,"href":"https:\/\/elfsight.com\/pt\/wp-json\/wp\/v2\/pages\/8855\/revisions"}],"predecessor-version":[{"id":12422,"href":"https:\/\/elfsight.com\/pt\/wp-json\/wp\/v2\/pages\/8855\/revisions\/12422"}],"up":[{"embeddable":true,"href":"https:\/\/elfsight.com\/pt\/wp-json\/wp\/v2\/pages\/1000"}],"wp:attachment":[{"href":"https:\/\/elfsight.com\/pt\/wp-json\/wp\/v2\/media?parent=8855"}],"curies":[{"name":"wp","href":"https:\/\/api.w.org\/{rel}","templated":true}]}}