{"id":8850,"date":"1970-01-01T00:00:00","date_gmt":"1970-01-01T00:00:00","guid":{"rendered":"https:\/\/elfsight.com\/pt\/?page_id=8850"},"modified":"2024-11-13T12:07:21","modified_gmt":"2024-11-13T12:07:21","slug":"joomla","status":"publish","type":"page","link":"https:\/\/elfsight.com\/pt\/yelp-reviews-widget\/joomla\/","title":{"rendered":"Yelp Reviews &#8211; Joomla"},"content":{"rendered":"<div class=\"application-platform-content-item-description application-platform-content-item\" id=\"description\" data-nav-section=\"description\"> <h2>Descri\u00e7\u00e3o<\/h2> <p>Se voc\u00ea deseja exibir sua classifica\u00e7\u00e3o alta e convencer os visitantes do site de que suas ofertas t\u00eam uma boa rela\u00e7\u00e3o custo-benef\u00edcio, O widget Elfsight Yelp Reviews combina perfeitamente com voc\u00ea. Com esta ferramenta, voc\u00ea ir\u00e1 inserir rapidamente avalia\u00e7\u00f5es de clientes do Yelp em seu site com detalhes sobre seus autores, filtr\u00e1-los para demonstrar apenas positivos, adicionar avalia\u00e7\u00f5es e um bot\u00e3o de solicita\u00e7\u00e3o de revis\u00e3o que levar\u00e1 os usu\u00e1rios \u00e0 sua p\u00e1gina do Yelp, onde eles podem adicionar mais um an\u00e1lise. <\/p><div class=\"faq\" data-component=\"FAQ\"> <div class=\"faq-item\">\r\n\t\t\t\t\t<div class=\"faq-item-question\">\r\n\t\t\t\t\t\t<h3 class=\"faq-item-question-text\">Onde posso instalar o widget de avalia\u00e7\u00f5es no meu site<\/h3>\r\n\r\n\t\t\t\t\t\t<div class=\"faq-item-question-icon\"><\/div>\r\n\t\t\t\t\t<\/div>\r\n\r\n\t\t\t\t\t<div class=\"faq-item-answer\">\r\n\t\t\t\t\t\t<div class=\"faq-item-answer-text\"> <p>O widget pode ser configurado em qualquer p\u00e1gina da web, onde voc\u00ea gostaria de exibir sua alta classifica\u00e7\u00e3o e popularidade entre os clientes . Se quiser mostrar o widget em todas as p\u00e1ginas do seu site, voc\u00ea pode facilmente introduzi-lo no modelo do site. <\/p><\/div>\r\n\t\t\t\t\t<\/div>\r\n\t\t\t\t<\/div> <div class=\"faq-item\">\r\n\t\t\t\t\t<div class=\"faq-item-question\">\r\n\t\t\t\t\t\t<h3 class=\"faq-item-question-text\">Quais vantagens isso me oferece? <\/h3>\r\n\r\n\t\t\t\t\t\t<div class=\"faq-item-question-icon\"><\/div>\r\n\t\t\t\t\t<\/div>\r\n\r\n\t\t\t\t\t<div class=\"faq-item-answer\">\r\n\t\t\t\t\t\t<div class=\"faq-item-answer-text\"> <p>Avalia\u00e7\u00f5es de pessoas reais parecem extremamente confi\u00e1veis \u200b\u200bpara os clientes do seu site e significam para eles que sua empresa \u00e9 um parceiro confi\u00e1vel. Avalia\u00e7\u00f5es altas e avalia\u00e7\u00f5es positivas podem ajudar a aumentar as compras em seu site. Al\u00e9m disso, o bot\u00e3o ativo pode contribuir para mais avalia\u00e7\u00f5es de usu\u00e1rios sobre sua empresa no Yelp. <\/p> <\/div>\r\n\t\t\t\t\t<\/div>\r\n\t\t\t\t<\/div> <div class=\"faq-item\">\r\n\t\t\t\t\t<div class=\"faq-item-question\">\r\n\t\t\t\t\t\t<h3 class=\"faq-item-question-text\">Como posso incorporar coment\u00e1rios do widget Yelp ao meu site Joomla? <\/h3>\r\n\r\n\t\t\t\t\t\t<div class=\"faq-item-question-icon\"><\/div>\r\n\t\t\t\t\t<\/div>\r\n\r\n\t\t\t\t\t<div class=\"faq-item-answer\">\r\n\t\t\t\t\t\t<div class=\"faq-item-answer-text\"> <p>Leva apenas dois minutos do seu tempo para come\u00e7ar a usar o widget. \u00c9 extremamente r\u00e1pido, gratuito e n\u00e3o requer codifica\u00e7\u00e3o. <\/p> <p>O widget Elfsight Reviews pode ser configurado atrav\u00e9s do nosso servi\u00e7o ou no marketplace. Voc\u00ea pode comparar as duas op\u00e7\u00f5es e escolher a sua. <\/p><\/div>\r\n\t\t\t\t\t<\/div>\r\n\t\t\t\t<\/div> <\/div> <\/div> <div class=\"application-platform-content-item-features application-platform-content-item\" id=\"features\" data-nav-section=\"features\"> <h2>Recursos<\/h2> <p>Para ter uma compreens\u00e3o completa do widget, voc\u00ea pode estudar a lista de as caracter\u00edsticas essenciais. Eles tornam nosso widget realmente eficaz para voc\u00ea: <\/p> <ul> <li>Tr\u00eas tipos de filtros: por tipo, exclus\u00e3o por e quantidade de avalia\u00e7\u00f5es a serem exibidas; <\/li> <li>4 layouts dispon\u00edveis: Lista, Grade, Alvenaria e Slider; <\/li> <li>Uma op\u00e7\u00e3o para ativar\/desativar o cabe\u00e7alho do widget; <\/li> <li>O bot\u00e3o para solicitar uma revis\u00e3o leva os clientes \u00e0 sua p\u00e1gina do Yelp; <\/li> <li>Seis elementos flex\u00edveis das resenhas: nome e imagem do autor, texto de recomenda\u00e7\u00e3o, data da postagem, \u00edcone do Yelp e classifica\u00e7\u00e3o por estrelas; <\/li> <li>Dois cen\u00e1rios poss\u00edveis de recusa de solicita\u00e7\u00e3o de revis\u00e3o: exibir uma mensagem personalizada ou ocultar o bot\u00e3o. <\/li> <\/ul><p><a href=\"#demo\">Nossa demonstra\u00e7\u00e3o ao vivo demonstrar\u00e1 mais recursos para voc\u00ea<\/a><\/p> <\/div> <div class=\"application-platform-content-item-installation application-platform-content-item\" id=\"installation\" data-nav-section=\"installation\"> <h2>Veja como incorporar as Avalia\u00e7\u00f5es do Yelp em seu site Joomla<\/h2> <p>Basta seguir as instru\u00e7\u00f5es abaixo para ativar a extens\u00e3o Avalia\u00e7\u00f5es do Yelp no Joomla.<\/p> <ol><li><b>Realize nosso teste gratuito configurador e comece a construir seu widget personalizado. <\/b><br> Escolha a forma e funcionalidade preferidas da extens\u00e3o e aplique as corre\u00e7\u00f5es. <\/li> <li><b>Adquira o seu c\u00f3digo exclusivo exposto no formul\u00e1rio especial nas aplica\u00e7\u00f5es Elfsight. <\/b><br> Quando a cria\u00e7\u00e3o de sua ferramenta estiver conclu\u00edda, copie o c\u00f3digo individual na janela exibida e guarde-o para futuras ocasi\u00f5es. <\/li> <li><b>Comece a usar a ferramenta no site Joomla. <\/b><br>Incorpore o c\u00f3digo copiado anteriormente em seu site e aplique os ajustes. <\/li> <li><b>Conclu\u00eddo! A integra\u00e7\u00e3o \u00e9 totalmente realizada. <\/b><br> Acesse sua p\u00e1gina para ver em a\u00e7\u00e3o como a ferramenta est\u00e1 operando. <\/li><\/ol><p>Ainda inseguro? Ou trope\u00e7ou em alguma coisa? Em seguida, envie uma solicita\u00e7\u00e3o para nossa equipe de suporte; resolveremos qualquer problema. <\/p> <\/div>","protected":false},"excerpt":{"rendered":"","protected":false},"author":9,"featured_media":0,"parent":1000,"menu_order":0,"comment_status":"closed","ping_status":"closed","template":"templates\/template-application-platform.php","meta":{"publish_to_discourse":"","publish_post_category":"","wpdc_auto_publish_overridden":"","wpdc_topic_tags":"","wpdc_pin_topic":"","wpdc_pin_until":"","discourse_post_id":"","discourse_permalink":"","wpdc_publishing_response":"","wpdc_publishing_error":"","footnotes":""},"class_list":["post-8850","page","type-page","status-publish","hentry"],"yoast_head":"<!-- This site is optimized with the Yoast SEO plugin v25.3.1 - https:\/\/yoast.com\/wordpress\/plugins\/seo\/ -->\n<title>Adicione a extens\u00e3o Yelp Reviews ao seu site Joomla (2025)<\/title>\n<meta name=\"description\" content=\"Com a Elfsight, crie suas avalia\u00e7\u00f5es do Yelp e exiba-as no seu site Joomla de maneira r\u00e1pida e f\u00e1cil. Oferecemos atendimento gratuito ao cliente e outros b\u00f4nus.\" \/>\n<meta name=\"robots\" content=\"index, follow, max-snippet:-1, max-image-preview:large, max-video-preview:-1\" \/>\n<link rel=\"canonical\" href=\"https:\/\/elfsight.com\/pt\/yelp-reviews-widget\/joomla\/\" \/>\n<meta property=\"og:locale\" content=\"pt_PT\" \/>\n<meta property=\"og:type\" content=\"article\" \/>\n<meta property=\"og:title\" content=\"Adicione a extens\u00e3o Yelp Reviews ao seu site Joomla (2025)\" \/>\n<meta property=\"og:description\" content=\"Com a Elfsight, crie suas avalia\u00e7\u00f5es do Yelp e exiba-as no seu site Joomla de maneira r\u00e1pida e f\u00e1cil. Oferecemos atendimento gratuito ao cliente e outros b\u00f4nus.\" \/>\n<meta property=\"og:url\" content=\"https:\/\/elfsight.com\/pt\/yelp-reviews-widget\/joomla\/\" \/>\n<meta property=\"og:site_name\" content=\"Elfsight PT\" \/>\n<meta property=\"article:modified_time\" content=\"2024-11-13T12:07:21+00:00\" \/>\n<meta name=\"twitter:card\" content=\"summary_large_image\" \/>\n<meta name=\"twitter:label1\" content=\"Tempo estimado de leitura\" \/>\n\t<meta name=\"twitter:data1\" content=\"3 minutos\" \/>\n<!-- \/ Yoast SEO plugin. -->","yoast_head_json":{"title":"Adicione a extens\u00e3o Yelp Reviews ao seu site Joomla (2025)","description":"Com a Elfsight, crie suas avalia\u00e7\u00f5es do Yelp e exiba-as no seu site Joomla de maneira r\u00e1pida e f\u00e1cil. Oferecemos atendimento gratuito ao cliente e outros b\u00f4nus.","robots":{"index":"index","follow":"follow","max-snippet":"max-snippet:-1","max-image-preview":"max-image-preview:large","max-video-preview":"max-video-preview:-1"},"canonical":"https:\/\/elfsight.com\/pt\/yelp-reviews-widget\/joomla\/","og_locale":"pt_PT","og_type":"article","og_title":"Adicione a extens\u00e3o Yelp Reviews ao seu site Joomla (2025)","og_description":"Com a Elfsight, crie suas avalia\u00e7\u00f5es do Yelp e exiba-as no seu site Joomla de maneira r\u00e1pida e f\u00e1cil. Oferecemos atendimento gratuito ao cliente e outros b\u00f4nus.","og_url":"https:\/\/elfsight.com\/pt\/yelp-reviews-widget\/joomla\/","og_site_name":"Elfsight PT","article_modified_time":"2024-11-13T12:07:21+00:00","twitter_card":"summary_large_image","twitter_misc":{"Tempo estimado de leitura":"3 minutos"},"schema":{"@context":"https:\/\/schema.org","@graph":[{"@type":"WebPage","@id":"https:\/\/elfsight.com\/pt\/yelp-reviews-widget\/joomla\/","url":"https:\/\/elfsight.com\/pt\/yelp-reviews-widget\/joomla\/","name":"Adicione a extens\u00e3o Yelp Reviews ao seu site Joomla (2025)","isPartOf":{"@id":"https:\/\/elfsight.com\/pt\/#website"},"datePublished":"1970-01-01T00:00:00+00:00","dateModified":"2024-11-13T12:07:21+00:00","description":"Com a Elfsight, crie suas avalia\u00e7\u00f5es do Yelp e exiba-as no seu site Joomla de maneira r\u00e1pida e f\u00e1cil. Oferecemos atendimento gratuito ao cliente e outros b\u00f4nus.","breadcrumb":{"@id":"https:\/\/elfsight.com\/pt\/yelp-reviews-widget\/joomla\/#breadcrumb"},"inLanguage":"pt-PT","potentialAction":[{"@type":"ReadAction","target":["https:\/\/elfsight.com\/pt\/yelp-reviews-widget\/joomla\/"]}]},{"@type":"BreadcrumbList","@id":"https:\/\/elfsight.com\/pt\/yelp-reviews-widget\/joomla\/#breadcrumb","itemListElement":[{"@type":"ListItem","position":1,"name":"Home","item":"https:\/\/elfsight.com\/pt\/"},{"@type":"ListItem","position":2,"name":"Yelp Reviews","item":"https:\/\/elfsight.com\/pt\/yelp-reviews-widget\/"},{"@type":"ListItem","position":3,"name":"Yelp Reviews &#8211; Joomla"}]},{"@type":"WebSite","@id":"https:\/\/elfsight.com\/pt\/#website","url":"https:\/\/elfsight.com\/pt\/","name":"Elfsight PT","description":"Just another Elfsight Sites site","potentialAction":[{"@type":"SearchAction","target":{"@type":"EntryPoint","urlTemplate":"https:\/\/elfsight.com\/pt\/?s={search_term_string}"},"query-input":{"@type":"PropertyValueSpecification","valueRequired":true,"valueName":"search_term_string"}}],"inLanguage":"pt-PT"}]}},"meta_box":{"industry":"","seo_heading":"","heading":"","description":"","cta_heading":"","cta_description":"","application":"999","h1":"Extens\u00e3o Joomla Yelp Reviews","h1_caption":"Integre as impress\u00f5es perfeitas dos clientes do Yelp em seu site","application_category":[],"applications_title":"","applications_request_title":"","applications_request_button_text":"","hero_text":"","hero_video":"","hero_video_schema_markup":"","selling_points_title":"","selling_points_caption":"","selling_points":[],"selling_points_cta_text":"","features_title":"","features":"","ed_cta_examples_text":"","ed_cta_examples_hidden":"","ed_cta_demo_text":"","ed_cta_demo_hidden":"","why_caption":"","why_editor_title":"","why_editor_text":"","why_team_title":"","why_team_text":"","why_service_title":"","why_service_text":"","template_catalog_visible":"","template_catalog_title":"","template_catalog_text":"","template_catalog_categories_visible":"","demo_title":"Crie seu plugin Yelp Reviews","demo_caption":"Configure suas avalia\u00e7\u00f5es do Yelp e adicione-as ao seu site Joomla gratuitamente!","default_faq_hidden":"","app_template_category":[],"platform":"52","template_public_id":"","codecanyon_url":"","codecanyon_item_id":"","codecanyon_price":"","pricing_caption":"","pricing_elfsight_apps_hide_column":"","pricing_elfsight_apps_url":"","pricing_codecanyon_price_caption":"","integration_category":[],"integration_request_title":"","integration_request_cta":"","integration_platform":"","integrations":[],"platform_category":[],"video_schema_markup":"","price":"a partir de US$ 0\/m\u00eas","trial":"","benefits":[{"text":"Ajuda de instala\u00e7\u00e3o gratuita"},{"text":"Suporte ao cliente experiente"},{"text":"Garantia de devolu\u00e7\u00e3o do dinheiro em 14 dias"},{"text":"Desenvolvimento cont\u00ednuo"}],"button_url":"#demo","button_target_blank":"","button_nofollow":"","attributes":[{"name":"Instala\u00e7\u00f5es","content":"10,000 - 100,000"},{"name":"Responsivo","content":"Sim"},{"name":"Navegadores compat\u00edveis","content":"IE11, Firefox, Safari, Opera, Chrome, Edge"}],"tags":[],"tags_disable_links":"","hide_more_platforms":"","video_object":"","demo_hide_cta":"","demo_hide_cloud_options":"","pricing_title":"","pricing":[{"pricing_icon":"platform","pricing_title":"Elfsight Apps","pricing_title_caption":"Software independente de plataforma","pricing_price":"a partir de US$ 0\/m\u00eas","pricing_price_caption":"comece com plano gratuito","pricing_benefits":[{"text":"Dom\u00ednios ilimitados"},{"text":"Suporte dedicado e pontual"},{"text":"Suporte dedicado e pontual"},{"text":"Oferta por tempo limitado para v\u00e1rios aplicativos"}],"pricing_button_text":"Adicionar ao site","pricing_button_url":"#demo"}],"related_apps_title":"","related_apps_hidden":"","author":"","image":[],"title":"","job":"","social_networks":[]},"_links":{"self":[{"href":"https:\/\/elfsight.com\/pt\/wp-json\/wp\/v2\/pages\/8850","targetHints":{"allow":["GET"]}}],"collection":[{"href":"https:\/\/elfsight.com\/pt\/wp-json\/wp\/v2\/pages"}],"about":[{"href":"https:\/\/elfsight.com\/pt\/wp-json\/wp\/v2\/types\/page"}],"author":[{"embeddable":true,"href":"https:\/\/elfsight.com\/pt\/wp-json\/wp\/v2\/users\/9"}],"replies":[{"embeddable":true,"href":"https:\/\/elfsight.com\/pt\/wp-json\/wp\/v2\/comments?post=8850"}],"version-history":[{"count":1,"href":"https:\/\/elfsight.com\/pt\/wp-json\/wp\/v2\/pages\/8850\/revisions"}],"predecessor-version":[{"id":8854,"href":"https:\/\/elfsight.com\/pt\/wp-json\/wp\/v2\/pages\/8850\/revisions\/8854"}],"up":[{"embeddable":true,"href":"https:\/\/elfsight.com\/pt\/wp-json\/wp\/v2\/pages\/1000"}],"wp:attachment":[{"href":"https:\/\/elfsight.com\/pt\/wp-json\/wp\/v2\/media?parent=8850"}],"curies":[{"name":"wp","href":"https:\/\/api.w.org\/{rel}","templated":true}]}}