{"id":8849,"date":"1970-01-01T00:00:00","date_gmt":"1970-01-01T00:00:00","guid":{"rendered":"https:\/\/elfsight.com\/pt\/?page_id=8849"},"modified":"2024-11-13T12:07:21","modified_gmt":"2024-11-13T12:07:21","slug":"magento","status":"publish","type":"page","link":"https:\/\/elfsight.com\/pt\/yelp-reviews-widget\/magento\/","title":{"rendered":"Yelp Reviews &#8211; Magento"},"content":{"rendered":"<div class=\"application-platform-content-item-description application-platform-content-item\" id=\"description\" data-nav-section=\"description\"> <h2>Descri\u00e7\u00e3o<\/h2> <p>Se voc\u00ea deseja provar sua alta classifica\u00e7\u00e3o e convencer os visitantes de que suas ofertas t\u00eam uma boa rela\u00e7\u00e3o custo-benef\u00edcio, a Elfsight O widget Yelp Reviews \u00e9 exatamente o que voc\u00ea precisa. Usando este widget, voc\u00ea inserir\u00e1 facilmente avalia\u00e7\u00f5es de usu\u00e1rios do Yelp em seu site com informa\u00e7\u00f5es sobre seus autores, usar\u00e1 filtros para mostrar apenas os bons, mostrar\u00e1 avalia\u00e7\u00f5es e um bot\u00e3o de redirecionamento que direcionar\u00e1 as pessoas para sua conta do Yelp, onde elas podem deixar seus an\u00e1lise. <\/p><div class=\"faq\" data-component=\"FAQ\"> <div class=\"faq-item\">\r\n\t\t\t\t\t<div class=\"faq-item-question\">\r\n\t\t\t\t\t\t<h3 class=\"faq-item-question-text\">Onde posso incorporar o widget<\/h3>\r\n\r\n\t\t\t\t\t\t<div class=\"faq-item-question-icon\"><\/div>\r\n\t\t\t\t\t<\/div>\r\n\r\n\t\t\t\t\t<div class=\"faq-item-answer\">\r\n\t\t\t\t\t\t<div class=\"faq-item-answer-text\"> <p>Voc\u00ea pode adicionar o widget a qualquer p\u00e1gina do site, ou coloc\u00e1-lo no template, neste caso ele ser\u00e1 revelado em todas as p\u00e1ginas. As avalia\u00e7\u00f5es s\u00e3o eficazes nas p\u00e1ginas de produtos ou na p\u00e1gina Sobre n\u00f3s, onde voc\u00ea precisa se gabar de que suas ofertas s\u00e3o apreciadas pelas pessoas. <\/p><\/div>\r\n\t\t\t\t\t<\/div>\r\n\t\t\t\t<\/div> <div class=\"faq-item\">\r\n\t\t\t\t\t<div class=\"faq-item-question\">\r\n\t\t\t\t\t\t<h3 class=\"faq-item-question-text\">Como posso me beneficiar deste plugin? <\/h3>\r\n\r\n\t\t\t\t\t\t<div class=\"faq-item-question-icon\"><\/div>\r\n\t\t\t\t\t<\/div>\r\n\r\n\t\t\t\t\t<div class=\"faq-item-answer\">\r\n\t\t\t\t\t\t<div class=\"faq-item-answer-text\"> <p>Os coment\u00e1rios deixados por pessoas reais parecem perfeitamente confi\u00e1veis \u200b\u200bpara os visitantes do seu site e provam que sua empresa \u00e9 confi\u00e1vel. Avalia\u00e7\u00f5es altas e boas cr\u00edticas podem ajudar a impulsionar as compras em seu site. Mais do que isso, o bot\u00e3o ativo pode contribuir para ter mais avalia\u00e7\u00f5es de clientes sobre sua empresa no Yelp. <\/p> <\/div>\r\n\t\t\t\t\t<\/div>\r\n\t\t\t\t<\/div> <div class=\"faq-item\">\r\n\t\t\t\t\t<div class=\"faq-item-question\">\r\n\t\t\t\t\t\t<h3 class=\"faq-item-question-text\">Como posso incorporar coment\u00e1rios do widget Yelp ao meu site Magento? <\/h3>\r\n\r\n\t\t\t\t\t\t<div class=\"faq-item-question-icon\"><\/div>\r\n\t\t\t\t\t<\/div>\r\n\r\n\t\t\t\t\t<div class=\"faq-item-answer\">\r\n\t\t\t\t\t\t<div class=\"faq-item-answer-text\"> <p>Leva apenas dois minutos do seu tempo para configurar. A incorpora\u00e7\u00e3o \u00e9 muito r\u00e1pida, gratuita e sem codifica\u00e7\u00e3o. <\/p> <p>O widget Elfsight Reviews pode ser introduzido no nosso servi\u00e7o ou atrav\u00e9s do marketplace. Aqui voc\u00ea poder\u00e1 conhecer as duas variantes e escolher a sua. <\/p><\/div>\r\n\t\t\t\t\t<\/div>\r\n\t\t\t\t<\/div> <\/div> <\/div> <div class=\"application-platform-content-item-features application-platform-content-item\" id=\"features\" data-nav-section=\"features\"> <h2>Recursos<\/h2> <p>Para entender melhor o widget Avalia\u00e7\u00f5es, descubra a lista de seus principais caracter\u00edsticas. Eles tornam o widget incrivelmente ben\u00e9fico para voc\u00ea: <\/p> <ul> <li>3 filtros dispon\u00edveis: por tipo, exclus\u00e3o por e quantidade de avalia\u00e7\u00f5es para exibi\u00e7\u00e3o; <\/li> <li>4 layouts dispon\u00edveis: Lista, Grade, Alvenaria e Slider; <\/li> <li> Cabe\u00e7alho do widget totalmente flex\u00edvel; <\/li> <li>O bot\u00e3o para solicitar uma revis\u00e3o leva os clientes \u00e0 p\u00e1gina do Yelp; <\/li> <li>Seis elementos flex\u00edveis do widget: nome e imagem do autor, recomenda\u00e7\u00e3o, data de compartilhamento, \u00edcone do Yelp e classifica\u00e7\u00e3o por estrelas; <\/li> <li>Duas alternativas de cen\u00e1rio ap\u00f3s a nega\u00e7\u00e3o da solicita\u00e7\u00e3o de revis\u00e3o: demonstrar sua mensagem ou ocultar o bot\u00e3o. <\/li> <\/ul><p><a href=\"#demo\">A demonstra\u00e7\u00e3o ao vivo revelar\u00e1 mais recursos para voc\u00ea<\/a><\/p> <\/div> <div class=\"application-platform-content-item-installation application-platform-content-item\" id=\"installation\" data-nav-section=\"installation\"> <h2>Descubra como incorporar as avalia\u00e7\u00f5es do Yelp ao seu site Magento<\/h2> <p>Basta aplicar as instru\u00e7\u00f5es abaixo para integrar a extens\u00e3o no Magento.<\/p> <ol><li><b>Use nosso configurador gratuito e comece construindo sua extens\u00e3o personalizada. <\/b><br> Encontre o design e os recursos preferidos da extens\u00e3o Yelp Reviews e aplique as corre\u00e7\u00f5es. <\/li> <li><b>Adquira o seu c\u00f3digo individual revelado na janela das aplica\u00e7\u00f5es Elfsight. <\/b><br> Logo ap\u00f3s a conclus\u00e3o da cria\u00e7\u00e3o da sua extens\u00e3o, copie o c\u00f3digo pessoal no pop-up exibido e guarde-o para uso posterior. <\/li> <li><b>Entre usando o widget em seu site Magento. <\/b><br> Insira o c\u00f3digo copiado recentemente em seu site e salve as corre\u00e7\u00f5es. <\/li> <li><b>Conclu\u00eddo! A configura\u00e7\u00e3o foi realizada com sucesso. <\/b><br> Acesse seu site para ver como a ferramenta est\u00e1 funcionando. <\/li><\/ol><p>Ainda n\u00e3o consegue tomar uma decis\u00e3o? Ou trope\u00e7ou em alguma coisa? Apenas uma \u00fanica solicita\u00e7\u00e3o \u00e0 nossa equipe de suporte ajudar\u00e1 em todos os assuntos. <\/p> <\/div>","protected":false},"excerpt":{"rendered":"","protected":false},"author":9,"featured_media":0,"parent":1000,"menu_order":0,"comment_status":"closed","ping_status":"closed","template":"templates\/template-application-platform.php","meta":{"publish_to_discourse":"","publish_post_category":"","wpdc_auto_publish_overridden":"","wpdc_topic_tags":"","wpdc_pin_topic":"","wpdc_pin_until":"","discourse_post_id":"","discourse_permalink":"","wpdc_publishing_response":"","wpdc_publishing_error":"","footnotes":""},"class_list":["post-8849","page","type-page","status-publish","hentry"],"yoast_head":"<!-- This site is optimized with the Yoast SEO plugin v25.3.1 - https:\/\/yoast.com\/wordpress\/plugins\/seo\/ -->\n<title>Adicione a extens\u00e3o Yelp Reviews ao seu site Magento (r\u00e1pido e f\u00e1cil)<\/title>\n<meta name=\"description\" content=\"\u00c9 perfeitamente simples construir seu widget Yelp Reviews e exibi-lo no site Magento. O atendimento ao cliente da Elfsight \u00e9 gratuito.\" \/>\n<meta name=\"robots\" content=\"index, follow, max-snippet:-1, max-image-preview:large, max-video-preview:-1\" \/>\n<link rel=\"canonical\" href=\"https:\/\/elfsight.com\/pt\/yelp-reviews-widget\/magento\/\" \/>\n<meta property=\"og:locale\" content=\"pt_PT\" \/>\n<meta property=\"og:type\" content=\"article\" \/>\n<meta property=\"og:title\" content=\"Adicione a extens\u00e3o Yelp Reviews ao seu site Magento (r\u00e1pido e f\u00e1cil)\" \/>\n<meta property=\"og:description\" content=\"\u00c9 perfeitamente simples construir seu widget Yelp Reviews e exibi-lo no site Magento. O atendimento ao cliente da Elfsight \u00e9 gratuito.\" \/>\n<meta property=\"og:url\" content=\"https:\/\/elfsight.com\/pt\/yelp-reviews-widget\/magento\/\" \/>\n<meta property=\"og:site_name\" content=\"Elfsight PT\" \/>\n<meta property=\"article:modified_time\" content=\"2024-11-13T12:07:21+00:00\" \/>\n<meta name=\"twitter:card\" content=\"summary_large_image\" \/>\n<meta name=\"twitter:label1\" content=\"Tempo estimado de leitura\" \/>\n\t<meta name=\"twitter:data1\" content=\"3 minutos\" \/>\n<!-- \/ Yoast SEO plugin. -->","yoast_head_json":{"title":"Adicione a extens\u00e3o Yelp Reviews ao seu site Magento (r\u00e1pido e f\u00e1cil)","description":"\u00c9 perfeitamente simples construir seu widget Yelp Reviews e exibi-lo no site Magento. O atendimento ao cliente da Elfsight \u00e9 gratuito.","robots":{"index":"index","follow":"follow","max-snippet":"max-snippet:-1","max-image-preview":"max-image-preview:large","max-video-preview":"max-video-preview:-1"},"canonical":"https:\/\/elfsight.com\/pt\/yelp-reviews-widget\/magento\/","og_locale":"pt_PT","og_type":"article","og_title":"Adicione a extens\u00e3o Yelp Reviews ao seu site Magento (r\u00e1pido e f\u00e1cil)","og_description":"\u00c9 perfeitamente simples construir seu widget Yelp Reviews e exibi-lo no site Magento. O atendimento ao cliente da Elfsight \u00e9 gratuito.","og_url":"https:\/\/elfsight.com\/pt\/yelp-reviews-widget\/magento\/","og_site_name":"Elfsight PT","article_modified_time":"2024-11-13T12:07:21+00:00","twitter_card":"summary_large_image","twitter_misc":{"Tempo estimado de leitura":"3 minutos"},"schema":{"@context":"https:\/\/schema.org","@graph":[{"@type":"WebPage","@id":"https:\/\/elfsight.com\/pt\/yelp-reviews-widget\/magento\/","url":"https:\/\/elfsight.com\/pt\/yelp-reviews-widget\/magento\/","name":"Adicione a extens\u00e3o Yelp Reviews ao seu site Magento (r\u00e1pido e f\u00e1cil)","isPartOf":{"@id":"https:\/\/elfsight.com\/pt\/#website"},"datePublished":"1970-01-01T00:00:00+00:00","dateModified":"2024-11-13T12:07:21+00:00","description":"\u00c9 perfeitamente simples construir seu widget Yelp Reviews e exibi-lo no site Magento. O atendimento ao cliente da Elfsight \u00e9 gratuito.","breadcrumb":{"@id":"https:\/\/elfsight.com\/pt\/yelp-reviews-widget\/magento\/#breadcrumb"},"inLanguage":"pt-PT","potentialAction":[{"@type":"ReadAction","target":["https:\/\/elfsight.com\/pt\/yelp-reviews-widget\/magento\/"]}]},{"@type":"BreadcrumbList","@id":"https:\/\/elfsight.com\/pt\/yelp-reviews-widget\/magento\/#breadcrumb","itemListElement":[{"@type":"ListItem","position":1,"name":"Home","item":"https:\/\/elfsight.com\/pt\/"},{"@type":"ListItem","position":2,"name":"Yelp Reviews","item":"https:\/\/elfsight.com\/pt\/yelp-reviews-widget\/"},{"@type":"ListItem","position":3,"name":"Yelp Reviews &#8211; Magento"}]},{"@type":"WebSite","@id":"https:\/\/elfsight.com\/pt\/#website","url":"https:\/\/elfsight.com\/pt\/","name":"Elfsight PT","description":"Just another Elfsight Sites site","potentialAction":[{"@type":"SearchAction","target":{"@type":"EntryPoint","urlTemplate":"https:\/\/elfsight.com\/pt\/?s={search_term_string}"},"query-input":{"@type":"PropertyValueSpecification","valueRequired":true,"valueName":"search_term_string"}}],"inLanguage":"pt-PT"}]}},"meta_box":{"industry":"","seo_heading":"","heading":"","description":"","cta_heading":"","cta_description":"","application":"999","h1":"Extens\u00e3o Magento Yelp Reviews","h1_caption":"Incorpore as avalia\u00e7\u00f5es dos usu\u00e1rios mais atraentes do Yelp em seu site","application_category":[],"applications_title":"","applications_request_title":"","applications_request_button_text":"","hero_text":"","hero_video":"","hero_video_schema_markup":"","selling_points_title":"","selling_points_caption":"","selling_points":[],"selling_points_cta_text":"","features_title":"","features":"","ed_cta_examples_text":"","ed_cta_examples_hidden":"","ed_cta_demo_text":"","ed_cta_demo_hidden":"","why_caption":"","why_editor_title":"","why_editor_text":"","why_team_title":"","why_team_text":"","why_service_title":"","why_service_text":"","template_catalog_visible":"","template_catalog_title":"","template_catalog_text":"","template_catalog_categories_visible":"","demo_title":"Crie sua extens\u00e3o Yelp Reviews","demo_caption":"Configure suas avalia\u00e7\u00f5es do Yelp e adicione-as ao seu site Magento gratuitamente!","default_faq_hidden":"","app_template_category":[],"platform":"58","template_public_id":"","codecanyon_url":"","codecanyon_item_id":"","codecanyon_price":"","pricing_caption":"","pricing_elfsight_apps_hide_column":"","pricing_elfsight_apps_url":"","pricing_codecanyon_price_caption":"","integration_category":[],"integration_request_title":"","integration_request_cta":"","integration_platform":"","integrations":[],"platform_category":[],"video_schema_markup":"","price":"a partir de US$ 0\/m\u00eas","trial":"","benefits":[{"text":"Servi\u00e7o de instala\u00e7\u00e3o gratuito"},{"text":"Suporte premium"},{"text":"Atendimento ao cliente eficaz"},{"text":"Atualiza\u00e7\u00f5es gratuitas vital\u00edcias"}],"button_url":"#demo","button_target_blank":"","button_nofollow":"","attributes":[{"name":"Instala\u00e7\u00f5es","content":"10,000 - 100,000"},{"name":"Responsivo","content":"Sim"},{"name":"Navegadores compat\u00edveis","content":"Firefox, Safari, Opera, Chrome, Edge"}],"tags":[],"tags_disable_links":"","hide_more_platforms":"","video_object":"","demo_hide_cta":"","demo_hide_cloud_options":"","pricing_title":"","pricing":[{"pricing_icon":"platform","pricing_title":"Elfsight Apps","pricing_title_caption":"Solu\u00e7\u00e3o digital multiplataforma","pricing_price":"a partir de US$ 0\/m\u00eas","pricing_price_caption":"comece com um plano gratuito","pricing_benefits":[{"text":"Dom\u00ednios ilimitados"},{"text":"Suporte 24 horas por dia, 7 dias por semana"},{"text":"Suporte 24 horas por dia, 7 dias por semana"},{"text":"Design flex\u00edvel"}],"pricing_button_text":"Adicionar ao site","pricing_button_url":"#demo"}],"related_apps_title":"","related_apps_hidden":"","author":"","image":[],"title":"","job":"","social_networks":[]},"_links":{"self":[{"href":"https:\/\/elfsight.com\/pt\/wp-json\/wp\/v2\/pages\/8849","targetHints":{"allow":["GET"]}}],"collection":[{"href":"https:\/\/elfsight.com\/pt\/wp-json\/wp\/v2\/pages"}],"about":[{"href":"https:\/\/elfsight.com\/pt\/wp-json\/wp\/v2\/types\/page"}],"author":[{"embeddable":true,"href":"https:\/\/elfsight.com\/pt\/wp-json\/wp\/v2\/users\/9"}],"replies":[{"embeddable":true,"href":"https:\/\/elfsight.com\/pt\/wp-json\/wp\/v2\/comments?post=8849"}],"version-history":[{"count":1,"href":"https:\/\/elfsight.com\/pt\/wp-json\/wp\/v2\/pages\/8849\/revisions"}],"predecessor-version":[{"id":8853,"href":"https:\/\/elfsight.com\/pt\/wp-json\/wp\/v2\/pages\/8849\/revisions\/8853"}],"up":[{"embeddable":true,"href":"https:\/\/elfsight.com\/pt\/wp-json\/wp\/v2\/pages\/1000"}],"wp:attachment":[{"href":"https:\/\/elfsight.com\/pt\/wp-json\/wp\/v2\/media?parent=8849"}],"curies":[{"name":"wp","href":"https:\/\/api.w.org\/{rel}","templated":true}]}}