{"id":8842,"date":"1970-01-01T00:00:00","date_gmt":"1970-01-01T00:00:00","guid":{"rendered":"https:\/\/elfsight.com\/pt\/?page_id=8842"},"modified":"2024-11-13T12:06:55","modified_gmt":"2024-11-13T12:06:55","slug":"wordpress","status":"publish","type":"page","link":"https:\/\/elfsight.com\/pt\/yelp-reviews-widget\/wordpress\/","title":{"rendered":"Yelp Reviews &#8211; WordPress"},"content":{"rendered":"<div class=\"application-platform-content-item-description application-platform-content-item\" id=\"description\" data-nav-section=\"description\"> <h2>Incorpore Yelp Reviews no WordPress com o widget Elfsight<\/h2> <p>Elfsight Yelp Reviews \u00e9 um widget \u00fatil que o ajudar\u00e1 a colocar em seu site coment\u00e1rios sobre seus produtos ou servi\u00e7os em postagens no Yelp. Com este widget voc\u00ea ter\u00e1 \u00e0 sua disposi\u00e7\u00e3o diversos filtros para ocultar avalia\u00e7\u00f5es indesejadas, poder\u00e1 mostrar suas avalia\u00e7\u00f5es com estrelas e n\u00fameros, adicionar detalhes sobre os autores e integrar um bot\u00e3o que ajudar\u00e1 os visitantes a escrever uma nova avalia\u00e7\u00e3o sobre Yelp. O plugin Elfsight para Yelp Reviews ir\u00e1 ajud\u00e1-lo a exibir a prova social perfeita no seu site e a aumentar as vendas.<\/p><div class=\"faq\" data-component=\"FAQ\"> <div class=\"faq-item\">\r\n\t\t\t\t\t<div class=\"faq-item-question\">\r\n\t\t\t\t\t\t<h3 class=\"faq-item-question-text\">Onde posso inserir o plugin Reviews<\/h3>\r\n\r\n\t\t\t\t\t\t<div class=\"faq-item-question-icon\"><\/div>\r\n\t\t\t\t\t<\/div>\r\n\r\n\t\t\t\t\t<div class=\"faq-item-answer\">\r\n\t\t\t\t\t\t<div class=\"faq-item-answer-text\"> <p>Voc\u00ea pode colar o coment\u00e1rio gratuitamente widget em qualquer p\u00e1gina do site, ou insira-o no template do site, para que seja revelado em todas as p\u00e1ginas. As avalia\u00e7\u00f5es podem ser eficazes nas p\u00e1ginas de produtos ou na p\u00e1gina Sobre n\u00f3s, os lugares onde voc\u00ea deseja impressionar os usu\u00e1rios com sua alta avalia\u00e7\u00e3o. <\/p><\/div>\r\n\t\t\t\t\t<\/div>\r\n\t\t\t\t<\/div> <div class=\"faq-item\">\r\n\t\t\t\t\t<div class=\"faq-item-question\">\r\n\t\t\t\t\t\t<h3 class=\"faq-item-question-text\">Que vantagens isso pode me oferecer? <\/h3>\r\n\r\n\t\t\t\t\t\t<div class=\"faq-item-question-icon\"><\/div>\r\n\t\t\t\t\t<\/div>\r\n\r\n\t\t\t\t\t<div class=\"faq-item-answer\">\r\n\t\t\t\t\t\t<div class=\"faq-item-answer-text\"> <p>Avalia\u00e7\u00f5es de pessoas reais parecem extremamente confi\u00e1veis \u200b\u200bpara os visitantes do seu site e indicam a eles que sua empresa \u00e9 confi\u00e1vel. Avalia\u00e7\u00f5es altas e boas cr\u00edticas podem ajudar a aumentar as compras em seu site. Al\u00e9m disso, o bot\u00e3o de redirecionamento pode contribuir para aumentar a quantidade de avalia\u00e7\u00f5es de clientes sobre sua empresa no Yelp. <\/p> <\/div>\r\n\t\t\t\t\t<\/div>\r\n\t\t\t\t<\/div> <div class=\"faq-item\">\r\n\t\t\t\t\t<div class=\"faq-item-question\">\r\n\t\t\t\t\t\t<h3 class=\"faq-item-question-text\">Como fa\u00e7o para incorporar coment\u00e1rios do plug-in do Yelp ao meu site WordPress? <\/h3>\r\n\r\n\t\t\t\t\t\t<div class=\"faq-item-question-icon\"><\/div>\r\n\t\t\t\t\t<\/div>\r\n\r\n\t\t\t\t\t<div class=\"faq-item-answer\">\r\n\t\t\t\t\t\t<div class=\"faq-item-answer-text\"> <p>Leva apenas um minuto do seu tempo para come\u00e7ar a usar o widget. A incorpora\u00e7\u00e3o \u00e9 muito r\u00e1pida, gratuita e sem codifica\u00e7\u00e3o. <\/p> <p>O plugin Elfsight Reviews pode ser inserido no seu site atrav\u00e9s do nosso servi\u00e7o ou atrav\u00e9s do marketplace. Aqui voc\u00ea poder\u00e1 conhecer mais detalhes as duas variantes e escolher a sua. <\/p><\/div>\r\n\t\t\t\t\t<\/div>\r\n\t\t\t\t<\/div> <\/div><\/div> <div class=\"application-platform-content-item-features application-platform-content-item\" id=\"features\" data-nav-section=\"features\"> <h2>Principais recursos do widget Yelp Reviews<\/h2> <p>Para melhor compreens\u00e3o do plugin Reviews, verifique o lista de suas principais caracter\u00edsticas. Eles tornam nosso widget m\u00e1ximo eficaz para o seu site:<\/p> <ul> <li>Tr\u00eas filtros dispon\u00edveis: por tipo, exclus\u00e3o por e quantidade de avalia\u00e7\u00f5es para exibi\u00e7\u00e3o; <\/li> <li>Quatro layouts dispon\u00edveis: Lista, Grade, Alvenaria e Slider; <\/li> <li>Uma op\u00e7\u00e3o para mostrar ou ocultar o cabe\u00e7alho do widget; <\/li> <li>O bot\u00e3o para solicitar uma revis\u00e3o leva os visitantes \u00e0 p\u00e1gina do Yelp; <\/li> <li>6 elementos flex\u00edveis do widget: nome do autor e foto, recomenda\u00e7\u00e3o, data de compartilhamento, \u00edcone do Yelp e classifica\u00e7\u00e3o por estrelas; <\/li> <li>Duas variantes de cen\u00e1rios ap\u00f3s a nega\u00e7\u00e3o da solicita\u00e7\u00e3o de revis\u00e3o: demonstrar uma mensagem de texto ou ocultar o bot\u00e3o. <\/li> <\/ul><p><a href=\"#demo\">Explore uma lista completa de recursos em nossa demonstra\u00e7\u00e3o<\/a><\/p> <\/div> <div class=\"application-platform-content-item-installation application-platform-content-item\" id=\"installation\" data-nav-section=\"installation\"> <h2>Descubra como adicionar avalia\u00e7\u00f5es do Yelp ao seu site WordPress<\/h2><div class=\"video-container\"><iframe width=\"720\" height=\"405\" src=\"https:\/\/www.youtube.com\/embed\/ChZg1zoKDzg\" frameborder=\"0\" allowfullscreen=\"\"><\/iframe><\/div><p>Basta seguir as diretrizes abaixo para come\u00e7ar a trabalhar com o plugin no WordPress.<\/p> <ol><li><b>Gerencie nossa demonstra\u00e7\u00e3o gratuita e comece a construir seu instrumento personalizado. <\/b><br> Escolha o layout e a funcionalidade adequados do plugin Yelp Reviews e aplique as modifica\u00e7\u00f5es. <\/li> <li><b>Receba o c\u00f3digo individual que aparece no formul\u00e1rio especial nas aplica\u00e7\u00f5es Elfsight. <\/b><br> Terminada a configura\u00e7\u00e3o da sua ferramenta, copie o c\u00f3digo exclusivo do pop-up que surgir e guarde-o para uso futuro. <\/li> <li><b>Iniciar a aplica\u00e7\u00e3o do plugin no site WordPress. <\/b><br> Coloque o c\u00f3digo que voc\u00ea copiou anteriormente em seu site e salve as modifica\u00e7\u00f5es. <\/li> <li><b>A configura\u00e7\u00e3o foi conclu\u00edda com sucesso. <\/b><br> Visite seu website para verificar o desempenho da ferramenta. <\/li><\/ol> <p>Ainda inseguro? Ou trope\u00e7ou em alguma coisa? Basta escrever uma solicita\u00e7\u00e3o ao nosso atendimento ao cliente e n\u00f3s ajudaremos com qualquer assunto.<\/p> <\/div>","protected":false},"excerpt":{"rendered":"","protected":false},"author":9,"featured_media":0,"parent":1000,"menu_order":0,"comment_status":"closed","ping_status":"closed","template":"templates\/template-application-platform.php","meta":{"publish_to_discourse":"","publish_post_category":"","wpdc_auto_publish_overridden":"","wpdc_topic_tags":"","wpdc_pin_topic":"","wpdc_pin_until":"","discourse_post_id":"","discourse_permalink":"","wpdc_publishing_response":"","wpdc_publishing_error":"","footnotes":""},"class_list":["post-8842","page","type-page","status-publish","hentry"],"yoast_head":"<!-- This site is optimized with the Yoast SEO plugin v25.3.1 - https:\/\/yoast.com\/wordpress\/plugins\/seo\/ -->\n<title>Adicione o plugin Yelp Reviews ao seu site WordPress (em 2 minutos)<\/title>\n<meta name=\"description\" content=\"Crie o widget Yelp Reviews e adicione-o ao seu site WordPress. Voc\u00ea desfrutar\u00e1 de atendimento gratuito ao cliente e outras vantagens da Elfsight.\" \/>\n<meta name=\"robots\" content=\"index, follow, max-snippet:-1, max-image-preview:large, max-video-preview:-1\" \/>\n<link rel=\"canonical\" href=\"https:\/\/elfsight.com\/pt\/yelp-reviews-widget\/wordpress\/\" \/>\n<meta property=\"og:locale\" content=\"pt_PT\" \/>\n<meta property=\"og:type\" content=\"article\" \/>\n<meta property=\"og:title\" content=\"Adicione o plugin Yelp Reviews ao seu site WordPress (em 2 minutos)\" \/>\n<meta property=\"og:description\" content=\"Crie o widget Yelp Reviews e adicione-o ao seu site WordPress. Voc\u00ea desfrutar\u00e1 de atendimento gratuito ao cliente e outras vantagens da Elfsight.\" \/>\n<meta property=\"og:url\" content=\"https:\/\/elfsight.com\/pt\/yelp-reviews-widget\/wordpress\/\" \/>\n<meta property=\"og:site_name\" content=\"Elfsight PT\" \/>\n<meta property=\"article:modified_time\" content=\"2024-11-13T12:06:55+00:00\" \/>\n<meta name=\"twitter:card\" content=\"summary_large_image\" \/>\n<meta name=\"twitter:label1\" content=\"Tempo estimado de leitura\" \/>\n\t<meta name=\"twitter:data1\" content=\"3 minutos\" \/>\n<!-- \/ Yoast SEO plugin. -->","yoast_head_json":{"title":"Adicione o plugin Yelp Reviews ao seu site WordPress (em 2 minutos)","description":"Crie o widget Yelp Reviews e adicione-o ao seu site WordPress. Voc\u00ea desfrutar\u00e1 de atendimento gratuito ao cliente e outras vantagens da Elfsight.","robots":{"index":"index","follow":"follow","max-snippet":"max-snippet:-1","max-image-preview":"max-image-preview:large","max-video-preview":"max-video-preview:-1"},"canonical":"https:\/\/elfsight.com\/pt\/yelp-reviews-widget\/wordpress\/","og_locale":"pt_PT","og_type":"article","og_title":"Adicione o plugin Yelp Reviews ao seu site WordPress (em 2 minutos)","og_description":"Crie o widget Yelp Reviews e adicione-o ao seu site WordPress. Voc\u00ea desfrutar\u00e1 de atendimento gratuito ao cliente e outras vantagens da Elfsight.","og_url":"https:\/\/elfsight.com\/pt\/yelp-reviews-widget\/wordpress\/","og_site_name":"Elfsight PT","article_modified_time":"2024-11-13T12:06:55+00:00","twitter_card":"summary_large_image","twitter_misc":{"Tempo estimado de leitura":"3 minutos"},"schema":{"@context":"https:\/\/schema.org","@graph":[{"@type":"WebPage","@id":"https:\/\/elfsight.com\/pt\/yelp-reviews-widget\/wordpress\/","url":"https:\/\/elfsight.com\/pt\/yelp-reviews-widget\/wordpress\/","name":"Adicione o plugin Yelp Reviews ao seu site WordPress (em 2 minutos)","isPartOf":{"@id":"https:\/\/elfsight.com\/pt\/#website"},"datePublished":"1970-01-01T00:00:00+00:00","dateModified":"2024-11-13T12:06:55+00:00","description":"Crie o widget Yelp Reviews e adicione-o ao seu site WordPress. Voc\u00ea desfrutar\u00e1 de atendimento gratuito ao cliente e outras vantagens da Elfsight.","breadcrumb":{"@id":"https:\/\/elfsight.com\/pt\/yelp-reviews-widget\/wordpress\/#breadcrumb"},"inLanguage":"pt-PT","potentialAction":[{"@type":"ReadAction","target":["https:\/\/elfsight.com\/pt\/yelp-reviews-widget\/wordpress\/"]}]},{"@type":"BreadcrumbList","@id":"https:\/\/elfsight.com\/pt\/yelp-reviews-widget\/wordpress\/#breadcrumb","itemListElement":[{"@type":"ListItem","position":1,"name":"Home","item":"https:\/\/elfsight.com\/pt\/"},{"@type":"ListItem","position":2,"name":"Yelp Reviews","item":"https:\/\/elfsight.com\/pt\/yelp-reviews-widget\/"},{"@type":"ListItem","position":3,"name":"Yelp Reviews &#8211; WordPress"}]},{"@type":"WebSite","@id":"https:\/\/elfsight.com\/pt\/#website","url":"https:\/\/elfsight.com\/pt\/","name":"Elfsight PT","description":"Just another Elfsight Sites site","potentialAction":[{"@type":"SearchAction","target":{"@type":"EntryPoint","urlTemplate":"https:\/\/elfsight.com\/pt\/?s={search_term_string}"},"query-input":{"@type":"PropertyValueSpecification","valueRequired":true,"valueName":"search_term_string"}}],"inLanguage":"pt-PT"}]}},"meta_box":{"industry":"","seo_heading":"","heading":"","description":"","cta_heading":"","cta_description":"","application":"999","h1":"Plug-in WordPress Yelp Reviews","h1_caption":"Insira as avalia\u00e7\u00f5es dos usu\u00e1rios mais atraentes do Yelp em seu site","application_category":[],"applications_title":"","applications_request_title":"","applications_request_button_text":"","hero_text":"","hero_video":"","hero_video_schema_markup":"","selling_points_title":"","selling_points_caption":"","selling_points":[],"selling_points_cta_text":"","features_title":"","features":"","ed_cta_examples_text":"","ed_cta_examples_hidden":"","ed_cta_demo_text":"","ed_cta_demo_hidden":"","why_caption":"","why_editor_title":"","why_editor_text":"","why_team_title":"","why_team_text":"","why_service_title":"","why_service_text":"","template_catalog_visible":"","template_catalog_title":"","template_catalog_text":"","template_catalog_categories_visible":"","demo_title":"Crie seu plugin Yelp Reviews","demo_caption":"Configure suas avalia\u00e7\u00f5es do Yelp e adicione-as ao seu site WordPress gratuitamente!","default_faq_hidden":"","app_template_category":[],"platform":"34","template_public_id":"","codecanyon_url":"","codecanyon_item_id":"","codecanyon_price":"","pricing_caption":"","pricing_elfsight_apps_hide_column":"","pricing_elfsight_apps_url":"","pricing_codecanyon_price_caption":"","integration_category":[],"integration_request_title":"","integration_request_cta":"","integration_platform":"","integrations":[],"platform_category":[],"video_schema_markup":"","price":"a partir de US$ 0\/m\u00eas","trial":"","benefits":[{"text":"Assist\u00eancia de instala\u00e7\u00e3o gratuita"},{"text":"Suporte excepcional"},{"text":"Garantia de devolu\u00e7\u00e3o do dinheiro em 14 dias"},{"text":"Atualizando constantemente"}],"button_url":"#demo","button_target_blank":"","button_nofollow":"","attributes":[{"name":"Instala\u00e7\u00f5es","content":"10,000 - 100,000"},{"name":"Responsivo","content":"Sim"},{"name":"Navegadores compat\u00edveis","content":"Firefox, Safari, Opera, Chrome, Edge"}],"tags":[],"tags_disable_links":"","hide_more_platforms":"","video_object":"","demo_hide_cta":"","demo_hide_cloud_options":"","pricing_title":"","pricing":[{"pricing_icon":"platform","pricing_title":"Elfsight Apps","pricing_title_caption":"Solu\u00e7\u00e3o digital multiplataforma que funciona em qualquer site","pricing_price":"a partir de US$ 0\/m\u00eas","pricing_price_caption":"comece com plano gratuito","pricing_benefits":[{"text":"Dom\u00ednios ilimitados"},{"text":"Suporte gratuito \u00e0 empresa"},{"text":"Suporte gratuito \u00e0 empresa"},{"text":"\u00d3timo neg\u00f3cio para v\u00e1rios aplicativos"}],"pricing_button_text":"Adicionar ao site","pricing_button_url":"#demo"}],"related_apps_title":"","related_apps_hidden":"","author":"","image":[],"title":"","job":"","social_networks":[]},"_links":{"self":[{"href":"https:\/\/elfsight.com\/pt\/wp-json\/wp\/v2\/pages\/8842","targetHints":{"allow":["GET"]}}],"collection":[{"href":"https:\/\/elfsight.com\/pt\/wp-json\/wp\/v2\/pages"}],"about":[{"href":"https:\/\/elfsight.com\/pt\/wp-json\/wp\/v2\/types\/page"}],"author":[{"embeddable":true,"href":"https:\/\/elfsight.com\/pt\/wp-json\/wp\/v2\/users\/9"}],"replies":[{"embeddable":true,"href":"https:\/\/elfsight.com\/pt\/wp-json\/wp\/v2\/comments?post=8842"}],"version-history":[{"count":2,"href":"https:\/\/elfsight.com\/pt\/wp-json\/wp\/v2\/pages\/8842\/revisions"}],"predecessor-version":[{"id":12421,"href":"https:\/\/elfsight.com\/pt\/wp-json\/wp\/v2\/pages\/8842\/revisions\/12421"}],"up":[{"embeddable":true,"href":"https:\/\/elfsight.com\/pt\/wp-json\/wp\/v2\/pages\/1000"}],"wp:attachment":[{"href":"https:\/\/elfsight.com\/pt\/wp-json\/wp\/v2\/media?parent=8842"}],"curies":[{"name":"wp","href":"https:\/\/api.w.org\/{rel}","templated":true}]}}