{"id":8834,"date":"1970-01-01T00:00:00","date_gmt":"1970-01-01T00:00:00","guid":{"rendered":"https:\/\/elfsight.com\/pt\/?page_id=8834"},"modified":"2024-11-13T11:45:46","modified_gmt":"2024-11-13T11:45:46","slug":"facebook","status":"publish","type":"page","link":"https:\/\/elfsight.com\/pt\/yelp-reviews-widget\/facebook\/","title":{"rendered":"Yelp Reviews &#8211; Facebook Page"},"content":{"rendered":"<div class=\"application-platform-content-item-description application-platform-content-item\" id=\"description\" data-nav-section=\"description\"><h2>Descri\u00e7\u00e3o<\/h2><p>Se voc\u00ea quiser demonstrar seu agradecimento aos clientes e convencer os visitantes da p\u00e1gina de que vale a pena comprar suas ofertas, O widget Elfsight Yelp Reviews combina perfeitamente com voc\u00ea. Com este widget, voc\u00ea colocar\u00e1 facilmente as avalia\u00e7\u00f5es dos usu\u00e1rios do Yelp em sua p\u00e1gina com detalhes sobre seus autores, filtr\u00e1-los-\u00e1 para demonstrar apenas os bons, adicionar\u00e1 classifica\u00e7\u00f5es e um bot\u00e3o de solicita\u00e7\u00e3o de revis\u00e3o que levar\u00e1 os usu\u00e1rios \u00e0 sua conta do Yelp, onde eles poder\u00e3o compartilhar uma nova avalia\u00e7\u00e3o.<\/p><p><b>Fa\u00e7a com que sua p\u00e1gina do Facebook aumente seu n\u00edvel de confiabilidade com avalia\u00e7\u00f5es de clientes no Yelp!<\/b><\/p><\/div><div class=\"application-platform-content-item-features application-platform-content-item\" id=\"features\" data-nav-section=\"features\"><h2>Recursos<\/h2><p>Verifique todos os recursos do produto. Voc\u00ea pode gerenci\u00e1-los diretamente no editor e eles o ajudar\u00e3o a moldar o widget de acordo com suas necessidades. <\/p><ul><li>Tr\u00eas filtros prontos para uso: por tipo, exclus\u00e3o por e quantidade de avalia\u00e7\u00f5es para exibi\u00e7\u00e3o;<\/li><li>4 variantes de layouts: Lista, Grade, Alvenaria e Controle deslizante;<\/li><li>Uma oportunidade de mostrar ou ocultar o cabe\u00e7alho do widget;<\/li><li>O bot\u00e3o de solicita\u00e7\u00e3o de revis\u00e3o direciona as pessoas para a p\u00e1gina do Yelp;<\/li><li>Seis elementos ajust\u00e1veis \u200b\u200bdo interface: nome e imagem do autor, recomenda\u00e7\u00e3o, data de postagem, \u00edcone do Yelp e classifica\u00e7\u00e3o por estrelas;<\/li><li>Duas op\u00e7\u00f5es de cen\u00e1rios ap\u00f3s a recusa da solicita\u00e7\u00e3o de revis\u00e3o: demonstrar uma mensagem de texto ou remover o bot\u00e3o.<\/li><\/ul><p><a href=\"#demo\">Veja como todos os recursos funcionam em nossa demonstra\u00e7\u00e3o<\/a><\/p><\/div> <div class=\"application-platform-content-item-installation application-platform-content-item\" id=\"installation\" data-nav-section=\"installation\"><h2>Como fazer adicione a guia Avalia\u00e7\u00f5es do Yelp \u00e0 p\u00e1gina comercial do Facebook<\/h2><p>Para integrar o widget, siga as diretrizes abaixo<\/p><ul><li><b>Gere seu widget personalizado do Yelp<\/b><br>Gerenciando nosso editor gratuito, obtenha um plugin com design personalizado e fontes relevantes. <\/li><li><b>Obtenha um c\u00f3digo pessoal para incorporar o widget<\/b><br>Depois de gerar o seu widget, voc\u00ea receber\u00e1 o seu c\u00f3digo pessoal na janela exibida nos aplicativos Elfsight. Copie o c\u00f3digo. <\/li><li><b>Adicione o widget do Yelp \u00e0 p\u00e1gina do Facebook<\/b><br> Crie sua guia personalizada do Facebook. Insira o c\u00f3digo que voc\u00ea recebeu nos aplicativos da elfsight na guia. Se voc\u00ea tiver algum problema, basta verificar nosso guia em <a href=\"https:\/\/elfsight.com\/blog\/how-to-add-custom-tab-to-facebook-page\/\" target=\"_blank\" rel=\"noopener noreferrer\">criando aba personalizada do Facebook<\/a><\/li><li><b>Voc\u00ea completou a instala\u00e7\u00e3o<\/b><br>Entre na p\u00e1gina, para verificar seu trabalho. <\/li><\/ul><p>Comunique-se com o atendimento ao cliente caso precise de conselhos ou tenha algo a perguntar. Nossos especialistas ter\u00e3o prazer em ajudar com cada solicita\u00e7\u00e3o. <\/p><div class=\"faq\" data-component=\"FAQ\"> <div class=\"faq-item\">\r\n\t\t\t\t\t<div class=\"faq-item-question\">\r\n\t\t\t\t\t\t<h3 class=\"faq-item-question-text\">Como posso adicionar Avalia\u00e7\u00f5es do Yelp ao site da minha p\u00e1gina do Facebook sem habilidades de codifica\u00e7\u00e3o?<\/h3>\r\n\r\n\t\t\t\t\t\t<div class=\"faq-item-question-icon\"><\/div>\r\n\t\t\t\t\t<\/div>\r\n\r\n\t\t\t\t\t<div class=\"faq-item-answer\">\r\n\t\t\t\t\t\t<div class=\"faq-item-answer-text\"> <p>A Elfsight fornece uma solu\u00e7\u00e3o SaaS que permite que voc\u00ea mesmo crie um widget Avalia\u00e7\u00f5es do Yelp, consulte qu\u00e3o f\u00e1cil \u00e9 o processo: Trabalhe diretamente no Editor on-line para criar um widget Avalia\u00e7\u00f5es do Yelp que voc\u00ea gostaria de ver no site da sua p\u00e1gina do Facebook. Escolha um dos modelos predefinidos e ajuste as configura\u00e7\u00f5es de Avalia\u00e7\u00f5es do Yelp, adicione seu conte\u00fado, altere o layout e o esquema de cores sem nenhuma habilidade de codifica\u00e7\u00e3o. Salve as avalia\u00e7\u00f5es do Yelp e copie seu c\u00f3digo de instala\u00e7\u00e3o, que voc\u00ea pode incluir no site da sua p\u00e1gina do Facebook sem comprar uma assinatura paga. Com nosso editor intuitivo, qualquer usu\u00e1rio da Internet pode criar coment\u00e1rios do widget Yelp on-line e incorpor\u00e1-los facilmente em sua p\u00e1gina do Facebook. N\u00e3o h\u00e1 necessidade de pagar ou inserir as credenciais do seu cart\u00e3o para acessar o servi\u00e7o. Se voc\u00ea enfrentar qualquer problema em qualquer etapa, n\u00e3o hesite em entrar em contato com nossa equipe de suporte t\u00e9cnico.<\/p> <\/div>\r\n\t\t\t\t\t<\/div>\r\n\t\t\t\t<\/div> <\/div> <\/div>","protected":false},"excerpt":{"rendered":"","protected":false},"author":9,"featured_media":0,"parent":1000,"menu_order":0,"comment_status":"closed","ping_status":"closed","template":"templates\/template-application-platform.php","meta":{"publish_to_discourse":"","publish_post_category":"","wpdc_auto_publish_overridden":"","wpdc_topic_tags":"","wpdc_pin_topic":"","wpdc_pin_until":"","discourse_post_id":"","discourse_permalink":"","wpdc_publishing_response":"","wpdc_publishing_error":"","footnotes":""},"class_list":["post-8834","page","type-page","status-publish","hentry"],"yoast_head":"<!-- This site is optimized with the Yoast SEO plugin v25.3.1 - https:\/\/yoast.com\/wordpress\/plugins\/seo\/ -->\n<title>Adicionar guia Yelp Reviews \u00e0 p\u00e1gina comercial do Facebook (2025)<\/title>\n<meta name=\"description\" content=\"Aqui est\u00e1 a possibilidade de criar um widget Yelp Reviews e integr\u00e1-lo \u00e0 sua p\u00e1gina do Facebook. Obtenha suporte gratuito ao cliente e outras vantagens da Elfsight.\" \/>\n<meta name=\"robots\" content=\"index, follow, max-snippet:-1, max-image-preview:large, max-video-preview:-1\" \/>\n<link rel=\"canonical\" href=\"https:\/\/elfsight.com\/pt\/yelp-reviews-widget\/facebook\/\" \/>\n<meta property=\"og:locale\" content=\"pt_PT\" \/>\n<meta property=\"og:type\" content=\"article\" \/>\n<meta property=\"og:title\" content=\"Adicionar guia Yelp Reviews \u00e0 p\u00e1gina comercial do Facebook (2025)\" \/>\n<meta property=\"og:description\" content=\"Aqui est\u00e1 a possibilidade de criar um widget Yelp Reviews e integr\u00e1-lo \u00e0 sua p\u00e1gina do Facebook. Obtenha suporte gratuito ao cliente e outras vantagens da Elfsight.\" \/>\n<meta property=\"og:url\" content=\"https:\/\/elfsight.com\/pt\/yelp-reviews-widget\/facebook\/\" \/>\n<meta property=\"og:site_name\" content=\"Elfsight PT\" \/>\n<meta property=\"article:modified_time\" content=\"2024-11-13T11:45:46+00:00\" \/>\n<meta name=\"twitter:card\" content=\"summary_large_image\" \/>\n<meta name=\"twitter:label1\" content=\"Tempo estimado de leitura\" \/>\n\t<meta name=\"twitter:data1\" content=\"3 minutos\" \/>\n<!-- \/ Yoast SEO plugin. -->","yoast_head_json":{"title":"Adicionar guia Yelp Reviews \u00e0 p\u00e1gina comercial do Facebook (2025)","description":"Aqui est\u00e1 a possibilidade de criar um widget Yelp Reviews e integr\u00e1-lo \u00e0 sua p\u00e1gina do Facebook. Obtenha suporte gratuito ao cliente e outras vantagens da Elfsight.","robots":{"index":"index","follow":"follow","max-snippet":"max-snippet:-1","max-image-preview":"max-image-preview:large","max-video-preview":"max-video-preview:-1"},"canonical":"https:\/\/elfsight.com\/pt\/yelp-reviews-widget\/facebook\/","og_locale":"pt_PT","og_type":"article","og_title":"Adicionar guia Yelp Reviews \u00e0 p\u00e1gina comercial do Facebook (2025)","og_description":"Aqui est\u00e1 a possibilidade de criar um widget Yelp Reviews e integr\u00e1-lo \u00e0 sua p\u00e1gina do Facebook. Obtenha suporte gratuito ao cliente e outras vantagens da Elfsight.","og_url":"https:\/\/elfsight.com\/pt\/yelp-reviews-widget\/facebook\/","og_site_name":"Elfsight PT","article_modified_time":"2024-11-13T11:45:46+00:00","twitter_card":"summary_large_image","twitter_misc":{"Tempo estimado de leitura":"3 minutos"},"schema":{"@context":"https:\/\/schema.org","@graph":[{"@type":"WebPage","@id":"https:\/\/elfsight.com\/pt\/yelp-reviews-widget\/facebook\/","url":"https:\/\/elfsight.com\/pt\/yelp-reviews-widget\/facebook\/","name":"Adicionar guia Yelp Reviews \u00e0 p\u00e1gina comercial do Facebook (2025)","isPartOf":{"@id":"https:\/\/elfsight.com\/pt\/#website"},"datePublished":"1970-01-01T00:00:00+00:00","dateModified":"2024-11-13T11:45:46+00:00","description":"Aqui est\u00e1 a possibilidade de criar um widget Yelp Reviews e integr\u00e1-lo \u00e0 sua p\u00e1gina do Facebook. Obtenha suporte gratuito ao cliente e outras vantagens da Elfsight.","breadcrumb":{"@id":"https:\/\/elfsight.com\/pt\/yelp-reviews-widget\/facebook\/#breadcrumb"},"inLanguage":"pt-PT","potentialAction":[{"@type":"ReadAction","target":["https:\/\/elfsight.com\/pt\/yelp-reviews-widget\/facebook\/"]}]},{"@type":"BreadcrumbList","@id":"https:\/\/elfsight.com\/pt\/yelp-reviews-widget\/facebook\/#breadcrumb","itemListElement":[{"@type":"ListItem","position":1,"name":"Home","item":"https:\/\/elfsight.com\/pt\/"},{"@type":"ListItem","position":2,"name":"Yelp Reviews","item":"https:\/\/elfsight.com\/pt\/yelp-reviews-widget\/"},{"@type":"ListItem","position":3,"name":"Yelp Reviews &#8211; Facebook Page"}]},{"@type":"WebSite","@id":"https:\/\/elfsight.com\/pt\/#website","url":"https:\/\/elfsight.com\/pt\/","name":"Elfsight PT","description":"Just another Elfsight Sites site","potentialAction":[{"@type":"SearchAction","target":{"@type":"EntryPoint","urlTemplate":"https:\/\/elfsight.com\/pt\/?s={search_term_string}"},"query-input":{"@type":"PropertyValueSpecification","valueRequired":true,"valueName":"search_term_string"}}],"inLanguage":"pt-PT"}]}},"meta_box":{"industry":"","seo_heading":"","heading":"","description":"","cta_heading":"","cta_description":"","application":"999","h1":"Avalia\u00e7\u00f5es do Yelp para a p\u00e1gina do Facebook","h1_caption":"Mostre as opini\u00f5es de seus clientes perfeitos do Yelp na p\u00e1gina de sua empresa","application_category":[],"applications_title":"","applications_request_title":"","applications_request_button_text":"","hero_text":"","hero_video":"","hero_video_schema_markup":"","selling_points_title":"","selling_points_caption":"","selling_points":[],"selling_points_cta_text":"","features_title":"","features":"","ed_cta_examples_text":"","ed_cta_examples_hidden":"","ed_cta_demo_text":"","ed_cta_demo_hidden":"","why_caption":"","why_editor_title":"","why_editor_text":"","why_team_title":"","why_team_text":"","why_service_title":"","why_service_text":"","template_catalog_visible":"","template_catalog_title":"","template_catalog_text":"","template_catalog_categories_visible":"","demo_title":"Crie seu widget de avalia\u00e7\u00f5es do Yelp","demo_caption":"Configure suas avalia\u00e7\u00f5es do Yelp e adicione-as ao site da sua p\u00e1gina do Facebook gratuitamente!","default_faq_hidden":"","app_template_category":[],"platform":"103","template_public_id":"","codecanyon_url":"","codecanyon_item_id":"","codecanyon_price":"","pricing_caption":"","pricing_elfsight_apps_hide_column":"","pricing_elfsight_apps_url":"","pricing_codecanyon_price_caption":"","integration_category":[],"integration_request_title":"","integration_request_cta":"","integration_platform":"","integrations":[],"platform_category":[],"video_schema_markup":"","price":"a partir de US$ 0\/m\u00eas","trial":"","benefits":[{"text":"Servi\u00e7o de instala\u00e7\u00e3o gratuito"},{"text":"Suporte premium"},{"text":"Garantia de devolu\u00e7\u00e3o do dinheiro em 14 dias"},{"text":"Atualiza\u00e7\u00f5es regulares"}],"button_url":"#demo","button_target_blank":"","button_nofollow":"","attributes":[{"name":"Instala\u00e7\u00f5es","content":"10,000 - 100,000"},{"name":"Responsivo","content":"Sim"},{"name":"Navegadores compat\u00edveis","content":"Opera, Firefox, Safari, Edge, Chrome"}],"tags":[],"tags_disable_links":"","hide_more_platforms":"","video_object":"","demo_hide_cta":"","demo_hide_cloud_options":"","pricing_title":"","pricing":[{"pricing_icon":"platform","pricing_title":"Elfsight Apps","pricing_title_caption":"Solu\u00e7\u00e3o digital multiplataforma que funciona em qualquer site","pricing_price":"a partir de US$ 0\/m\u00eas","pricing_price_caption":"comece com plano gratuito","pricing_benefits":[{"text":"Dom\u00ednios ilimitados"},{"text":"Suporte premium e pontual"},{"text":"Suporte premium e pontual"},{"text":"Oferta especial para v\u00e1rios aplicativos"}],"pricing_button_text":"Adicionar ao site","pricing_button_url":"#demo"}],"related_apps_title":"","related_apps_hidden":"","author":"","image":[],"title":"","job":"","social_networks":[]},"_links":{"self":[{"href":"https:\/\/elfsight.com\/pt\/wp-json\/wp\/v2\/pages\/8834","targetHints":{"allow":["GET"]}}],"collection":[{"href":"https:\/\/elfsight.com\/pt\/wp-json\/wp\/v2\/pages"}],"about":[{"href":"https:\/\/elfsight.com\/pt\/wp-json\/wp\/v2\/types\/page"}],"author":[{"embeddable":true,"href":"https:\/\/elfsight.com\/pt\/wp-json\/wp\/v2\/users\/9"}],"replies":[{"embeddable":true,"href":"https:\/\/elfsight.com\/pt\/wp-json\/wp\/v2\/comments?post=8834"}],"version-history":[{"count":1,"href":"https:\/\/elfsight.com\/pt\/wp-json\/wp\/v2\/pages\/8834\/revisions"}],"predecessor-version":[{"id":8838,"href":"https:\/\/elfsight.com\/pt\/wp-json\/wp\/v2\/pages\/8834\/revisions\/8838"}],"up":[{"embeddable":true,"href":"https:\/\/elfsight.com\/pt\/wp-json\/wp\/v2\/pages\/1000"}],"wp:attachment":[{"href":"https:\/\/elfsight.com\/pt\/wp-json\/wp\/v2\/media?parent=8834"}],"curies":[{"name":"wp","href":"https:\/\/api.w.org\/{rel}","templated":true}]}}