{"id":8833,"date":"1970-01-01T00:00:00","date_gmt":"1970-01-01T00:00:00","guid":{"rendered":"https:\/\/elfsight.com\/pt\/?page_id=8833"},"modified":"2024-11-13T11:33:51","modified_gmt":"2024-11-13T11:33:51","slug":"woocommerce","status":"publish","type":"page","link":"https:\/\/elfsight.com\/pt\/yelp-reviews-widget\/woocommerce\/","title":{"rendered":"Yelp Reviews &#8211; WooCommerce"},"content":{"rendered":"<div class=\"application-platform-content-item-description application-platform-content-item\" id=\"description\" data-nav-section=\"description\"><h2>Descri\u00e7\u00e3o<\/h2><p>Elfsight Review \u00e9 um widget \u00fatil que permite adicionar avalia\u00e7\u00f5es sobre suas ofertas de postagens no Yelp em seu site . Com nosso widget, voc\u00ea pode usar filtros para classificar avalia\u00e7\u00f5es indesejadas, demonstrar suas avalia\u00e7\u00f5es com estrelas e n\u00fameros do Yelp, revelar informa\u00e7\u00f5es sobre os autores e adicionar um bot\u00e3o que levar\u00e1 os visitantes a postar mais uma avalia\u00e7\u00e3o no Yelp.<\/p><p><b>Torne seu site mais eficiente para objetivos de com\u00e9rcio eletr\u00f4nico com a ajuda do Yelp Reviews<\/b><\/p><\/div> <div class=\"application-platform-content-item-features application-platform-content-item\" id=\"features\" data-nav-section=\"features\"><h2>Os principais recursos do widget incluem<\/h2><ul><li>3 filtros prontos para uso: por tipo, exclus\u00e3o por e quantidade de avalia\u00e7\u00f5es para exibi\u00e7\u00e3o;<\/li><li>Quatro tipos de layouts: Lista, Grade, Alvenaria e Slider; <\/li><li> Cabe\u00e7alho totalmente flex\u00edvel do widget;<\/li><li>O bot\u00e3o ativo para deixar uma nova avalia\u00e7\u00e3o direciona as pessoas para a p\u00e1gina do Yelp;<\/li><li>6 elementos ajust\u00e1veis \u200b\u200bda interface: nome e imagem do autor, recomenda\u00e7\u00e3o, data, \u00edcone do Yelp e classifica\u00e7\u00e3o por estrelas;<\/li><li>Duas variantes de cen\u00e1rios ap\u00f3s a rejei\u00e7\u00e3o da solicita\u00e7\u00e3o de revis\u00e3o: demonstrar uma mensagem de texto ou ocultar o bot\u00e3o.<\/li><\/ul><p><a href=\"#demo\">Explore todas as op\u00e7\u00f5es de personaliza\u00e7\u00e3o em uma demonstra\u00e7\u00e3o totalmente funcional<\/a><\/p><\/div><div class=\"application-platform-content-item-installation application-platform-content-item\" id=\"installation\" data-nav-section=\"installation\"><h2>Como incorporo avalia\u00e7\u00f5es do Yelp em meu site WooCommerce?<\/h2><p>Basta aplicar as instru\u00e7\u00f5es abaixo para incorporar a ferramenta.<\/p><ol><li><b>Gerencie nossa demonstra\u00e7\u00e3o gratuita e comece a criar seu instrumento personalizado.<\/b><br>Especifique a forma preferida e as caracter\u00edsticas do plugin e aplique as modifica\u00e7\u00f5es.<\/li><li><b>Obtenha o c\u00f3digo individual revelado na janela dos aplicativos Elfsight.<\/b><br>Logo ap\u00f3s o a configura\u00e7\u00e3o do seu plugin estiver conclu\u00edda, copie o c\u00f3digo individual da caixa exibida e salve-o para necessidades futuras.<\/li><li><b>Comece a usar a ferramenta na p\u00e1gina da web da sua plataforma.<\/b><br> Coloque o c\u00f3digo que voc\u00ea copiou anteriormente em sua p\u00e1gina inicial e aplique as corre\u00e7\u00f5es.<\/li><li><b>Pronto! A configura\u00e7\u00e3o est\u00e1 totalmente conclu\u00edda.<\/b><br>Acesse seu site para dar uma olhada no funcionamento do widget.<\/li><\/ol><p>Se voc\u00ea tiver algum obst\u00e1culo, n\u00e3o hesite em abordar nosso equipe de suporte. Nosso pessoal est\u00e1 ansioso para resolver todos os problemas que voc\u00ea possa ter com o plugin.<\/p><div class=\"faq\" data-component=\"FAQ\"> <div class=\"faq-item\">\r\n\t\t\t\t\t<div class=\"faq-item-question\">\r\n\t\t\t\t\t\t<h3 class=\"faq-item-question-text\">Como posso adicionar avalia\u00e7\u00f5es do Yelp ao meu site WooCommerce sem habilidades de codifica\u00e7\u00e3o?<\/h3>\r\n\r\n\t\t\t\t\t\t<div class=\"faq-item-question-icon\"><\/div>\r\n\t\t\t\t\t<\/div>\r\n\r\n\t\t\t\t\t<div class=\"faq-item-answer\">\r\n\t\t\t\t\t\t<div class=\"faq-item-answer-text\"> <p>A Elfsight fornece uma solu\u00e7\u00e3o SaaS que permite que voc\u00ea mesmo crie um widget de Avalia\u00e7\u00f5es do Yelp, veja como o processo \u00e9 f\u00e1cil: Trabalhe diretamente no Editor on-line para criar um widget de Avalia\u00e7\u00f5es do Yelp que voc\u00ea gostaria de ver em seu site WooCommerce. Escolha um dos modelos predefinidos e ajuste as configura\u00e7\u00f5es de Avalia\u00e7\u00f5es do Yelp, adicione seu conte\u00fado, altere o layout e o esquema de cores sem nenhuma habilidade de codifica\u00e7\u00e3o. Salve os coment\u00e1rios do Yelp e copie seu c\u00f3digo de instala\u00e7\u00e3o, que voc\u00ea pode colar facilmente em seu site WooCommerce sem a necessidade de comprar uma vers\u00e3o paga. Com nosso editor intuitivo, qualquer usu\u00e1rio da Internet pode criar coment\u00e1rios do widget Yelp online e incorpor\u00e1-los facilmente em seu site WooCommerce. N\u00e3o h\u00e1 necessidade de pagar ou inserir as credenciais do seu cart\u00e3o para acessar o servi\u00e7o. Se voc\u00ea enfrentar qualquer problema em qualquer etapa, n\u00e3o hesite em entrar em contato com nossa equipe de suporte t\u00e9cnico.<\/p> <\/div>\r\n\t\t\t\t\t<\/div>\r\n\t\t\t\t<\/div> <\/div> <\/div>","protected":false},"excerpt":{"rendered":"","protected":false},"author":9,"featured_media":0,"parent":1000,"menu_order":0,"comment_status":"closed","ping_status":"closed","template":"templates\/template-application-platform.php","meta":{"publish_to_discourse":"","publish_post_category":"","wpdc_auto_publish_overridden":"","wpdc_topic_tags":"","wpdc_pin_topic":"","wpdc_pin_until":"","discourse_post_id":"","discourse_permalink":"","wpdc_publishing_response":"","wpdc_publishing_error":"","footnotes":""},"class_list":["post-8833","page","type-page","status-publish","hentry"],"yoast_head":"<!-- This site is optimized with the Yoast SEO plugin v25.3.1 - https:\/\/yoast.com\/wordpress\/plugins\/seo\/ -->\n<title>Plug-in WooCommerce Yelp Reviews para seu site (2025)<\/title>\n<meta name=\"description\" content=\"Voc\u00ea pode personalizar o plugin Yelp Reviews no editor e incorpor\u00e1-lo em seu site WooCommerce diretamente da demonstra\u00e7\u00e3o ao vivo.\" \/>\n<meta name=\"robots\" content=\"index, follow, max-snippet:-1, max-image-preview:large, max-video-preview:-1\" \/>\n<link rel=\"canonical\" href=\"https:\/\/elfsight.com\/pt\/yelp-reviews-widget\/woocommerce\/\" \/>\n<meta property=\"og:locale\" content=\"pt_PT\" \/>\n<meta property=\"og:type\" content=\"article\" \/>\n<meta property=\"og:title\" content=\"Plug-in WooCommerce Yelp Reviews para seu site (2025)\" \/>\n<meta property=\"og:description\" content=\"Voc\u00ea pode personalizar o plugin Yelp Reviews no editor e incorpor\u00e1-lo em seu site WooCommerce diretamente da demonstra\u00e7\u00e3o ao vivo.\" \/>\n<meta property=\"og:url\" content=\"https:\/\/elfsight.com\/pt\/yelp-reviews-widget\/woocommerce\/\" \/>\n<meta property=\"og:site_name\" content=\"Elfsight PT\" \/>\n<meta property=\"article:modified_time\" content=\"2024-11-13T11:33:51+00:00\" \/>\n<meta name=\"twitter:card\" content=\"summary_large_image\" \/>\n<meta name=\"twitter:label1\" content=\"Tempo estimado de leitura\" \/>\n\t<meta name=\"twitter:data1\" content=\"3 minutos\" \/>\n<!-- \/ Yoast SEO plugin. -->","yoast_head_json":{"title":"Plug-in WooCommerce Yelp Reviews para seu site (2025)","description":"Voc\u00ea pode personalizar o plugin Yelp Reviews no editor e incorpor\u00e1-lo em seu site WooCommerce diretamente da demonstra\u00e7\u00e3o ao vivo.","robots":{"index":"index","follow":"follow","max-snippet":"max-snippet:-1","max-image-preview":"max-image-preview:large","max-video-preview":"max-video-preview:-1"},"canonical":"https:\/\/elfsight.com\/pt\/yelp-reviews-widget\/woocommerce\/","og_locale":"pt_PT","og_type":"article","og_title":"Plug-in WooCommerce Yelp Reviews para seu site (2025)","og_description":"Voc\u00ea pode personalizar o plugin Yelp Reviews no editor e incorpor\u00e1-lo em seu site WooCommerce diretamente da demonstra\u00e7\u00e3o ao vivo.","og_url":"https:\/\/elfsight.com\/pt\/yelp-reviews-widget\/woocommerce\/","og_site_name":"Elfsight PT","article_modified_time":"2024-11-13T11:33:51+00:00","twitter_card":"summary_large_image","twitter_misc":{"Tempo estimado de leitura":"3 minutos"},"schema":{"@context":"https:\/\/schema.org","@graph":[{"@type":"WebPage","@id":"https:\/\/elfsight.com\/pt\/yelp-reviews-widget\/woocommerce\/","url":"https:\/\/elfsight.com\/pt\/yelp-reviews-widget\/woocommerce\/","name":"Plug-in WooCommerce Yelp Reviews para seu site (2025)","isPartOf":{"@id":"https:\/\/elfsight.com\/pt\/#website"},"datePublished":"1970-01-01T00:00:00+00:00","dateModified":"2024-11-13T11:33:51+00:00","description":"Voc\u00ea pode personalizar o plugin Yelp Reviews no editor e incorpor\u00e1-lo em seu site WooCommerce diretamente da demonstra\u00e7\u00e3o ao vivo.","breadcrumb":{"@id":"https:\/\/elfsight.com\/pt\/yelp-reviews-widget\/woocommerce\/#breadcrumb"},"inLanguage":"pt-PT","potentialAction":[{"@type":"ReadAction","target":["https:\/\/elfsight.com\/pt\/yelp-reviews-widget\/woocommerce\/"]}]},{"@type":"BreadcrumbList","@id":"https:\/\/elfsight.com\/pt\/yelp-reviews-widget\/woocommerce\/#breadcrumb","itemListElement":[{"@type":"ListItem","position":1,"name":"Home","item":"https:\/\/elfsight.com\/pt\/"},{"@type":"ListItem","position":2,"name":"Yelp Reviews","item":"https:\/\/elfsight.com\/pt\/yelp-reviews-widget\/"},{"@type":"ListItem","position":3,"name":"Yelp Reviews &#8211; WooCommerce"}]},{"@type":"WebSite","@id":"https:\/\/elfsight.com\/pt\/#website","url":"https:\/\/elfsight.com\/pt\/","name":"Elfsight PT","description":"Just another Elfsight Sites site","potentialAction":[{"@type":"SearchAction","target":{"@type":"EntryPoint","urlTemplate":"https:\/\/elfsight.com\/pt\/?s={search_term_string}"},"query-input":{"@type":"PropertyValueSpecification","valueRequired":true,"valueName":"search_term_string"}}],"inLanguage":"pt-PT"}]}},"meta_box":{"industry":"","seo_heading":"","heading":"","description":"","cta_heading":"","cta_description":"","application":"999","h1":"Plug-in WooCommerce Yelp Reviews","h1_caption":"a partir de US$ 0\/m\u00eas","application_category":[],"applications_title":"","applications_request_title":"","applications_request_button_text":"","hero_text":"","hero_video":"","hero_video_schema_markup":"","selling_points_title":"","selling_points_caption":"","selling_points":[],"selling_points_cta_text":"","features_title":"","features":"","ed_cta_examples_text":"","ed_cta_examples_hidden":"","ed_cta_demo_text":"","ed_cta_demo_hidden":"","why_caption":"","why_editor_title":"","why_editor_text":"","why_team_title":"","why_team_text":"","why_service_title":"","why_service_text":"","template_catalog_visible":"","template_catalog_title":"","template_catalog_text":"","template_catalog_categories_visible":"","demo_title":"Crie seu aplicativo Yelp Reviews","demo_caption":"Configure suas avalia\u00e7\u00f5es do Yelp e adicione-as ao seu site WooCommerce gratuitamente!","default_faq_hidden":"","app_template_category":[],"platform":"4920","template_public_id":"","codecanyon_url":"","codecanyon_item_id":"","codecanyon_price":"","pricing_caption":"","pricing_elfsight_apps_hide_column":"","pricing_elfsight_apps_url":"","pricing_codecanyon_price_caption":"","integration_category":[],"integration_request_title":"","integration_request_cta":"","integration_platform":"","integrations":[],"platform_category":[],"video_schema_markup":"","price":"a partir de US$ 0\/m\u00eas","trial":"","benefits":[{"text":"Ajuda de instala\u00e7\u00e3o gratuita"},{"text":"Suporte ao cliente experiente"},{"text":"Garantia de reembolso de 14 dias"},{"text":"Melhorias gratuitas cont\u00ednuas"}],"button_url":"#demo","button_target_blank":"","button_nofollow":"","attributes":[{"name":"Instala\u00e7\u00f5es","content":"10,000 - 100,000"},{"name":"Responsivo","content":"Sim"},{"name":"Navegadores compat\u00edveis","content":"Firefox, Safari, Opera, Chrome, Edge"}],"tags":[],"tags_disable_links":"","hide_more_platforms":"","video_object":"","demo_hide_cta":"","demo_hide_cloud_options":"","pricing_title":"","pricing":[{"pricing_icon":"platform","pricing_title":"Elfsight Apps","pricing_title_caption":"Solu\u00e7\u00e3o multiplataforma","pricing_price":"a partir de US$ 0\/m\u00eas","pricing_price_caption":"comece com um plano gratuito","pricing_benefits":[{"text":"Dom\u00ednios ilimitados"},{"text":"Suporte r\u00e1pido \u00e0 empresa"},{"text":"Suporte r\u00e1pido \u00e0 empresa"},{"text":"Totalmente personaliz\u00e1vel"}],"pricing_button_text":"Adicionar ao site","pricing_button_url":"#demo"}],"related_apps_title":"","related_apps_hidden":"","author":"","image":[],"title":"","job":"","social_networks":[]},"_links":{"self":[{"href":"https:\/\/elfsight.com\/pt\/wp-json\/wp\/v2\/pages\/8833","targetHints":{"allow":["GET"]}}],"collection":[{"href":"https:\/\/elfsight.com\/pt\/wp-json\/wp\/v2\/pages"}],"about":[{"href":"https:\/\/elfsight.com\/pt\/wp-json\/wp\/v2\/types\/page"}],"author":[{"embeddable":true,"href":"https:\/\/elfsight.com\/pt\/wp-json\/wp\/v2\/users\/9"}],"replies":[{"embeddable":true,"href":"https:\/\/elfsight.com\/pt\/wp-json\/wp\/v2\/comments?post=8833"}],"version-history":[{"count":1,"href":"https:\/\/elfsight.com\/pt\/wp-json\/wp\/v2\/pages\/8833\/revisions"}],"predecessor-version":[{"id":8837,"href":"https:\/\/elfsight.com\/pt\/wp-json\/wp\/v2\/pages\/8833\/revisions\/8837"}],"up":[{"embeddable":true,"href":"https:\/\/elfsight.com\/pt\/wp-json\/wp\/v2\/pages\/1000"}],"wp:attachment":[{"href":"https:\/\/elfsight.com\/pt\/wp-json\/wp\/v2\/media?parent=8833"}],"curies":[{"name":"wp","href":"https:\/\/api.w.org\/{rel}","templated":true}]}}