{"id":8824,"date":"1970-01-01T00:00:00","date_gmt":"1970-01-01T00:00:00","guid":{"rendered":"https:\/\/elfsight.com\/pt\/?page_id=8824"},"modified":"2025-03-03T07:59:51","modified_gmt":"2025-03-03T07:59:51","slug":"jimdo","status":"publish","type":"page","link":"https:\/\/elfsight.com\/pt\/yelp-reviews-widget\/jimdo\/","title":{"rendered":"Yelp Reviews &#8211; Jimdo"},"content":{"rendered":"\n<div class=\"application-platform-content-item-description application-platform-content-item\" id=\"description\" data-nav-section=\"description\"><h2>Descri\u00e7\u00e3o<\/h2> <p>Elfsight Yelp Reviews \u00e9 um widget \u00fatil que lhe d\u00e1 a possibilidade de mostrar as avalia\u00e7\u00f5es do seu estoque diretamente no seu site de todos os sites de avalia\u00e7\u00e3o populares. Com nosso widget, voc\u00ea conseguir\u00e1 aplicar filtros para ocultar depoimentos indesejados, expor sua classifica\u00e7\u00e3o por estrelas e quantidade diretamente de sua p\u00e1gina em qualquer p\u00e1gina de avalia\u00e7\u00f5es de neg\u00f3cios, adicionar dados sobre os autores das avalia\u00e7\u00f5es e anexar um bot\u00e3o CTA que provocar\u00e1 os usu\u00e1rios para escrever seus pensamentos. Nosso widget Yelp Reviews ir\u00e1 pression\u00e1-lo a revelar sua excelente prova social diretamente no site e come\u00e7ar a receber mais novas compras. <\/p><p><b>Tente usar o Yelp Reviews para simplificar seus desafios de com\u00e9rcio eletr\u00f4nico! <\/b><\/p> <\/div> <div class=\"application-platform-content-item-features application-platform-content-item\" id=\"features\" data-nav-section=\"features\"> <h2>Os recursos de widget mais importantes cont\u00eam<\/h2> <ul><li>Incorporar avalia\u00e7\u00f5es de clientes da p\u00e1gina do Yelp<\/li><li>3 tipos de filtros: por tipo, exclus\u00e3o por e quantidade de coment\u00e1rios<\/li><li>Quatro tipos de layout: Grade, Alvenaria, Lista e Slider<\/li><li>arrasta navega\u00e7\u00e3o e tipos de setas no layout Slider <\/li><li>Definir a velocidade do slide e a velocidade de reprodu\u00e7\u00e3o autom\u00e1tica<\/li><li>Selecionar o tipo de pagina\u00e7\u00e3o no layout do controle deslizante<\/li><li>Bot\u00e3o CTA para obter avalia\u00e7\u00f5es de novos usu\u00e1rios na p\u00e1gina do Yelp<\/li><li> Tr\u00eas modelos de avalia\u00e7\u00e3o: Cl\u00e1ssico, Spotlight, Bolha<\/li><li>Seis elementos flex\u00edveis das avalia\u00e7\u00f5es: recomenda\u00e7\u00e3o e foto, classifica\u00e7\u00e3o por estrelas, \u00edcone do Yelp, data e nome do autor<\/li><li>Uma op\u00e7\u00e3o para alterar a avalia\u00e7\u00e3o tamanho da fonte do texto<\/li><\/ul><p><a href=\"#demo\">Voc\u00ea pode testar a funcionalidade completa do widget na demonstra\u00e7\u00e3o agora mesmo<\/a><\/p> <\/div> <div class=\"application-platform-content-item-installation application-platform-content-item\" id=\"installation\" data-nav-section=\"installation\"> <h2>Como incorporar avalia\u00e7\u00f5es do Yelp em minha p\u00e1gina Jimdo? <\/h2> <p>Basta seguir v\u00e1rios passos apresentados abaixo para come\u00e7ar a usar o widget. <\/p> <ol><li><b>Inicie nosso configurador gratuito e comece a criar seu widget exclusivo. <\/b><br> Determine a forma e funcionalidade adequadas da ferramenta e salve as edi\u00e7\u00f5es. <\/li> <li><b>Obtenha seu c\u00f3digo exclusivo aparecendo na janela dos aplicativos Elfsight. <\/b><br> Assim que terminar a gera\u00e7\u00e3o do seu widget, copie o c\u00f3digo exclusivo no popup exibido e guarde-o para futuras ocasi\u00f5es. <\/li> <li><b>Comece a utilizar a ferramenta em seu site Jimdo. <\/b><br> Incorpore o c\u00f3digo que voc\u00ea salvou anteriormente em seu site e aplique os ajustes. <\/li> <li><b>A configura\u00e7\u00e3o foi finalizada com sucesso. <\/b><br> Acesse seu site para examinar como a ferramenta funciona. <\/li><\/ol> <p>Caso voc\u00ea tenha alguma dificuldade, entre em contato com nossa equipe de suporte. Nossos especialistas ter\u00e3o prazer em ajud\u00e1-lo com todas as d\u00favidas que voc\u00ea possa ter sobre o produto. <\/p> <div class=\"faq\" data-component=\"FAQ\"> <div class=\"faq-item\">\r\n\t\t\t\t\t<div class=\"faq-item-question\">\r\n\t\t\t\t\t\t<h3 class=\"faq-item-question-text\">Como adicionar Avalia\u00e7\u00f5es do Yelp ao meu site Jimdo sem habilidades de codifica\u00e7\u00e3o?<\/h3>\r\n\r\n\t\t\t\t\t\t<div class=\"faq-item-question-icon\"><\/div>\r\n\t\t\t\t\t<\/div>\r\n\r\n\t\t\t\t\t<div class=\"faq-item-answer\">\r\n\t\t\t\t\t\t<div class=\"faq-item-answer-text\"> <p>A Elfsight fornece uma solu\u00e7\u00e3o SaaS que permite que voc\u00ea mesmo crie um widget Avalia\u00e7\u00f5es do Yelp. Veja como \u00e9 f\u00e1cil o processo \u00e9: Trabalhe diretamente no Editor on-line para criar um widget Avalia\u00e7\u00f5es do Yelp que voc\u00ea gostaria de ver em seu site Jimdo. Escolha um dos modelos predefinidos e ajuste as configura\u00e7\u00f5es de Avalia\u00e7\u00f5es do Yelp, adicione seu conte\u00fado, altere o layout e o esquema de cores sem nenhuma habilidade de codifica\u00e7\u00e3o. Salve as avalia\u00e7\u00f5es do Yelp e copie seu c\u00f3digo de instala\u00e7\u00e3o, que voc\u00ea pode incorporar facilmente em seu site Jimdo sem a necessidade de comprar uma vers\u00e3o paga. Com nosso editor intuitivo, qualquer usu\u00e1rio da Internet pode criar coment\u00e1rios do widget Yelp on-line e incorpor\u00e1-los facilmente em seu site Jimdo. N\u00e3o h\u00e1 necessidade de pagar ou inserir as credenciais do seu cart\u00e3o para acessar o servi\u00e7o. Se voc\u00ea enfrentar qualquer problema em qualquer etapa, n\u00e3o hesite em entrar em contato com nossa equipe de suporte t\u00e9cnico.<\/p> <\/div>\r\n\t\t\t\t\t<\/div>\r\n\t\t\t\t<\/div> <\/div> <\/div>\n","protected":false},"excerpt":{"rendered":"","protected":false},"author":9,"featured_media":0,"parent":1000,"menu_order":0,"comment_status":"closed","ping_status":"closed","template":"templates\/template-application-platform.php","meta":{"publish_to_discourse":"","publish_post_category":"","wpdc_auto_publish_overridden":"","wpdc_topic_tags":"","wpdc_pin_topic":"","wpdc_pin_until":"","discourse_post_id":"","discourse_permalink":"","wpdc_publishing_response":"","wpdc_publishing_error":"","footnotes":""},"class_list":["post-8824","page","type-page","status-publish","hentry"],"yoast_head":"<!-- This site is optimized with the Yoast SEO plugin v25.3.1 - https:\/\/yoast.com\/wordpress\/plugins\/seo\/ -->\n<title>Adicione o widget Yelp Reviews ao seu site Jimdo (em 2 minutos)<\/title>\n<meta name=\"description\" content=\"N\u00e3o \u00e9 dif\u00edcil criar seu widget Yelp Reviews e adicion\u00e1-lo ao site Jimdo. O suporte ao cliente da Elfsight \u00e9 gratuito.\" \/>\n<meta name=\"robots\" content=\"index, follow, max-snippet:-1, max-image-preview:large, max-video-preview:-1\" \/>\n<link rel=\"canonical\" href=\"https:\/\/elfsight.com\/pt\/yelp-reviews-widget\/jimdo\/\" \/>\n<meta property=\"og:locale\" content=\"pt_PT\" \/>\n<meta property=\"og:type\" content=\"article\" \/>\n<meta property=\"og:title\" content=\"Adicione o widget Yelp Reviews ao seu site Jimdo (em 2 minutos)\" \/>\n<meta property=\"og:description\" content=\"N\u00e3o \u00e9 dif\u00edcil criar seu widget Yelp Reviews e adicion\u00e1-lo ao site Jimdo. O suporte ao cliente da Elfsight \u00e9 gratuito.\" \/>\n<meta property=\"og:url\" content=\"https:\/\/elfsight.com\/pt\/yelp-reviews-widget\/jimdo\/\" \/>\n<meta property=\"og:site_name\" content=\"Elfsight PT\" \/>\n<meta property=\"article:modified_time\" content=\"2025-03-03T07:59:51+00:00\" \/>\n<meta name=\"twitter:card\" content=\"summary_large_image\" \/>\n<meta name=\"twitter:label1\" content=\"Tempo estimado de leitura\" \/>\n\t<meta name=\"twitter:data1\" content=\"4 minutos\" \/>\n<!-- \/ Yoast SEO plugin. -->","yoast_head_json":{"title":"Adicione o widget Yelp Reviews ao seu site Jimdo (em 2 minutos)","description":"N\u00e3o \u00e9 dif\u00edcil criar seu widget Yelp Reviews e adicion\u00e1-lo ao site Jimdo. O suporte ao cliente da Elfsight \u00e9 gratuito.","robots":{"index":"index","follow":"follow","max-snippet":"max-snippet:-1","max-image-preview":"max-image-preview:large","max-video-preview":"max-video-preview:-1"},"canonical":"https:\/\/elfsight.com\/pt\/yelp-reviews-widget\/jimdo\/","og_locale":"pt_PT","og_type":"article","og_title":"Adicione o widget Yelp Reviews ao seu site Jimdo (em 2 minutos)","og_description":"N\u00e3o \u00e9 dif\u00edcil criar seu widget Yelp Reviews e adicion\u00e1-lo ao site Jimdo. O suporte ao cliente da Elfsight \u00e9 gratuito.","og_url":"https:\/\/elfsight.com\/pt\/yelp-reviews-widget\/jimdo\/","og_site_name":"Elfsight PT","article_modified_time":"2025-03-03T07:59:51+00:00","twitter_card":"summary_large_image","twitter_misc":{"Tempo estimado de leitura":"4 minutos"},"schema":{"@context":"https:\/\/schema.org","@graph":[{"@type":"WebPage","@id":"https:\/\/elfsight.com\/pt\/yelp-reviews-widget\/jimdo\/","url":"https:\/\/elfsight.com\/pt\/yelp-reviews-widget\/jimdo\/","name":"Adicione o widget Yelp Reviews ao seu site Jimdo (em 2 minutos)","isPartOf":{"@id":"https:\/\/elfsight.com\/pt\/#website"},"datePublished":"1970-01-01T00:00:00+00:00","dateModified":"2025-03-03T07:59:51+00:00","description":"N\u00e3o \u00e9 dif\u00edcil criar seu widget Yelp Reviews e adicion\u00e1-lo ao site Jimdo. O suporte ao cliente da Elfsight \u00e9 gratuito.","breadcrumb":{"@id":"https:\/\/elfsight.com\/pt\/yelp-reviews-widget\/jimdo\/#breadcrumb"},"inLanguage":"pt-PT","potentialAction":[{"@type":"ReadAction","target":["https:\/\/elfsight.com\/pt\/yelp-reviews-widget\/jimdo\/"]}]},{"@type":"BreadcrumbList","@id":"https:\/\/elfsight.com\/pt\/yelp-reviews-widget\/jimdo\/#breadcrumb","itemListElement":[{"@type":"ListItem","position":1,"name":"Home","item":"https:\/\/elfsight.com\/pt\/"},{"@type":"ListItem","position":2,"name":"Yelp Reviews","item":"https:\/\/elfsight.com\/pt\/yelp-reviews-widget\/"},{"@type":"ListItem","position":3,"name":"Yelp Reviews &#8211; Jimdo"}]},{"@type":"WebSite","@id":"https:\/\/elfsight.com\/pt\/#website","url":"https:\/\/elfsight.com\/pt\/","name":"Elfsight PT","description":"Just another Elfsight Sites site","potentialAction":[{"@type":"SearchAction","target":{"@type":"EntryPoint","urlTemplate":"https:\/\/elfsight.com\/pt\/?s={search_term_string}"},"query-input":{"@type":"PropertyValueSpecification","valueRequired":true,"valueName":"search_term_string"}}],"inLanguage":"pt-PT"}]}},"meta_box":{"industry":"","seo_heading":"","heading":"","description":"","cta_heading":"","cta_description":"","application":"999","h1":"Widget de avalia\u00e7\u00f5es do Jimdo Yelp","h1_caption":"Publique as avalia\u00e7\u00f5es dos usu\u00e1rios mais incr\u00edveis sobre sua empresa no Yelp em um site","application_category":[],"applications_title":"","applications_request_title":"","applications_request_button_text":"","hero_text":"","hero_video":"","hero_video_schema_markup":"","selling_points_title":"","selling_points_caption":"","selling_points":[],"selling_points_cta_text":"","features_title":"","features":"","ed_cta_examples_text":"","ed_cta_examples_hidden":"","ed_cta_demo_text":"","ed_cta_demo_hidden":"","why_caption":"","why_editor_title":"","why_editor_text":"","why_team_title":"","why_team_text":"","why_service_title":"","why_service_text":"","template_catalog_visible":"0","template_catalog_title":"","template_catalog_text":"","template_catalog_categories_visible":"","demo_title":"Crie seu widget de avalia\u00e7\u00f5es do Yelp","demo_caption":"Configure suas avalia\u00e7\u00f5es do Yelp e adicione-as ao seu site Jimdo gratuitamente!","default_faq_hidden":"","app_template_category":[],"platform":"5393","template_public_id":"","codecanyon_url":"","codecanyon_item_id":"","codecanyon_price":"","pricing_caption":"","pricing_elfsight_apps_hide_column":"","pricing_elfsight_apps_url":"","pricing_codecanyon_price_caption":"","integration_category":[],"integration_request_title":"","integration_request_cta":"","integration_platform":"","integrations":[],"platform_category":[],"video_schema_markup":"","price":"a partir de US$ 0\/m\u00eas","trial":"","benefits":[{"text":"Servi\u00e7o de instala\u00e7\u00e3o gratuito"},{"text":"Atendimento ao cliente profissional"},{"text":"Garantia de reembolso de 14 dias"},{"text":"Atualizando constantemente"}],"button_url":"#demo","button_target_blank":"0","button_nofollow":"0","attributes":[{"name":"Instala\u00e7\u00f5es","content":"10,000 - 100,000"},{"name":"Responsivo","content":"Sim"},{"name":"Navegadores compat\u00edveis","content":"Firefox, Safari, Opera, Chrome, Edge"}],"tags":[],"tags_disable_links":"0","hide_more_platforms":"0","video_object":"","demo_hide_cta":"0","demo_hide_cloud_options":"0","pricing_title":"","pricing":[{"pricing_icon":"platform","pricing_title":"Elfsight Apps","pricing_title_caption":"Software multiplataforma","pricing_price":"a partir de US$ 0\/m\u00eas","pricing_price_caption":"comece com um plano gratuito","pricing_benefits":[{"text":"Sites ilimitados"},{"text":"Suporte profissional e pontual"},{"text":"Suporte profissional e pontual"},{"text":"Totalmente personaliz\u00e1vel"}],"pricing_button_text":"Adicionar ao site","pricing_button_url":"#demo"}],"related_apps_title":"","related_apps_hidden":"0","author":"","image":[],"title":"","job":"","social_networks":[]},"_links":{"self":[{"href":"https:\/\/elfsight.com\/pt\/wp-json\/wp\/v2\/pages\/8824","targetHints":{"allow":["GET"]}}],"collection":[{"href":"https:\/\/elfsight.com\/pt\/wp-json\/wp\/v2\/pages"}],"about":[{"href":"https:\/\/elfsight.com\/pt\/wp-json\/wp\/v2\/types\/page"}],"author":[{"embeddable":true,"href":"https:\/\/elfsight.com\/pt\/wp-json\/wp\/v2\/users\/9"}],"replies":[{"embeddable":true,"href":"https:\/\/elfsight.com\/pt\/wp-json\/wp\/v2\/comments?post=8824"}],"version-history":[{"count":2,"href":"https:\/\/elfsight.com\/pt\/wp-json\/wp\/v2\/pages\/8824\/revisions"}],"predecessor-version":[{"id":14152,"href":"https:\/\/elfsight.com\/pt\/wp-json\/wp\/v2\/pages\/8824\/revisions\/14152"}],"up":[{"embeddable":true,"href":"https:\/\/elfsight.com\/pt\/wp-json\/wp\/v2\/pages\/1000"}],"wp:attachment":[{"href":"https:\/\/elfsight.com\/pt\/wp-json\/wp\/v2\/media?parent=8824"}],"curies":[{"name":"wp","href":"https:\/\/api.w.org\/{rel}","templated":true}]}}