{"id":8775,"date":"1970-01-01T00:00:00","date_gmt":"1970-01-01T00:00:00","guid":{"rendered":"https:\/\/elfsight.com\/pt\/?page_id=8775"},"modified":"2025-01-31T06:31:05","modified_gmt":"2025-01-31T06:31:05","slug":"prestashop","status":"publish","type":"page","link":"https:\/\/elfsight.com\/pt\/whatsapp-chat-widget\/prestashop\/","title":{"rendered":"WhatsApp Chat &#8211; PrestaShop"},"content":{"rendered":"\n<div class=\"application-platform-content-item-description application-platform-content-item\" id=\"description\" data-nav-section=\"description\"> <h2>Incorpore o WhatsApp Chat com o widget Elfsight<\/h2> <p>O WhatsApp Chat desenvolvido pela Elfsight \u00e9 o mais pr\u00e1tico para o p\u00fablico do seu site conversar com voc\u00ea e ter suas perguntas respondidas. Voc\u00ea \u00e9 livre para ficar dispon\u00edvel online para seus clientes no mensageiro preferido, n\u00e3o importa onde voc\u00ea esteja. Adicione o m\u00f3dulo Prestashop WhatsApp gratuito em sua loja e escolha-o para aparecer em p\u00e1ginas espec\u00edficas ou para determinados tipos de clientes, introduza gatilhos de in\u00edcio de chat, demonstre sua mensagem de boas-vindas personalizada, escolha \u00edcones e muito mais. Com a ajuda do chat do WhatsApp funcionando em uma p\u00e1gina web, voc\u00ea permanecer\u00e1 conectado com seus clientes a qualquer hora e onde quer que esteja. <\/p><p><b>Com o WhatsApp Chat, experimente o crescimento sustent\u00e1vel dos neg\u00f3cios e aumente as vendas <\/b><\/p> <\/div> <div class=\"application-platform-content-item-features application-platform-content-item\" id=\"features\" data-nav-section=\"features\"> <h2>Principais recursos do m\u00f3dulo WhatsApp Chat <\/h2> <ul><li>Adicione o WhatsApp Messenger \u00e0 sua loja para manter contato com os clientes<\/li><li>Responda \u00e0s mensagens diretamente da sua conta do WhatsApp<\/li><li>Experimente tr\u00eas op\u00e7\u00f5es de localiza\u00e7\u00e3o do chat: bolha flutuante, bolha incorporada e janela de bate-papo incorporada<\/li><li>Explore uma biblioteca de \u00edcones de bolha para escolher<\/li><li>Texto de bolha edit\u00e1vel<\/li><\/ul><p><a href=\"#demo\">Teste todos os recursos de personaliza\u00e7\u00e3o em uma demonstra\u00e7\u00e3o totalmente funcional<\/a><\/p> <\/div> <div class=\"application-platform-content-item-installation application-platform-content-item\" id=\"installation\" data-nav-section=\"installation\"> <h2>Como incorporar o WhatsApp Chat em um site PrestaShop<\/h2> <p>Basta seguir os passos descritos abaixo para adicionar o complemento. <\/p> <ol><li><b>Utilize nosso editor gratuito e comece a criar seu complemento personalizado. <\/b><br> Escolha o formul\u00e1rio personalizado e os recursos do widget e salve as edi\u00e7\u00f5es. <\/li> <li><b>Receba o c\u00f3digo individual que aparece no formul\u00e1rio especial nas aplica\u00e7\u00f5es Elfsight. <\/b><br> Ap\u00f3s a customiza\u00e7\u00e3o do seu addon, copie o c\u00f3digo individual na caixa exibida e guarde-o para uso futuro. <\/li> <li><b>Iniciar a aplica\u00e7\u00e3o da ferramenta no site PrestaShop. <\/b><br> Insira o c\u00f3digo salvo recentemente em sua p\u00e1gina e aplique os ajustes. <\/li> <li><b>Conclu\u00eddo! A integra\u00e7\u00e3o foi realizada com sucesso. <\/b><br> Acesse seu site para ver em a\u00e7\u00e3o como a ferramenta est\u00e1 funcionando. <\/li><\/ol> <p>Caso tenha d\u00favidas ou enfrente algumas dificuldades, n\u00e3o hesite em entrar em contato com nossa equipe de atendimento ao cliente. Nossos consultores ter\u00e3o prazer em ajud\u00e1-lo com todas as dificuldades que voc\u00ea possa ter com o addon. <\/p> <\/div><div class=\"faq\" data-component=\"FAQ\"><div class=\"faq-item\">\r\n\t\t\t\t\t<div class=\"faq-item-question\">\r\n\t\t\t\t\t\t<h3 class=\"faq-item-question-text\">De que forma posso incorporar o Whatsapp Chat ao meu site PrestaShop sem experi\u00eancia de codifica\u00e7\u00e3o?<\/h3>\r\n\r\n\t\t\t\t\t\t<div class=\"faq-item-question-icon\"><\/div>\r\n\t\t\t\t\t<\/div>\r\n\r\n\t\t\t\t\t<div class=\"faq-item-answer\">\r\n\t\t\t\t\t\t<div class=\"faq-item-answer-text\"><p>Ofertas da empresa Elfsight uma solu\u00e7\u00e3o SaaS que permite que voc\u00ea mesmo crie uma se\u00e7\u00e3o de bate-papo do Whatsapp, aprenda os passos simples: <\/p><ul><li>V\u00e1 para o Editor ao vivo para formar uma se\u00e7\u00e3o de bate-papo do Whatsapp que voc\u00ea gostaria de integrar no site PrestaShop.<\/li><li>Clique em um dos modelos predefinidos e ajuste as configura\u00e7\u00f5es do Whatsapp Chat, adicione seu conte\u00fado, altere o layout e as cores sem nenhum conhecimento de codifica\u00e7\u00e3o.<\/li><li>Clique para salvar as configura\u00e7\u00f5es que voc\u00ea fez para o Whatsapp Chat e copie o c\u00f3digo de instala\u00e7\u00e3o do widget, que voc\u00ea pode colar na sua p\u00e1gina inicial do PrestaShop gratuitamente. <\/li><\/ul><p>Com nosso editor f\u00e1cil de usar, qualquer usu\u00e1rio da Internet pode criar um widget de bate-papo do Whatsapp on-line e inclu\u00ed-lo em qualquer p\u00e1gina da PrestaShop. N\u00e3o h\u00e1 necessidade de pagar ou inserir os dados do seu cart\u00e3o para acessar o servi\u00e7o Elfsight. Se voc\u00ea enfrentar qualquer obst\u00e1culo de qualquer tipo, sinta-se \u00e0 vontade para entrar em contato com nossa equipe de suporte t\u00e9cnico.<\/p><\/div>\r\n\t\t\t\t\t<\/div>\r\n\t\t\t\t<\/div><\/div>\n","protected":false},"excerpt":{"rendered":"","protected":false},"author":9,"featured_media":0,"parent":347,"menu_order":0,"comment_status":"closed","ping_status":"closed","template":"templates\/template-application-platform.php","meta":{"publish_to_discourse":"","publish_post_category":"","wpdc_auto_publish_overridden":"","wpdc_topic_tags":"","wpdc_pin_topic":"","wpdc_pin_until":"","discourse_post_id":"","discourse_permalink":"","wpdc_publishing_response":"","wpdc_publishing_error":"","footnotes":""},"class_list":["post-8775","page","type-page","status-publish","hentry"],"yoast_head":"<!-- This site is optimized with the Yoast SEO plugin v25.3.1 - https:\/\/yoast.com\/wordpress\/plugins\/seo\/ -->\n<title>Adicione o complemento Whatsapp Live Chat ao site PrestaShop (em 2 minutos)<\/title>\n<meta name=\"description\" content=\"Configure o complemento Whatsapp Live Chat no PrestaShop em apenas 2 minutos. Explore todas as principais caracter\u00edsticas do melhor widget de chat em uma demonstra\u00e7\u00e3o gratuita.\" \/>\n<meta name=\"robots\" content=\"index, follow, max-snippet:-1, max-image-preview:large, max-video-preview:-1\" \/>\n<link rel=\"canonical\" href=\"https:\/\/elfsight.com\/pt\/whatsapp-chat-widget\/prestashop\/\" \/>\n<meta property=\"og:locale\" content=\"pt_PT\" \/>\n<meta property=\"og:type\" content=\"article\" \/>\n<meta property=\"og:title\" content=\"Adicione o complemento Whatsapp Live Chat ao site PrestaShop (em 2 minutos)\" \/>\n<meta property=\"og:description\" content=\"Configure o complemento Whatsapp Live Chat no PrestaShop em apenas 2 minutos. Explore todas as principais caracter\u00edsticas do melhor widget de chat em uma demonstra\u00e7\u00e3o gratuita.\" \/>\n<meta property=\"og:url\" content=\"https:\/\/elfsight.com\/pt\/whatsapp-chat-widget\/prestashop\/\" \/>\n<meta property=\"og:site_name\" content=\"Elfsight PT\" \/>\n<meta property=\"article:modified_time\" content=\"2025-01-31T06:31:05+00:00\" \/>\n<meta name=\"twitter:card\" content=\"summary_large_image\" \/>\n<meta name=\"twitter:label1\" content=\"Tempo estimado de leitura\" \/>\n\t<meta name=\"twitter:data1\" content=\"3 minutos\" \/>\n<!-- \/ Yoast SEO plugin. -->","yoast_head_json":{"title":"Adicione o complemento Whatsapp Live Chat ao site PrestaShop (em 2 minutos)","description":"Configure o complemento Whatsapp Live Chat no PrestaShop em apenas 2 minutos. Explore todas as principais caracter\u00edsticas do melhor widget de chat em uma demonstra\u00e7\u00e3o gratuita.","robots":{"index":"index","follow":"follow","max-snippet":"max-snippet:-1","max-image-preview":"max-image-preview:large","max-video-preview":"max-video-preview:-1"},"canonical":"https:\/\/elfsight.com\/pt\/whatsapp-chat-widget\/prestashop\/","og_locale":"pt_PT","og_type":"article","og_title":"Adicione o complemento Whatsapp Live Chat ao site PrestaShop (em 2 minutos)","og_description":"Configure o complemento Whatsapp Live Chat no PrestaShop em apenas 2 minutos. Explore todas as principais caracter\u00edsticas do melhor widget de chat em uma demonstra\u00e7\u00e3o gratuita.","og_url":"https:\/\/elfsight.com\/pt\/whatsapp-chat-widget\/prestashop\/","og_site_name":"Elfsight PT","article_modified_time":"2025-01-31T06:31:05+00:00","twitter_card":"summary_large_image","twitter_misc":{"Tempo estimado de leitura":"3 minutos"},"schema":{"@context":"https:\/\/schema.org","@graph":[{"@type":"WebPage","@id":"https:\/\/elfsight.com\/pt\/whatsapp-chat-widget\/prestashop\/","url":"https:\/\/elfsight.com\/pt\/whatsapp-chat-widget\/prestashop\/","name":"Adicione o complemento Whatsapp Live Chat ao site PrestaShop (em 2 minutos)","isPartOf":{"@id":"https:\/\/elfsight.com\/pt\/#website"},"datePublished":"1970-01-01T00:00:00+00:00","dateModified":"2025-01-31T06:31:05+00:00","description":"Configure o complemento Whatsapp Live Chat no PrestaShop em apenas 2 minutos. Explore todas as principais caracter\u00edsticas do melhor widget de chat em uma demonstra\u00e7\u00e3o gratuita.","breadcrumb":{"@id":"https:\/\/elfsight.com\/pt\/whatsapp-chat-widget\/prestashop\/#breadcrumb"},"inLanguage":"pt-PT","potentialAction":[{"@type":"ReadAction","target":["https:\/\/elfsight.com\/pt\/whatsapp-chat-widget\/prestashop\/"]}]},{"@type":"BreadcrumbList","@id":"https:\/\/elfsight.com\/pt\/whatsapp-chat-widget\/prestashop\/#breadcrumb","itemListElement":[{"@type":"ListItem","position":1,"name":"Home","item":"https:\/\/elfsight.com\/pt\/"},{"@type":"ListItem","position":2,"name":"WhatsApp Chat","item":"https:\/\/elfsight.com\/pt\/whatsapp-chat-widget\/"},{"@type":"ListItem","position":3,"name":"WhatsApp Chat &#8211; PrestaShop"}]},{"@type":"WebSite","@id":"https:\/\/elfsight.com\/pt\/#website","url":"https:\/\/elfsight.com\/pt\/","name":"Elfsight PT","description":"Just another Elfsight Sites site","potentialAction":[{"@type":"SearchAction","target":{"@type":"EntryPoint","urlTemplate":"https:\/\/elfsight.com\/pt\/?s={search_term_string}"},"query-input":{"@type":"PropertyValueSpecification","valueRequired":true,"valueName":"search_term_string"}}],"inLanguage":"pt-PT"}]}},"meta_box":{"industry":"","seo_heading":"","heading":"","description":"","cta_heading":"","cta_description":"","application":"340","h1":"Complemento de bate-papo ao vivo do Whatsapp PrestaShop","h1_caption":"O canal de intera\u00e7\u00e3o mais pr\u00e1tico para os clientes do seu site","application_category":[],"applications_title":"","applications_request_title":"","applications_request_button_text":"","hero_text":"","hero_video":"","hero_video_schema_markup":"","selling_points_title":"","selling_points_caption":"","selling_points":[],"selling_points_cta_text":"","features_title":"","features":"","ed_cta_examples_text":"","ed_cta_examples_hidden":"","ed_cta_demo_text":"","ed_cta_demo_hidden":"","why_caption":"","why_editor_title":"","why_editor_text":"","why_team_title":"","why_team_text":"","why_service_title":"","why_service_text":"","template_catalog_visible":"0","template_catalog_title":"","template_catalog_text":"","template_catalog_categories_visible":"","demo_title":"Crie seu complemento de bate-papo do WhatsApp","demo_caption":"Configure seu WhatsApp Chat e adicione-o ao seu site PrestaShop gratuitamente!","default_faq_hidden":"","app_template_category":[],"platform":"5343","template_public_id":"","codecanyon_url":"","codecanyon_item_id":"","codecanyon_price":"","pricing_caption":"","pricing_elfsight_apps_hide_column":"","pricing_elfsight_apps_url":"","pricing_codecanyon_price_caption":"","integration_category":[],"integration_request_title":"","integration_request_cta":"","integration_platform":"","integrations":[],"platform_category":[],"video_schema_markup":"","price":"a partir de US$ 0\/m\u00eas","trial":"","benefits":[{"text":"Servi\u00e7o de instala\u00e7\u00e3o gratuito"},{"text":"Atendimento ao cliente eficaz"},{"text":"Garantia de devolu\u00e7\u00e3o do dinheiro em 14 dias"},{"text":"Desenvolvimento cont\u00ednuo"}],"button_url":"#demo","button_target_blank":"0","button_nofollow":"0","attributes":[{"name":"Instala\u00e7\u00f5es","content":"10,000 - 100,000"},{"name":"Responsivo","content":"Sim"},{"name":"Navegadores compat\u00edveis","content":"Firefox, Safari, Opera, Chrome, Edge"}],"tags":[],"tags_disable_links":"0","hide_more_platforms":"","video_object":"","demo_hide_cta":"0","demo_hide_cloud_options":"0","pricing_title":"","pricing":[{"pricing_icon":"platform","pricing_title":"Elfsight Apps","pricing_title_caption":"Software independente de plataforma que se adapta a qualquer site","pricing_price":"a partir de US$ 0\/m\u00eas","pricing_price_caption":"comece com um plano gratuito","pricing_benefits":[{"text":"Dom\u00ednios ilimitados"},{"text":"Suporte 24 horas por dia, 7 dias por semana e pontual"},{"text":"Suporte 24 horas por dia, 7 dias por semana e pontual"},{"text":"100% personaliz\u00e1vel"}],"pricing_button_text":"Adicionar ao site","pricing_button_url":"#demo"}],"related_apps_title":"","related_apps_hidden":"0","author":"","image":[],"title":"","job":"","social_networks":[]},"_links":{"self":[{"href":"https:\/\/elfsight.com\/pt\/wp-json\/wp\/v2\/pages\/8775","targetHints":{"allow":["GET"]}}],"collection":[{"href":"https:\/\/elfsight.com\/pt\/wp-json\/wp\/v2\/pages"}],"about":[{"href":"https:\/\/elfsight.com\/pt\/wp-json\/wp\/v2\/types\/page"}],"author":[{"embeddable":true,"href":"https:\/\/elfsight.com\/pt\/wp-json\/wp\/v2\/users\/9"}],"replies":[{"embeddable":true,"href":"https:\/\/elfsight.com\/pt\/wp-json\/wp\/v2\/comments?post=8775"}],"version-history":[{"count":2,"href":"https:\/\/elfsight.com\/pt\/wp-json\/wp\/v2\/pages\/8775\/revisions"}],"predecessor-version":[{"id":13683,"href":"https:\/\/elfsight.com\/pt\/wp-json\/wp\/v2\/pages\/8775\/revisions\/13683"}],"up":[{"embeddable":true,"href":"https:\/\/elfsight.com\/pt\/wp-json\/wp\/v2\/pages\/347"}],"wp:attachment":[{"href":"https:\/\/elfsight.com\/pt\/wp-json\/wp\/v2\/media?parent=8775"}],"curies":[{"name":"wp","href":"https:\/\/api.w.org\/{rel}","templated":true}]}}