{"id":8767,"date":"1970-01-01T00:00:00","date_gmt":"1970-01-01T00:00:00","guid":{"rendered":"https:\/\/elfsight.com\/pt\/?page_id=8767"},"modified":"2024-11-13T11:47:06","modified_gmt":"2024-11-13T11:47:06","slug":"blogger","status":"publish","type":"page","link":"https:\/\/elfsight.com\/pt\/weather-widget\/blogger\/","title":{"rendered":"Weather &#8211; Blogger"},"content":{"rendered":"<div class=\"application-platform-content-item-description application-platform-content-item\" id=\"description\" data-nav-section=\"description\"><h2>Descri\u00e7\u00e3o<\/h2><p>Elfsight Weather \u00e9 um widget de site simples e altamente adapt\u00e1vel que exibe a situa\u00e7\u00e3o clim\u00e1tica relevante para um local selecionado. Insira um local pelo t\u00edtulo, CEP ou coordenadas. Seus usu\u00e1rios poder\u00e3o ver os dados mais recentes sobre temperatura, press\u00e3o atmosf\u00e9rica, umidade e elementos clim\u00e1ticos. Voc\u00ea tamb\u00e9m pode mostrar a previs\u00e3o para a semana seguinte ou para as pr\u00f3ximas doze horas. O widget tamb\u00e9m traz imagens de fundo tem\u00e1ticas e a op\u00e7\u00e3o de aplicar cores personalizadas. <\/p><p><b>Ofere\u00e7a uma experi\u00eancia aprimorada ao cliente com um pr\u00e1tico widget de previs\u00e3o do tempo em sua p\u00e1gina. <\/b><\/p><\/div><div class=\"application-platform-content-item-features application-platform-content-item\" id=\"features\" data-nav-section=\"features\"><p>Veja todas as caracter\u00edsticas funcionais do widget de clima. Voc\u00ea pode gerenci\u00e1-los diretamente no editor e eles o ajudar\u00e3o a criar o widget adequado ao seu caso de uso. <\/p><ul><li>Tr\u00eas m\u00e9todos para inserir a localiza\u00e7\u00e3o: pelo nome, pelo CEP e pelas coordenadas; <\/li><li>Mais de 30 idiomas inclu\u00eddos para exibir informa\u00e7\u00f5es meteorol\u00f3gicas em seu idioma nativo; <\/li><li>5 tipos de configura\u00e7\u00e3o de widget para v\u00e1rios casos de uso; <\/li><li>A op\u00e7\u00e3o de exibir a previs\u00e3o di\u00e1ria para a semana futura com datas; <\/li><li>Demonstre a previs\u00e3o hor\u00e1ria para as doze horas mais pr\u00f3ximas. <\/li><\/ul><p><a href=\"#demo\">Experimente todas as outras fun\u00e7\u00f5es da demonstra\u00e7\u00e3o<\/a><\/p><\/div><div class=\"application-platform-content-item-installation application-platform-content-item\" id=\"installation\" data-nav-section=\"installation\"><h2> Como incorporo o widget de previs\u00e3o do tempo no meu site do Blogger? <\/h2><div class=\"video-container\"><iframe width=\"720\" height=\"405\" src=\"https:\/\/www.youtube.com\/embed\/XdxdJ0iQ5h8\" frameborder=\"0\" allowfullscreen=\"\"><\/iframe><\/div><p>Para incorporar o plug-in, basta seguir algumas etapas r\u00e1pidas<\/p><ol><li><b>Gerar seu plug-in de clima personalizado<\/b><br>Com a ajuda de nossa demonstra\u00e7\u00e3o gratuita, configure um plugin com apar\u00eancia e funcionalidade preferidas. <\/li> <li><b>Adquira o c\u00f3digo pessoal para instalar o plugin<\/b><br>Depois de criar o seu widget, voc\u00ea receber\u00e1 seu c\u00f3digo pessoal na notifica\u00e7\u00e3o pop-up nos aplicativos da Elfsight. Copie o c\u00f3digo. <\/li> <li><b>Integre o plug-in ao seu site do Blogger<\/b><br>V\u00e1 at\u00e9 o local onde deseja adicionar o plug-in e insira o c\u00f3digo salvo l\u00e1. Publique as altera\u00e7\u00f5es. <\/li> <li><b>Voc\u00ea executou a instala\u00e7\u00e3o com sucesso<\/b><br>Visite o site para dar uma olhada no seu widget. <\/li><\/ol><p>Voc\u00ea pode entrar em contato com nosso atendimento ao cliente quando precisar de assist\u00eancia ou tiver problemas. Teremos o maior prazer em ajudar com todas as d\u00favidas. <\/p><div class=\"faq\" data-component=\"FAQ\"><div class=\"faq-item\">\r\n\t\t\t\t\t<div class=\"faq-item-question\">\r\n\t\t\t\t\t\t<h3 class=\"faq-item-question-text\">Existe uma op\u00e7\u00e3o para adicionar Weather ao meu site do Blogger sem nenhum conhecimento de codifica\u00e7\u00e3o?<\/h3>\r\n\r\n\t\t\t\t\t\t<div class=\"faq-item-question-icon\"><\/div>\r\n\t\t\t\t\t<\/div>\r\n\r\n\t\t\t\t\t<div class=\"faq-item-answer\">\r\n\t\t\t\t\t\t<div class=\"faq-item-answer-text\"> <p>A Elfsight oferece uma solu\u00e7\u00e3o que permite que um p\u00fablico amplo estabele\u00e7a voc\u00ea mesmo um plugin de Weather, assista as instru\u00e7\u00f5es simples: V\u00e1 para o Editor ao vivo para criar um aplicativo de clima que voc\u00ea gostaria de adicionar \u00e0 p\u00e1gina inicial do Blogger. Clique em um dos modelos pr\u00e9-concebidos e modifique as configura\u00e7\u00f5es de clima, altere o layout e os esquemas de cores para incluir seu conte\u00fado, sem conhecimento de codifica\u00e7\u00e3o. Clique para salvar as configura\u00e7\u00f5es feitas no Weather e copiar o c\u00f3digo para instala\u00e7\u00e3o, que pode ser inclu\u00eddo no site do Blogger sem a necessidade de adquirir uma assinatura paga. Usando o editor intuitivo, qualquer usu\u00e1rio da web pode configurar um widget de clima e adicion\u00e1-lo facilmente \u00e0 sua p\u00e1gina do Blogger. N\u00e3o h\u00e1 necessidade de pagar ou enviar as credenciais do seu cart\u00e3o para entrar em nosso servi\u00e7o. Se voc\u00ea enfrentar qualquer tipo de problema, sinta-se \u00e0 vontade para entrar em contato com nossa equipe de suporte.<\/p> <\/div>\r\n\t\t\t\t\t<\/div>\r\n\t\t\t\t<\/div> <\/div><\/div>","protected":false},"excerpt":{"rendered":"","protected":false},"author":9,"featured_media":0,"parent":1182,"menu_order":0,"comment_status":"closed","ping_status":"closed","template":"templates\/template-application-platform.php","meta":{"publish_to_discourse":"","publish_post_category":"","wpdc_auto_publish_overridden":"","wpdc_topic_tags":"","wpdc_pin_topic":"","wpdc_pin_until":"","discourse_post_id":"","discourse_permalink":"","wpdc_publishing_response":"","wpdc_publishing_error":"","footnotes":""},"class_list":["post-8767","page","type-page","status-publish","hentry"],"yoast_head":"<!-- This site is optimized with the Yoast SEO plugin v25.3.1 - https:\/\/yoast.com\/wordpress\/plugins\/seo\/ -->\n<title>Widget de clima \u2014 Adicione o aplicativo de clima ao site do Blogger (gratuito e r\u00e1pido)<\/title>\n<meta name=\"description\" content=\"Com a Elfsight, crie o seu plugin Weather e publique-o no seu site Blogger. Temos atendimento gratuito ao cliente e outros b\u00f4nus.\" \/>\n<meta name=\"robots\" content=\"index, follow, max-snippet:-1, max-image-preview:large, max-video-preview:-1\" \/>\n<link rel=\"canonical\" href=\"https:\/\/elfsight.com\/pt\/weather-widget\/blogger\/\" \/>\n<meta property=\"og:locale\" content=\"pt_PT\" \/>\n<meta property=\"og:type\" content=\"article\" \/>\n<meta property=\"og:title\" content=\"Widget de clima \u2014 Adicione o aplicativo de clima ao site do Blogger (gratuito e r\u00e1pido)\" \/>\n<meta property=\"og:description\" content=\"Com a Elfsight, crie o seu plugin Weather e publique-o no seu site Blogger. Temos atendimento gratuito ao cliente e outros b\u00f4nus.\" \/>\n<meta property=\"og:url\" content=\"https:\/\/elfsight.com\/pt\/weather-widget\/blogger\/\" \/>\n<meta property=\"og:site_name\" content=\"Elfsight PT\" \/>\n<meta property=\"article:modified_time\" content=\"2024-11-13T11:47:06+00:00\" \/>\n<meta name=\"twitter:card\" content=\"summary_large_image\" \/>\n<meta name=\"twitter:label1\" content=\"Tempo estimado de leitura\" \/>\n\t<meta name=\"twitter:data1\" content=\"3 minutos\" \/>\n<!-- \/ Yoast SEO plugin. -->","yoast_head_json":{"title":"Widget de clima \u2014 Adicione o aplicativo de clima ao site do Blogger (gratuito e r\u00e1pido)","description":"Com a Elfsight, crie o seu plugin Weather e publique-o no seu site Blogger. Temos atendimento gratuito ao cliente e outros b\u00f4nus.","robots":{"index":"index","follow":"follow","max-snippet":"max-snippet:-1","max-image-preview":"max-image-preview:large","max-video-preview":"max-video-preview:-1"},"canonical":"https:\/\/elfsight.com\/pt\/weather-widget\/blogger\/","og_locale":"pt_PT","og_type":"article","og_title":"Widget de clima \u2014 Adicione o aplicativo de clima ao site do Blogger (gratuito e r\u00e1pido)","og_description":"Com a Elfsight, crie o seu plugin Weather e publique-o no seu site Blogger. Temos atendimento gratuito ao cliente e outros b\u00f4nus.","og_url":"https:\/\/elfsight.com\/pt\/weather-widget\/blogger\/","og_site_name":"Elfsight PT","article_modified_time":"2024-11-13T11:47:06+00:00","twitter_card":"summary_large_image","twitter_misc":{"Tempo estimado de leitura":"3 minutos"},"schema":{"@context":"https:\/\/schema.org","@graph":[{"@type":"WebPage","@id":"https:\/\/elfsight.com\/pt\/weather-widget\/blogger\/","url":"https:\/\/elfsight.com\/pt\/weather-widget\/blogger\/","name":"Widget de clima \u2014 Adicione o aplicativo de clima ao site do Blogger (gratuito e r\u00e1pido)","isPartOf":{"@id":"https:\/\/elfsight.com\/pt\/#website"},"datePublished":"1970-01-01T00:00:00+00:00","dateModified":"2024-11-13T11:47:06+00:00","description":"Com a Elfsight, crie o seu plugin Weather e publique-o no seu site Blogger. Temos atendimento gratuito ao cliente e outros b\u00f4nus.","breadcrumb":{"@id":"https:\/\/elfsight.com\/pt\/weather-widget\/blogger\/#breadcrumb"},"inLanguage":"pt-PT","potentialAction":[{"@type":"ReadAction","target":["https:\/\/elfsight.com\/pt\/weather-widget\/blogger\/"]}]},{"@type":"BreadcrumbList","@id":"https:\/\/elfsight.com\/pt\/weather-widget\/blogger\/#breadcrumb","itemListElement":[{"@type":"ListItem","position":1,"name":"Home","item":"https:\/\/elfsight.com\/pt\/"},{"@type":"ListItem","position":2,"name":"Weather","item":"https:\/\/elfsight.com\/pt\/weather-widget\/"},{"@type":"ListItem","position":3,"name":"Weather &#8211; Blogger"}]},{"@type":"WebSite","@id":"https:\/\/elfsight.com\/pt\/#website","url":"https:\/\/elfsight.com\/pt\/","name":"Elfsight PT","description":"Just another Elfsight Sites site","potentialAction":[{"@type":"SearchAction","target":{"@type":"EntryPoint","urlTemplate":"https:\/\/elfsight.com\/pt\/?s={search_term_string}"},"query-input":{"@type":"PropertyValueSpecification","valueRequired":true,"valueName":"search_term_string"}}],"inLanguage":"pt-PT"}]}},"meta_box":{"industry":"","seo_heading":"","heading":"","description":"","cta_heading":"","cta_description":"","application":"1181","h1":"Widget de clima do Blogger","h1_caption":"Fornece aos usu\u00e1rios do site a previs\u00e3o do tempo para qualquer lugar do mundo","application_category":[],"applications_title":"","applications_request_title":"","applications_request_button_text":"","hero_text":"","hero_video":"","hero_video_schema_markup":"","selling_points_title":"","selling_points_caption":"","selling_points":[],"selling_points_cta_text":"","features_title":"","features":"","ed_cta_examples_text":"","ed_cta_examples_hidden":"","ed_cta_demo_text":"","ed_cta_demo_hidden":"","why_caption":"","why_editor_title":"","why_editor_text":"","why_team_title":"","why_team_text":"","why_service_title":"","why_service_text":"","template_catalog_visible":"","template_catalog_title":"","template_catalog_text":"","template_catalog_categories_visible":"","demo_title":"Crie seu widget de clima","demo_caption":"Configure seu clima e adicione-o ao site do Blogger gratuitamente!","default_faq_hidden":"","app_template_category":[],"platform":"46","template_public_id":"","codecanyon_url":"","codecanyon_item_id":"","codecanyon_price":"","pricing_caption":"","pricing_elfsight_apps_hide_column":"","pricing_elfsight_apps_url":"","pricing_codecanyon_price_caption":"","integration_category":[],"integration_request_title":"","integration_request_cta":"","integration_platform":"","integrations":[],"platform_category":[],"video_schema_markup":"","price":"a partir de US$ 0\/m\u00eas","trial":"","benefits":[{"text":"Servi\u00e7o de instala\u00e7\u00e3o gratuito"},{"text":"Atendimento ao cliente eficaz"},{"text":"Garantia de reembolso de 14 dias"},{"text":"Desenvolvimento cont\u00ednuo"}],"button_url":"#demo","button_target_blank":"","button_nofollow":"","attributes":[{"name":"Instala\u00e7\u00f5es","content":"10,000 - 100,000"},{"name":"Responsivo","content":"Sim"},{"name":"Navegadores compat\u00edveis","content":"Firefox, Safari, Opera, Chrome, Edge"}],"tags":[],"tags_disable_links":"","hide_more_platforms":"","video_object":"","demo_hide_cta":"","demo_hide_cloud_options":"","pricing_title":"","pricing":[{"pricing_icon":"platform","pricing_title":"Elfsight Apps","pricing_title_caption":"Vers\u00e3o multiplataforma que funciona em qualquer site","pricing_price":"a partir de US$ 0\/m\u00eas","pricing_price_caption":"comece com um plano gratuito","pricing_benefits":[{"text":"Sites ilimitados"},{"text":"Suporte ao cliente 24 horas por dia, 7 dias por semana"},{"text":"Suporte ao cliente 24 horas por dia, 7 dias por semana"},{"text":"Totalmente personaliz\u00e1vel"}],"pricing_button_text":"Adicionar ao site","pricing_button_url":"#demo"}],"related_apps_title":"","related_apps_hidden":"","author":"","image":[],"title":"","job":"","social_networks":[]},"_links":{"self":[{"href":"https:\/\/elfsight.com\/pt\/wp-json\/wp\/v2\/pages\/8767","targetHints":{"allow":["GET"]}}],"collection":[{"href":"https:\/\/elfsight.com\/pt\/wp-json\/wp\/v2\/pages"}],"about":[{"href":"https:\/\/elfsight.com\/pt\/wp-json\/wp\/v2\/types\/page"}],"author":[{"embeddable":true,"href":"https:\/\/elfsight.com\/pt\/wp-json\/wp\/v2\/users\/9"}],"replies":[{"embeddable":true,"href":"https:\/\/elfsight.com\/pt\/wp-json\/wp\/v2\/comments?post=8767"}],"version-history":[{"count":2,"href":"https:\/\/elfsight.com\/pt\/wp-json\/wp\/v2\/pages\/8767\/revisions"}],"predecessor-version":[{"id":12393,"href":"https:\/\/elfsight.com\/pt\/wp-json\/wp\/v2\/pages\/8767\/revisions\/12393"}],"up":[{"embeddable":true,"href":"https:\/\/elfsight.com\/pt\/wp-json\/wp\/v2\/pages\/1182"}],"wp:attachment":[{"href":"https:\/\/elfsight.com\/pt\/wp-json\/wp\/v2\/media?parent=8767"}],"curies":[{"name":"wp","href":"https:\/\/api.w.org\/{rel}","templated":true}]}}