{"id":8761,"date":"1970-01-01T00:00:00","date_gmt":"1970-01-01T00:00:00","guid":{"rendered":"https:\/\/elfsight.com\/pt\/?page_id=8761"},"modified":"2024-11-13T11:47:06","modified_gmt":"2024-11-13T11:47:06","slug":"elementor","status":"publish","type":"page","link":"https:\/\/elfsight.com\/pt\/weather-widget\/elementor\/","title":{"rendered":"Weather &#8211; Elementor"},"content":{"rendered":"<div class=\"application-platform-content-item-description application-platform-content-item\" id=\"description\" data-nav-section=\"description\"><h2>Incorpore Weather no Elementor com o widget Elfsight<\/h2><p>Elfsight Weather \u00e9 um plugin de site r\u00e1pido e muito personaliz\u00e1vel que mostra as novidades condi\u00e7\u00f5es clim\u00e1ticas para qualquer local necess\u00e1rio. Insira um ponto pelo nome, CEP ou pelas coordenadas. Seu p\u00fablico poder\u00e1 conferir os dados atualizados sobre temperatura, press\u00e3o atmosf\u00e9rica, percentual de umidade e elementos clim\u00e1ticos. Voc\u00ea tamb\u00e9m pode demonstrar a previs\u00e3o hor\u00e1ria ou di\u00e1ria. O widget tamb\u00e9m traz fundo tem\u00e1tico e a possibilidade de aplicar suas pr\u00f3prias cores. <\/p><p><b>Aumente as vendas de produtos sazonais mostrando a previs\u00e3o do tempo precisa em seu site! <\/b><\/p><\/div><div class=\"application-platform-content-item-features application-platform-content-item\" id=\"features\" data-nav-section=\"features\"><p>Aqui est\u00e1 uma lista de todas as fun\u00e7\u00f5es do widget de clima. Voc\u00ea pode gerenci\u00e1-los diretamente no editor e eles o ajudar\u00e3o a moldar o widget certo para o seu caso. <\/p><ul><li>3 m\u00e9todos de inser\u00e7\u00e3o da localiza\u00e7\u00e3o: pelo nome, pelo CEP e pelas coordenadas; <\/li><li>Mais de 30 idiomas inclu\u00eddos para exibir informa\u00e7\u00f5es meteorol\u00f3gicas no idioma do seu p\u00fablico; <\/li><li>Cinco variantes da configura\u00e7\u00e3o do widget para diferentes casos de uso; <\/li><li>A capacidade de adicionar a previs\u00e3o di\u00e1ria para a semana futura com datas; <\/li><li>Adicione previs\u00e3o hora a hora para as pr\u00f3ximas doze horas. <\/li><\/ul><p><a href=\"#demo\">Teste todas as outras fun\u00e7\u00f5es na demonstra\u00e7\u00e3o<\/a><\/p><\/div><div class=\"application-platform-content-item-installation application-platform-content-item\" id=\"installation\" data-nav-section=\"installation\"><h2> Como posso integrar o widget Weather ao site Elementor? <\/h2><div class=\"video-container\"><iframe width=\"720\" height=\"405\" src=\"https:\/\/www.youtube.com\/embed\/y5602MYe0Ug\" frameborder=\"0\" allowfullscreen=\"\"><\/iframe><\/div><p>Para ativar o plugin, siga as instru\u00e7\u00f5es abaixo<\/p><ol><li><b>Crie seu plugin de clima pessoal<\/b><br>Por meio do nosso editor gratuito, obtenha um plugin com apar\u00eancia e fun\u00e7\u00f5es selecionadas.<\/li> <li><b>Obtenha o c\u00f3digo pessoal para adicionar o plugin<\/b><br>Depois de configurar seu widget, voc\u00ea adquira o c\u00f3digo exclusivo na janela pop-up nos aplicativos Elfsight. Copie. <\/li> <li><b>Integre o plugin ao seu site Elementor<\/b><br>Selecione o local onde voc\u00ea precisa adicionar o plugin e adicione o c\u00f3digo copiado l\u00e1. Aplique as altera\u00e7\u00f5es. <\/li> <li><b>Voc\u00ea executou a instala\u00e7\u00e3o com sucesso<\/b><br>Entre na loja para visualizar seu trabalho. <\/li><\/ol><p>Voc\u00ea pode entrar em contato com nosso suporte ao cliente quando precisar de ajuda ou tiver d\u00favidas. Ficaremos felizes em ajudar com todas as d\u00favidas. <\/p><div class=\"faq\" data-component=\"FAQ\"><div class=\"faq-item\">\r\n\t\t\t\t\t<div class=\"faq-item-question\">\r\n\t\t\t\t\t\t<h3 class=\"faq-item-question-text\">De que maneira \u00e9 poss\u00edvel adicionar Weather \u00e0 minha p\u00e1gina Elementor sem conhecimento de codifica\u00e7\u00e3o?<\/h3>\r\n\r\n\t\t\t\t\t\t<div class=\"faq-item-question-icon\"><\/div>\r\n\t\t\t\t\t<\/div>\r\n\r\n\t\t\t\t\t<div class=\"faq-item-answer\">\r\n\t\t\t\t\t\t<div class=\"faq-item-answer-text\"> <p>A empresa Elfsight apresenta uma solu\u00e7\u00e3o Cloud que permite gerar voc\u00ea mesmo um widget Weather , assista ao guia simples: V\u00e1 para o Editor online para gerar um plugin de clima que voc\u00ea gostaria de integrar em seu site Elementor. Clique em um dos modelos pr\u00e9-concebidos e ajuste as configura\u00e7\u00f5es de clima, altere o layout e o esquema de cores e atualize seu conte\u00fado, sem qualquer experi\u00eancia em codifica\u00e7\u00e3o. Clique para salvar o clima e obter o c\u00f3digo de instala\u00e7\u00e3o, que voc\u00ea pode adicionar facilmente ao site Elementor, sem a necessidade de comprar uma vers\u00e3o paga. Com a ajuda do Editor f\u00e1cil de usar, qualquer usu\u00e1rio da Internet pode gerar o widget Weather e inclu\u00ed-lo facilmente no site Elementor. N\u00e3o h\u00e1 necessidade de contratar um plano pago ou divulgar os dados do seu cart\u00e3o para acessar o servi\u00e7o. Se voc\u00ea tiver qualquer tipo de problema, sinta-se \u00e0 vontade para entrar em contato com nossa equipe de suporte.<\/p> <\/div>\r\n\t\t\t\t\t<\/div>\r\n\t\t\t\t<\/div> <\/div><\/div>","protected":false},"excerpt":{"rendered":"","protected":false},"author":9,"featured_media":0,"parent":1182,"menu_order":0,"comment_status":"closed","ping_status":"closed","template":"templates\/template-application-platform.php","meta":{"publish_to_discourse":"","publish_post_category":"","wpdc_auto_publish_overridden":"","wpdc_topic_tags":"","wpdc_pin_topic":"","wpdc_pin_until":"","discourse_post_id":"","discourse_permalink":"","wpdc_publishing_response":"","wpdc_publishing_error":"","footnotes":""},"class_list":["post-8761","page","type-page","status-publish","hentry"],"yoast_head":"<!-- This site is optimized with the Yoast SEO plugin v25.3.1 - https:\/\/yoast.com\/wordpress\/plugins\/seo\/ -->\n<title>Adicionar widget de clima ao site Elementor (gr\u00e1tis e r\u00e1pido)<\/title>\n<meta name=\"description\" content=\"Com o Elfsight, d\u00ea forma ao seu widget de clima e mostre-o no seu site Elementor rapidamente. Temos suporte gratuito ao cliente e mais b\u00f4nus.\" \/>\n<meta name=\"robots\" content=\"index, follow, max-snippet:-1, max-image-preview:large, max-video-preview:-1\" \/>\n<link rel=\"canonical\" href=\"https:\/\/elfsight.com\/pt\/weather-widget\/elementor\/\" \/>\n<meta property=\"og:locale\" content=\"pt_PT\" \/>\n<meta property=\"og:type\" content=\"article\" \/>\n<meta property=\"og:title\" content=\"Adicionar widget de clima ao site Elementor (gr\u00e1tis e r\u00e1pido)\" \/>\n<meta property=\"og:description\" content=\"Com o Elfsight, d\u00ea forma ao seu widget de clima e mostre-o no seu site Elementor rapidamente. Temos suporte gratuito ao cliente e mais b\u00f4nus.\" \/>\n<meta property=\"og:url\" content=\"https:\/\/elfsight.com\/pt\/weather-widget\/elementor\/\" \/>\n<meta property=\"og:site_name\" content=\"Elfsight PT\" \/>\n<meta property=\"article:modified_time\" content=\"2024-11-13T11:47:06+00:00\" \/>\n<meta name=\"twitter:card\" content=\"summary_large_image\" \/>\n<meta name=\"twitter:label1\" content=\"Tempo estimado de leitura\" \/>\n\t<meta name=\"twitter:data1\" content=\"3 minutos\" \/>\n<!-- \/ Yoast SEO plugin. -->","yoast_head_json":{"title":"Adicionar widget de clima ao site Elementor (gr\u00e1tis e r\u00e1pido)","description":"Com o Elfsight, d\u00ea forma ao seu widget de clima e mostre-o no seu site Elementor rapidamente. Temos suporte gratuito ao cliente e mais b\u00f4nus.","robots":{"index":"index","follow":"follow","max-snippet":"max-snippet:-1","max-image-preview":"max-image-preview:large","max-video-preview":"max-video-preview:-1"},"canonical":"https:\/\/elfsight.com\/pt\/weather-widget\/elementor\/","og_locale":"pt_PT","og_type":"article","og_title":"Adicionar widget de clima ao site Elementor (gr\u00e1tis e r\u00e1pido)","og_description":"Com o Elfsight, d\u00ea forma ao seu widget de clima e mostre-o no seu site Elementor rapidamente. Temos suporte gratuito ao cliente e mais b\u00f4nus.","og_url":"https:\/\/elfsight.com\/pt\/weather-widget\/elementor\/","og_site_name":"Elfsight PT","article_modified_time":"2024-11-13T11:47:06+00:00","twitter_card":"summary_large_image","twitter_misc":{"Tempo estimado de leitura":"3 minutos"},"schema":{"@context":"https:\/\/schema.org","@graph":[{"@type":"WebPage","@id":"https:\/\/elfsight.com\/pt\/weather-widget\/elementor\/","url":"https:\/\/elfsight.com\/pt\/weather-widget\/elementor\/","name":"Adicionar widget de clima ao site Elementor (gr\u00e1tis e r\u00e1pido)","isPartOf":{"@id":"https:\/\/elfsight.com\/pt\/#website"},"datePublished":"1970-01-01T00:00:00+00:00","dateModified":"2024-11-13T11:47:06+00:00","description":"Com o Elfsight, d\u00ea forma ao seu widget de clima e mostre-o no seu site Elementor rapidamente. Temos suporte gratuito ao cliente e mais b\u00f4nus.","breadcrumb":{"@id":"https:\/\/elfsight.com\/pt\/weather-widget\/elementor\/#breadcrumb"},"inLanguage":"pt-PT","potentialAction":[{"@type":"ReadAction","target":["https:\/\/elfsight.com\/pt\/weather-widget\/elementor\/"]}]},{"@type":"BreadcrumbList","@id":"https:\/\/elfsight.com\/pt\/weather-widget\/elementor\/#breadcrumb","itemListElement":[{"@type":"ListItem","position":1,"name":"Home","item":"https:\/\/elfsight.com\/pt\/"},{"@type":"ListItem","position":2,"name":"Weather","item":"https:\/\/elfsight.com\/pt\/weather-widget\/"},{"@type":"ListItem","position":3,"name":"Weather &#8211; Elementor"}]},{"@type":"WebSite","@id":"https:\/\/elfsight.com\/pt\/#website","url":"https:\/\/elfsight.com\/pt\/","name":"Elfsight PT","description":"Just another Elfsight Sites site","potentialAction":[{"@type":"SearchAction","target":{"@type":"EntryPoint","urlTemplate":"https:\/\/elfsight.com\/pt\/?s={search_term_string}"},"query-input":{"@type":"PropertyValueSpecification","valueRequired":true,"valueName":"search_term_string"}}],"inLanguage":"pt-PT"}]}},"meta_box":{"industry":"","seo_heading":"","heading":"","description":"","cta_heading":"","cta_description":"","application":"1181","h1":"Widget de clima Elementor","h1_caption":"Mostre a previs\u00e3o do tempo para qualquer local do seu site","application_category":[],"applications_title":"","applications_request_title":"","applications_request_button_text":"","hero_text":"","hero_video":"","hero_video_schema_markup":"","selling_points_title":"","selling_points_caption":"","selling_points":[],"selling_points_cta_text":"","features_title":"","features":"","ed_cta_examples_text":"","ed_cta_examples_hidden":"","ed_cta_demo_text":"","ed_cta_demo_hidden":"","why_caption":"","why_editor_title":"","why_editor_text":"","why_team_title":"","why_team_text":"","why_service_title":"","why_service_text":"","template_catalog_visible":"","template_catalog_title":"","template_catalog_text":"","template_catalog_categories_visible":"","demo_title":"Crie seu widget de clima","demo_caption":"Configure seu clima e adicione-o ao seu site Elementor gratuitamente!","default_faq_hidden":"","app_template_category":[],"platform":"100","template_public_id":"","codecanyon_url":"","codecanyon_item_id":"","codecanyon_price":"","pricing_caption":"","pricing_elfsight_apps_hide_column":"","pricing_elfsight_apps_url":"","pricing_codecanyon_price_caption":"","integration_category":[],"integration_request_title":"","integration_request_cta":"","integration_platform":"","integrations":[],"platform_category":[],"video_schema_markup":"","price":"a partir de US$ 0\/m\u00eas","trial":"","benefits":[{"text":"Ajuda de instala\u00e7\u00e3o gratuita"},{"text":"Suporte premium"},{"text":"Garantia de reembolso de 14 dias"},{"text":"Melhorias ao longo da vida"}],"button_url":"#demo","button_target_blank":"","button_nofollow":"","attributes":[{"name":"Instala\u00e7\u00f5es","content":"10,000 - 100,000"},{"name":"Responsivo","content":"Sim"},{"name":"Navegadores compat\u00edveis","content":"Firefox, Safari, Opera, Chrome, Edge"}],"tags":[],"tags_disable_links":"","hide_more_platforms":"","video_object":"","demo_hide_cta":"","demo_hide_cloud_options":"","pricing_title":"","pricing":[{"pricing_icon":"platform","pricing_title":"Elfsight Apps","pricing_title_caption":"Solu\u00e7\u00e3o multiplataforma","pricing_price":"a partir de US$ 0\/m\u00eas","pricing_price_caption":"comece com plano gratuito","pricing_benefits":[{"text":"Dom\u00ednios ilimitados"},{"text":"Suporte dedicado"},{"text":"Suporte dedicado"},{"text":"Pre\u00e7o a ser pago para v\u00e1rios aplicativos"}],"pricing_button_text":"Adicionar ao site","pricing_button_url":"#demo"}],"related_apps_title":"","related_apps_hidden":"","author":"","image":[],"title":"","job":"","social_networks":[]},"_links":{"self":[{"href":"https:\/\/elfsight.com\/pt\/wp-json\/wp\/v2\/pages\/8761","targetHints":{"allow":["GET"]}}],"collection":[{"href":"https:\/\/elfsight.com\/pt\/wp-json\/wp\/v2\/pages"}],"about":[{"href":"https:\/\/elfsight.com\/pt\/wp-json\/wp\/v2\/types\/page"}],"author":[{"embeddable":true,"href":"https:\/\/elfsight.com\/pt\/wp-json\/wp\/v2\/users\/9"}],"replies":[{"embeddable":true,"href":"https:\/\/elfsight.com\/pt\/wp-json\/wp\/v2\/comments?post=8761"}],"version-history":[{"count":2,"href":"https:\/\/elfsight.com\/pt\/wp-json\/wp\/v2\/pages\/8761\/revisions"}],"predecessor-version":[{"id":12392,"href":"https:\/\/elfsight.com\/pt\/wp-json\/wp\/v2\/pages\/8761\/revisions\/12392"}],"up":[{"embeddable":true,"href":"https:\/\/elfsight.com\/pt\/wp-json\/wp\/v2\/pages\/1182"}],"wp:attachment":[{"href":"https:\/\/elfsight.com\/pt\/wp-json\/wp\/v2\/media?parent=8761"}],"curies":[{"name":"wp","href":"https:\/\/api.w.org\/{rel}","templated":true}]}}