{"id":8754,"date":"1970-01-01T00:00:00","date_gmt":"1970-01-01T00:00:00","guid":{"rendered":"https:\/\/elfsight.com\/pt\/?page_id=8754"},"modified":"2024-11-13T11:46:57","modified_gmt":"2024-11-13T11:46:57","slug":"magento","status":"publish","type":"page","link":"https:\/\/elfsight.com\/pt\/weather-widget\/magento\/","title":{"rendered":"Weather &#8211; Magento"},"content":{"rendered":"<div class=\"application-platform-content-item-description application-platform-content-item\" id=\"description\" data-nav-section=\"description\"><h2>Descri\u00e7\u00e3o<\/h2><p>Elfsight Weather \u00e9 um plugin de site simples e personaliz\u00e1vel para demonstrar informa\u00e7\u00f5es meteorol\u00f3gicas relevantes para uma \u00e1rea selecionada. Insira um local usando o nome, CEP ou coordenadas. Seus usu\u00e1rios ver\u00e3o as informa\u00e7\u00f5es mais recentes sobre temperatura, press\u00e3o atmosf\u00e9rica, porcentagem de umidade e clima ativo. Voc\u00ea tamb\u00e9m pode mostrar a previs\u00e3o para a semana ou para as pr\u00f3ximas 12 horas. O widget tamb\u00e9m inclui imagens de fundo tem\u00e1ticas e o recurso para pintar o fundo em qualquer cor. <\/p><p><b>Facilite aos clientes a consulta da data do seu evento ao ar livre, com a previs\u00e3o do tempo sempre \u00e0 vista! <\/b><\/p><\/div><div class=\"application-platform-content-item-features application-platform-content-item\" id=\"features\" data-nav-section=\"features\"><p>Veja todas as fun\u00e7\u00f5es do widget de clima. Voc\u00ea pode configur\u00e1-los diretamente no editor e eles o ajudar\u00e3o a configurar o widget exatamente para o seu caso de uso. <\/p><ul><li>3 m\u00e9todos de adi\u00e7\u00e3o do local: o nome, o CEP e as coordenadas; <\/li><li>Mais de 30 idiomas inclu\u00eddos para mostrar informa\u00e7\u00f5es meteorol\u00f3gicas no idioma que seu p\u00fablico fala; <\/li><li>5 variantes de configura\u00e7\u00e3o de widget para diversos casos de uso; <\/li><li>A capacidade de adicionar a previs\u00e3o di\u00e1ria para a semana seguinte com datas; <\/li><li>Adicione previs\u00e3o hora a hora para as pr\u00f3ximas doze horas. <\/li><\/ul><p><a href=\"#demo\">Veja como todos os recursos funcionam em nossa demonstra\u00e7\u00e3o<\/a><\/p><\/div><div class=\"application-platform-content-item-installation application-platform-content-item\" id=\"installation\" data-nav-section=\"installation\"> <h2>Como posso incorporar a extens\u00e3o Weather no site Magento? <\/h2><p>Basta seguir algumas etapas abaixo para integrar o widget no Magento.<\/p> <ol><li><b>Gerencie nossa demonstra\u00e7\u00e3o gratuita e comece a criar sua extens\u00e3o de clima personalizada. <\/b><br> Escolha o design e os recursos desejados da ferramenta e aplique as edi\u00e7\u00f5es. <\/li> <li><b>Obtenha seu c\u00f3digo individual na caixa dos aplicativos da Elfsight. <\/b><br> Logo ap\u00f3s o t\u00e9rmino do estabelecimento do seu widget, copie o c\u00f3digo exclusivo na caixa exibida e salve-o para uso futuro. <\/li> <li><b>Comece a usar a ferramenta na sua p\u00e1gina inicial do Magento. <\/b><br> Cole o c\u00f3digo copiado recentemente em seu site e salve as corre\u00e7\u00f5es. <\/li> <li><b>A configura\u00e7\u00e3o est\u00e1 totalmente conclu\u00edda. <\/b><br> Acesse seu site para ver como a extens\u00e3o est\u00e1 funcionando. <\/li><\/ol><p>Voc\u00ea pode entrar em contato com nosso atendimento ao cliente se precisar de ajuda ou tiver problemas. Daremos uma ajuda em cada solicita\u00e7\u00e3o. <\/p><div class=\"faq\" data-component=\"FAQ\"><div class=\"faq-item\">\r\n\t\t\t\t\t<div class=\"faq-item-question\">\r\n\t\t\t\t\t\t<h3 class=\"faq-item-question-text\">Como posso adicionar Weather \u00e0 minha p\u00e1gina Magento sem conhecimento de codifica\u00e7\u00e3o?<\/h3>\r\n\r\n\t\t\t\t\t\t<div class=\"faq-item-question-icon\"><\/div>\r\n\t\t\t\t\t<\/div>\r\n\r\n\t\t\t\t\t<div class=\"faq-item-answer\">\r\n\t\t\t\t\t\t<div class=\"faq-item-answer-text\"> <p>A empresa Elfsight apresenta uma solu\u00e7\u00e3o que permite a um grande p\u00fablico criar voc\u00ea mesmo um plugin Weather, veja como \u00e9 f\u00e1cil o processo \u00e9: V\u00e1 para o Editor online para criar um widget de clima que voc\u00ea gostaria de incorporar no Magento. Clique em um dos modelos prontos e altere as configura\u00e7\u00f5es de Clima, transforme o layout e o esquema de cores, adicione seu conte\u00fado, sem nenhuma codifica\u00e7\u00e3o. Salve as configura\u00e7\u00f5es feitas no Weather e copie o c\u00f3digo do widget para incorpora\u00e7\u00e3o, que pode ser facilmente colado na p\u00e1gina Magento sem comprar uma vers\u00e3o paga. Usando nosso configurador f\u00e1cil de usar, cada usu\u00e1rio da web pode criar uma se\u00e7\u00e3o de clima e adicion\u00e1-la facilmente ao site Magento. Voc\u00ea n\u00e3o deve pagar ou inserir as credenciais do seu cart\u00e3o para acessar nosso servi\u00e7o. Se voc\u00ea encontrar algum problema em qualquer etapa, n\u00e3o hesite em falar com nossa equipe de suporte.<\/p> <\/div>\r\n\t\t\t\t\t<\/div>\r\n\t\t\t\t<\/div> <\/div><\/div>","protected":false},"excerpt":{"rendered":"","protected":false},"author":9,"featured_media":0,"parent":1182,"menu_order":0,"comment_status":"closed","ping_status":"closed","template":"templates\/template-application-platform.php","meta":{"publish_to_discourse":"","publish_post_category":"","wpdc_auto_publish_overridden":"","wpdc_topic_tags":"","wpdc_pin_topic":"","wpdc_pin_until":"","discourse_post_id":"","discourse_permalink":"","wpdc_publishing_response":"","wpdc_publishing_error":"","footnotes":""},"class_list":["post-8754","page","type-page","status-publish","hentry"],"yoast_head":"<!-- This site is optimized with the Yoast SEO plugin v25.3.1 - https:\/\/yoast.com\/wordpress\/plugins\/seo\/ -->\n<title>Adicionar extens\u00e3o Weather ao site Magento (gr\u00e1tis e r\u00e1pido)<\/title>\n<meta name=\"description\" content=\"Com a Elfsight, d\u00ea forma \u00e0 sua extens\u00e3o Weather e coloque-a rapidamente no seu site Magento. Temos suporte gratuito ao cliente e mais b\u00f4nus.\" \/>\n<meta name=\"robots\" content=\"index, follow, max-snippet:-1, max-image-preview:large, max-video-preview:-1\" \/>\n<link rel=\"canonical\" href=\"https:\/\/elfsight.com\/pt\/weather-widget\/magento\/\" \/>\n<meta property=\"og:locale\" content=\"pt_PT\" \/>\n<meta property=\"og:type\" content=\"article\" \/>\n<meta property=\"og:title\" content=\"Adicionar extens\u00e3o Weather ao site Magento (gr\u00e1tis e r\u00e1pido)\" \/>\n<meta property=\"og:description\" content=\"Com a Elfsight, d\u00ea forma \u00e0 sua extens\u00e3o Weather e coloque-a rapidamente no seu site Magento. Temos suporte gratuito ao cliente e mais b\u00f4nus.\" \/>\n<meta property=\"og:url\" content=\"https:\/\/elfsight.com\/pt\/weather-widget\/magento\/\" \/>\n<meta property=\"og:site_name\" content=\"Elfsight PT\" \/>\n<meta property=\"article:modified_time\" content=\"2024-11-13T11:46:57+00:00\" \/>\n<meta name=\"twitter:card\" content=\"summary_large_image\" \/>\n<meta name=\"twitter:label1\" content=\"Tempo estimado de leitura\" \/>\n\t<meta name=\"twitter:data1\" content=\"3 minutos\" \/>\n<!-- \/ Yoast SEO plugin. -->","yoast_head_json":{"title":"Adicionar extens\u00e3o Weather ao site Magento (gr\u00e1tis e r\u00e1pido)","description":"Com a Elfsight, d\u00ea forma \u00e0 sua extens\u00e3o Weather e coloque-a rapidamente no seu site Magento. Temos suporte gratuito ao cliente e mais b\u00f4nus.","robots":{"index":"index","follow":"follow","max-snippet":"max-snippet:-1","max-image-preview":"max-image-preview:large","max-video-preview":"max-video-preview:-1"},"canonical":"https:\/\/elfsight.com\/pt\/weather-widget\/magento\/","og_locale":"pt_PT","og_type":"article","og_title":"Adicionar extens\u00e3o Weather ao site Magento (gr\u00e1tis e r\u00e1pido)","og_description":"Com a Elfsight, d\u00ea forma \u00e0 sua extens\u00e3o Weather e coloque-a rapidamente no seu site Magento. Temos suporte gratuito ao cliente e mais b\u00f4nus.","og_url":"https:\/\/elfsight.com\/pt\/weather-widget\/magento\/","og_site_name":"Elfsight PT","article_modified_time":"2024-11-13T11:46:57+00:00","twitter_card":"summary_large_image","twitter_misc":{"Tempo estimado de leitura":"3 minutos"},"schema":{"@context":"https:\/\/schema.org","@graph":[{"@type":"WebPage","@id":"https:\/\/elfsight.com\/pt\/weather-widget\/magento\/","url":"https:\/\/elfsight.com\/pt\/weather-widget\/magento\/","name":"Adicionar extens\u00e3o Weather ao site Magento (gr\u00e1tis e r\u00e1pido)","isPartOf":{"@id":"https:\/\/elfsight.com\/pt\/#website"},"datePublished":"1970-01-01T00:00:00+00:00","dateModified":"2024-11-13T11:46:57+00:00","description":"Com a Elfsight, d\u00ea forma \u00e0 sua extens\u00e3o Weather e coloque-a rapidamente no seu site Magento. Temos suporte gratuito ao cliente e mais b\u00f4nus.","breadcrumb":{"@id":"https:\/\/elfsight.com\/pt\/weather-widget\/magento\/#breadcrumb"},"inLanguage":"pt-PT","potentialAction":[{"@type":"ReadAction","target":["https:\/\/elfsight.com\/pt\/weather-widget\/magento\/"]}]},{"@type":"BreadcrumbList","@id":"https:\/\/elfsight.com\/pt\/weather-widget\/magento\/#breadcrumb","itemListElement":[{"@type":"ListItem","position":1,"name":"Home","item":"https:\/\/elfsight.com\/pt\/"},{"@type":"ListItem","position":2,"name":"Weather","item":"https:\/\/elfsight.com\/pt\/weather-widget\/"},{"@type":"ListItem","position":3,"name":"Weather &#8211; Magento"}]},{"@type":"WebSite","@id":"https:\/\/elfsight.com\/pt\/#website","url":"https:\/\/elfsight.com\/pt\/","name":"Elfsight PT","description":"Just another Elfsight Sites site","potentialAction":[{"@type":"SearchAction","target":{"@type":"EntryPoint","urlTemplate":"https:\/\/elfsight.com\/pt\/?s={search_term_string}"},"query-input":{"@type":"PropertyValueSpecification","valueRequired":true,"valueName":"search_term_string"}}],"inLanguage":"pt-PT"}]}},"meta_box":{"industry":"","seo_heading":"","heading":"","description":"","cta_heading":"","cta_description":"","application":"1181","h1":"Extens\u00e3o Magento Weather","h1_caption":"Mostre a previs\u00e3o do tempo para qualquer lugar do seu site","application_category":[],"applications_title":"","applications_request_title":"","applications_request_button_text":"","hero_text":"","hero_video":"","hero_video_schema_markup":"","selling_points_title":"","selling_points_caption":"","selling_points":[],"selling_points_cta_text":"","features_title":"","features":"","ed_cta_examples_text":"","ed_cta_examples_hidden":"","ed_cta_demo_text":"","ed_cta_demo_hidden":"","why_caption":"","why_editor_title":"","why_editor_text":"","why_team_title":"","why_team_text":"","why_service_title":"","why_service_text":"","template_catalog_visible":"","template_catalog_title":"","template_catalog_text":"","template_catalog_categories_visible":"","demo_title":"Crie sua extens\u00e3o de clima","demo_caption":"Configure seu clima e adicione-o ao seu site Magento gratuitamente!","default_faq_hidden":"","app_template_category":[],"platform":"58","template_public_id":"","codecanyon_url":"","codecanyon_item_id":"","codecanyon_price":"","pricing_caption":"","pricing_elfsight_apps_hide_column":"","pricing_elfsight_apps_url":"","pricing_codecanyon_price_caption":"","integration_category":[],"integration_request_title":"","integration_request_cta":"","integration_platform":"","integrations":[],"platform_category":[],"video_schema_markup":"","price":"a partir de US$ 0\/m\u00eas","trial":"","benefits":[{"text":"Servi\u00e7o de instala\u00e7\u00e3o gratuito"},{"text":"Suporte excepcional"},{"text":"Garantia de reembolso de 14 dias"},{"text":"Melhorias regulares"}],"button_url":"#demo","button_target_blank":"","button_nofollow":"","attributes":[{"name":"Instala\u00e7\u00f5es","content":"10,000 - 100,000"},{"name":"Responsivo","content":"Sim"},{"name":"Navegadores compat\u00edveis","content":"Firefox, Safari, Opera, Chrome, Edge"}],"tags":[],"tags_disable_links":"","hide_more_platforms":"","video_object":"","demo_hide_cta":"","demo_hide_cloud_options":"","pricing_title":"","pricing":[{"pricing_icon":"platform","pricing_title":"Elfsight Apps","pricing_title_caption":"Software multiplataforma que funciona em qualquer site","pricing_price":"a partir de US$ 0\/m\u00eas","pricing_price_caption":"comece com um plano gratuito","pricing_benefits":[{"text":"Sites ilimitados"},{"text":"Suporte profissional e bem documentado"},{"text":"Suporte profissional e bem documentado"},{"text":"100% personaliz\u00e1vel"}],"pricing_button_text":"Adicionar ao site","pricing_button_url":"#demo"}],"related_apps_title":"","related_apps_hidden":"","author":"","image":[],"title":"","job":"","social_networks":[]},"_links":{"self":[{"href":"https:\/\/elfsight.com\/pt\/wp-json\/wp\/v2\/pages\/8754","targetHints":{"allow":["GET"]}}],"collection":[{"href":"https:\/\/elfsight.com\/pt\/wp-json\/wp\/v2\/pages"}],"about":[{"href":"https:\/\/elfsight.com\/pt\/wp-json\/wp\/v2\/types\/page"}],"author":[{"embeddable":true,"href":"https:\/\/elfsight.com\/pt\/wp-json\/wp\/v2\/users\/9"}],"replies":[{"embeddable":true,"href":"https:\/\/elfsight.com\/pt\/wp-json\/wp\/v2\/comments?post=8754"}],"version-history":[{"count":1,"href":"https:\/\/elfsight.com\/pt\/wp-json\/wp\/v2\/pages\/8754\/revisions"}],"predecessor-version":[{"id":8758,"href":"https:\/\/elfsight.com\/pt\/wp-json\/wp\/v2\/pages\/8754\/revisions\/8758"}],"up":[{"embeddable":true,"href":"https:\/\/elfsight.com\/pt\/wp-json\/wp\/v2\/pages\/1182"}],"wp:attachment":[{"href":"https:\/\/elfsight.com\/pt\/wp-json\/wp\/v2\/media?parent=8754"}],"curies":[{"name":"wp","href":"https:\/\/api.w.org\/{rel}","templated":true}]}}