{"id":8753,"date":"1970-01-01T00:00:00","date_gmt":"1970-01-01T00:00:00","guid":{"rendered":"https:\/\/elfsight.com\/pt\/?page_id=8753"},"modified":"2024-11-13T11:46:57","modified_gmt":"2024-11-13T11:46:57","slug":"iframe","status":"publish","type":"page","link":"https:\/\/elfsight.com\/pt\/weather-widget\/iframe\/","title":{"rendered":"Weather &#8211; iFrame"},"content":{"rendered":"<div class=\"application-platform-content-item-description application-platform-content-item\" id=\"description\" data-nav-section=\"description\"><h2>Incorpore Weather no iFrame com o widget Elfsight<\/h2><p>Elfsight Weather \u00e9 um plugin de site descomplicado e muito adapt\u00e1vel para demonstrar o atual previs\u00e3o do tempo para qualquer \u00e1rea. Insira um local usando o t\u00edtulo, CEP ou coordenadas. O p\u00fablico do site agora pode ver os dados atualizados sobre temperatura, press\u00e3o, umidade e clima ativo. Nosso widget apresenta um recurso para demonstrar a previs\u00e3o hor\u00e1ria ou di\u00e1ria. O widget tamb\u00e9m inclui imagens de fundo tem\u00e1ticas e o recurso de aplicar suas pr\u00f3prias cores. <\/p><p><b>Ofere\u00e7a uma experi\u00eancia aprimorada ao cliente com um widget meteorol\u00f3gico informativo em seu site. <\/b><\/p><\/div><div class=\"application-platform-content-item-features application-platform-content-item\" id=\"features\" data-nav-section=\"features\"><p>Verifique todos os recursos do widget de clima. Eles est\u00e3o dispon\u00edveis diretamente no editor e ir\u00e3o ajud\u00e1-lo a configurar o widget certo para o seu caso. <\/p><ul><li>3 formas de adicionar a localiza\u00e7\u00e3o: o nome, o CEP e as coordenadas; <\/li><li>Mais de 30 idiomas inclu\u00eddos para demonstrar informa\u00e7\u00f5es meteorol\u00f3gicas em seu idioma nativo; <\/li><li>Cinco tipos de configura\u00e7\u00e3o de widget para diversos casos de uso; <\/li><li>A capacidade de adicionar a previs\u00e3o di\u00e1ria para uma semana com datas; <\/li><li>Mostra o clima hora a hora para as doze horas mais pr\u00f3ximas. <\/li><\/ul><p><a href=\"#demo\">Teste todas as outras fun\u00e7\u00f5es na demonstra\u00e7\u00e3o<\/a><\/p><\/div><div class=\"application-platform-content-item-installation application-platform-content-item\" id=\"installation\" data-nav-section=\"installation\"><h2> Como integro o widget Weather ao site iFrame? <\/h2><p>Para integrar o plugin, basta seguir as diretrizes abaixo<\/p><ol><li><b>Crie seu plugin Weather exclusivo<\/b><br>Com a ajuda de nossa demonstra\u00e7\u00e3o gratuita, configure um plugin com composi\u00e7\u00e3o e funcionalidade preferidas. <\/li> <li><b>Adquira o c\u00f3digo individual para incorporar o plugin<\/b><br>Depois de personalizar o seu widget, voc\u00ea receber\u00e1 o c\u00f3digo exclusivo na notifica\u00e7\u00e3o pop-up nos aplicativos da Elfsight. Copie o c\u00f3digo. <\/li> <li><b>Incorpore o plugin em seu site iFrame<\/b><br>V\u00e1 para a \u00e1rea onde voc\u00ea precisa colocar o plugin e cole o c\u00f3digo salvo l\u00e1. Salve as edi\u00e7\u00f5es. <\/li> <li><b>A integra\u00e7\u00e3o foi bem-sucedida! <\/b><br>Entre no seu site para visualizar seu plugin. <\/li><\/ol><p>Reserve um minuto para entrar em contato com nosso servi\u00e7o de suporte se precisar de nossa assist\u00eancia ou tiver d\u00favidas. Daremos uma ajuda em todas as d\u00favidas. <\/p><div class=\"faq\" data-component=\"FAQ\"><div class=\"faq-item\">\r\n\t\t\t\t\t<div class=\"faq-item-question\">\r\n\t\t\t\t\t\t<h3 class=\"faq-item-question-text\">Como adicionar Weather \u00e0 minha p\u00e1gina iFrame sem codifica\u00e7\u00e3o?<\/h3>\r\n\r\n\t\t\t\t\t\t<div class=\"faq-item-question-icon\"><\/div>\r\n\t\t\t\t\t<\/div>\r\n\r\n\t\t\t\t\t<div class=\"faq-item-answer\">\r\n\t\t\t\t\t\t<div class=\"faq-item-answer-text\"> <p>A empresa Elfsight oferece uma solu\u00e7\u00e3o Cloud que permite aos propriet\u00e1rios de sites criarem voc\u00ea mesmo um plugin Weather, ver de forma simples instru\u00e7\u00f5es: V\u00e1 para o Editor ao vivo para criar um widget de clima que voc\u00ea gostaria de incluir na p\u00e1gina inicial do iFrame. Selecione um dos modelos predefinidos e altere as configura\u00e7\u00f5es de clima, inclua seu conte\u00fado, altere o layout e a cor dos elementos sem nenhum conhecimento de codifica\u00e7\u00e3o. Clique para salvar o clima e copiar o c\u00f3digo do plugin para incorpora\u00e7\u00e3o, que voc\u00ea pode colar facilmente no site iFrame sem a necessidade de adquirir uma assinatura paga. Com a ajuda de nosso configurador f\u00e1cil de usar, cada usu\u00e1rio da Internet pode criar um plugin de clima online e adicion\u00e1-lo facilmente a qualquer p\u00e1gina da web iFrame. Voc\u00ea n\u00e3o deve pagar ou enviar as credenciais do seu cart\u00e3o para acessar nosso Editor. Se voc\u00ea enfrentar qualquer tipo de obst\u00e1culo, entre em contato com nossa equipe de suporte.<\/p> <\/div>\r\n\t\t\t\t\t<\/div>\r\n\t\t\t\t<\/div> <\/div><\/div>","protected":false},"excerpt":{"rendered":"","protected":false},"author":9,"featured_media":0,"parent":1182,"menu_order":0,"comment_status":"closed","ping_status":"closed","template":"templates\/template-application-platform.php","meta":{"publish_to_discourse":"","publish_post_category":"","wpdc_auto_publish_overridden":"","wpdc_topic_tags":"","wpdc_pin_topic":"","wpdc_pin_until":"","discourse_post_id":"","discourse_permalink":"","wpdc_publishing_response":"","wpdc_publishing_error":"","footnotes":""},"class_list":["post-8753","page","type-page","status-publish","hentry"],"yoast_head":"<!-- This site is optimized with the Yoast SEO plugin v25.3.1 - https:\/\/yoast.com\/wordpress\/plugins\/seo\/ -->\n<title>Widget de clima \u2014 Adicione widget de clima ao site iFrame (gratuito e r\u00e1pido)<\/title>\n<meta name=\"description\" content=\"Esta \u00e9 uma oportunidade de criar um widget de clima e adicion\u00e1-lo ao seu site iFrame de forma r\u00e1pida e f\u00e1cil. Obtenha suporte gratuito ao cliente e outras vantagens da Elfsight.\" \/>\n<meta name=\"robots\" content=\"index, follow, max-snippet:-1, max-image-preview:large, max-video-preview:-1\" \/>\n<link rel=\"canonical\" href=\"https:\/\/elfsight.com\/pt\/weather-widget\/iframe\/\" \/>\n<meta property=\"og:locale\" content=\"pt_PT\" \/>\n<meta property=\"og:type\" content=\"article\" \/>\n<meta property=\"og:title\" content=\"Widget de clima \u2014 Adicione widget de clima ao site iFrame (gratuito e r\u00e1pido)\" \/>\n<meta property=\"og:description\" content=\"Esta \u00e9 uma oportunidade de criar um widget de clima e adicion\u00e1-lo ao seu site iFrame de forma r\u00e1pida e f\u00e1cil. Obtenha suporte gratuito ao cliente e outras vantagens da Elfsight.\" \/>\n<meta property=\"og:url\" content=\"https:\/\/elfsight.com\/pt\/weather-widget\/iframe\/\" \/>\n<meta property=\"og:site_name\" content=\"Elfsight PT\" \/>\n<meta property=\"article:modified_time\" content=\"2024-11-13T11:46:57+00:00\" \/>\n<meta name=\"twitter:card\" content=\"summary_large_image\" \/>\n<meta name=\"twitter:label1\" content=\"Tempo estimado de leitura\" \/>\n\t<meta name=\"twitter:data1\" content=\"3 minutos\" \/>\n<!-- \/ Yoast SEO plugin. -->","yoast_head_json":{"title":"Widget de clima \u2014 Adicione widget de clima ao site iFrame (gratuito e r\u00e1pido)","description":"Esta \u00e9 uma oportunidade de criar um widget de clima e adicion\u00e1-lo ao seu site iFrame de forma r\u00e1pida e f\u00e1cil. Obtenha suporte gratuito ao cliente e outras vantagens da Elfsight.","robots":{"index":"index","follow":"follow","max-snippet":"max-snippet:-1","max-image-preview":"max-image-preview:large","max-video-preview":"max-video-preview:-1"},"canonical":"https:\/\/elfsight.com\/pt\/weather-widget\/iframe\/","og_locale":"pt_PT","og_type":"article","og_title":"Widget de clima \u2014 Adicione widget de clima ao site iFrame (gratuito e r\u00e1pido)","og_description":"Esta \u00e9 uma oportunidade de criar um widget de clima e adicion\u00e1-lo ao seu site iFrame de forma r\u00e1pida e f\u00e1cil. Obtenha suporte gratuito ao cliente e outras vantagens da Elfsight.","og_url":"https:\/\/elfsight.com\/pt\/weather-widget\/iframe\/","og_site_name":"Elfsight PT","article_modified_time":"2024-11-13T11:46:57+00:00","twitter_card":"summary_large_image","twitter_misc":{"Tempo estimado de leitura":"3 minutos"},"schema":{"@context":"https:\/\/schema.org","@graph":[{"@type":"WebPage","@id":"https:\/\/elfsight.com\/pt\/weather-widget\/iframe\/","url":"https:\/\/elfsight.com\/pt\/weather-widget\/iframe\/","name":"Widget de clima \u2014 Adicione widget de clima ao site iFrame (gratuito e r\u00e1pido)","isPartOf":{"@id":"https:\/\/elfsight.com\/pt\/#website"},"datePublished":"1970-01-01T00:00:00+00:00","dateModified":"2024-11-13T11:46:57+00:00","description":"Esta \u00e9 uma oportunidade de criar um widget de clima e adicion\u00e1-lo ao seu site iFrame de forma r\u00e1pida e f\u00e1cil. Obtenha suporte gratuito ao cliente e outras vantagens da Elfsight.","breadcrumb":{"@id":"https:\/\/elfsight.com\/pt\/weather-widget\/iframe\/#breadcrumb"},"inLanguage":"pt-PT","potentialAction":[{"@type":"ReadAction","target":["https:\/\/elfsight.com\/pt\/weather-widget\/iframe\/"]}]},{"@type":"BreadcrumbList","@id":"https:\/\/elfsight.com\/pt\/weather-widget\/iframe\/#breadcrumb","itemListElement":[{"@type":"ListItem","position":1,"name":"Home","item":"https:\/\/elfsight.com\/pt\/"},{"@type":"ListItem","position":2,"name":"Weather","item":"https:\/\/elfsight.com\/pt\/weather-widget\/"},{"@type":"ListItem","position":3,"name":"Weather &#8211; iFrame"}]},{"@type":"WebSite","@id":"https:\/\/elfsight.com\/pt\/#website","url":"https:\/\/elfsight.com\/pt\/","name":"Elfsight PT","description":"Just another Elfsight Sites site","potentialAction":[{"@type":"SearchAction","target":{"@type":"EntryPoint","urlTemplate":"https:\/\/elfsight.com\/pt\/?s={search_term_string}"},"query-input":{"@type":"PropertyValueSpecification","valueRequired":true,"valueName":"search_term_string"}}],"inLanguage":"pt-PT"}]}},"meta_box":{"industry":"","seo_heading":"","heading":"","description":"","cta_heading":"","cta_description":"","application":"1181","h1":"Widget de clima iFrame","h1_caption":"Forne\u00e7a a previs\u00e3o do tempo para qualquer local do seu site","application_category":[],"applications_title":"","applications_request_title":"","applications_request_button_text":"","hero_text":"","hero_video":"","hero_video_schema_markup":"","selling_points_title":"","selling_points_caption":"","selling_points":[],"selling_points_cta_text":"","features_title":"","features":"","ed_cta_examples_text":"","ed_cta_examples_hidden":"","ed_cta_demo_text":"","ed_cta_demo_hidden":"","why_caption":"","why_editor_title":"","why_editor_text":"","why_team_title":"","why_team_text":"","why_service_title":"","why_service_text":"","template_catalog_visible":"","template_catalog_title":"","template_catalog_text":"","template_catalog_categories_visible":"","demo_title":"Crie seu widget de clima","demo_caption":"Configure seu clima e adicione-o ao seu site iFrame gratuitamente!","default_faq_hidden":"","app_template_category":[],"platform":"4911","template_public_id":"","codecanyon_url":"","codecanyon_item_id":"","codecanyon_price":"","pricing_caption":"","pricing_elfsight_apps_hide_column":"","pricing_elfsight_apps_url":"","pricing_codecanyon_price_caption":"","integration_category":[],"integration_request_title":"","integration_request_cta":"","integration_platform":"","integrations":[],"platform_category":[],"video_schema_markup":"","price":"a partir de US$ 0\/m\u00eas","trial":"","benefits":[{"text":"Assist\u00eancia de instala\u00e7\u00e3o gratuita"},{"text":"Suporte excepcional"},{"text":"Garantia de reembolso de 14 dias"},{"text":"Melhorias regulares"}],"button_url":"#demo","button_target_blank":"","button_nofollow":"","attributes":[{"name":"Instala\u00e7\u00f5es","content":"10,000 - 100,000"},{"name":"Responsivo","content":"Sim"},{"name":"Navegadores compat\u00edveis","content":"Opera, Chrome, Safari, Firefox, Edge"}],"tags":[],"tags_disable_links":"","hide_more_platforms":"","video_object":"","demo_hide_cta":"","demo_hide_cloud_options":"","pricing_title":"","pricing":[{"pricing_icon":"platform","pricing_title":"Elfsight Apps","pricing_title_caption":"Solu\u00e7\u00e3o digital independente de plataforma que se adapta a qualquer site","pricing_price":"a partir de US$ 0\/m\u00eas","pricing_price_caption":"comece com plano gratuito","pricing_benefits":[{"text":"N\u00famero ilimitado de dom\u00ednios"},{"text":"Suporte dedicado ao cliente"},{"text":"Suporte dedicado ao cliente"},{"text":"Oferta especial para v\u00e1rios aplicativos"}],"pricing_button_text":"Adicionar ao site","pricing_button_url":"#demo"}],"related_apps_title":"","related_apps_hidden":"","author":"","image":[],"title":"","job":"","social_networks":[]},"_links":{"self":[{"href":"https:\/\/elfsight.com\/pt\/wp-json\/wp\/v2\/pages\/8753","targetHints":{"allow":["GET"]}}],"collection":[{"href":"https:\/\/elfsight.com\/pt\/wp-json\/wp\/v2\/pages"}],"about":[{"href":"https:\/\/elfsight.com\/pt\/wp-json\/wp\/v2\/types\/page"}],"author":[{"embeddable":true,"href":"https:\/\/elfsight.com\/pt\/wp-json\/wp\/v2\/users\/9"}],"replies":[{"embeddable":true,"href":"https:\/\/elfsight.com\/pt\/wp-json\/wp\/v2\/comments?post=8753"}],"version-history":[{"count":1,"href":"https:\/\/elfsight.com\/pt\/wp-json\/wp\/v2\/pages\/8753\/revisions"}],"predecessor-version":[{"id":8757,"href":"https:\/\/elfsight.com\/pt\/wp-json\/wp\/v2\/pages\/8753\/revisions\/8757"}],"up":[{"embeddable":true,"href":"https:\/\/elfsight.com\/pt\/wp-json\/wp\/v2\/pages\/1182"}],"wp:attachment":[{"href":"https:\/\/elfsight.com\/pt\/wp-json\/wp\/v2\/media?parent=8753"}],"curies":[{"name":"wp","href":"https:\/\/api.w.org\/{rel}","templated":true}]}}