{"id":8746,"date":"1970-01-01T00:00:00","date_gmt":"1970-01-01T00:00:00","guid":{"rendered":"https:\/\/elfsight.com\/pt\/?page_id=8746"},"modified":"2024-11-13T11:46:49","modified_gmt":"2024-11-13T11:46:49","slug":"opencart","status":"publish","type":"page","link":"https:\/\/elfsight.com\/pt\/weather-widget\/opencart\/","title":{"rendered":"Weather &#8211; OpenCart"},"content":{"rendered":"<div class=\"application-platform-content-item-description application-platform-content-item\" id=\"description\" data-nav-section=\"description\"><h2>Descri\u00e7\u00e3o<\/h2><p>Elfsight Weather \u00e9 um widget de site descomplicado e muito ajust\u00e1vel, que mostra a previs\u00e3o do tempo atualizada para qualquer \u00e1rea. Adicione o local usando o nome, CEP ou coordenadas. Os visitantes do site verificar\u00e3o os dados mais recentes sobre temperatura, press\u00e3o, porcentagem de umidade e clima ativo. H\u00e1 um recurso para mostrar a previs\u00e3o hor\u00e1ria ou di\u00e1ria. Voc\u00ea pode ajustar a interface usando imagens de fundo com tema clim\u00e1tico e a op\u00e7\u00e3o de escolher suas pr\u00f3prias cores. <\/p><p><b>Torne mais f\u00e1cil para os clientes reservarem sua viagem com a previs\u00e3o do tempo \u00e0 vista! <\/b><\/p><\/div><div class=\"application-platform-content-item-features application-platform-content-item\" id=\"features\" data-nav-section=\"features\"><p>Aqui est\u00e1 uma lista de todos os recursos do widget Clima. Voc\u00ea pode configur\u00e1-los diretamente no editor e eles o ajudar\u00e3o a moldar o widget especialmente para suas necessidades. <\/p><ul><li>Tr\u00eas maneiras de inserir a localiza\u00e7\u00e3o: o nome, o CEP ou as coordenadas; <\/li><li>Mais de 30 idiomas inclu\u00eddos para demonstrar informa\u00e7\u00f5es meteorol\u00f3gicas em seu idioma nativo; <\/li><li>Cinco variantes da configura\u00e7\u00e3o do widget para diferentes casos de uso; <\/li><li>A op\u00e7\u00e3o de exibir a previs\u00e3o di\u00e1ria de uma semana com datas; <\/li><li>Mostrar previs\u00e3o hor\u00e1ria para as doze horas mais pr\u00f3ximas. <\/li><\/ul><p><a href=\"#demo\">Veja como todos os recursos funcionam em nossa demonstra\u00e7\u00e3o<\/a><\/p><\/div><div class=\"application-platform-content-item-installation application-platform-content-item\" id=\"installation\" data-nav-section=\"installation\"> <h2>Como adiciono a extens\u00e3o Weather ao meu site OpenCart? <\/h2><p>Para inserir o widget, basta seguir estas etapas r\u00e1pidas<\/p><ol><li><b>Inicie nosso editor gratuito e comece a criar sua extens\u00e3o de clima personalizada. <\/b><br> Escolha a apar\u00eancia e o desempenho preferidos da extens\u00e3o e aplique todas as modifica\u00e7\u00f5es. <\/li> <li><b>Copie o seu c\u00f3digo exclusivo que aparece na caixa dos aplicativos da Elfsight. <\/b><br> Assim que a configura\u00e7\u00e3o da sua extens\u00e3o for conclu\u00edda, copie o seu c\u00f3digo da caixa que aparece e guarde-o para uso posterior. <\/li> <li><b>Inicie a utiliza\u00e7\u00e3o da extens\u00e3o na sua p\u00e1gina da web do OpenCart. <\/b><br> Integre o c\u00f3digo copiado recentemente em seu site e aplique as melhorias. <\/li> <li><b>A configura\u00e7\u00e3o foi totalmente conclu\u00edda. <\/b><br> Visite seu site para ver o funcionamento da extens\u00e3o. <\/li><\/ol><p>N\u00e3o hesite em entrar em contato com o suporte ao cliente da Elfsight quando precisar de ajuda ou tiver d\u00favidas. Nossos especialistas ter\u00e3o prazer em ajudar com todas as d\u00favidas. <\/p><div class=\"faq\" data-component=\"FAQ\"><div class=\"faq-item\">\r\n\t\t\t\t\t<div class=\"faq-item-question\">\r\n\t\t\t\t\t\t<h3 class=\"faq-item-question-text\">Existe um m\u00e9todo para adicionar Weather \u00e0 minha p\u00e1gina inicial do OpenCart sem habilidades de codifica\u00e7\u00e3o?<\/h3>\r\n\r\n\t\t\t\t\t\t<div class=\"faq-item-question-icon\"><\/div>\r\n\t\t\t\t\t<\/div>\r\n\r\n\t\t\t\t\t<div class=\"faq-item-answer\">\r\n\t\t\t\t\t\t<div class=\"faq-item-answer-text\"> <p>A empresa Elfsight apresenta uma solu\u00e7\u00e3o Cloud que permite que voc\u00ea mesmo crie um plugin Weather, assista ao descomplicado guia: V\u00e1 para a demonstra\u00e7\u00e3o online para construir um widget de clima que voc\u00ea gostaria de integrar no OpenCart. Selecione um dos muitos modelos pr\u00e9-concebidos e adapte as configura\u00e7\u00f5es de clima, altere o layout e a cor dos elementos e atualize seu conte\u00fado, sem nenhuma habilidade de codifica\u00e7\u00e3o. Clique para salvar as configura\u00e7\u00f5es feitas no Weather e obter o c\u00f3digo do plugin para instala\u00e7\u00e3o, que pode ser facilmente inclu\u00eddo na p\u00e1gina do OpenCart usando um plano gratuito. Trabalhando no editor simples, qualquer usu\u00e1rio da web pode gerar um aplicativo de clima e incorpor\u00e1-lo prontamente \u00e0 p\u00e1gina inicial do OpenCart. N\u00e3o h\u00e1 necessidade de adquirir um plano pago ou inserir os dados do seu cart\u00e3o para acessar o servi\u00e7o. Se voc\u00ea encontrar algum obst\u00e1culo em qualquer etapa, v\u00e1 em frente e fale com nossa equipe de suporte t\u00e9cnico.<\/p> <\/div>\r\n\t\t\t\t\t<\/div>\r\n\t\t\t\t<\/div> <\/div><\/div>","protected":false},"excerpt":{"rendered":"","protected":false},"author":9,"featured_media":0,"parent":1182,"menu_order":0,"comment_status":"closed","ping_status":"closed","template":"templates\/template-application-platform.php","meta":{"publish_to_discourse":"","publish_post_category":"","wpdc_auto_publish_overridden":"","wpdc_topic_tags":"","wpdc_pin_topic":"","wpdc_pin_until":"","discourse_post_id":"","discourse_permalink":"","wpdc_publishing_response":"","wpdc_publishing_error":"","footnotes":""},"class_list":["post-8746","page","type-page","status-publish","hentry"],"yoast_head":"<!-- This site is optimized with the Yoast SEO plugin v25.3.1 - https:\/\/yoast.com\/wordpress\/plugins\/seo\/ -->\n<title>Widget de clima \u2013 Adicione o aplicativo Weather ao site OpenCart (gratuito e r\u00e1pido)<\/title>\n<meta name=\"description\" content=\"Crie um design e incorpore simplesmente seu widget de clima e exiba-o no site OpenCart. O suporte ao cliente da Elfsight \u00e9 gratuito.\" \/>\n<meta name=\"robots\" content=\"index, follow, max-snippet:-1, max-image-preview:large, max-video-preview:-1\" \/>\n<link rel=\"canonical\" href=\"https:\/\/elfsight.com\/pt\/weather-widget\/opencart\/\" \/>\n<meta property=\"og:locale\" content=\"pt_PT\" \/>\n<meta property=\"og:type\" content=\"article\" \/>\n<meta property=\"og:title\" content=\"Widget de clima \u2013 Adicione o aplicativo Weather ao site OpenCart (gratuito e r\u00e1pido)\" \/>\n<meta property=\"og:description\" content=\"Crie um design e incorpore simplesmente seu widget de clima e exiba-o no site OpenCart. O suporte ao cliente da Elfsight \u00e9 gratuito.\" \/>\n<meta property=\"og:url\" content=\"https:\/\/elfsight.com\/pt\/weather-widget\/opencart\/\" \/>\n<meta property=\"og:site_name\" content=\"Elfsight PT\" \/>\n<meta property=\"article:modified_time\" content=\"2024-11-13T11:46:49+00:00\" \/>\n<meta name=\"twitter:card\" content=\"summary_large_image\" \/>\n<meta name=\"twitter:label1\" content=\"Tempo estimado de leitura\" \/>\n\t<meta name=\"twitter:data1\" content=\"3 minutos\" \/>\n<!-- \/ Yoast SEO plugin. -->","yoast_head_json":{"title":"Widget de clima \u2013 Adicione o aplicativo Weather ao site OpenCart (gratuito e r\u00e1pido)","description":"Crie um design e incorpore simplesmente seu widget de clima e exiba-o no site OpenCart. O suporte ao cliente da Elfsight \u00e9 gratuito.","robots":{"index":"index","follow":"follow","max-snippet":"max-snippet:-1","max-image-preview":"max-image-preview:large","max-video-preview":"max-video-preview:-1"},"canonical":"https:\/\/elfsight.com\/pt\/weather-widget\/opencart\/","og_locale":"pt_PT","og_type":"article","og_title":"Widget de clima \u2013 Adicione o aplicativo Weather ao site OpenCart (gratuito e r\u00e1pido)","og_description":"Crie um design e incorpore simplesmente seu widget de clima e exiba-o no site OpenCart. O suporte ao cliente da Elfsight \u00e9 gratuito.","og_url":"https:\/\/elfsight.com\/pt\/weather-widget\/opencart\/","og_site_name":"Elfsight PT","article_modified_time":"2024-11-13T11:46:49+00:00","twitter_card":"summary_large_image","twitter_misc":{"Tempo estimado de leitura":"3 minutos"},"schema":{"@context":"https:\/\/schema.org","@graph":[{"@type":"WebPage","@id":"https:\/\/elfsight.com\/pt\/weather-widget\/opencart\/","url":"https:\/\/elfsight.com\/pt\/weather-widget\/opencart\/","name":"Widget de clima \u2013 Adicione o aplicativo Weather ao site OpenCart (gratuito e r\u00e1pido)","isPartOf":{"@id":"https:\/\/elfsight.com\/pt\/#website"},"datePublished":"1970-01-01T00:00:00+00:00","dateModified":"2024-11-13T11:46:49+00:00","description":"Crie um design e incorpore simplesmente seu widget de clima e exiba-o no site OpenCart. O suporte ao cliente da Elfsight \u00e9 gratuito.","breadcrumb":{"@id":"https:\/\/elfsight.com\/pt\/weather-widget\/opencart\/#breadcrumb"},"inLanguage":"pt-PT","potentialAction":[{"@type":"ReadAction","target":["https:\/\/elfsight.com\/pt\/weather-widget\/opencart\/"]}]},{"@type":"BreadcrumbList","@id":"https:\/\/elfsight.com\/pt\/weather-widget\/opencart\/#breadcrumb","itemListElement":[{"@type":"ListItem","position":1,"name":"Home","item":"https:\/\/elfsight.com\/pt\/"},{"@type":"ListItem","position":2,"name":"Weather","item":"https:\/\/elfsight.com\/pt\/weather-widget\/"},{"@type":"ListItem","position":3,"name":"Weather &#8211; OpenCart"}]},{"@type":"WebSite","@id":"https:\/\/elfsight.com\/pt\/#website","url":"https:\/\/elfsight.com\/pt\/","name":"Elfsight PT","description":"Just another Elfsight Sites site","potentialAction":[{"@type":"SearchAction","target":{"@type":"EntryPoint","urlTemplate":"https:\/\/elfsight.com\/pt\/?s={search_term_string}"},"query-input":{"@type":"PropertyValueSpecification","valueRequired":true,"valueName":"search_term_string"}}],"inLanguage":"pt-PT"}]}},"meta_box":{"industry":"","seo_heading":"","heading":"","description":"","cta_heading":"","cta_description":"","application":"1181","h1":"Extens\u00e3o meteorol\u00f3gica OpenCart","h1_caption":"Forne\u00e7a a previs\u00e3o do tempo para qualquer lugar do seu site","application_category":[],"applications_title":"","applications_request_title":"","applications_request_button_text":"","hero_text":"","hero_video":"","hero_video_schema_markup":"","selling_points_title":"","selling_points_caption":"","selling_points":[],"selling_points_cta_text":"","features_title":"","features":"","ed_cta_examples_text":"","ed_cta_examples_hidden":"","ed_cta_demo_text":"","ed_cta_demo_hidden":"","why_caption":"","why_editor_title":"","why_editor_text":"","why_team_title":"","why_team_text":"","why_service_title":"","why_service_text":"","template_catalog_visible":"","template_catalog_title":"","template_catalog_text":"","template_catalog_categories_visible":"","demo_title":"Crie sua extens\u00e3o de clima","demo_caption":"Configure seu clima e adicione-o ao seu site OpenCart gratuitamente!","default_faq_hidden":"","app_template_category":[],"platform":"61","template_public_id":"","codecanyon_url":"","codecanyon_item_id":"","codecanyon_price":"","pricing_caption":"","pricing_elfsight_apps_hide_column":"","pricing_elfsight_apps_url":"","pricing_codecanyon_price_caption":"","integration_category":[],"integration_request_title":"","integration_request_cta":"","integration_platform":"","integrations":[],"platform_category":[],"video_schema_markup":"","price":"a partir de US$ 0\/m\u00eas","trial":"","benefits":[{"text":"Servi\u00e7o de instala\u00e7\u00e3o gratuito"},{"text":"Atendimento ao cliente eficaz"},{"text":"Garantia de reembolso de 14 dias"},{"text":"Melhorias gratuitas cont\u00ednuas"}],"button_url":"#demo","button_target_blank":"","button_nofollow":"","attributes":[{"name":"Instala\u00e7\u00f5es","content":"10,000 - 100,000"},{"name":"Responsivo","content":"Sim"},{"name":"Navegadores compat\u00edveis","content":"Opera, Safari, Edge, Firefox, Chrome"}],"tags":[],"tags_disable_links":"","hide_more_platforms":"","video_object":"","demo_hide_cta":"","demo_hide_cloud_options":"","pricing_title":"","pricing":[{"pricing_icon":"platform","pricing_title":"Elfsight Apps","pricing_title_caption":"Solu\u00e7\u00e3o digital multiplataforma","pricing_price":"a partir de US$ 0\/m\u00eas","pricing_price_caption":"comece com plano gratuito","pricing_benefits":[{"text":"Sites ilimitados"},{"text":"Suporte gratuito e pontual"},{"text":"Suporte gratuito e pontual"},{"text":"100% personaliz\u00e1vel"}],"pricing_button_text":"Adicionar ao site","pricing_button_url":"#demo"}],"related_apps_title":"","related_apps_hidden":"","author":"","image":[],"title":"","job":"","social_networks":[]},"_links":{"self":[{"href":"https:\/\/elfsight.com\/pt\/wp-json\/wp\/v2\/pages\/8746","targetHints":{"allow":["GET"]}}],"collection":[{"href":"https:\/\/elfsight.com\/pt\/wp-json\/wp\/v2\/pages"}],"about":[{"href":"https:\/\/elfsight.com\/pt\/wp-json\/wp\/v2\/types\/page"}],"author":[{"embeddable":true,"href":"https:\/\/elfsight.com\/pt\/wp-json\/wp\/v2\/users\/9"}],"replies":[{"embeddable":true,"href":"https:\/\/elfsight.com\/pt\/wp-json\/wp\/v2\/comments?post=8746"}],"version-history":[{"count":1,"href":"https:\/\/elfsight.com\/pt\/wp-json\/wp\/v2\/pages\/8746\/revisions"}],"predecessor-version":[{"id":8750,"href":"https:\/\/elfsight.com\/pt\/wp-json\/wp\/v2\/pages\/8746\/revisions\/8750"}],"up":[{"embeddable":true,"href":"https:\/\/elfsight.com\/pt\/wp-json\/wp\/v2\/pages\/1182"}],"wp:attachment":[{"href":"https:\/\/elfsight.com\/pt\/wp-json\/wp\/v2\/media?parent=8746"}],"curies":[{"name":"wp","href":"https:\/\/api.w.org\/{rel}","templated":true}]}}