{"id":8745,"date":"1970-01-01T00:00:00","date_gmt":"1970-01-01T00:00:00","guid":{"rendered":"https:\/\/elfsight.com\/pt\/?page_id=8745"},"modified":"2025-03-07T14:10:56","modified_gmt":"2025-03-07T14:10:56","slug":"shopify","status":"publish","type":"page","link":"https:\/\/elfsight.com\/pt\/weather-widget\/shopify\/","title":{"rendered":"Weather &#8211; Shopify"},"content":{"rendered":"\n<div class=\"application-platform-content-item-description application-platform-content-item\" id=\"description\" data-nav-section=\"description\"><h2>Incorpore Weather no Shopify com o widget Elfsight<\/h2><p>Elfsight Weather \u00e9 um widget de site r\u00e1pido e muito adapt\u00e1vel para exibir o widget relevante previs\u00e3o do tempo para um local selecionado. Insira a localiza\u00e7\u00e3o pelo t\u00edtulo, CEP ou coordenadas. Seus usu\u00e1rios verificar\u00e3o as informa\u00e7\u00f5es mais recentes sobre temperatura, press\u00e3o, umidade e clima ativo. Existe a op\u00e7\u00e3o de mostrar a previs\u00e3o hor\u00e1ria ou di\u00e1ria. Voc\u00ea pode personalizar a interface usando um fundo tem\u00e1tico e a op\u00e7\u00e3o de escolher qualquer cor. <\/p><p><b>Facilite o planejamento da viagem dos clientes com a previs\u00e3o do tempo sempre \u00e0 m\u00e3o! <\/b><\/p><\/div><div class=\"application-platform-content-item-features application-platform-content-item\" id=\"features\" data-nav-section=\"features\"><p>Aqui voc\u00ea pode ver todas as fun\u00e7\u00f5es do widget de clima. Eles est\u00e3o dispon\u00edveis diretamente no editor e ir\u00e3o ajud\u00e1-lo a criar o widget certo para o seu caso. <\/p><ul><li>3 m\u00e9todos para inserir a localiza\u00e7\u00e3o: o nome, o CEP ou as coordenadas; <\/li><li>Mais de 30 idiomas inclu\u00eddos para mostrar detalhes meteorol\u00f3gicos em seu idioma nativo; <\/li><li>5 variantes da configura\u00e7\u00e3o do widget para diferentes casos de uso; <\/li><li>A op\u00e7\u00e3o de exibir a previs\u00e3o di\u00e1ria para a semana futura com datas; <\/li><li>Demonstre o clima hora a hora para as pr\u00f3ximas doze horas. <\/li><\/ul><p><a href=\"#demo\">Experimente todas as outras fun\u00e7\u00f5es da demonstra\u00e7\u00e3o<\/a><\/p><\/div><div class=\"application-platform-content-item-installation application-platform-content-item\" id=\"installation\" data-nav-section=\"installation\"><h2> Como incorporar o aplicativo Weather no Shopify? <\/h2><div class=\"video-container\"><iframe width=\"720\" height=\"405\" src=\"https:\/\/www.youtube.com\/embed\/_1AL1BgluKc\" frameborder=\"0\" allowfullscreen=\"\"><\/iframe><\/div><p>Para apresentar o widget de clima, execute as seguintes etapas r\u00e1pidas<\/p><ol><li><b>Configure o aplicativo<\/b><br>V\u00e1 para Site Shopify e entre na p\u00e1gina do aplicativo. Clique no bot\u00e3o \u00abObter\u00bb para incorporar o aplicativo ao seu site. <\/li><li><b>Configurar os par\u00e2metros do aplicativo<\/b><br>Definir os dados do aplicativo: conte\u00fado e op\u00e7\u00f5es da interface. Depois de concluir a personaliza\u00e7\u00e3o, voc\u00ea receber\u00e1 um c\u00f3digo de instala\u00e7\u00e3o individual. Copie o c\u00f3digo para uso posterior. <\/li><li><b>Adicione o aplicativo \u00e0 p\u00e1gina<\/b><br>Entre na se\u00e7\u00e3o \u00abP\u00e1ginas\u00bb e abra a p\u00e1gina para exibir o aplicativo. Al\u00e9m disso, incorpore o c\u00f3digo no modo HTML e publique as altera\u00e7\u00f5es. <\/li><li><b>Conclu\u00eddo! <\/b><br>Visite seu site para conferir seu novo aplicativo! <\/li><\/ol><p>N\u00e3o hesite em comunicar ao nosso suporte ao cliente se precisar de conselhos ou tiver algo a perguntar. Nossos especialistas ter\u00e3o prazer em ajudar com cada solicita\u00e7\u00e3o. <\/p><div class=\"faq\" data-component=\"FAQ\"><div class=\"faq-item\">\r\n\t\t\t\t\t<div class=\"faq-item-question\">\r\n\t\t\t\t\t\t<h3 class=\"faq-item-question-text\">Quais outros aplicativos s\u00e3o necess\u00e1rios para um site do Shopify?<\/h3>\r\n\r\n\t\t\t\t\t\t<div class=\"faq-item-question-icon\"><\/div>\r\n\t\t\t\t\t<\/div>\r\n\r\n\t\t\t\t\t<div class=\"faq-item-answer\">\r\n\t\t\t\t\t\t<div class=\"faq-item-answer-text\"><p>O pr\u00f3prio Shopify oferece v\u00e1rios instrumentos para aprimorar sites de com\u00e9rcio eletr\u00f4nico. Se quiser tornar o seu Shopify ainda mais poderoso, voc\u00ea pode usar os aplicativos da Elfsight.<\/p><p>Por exemplo, existem <a href=\"https:\/\/elfsight.com\/google-reviews-widget\/shopify\/\">Google Reviews<\/a>, <a href=\"https:\/\/elfsight.com\/slider-widget\/shopify\/\">Slider<\/a> e <a href=\"https:\/\/elfsight.com\/instagram-feed-instashow\/shopify\/\">Feed do Instagram<\/a> certo para voc\u00ea. Al\u00e9m disso, voc\u00ea pode encontrar <a href=\"https:\/\/elfsight.com\/pdf-embed-widget\/shopify\/\">PDF Embed<\/a> e <a href=\"https:\/\/elfsight.com\/logo-showcase-widget\/shopify\/\">Logo Showcase<\/a> e muito mais para atualizar um site do Shopify.<\/p><\/div>\r\n\t\t\t\t\t<\/div>\r\n\t\t\t\t<\/div><div class=\"faq-item\">\r\n\t\t\t\t\t<div class=\"faq-item-question\">\r\n\t\t\t\t\t\t<h3 class=\"faq-item-question-text\">Como incorporar o widget de clima em um P\u00e1gina do Shopify?<\/h3>\r\n\r\n\t\t\t\t\t\t<div class=\"faq-item-question-icon\"><\/div>\r\n\t\t\t\t\t<\/div>\r\n\r\n\t\t\t\t\t<div class=\"faq-item-answer\">\r\n\t\t\t\t\t\t<div class=\"faq-item-answer-text\"><p>A instala\u00e7\u00e3o levar\u00e1 cerca de alguns segundos. Voc\u00ea simplesmente adicionar\u00e1 um local personalizado, ativar\u00e1 ou desativar\u00e1 os d\u00edgitos de temperatura no configurador on-line gratuito e obter\u00e1 um c\u00f3digo de instala\u00e7\u00e3o.<\/p><p>Al\u00e9m disso, basta colar o c\u00f3digo no bloco de c\u00f3digo necess\u00e1rio em um p\u00e1gina da web necess\u00e1ria. \u00c9 isso! Seu aplicativo Weather aparecer\u00e1 em um site do Shopify assim que isso acontecer! No entanto, se precisar saber mais sobre a instala\u00e7\u00e3o, voc\u00ea est\u00e1 sempre \u00e0 vontade para faz\u00ea-lo <a href=\"https:\/\/elfsight.com\/tutorials\/how-to-add-weather-widget\/#how-to-add -weather-to-shopify\">nesta p\u00e1gina<\/a>.<\/p><\/div>\r\n\t\t\t\t\t<\/div>\r\n\t\t\t\t<\/div><div class=\"faq-item\">\r\n\t\t\t\t\t<div class=\"faq-item-question\">\r\n\t\t\t\t\t\t<h3 class=\"faq-item-question-text\">Posso ver como o widget ficar\u00e1 no meu site?<\/h3>\r\n\r\n\t\t\t\t\t\t<div class=\"faq-item-question-icon\"><\/div>\r\n\t\t\t\t\t<\/div>\r\n\r\n\t\t\t\t\t<div class=\"faq-item-answer\">\r\n\t\t\t\t\t\t<div class=\"faq-item-answer-text\"><p>Certamente! No processo de altera\u00e7\u00e3o do aplicativo meteorol\u00f3gico Shopify <a href=\"https:\/\/elfsight.com\/weather-widget\/#demo\">no editor online gratuito<\/a>, voc\u00ea ver\u00e1 todas as configura\u00e7\u00f5es na parte direita do editor. O widget de clima ter\u00e1 a mesma apar\u00eancia de um site da Shopify.<\/p><\/div>\r\n\t\t\t\t\t<\/div>\r\n\t\t\t\t<\/div><\/div><\/div>\n","protected":false},"excerpt":{"rendered":"","protected":false},"author":9,"featured_media":0,"parent":1182,"menu_order":0,"comment_status":"closed","ping_status":"closed","template":"templates\/template-application-platform.php","meta":{"publish_to_discourse":"","publish_post_category":"","wpdc_auto_publish_overridden":"","wpdc_topic_tags":"","wpdc_pin_topic":"","wpdc_pin_until":"","discourse_post_id":"","discourse_permalink":"","wpdc_publishing_response":"","wpdc_publishing_error":"","footnotes":""},"class_list":["post-8745","page","type-page","status-publish","hentry"],"yoast_head":"<!-- This site is optimized with the Yoast SEO plugin v25.3.1 - https:\/\/yoast.com\/wordpress\/plugins\/seo\/ -->\n<title>Widget de clima \u2013 Adicionar aplicativo de clima ao site Shopify (gratuito e r\u00e1pido)<\/title>\n<meta name=\"description\" content=\"Esta \u00e9 uma oportunidade de construir o plugin Weather e integr\u00e1-lo ao seu site Shopify. Obtenha atendimento ao cliente gratuito e outros b\u00f4nus da Elfsight.\" \/>\n<meta name=\"robots\" content=\"index, follow, max-snippet:-1, max-image-preview:large, max-video-preview:-1\" \/>\n<link rel=\"canonical\" href=\"https:\/\/elfsight.com\/pt\/weather-widget\/shopify\/\" \/>\n<meta property=\"og:locale\" content=\"pt_PT\" \/>\n<meta property=\"og:type\" content=\"article\" \/>\n<meta property=\"og:title\" content=\"Widget de clima \u2013 Adicionar aplicativo de clima ao site Shopify (gratuito e r\u00e1pido)\" \/>\n<meta property=\"og:description\" content=\"Esta \u00e9 uma oportunidade de construir o plugin Weather e integr\u00e1-lo ao seu site Shopify. Obtenha atendimento ao cliente gratuito e outros b\u00f4nus da Elfsight.\" \/>\n<meta property=\"og:url\" content=\"https:\/\/elfsight.com\/pt\/weather-widget\/shopify\/\" \/>\n<meta property=\"og:site_name\" content=\"Elfsight PT\" \/>\n<meta property=\"article:modified_time\" content=\"2025-03-07T14:10:56+00:00\" \/>\n<meta name=\"twitter:card\" content=\"summary_large_image\" \/>\n<meta name=\"twitter:label1\" content=\"Tempo estimado de leitura\" \/>\n\t<meta name=\"twitter:data1\" content=\"4 minutos\" \/>\n<!-- \/ Yoast SEO plugin. -->","yoast_head_json":{"title":"Widget de clima \u2013 Adicionar aplicativo de clima ao site Shopify (gratuito e r\u00e1pido)","description":"Esta \u00e9 uma oportunidade de construir o plugin Weather e integr\u00e1-lo ao seu site Shopify. Obtenha atendimento ao cliente gratuito e outros b\u00f4nus da Elfsight.","robots":{"index":"index","follow":"follow","max-snippet":"max-snippet:-1","max-image-preview":"max-image-preview:large","max-video-preview":"max-video-preview:-1"},"canonical":"https:\/\/elfsight.com\/pt\/weather-widget\/shopify\/","og_locale":"pt_PT","og_type":"article","og_title":"Widget de clima \u2013 Adicionar aplicativo de clima ao site Shopify (gratuito e r\u00e1pido)","og_description":"Esta \u00e9 uma oportunidade de construir o plugin Weather e integr\u00e1-lo ao seu site Shopify. Obtenha atendimento ao cliente gratuito e outros b\u00f4nus da Elfsight.","og_url":"https:\/\/elfsight.com\/pt\/weather-widget\/shopify\/","og_site_name":"Elfsight PT","article_modified_time":"2025-03-07T14:10:56+00:00","twitter_card":"summary_large_image","twitter_misc":{"Tempo estimado de leitura":"4 minutos"},"schema":{"@context":"https:\/\/schema.org","@graph":[{"@type":"WebPage","@id":"https:\/\/elfsight.com\/pt\/weather-widget\/shopify\/","url":"https:\/\/elfsight.com\/pt\/weather-widget\/shopify\/","name":"Widget de clima \u2013 Adicionar aplicativo de clima ao site Shopify (gratuito e r\u00e1pido)","isPartOf":{"@id":"https:\/\/elfsight.com\/pt\/#website"},"datePublished":"1970-01-01T00:00:00+00:00","dateModified":"2025-03-07T14:10:56+00:00","description":"Esta \u00e9 uma oportunidade de construir o plugin Weather e integr\u00e1-lo ao seu site Shopify. Obtenha atendimento ao cliente gratuito e outros b\u00f4nus da Elfsight.","breadcrumb":{"@id":"https:\/\/elfsight.com\/pt\/weather-widget\/shopify\/#breadcrumb"},"inLanguage":"pt-PT","potentialAction":[{"@type":"ReadAction","target":["https:\/\/elfsight.com\/pt\/weather-widget\/shopify\/"]}]},{"@type":"BreadcrumbList","@id":"https:\/\/elfsight.com\/pt\/weather-widget\/shopify\/#breadcrumb","itemListElement":[{"@type":"ListItem","position":1,"name":"Home","item":"https:\/\/elfsight.com\/pt\/"},{"@type":"ListItem","position":2,"name":"Weather","item":"https:\/\/elfsight.com\/pt\/weather-widget\/"},{"@type":"ListItem","position":3,"name":"Weather &#8211; Shopify"}]},{"@type":"WebSite","@id":"https:\/\/elfsight.com\/pt\/#website","url":"https:\/\/elfsight.com\/pt\/","name":"Elfsight PT","description":"Just another Elfsight Sites site","potentialAction":[{"@type":"SearchAction","target":{"@type":"EntryPoint","urlTemplate":"https:\/\/elfsight.com\/pt\/?s={search_term_string}"},"query-input":{"@type":"PropertyValueSpecification","valueRequired":true,"valueName":"search_term_string"}}],"inLanguage":"pt-PT"}]}},"meta_box":{"industry":"","seo_heading":"","heading":"","description":"","cta_heading":"","cta_description":"","application":"1181","h1":"Aplicativo de clima Shopify","h1_caption":"Exiba a previs\u00e3o do tempo para qualquer lugar do seu site","application_category":[],"applications_title":"","applications_request_title":"","applications_request_button_text":"","hero_text":"","hero_video":"","hero_video_schema_markup":"","selling_points_title":"","selling_points_caption":"","selling_points":[],"selling_points_cta_text":"","features_title":"","features":"","ed_cta_examples_text":"","ed_cta_examples_hidden":"","ed_cta_demo_text":"","ed_cta_demo_hidden":"","why_caption":"","why_editor_title":"","why_editor_text":"","why_team_title":"","why_team_text":"","why_service_title":"","why_service_text":"","template_catalog_visible":"0","template_catalog_title":"","template_catalog_text":"","template_catalog_categories_visible":"","demo_title":"Crie seu aplicativo de clima","demo_caption":"Configure seu clima e adicione-o ao seu site Shopify gratuitamente!","default_faq_hidden":"","app_template_category":[],"platform":"64","template_public_id":"","codecanyon_url":"","codecanyon_item_id":"","codecanyon_price":"","pricing_caption":"","pricing_elfsight_apps_hide_column":"","pricing_elfsight_apps_url":"","pricing_codecanyon_price_caption":"","integration_category":[],"integration_request_title":"","integration_request_cta":"","integration_platform":"","integrations":[],"platform_category":[],"video_schema_markup":"","price":"a partir de US$ 0\/m\u00eas","trial":"","benefits":[{"text":"Servi\u00e7o de instala\u00e7\u00e3o gratuito"},{"text":"Suporte premium"},{"text":"Garantia de devolu\u00e7\u00e3o do dinheiro em 14 dias"},{"text":"Atualiza\u00e7\u00f5es gratuitas cont\u00ednuas"}],"button_url":"#demo","button_target_blank":"0","button_nofollow":"0","attributes":[{"name":"Instala\u00e7\u00f5es","content":"10,000 - 100,000"},{"name":"Responsivo","content":"Sim"},{"name":"Navegadores compat\u00edveis","content":"Firefox, Safari, Opera, Chrome, Edge"}],"tags":[],"tags_disable_links":"0","hide_more_platforms":"0","video_object":"","demo_hide_cta":"0","demo_hide_cloud_options":"0","pricing_title":"","pricing":[{"pricing_icon":"cloud","pricing_title":"Elfsight Apps","pricing_title_caption":"Vers\u00e3o multiplataforma que funciona em qualquer site","pricing_price":"a partir de US$ 0\/m\u00eas","pricing_price_caption":"comece com plano gratuito","pricing_benefits":[{"text":"Sites ilimitados"},{"text":"Suporte premium"},{"text":"Suporte premium"},{"text":"Oferta especial para v\u00e1rios aplicativos"}],"pricing_button_text":"Adicionar ao site","pricing_button_url":"#demo"}],"related_apps_title":"","related_apps_hidden":"0","author":"","image":[],"title":"","job":"","social_networks":[]},"_links":{"self":[{"href":"https:\/\/elfsight.com\/pt\/wp-json\/wp\/v2\/pages\/8745","targetHints":{"allow":["GET"]}}],"collection":[{"href":"https:\/\/elfsight.com\/pt\/wp-json\/wp\/v2\/pages"}],"about":[{"href":"https:\/\/elfsight.com\/pt\/wp-json\/wp\/v2\/types\/page"}],"author":[{"embeddable":true,"href":"https:\/\/elfsight.com\/pt\/wp-json\/wp\/v2\/users\/9"}],"replies":[{"embeddable":true,"href":"https:\/\/elfsight.com\/pt\/wp-json\/wp\/v2\/comments?post=8745"}],"version-history":[{"count":3,"href":"https:\/\/elfsight.com\/pt\/wp-json\/wp\/v2\/pages\/8745\/revisions"}],"predecessor-version":[{"id":14634,"href":"https:\/\/elfsight.com\/pt\/wp-json\/wp\/v2\/pages\/8745\/revisions\/14634"}],"up":[{"embeddable":true,"href":"https:\/\/elfsight.com\/pt\/wp-json\/wp\/v2\/pages\/1182"}],"wp:attachment":[{"href":"https:\/\/elfsight.com\/pt\/wp-json\/wp\/v2\/media?parent=8745"}],"curies":[{"name":"wp","href":"https:\/\/api.w.org\/{rel}","templated":true}]}}