{"id":8744,"date":"1970-01-01T00:00:00","date_gmt":"1970-01-01T00:00:00","guid":{"rendered":"https:\/\/elfsight.com\/pt\/?page_id=8744"},"modified":"2024-11-13T11:46:41","modified_gmt":"2024-11-13T11:46:41","slug":"squarespace","status":"publish","type":"page","link":"https:\/\/elfsight.com\/pt\/weather-widget\/squarespace\/","title":{"rendered":"Weather &#8211; Squarespace"},"content":{"rendered":"<div class=\"application-platform-content-item-description application-platform-content-item\" id=\"description\" data-nav-section=\"description\"><h2>Incorpore Weather no Squarespace com o widget Elfsight<\/h2><p>Elfsight Weather \u00e9 um widget de site \u00fatil e muito personaliz\u00e1vel para fornecer ao seu p\u00fablico com o clima atual para uma \u00e1rea selecionada. Adicione um local pelo nome, CEP ou coordenadas. Seus usu\u00e1rios verificar\u00e3o os dados mais recentes sobre temperatura, press\u00e3o, umidade e clima ativo. Voc\u00ea tamb\u00e9m pode exibir previs\u00f5es hor\u00e1rias ou di\u00e1rias. O widget tamb\u00e9m inclui fundo tem\u00e1tico e a op\u00e7\u00e3o de escolher suas pr\u00f3prias cores. <\/p><p><b>Obtenha uma experi\u00eancia mais conveniente para o cliente com um widget meteorol\u00f3gico informativo em sua p\u00e1gina. <\/b><\/p><\/div><div class=\"application-platform-content-item-features application-platform-content-item\" id=\"features\" data-nav-section=\"features\"><p>Verifique uma lista de todas as fun\u00e7\u00f5es do widget de clima. Eles est\u00e3o dispon\u00edveis diretamente no editor e ir\u00e3o ajud\u00e1-lo a criar o widget exatamente para suas necessidades. <\/p><ul><li>Tr\u00eas m\u00e9todos para adicionar o local: o nome, o CEP e as coordenadas; <\/li><li>Mais de 30 idiomas inclu\u00eddos para demonstrar detalhes meteorol\u00f3gicos em seu idioma nativo; <\/li><li>Cinco variantes da configura\u00e7\u00e3o do widget para v\u00e1rios casos de uso; <\/li><li>A op\u00e7\u00e3o de exibir a previs\u00e3o di\u00e1ria para a semana seguinte com datas; <\/li><li>Mostrar previs\u00e3o hor\u00e1ria para as pr\u00f3ximas 12 horas. <\/li><\/ul><p><a href=\"#demo\">Veja como todos os recursos funcionam em nossa demonstra\u00e7\u00e3o<\/a><\/p><\/div><div class=\"application-platform-content-item-installation application-platform-content-item\" id=\"installation\" data-nav-section=\"installation\"> <h2>Como integrar o plugin Weather ao meu site Squarespace? <\/h2><div class=\"video-container\"><iframe width=\"720\" height=\"405\" src=\"https:\/\/www.youtube.com\/embed\/UZDQaamI_pQ\" frameborder=\"0\" allowfullscreen=\"\"><\/iframe><\/div><p>Para introduzir o widget, basta seguir as diretrizes abaixo<\/p><ol><li><b>Construa seu plugin Weather exclusivo<\/b><br>Usando nosso demonstra\u00e7\u00e3o gratuita, gere um plugin com composi\u00e7\u00e3o e fun\u00e7\u00f5es personalizadas. <\/li> <li><b>Copie o c\u00f3digo individual para integrar o plugin<\/b><br>Depois de configurar o seu widget, ir\u00e1 adquirir o c\u00f3digo de instala\u00e7\u00e3o a partir da notifica\u00e7\u00e3o que aparece nas aplica\u00e7\u00f5es Elfsight. Copie-o para uso futuro. <\/li> <li><b>Adicione o plugin em seu site do Squarespace<\/b><br>Escolha o local onde voc\u00ea planeja colocar o plugin e insira o c\u00f3digo copiado l\u00e1. Aplique os resultados. <\/li> <li><b>Voc\u00ea executou a instala\u00e7\u00e3o completamente<\/b><br>Visite sua p\u00e1gina da web para verificar seu plugin. <\/li><\/ol> <p>Sinta-se \u00e0 vontade para entrar em contato com o atendimento ao cliente se precisar de assist\u00eancia ou tiver problemas. Daremos uma ajuda em todas as d\u00favidas. <\/p><div class=\"faq\" data-component=\"FAQ\"><div class=\"faq-item\">\r\n\t\t\t\t\t<div class=\"faq-item-question\">\r\n\t\t\t\t\t\t<h3 class=\"faq-item-question-text\">De que maneira \u00e9 poss\u00edvel adicionar Weather \u00e0 minha p\u00e1gina do Squarespace sem codifica\u00e7\u00e3o?<\/h3>\r\n\r\n\t\t\t\t\t\t<div class=\"faq-item-question-icon\"><\/div>\r\n\t\t\t\t\t<\/div>\r\n\r\n\t\t\t\t\t<div class=\"faq-item-answer\">\r\n\t\t\t\t\t\t<div class=\"faq-item-answer-text\"> <p>A empresa Elfsight fornece uma solu\u00e7\u00e3o Cloud que permite que voc\u00ea mesmo gere um plugin Weather , descubra o guia simples: trabalhe diretamente no Editor on-line para formar um widget de clima que voc\u00ea gostaria de incorporar no site do Squarespace. Escolha um dos modelos predefinidos e modifique as configura\u00e7\u00f5es de clima, transforme o layout e o esquema de cores e atualize seu conte\u00fado, sem nenhuma habilidade de codifica\u00e7\u00e3o. Salve o Weather e obtenha o c\u00f3digo de instala\u00e7\u00e3o do plugin, que pode ser facilmente inclu\u00eddo no seu site Squarespace usando um plano gratuito. Trabalhando em nosso configurador simples, cada usu\u00e1rio da Internet pode criar o Weather online e adicion\u00e1-lo a qualquer site do Squarespace. Voc\u00ea n\u00e3o deve pagar ou inserir os dados do seu cart\u00e3o para acessar o servi\u00e7o Elfsight. Se voc\u00ea encontrar algum problema em qualquer etapa, n\u00e3o hesite em falar com nosso suporte t\u00e9cnico ao cliente.<\/p> <\/div>\r\n\t\t\t\t\t<\/div>\r\n\t\t\t\t<\/div> <\/div><\/div>","protected":false},"excerpt":{"rendered":"","protected":false},"author":9,"featured_media":0,"parent":1182,"menu_order":0,"comment_status":"closed","ping_status":"closed","template":"templates\/template-application-platform.php","meta":{"publish_to_discourse":"","publish_post_category":"","wpdc_auto_publish_overridden":"","wpdc_topic_tags":"","wpdc_pin_topic":"","wpdc_pin_until":"","discourse_post_id":"","discourse_permalink":"","wpdc_publishing_response":"","wpdc_publishing_error":"","footnotes":""},"class_list":["post-8744","page","type-page","status-publish","hentry"],"yoast_head":"<!-- This site is optimized with the Yoast SEO plugin v25.3.1 - https:\/\/yoast.com\/wordpress\/plugins\/seo\/ -->\n<title>Adicione o plugin Weather ao site do Squarespace (gratuito e r\u00e1pido)<\/title>\n<meta name=\"description\" content=\"\u00c9 absolutamente simples criar seu plugin Weather e public\u00e1-lo em seu site Squarespace. O atendimento ao cliente da Elfsight \u00e9 gratuito.\" \/>\n<meta name=\"robots\" content=\"index, follow, max-snippet:-1, max-image-preview:large, max-video-preview:-1\" \/>\n<link rel=\"canonical\" href=\"https:\/\/elfsight.com\/pt\/weather-widget\/squarespace\/\" \/>\n<meta property=\"og:locale\" content=\"pt_PT\" \/>\n<meta property=\"og:type\" content=\"article\" \/>\n<meta property=\"og:title\" content=\"Adicione o plugin Weather ao site do Squarespace (gratuito e r\u00e1pido)\" \/>\n<meta property=\"og:description\" content=\"\u00c9 absolutamente simples criar seu plugin Weather e public\u00e1-lo em seu site Squarespace. O atendimento ao cliente da Elfsight \u00e9 gratuito.\" \/>\n<meta property=\"og:url\" content=\"https:\/\/elfsight.com\/pt\/weather-widget\/squarespace\/\" \/>\n<meta property=\"og:site_name\" content=\"Elfsight PT\" \/>\n<meta property=\"article:modified_time\" content=\"2024-11-13T11:46:41+00:00\" \/>\n<meta name=\"twitter:card\" content=\"summary_large_image\" \/>\n<meta name=\"twitter:label1\" content=\"Tempo estimado de leitura\" \/>\n\t<meta name=\"twitter:data1\" content=\"3 minutos\" \/>\n<!-- \/ Yoast SEO plugin. -->","yoast_head_json":{"title":"Adicione o plugin Weather ao site do Squarespace (gratuito e r\u00e1pido)","description":"\u00c9 absolutamente simples criar seu plugin Weather e public\u00e1-lo em seu site Squarespace. O atendimento ao cliente da Elfsight \u00e9 gratuito.","robots":{"index":"index","follow":"follow","max-snippet":"max-snippet:-1","max-image-preview":"max-image-preview:large","max-video-preview":"max-video-preview:-1"},"canonical":"https:\/\/elfsight.com\/pt\/weather-widget\/squarespace\/","og_locale":"pt_PT","og_type":"article","og_title":"Adicione o plugin Weather ao site do Squarespace (gratuito e r\u00e1pido)","og_description":"\u00c9 absolutamente simples criar seu plugin Weather e public\u00e1-lo em seu site Squarespace. O atendimento ao cliente da Elfsight \u00e9 gratuito.","og_url":"https:\/\/elfsight.com\/pt\/weather-widget\/squarespace\/","og_site_name":"Elfsight PT","article_modified_time":"2024-11-13T11:46:41+00:00","twitter_card":"summary_large_image","twitter_misc":{"Tempo estimado de leitura":"3 minutos"},"schema":{"@context":"https:\/\/schema.org","@graph":[{"@type":"WebPage","@id":"https:\/\/elfsight.com\/pt\/weather-widget\/squarespace\/","url":"https:\/\/elfsight.com\/pt\/weather-widget\/squarespace\/","name":"Adicione o plugin Weather ao site do Squarespace (gratuito e r\u00e1pido)","isPartOf":{"@id":"https:\/\/elfsight.com\/pt\/#website"},"datePublished":"1970-01-01T00:00:00+00:00","dateModified":"2024-11-13T11:46:41+00:00","description":"\u00c9 absolutamente simples criar seu plugin Weather e public\u00e1-lo em seu site Squarespace. O atendimento ao cliente da Elfsight \u00e9 gratuito.","breadcrumb":{"@id":"https:\/\/elfsight.com\/pt\/weather-widget\/squarespace\/#breadcrumb"},"inLanguage":"pt-PT","potentialAction":[{"@type":"ReadAction","target":["https:\/\/elfsight.com\/pt\/weather-widget\/squarespace\/"]}]},{"@type":"BreadcrumbList","@id":"https:\/\/elfsight.com\/pt\/weather-widget\/squarespace\/#breadcrumb","itemListElement":[{"@type":"ListItem","position":1,"name":"Home","item":"https:\/\/elfsight.com\/pt\/"},{"@type":"ListItem","position":2,"name":"Weather","item":"https:\/\/elfsight.com\/pt\/weather-widget\/"},{"@type":"ListItem","position":3,"name":"Weather &#8211; Squarespace"}]},{"@type":"WebSite","@id":"https:\/\/elfsight.com\/pt\/#website","url":"https:\/\/elfsight.com\/pt\/","name":"Elfsight PT","description":"Just another Elfsight Sites site","potentialAction":[{"@type":"SearchAction","target":{"@type":"EntryPoint","urlTemplate":"https:\/\/elfsight.com\/pt\/?s={search_term_string}"},"query-input":{"@type":"PropertyValueSpecification","valueRequired":true,"valueName":"search_term_string"}}],"inLanguage":"pt-PT"}]}},"meta_box":{"industry":"","seo_heading":"","heading":"","description":"","cta_heading":"","cta_description":"","application":"1181","h1":"Plug-in de clima do Squarespace","h1_caption":"Mostre a previs\u00e3o do tempo para qualquer local do seu site","application_category":[],"applications_title":"","applications_request_title":"","applications_request_button_text":"","hero_text":"","hero_video":"","hero_video_schema_markup":"","selling_points_title":"","selling_points_caption":"","selling_points":[],"selling_points_cta_text":"","features_title":"","features":"","ed_cta_examples_text":"","ed_cta_examples_hidden":"","ed_cta_demo_text":"","ed_cta_demo_hidden":"","why_caption":"","why_editor_title":"","why_editor_text":"","why_team_title":"","why_team_text":"","why_service_title":"","why_service_text":"","template_catalog_visible":"","template_catalog_title":"","template_catalog_text":"","template_catalog_categories_visible":"","demo_title":"Crie seu plugin de clima","demo_caption":"Configure seu clima e adicione-o ao seu site do Squarespace gratuitamente!","default_faq_hidden":"","app_template_category":[],"platform":"67","template_public_id":"","codecanyon_url":"","codecanyon_item_id":"","codecanyon_price":"","pricing_caption":"","pricing_elfsight_apps_hide_column":"","pricing_elfsight_apps_url":"","pricing_codecanyon_price_caption":"","integration_category":[],"integration_request_title":"","integration_request_cta":"","integration_platform":"","integrations":[],"platform_category":[],"video_schema_markup":"","price":"a partir de US$ 0\/m\u00eas","trial":"","benefits":[{"text":"Servi\u00e7o de instala\u00e7\u00e3o gratuito"},{"text":"Suporte excepcional"},{"text":"Garantia de devolu\u00e7\u00e3o do dinheiro em 14 dias"},{"text":"Melhorias gratuitas cont\u00ednuas"}],"button_url":"#demo","button_target_blank":"","button_nofollow":"","attributes":[{"name":"Instala\u00e7\u00f5es","content":"10,000 - 100,000"},{"name":"Responsivo","content":"Melhor para celular"},{"name":"Navegadores compat\u00edveis","content":"Firefox, Safari, Opera, Chrome, Edge"}],"tags":[],"tags_disable_links":"","hide_more_platforms":"","video_object":"","demo_hide_cta":"","demo_hide_cloud_options":"","pricing_title":"","pricing":[{"pricing_icon":"platform","pricing_title":"Elfsight Apps","pricing_title_caption":"Vers\u00e3o independente de plataforma adequada para qualquer site","pricing_price":"a partir de US$ 0\/m\u00eas","pricing_price_caption":"comece com plano gratuito","pricing_benefits":[{"text":"Sites ilimitados"},{"text":"Suporte dedicado, pontual e bem documentado"},{"text":"Suporte dedicado, pontual e bem documentado"},{"text":"100% personaliz\u00e1vel"}],"pricing_button_text":"Adicionar ao site","pricing_button_url":"#demo"}],"related_apps_title":"","related_apps_hidden":"","author":"","image":[],"title":"","job":"","social_networks":[]},"_links":{"self":[{"href":"https:\/\/elfsight.com\/pt\/wp-json\/wp\/v2\/pages\/8744","targetHints":{"allow":["GET"]}}],"collection":[{"href":"https:\/\/elfsight.com\/pt\/wp-json\/wp\/v2\/pages"}],"about":[{"href":"https:\/\/elfsight.com\/pt\/wp-json\/wp\/v2\/types\/page"}],"author":[{"embeddable":true,"href":"https:\/\/elfsight.com\/pt\/wp-json\/wp\/v2\/users\/9"}],"replies":[{"embeddable":true,"href":"https:\/\/elfsight.com\/pt\/wp-json\/wp\/v2\/comments?post=8744"}],"version-history":[{"count":2,"href":"https:\/\/elfsight.com\/pt\/wp-json\/wp\/v2\/pages\/8744\/revisions"}],"predecessor-version":[{"id":12390,"href":"https:\/\/elfsight.com\/pt\/wp-json\/wp\/v2\/pages\/8744\/revisions\/12390"}],"up":[{"embeddable":true,"href":"https:\/\/elfsight.com\/pt\/wp-json\/wp\/v2\/pages\/1182"}],"wp:attachment":[{"href":"https:\/\/elfsight.com\/pt\/wp-json\/wp\/v2\/media?parent=8744"}],"curies":[{"name":"wp","href":"https:\/\/api.w.org\/{rel}","templated":true}]}}