{"id":8736,"date":"1970-01-01T00:00:00","date_gmt":"1970-01-01T00:00:00","guid":{"rendered":"https:\/\/elfsight.com\/pt\/?page_id=8736"},"modified":"2025-03-07T14:22:56","modified_gmt":"2025-03-07T14:22:56","slug":"wix","status":"publish","type":"page","link":"https:\/\/elfsight.com\/pt\/weather-widget\/wix\/","title":{"rendered":"Weather &#8211; Wix"},"content":{"rendered":"\n<div class=\"application-platform-content-item-description application-platform-content-item\" id=\"description\" data-nav-section=\"description\"><h2>Descri\u00e7\u00e3o<\/h2><p>O widget Elfsight Weather \u00e9 um widget de site descomplicado e personaliz\u00e1vel que exibe a previs\u00e3o do tempo atualizada para qualquer localiza\u00e7\u00e3o necess\u00e1ria. Adicione um local usando o nome, CEP ou coordenadas. Os visitantes do site poder\u00e3o ver informa\u00e7\u00f5es atualizadas sobre temperatura, press\u00e3o atmosf\u00e9rica, porcentagem de umidade e clima ativo. Voc\u00ea tamb\u00e9m pode mostrar a previs\u00e3o para a semana ou para as pr\u00f3ximas doze horas. O widget tamb\u00e9m oferece fundo tem\u00e1tico e a possibilidade de escolher qualquer cor. <\/p><p><b>Aumente as vendas de produtos dependentes do clima, fornecendo previs\u00f5es meteorol\u00f3gicas relevantes em seu site! <\/b><\/p><\/div><div class=\"application-platform-content-item-features application-platform-content-item\" id=\"features\" data-nav-section=\"features\"><p>Aqui voc\u00ea pode ver todas as caracter\u00edsticas funcionais do widget de clima. Voc\u00ea pode gerenci\u00e1-los diretamente no editor e eles o ajudar\u00e3o a construir o widget certo para suas necessidades. <\/p><ul><li>3 m\u00e9todos para adicionar a localiza\u00e7\u00e3o: o nome, o CEP ou as coordenadas; <\/li><li>Mais de 30 idiomas inclu\u00eddos para exibir informa\u00e7\u00f5es meteorol\u00f3gicas no idioma que seu p\u00fablico fala; <\/li><li>5 tipos de configura\u00e7\u00e3o de widget para v\u00e1rios casos de uso; <\/li><li>A capacidade de mostrar a previs\u00e3o di\u00e1ria para a semana seguinte com datas; <\/li><li>Demonstre o clima de hora em hora para as pr\u00f3ximas 12 horas. <\/li><\/ul><p><a href=\"#demo\">Veja como todos os recursos funcionam em nossa demonstra\u00e7\u00e3o<\/a><\/p><\/div><div class=\"application-platform-content-item-installation application-platform-content-item\" id=\"installation\" data-nav-section=\"installation\"> <h2>Como adicionar o aplicativo Weather ao site Wix? <\/h2><div class=\"video-container\"><iframe width=\"720\" height=\"405\" src=\"https:\/\/www.youtube.com\/embed\/WKJgqnycTPs\" frameborder=\"0\" allowfullscreen=\"\"><\/iframe><\/div><p>Para apresentar o widget, siga as diretrizes abaixo<\/p><ol><li><b>Crie seu widget de clima personalizado<\/b><br>Gerenciando nosso widget gratuito demonstra\u00e7\u00e3o, obtenha um plugin com apar\u00eancia e configura\u00e7\u00f5es personalizadas. <\/li> <li><b>Receba o c\u00f3digo individual para publicar o plugin<\/b><br>Depois de criar o seu widget, voc\u00ea receber\u00e1 um c\u00f3digo exclusivo da notifica\u00e7\u00e3o que aparece nos aplicativos da Elfsight. Copie o c\u00f3digo para uso posterior. <\/li> <li><b>Publique o plugin em seu site Wix<\/b><br>Selecione o local onde voc\u00ea planeja integrar o plugin e insira o c\u00f3digo copiado l\u00e1. Salve os resultados. <\/li> <li><b>A configura\u00e7\u00e3o foi conclu\u00edda<\/b><br>Visite sua loja para visualizar seu novo widget. <\/li><\/ol> <p>Sinta-se \u00e0 vontade para entrar em contato com o atendimento ao cliente da Elfsight quando precisar de ajuda ou tiver d\u00favidas. Teremos o maior prazer em ajudar com todas as solicita\u00e7\u00f5es. <\/p><div class=\"faq\" data-component=\"FAQ\"><div class=\"faq-item\">\r\n\t\t\t\t\t<div class=\"faq-item-question\">\r\n\t\t\t\t\t\t<h3 class=\"faq-item-question-text\">Como adicionar o widget de clima ao Wix?<\/h3>\r\n\r\n\t\t\t\t\t\t<div class=\"faq-item-question-icon\"><\/div>\r\n\t\t\t\t\t<\/div>\r\n\r\n\t\t\t\t\t<div class=\"faq-item-answer\">\r\n\t\t\t\t\t\t<div class=\"faq-item-answer-text\"><p>Primeiro de tudo, defina sua localiza\u00e7\u00e3o e ative ou desative a op\u00e7\u00e3o para mostrar a temperatura no configurador online gratuito. Copie ainda um c\u00f3digo de instala\u00e7\u00e3o na janela pop-up e cole-o no bloco necess\u00e1rio em seu site Wix. \u00c9 isso! Voc\u00ea \u00e9 perfeito! Sua janela meteorol\u00f3gica animada aparecer\u00e1 em um site.<\/p><p><a href=\"https:\/\/elfsight.com\/tutorials\/how-to-add-weather-widget\/#how-to-add-weather-to-wix\">Aqui est\u00e1 uma instru\u00e7\u00e3o<\/a> sobre como instalar o widget em outras plataformas e, especificamente, Wix, aproveite.<\/p><\/div>\r\n\t\t\t\t\t<\/div>\r\n\t\t\t\t<\/div><div class=\"faq-item\">\r\n\t\t\t\t\t<div class=\"faq-item-question\">\r\n\t\t\t\t\t\t<h3 class=\"faq-item-question-text\">Existe uma chance de ver como o widget ficar\u00e1 em um site?<\/h3>\r\n\r\n\t\t\t\t\t\t<div class=\"faq-item-question-icon\"><\/div>\r\n\t\t\t\t\t<\/div>\r\n\r\n\t\t\t\t\t<div class=\"faq-item-answer\">\r\n\t\t\t\t\t\t<div class=\"faq-item-answer-text\"><p>Certamente! Ao criar o plugin de clima Wix no <a href=\"https:\/\/elfsight.com\/weather-widget\/#demo\">construtor de widget online<\/a>, voc\u00ea considerar\u00e1 todas as revis\u00f5es na parte direita do editor. Seu widget de clima ser\u00e1 exatamente igual ao que voc\u00ea ter\u00e1 em seu site Wix. <\/p><\/div>\r\n\t\t\t\t\t<\/div>\r\n\t\t\t\t<\/div><div class=\"faq-item\">\r\n\t\t\t\t\t<div class=\"faq-item-question\">\r\n\t\t\t\t\t\t<h3 class=\"faq-item-question-text\">Quais outros widgets s\u00e3o obrigat\u00f3rios para um site Wix?<\/h3>\r\n\r\n\t\t\t\t\t\t<div class=\"faq-item-question-icon\"><\/div>\r\n\t\t\t\t\t<\/div>\r\n\r\n\t\t\t\t\t<div class=\"faq-item-answer\">\r\n\t\t\t\t\t\t<div class=\"faq-item-answer-text\"><p>O Wix oferece in\u00fameras ferramentas de com\u00e9rcio eletr\u00f4nico para qualquer tipo de site. No entanto, se quiser tornar a funcionalidade do seu site ainda mais ampla, pode faz\u00ea-lo atrav\u00e9s dos widgets da Elfsight.<\/p><p>Por exemplo, pode adicionar um <a href=\"https:\/\/elfsight.com\/pdf-embed-widget\/wix\/\">PDF Embed<\/a>, um <a href=\"https:\/\/elfsight.com\/instagram-feed-instashow\/wix\/\">Feed do Instagram<\/a>, ou <a href=\"https:\/\/elfsight.com\/google-reviews-widget\/wix\/\">Google Avalia\u00e7\u00f5es<\/a>. Al\u00e9m disso, existe a oportunidade de escolher um <a href=\"https:\/\/elfsight.com\/whatsapp-chat-widget\/wix\/\">WhatsApp Chat<\/a> ou um <a href=\"https:\/\/elfsight.com\/popup-widget\/wix\/\">Popup<\/a> para envolver ainda mais os visitantes. Em qualquer caso, poder\u00e1 encontrar qualquer solu\u00e7\u00e3o para o seu site no cat\u00e1logo da Elfsight.<\/p><\/div>\r\n\t\t\t\t\t<\/div>\r\n\t\t\t\t<\/div><\/div><\/div>\n","protected":false},"excerpt":{"rendered":"","protected":false},"author":9,"featured_media":0,"parent":1182,"menu_order":0,"comment_status":"closed","ping_status":"closed","template":"templates\/template-application-platform.php","meta":{"publish_to_discourse":"","publish_post_category":"","wpdc_auto_publish_overridden":"","wpdc_topic_tags":"","wpdc_pin_topic":"","wpdc_pin_until":"","discourse_post_id":"","discourse_permalink":"","wpdc_publishing_response":"","wpdc_publishing_error":"","footnotes":""},"class_list":["post-8736","page","type-page","status-publish","hentry"],"yoast_head":"<!-- This site is optimized with the Yoast SEO plugin v25.3.1 - https:\/\/yoast.com\/wordpress\/plugins\/seo\/ -->\n<title>Widget de clima \u2014 Adicione o aplicativo Weather ao site Wix (gr\u00e1tis e r\u00e1pido)<\/title>\n<meta name=\"description\" content=\"\u00c9 f\u00e1cil criar seu plugin Weather responsivo e exibi-lo em seu site Wix. O suporte ao cliente da Elfsight \u00e9 gratuito e r\u00e1pido.\" \/>\n<meta name=\"robots\" content=\"index, follow, max-snippet:-1, max-image-preview:large, max-video-preview:-1\" \/>\n<link rel=\"canonical\" href=\"https:\/\/elfsight.com\/pt\/weather-widget\/wix\/\" \/>\n<meta property=\"og:locale\" content=\"pt_PT\" \/>\n<meta property=\"og:type\" content=\"article\" \/>\n<meta property=\"og:title\" content=\"Widget de clima \u2014 Adicione o aplicativo Weather ao site Wix (gr\u00e1tis e r\u00e1pido)\" \/>\n<meta property=\"og:description\" content=\"\u00c9 f\u00e1cil criar seu plugin Weather responsivo e exibi-lo em seu site Wix. O suporte ao cliente da Elfsight \u00e9 gratuito e r\u00e1pido.\" \/>\n<meta property=\"og:url\" content=\"https:\/\/elfsight.com\/pt\/weather-widget\/wix\/\" \/>\n<meta property=\"og:site_name\" content=\"Elfsight PT\" \/>\n<meta property=\"article:modified_time\" content=\"2025-03-07T14:22:56+00:00\" \/>\n<meta name=\"twitter:card\" content=\"summary_large_image\" \/>\n<meta name=\"twitter:label1\" content=\"Tempo estimado de leitura\" \/>\n\t<meta name=\"twitter:data1\" content=\"4 minutos\" \/>\n<!-- \/ Yoast SEO plugin. -->","yoast_head_json":{"title":"Widget de clima \u2014 Adicione o aplicativo Weather ao site Wix (gr\u00e1tis e r\u00e1pido)","description":"\u00c9 f\u00e1cil criar seu plugin Weather responsivo e exibi-lo em seu site Wix. O suporte ao cliente da Elfsight \u00e9 gratuito e r\u00e1pido.","robots":{"index":"index","follow":"follow","max-snippet":"max-snippet:-1","max-image-preview":"max-image-preview:large","max-video-preview":"max-video-preview:-1"},"canonical":"https:\/\/elfsight.com\/pt\/weather-widget\/wix\/","og_locale":"pt_PT","og_type":"article","og_title":"Widget de clima \u2014 Adicione o aplicativo Weather ao site Wix (gr\u00e1tis e r\u00e1pido)","og_description":"\u00c9 f\u00e1cil criar seu plugin Weather responsivo e exibi-lo em seu site Wix. O suporte ao cliente da Elfsight \u00e9 gratuito e r\u00e1pido.","og_url":"https:\/\/elfsight.com\/pt\/weather-widget\/wix\/","og_site_name":"Elfsight PT","article_modified_time":"2025-03-07T14:22:56+00:00","twitter_card":"summary_large_image","twitter_misc":{"Tempo estimado de leitura":"4 minutos"},"schema":{"@context":"https:\/\/schema.org","@graph":[{"@type":"WebPage","@id":"https:\/\/elfsight.com\/pt\/weather-widget\/wix\/","url":"https:\/\/elfsight.com\/pt\/weather-widget\/wix\/","name":"Widget de clima \u2014 Adicione o aplicativo Weather ao site Wix (gr\u00e1tis e r\u00e1pido)","isPartOf":{"@id":"https:\/\/elfsight.com\/pt\/#website"},"datePublished":"1970-01-01T00:00:00+00:00","dateModified":"2025-03-07T14:22:56+00:00","description":"\u00c9 f\u00e1cil criar seu plugin Weather responsivo e exibi-lo em seu site Wix. O suporte ao cliente da Elfsight \u00e9 gratuito e r\u00e1pido.","breadcrumb":{"@id":"https:\/\/elfsight.com\/pt\/weather-widget\/wix\/#breadcrumb"},"inLanguage":"pt-PT","potentialAction":[{"@type":"ReadAction","target":["https:\/\/elfsight.com\/pt\/weather-widget\/wix\/"]}]},{"@type":"BreadcrumbList","@id":"https:\/\/elfsight.com\/pt\/weather-widget\/wix\/#breadcrumb","itemListElement":[{"@type":"ListItem","position":1,"name":"Home","item":"https:\/\/elfsight.com\/pt\/"},{"@type":"ListItem","position":2,"name":"Weather","item":"https:\/\/elfsight.com\/pt\/weather-widget\/"},{"@type":"ListItem","position":3,"name":"Weather &#8211; Wix"}]},{"@type":"WebSite","@id":"https:\/\/elfsight.com\/pt\/#website","url":"https:\/\/elfsight.com\/pt\/","name":"Elfsight PT","description":"Just another Elfsight Sites site","potentialAction":[{"@type":"SearchAction","target":{"@type":"EntryPoint","urlTemplate":"https:\/\/elfsight.com\/pt\/?s={search_term_string}"},"query-input":{"@type":"PropertyValueSpecification","valueRequired":true,"valueName":"search_term_string"}}],"inLanguage":"pt-PT"}]}},"meta_box":{"industry":"","seo_heading":"","heading":"","description":"","cta_heading":"","cta_description":"","application":"1181","h1":"Aplicativo Wix Clima","h1_caption":"Forne\u00e7a a previs\u00e3o do tempo para qualquer local do seu site","application_category":[],"applications_title":"","applications_request_title":"","applications_request_button_text":"","hero_text":"","hero_video":"","hero_video_schema_markup":"","selling_points_title":"","selling_points_caption":"","selling_points":[],"selling_points_cta_text":"","features_title":"","features":"","ed_cta_examples_text":"","ed_cta_examples_hidden":"","ed_cta_demo_text":"","ed_cta_demo_hidden":"","why_caption":"","why_editor_title":"","why_editor_text":"","why_team_title":"","why_team_text":"","why_service_title":"","why_service_text":"","template_catalog_visible":"0","template_catalog_title":"","template_catalog_text":"","template_catalog_categories_visible":"","demo_title":"Crie seu aplicativo de clima","demo_caption":"Configure seu Clima e adicione-o ao seu site Wix gratuitamente!","default_faq_hidden":"","app_template_category":[],"platform":"37","template_public_id":"","codecanyon_url":"","codecanyon_item_id":"","codecanyon_price":"","pricing_caption":"","pricing_elfsight_apps_hide_column":"","pricing_elfsight_apps_url":"","pricing_codecanyon_price_caption":"","integration_category":[],"integration_request_title":"","integration_request_cta":"","integration_platform":"","integrations":[],"platform_category":[],"video_schema_markup":"","price":"a partir de US$ 0\/m\u00eas","trial":"","benefits":[{"text":"Ajuda de instala\u00e7\u00e3o gratuita"},{"text":"Suporte excepcional"},{"text":"Garantia de devolu\u00e7\u00e3o do dinheiro em 14 dias"},{"text":"Desenvolvimento cont\u00ednuo"}],"button_url":"#demo","button_target_blank":"0","button_nofollow":"0","attributes":[{"name":"Instala\u00e7\u00f5es","content":"10,000 - 100,000"},{"name":"Responsivo","content":"Sim"},{"name":"Navegadores compat\u00edveis","content":"Firefox, Safari, Opera, Chrome, Edge"}],"tags":[],"tags_disable_links":"0","hide_more_platforms":"0","video_object":"","demo_hide_cta":"0","demo_hide_cloud_options":"0","pricing_title":"","pricing":[{"pricing_icon":"platform","pricing_title":"Elfsight Apps","pricing_title_caption":"Software independente de plataforma que se adapta a qualquer site","pricing_price":"a partir de US$ 0\/m\u00eas","pricing_price_caption":"comece com plano gratuito","pricing_benefits":[{"text":"Sites ilimitados"},{"text":"Suporte dedicado ao cliente"},{"text":"Suporte dedicado ao cliente"},{"text":"Oferta especial para v\u00e1rios aplicativos"}],"pricing_button_text":"Adicionar ao site","pricing_button_url":"#demo"}],"related_apps_title":"","related_apps_hidden":"0","author":"","image":[],"title":"","job":"","social_networks":[]},"_links":{"self":[{"href":"https:\/\/elfsight.com\/pt\/wp-json\/wp\/v2\/pages\/8736","targetHints":{"allow":["GET"]}}],"collection":[{"href":"https:\/\/elfsight.com\/pt\/wp-json\/wp\/v2\/pages"}],"about":[{"href":"https:\/\/elfsight.com\/pt\/wp-json\/wp\/v2\/types\/page"}],"author":[{"embeddable":true,"href":"https:\/\/elfsight.com\/pt\/wp-json\/wp\/v2\/users\/9"}],"replies":[{"embeddable":true,"href":"https:\/\/elfsight.com\/pt\/wp-json\/wp\/v2\/comments?post=8736"}],"version-history":[{"count":3,"href":"https:\/\/elfsight.com\/pt\/wp-json\/wp\/v2\/pages\/8736\/revisions"}],"predecessor-version":[{"id":14639,"href":"https:\/\/elfsight.com\/pt\/wp-json\/wp\/v2\/pages\/8736\/revisions\/14639"}],"up":[{"embeddable":true,"href":"https:\/\/elfsight.com\/pt\/wp-json\/wp\/v2\/pages\/1182"}],"wp:attachment":[{"href":"https:\/\/elfsight.com\/pt\/wp-json\/wp\/v2\/media?parent=8736"}],"curies":[{"name":"wp","href":"https:\/\/api.w.org\/{rel}","templated":true}]}}