{"id":8730,"date":"1970-01-01T00:00:00","date_gmt":"1970-01-01T00:00:00","guid":{"rendered":"https:\/\/elfsight.com\/pt\/?page_id=8730"},"modified":"2024-11-13T11:46:31","modified_gmt":"2024-11-13T11:46:31","slug":"facebook","status":"publish","type":"page","link":"https:\/\/elfsight.com\/pt\/weather-widget\/facebook\/","title":{"rendered":"Weather &#8211; Facebook Page"},"content":{"rendered":"<div class=\"application-platform-content-item-description application-platform-content-item\" id=\"description\" data-nav-section=\"description\"><h2>Descri\u00e7\u00e3o<\/h2><p>Elfsight Weather \u00e9 um widget de site simples e facilmente adapt\u00e1vel para mostrar a situa\u00e7\u00e3o clim\u00e1tica relevante para qualquer \u00e1rea necess\u00e1ria. Insira um local pelo t\u00edtulo, CEP ou coordenadas. Os visitantes do site verificar\u00e3o as informa\u00e7\u00f5es mais recentes sobre temperatura, press\u00e3o atmosf\u00e9rica, umidade e elementos clim\u00e1ticos. Nosso widget apresenta uma op\u00e7\u00e3o para exibir previs\u00f5es hor\u00e1rias ou di\u00e1rias. Voc\u00ea pode ajustar a interface usando imagens de fundo tem\u00e1ticas e a op\u00e7\u00e3o de aplicar cores personalizadas. <\/p><p><b>Aumente as vendas de produtos sazonais com previs\u00f5es meteorol\u00f3gicas relevantes em seu site! <\/b><\/p><\/div><div class=\"application-platform-content-item-features application-platform-content-item\" id=\"features\" data-nav-section=\"features\"><p>Verifique uma lista de todas as caracter\u00edsticas funcionais do widget Weather do Facebook. Voc\u00ea pode ajust\u00e1-los diretamente no editor e eles o ajudar\u00e3o a construir o widget especialmente para suas necessidades. <\/p><ul><li>3 formas de adicionar o local: o nome, o CEP e as coordenadas; <\/li><li>Mais de 30 idiomas suportados para demonstrar dados meteorol\u00f3gicos no idioma do seu p\u00fablico; <\/li><li>5 variantes da configura\u00e7\u00e3o do widget para v\u00e1rios casos de uso; <\/li><li>A op\u00e7\u00e3o de mostrar a previs\u00e3o di\u00e1ria de uma semana com datas; <\/li><li>Adicione previs\u00e3o hor\u00e1ria para as 12 horas mais pr\u00f3ximas. <\/li><\/ul><p><a href=\"#demo\">Teste todas as outras fun\u00e7\u00f5es na demonstra\u00e7\u00e3o<\/a><\/p><\/div><div class=\"application-platform-content-item-installation application-platform-content-item\" id=\"installation\" data-nav-section=\"installation\"><h2> Como posso adicionar o clima \u00e0 p\u00e1gina do Facebook? <\/h2><p>Para apresentar o widget de clima, basta seguir as diretrizes abaixo<\/p><ol><li><b>Gere seu widget de clima personalizado<\/b><br>Por meio de nossa demonstra\u00e7\u00e3o gratuita, modele um plugin com interface e configura\u00e7\u00f5es preferenciais. <\/li> <li><b>Obtenha o c\u00f3digo individual para instalar o widget<\/b><br>Depois de gerar o widget, voc\u00ea obter\u00e1 o c\u00f3digo de instala\u00e7\u00e3o na janela pop-up dos aplicativos Elfsight. Copie o c\u00f3digo. <\/li><li><b>Adicione a guia Clima \u00e0 p\u00e1gina do Facebook<\/b><br> Crie sua guia personalizada do Facebook. Insira o c\u00f3digo que voc\u00ea recebeu nos aplicativos da elfsight na guia. Se voc\u00ea tiver algum problema, basta verificar nosso guia em <a href=\"https:\/\/elfsight.com\/blog\/how-to-add-custom-tab-to-facebook-page\/\" target=\"_blank\" rel=\"noopener noreferrer\">criando uma guia personalizada do Facebook<\/a><\/li> <li><b>A configura\u00e7\u00e3o foi conclu\u00edda<\/b><br>Visite sua p\u00e1gina para verificar seu widget. <\/li><\/ol> <p>Sinta-se \u00e0 vontade para entrar em contato com o servi\u00e7o de suporte caso precise de assist\u00eancia ou tenha problemas. Daremos uma ajuda em todas as d\u00favidas. <\/p><div class=\"faq\" data-component=\"FAQ\"><div class=\"faq-item\">\r\n\t\t\t\t\t<div class=\"faq-item-question\">\r\n\t\t\t\t\t\t<h3 class=\"faq-item-question-text\">Como posso adicionar Meteorologia \u00e0 minha p\u00e1gina do Facebook sem conhecimentos de codifica\u00e7\u00e3o?<\/h3>\r\n\r\n\t\t\t\t\t\t<div class=\"faq-item-question-icon\"><\/div>\r\n\t\t\t\t\t<\/div>\r\n\r\n\t\t\t\t\t<div class=\"faq-item-answer\">\r\n\t\t\t\t\t\t<div class=\"faq-item-answer-text\"> <p>A Elfsight fornece uma solu\u00e7\u00e3o SaaS que lhe permite estabelecer voc\u00ea mesmo um widget de Meteorologia, descubra como \u00c9 simples: comece a trabalhar diretamente na demonstra\u00e7\u00e3o ao vivo para criar uma se\u00e7\u00e3o de clima que voc\u00ea gostaria de incluir na p\u00e1gina inicial da p\u00e1gina do Facebook. Escolha um dos modelos pr\u00e9-concebidos e modifique as configura\u00e7\u00f5es de clima, altere o layout e o esquema de cores e adicione seu conte\u00fado, sem experi\u00eancia em codifica\u00e7\u00e3o. Salve as configura\u00e7\u00f5es feitas no Weather e obtenha um c\u00f3digo de widget para incorpora\u00e7\u00e3o, que pode ser incorporado gratuitamente na p\u00e1gina inicial da p\u00e1gina do Facebook. Trabalhando no configurador intuitivo, cada usu\u00e1rio da Internet pode estabelecer o clima online e adicion\u00e1-lo facilmente \u00e0 p\u00e1gina inicial da p\u00e1gina do Facebook. N\u00e3o \u00e9 necess\u00e1rio pagar ou divulgar as credenciais do seu cart\u00e3o para entrar no nosso Editor. Se voc\u00ea enfrentar qualquer tipo de problema, entre em contato com nosso suporte t\u00e9cnico ao cliente.<\/p> <\/div>\r\n\t\t\t\t\t<\/div>\r\n\t\t\t\t<\/div> <\/div><\/div>","protected":false},"excerpt":{"rendered":"","protected":false},"author":9,"featured_media":0,"parent":1182,"menu_order":0,"comment_status":"closed","ping_status":"closed","template":"templates\/template-application-platform.php","meta":{"publish_to_discourse":"","publish_post_category":"","wpdc_auto_publish_overridden":"","wpdc_topic_tags":"","wpdc_pin_topic":"","wpdc_pin_until":"","discourse_post_id":"","discourse_permalink":"","wpdc_publishing_response":"","wpdc_publishing_error":"","footnotes":""},"class_list":["post-8730","page","type-page","status-publish","hentry"],"yoast_head":"<!-- This site is optimized with the Yoast SEO plugin v25.3.1 - https:\/\/yoast.com\/wordpress\/plugins\/seo\/ -->\n<title>Adicionar widget de clima \u00e0 guia da p\u00e1gina do Facebook (gr\u00e1tis e r\u00e1pido)<\/title>\n<meta name=\"description\" content=\"\u00c9 f\u00e1cil criar seu widget de clima e adicion\u00e1-lo \u00e0 guia da p\u00e1gina do Facebook. O suporte ao cliente da Elfsight \u00e9 gratuito e r\u00e1pido.\" \/>\n<meta name=\"robots\" content=\"index, follow, max-snippet:-1, max-image-preview:large, max-video-preview:-1\" \/>\n<link rel=\"canonical\" href=\"https:\/\/elfsight.com\/pt\/weather-widget\/facebook\/\" \/>\n<meta property=\"og:locale\" content=\"pt_PT\" \/>\n<meta property=\"og:type\" content=\"article\" \/>\n<meta property=\"og:title\" content=\"Adicionar widget de clima \u00e0 guia da p\u00e1gina do Facebook (gr\u00e1tis e r\u00e1pido)\" \/>\n<meta property=\"og:description\" content=\"\u00c9 f\u00e1cil criar seu widget de clima e adicion\u00e1-lo \u00e0 guia da p\u00e1gina do Facebook. O suporte ao cliente da Elfsight \u00e9 gratuito e r\u00e1pido.\" \/>\n<meta property=\"og:url\" content=\"https:\/\/elfsight.com\/pt\/weather-widget\/facebook\/\" \/>\n<meta property=\"og:site_name\" content=\"Elfsight PT\" \/>\n<meta property=\"article:modified_time\" content=\"2024-11-13T11:46:31+00:00\" \/>\n<meta name=\"twitter:card\" content=\"summary_large_image\" \/>\n<meta name=\"twitter:label1\" content=\"Tempo estimado de leitura\" \/>\n\t<meta name=\"twitter:data1\" content=\"3 minutos\" \/>\n<!-- \/ Yoast SEO plugin. -->","yoast_head_json":{"title":"Adicionar widget de clima \u00e0 guia da p\u00e1gina do Facebook (gr\u00e1tis e r\u00e1pido)","description":"\u00c9 f\u00e1cil criar seu widget de clima e adicion\u00e1-lo \u00e0 guia da p\u00e1gina do Facebook. O suporte ao cliente da Elfsight \u00e9 gratuito e r\u00e1pido.","robots":{"index":"index","follow":"follow","max-snippet":"max-snippet:-1","max-image-preview":"max-image-preview:large","max-video-preview":"max-video-preview:-1"},"canonical":"https:\/\/elfsight.com\/pt\/weather-widget\/facebook\/","og_locale":"pt_PT","og_type":"article","og_title":"Adicionar widget de clima \u00e0 guia da p\u00e1gina do Facebook (gr\u00e1tis e r\u00e1pido)","og_description":"\u00c9 f\u00e1cil criar seu widget de clima e adicion\u00e1-lo \u00e0 guia da p\u00e1gina do Facebook. O suporte ao cliente da Elfsight \u00e9 gratuito e r\u00e1pido.","og_url":"https:\/\/elfsight.com\/pt\/weather-widget\/facebook\/","og_site_name":"Elfsight PT","article_modified_time":"2024-11-13T11:46:31+00:00","twitter_card":"summary_large_image","twitter_misc":{"Tempo estimado de leitura":"3 minutos"},"schema":{"@context":"https:\/\/schema.org","@graph":[{"@type":"WebPage","@id":"https:\/\/elfsight.com\/pt\/weather-widget\/facebook\/","url":"https:\/\/elfsight.com\/pt\/weather-widget\/facebook\/","name":"Adicionar widget de clima \u00e0 guia da p\u00e1gina do Facebook (gr\u00e1tis e r\u00e1pido)","isPartOf":{"@id":"https:\/\/elfsight.com\/pt\/#website"},"datePublished":"1970-01-01T00:00:00+00:00","dateModified":"2024-11-13T11:46:31+00:00","description":"\u00c9 f\u00e1cil criar seu widget de clima e adicion\u00e1-lo \u00e0 guia da p\u00e1gina do Facebook. O suporte ao cliente da Elfsight \u00e9 gratuito e r\u00e1pido.","breadcrumb":{"@id":"https:\/\/elfsight.com\/pt\/weather-widget\/facebook\/#breadcrumb"},"inLanguage":"pt-PT","potentialAction":[{"@type":"ReadAction","target":["https:\/\/elfsight.com\/pt\/weather-widget\/facebook\/"]}]},{"@type":"BreadcrumbList","@id":"https:\/\/elfsight.com\/pt\/weather-widget\/facebook\/#breadcrumb","itemListElement":[{"@type":"ListItem","position":1,"name":"Home","item":"https:\/\/elfsight.com\/pt\/"},{"@type":"ListItem","position":2,"name":"Weather","item":"https:\/\/elfsight.com\/pt\/weather-widget\/"},{"@type":"ListItem","position":3,"name":"Weather &#8211; Facebook Page"}]},{"@type":"WebSite","@id":"https:\/\/elfsight.com\/pt\/#website","url":"https:\/\/elfsight.com\/pt\/","name":"Elfsight PT","description":"Just another Elfsight Sites site","potentialAction":[{"@type":"SearchAction","target":{"@type":"EntryPoint","urlTemplate":"https:\/\/elfsight.com\/pt\/?s={search_term_string}"},"query-input":{"@type":"PropertyValueSpecification","valueRequired":true,"valueName":"search_term_string"}}],"inLanguage":"pt-PT"}]}},"meta_box":{"industry":"","seo_heading":"","heading":"","description":"","cta_heading":"","cta_description":"","application":"1181","h1":"Widget de clima para p\u00e1gina do Facebook","h1_caption":"Demonstre a previs\u00e3o do tempo para qualquer ponto do mapa na sua aba do Facebook","application_category":[],"applications_title":"","applications_request_title":"","applications_request_button_text":"","hero_text":"","hero_video":"","hero_video_schema_markup":"","selling_points_title":"","selling_points_caption":"","selling_points":[],"selling_points_cta_text":"","features_title":"","features":"","ed_cta_examples_text":"","ed_cta_examples_hidden":"","ed_cta_demo_text":"","ed_cta_demo_hidden":"","why_caption":"","why_editor_title":"","why_editor_text":"","why_team_title":"","why_team_text":"","why_service_title":"","why_service_text":"","template_catalog_visible":"","template_catalog_title":"","template_catalog_text":"","template_catalog_categories_visible":"","demo_title":"Crie seu widget de clima","demo_caption":"Configure seu clima e adicione-o ao site da sua p\u00e1gina do Facebook gratuitamente!","default_faq_hidden":"","app_template_category":[],"platform":"103","template_public_id":"","codecanyon_url":"","codecanyon_item_id":"","codecanyon_price":"","pricing_caption":"","pricing_elfsight_apps_hide_column":"","pricing_elfsight_apps_url":"","pricing_codecanyon_price_caption":"","integration_category":[],"integration_request_title":"","integration_request_cta":"","integration_platform":"","integrations":[],"platform_category":[],"video_schema_markup":"","price":"a partir de US$ 0\/m\u00eas","trial":"","benefits":[{"text":"Ajuda de instala\u00e7\u00e3o gratuita"},{"text":"Atendimento ao cliente competente"},{"text":"Garantia de reembolso de 14 dias"},{"text":"Melhorias gratuitas cont\u00ednuas"}],"button_url":"#demo","button_target_blank":"","button_nofollow":"","attributes":[{"name":"Instala\u00e7\u00f5es","content":"10,000 - 100,000"},{"name":"Responsivo","content":"Sim"},{"name":"Navegadores compat\u00edveis","content":"Firefox, Edge, Safari, Chrome, Opera"}],"tags":[],"tags_disable_links":"","hide_more_platforms":"","video_object":"","demo_hide_cta":"","demo_hide_cloud_options":"","pricing_title":"","pricing":[{"pricing_icon":"platform","pricing_title":"Elfsight Apps","pricing_title_caption":"Vers\u00e3o multiplataforma","pricing_price":"a partir de US$ 0\/m\u00eas","pricing_price_caption":"comece com plano gratuito","pricing_benefits":[{"text":"Sites ilimitados"},{"text":"Suporte r\u00e1pido \u00e0 empresa"},{"text":"Suporte r\u00e1pido \u00e0 empresa"},{"text":"\u00d3timo neg\u00f3cio para v\u00e1rios aplicativos"}],"pricing_button_text":"Adicionar ao site","pricing_button_url":"#demo"}],"related_apps_title":"","related_apps_hidden":"","author":"","image":[],"title":"","job":"","social_networks":[]},"_links":{"self":[{"href":"https:\/\/elfsight.com\/pt\/wp-json\/wp\/v2\/pages\/8730","targetHints":{"allow":["GET"]}}],"collection":[{"href":"https:\/\/elfsight.com\/pt\/wp-json\/wp\/v2\/pages"}],"about":[{"href":"https:\/\/elfsight.com\/pt\/wp-json\/wp\/v2\/types\/page"}],"author":[{"embeddable":true,"href":"https:\/\/elfsight.com\/pt\/wp-json\/wp\/v2\/users\/9"}],"replies":[{"embeddable":true,"href":"https:\/\/elfsight.com\/pt\/wp-json\/wp\/v2\/comments?post=8730"}],"version-history":[{"count":1,"href":"https:\/\/elfsight.com\/pt\/wp-json\/wp\/v2\/pages\/8730\/revisions"}],"predecessor-version":[{"id":8734,"href":"https:\/\/elfsight.com\/pt\/wp-json\/wp\/v2\/pages\/8730\/revisions\/8734"}],"up":[{"embeddable":true,"href":"https:\/\/elfsight.com\/pt\/wp-json\/wp\/v2\/pages\/1182"}],"wp:attachment":[{"href":"https:\/\/elfsight.com\/pt\/wp-json\/wp\/v2\/media?parent=8730"}],"curies":[{"name":"wp","href":"https:\/\/api.w.org\/{rel}","templated":true}]}}