{"id":8729,"date":"1970-01-01T00:00:00","date_gmt":"1970-01-01T00:00:00","guid":{"rendered":"https:\/\/elfsight.com\/pt\/?page_id=8729"},"modified":"2024-11-13T11:38:08","modified_gmt":"2024-11-13T11:38:08","slug":"woocommerce","status":"publish","type":"page","link":"https:\/\/elfsight.com\/pt\/weather-widget\/woocommerce\/","title":{"rendered":"Weather &#8211; WooCommerce"},"content":{"rendered":"<div class=\"application-platform-content-item-description application-platform-content-item\" id=\"description\" data-nav-section=\"description\"><h2>Descri\u00e7\u00e3o<\/h2><p>Elfsight Weather \u00e9 um plugin de site \u00fatil e ajust\u00e1vel para fornecer aos seus visitantes informa\u00e7\u00f5es meteorol\u00f3gicas atualizadas para qualquer local. Adicione um local por nome, CEP ou coordenadas. O p\u00fablico do site poder\u00e1 ver os dados mais recentes sobre temperatura, press\u00e3o atmosf\u00e9rica, porcentagem de umidade e clima ativo. Voc\u00ea tamb\u00e9m pode mostrar a previs\u00e3o hor\u00e1ria ou di\u00e1ria. Voc\u00ea pode personalizar a interface usando imagens de fundo tem\u00e1ticas e a possibilidade de escolher cores personalizadas.<\/p><p><b>Ofere\u00e7a uma experi\u00eancia de usu\u00e1rio mais conveniente com um pr\u00e1tico widget de previs\u00e3o do tempo em seu site.<\/b><\/p> <\/div> <div class=\"application-platform-content-item-features application-platform-content-item\" id=\"features\" data-nav-section=\"features\"><h2>Estes s\u00e3o apenas alguns dos muitos recursos do widget:<\/h2><ul><li>3 maneiras de marcar o local: pelo nome, pelo CEP, e as coordenadas;<\/li><li>Mais de 30 idiomas suportados para mostrar informa\u00e7\u00f5es meteorol\u00f3gicas em seu idioma nativo;<\/li><li>5 tipos de configura\u00e7\u00e3o de widget para diferentes casos de uso;<\/li><li> A op\u00e7\u00e3o de adicionar a previs\u00e3o di\u00e1ria para a semana seguinte com datas;<\/li><li>Mostrar a previs\u00e3o hor\u00e1ria para as 12 horas mais pr\u00f3ximas.<\/li><\/ul><p><a href=\"#demo\"> Basta verificar esta demonstra\u00e7\u00e3o para ver como funciona<\/a><\/p><\/div><div class=\"application-platform-content-item-installation application-platform-content-item\" id=\"installation\" data-nav-section=\"installation\"><h2>Como incorporar o Weather ao meu site WooCommerce?<\/h2><p>Basta preencher siga as orienta\u00e7\u00f5es abaixo para come\u00e7ar a trabalhar com o plugin.<\/p><ol><li><b>Execute nosso editor gratuito e comece a construir seu widget personalizado.<\/b><br>Escolha a forma selecionada e os aspectos do plugin e salve as corre\u00e7\u00f5es.<\/li><li><b>Copie seu c\u00f3digo pessoal exposto na caixa nos aplicativos Elfsight.<\/b><br>Quando a personaliza\u00e7\u00e3o do seu plugin pessoal estiver conclu\u00edda, copie o c\u00f3digo pessoal no caixa exibida e salve-a para uso posterior.<\/li><li><b>Entre usando a ferramenta no site WooCommerce.<\/b><br>Adicione o c\u00f3digo copiado anteriormente em seu site e aplique as corre\u00e7\u00f5es.<\/li><li><b>A instala\u00e7\u00e3o foi finalizada com sucesso.<\/b><br>V\u00e1 para sua p\u00e1gina web para ver em a\u00e7\u00e3o o funcionamento da ferramenta.<\/li><\/ol><p>Caso voc\u00ea encontrar alguns obst\u00e1culos, pe\u00e7a ajuda \u00e0 nossa equipe de suporte. Os nossos consultores est\u00e3o ansiosos por resolver todas as quest\u00f5es que possa ter com a ferramenta.<\/p><div class=\"faq\" data-component=\"FAQ\"><div class=\"faq-item\">\r\n\t\t\t\t\t<div class=\"faq-item-question\">\r\n\t\t\t\t\t\t<h3 class=\"faq-item-question-text\">Como posso adicionar Meteorologia ao meu site WooCommerce sem codifica\u00e7\u00e3o?<\/h3>\r\n\r\n\t\t\t\t\t\t<div class=\"faq-item-question-icon\"><\/div>\r\n\t\t\t\t\t<\/div>\r\n\r\n\t\t\t\t\t<div class=\"faq-item-answer\">\r\n\t\t\t\t\t\t<div class=\"faq-item-answer-text\"> <p>A empresa Elfsight oferece um Solu\u00e7\u00e3o em nuvem que permite que voc\u00ea mesmo estabele\u00e7a um aplicativo de clima, verifique as etapas simples: V\u00e1 para a demonstra\u00e7\u00e3o ao vivo para criar um aplicativo de clima que voc\u00ea gostaria de adicionar na p\u00e1gina da web WooCommerce. Selecione um dos muitos modelos pr\u00e9-concebidos e modifique as configura\u00e7\u00f5es de clima, adicione seu conte\u00fado, transforme o layout e a cor dos elementos sem nenhuma experi\u00eancia de codifica\u00e7\u00e3o. Clique para salvar o clima e copiar o c\u00f3digo para incorpora\u00e7\u00e3o, que pode ser facilmente incorporado em seu site WooCommerce sem a necessidade de comprar uma assinatura paga. Usando o editor f\u00e1cil de usar, qualquer usu\u00e1rio da web pode criar um widget de clima online e adicion\u00e1-lo facilmente \u00e0 p\u00e1gina inicial do WooCommerce. Voc\u00ea n\u00e3o deve fazer uma assinatura paga ou enviar os dados do seu cart\u00e3o para acessar o servi\u00e7o. Se voc\u00ea tiver algum problema em qualquer etapa, sinta-se \u00e0 vontade para entrar em contato com nossa equipe de suporte.<\/p> <\/div>\r\n\t\t\t\t\t<\/div>\r\n\t\t\t\t<\/div> <\/div><\/div>","protected":false},"excerpt":{"rendered":"","protected":false},"author":9,"featured_media":0,"parent":1182,"menu_order":0,"comment_status":"closed","ping_status":"closed","template":"templates\/template-application-platform.php","meta":{"publish_to_discourse":"","publish_post_category":"","wpdc_auto_publish_overridden":"","wpdc_topic_tags":"","wpdc_pin_topic":"","wpdc_pin_until":"","discourse_post_id":"","discourse_permalink":"","wpdc_publishing_response":"","wpdc_publishing_error":"","footnotes":""},"class_list":["post-8729","page","type-page","status-publish","hentry"],"yoast_head":"<!-- This site is optimized with the Yoast SEO plugin v25.3.1 - https:\/\/yoast.com\/wordpress\/plugins\/seo\/ -->\n<title>Widget de clima \u2013 Adicionar aplicativo de clima ao site WooCommerce<\/title>\n<meta name=\"description\" content=\"Aproveite a chance de ajustar o plug-in personalizado de previs\u00e3o do tempo agora mesmo e adicione-o ao seu site WooCommerce diretamente da demonstra\u00e7\u00e3o ao vivo.\" \/>\n<meta name=\"robots\" content=\"index, follow, max-snippet:-1, max-image-preview:large, max-video-preview:-1\" \/>\n<link rel=\"canonical\" href=\"https:\/\/elfsight.com\/pt\/weather-widget\/woocommerce\/\" \/>\n<meta property=\"og:locale\" content=\"pt_PT\" \/>\n<meta property=\"og:type\" content=\"article\" \/>\n<meta property=\"og:title\" content=\"Widget de clima \u2013 Adicionar aplicativo de clima ao site WooCommerce\" \/>\n<meta property=\"og:description\" content=\"Aproveite a chance de ajustar o plug-in personalizado de previs\u00e3o do tempo agora mesmo e adicione-o ao seu site WooCommerce diretamente da demonstra\u00e7\u00e3o ao vivo.\" \/>\n<meta property=\"og:url\" content=\"https:\/\/elfsight.com\/pt\/weather-widget\/woocommerce\/\" \/>\n<meta property=\"og:site_name\" content=\"Elfsight PT\" \/>\n<meta property=\"article:modified_time\" content=\"2024-11-13T11:38:08+00:00\" \/>\n<meta name=\"twitter:card\" content=\"summary_large_image\" \/>\n<meta name=\"twitter:label1\" content=\"Tempo estimado de leitura\" \/>\n\t<meta name=\"twitter:data1\" content=\"3 minutos\" \/>\n<!-- \/ Yoast SEO plugin. -->","yoast_head_json":{"title":"Widget de clima \u2013 Adicionar aplicativo de clima ao site WooCommerce","description":"Aproveite a chance de ajustar o plug-in personalizado de previs\u00e3o do tempo agora mesmo e adicione-o ao seu site WooCommerce diretamente da demonstra\u00e7\u00e3o ao vivo.","robots":{"index":"index","follow":"follow","max-snippet":"max-snippet:-1","max-image-preview":"max-image-preview:large","max-video-preview":"max-video-preview:-1"},"canonical":"https:\/\/elfsight.com\/pt\/weather-widget\/woocommerce\/","og_locale":"pt_PT","og_type":"article","og_title":"Widget de clima \u2013 Adicionar aplicativo de clima ao site WooCommerce","og_description":"Aproveite a chance de ajustar o plug-in personalizado de previs\u00e3o do tempo agora mesmo e adicione-o ao seu site WooCommerce diretamente da demonstra\u00e7\u00e3o ao vivo.","og_url":"https:\/\/elfsight.com\/pt\/weather-widget\/woocommerce\/","og_site_name":"Elfsight PT","article_modified_time":"2024-11-13T11:38:08+00:00","twitter_card":"summary_large_image","twitter_misc":{"Tempo estimado de leitura":"3 minutos"},"schema":{"@context":"https:\/\/schema.org","@graph":[{"@type":"WebPage","@id":"https:\/\/elfsight.com\/pt\/weather-widget\/woocommerce\/","url":"https:\/\/elfsight.com\/pt\/weather-widget\/woocommerce\/","name":"Widget de clima \u2013 Adicionar aplicativo de clima ao site WooCommerce","isPartOf":{"@id":"https:\/\/elfsight.com\/pt\/#website"},"datePublished":"1970-01-01T00:00:00+00:00","dateModified":"2024-11-13T11:38:08+00:00","description":"Aproveite a chance de ajustar o plug-in personalizado de previs\u00e3o do tempo agora mesmo e adicione-o ao seu site WooCommerce diretamente da demonstra\u00e7\u00e3o ao vivo.","breadcrumb":{"@id":"https:\/\/elfsight.com\/pt\/weather-widget\/woocommerce\/#breadcrumb"},"inLanguage":"pt-PT","potentialAction":[{"@type":"ReadAction","target":["https:\/\/elfsight.com\/pt\/weather-widget\/woocommerce\/"]}]},{"@type":"BreadcrumbList","@id":"https:\/\/elfsight.com\/pt\/weather-widget\/woocommerce\/#breadcrumb","itemListElement":[{"@type":"ListItem","position":1,"name":"Home","item":"https:\/\/elfsight.com\/pt\/"},{"@type":"ListItem","position":2,"name":"Weather","item":"https:\/\/elfsight.com\/pt\/weather-widget\/"},{"@type":"ListItem","position":3,"name":"Weather &#8211; WooCommerce"}]},{"@type":"WebSite","@id":"https:\/\/elfsight.com\/pt\/#website","url":"https:\/\/elfsight.com\/pt\/","name":"Elfsight PT","description":"Just another Elfsight Sites site","potentialAction":[{"@type":"SearchAction","target":{"@type":"EntryPoint","urlTemplate":"https:\/\/elfsight.com\/pt\/?s={search_term_string}"},"query-input":{"@type":"PropertyValueSpecification","valueRequired":true,"valueName":"search_term_string"}}],"inLanguage":"pt-PT"}]}},"meta_box":{"industry":"","seo_heading":"","heading":"","description":"","cta_heading":"","cta_description":"","application":"1181","h1":"Plug-in de clima WooCommerce","h1_caption":"Forne\u00e7a a previs\u00e3o do tempo para qualquer lugar do seu site.","application_category":[],"applications_title":"","applications_request_title":"","applications_request_button_text":"","hero_text":"","hero_video":"","hero_video_schema_markup":"","selling_points_title":"","selling_points_caption":"","selling_points":[],"selling_points_cta_text":"","features_title":"","features":"","ed_cta_examples_text":"","ed_cta_examples_hidden":"","ed_cta_demo_text":"","ed_cta_demo_hidden":"","why_caption":"","why_editor_title":"","why_editor_text":"","why_team_title":"","why_team_text":"","why_service_title":"","why_service_text":"","template_catalog_visible":"","template_catalog_title":"","template_catalog_text":"","template_catalog_categories_visible":"","demo_title":"Crie seu aplicativo de clima","demo_caption":"Configure seu clima e adicione-o ao seu site WooCommerce gratuitamente!","default_faq_hidden":"","app_template_category":[],"platform":"4920","template_public_id":"","codecanyon_url":"","codecanyon_item_id":"","codecanyon_price":"","pricing_caption":"","pricing_elfsight_apps_hide_column":"","pricing_elfsight_apps_url":"","pricing_codecanyon_price_caption":"","integration_category":[],"integration_request_title":"","integration_request_cta":"","integration_platform":"","integrations":[],"platform_category":[],"video_schema_markup":"","price":"a partir de US$ 0\/m\u00eas","trial":"","benefits":[{"text":"Servi\u00e7o de instala\u00e7\u00e3o gratuito"},{"text":"Suporte ao cliente experiente"},{"text":"Garantia de devolu\u00e7\u00e3o do dinheiro em 14 dias"},{"text":"Desenvolvimento cont\u00ednuo"}],"button_url":"#demo","button_target_blank":"","button_nofollow":"","attributes":[{"name":"Instala\u00e7\u00f5es","content":"10,000 - 100,000"},{"name":"Responsivo","content":"Sim"},{"name":"Navegadores compat\u00edveis","content":"Firefox, Safari, Opera, Chrome, Edge"}],"tags":[],"tags_disable_links":"","hide_more_platforms":"","video_object":"","demo_hide_cta":"","demo_hide_cloud_options":"","pricing_title":"","pricing":[{"pricing_icon":"platform","pricing_title":"Elfsight Apps","pricing_title_caption":"Software multiplataforma que funciona em qualquer site","pricing_price":"a partir de US$ 0\/m\u00eas","pricing_price_caption":"comece com um plano gratuito","pricing_benefits":[{"text":"Dom\u00ednios ilimitados"},{"text":"Suporte gratuito, pontual e bem documentado"},{"text":"Suporte gratuito, pontual e bem documentado"},{"text":"100% personaliz\u00e1vel"}],"pricing_button_text":"Adicionar ao site","pricing_button_url":"#demo"}],"related_apps_title":"","related_apps_hidden":"","author":"","image":[],"title":"","job":"","social_networks":[]},"_links":{"self":[{"href":"https:\/\/elfsight.com\/pt\/wp-json\/wp\/v2\/pages\/8729","targetHints":{"allow":["GET"]}}],"collection":[{"href":"https:\/\/elfsight.com\/pt\/wp-json\/wp\/v2\/pages"}],"about":[{"href":"https:\/\/elfsight.com\/pt\/wp-json\/wp\/v2\/types\/page"}],"author":[{"embeddable":true,"href":"https:\/\/elfsight.com\/pt\/wp-json\/wp\/v2\/users\/9"}],"replies":[{"embeddable":true,"href":"https:\/\/elfsight.com\/pt\/wp-json\/wp\/v2\/comments?post=8729"}],"version-history":[{"count":1,"href":"https:\/\/elfsight.com\/pt\/wp-json\/wp\/v2\/pages\/8729\/revisions"}],"predecessor-version":[{"id":8733,"href":"https:\/\/elfsight.com\/pt\/wp-json\/wp\/v2\/pages\/8729\/revisions\/8733"}],"up":[{"embeddable":true,"href":"https:\/\/elfsight.com\/pt\/wp-json\/wp\/v2\/pages\/1182"}],"wp:attachment":[{"href":"https:\/\/elfsight.com\/pt\/wp-json\/wp\/v2\/media?parent=8729"}],"curies":[{"name":"wp","href":"https:\/\/api.w.org\/{rel}","templated":true}]}}