{"id":8727,"date":"1970-01-01T00:00:00","date_gmt":"1970-01-01T00:00:00","guid":{"rendered":"https:\/\/elfsight.com\/pt\/?page_id=8727"},"modified":"2024-11-13T11:22:10","modified_gmt":"2024-11-13T11:22:10","slug":"google-sites","status":"publish","type":"page","link":"https:\/\/elfsight.com\/pt\/weather-widget\/google-sites\/","title":{"rendered":"Weather &#8211; Google Sites"},"content":{"rendered":"<div class=\"application-platform-content-item-description application-platform-content-item\" id=\"description\" data-nav-section=\"description\"><h2>Incorpore Weather no Google Sites com o widget Elfsight<\/h2><p>Elfsight Weather \u00e9 um plugin de site descomplicado e ajust\u00e1vel para fornecer aos seus usu\u00e1rios com o clima atualizado para um ponto selecionado no mapa. Adicione um distrito usando o t\u00edtulo, CEP ou coordenadas. Seus visitantes poder\u00e3o ver informa\u00e7\u00f5es atualizadas sobre temperatura, press\u00e3o, umidade e elementos clim\u00e1ticos. O widget tem a op\u00e7\u00e3o de demonstrar a previs\u00e3o hor\u00e1ria ou di\u00e1ria. Voc\u00ea pode personalizar a interface usando imagens de fundo tem\u00e1ticas e a possibilidade de escolher suas pr\u00f3prias cores. <\/p><p><b>Aumente as vendas de produtos que dependem do clima com previs\u00f5es meteorol\u00f3gicas precisas em seu site! <\/b><\/p><\/div><div class=\"application-platform-content-item-features application-platform-content-item\" id=\"features\" data-nav-section=\"features\"><p>Verifique todos os recursos do widget de clima. Voc\u00ea pode gerenci\u00e1-los diretamente no editor e eles o ajudar\u00e3o a configurar o widget especialmente para o seu caso de uso. <\/p><ul><li>Tr\u00eas formas de adicionar a localiza\u00e7\u00e3o: o nome, o CEP e as coordenadas; <\/li><li>Mais de 30 idiomas inclu\u00eddos para mostrar detalhes meteorol\u00f3gicos em seu idioma nativo; <\/li><li>5 variantes de configura\u00e7\u00e3o de widget para diversos casos de uso; <\/li><li>A op\u00e7\u00e3o de demonstrar a previs\u00e3o di\u00e1ria de uma semana com datas; <\/li><li>Adicione o clima de hora em hora para as doze horas mais pr\u00f3ximas. <\/li><\/ul><p><a href=\"#demo\">Voc\u00ea pode experimentar todas as caracter\u00edsticas funcionais do widget diretamente na demonstra\u00e7\u00e3o<\/a><\/p><\/div><div class=\"application-platform-content-item-installation application-platform-content-item\" id=\"installation\" data-nav-section=\"installation\"><h2>Como adicionar o widget de previs\u00e3o do tempo ao Google Sites? <\/h2><p>Para integrar o widget de clima, basta seguir algumas etapas r\u00e1pidas<\/p> <ol><li><b>Gerar seu plug-in de clima personalizado<\/b><br>Gerenciar nosso editor gratuito , obtenha um plugin com composi\u00e7\u00e3o e caracter\u00edsticas funcionais preferidas. <\/li> <li><b>Receba o c\u00f3digo pessoal para integrar o plugin<\/b><br>Depois de personalizar o seu widget, voc\u00ea adquirir\u00e1 o c\u00f3digo de instala\u00e7\u00e3o na janela pop-up dos aplicativos Elfsight. Copie. <\/li> <li><b>Publique o plugin em seu site<\/b><br>Encontre o local onde voc\u00ea precisa revelar o plugin e insira o c\u00f3digo copiado l\u00e1. Publique os resultados. <\/li> <li><b>A instala\u00e7\u00e3o est\u00e1 conclu\u00edda<\/b><br>Entre no site para dar uma olhada no seu plugin. <\/li><\/ol><div class=\"tip-yellow tip\"><b>Devido \u00e0s peculiaridades do funcionamento do Google Sites, o widget pode ter uma apar\u00eancia diferente da demonstra\u00e7\u00e3o on-line. Pedimos desculpas por qualquer inconveniente causado.<\/b><\/div><p>Voc\u00ea pode entrar em contato com o servi\u00e7o de suporte caso precise de conselhos ou tenha d\u00favidas. Teremos o maior prazer em ajudar com todas as d\u00favidas. <\/p><div class=\"faq\" data-component=\"FAQ\"><div class=\"faq-item\">\r\n\t\t\t\t\t<div class=\"faq-item-question\">\r\n\t\t\t\t\t\t<h3 class=\"faq-item-question-text\">Como incorporar o Weather na minha p\u00e1gina do Google Sites sem conhecimento de codifica\u00e7\u00e3o?<\/h3>\r\n\r\n\t\t\t\t\t\t<div class=\"faq-item-question-icon\"><\/div>\r\n\t\t\t\t\t<\/div>\r\n\r\n\t\t\t\t\t<div class=\"faq-item-answer\">\r\n\t\t\t\t\t\t<div class=\"faq-item-answer-text\"> <p>A empresa Elfsight fornece uma solu\u00e7\u00e3o SaaS que permite que um p\u00fablico amplo, a partir de um aplicativo Weather, assista voc\u00ea mesmo ao guia descomplicado: v\u00e1 para o editor ao vivo para criar um plug-in de clima que voc\u00ea gostaria de adicionar ao seu Google Sites. Clique em um de nossos modelos prontos e ajuste as configura\u00e7\u00f5es de clima, atualize seu conte\u00fado, altere o layout e o esquema de cores sem experi\u00eancia em codifica\u00e7\u00e3o. Clique para salvar o clima e copiar o c\u00f3digo de instala\u00e7\u00e3o do plugin, que pode ser colado facilmente na p\u00e1gina inicial do Google Sites, sem a necessidade de adquirir uma assinatura paga. Com o configurador simples, qualquer usu\u00e1rio da web pode criar um plug-in de clima e adicion\u00e1-lo ao site do Google Sites. Voc\u00ea n\u00e3o deve pagar ou divulgar as credenciais do seu cart\u00e3o para entrar no servi\u00e7o Elfsight. Se voc\u00ea encontrar algum obst\u00e1culo em qualquer etapa, entre em contato com nosso suporte t\u00e9cnico ao cliente.<\/p> <\/div>\r\n\t\t\t\t\t<\/div>\r\n\t\t\t\t<\/div> <\/div><\/div>","protected":false},"excerpt":{"rendered":"","protected":false},"author":9,"featured_media":0,"parent":1182,"menu_order":0,"comment_status":"closed","ping_status":"closed","template":"templates\/template-application-platform.php","meta":{"publish_to_discourse":"","publish_post_category":"","wpdc_auto_publish_overridden":"","wpdc_topic_tags":"","wpdc_pin_topic":"","wpdc_pin_until":"","discourse_post_id":"","discourse_permalink":"","wpdc_publishing_response":"","wpdc_publishing_error":"","footnotes":""},"class_list":["post-8727","page","type-page","status-publish","hentry"],"yoast_head":"<!-- This site is optimized with the Yoast SEO plugin v25.3.1 - https:\/\/yoast.com\/wordpress\/plugins\/seo\/ -->\n<title>Clima - Adicionar widget de clima ao Google Sites (2025)<\/title>\n<meta name=\"description\" content=\"Incorpore um plug-in de clima responsivo em seu site do Google Sites e obtenha confian\u00e7a total. Use a demonstra\u00e7\u00e3o \u00fatil da Elfsight para construir sua ferramenta personalizada.\" \/>\n<meta name=\"robots\" content=\"index, follow, max-snippet:-1, max-image-preview:large, max-video-preview:-1\" \/>\n<link rel=\"canonical\" href=\"https:\/\/elfsight.com\/pt\/weather-widget\/google-sites\/\" \/>\n<meta property=\"og:locale\" content=\"pt_PT\" \/>\n<meta property=\"og:type\" content=\"article\" \/>\n<meta property=\"og:title\" content=\"Clima - Adicionar widget de clima ao Google Sites (2025)\" \/>\n<meta property=\"og:description\" content=\"Incorpore um plug-in de clima responsivo em seu site do Google Sites e obtenha confian\u00e7a total. Use a demonstra\u00e7\u00e3o \u00fatil da Elfsight para construir sua ferramenta personalizada.\" \/>\n<meta property=\"og:url\" content=\"https:\/\/elfsight.com\/pt\/weather-widget\/google-sites\/\" \/>\n<meta property=\"og:site_name\" content=\"Elfsight PT\" \/>\n<meta property=\"article:modified_time\" content=\"2024-11-13T11:22:10+00:00\" \/>\n<meta name=\"twitter:card\" content=\"summary_large_image\" \/>\n<meta name=\"twitter:label1\" content=\"Tempo estimado de leitura\" \/>\n\t<meta name=\"twitter:data1\" content=\"3 minutos\" \/>\n<!-- \/ Yoast SEO plugin. -->","yoast_head_json":{"title":"Clima - Adicionar widget de clima ao Google Sites (2025)","description":"Incorpore um plug-in de clima responsivo em seu site do Google Sites e obtenha confian\u00e7a total. Use a demonstra\u00e7\u00e3o \u00fatil da Elfsight para construir sua ferramenta personalizada.","robots":{"index":"index","follow":"follow","max-snippet":"max-snippet:-1","max-image-preview":"max-image-preview:large","max-video-preview":"max-video-preview:-1"},"canonical":"https:\/\/elfsight.com\/pt\/weather-widget\/google-sites\/","og_locale":"pt_PT","og_type":"article","og_title":"Clima - Adicionar widget de clima ao Google Sites (2025)","og_description":"Incorpore um plug-in de clima responsivo em seu site do Google Sites e obtenha confian\u00e7a total. Use a demonstra\u00e7\u00e3o \u00fatil da Elfsight para construir sua ferramenta personalizada.","og_url":"https:\/\/elfsight.com\/pt\/weather-widget\/google-sites\/","og_site_name":"Elfsight PT","article_modified_time":"2024-11-13T11:22:10+00:00","twitter_card":"summary_large_image","twitter_misc":{"Tempo estimado de leitura":"3 minutos"},"schema":{"@context":"https:\/\/schema.org","@graph":[{"@type":"WebPage","@id":"https:\/\/elfsight.com\/pt\/weather-widget\/google-sites\/","url":"https:\/\/elfsight.com\/pt\/weather-widget\/google-sites\/","name":"Clima - Adicionar widget de clima ao Google Sites (2025)","isPartOf":{"@id":"https:\/\/elfsight.com\/pt\/#website"},"datePublished":"1970-01-01T00:00:00+00:00","dateModified":"2024-11-13T11:22:10+00:00","description":"Incorpore um plug-in de clima responsivo em seu site do Google Sites e obtenha confian\u00e7a total. Use a demonstra\u00e7\u00e3o \u00fatil da Elfsight para construir sua ferramenta personalizada.","breadcrumb":{"@id":"https:\/\/elfsight.com\/pt\/weather-widget\/google-sites\/#breadcrumb"},"inLanguage":"pt-PT","potentialAction":[{"@type":"ReadAction","target":["https:\/\/elfsight.com\/pt\/weather-widget\/google-sites\/"]}]},{"@type":"BreadcrumbList","@id":"https:\/\/elfsight.com\/pt\/weather-widget\/google-sites\/#breadcrumb","itemListElement":[{"@type":"ListItem","position":1,"name":"Home","item":"https:\/\/elfsight.com\/pt\/"},{"@type":"ListItem","position":2,"name":"Weather","item":"https:\/\/elfsight.com\/pt\/weather-widget\/"},{"@type":"ListItem","position":3,"name":"Weather &#8211; Google Sites"}]},{"@type":"WebSite","@id":"https:\/\/elfsight.com\/pt\/#website","url":"https:\/\/elfsight.com\/pt\/","name":"Elfsight PT","description":"Just another Elfsight Sites site","potentialAction":[{"@type":"SearchAction","target":{"@type":"EntryPoint","urlTemplate":"https:\/\/elfsight.com\/pt\/?s={search_term_string}"},"query-input":{"@type":"PropertyValueSpecification","valueRequired":true,"valueName":"search_term_string"}}],"inLanguage":"pt-PT"}]}},"meta_box":{"industry":"","seo_heading":"","heading":"","description":"","cta_heading":"","cta_description":"","application":"1181","h1":"Widget de previs\u00e3o do tempo do Google Sites","h1_caption":"Mostre a previs\u00e3o do tempo para qualquer lugar do seu site","application_category":[],"applications_title":"","applications_request_title":"","applications_request_button_text":"","hero_text":"","hero_video":"","hero_video_schema_markup":"","selling_points_title":"","selling_points_caption":"","selling_points":[],"selling_points_cta_text":"","features_title":"","features":"","ed_cta_examples_text":"","ed_cta_examples_hidden":"","ed_cta_demo_text":"","ed_cta_demo_hidden":"","why_caption":"","why_editor_title":"","why_editor_text":"","why_team_title":"","why_team_text":"","why_service_title":"","why_service_text":"","template_catalog_visible":"","template_catalog_title":"","template_catalog_text":"","template_catalog_categories_visible":"","demo_title":"Crie seu widget de clima","demo_caption":"Configure seu clima e adicione-o ao seu site do Google Sites gratuitamente!","default_faq_hidden":"","app_template_category":[],"platform":"112","template_public_id":"","codecanyon_url":"","codecanyon_item_id":"","codecanyon_price":"","pricing_caption":"","pricing_elfsight_apps_hide_column":"","pricing_elfsight_apps_url":"","pricing_codecanyon_price_caption":"","integration_category":[],"integration_request_title":"","integration_request_cta":"","integration_platform":"","integrations":[],"platform_category":[],"video_schema_markup":"","price":"a partir de US$ 0\/m\u00eas","trial":"","benefits":[{"text":"Servi\u00e7o de instala\u00e7\u00e3o gratuito"},{"text":"Suporte premium"},{"text":"Garantia de reembolso de 14 dias"},{"text":"Atualizando constantemente"}],"button_url":"#demo","button_target_blank":"","button_nofollow":"","attributes":[{"name":"Instala\u00e7\u00f5es","content":"10,000 - 100,000"},{"name":"Responsivo","content":"Melhor para celulares"},{"name":"Navegadores compat\u00edveis","content":"Opera, Safari, Firefox, Edge, Chrome"}],"tags":[],"tags_disable_links":"","hide_more_platforms":"","video_object":"","demo_hide_cta":"","demo_hide_cloud_options":"","pricing_title":"","pricing":[{"pricing_icon":"platform","pricing_title":"Elfsight Apps","pricing_title_caption":"Software multiplataforma que funciona em qualquer site","pricing_price":"a partir de US$ 0\/m\u00eas","pricing_price_caption":"comece com plano gratuito","pricing_benefits":[{"text":"N\u00famero ilimitado de sites"},{"text":"Suporte gratuito e pontual"},{"text":"Suporte gratuito e pontual"},{"text":"Oferta especial para v\u00e1rios aplicativos"}],"pricing_button_text":"Adicionar ao site","pricing_button_url":"#demo"}],"related_apps_title":"","related_apps_hidden":"","author":"","image":[],"title":"","job":"","social_networks":[]},"_links":{"self":[{"href":"https:\/\/elfsight.com\/pt\/wp-json\/wp\/v2\/pages\/8727","targetHints":{"allow":["GET"]}}],"collection":[{"href":"https:\/\/elfsight.com\/pt\/wp-json\/wp\/v2\/pages"}],"about":[{"href":"https:\/\/elfsight.com\/pt\/wp-json\/wp\/v2\/types\/page"}],"author":[{"embeddable":true,"href":"https:\/\/elfsight.com\/pt\/wp-json\/wp\/v2\/users\/9"}],"replies":[{"embeddable":true,"href":"https:\/\/elfsight.com\/pt\/wp-json\/wp\/v2\/comments?post=8727"}],"version-history":[{"count":1,"href":"https:\/\/elfsight.com\/pt\/wp-json\/wp\/v2\/pages\/8727\/revisions"}],"predecessor-version":[{"id":8731,"href":"https:\/\/elfsight.com\/pt\/wp-json\/wp\/v2\/pages\/8727\/revisions\/8731"}],"up":[{"embeddable":true,"href":"https:\/\/elfsight.com\/pt\/wp-json\/wp\/v2\/pages\/1182"}],"wp:attachment":[{"href":"https:\/\/elfsight.com\/pt\/wp-json\/wp\/v2\/media?parent=8727"}],"curies":[{"name":"wp","href":"https:\/\/api.w.org\/{rel}","templated":true}]}}