{"id":8722,"date":"1970-01-01T00:00:00","date_gmt":"1970-01-01T00:00:00","guid":{"rendered":"https:\/\/elfsight.com\/pt\/?page_id=8722"},"modified":"2025-03-07T14:26:36","modified_gmt":"2025-03-07T14:26:36","slug":"godaddy","status":"publish","type":"page","link":"https:\/\/elfsight.com\/pt\/weather-widget\/godaddy\/","title":{"rendered":"Weather &#8211; GoDaddy"},"content":{"rendered":"\n<div class=\"application-platform-content-item-description application-platform-content-item\" id=\"description\" data-nav-section=\"description\"><h2>Incorpore Weather no GoDaddy com o widget Elfsight<\/h2><p>Elfsight Weather \u00e9 um plugin de site \u00fatil e altamente ajust\u00e1vel para GoDaddy exibir o clima fresco para uma \u00e1rea escolhida. Insira um distrito pelo t\u00edtulo, CEP ou coordenadas. Os usu\u00e1rios do site agora podem verificar as informa\u00e7\u00f5es mais recentes sobre temperatura, press\u00e3o atmosf\u00e9rica, umidade e clima ativo. Voc\u00ea tamb\u00e9m pode demonstrar previs\u00f5es hor\u00e1rias ou di\u00e1rias. Voc\u00ea pode ajustar a interface usando um fundo com tema clim\u00e1tico e o recurso para aplicar suas pr\u00f3prias cores. <\/p> <p><b>Torne-o pr\u00e1tico para os clientes solicitarem viagens com a previs\u00e3o do tempo sempre \u00e0 vista! <\/b><\/p><\/div><div class=\"application-platform-content-item-features application-platform-content-item\" id=\"features\" data-nav-section=\"features\"><p>Verifique todas as caracter\u00edsticas funcionais do plugin Weather. Voc\u00ea pode ajust\u00e1-los diretamente no editor e eles o ajudar\u00e3o a moldar o plugin exatamente de acordo com suas necessidades. <\/p><ul><li>3 formas de inserir o local: pelo nome, CEP e coordenadas; <\/li><li>Mais de 30 idiomas suportados para mostrar dados meteorol\u00f3gicos em seu idioma nativo; <\/li><li>5 variantes de configura\u00e7\u00e3o do plugin para diferentes casos de uso; <\/li><li>A op\u00e7\u00e3o de mostrar a previs\u00e3o di\u00e1ria para a semana futura com datas; <\/li><li>Mostrar previs\u00e3o hora a hora para as 12 horas mais pr\u00f3ximas. <\/li><\/ul><p><a href=\"#demo\">Teste todas as outras fun\u00e7\u00f5es na demonstra\u00e7\u00e3o<\/a><\/p><\/div><div class=\"application-platform-content-item-installation application-platform-content-item\" id=\"installation\" data-nav-section=\"installation\"><h2> Como adicionar o plugin Weather ao meu site GoDaddy? <\/h2><p>Para incorporar o plugin Weather, basta seguir estas etapas r\u00e1pidas<\/p> <ol><li><b>Construa seu plugin Weather exclusivo<\/b><br>Gerenciando nosso editor gratuito, gere um plugin com visual personalizado e caracter\u00edsticas funcionais. <\/li> <li><b>Receba o c\u00f3digo pessoal para publicar o plugin<\/b><br>Depois de personalizar o seu plugin, voc\u00ea receber\u00e1 o c\u00f3digo de instala\u00e7\u00e3o na janela que aparece nos aplicativos da Elfsight. Copie esse c\u00f3digo. <\/li> <li><b>Integrar o plug-in em seu site do Muse<\/b><br>Escolha a \u00e1rea onde voc\u00ea gostaria de exibir o plug-in e adicione o c\u00f3digo copiado l\u00e1. Salve os resultados. <\/li> <li><b>Pronto! <\/b><br>V\u00e1 ao seu site para ver o seu plugin. <\/li><\/ol> <p>N\u00e3o hesite em entrar em contato com nosso servi\u00e7o de suporte quando precisar de assist\u00eancia ou tiver d\u00favidas. Daremos uma ajuda em cada solicita\u00e7\u00e3o. <\/p><div class=\"faq\" data-component=\"FAQ\"><div class=\"faq-item\">\r\n\t\t\t\t\t<div class=\"faq-item-question\">\r\n\t\t\t\t\t\t<h3 class=\"faq-item-question-text\">Existe uma op\u00e7\u00e3o para adicionar Meteorologia ao meu site GoDaddy sem conhecimentos de codifica\u00e7\u00e3o?<\/h3>\r\n\r\n\t\t\t\t\t\t<div class=\"faq-item-question-icon\"><\/div>\r\n\t\t\t\t\t<\/div>\r\n\r\n\t\t\t\t\t<div class=\"faq-item-answer\">\r\n\t\t\t\t\t\t<div class=\"faq-item-answer-text\"> <p>A Elfsight apresenta uma solu\u00e7\u00e3o SaaS que lhe permite criar voc\u00ea mesmo uma sec\u00e7\u00e3o Meteorologia, consulte o guia simples: Trabalhe na demonstra\u00e7\u00e3o ao vivo para formar uma se\u00e7\u00e3o de clima que voc\u00ea gostaria que aparecesse no site GoDaddy. Selecione um dos modelos predefinidos e ajuste as configura\u00e7\u00f5es de clima, inclua seu conte\u00fado, altere o layout e as cores sem nenhuma experi\u00eancia de codifica\u00e7\u00e3o. Salve o clima e obtenha o c\u00f3digo do plugin para instala\u00e7\u00e3o, que voc\u00ea pode colar facilmente na p\u00e1gina inicial do GoDaddy sem comprar uma assinatura paga. Usando o configurador f\u00e1cil de usar, qualquer usu\u00e1rio da web pode criar uma se\u00e7\u00e3o de clima e incorpor\u00e1-la facilmente \u00e0 p\u00e1gina da web do GoDaddy. N\u00e3o \u00e9 necess\u00e1rio pagar ou divulgar as credenciais do seu cart\u00e3o para aceder ao servi\u00e7o Elfsight. Se voc\u00ea encontrar algum obst\u00e1culo de qualquer tipo, n\u00e3o hesite em entrar em contato com nossa equipe de suporte.<\/p> <\/div>\r\n\t\t\t\t\t<\/div>\r\n\t\t\t\t<\/div> <\/div><\/div>\n","protected":false},"excerpt":{"rendered":"","protected":false},"author":9,"featured_media":0,"parent":1182,"menu_order":0,"comment_status":"closed","ping_status":"closed","template":"templates\/template-application-platform.php","meta":{"publish_to_discourse":"","publish_post_category":"","wpdc_auto_publish_overridden":"","wpdc_topic_tags":"","wpdc_pin_topic":"","wpdc_pin_until":"","discourse_post_id":"","discourse_permalink":"","wpdc_publishing_response":"","wpdc_publishing_error":"","footnotes":""},"class_list":["post-8722","page","type-page","status-publish","hentry"],"yoast_head":"<!-- This site is optimized with the Yoast SEO plugin v25.3.1 - https:\/\/yoast.com\/wordpress\/plugins\/seo\/ -->\n<title>Weather - Adicione o plugin Weather ao site GoDaddy!<\/title>\n<meta name=\"description\" content=\"Adicione um plugin de clima pr\u00e1tico e f\u00e1cil de usar \u00e0 sua p\u00e1gina inicial do GoDaddy. Construa um neg\u00f3cio de sucesso junto com a Elfsight!\" \/>\n<meta name=\"robots\" content=\"index, follow, max-snippet:-1, max-image-preview:large, max-video-preview:-1\" \/>\n<link rel=\"canonical\" href=\"https:\/\/elfsight.com\/pt\/weather-widget\/godaddy\/\" \/>\n<meta property=\"og:locale\" content=\"pt_PT\" \/>\n<meta property=\"og:type\" content=\"article\" \/>\n<meta property=\"og:title\" content=\"Weather - Adicione o plugin Weather ao site GoDaddy!\" \/>\n<meta property=\"og:description\" content=\"Adicione um plugin de clima pr\u00e1tico e f\u00e1cil de usar \u00e0 sua p\u00e1gina inicial do GoDaddy. Construa um neg\u00f3cio de sucesso junto com a Elfsight!\" \/>\n<meta property=\"og:url\" content=\"https:\/\/elfsight.com\/pt\/weather-widget\/godaddy\/\" \/>\n<meta property=\"og:site_name\" content=\"Elfsight PT\" \/>\n<meta property=\"article:modified_time\" content=\"2025-03-07T14:26:36+00:00\" \/>\n<meta name=\"twitter:card\" content=\"summary_large_image\" \/>\n<meta name=\"twitter:label1\" content=\"Tempo estimado de leitura\" \/>\n\t<meta name=\"twitter:data1\" content=\"3 minutos\" \/>\n<!-- \/ Yoast SEO plugin. -->","yoast_head_json":{"title":"Weather - Adicione o plugin Weather ao site GoDaddy!","description":"Adicione um plugin de clima pr\u00e1tico e f\u00e1cil de usar \u00e0 sua p\u00e1gina inicial do GoDaddy. Construa um neg\u00f3cio de sucesso junto com a Elfsight!","robots":{"index":"index","follow":"follow","max-snippet":"max-snippet:-1","max-image-preview":"max-image-preview:large","max-video-preview":"max-video-preview:-1"},"canonical":"https:\/\/elfsight.com\/pt\/weather-widget\/godaddy\/","og_locale":"pt_PT","og_type":"article","og_title":"Weather - Adicione o plugin Weather ao site GoDaddy!","og_description":"Adicione um plugin de clima pr\u00e1tico e f\u00e1cil de usar \u00e0 sua p\u00e1gina inicial do GoDaddy. Construa um neg\u00f3cio de sucesso junto com a Elfsight!","og_url":"https:\/\/elfsight.com\/pt\/weather-widget\/godaddy\/","og_site_name":"Elfsight PT","article_modified_time":"2025-03-07T14:26:36+00:00","twitter_card":"summary_large_image","twitter_misc":{"Tempo estimado de leitura":"3 minutos"},"schema":{"@context":"https:\/\/schema.org","@graph":[{"@type":"WebPage","@id":"https:\/\/elfsight.com\/pt\/weather-widget\/godaddy\/","url":"https:\/\/elfsight.com\/pt\/weather-widget\/godaddy\/","name":"Weather - Adicione o plugin Weather ao site GoDaddy!","isPartOf":{"@id":"https:\/\/elfsight.com\/pt\/#website"},"datePublished":"1970-01-01T00:00:00+00:00","dateModified":"2025-03-07T14:26:36+00:00","description":"Adicione um plugin de clima pr\u00e1tico e f\u00e1cil de usar \u00e0 sua p\u00e1gina inicial do GoDaddy. Construa um neg\u00f3cio de sucesso junto com a Elfsight!","breadcrumb":{"@id":"https:\/\/elfsight.com\/pt\/weather-widget\/godaddy\/#breadcrumb"},"inLanguage":"pt-PT","potentialAction":[{"@type":"ReadAction","target":["https:\/\/elfsight.com\/pt\/weather-widget\/godaddy\/"]}]},{"@type":"BreadcrumbList","@id":"https:\/\/elfsight.com\/pt\/weather-widget\/godaddy\/#breadcrumb","itemListElement":[{"@type":"ListItem","position":1,"name":"Home","item":"https:\/\/elfsight.com\/pt\/"},{"@type":"ListItem","position":2,"name":"Weather","item":"https:\/\/elfsight.com\/pt\/weather-widget\/"},{"@type":"ListItem","position":3,"name":"Weather &#8211; GoDaddy"}]},{"@type":"WebSite","@id":"https:\/\/elfsight.com\/pt\/#website","url":"https:\/\/elfsight.com\/pt\/","name":"Elfsight PT","description":"Just another Elfsight Sites site","potentialAction":[{"@type":"SearchAction","target":{"@type":"EntryPoint","urlTemplate":"https:\/\/elfsight.com\/pt\/?s={search_term_string}"},"query-input":{"@type":"PropertyValueSpecification","valueRequired":true,"valueName":"search_term_string"}}],"inLanguage":"pt-PT"}]}},"meta_box":{"industry":"","seo_heading":"","heading":"","description":"","cta_heading":"","cta_description":"","application":"1181","h1":"Plug-in meteorol\u00f3gico GoDaddy","h1_caption":"Forne\u00e7a a previs\u00e3o do tempo para qualquer ponto do mapa em seu site","application_category":[],"applications_title":"","applications_request_title":"","applications_request_button_text":"","hero_text":"","hero_video":"","hero_video_schema_markup":"","selling_points_title":"","selling_points_caption":"","selling_points":[],"selling_points_cta_text":"","features_title":"","features":"","ed_cta_examples_text":"","ed_cta_examples_hidden":"","ed_cta_demo_text":"","ed_cta_demo_hidden":"","why_caption":"","why_editor_title":"","why_editor_text":"","why_team_title":"","why_team_text":"","why_service_title":"","why_service_text":"","template_catalog_visible":"0","template_catalog_title":"","template_catalog_text":"","template_catalog_categories_visible":"","demo_title":"Crie seu plugin de clima","demo_caption":"Configure seu clima e adicione-o ao site GoDaddy gratuitamente!","default_faq_hidden":"","app_template_category":[],"platform":"4908","template_public_id":"","codecanyon_url":"","codecanyon_item_id":"","codecanyon_price":"","pricing_caption":"","pricing_elfsight_apps_hide_column":"","pricing_elfsight_apps_url":"","pricing_codecanyon_price_caption":"","integration_category":[],"integration_request_title":"","integration_request_cta":"","integration_platform":"","integrations":[],"platform_category":[],"video_schema_markup":"","price":"a partir de US$ 0\/m\u00eas","trial":"","benefits":[{"text":"Ajuda de instala\u00e7\u00e3o gratuita"},{"text":"Suporte excepcional"},{"text":"Garantia de reembolso de 14 dias"},{"text":"Atualiza\u00e7\u00f5es regulares"}],"button_url":"#demo","button_target_blank":"0","button_nofollow":"0","attributes":[{"name":"Instala\u00e7\u00f5es","content":"10,000 - 100,000"},{"name":"Responsivo","content":"Sim"},{"name":"Navegadores compat\u00edveis","content":"IE11, Firefox, Safari, Opera, Chrome, Edge"}],"tags":[],"tags_disable_links":"0","hide_more_platforms":"0","video_object":"","demo_hide_cta":"0","demo_hide_cloud_options":"0","pricing_title":"","pricing":[{"pricing_icon":"platform","pricing_title":"Elfsight Apps","pricing_title_caption":"Software independente de plataforma adequado para qualquer site","pricing_price":"a partir de US$ 0\/m\u00eas","pricing_price_caption":"comece com plano gratuito","pricing_benefits":[{"text":"Sites ilimitados"},{"text":"Suporte gratuito e pontual"},{"text":"Suporte gratuito e pontual"},{"text":"100% personaliz\u00e1vel"}],"pricing_button_text":"Adicionar ao site","pricing_button_url":"#demo"}],"related_apps_title":"","related_apps_hidden":"0","author":"","image":[],"title":"","job":"","social_networks":[]},"_links":{"self":[{"href":"https:\/\/elfsight.com\/pt\/wp-json\/wp\/v2\/pages\/8722","targetHints":{"allow":["GET"]}}],"collection":[{"href":"https:\/\/elfsight.com\/pt\/wp-json\/wp\/v2\/pages"}],"about":[{"href":"https:\/\/elfsight.com\/pt\/wp-json\/wp\/v2\/types\/page"}],"author":[{"embeddable":true,"href":"https:\/\/elfsight.com\/pt\/wp-json\/wp\/v2\/users\/9"}],"replies":[{"embeddable":true,"href":"https:\/\/elfsight.com\/pt\/wp-json\/wp\/v2\/comments?post=8722"}],"version-history":[{"count":2,"href":"https:\/\/elfsight.com\/pt\/wp-json\/wp\/v2\/pages\/8722\/revisions"}],"predecessor-version":[{"id":14642,"href":"https:\/\/elfsight.com\/pt\/wp-json\/wp\/v2\/pages\/8722\/revisions\/14642"}],"up":[{"embeddable":true,"href":"https:\/\/elfsight.com\/pt\/wp-json\/wp\/v2\/pages\/1182"}],"wp:attachment":[{"href":"https:\/\/elfsight.com\/pt\/wp-json\/wp\/v2\/media?parent=8722"}],"curies":[{"name":"wp","href":"https:\/\/api.w.org\/{rel}","templated":true}]}}