{"id":8720,"date":"1970-01-01T00:00:00","date_gmt":"1970-01-01T00:00:00","guid":{"rendered":"https:\/\/elfsight.com\/pt\/?page_id=8720"},"modified":"2025-03-07T14:27:20","modified_gmt":"2025-03-07T14:27:20","slug":"jimdo","status":"publish","type":"page","link":"https:\/\/elfsight.com\/pt\/weather-widget\/jimdo\/","title":{"rendered":"Weather &#8211; Jimdo"},"content":{"rendered":"\n<div class=\"application-platform-content-item-description application-platform-content-item\" id=\"description\" data-nav-section=\"description\"><h2>Descri\u00e7\u00e3o<\/h2> <p>Elfsight Weather \u00e9 um plugin de site \u00fatil e facilmente adapt\u00e1vel para fornecer aos seus usu\u00e1rios informa\u00e7\u00f5es meteorol\u00f3gicas atualizadas para qualquer ponto do mapa. Um local pelo t\u00edtulo, CEP ou coordenadas. Os visitantes do site poder\u00e3o verificar os dados atualizados sobre temperatura, press\u00e3o, umidade e elementos clim\u00e1ticos. Voc\u00ea tamb\u00e9m pode mostrar previs\u00f5es hor\u00e1rias ou di\u00e1rias. Voc\u00ea pode personalizar a interface usando imagens de fundo com tema clim\u00e1tico e a op\u00e7\u00e3o de aplicar cores personalizadas. <\/p> <p><b>Aumente as vendas de produtos sazonais exibindo previs\u00f5es meteorol\u00f3gicas precisas em seu site! <\/b><\/p> <\/div> <div class=\"application-platform-content-item-features application-platform-content-item\" id=\"features\" data-nav-section=\"features\"> <h2>Oferecemos recursos \u00fateis e descomplicados, confira alguns deles: <\/h2> <ul><li>Exibir o clima atual em qualquer lugar do mundo<\/li><li>Tr\u00eas maneiras de inserir a localiza\u00e7\u00e3o: o nome, o CEP e as coordenadas<\/li><li>Unidades de temperatura Fahrenheit ou Celsius<\/li><li>5 variantes do configura\u00e7\u00e3o do widget para exibir mais ou menos dados<\/li><li>A op\u00e7\u00e3o de exibir a previs\u00e3o di\u00e1ria para a semana seguinte com datas<\/li><li>Mostrar o tempo de hora em hora para as pr\u00f3ximas doze horas<\/li><li> Ative ou desative a anima\u00e7\u00e3o dos \u00edcones<\/li><li>A op\u00e7\u00e3o de mostrar uma imagem tem\u00e1tica do clima refletindo as condi\u00e7\u00f5es atuais<\/li><\/ul><p><a href=\"#demo\">Experimente esta demonstra\u00e7\u00e3o para ver quanto vale o widget<\/a><\/p> <\/div> <div class=\"application-platform-content-item-installation application-platform-content-item\" id=\"installation\" data-nav-section=\"installation\"> <h2>Como incorporo o Weather no meu site Jimdo? <\/h2> <p>Basta aplicar as instru\u00e7\u00f5es abaixo para adicionar o widget. <\/p> <ol><li><b>Realize nosso configurador gratuito e comece a construir seu instrumento personalizado. <\/b><br> Escolha a forma e os par\u00e2metros adequados do widget e salve as modifica\u00e7\u00f5es. <\/li> <li><b>Adquira o seu c\u00f3digo exclusivo que aparece na caixa dos aplicativos da Elfsight. <\/b><br> Quando a configura\u00e7\u00e3o do seu widget estiver conclu\u00edda, copie o c\u00f3digo pessoal no popup e guarde-o para futuras necessidades. <\/li> <li><b>Entre usando o widget em seu site Jimdo. <\/b><br> Adicione o c\u00f3digo que voc\u00ea salvou recentemente em sua p\u00e1gina e aplique as modifica\u00e7\u00f5es. <\/li> <li><b>Conclu\u00eddo! A incorpora\u00e7\u00e3o \u00e9 totalmente executada. <\/b><br> Visite seu site para ver como o widget est\u00e1 funcionando. <\/li><\/ol> <p>Caso voc\u00ea tenha alguma complica\u00e7\u00e3o, entre em contato com nossa equipe de atendimento ao cliente. Nosso pessoal deseja ajud\u00e1-lo com todos os problemas que voc\u00ea possa ter com a ferramenta. <\/p> <div class=\"faq\" data-component=\"FAQ\"><div class=\"faq-item\">\r\n\t\t\t\t\t<div class=\"faq-item-question\">\r\n\t\t\t\t\t\t<h3 class=\"faq-item-question-text\">Como posso adicionar Weather ao meu site Jimdo sem nenhum conhecimento de codifica\u00e7\u00e3o?<\/h3>\r\n\r\n\t\t\t\t\t\t<div class=\"faq-item-question-icon\"><\/div>\r\n\t\t\t\t\t<\/div>\r\n\r\n\t\t\t\t\t<div class=\"faq-item-answer\">\r\n\t\t\t\t\t\t<div class=\"faq-item-answer-text\"> <p>A empresa Elfsight fornece uma solu\u00e7\u00e3o que permite que voc\u00ea mesmo crie um plugin Weather, saiba como ele \u00e9 simples: comece a trabalhar diretamente no Editor ao vivo para criar um widget de clima que voc\u00ea gostaria de incluir no Jimdo. Escolha um de nossos modelos prontos e altere as configura\u00e7\u00f5es de clima, altere o layout e o esquema de cores, adicione seu conte\u00fado, sem nenhuma experi\u00eancia de codifica\u00e7\u00e3o. Clique para salvar as configura\u00e7\u00f5es feitas no Weather e copie o c\u00f3digo de instala\u00e7\u00e3o, que voc\u00ea pode incorporar na p\u00e1gina do Jimdo sem a necessidade de comprar uma assinatura paga. Trabalhando em nosso configurador f\u00e1cil de usar, cada usu\u00e1rio da Internet pode criar um aplicativo de clima on-line e incorpor\u00e1-lo facilmente em qualquer p\u00e1gina inicial do Jimdo. N\u00e3o h\u00e1 necessidade de pagar ou inserir os dados do seu cart\u00e3o para acessar nosso Editor. Se voc\u00ea enfrentar qualquer tipo de problema, n\u00e3o hesite em falar com nosso suporte t\u00e9cnico ao cliente.<\/p> <\/div>\r\n\t\t\t\t\t<\/div>\r\n\t\t\t\t<\/div> <\/div><\/div>\n","protected":false},"excerpt":{"rendered":"","protected":false},"author":9,"featured_media":0,"parent":1182,"menu_order":0,"comment_status":"closed","ping_status":"closed","template":"templates\/template-application-platform.php","meta":{"publish_to_discourse":"","publish_post_category":"","wpdc_auto_publish_overridden":"","wpdc_topic_tags":"","wpdc_pin_topic":"","wpdc_pin_until":"","discourse_post_id":"","discourse_permalink":"","wpdc_publishing_response":"","wpdc_publishing_error":"","footnotes":""},"class_list":["post-8720","page","type-page","status-publish","hentry"],"yoast_head":"<!-- This site is optimized with the Yoast SEO plugin v25.3.1 - https:\/\/yoast.com\/wordpress\/plugins\/seo\/ -->\n<title>Adicionar widget de clima ao site Jimdo (gratuito e r\u00e1pido)<\/title>\n<meta name=\"description\" content=\"\u00c9 absolutamente simples criar seu widget de clima e public\u00e1-lo em seu site Jimdo. O atendimento ao cliente da Elfsight \u00e9 gratuito.\" \/>\n<meta name=\"robots\" content=\"index, follow, max-snippet:-1, max-image-preview:large, max-video-preview:-1\" \/>\n<link rel=\"canonical\" href=\"https:\/\/elfsight.com\/pt\/weather-widget\/jimdo\/\" \/>\n<meta property=\"og:locale\" content=\"pt_PT\" \/>\n<meta property=\"og:type\" content=\"article\" \/>\n<meta property=\"og:title\" content=\"Adicionar widget de clima ao site Jimdo (gratuito e r\u00e1pido)\" \/>\n<meta property=\"og:description\" content=\"\u00c9 absolutamente simples criar seu widget de clima e public\u00e1-lo em seu site Jimdo. O atendimento ao cliente da Elfsight \u00e9 gratuito.\" \/>\n<meta property=\"og:url\" content=\"https:\/\/elfsight.com\/pt\/weather-widget\/jimdo\/\" \/>\n<meta property=\"og:site_name\" content=\"Elfsight PT\" \/>\n<meta property=\"article:modified_time\" content=\"2025-03-07T14:27:20+00:00\" \/>\n<meta name=\"twitter:card\" content=\"summary_large_image\" \/>\n<meta name=\"twitter:label1\" content=\"Tempo estimado de leitura\" \/>\n\t<meta name=\"twitter:data1\" content=\"3 minutos\" \/>\n<!-- \/ Yoast SEO plugin. -->","yoast_head_json":{"title":"Adicionar widget de clima ao site Jimdo (gratuito e r\u00e1pido)","description":"\u00c9 absolutamente simples criar seu widget de clima e public\u00e1-lo em seu site Jimdo. O atendimento ao cliente da Elfsight \u00e9 gratuito.","robots":{"index":"index","follow":"follow","max-snippet":"max-snippet:-1","max-image-preview":"max-image-preview:large","max-video-preview":"max-video-preview:-1"},"canonical":"https:\/\/elfsight.com\/pt\/weather-widget\/jimdo\/","og_locale":"pt_PT","og_type":"article","og_title":"Adicionar widget de clima ao site Jimdo (gratuito e r\u00e1pido)","og_description":"\u00c9 absolutamente simples criar seu widget de clima e public\u00e1-lo em seu site Jimdo. O atendimento ao cliente da Elfsight \u00e9 gratuito.","og_url":"https:\/\/elfsight.com\/pt\/weather-widget\/jimdo\/","og_site_name":"Elfsight PT","article_modified_time":"2025-03-07T14:27:20+00:00","twitter_card":"summary_large_image","twitter_misc":{"Tempo estimado de leitura":"3 minutos"},"schema":{"@context":"https:\/\/schema.org","@graph":[{"@type":"WebPage","@id":"https:\/\/elfsight.com\/pt\/weather-widget\/jimdo\/","url":"https:\/\/elfsight.com\/pt\/weather-widget\/jimdo\/","name":"Adicionar widget de clima ao site Jimdo (gratuito e r\u00e1pido)","isPartOf":{"@id":"https:\/\/elfsight.com\/pt\/#website"},"datePublished":"1970-01-01T00:00:00+00:00","dateModified":"2025-03-07T14:27:20+00:00","description":"\u00c9 absolutamente simples criar seu widget de clima e public\u00e1-lo em seu site Jimdo. O atendimento ao cliente da Elfsight \u00e9 gratuito.","breadcrumb":{"@id":"https:\/\/elfsight.com\/pt\/weather-widget\/jimdo\/#breadcrumb"},"inLanguage":"pt-PT","potentialAction":[{"@type":"ReadAction","target":["https:\/\/elfsight.com\/pt\/weather-widget\/jimdo\/"]}]},{"@type":"BreadcrumbList","@id":"https:\/\/elfsight.com\/pt\/weather-widget\/jimdo\/#breadcrumb","itemListElement":[{"@type":"ListItem","position":1,"name":"Home","item":"https:\/\/elfsight.com\/pt\/"},{"@type":"ListItem","position":2,"name":"Weather","item":"https:\/\/elfsight.com\/pt\/weather-widget\/"},{"@type":"ListItem","position":3,"name":"Weather &#8211; Jimdo"}]},{"@type":"WebSite","@id":"https:\/\/elfsight.com\/pt\/#website","url":"https:\/\/elfsight.com\/pt\/","name":"Elfsight PT","description":"Just another Elfsight Sites site","potentialAction":[{"@type":"SearchAction","target":{"@type":"EntryPoint","urlTemplate":"https:\/\/elfsight.com\/pt\/?s={search_term_string}"},"query-input":{"@type":"PropertyValueSpecification","valueRequired":true,"valueName":"search_term_string"}}],"inLanguage":"pt-PT"}]}},"meta_box":{"industry":"","seo_heading":"","heading":"","description":"","cta_heading":"","cta_description":"","application":"1181","h1":"Widget meteorol\u00f3gico Jimdo","h1_caption":"Forne\u00e7a a previs\u00e3o do tempo para qualquer ponto do mapa em seu site","application_category":[],"applications_title":"","applications_request_title":"","applications_request_button_text":"","hero_text":"","hero_video":"","hero_video_schema_markup":"","selling_points_title":"","selling_points_caption":"","selling_points":[],"selling_points_cta_text":"","features_title":"","features":"","ed_cta_examples_text":"","ed_cta_examples_hidden":"","ed_cta_demo_text":"","ed_cta_demo_hidden":"","why_caption":"","why_editor_title":"","why_editor_text":"","why_team_title":"","why_team_text":"","why_service_title":"","why_service_text":"","template_catalog_visible":"0","template_catalog_title":"","template_catalog_text":"","template_catalog_categories_visible":"","demo_title":"Crie seu widget de clima","demo_caption":"Configure seu clima e adicione-o ao seu site Jimdo gratuitamente!","default_faq_hidden":"","app_template_category":[],"platform":"5393","template_public_id":"","codecanyon_url":"","codecanyon_item_id":"","codecanyon_price":"","pricing_caption":"","pricing_elfsight_apps_hide_column":"","pricing_elfsight_apps_url":"","pricing_codecanyon_price_caption":"","integration_category":[],"integration_request_title":"","integration_request_cta":"","integration_platform":"","integrations":[],"platform_category":[],"video_schema_markup":"","price":"a partir de US$ 0\/m\u00eas","trial":"","benefits":[{"text":"Ajuda de instala\u00e7\u00e3o gratuita"},{"text":"Suporte premium"},{"text":"Garantia de devolu\u00e7\u00e3o do dinheiro em 14 dias"},{"text":"Atualiza\u00e7\u00f5es gratuitas vital\u00edcias"}],"button_url":"#demo","button_target_blank":"0","button_nofollow":"0","attributes":[{"name":"Instala\u00e7\u00f5es","content":"10,000 - 100,000"},{"name":"Responsivo","content":"Melhor para celular"},{"name":"Navegadores compat\u00edveis","content":"Firefox, Safari, Opera, Chrome, Edge"}],"tags":[],"tags_disable_links":"0","hide_more_platforms":"0","video_object":"","demo_hide_cta":"0","demo_hide_cloud_options":"0","pricing_title":"","pricing":[{"pricing_icon":"platform","pricing_title":"Elfsight Apps","pricing_title_caption":"Solu\u00e7\u00e3o multiplataforma que funciona em qualquer site","pricing_price":"a partir de US$ 0\/m\u00eas","pricing_price_caption":"comece com plano gratuito","pricing_benefits":[{"text":"Dom\u00ednios ilimitados"},{"text":"Suporte profissional ao cliente"},{"text":"Suporte profissional ao cliente"},{"text":"Totalmente personaliz\u00e1vel"}],"pricing_button_text":"Adicionar ao site","pricing_button_url":"#demo"}],"related_apps_title":"","related_apps_hidden":"0","author":"","image":[],"title":"","job":"","social_networks":[]},"_links":{"self":[{"href":"https:\/\/elfsight.com\/pt\/wp-json\/wp\/v2\/pages\/8720","targetHints":{"allow":["GET"]}}],"collection":[{"href":"https:\/\/elfsight.com\/pt\/wp-json\/wp\/v2\/pages"}],"about":[{"href":"https:\/\/elfsight.com\/pt\/wp-json\/wp\/v2\/types\/page"}],"author":[{"embeddable":true,"href":"https:\/\/elfsight.com\/pt\/wp-json\/wp\/v2\/users\/9"}],"replies":[{"embeddable":true,"href":"https:\/\/elfsight.com\/pt\/wp-json\/wp\/v2\/comments?post=8720"}],"version-history":[{"count":2,"href":"https:\/\/elfsight.com\/pt\/wp-json\/wp\/v2\/pages\/8720\/revisions"}],"predecessor-version":[{"id":14643,"href":"https:\/\/elfsight.com\/pt\/wp-json\/wp\/v2\/pages\/8720\/revisions\/14643"}],"up":[{"embeddable":true,"href":"https:\/\/elfsight.com\/pt\/wp-json\/wp\/v2\/pages\/1182"}],"wp:attachment":[{"href":"https:\/\/elfsight.com\/pt\/wp-json\/wp\/v2\/media?parent=8720"}],"curies":[{"name":"wp","href":"https:\/\/api.w.org\/{rel}","templated":true}]}}