{"id":8713,"date":"1970-01-01T00:00:00","date_gmt":"1970-01-01T00:00:00","guid":{"rendered":"https:\/\/elfsight.com\/pt\/?page_id=8713"},"modified":"2024-06-25T11:43:03","modified_gmt":"2024-06-25T11:43:03","slug":"blogger","status":"publish","type":"page","link":"https:\/\/elfsight.com\/pt\/visitor-counter-widget\/blogger\/","title":{"rendered":"Visitor Counter  &#8211; Blogger"},"content":{"rendered":"<div class=\"application-platform-content-item-description application-platform-content-item\" id=\"description\" data-nav-section=\"description\"> <h2>Descri\u00e7\u00e3o<\/h2> <p> O Contador de visitantes do Blogger \u00e9 um widget simples que permite verificar o n\u00famero de visitantes e o m\u00e1ximo p\u00e1ginas populares visualizadas dentro de um intervalo exato de tempo. As estat\u00edsticas b\u00e1sicas agora s\u00e3o f\u00e1ceis de verificar, sem a necessidade de especialistas extras. Se precisar, demonstre o widget diretamente no seu site e garanta aos usu\u00e1rios que voc\u00ea \u00e9 uma empresa respeit\u00e1vel. Com nossas oportunidades elegantes e personalizadas para o usu\u00e1rio e layouts \u00fateis, voc\u00ea pode adicionar o widget \u00e0 sua p\u00e1gina em apenas alguns segundos. <\/p> <p><b>Experimente aplicar o Use Visitor Counter para planejar sua estrat\u00e9gia de e-commerce e atingir seus objetivos com mais efici\u00eancia! <\/b><\/p><\/div> <div class=\"application-platform-content-item-features application-platform-content-item\" id=\"features\" data-nav-section=\"features\"><h2>Confira a lista dos melhores recursos: <\/h2> <ul><li>F\u00e1cil de gerenciar sem conhecimento espec\u00edfico de SEO e codifica\u00e7\u00e3o necess\u00e1ria<\/li><li>Uma grande variedade de per\u00edodos de tempo para contar suas m\u00e9tricas<\/li><li> Layouts pr\u00e1ticos para formar todas as informa\u00e7\u00f5es de maneira pr\u00e1tica <\/li><li>Cores claras, escuras e personaliz\u00e1veis esquemas para ajustar a ferramenta <\/li><li> Escolha o tamanho e peso da fonte <\/li><li> F\u00e1cil de adicionar no site, mesmo para usu\u00e1rios n\u00e3o t\u00e9cnicos <\/li><\/ul><p><a href=\"#demo\">Teste todos os recursos de personaliza\u00e7\u00e3o em uma demonstra\u00e7\u00e3o completa<\/a><\/p> <\/div> <div class=\"application-platform-content-item-installation application-platform-content-item\" id=\"installation\" data-nav-section=\"installation\"> <h2>Como adicionar o contador de visitantes ao meu site do Blogger? <\/h2> <div class=\"video-container\"><iframe width=\"720\" height=\"405\" src=\"https:\/\/www.youtube.com\/embed\/08Dl5-sSn44\" frameborder=\"0\" allowfullscreen=\"\"><\/iframe><\/div><p>Basta aplicar as instru\u00e7\u00f5es abaixo para come\u00e7ar a usar o plugin: <\/p> <ol><li><b>Abra nosso Hit Counter de demonstra\u00e7\u00e3o gratuito e comece a criar online Widget de contador de visitantes para o seu site. <\/b><br> Personalize a interface e a funcionalidade do widget e aplique as edi\u00e7\u00f5es. <\/li> <li><b>Obtenha o c\u00f3digo exclusivo revelado na caixa dos aplicativos Elfsight. <\/b><br> Ap\u00f3s a customiza\u00e7\u00e3o de sua ferramenta, copie o c\u00f3digo individual na caixa que surgiu e guarde-o para futuras necessidades. <\/li> <li><b>Comece a aplicar o widget na sua p\u00e1gina do Blogger. <\/b><br> Coloque o c\u00f3digo salvo anteriormente em sua p\u00e1gina web e salve os ajustes. <\/li> <li><b>Pronto! A incorpora\u00e7\u00e3o foi realizada com sucesso. <\/b><br> Acesse sua p\u00e1gina da web para ver como o widget est\u00e1 funcionando. <\/li><\/ol> <p>Na condi\u00e7\u00e3o de enfrentar d\u00favidas ou encontrar alguma dificuldade, n\u00e3o hesite em recorrer \u00e0 nossa equipe de suporte. Nossos consultores desejam ajud\u00e1-lo com todos os problemas que voc\u00ea possa ter com o widget. <\/p> <div class=\"faq\" data-component=\"FAQ\"><div class=\"faq-item\">\r\n\t\t\t\t\t<div class=\"faq-item-question\">\r\n\t\t\t\t\t\t<h3 class=\"faq-item-question-text\">De que forma \u00e9 poss\u00edvel adicionar o contador de visitantes ao meu site do Blogger sem nenhum conhecimento de codifica\u00e7\u00e3o?<\/h3>\r\n\r\n\t\t\t\t\t\t<div class=\"faq-item-question-icon\"><\/div>\r\n\t\t\t\t\t<\/div>\r\n\r\n\t\t\t\t\t<div class=\"faq-item-answer\">\r\n\t\t\t\t\t\t<div class=\"faq-item-answer-text\"> <p>A Elfsight fornece uma solu\u00e7\u00e3o que permite que voc\u00ea mesmo estabele\u00e7a um widget de contador de visitantes, veja como \u00e9 simples: comece a trabalhar direto na demonstra\u00e7\u00e3o online para formar um plugin de contador de visitantes que voc\u00ea gostaria de ver em seu site do Blogger. Clique em um dos modelos pr\u00e9-desenhados e adapte as configura\u00e7\u00f5es do Balc\u00e3o de Visitantes, altere o layout e a cor dos elementos incluindo o seu conte\u00fado, sem nenhuma experi\u00eancia de codifica\u00e7\u00e3o. Salve as configura\u00e7\u00f5es feitas no Contador de visitantes e obtenha o c\u00f3digo de instala\u00e7\u00e3o, que voc\u00ea pode incorporar facilmente na p\u00e1gina do Blogger sem comprar uma assinatura paga. Usando o Editor f\u00e1cil de usar, cada usu\u00e1rio da web pode criar um aplicativo de contador de visitantes on-line e incorpor\u00e1-lo facilmente \u00e0 sua p\u00e1gina da web do Blogger. N\u00e3o h\u00e1 necessidade de pagar ou enviar os dados do seu cart\u00e3o para entrar no Elfsight Editor. Se voc\u00ea tiver algum problema em qualquer etapa, entre em contato com nossa equipe de suporte.<\/p> <\/div>\r\n\t\t\t\t\t<\/div>\r\n\t\t\t\t<\/div> <\/div><\/div>","protected":false},"excerpt":{"rendered":"","protected":false},"author":9,"featured_media":0,"parent":1255,"menu_order":0,"comment_status":"closed","ping_status":"closed","template":"templates\/template-application-platform.php","meta":{"publish_to_discourse":"","publish_post_category":"","wpdc_auto_publish_overridden":"","wpdc_topic_tags":"","wpdc_pin_topic":"","wpdc_pin_until":"","discourse_post_id":"","discourse_permalink":"","wpdc_publishing_response":"","wpdc_publishing_error":"","footnotes":""},"class_list":["post-8713","page","type-page","status-publish","hentry"],"yoast_head":"<!-- This site is optimized with the Yoast SEO plugin v25.3.1 - https:\/\/yoast.com\/wordpress\/plugins\/seo\/ -->\n<title>Adicione o melhor contador de visitantes ao site do Blogger (r\u00e1pido e gratuito)<\/title>\n<meta name=\"description\" content=\"\u00c9 perfeitamente simples criar seu melhor widget de contador de visitantes e adicion\u00e1-lo ao site. Comece seu pr\u00f3prio contador de visualiza\u00e7\u00f5es para o site do Blogger agora mesmo!\" \/>\n<meta name=\"robots\" content=\"index, follow, max-snippet:-1, max-image-preview:large, max-video-preview:-1\" \/>\n<link rel=\"canonical\" href=\"https:\/\/elfsight.com\/pt\/visitor-counter-widget\/blogger\/\" \/>\n<meta property=\"og:locale\" content=\"pt_PT\" \/>\n<meta property=\"og:type\" content=\"article\" \/>\n<meta property=\"og:title\" content=\"Adicione o melhor contador de visitantes ao site do Blogger (r\u00e1pido e gratuito)\" \/>\n<meta property=\"og:description\" content=\"\u00c9 perfeitamente simples criar seu melhor widget de contador de visitantes e adicion\u00e1-lo ao site. Comece seu pr\u00f3prio contador de visualiza\u00e7\u00f5es para o site do Blogger agora mesmo!\" \/>\n<meta property=\"og:url\" content=\"https:\/\/elfsight.com\/pt\/visitor-counter-widget\/blogger\/\" \/>\n<meta property=\"og:site_name\" content=\"Elfsight PT\" \/>\n<meta property=\"article:modified_time\" content=\"2024-06-25T11:43:03+00:00\" \/>\n<meta name=\"twitter:card\" content=\"summary_large_image\" \/>\n<meta name=\"twitter:label1\" content=\"Tempo estimado de leitura\" \/>\n\t<meta name=\"twitter:data1\" content=\"3 minutos\" \/>\n<!-- \/ Yoast SEO plugin. -->","yoast_head_json":{"title":"Adicione o melhor contador de visitantes ao site do Blogger (r\u00e1pido e gratuito)","description":"\u00c9 perfeitamente simples criar seu melhor widget de contador de visitantes e adicion\u00e1-lo ao site. Comece seu pr\u00f3prio contador de visualiza\u00e7\u00f5es para o site do Blogger agora mesmo!","robots":{"index":"index","follow":"follow","max-snippet":"max-snippet:-1","max-image-preview":"max-image-preview:large","max-video-preview":"max-video-preview:-1"},"canonical":"https:\/\/elfsight.com\/pt\/visitor-counter-widget\/blogger\/","og_locale":"pt_PT","og_type":"article","og_title":"Adicione o melhor contador de visitantes ao site do Blogger (r\u00e1pido e gratuito)","og_description":"\u00c9 perfeitamente simples criar seu melhor widget de contador de visitantes e adicion\u00e1-lo ao site. Comece seu pr\u00f3prio contador de visualiza\u00e7\u00f5es para o site do Blogger agora mesmo!","og_url":"https:\/\/elfsight.com\/pt\/visitor-counter-widget\/blogger\/","og_site_name":"Elfsight PT","article_modified_time":"2024-06-25T11:43:03+00:00","twitter_card":"summary_large_image","twitter_misc":{"Tempo estimado de leitura":"3 minutos"},"schema":{"@context":"https:\/\/schema.org","@graph":[{"@type":"WebPage","@id":"https:\/\/elfsight.com\/pt\/visitor-counter-widget\/blogger\/","url":"https:\/\/elfsight.com\/pt\/visitor-counter-widget\/blogger\/","name":"Adicione o melhor contador de visitantes ao site do Blogger (r\u00e1pido e gratuito)","isPartOf":{"@id":"https:\/\/elfsight.com\/pt\/#website"},"datePublished":"1970-01-01T00:00:00+00:00","dateModified":"2024-06-25T11:43:03+00:00","description":"\u00c9 perfeitamente simples criar seu melhor widget de contador de visitantes e adicion\u00e1-lo ao site. Comece seu pr\u00f3prio contador de visualiza\u00e7\u00f5es para o site do Blogger agora mesmo!","breadcrumb":{"@id":"https:\/\/elfsight.com\/pt\/visitor-counter-widget\/blogger\/#breadcrumb"},"inLanguage":"pt-PT","potentialAction":[{"@type":"ReadAction","target":["https:\/\/elfsight.com\/pt\/visitor-counter-widget\/blogger\/"]}]},{"@type":"BreadcrumbList","@id":"https:\/\/elfsight.com\/pt\/visitor-counter-widget\/blogger\/#breadcrumb","itemListElement":[{"@type":"ListItem","position":1,"name":"Home","item":"https:\/\/elfsight.com\/pt\/"},{"@type":"ListItem","position":2,"name":"Visitor Counter","item":"https:\/\/elfsight.com\/pt\/visitor-counter-widget\/"},{"@type":"ListItem","position":3,"name":"Visitor Counter &#8211; Blogger"}]},{"@type":"WebSite","@id":"https:\/\/elfsight.com\/pt\/#website","url":"https:\/\/elfsight.com\/pt\/","name":"Elfsight PT","description":"Just another Elfsight Sites site","potentialAction":[{"@type":"SearchAction","target":{"@type":"EntryPoint","urlTemplate":"https:\/\/elfsight.com\/pt\/?s={search_term_string}"},"query-input":{"@type":"PropertyValueSpecification","valueRequired":true,"valueName":"search_term_string"}}],"inLanguage":"pt-PT"}]}},"meta_box":{"industry":"","seo_heading":"","heading":"","description":"","cta_heading":"","cta_description":"","application":"1254","h1":"Widget Contador de visitantes do Blogger","h1_caption":"Verifique as estat\u00edsticas do seu site e a estrat\u00e9gia de neg\u00f3cios de n\u00edvel superior","application_category":[],"applications_title":"","applications_request_title":"","applications_request_button_text":"","hero_text":"","hero_video":"","hero_video_schema_markup":"","selling_points_title":"","selling_points_caption":"","selling_points":[],"selling_points_cta_text":"","features_title":"","features":"","ed_cta_examples_text":"","ed_cta_examples_hidden":"","ed_cta_demo_text":"","ed_cta_demo_hidden":"","why_caption":"","why_editor_title":"","why_editor_text":"","why_team_title":"","why_team_text":"","why_service_title":"","why_service_text":"","template_catalog_visible":"","template_catalog_title":"","template_catalog_text":"","template_catalog_categories_visible":"","demo_title":"Apresse-se para criar um contador de visitantes do Blogger personalizado","demo_caption":"Personalize-o e implemente o widget em sua p\u00e1gina inicial aplicando a demonstra\u00e7\u00e3o.","default_faq_hidden":"","app_template_category":[],"platform":"46","template_public_id":"","codecanyon_url":"","codecanyon_item_id":"","codecanyon_price":"","pricing_caption":"","pricing_elfsight_apps_hide_column":"","pricing_elfsight_apps_url":"","pricing_codecanyon_price_caption":"","integration_category":[],"integration_request_title":"","integration_request_cta":"","integration_platform":"","integrations":[],"platform_category":[],"video_schema_markup":"","price":"a partir de US$ 0\/m\u00eas","trial":"","benefits":[{"text":"Servi\u00e7o de instala\u00e7\u00e3o gratuito"},{"text":"Suporte premium"},{"text":"Garantia de devolu\u00e7\u00e3o do dinheiro em 14 dias"},{"text":"Atualiza\u00e7\u00f5es gratuitas vital\u00edcias"}],"button_url":"#demo","button_target_blank":"","button_nofollow":"","attributes":[{"name":"Instala\u00e7\u00f5es","content":"10,000 - 100,000"},{"name":"Responsivo","content":"Sim"},{"name":"Navegadores compat\u00edveis","content":"Firefox, Safari, Opera, Chrome, Edge"}],"tags":[],"tags_disable_links":"","hide_more_platforms":"","video_object":"","demo_hide_cta":"","demo_hide_cloud_options":"","pricing_title":"","pricing":[{"pricing_icon":"platform","pricing_title":"Elfsight Apps","pricing_title_caption":"Solu\u00e7\u00e3o independente de plataforma adequada para qualquer site","pricing_price":"a partir de US$ 0\/m\u00eas","pricing_price_caption":"comece com um plano gratuito","pricing_benefits":[{"text":"Sites ilimitados"},{"text":"Suporte dedicado e pontual"},{"text":"Suporte dedicado e pontual"},{"text":"Totalmente personaliz\u00e1vel"}],"pricing_button_text":"Adicionar ao site","pricing_button_url":"#demo"}],"related_apps_title":"","related_apps_hidden":"","author":"","image":[],"title":"","job":"","social_networks":[]},"_links":{"self":[{"href":"https:\/\/elfsight.com\/pt\/wp-json\/wp\/v2\/pages\/8713","targetHints":{"allow":["GET"]}}],"collection":[{"href":"https:\/\/elfsight.com\/pt\/wp-json\/wp\/v2\/pages"}],"about":[{"href":"https:\/\/elfsight.com\/pt\/wp-json\/wp\/v2\/types\/page"}],"author":[{"embeddable":true,"href":"https:\/\/elfsight.com\/pt\/wp-json\/wp\/v2\/users\/9"}],"replies":[{"embeddable":true,"href":"https:\/\/elfsight.com\/pt\/wp-json\/wp\/v2\/comments?post=8713"}],"version-history":[{"count":2,"href":"https:\/\/elfsight.com\/pt\/wp-json\/wp\/v2\/pages\/8713\/revisions"}],"predecessor-version":[{"id":12384,"href":"https:\/\/elfsight.com\/pt\/wp-json\/wp\/v2\/pages\/8713\/revisions\/12384"}],"up":[{"embeddable":true,"href":"https:\/\/elfsight.com\/pt\/wp-json\/wp\/v2\/pages\/1255"}],"wp:attachment":[{"href":"https:\/\/elfsight.com\/pt\/wp-json\/wp\/v2\/media?parent=8713"}],"curies":[{"name":"wp","href":"https:\/\/api.w.org\/{rel}","templated":true}]}}