{"id":8712,"date":"1970-01-01T00:00:00","date_gmt":"1970-01-01T00:00:00","guid":{"rendered":"https:\/\/elfsight.com\/pt\/?page_id=8712"},"modified":"2024-06-25T11:43:03","modified_gmt":"2024-06-25T11:43:03","slug":"drupal","status":"publish","type":"page","link":"https:\/\/elfsight.com\/pt\/visitor-counter-widget\/drupal\/","title":{"rendered":"Visitor Counter  &#8211; Drupal"},"content":{"rendered":"<div class=\"application-platform-content-item-description application-platform-content-item\" id=\"description\" data-nav-section=\"description\"> <h2>Descri\u00e7\u00e3o<\/h2> <p> O Visitor Counter for Drupal \u00e9 uma extens\u00e3o \u00fatil que permite controlar a quantidade de visitantes e as p\u00e1ginas mais populares visualizados dentro de um determinado per\u00edodo de tempo. As m\u00e9tricas essenciais agora s\u00e3o simplesmente analisadas, sem demanda de habilidades espec\u00edficas de codifica\u00e7\u00e3o ou an\u00e1lise de dados. Al\u00e9m disso, ao exibir resultados incr\u00edveis, voc\u00ea pode facilmente garantir aos visitantes a confiabilidade da sua empresa. Com nossas oportunidades elegantes e personalizadas para o usu\u00e1rio e layouts pr\u00e1ticos, voc\u00ea pode incorporar o widget ao seu site com apenas alguns cliques. <\/p> <p><b>Com o Visitor Counter analise suas m\u00e9tricas e inicie o desenvolvimento sustent\u00e1vel do neg\u00f3cio! <\/b><\/p><\/div> <div class=\"application-platform-content-item-features application-platform-content-item\" id=\"features\" data-nav-section=\"features\"><h2>Abaixo est\u00e3o os recursos fundamentais do widget: <\/h2> <ul><li>Simplesmente para usar sem demanda habilidades profissionais de an\u00e1lise de dados e codifica\u00e7\u00e3o necess\u00e1rias<\/li><li>Uma ampla escolha de intervalos de tempo para analisar suas estat\u00edsticas em detalhes<\/li><li>Layouts pr\u00e1ticos para formar todas as m\u00e9tricas de maneira pr\u00e1tica <\/li><li>Leve , Esquemas de cores escuras e personaliz\u00e1veis \u200b\u200bpara incorporar a ferramenta perfeitamente ao seu site <\/li><li>Definir o tamanho e a espessura da fonte <\/li><li>F\u00e1cil de implementar, mesmo sem habilidades de codifica\u00e7\u00e3o <\/li><\/ul><p><a href=\"#demo\">Explore todas as configura\u00e7\u00f5es na demonstra\u00e7\u00e3o completa<\/a><\/p> <\/div> <div class=\"application-platform-content-item-installation application-platform-content-item\" id=\"installation\" data-nav-section=\"installation\"> <h2>Como fa\u00e7o para incorporar o contador de visitantes no meu site Drupal? <\/h2> <div class=\"video-container\"><iframe width=\"720\" height=\"405\" src=\"https:\/\/www.youtube.com\/embed\/5e8fRJvw_TY\" frameborder=\"0\" allowfullscreen=\"\"><\/iframe><\/div><p>Basta seguir as diretrizes abaixo para incorporar o widget: <\/p> <ol><li><b>Abra nosso editor gratuito e comece a formar seu m\u00f3dulo personalizado. <\/b><br> Determine a apar\u00eancia e os aspectos adequados do m\u00f3dulo e salve todas as corre\u00e7\u00f5es. <\/li> <li><b>Obtenha seu c\u00f3digo exclusivo que aparece na caixa dos aplicativos Elfsight. <\/b><br> Assim que a customiza\u00e7\u00e3o do seu m\u00f3dulo pessoal terminar, copie seu c\u00f3digo na janela que surgir e salve-o para uso posterior. <\/li> <li><b>Comece a usar o m\u00f3dulo Hit Counter na p\u00e1gina web do Drupal. <\/b><br> Incorpore o c\u00f3digo que voc\u00ea copiou anteriormente em sua p\u00e1gina web e aplique as modifica\u00e7\u00f5es. <\/li> <li><b>A instala\u00e7\u00e3o foi realizada com sucesso. <\/b><br> Visite seu site para verificar como o m\u00f3dulo est\u00e1 funcionando. <\/li><\/ol><p>Na condi\u00e7\u00e3o de lidar com d\u00favidas ou enfrentar qualquer dificuldade, entre em contato com nossa equipe de atendimento ao cliente. Nossos especialistas ter\u00e3o prazer em resolver todas as dificuldades que voc\u00ea possa ter com o m\u00f3dulo. <\/p> <div class=\"faq\" data-component=\"FAQ\"><div class=\"faq-item\">\r\n\t\t\t\t\t<div class=\"faq-item-question\">\r\n\t\t\t\t\t\t<h3 class=\"faq-item-question-text\">Existe uma op\u00e7\u00e3o para adicionar um contador de visitantes \u00e0 minha p\u00e1gina Drupal sem habilidades de codifica\u00e7\u00e3o?<\/h3>\r\n\r\n\t\t\t\t\t\t<div class=\"faq-item-question-icon\"><\/div>\r\n\t\t\t\t\t<\/div>\r\n\r\n\t\t\t\t\t<div class=\"faq-item-answer\">\r\n\t\t\t\t\t\t<div class=\"faq-item-answer-text\"> <p>A Elfsight fornece uma solu\u00e7\u00e3o na nuvem que permite que os propriet\u00e1rios de sites criem voc\u00ea mesmo um plug-in de contador de visitantes, verifique as etapas f\u00e1ceis: Comece a trabalhar na demonstra\u00e7\u00e3o online para estabelecer um aplicativo de contador de visitantes que voc\u00ea gostaria que aparecesse na p\u00e1gina da web do Drupal. Escolha um dos muitos modelos pr\u00e9-concebidos e ajuste as configura\u00e7\u00f5es do contador de visitantes, altere o layout e o esquema de cores e atualize seu conte\u00fado, sem codifica\u00e7\u00e3o. Clique para salvar o Contador de Visitantes e obter o c\u00f3digo de instala\u00e7\u00e3o do widget, que voc\u00ea pode incluir em qualquer p\u00e1gina inicial do Drupal sem a necessidade de adquirir uma assinatura paga. Trabalhando em nosso configurador intuitivo, cada usu\u00e1rio da Internet pode formar uma se\u00e7\u00e3o de contador de visitantes e incorpor\u00e1-la na p\u00e1gina inicial do Drupal. N\u00e3o h\u00e1 necessidade de obter uma assinatura paga ou enviar as credenciais do seu cart\u00e3o para acessar nosso Editor. Se voc\u00ea encontrar algum problema em qualquer etapa, n\u00e3o hesite em entrar em contato com nossa equipe de suporte t\u00e9cnico.<\/p> <\/div>\r\n\t\t\t\t\t<\/div>\r\n\t\t\t\t<\/div> <\/div><\/div>","protected":false},"excerpt":{"rendered":"","protected":false},"author":9,"featured_media":0,"parent":1255,"menu_order":0,"comment_status":"closed","ping_status":"closed","template":"templates\/template-application-platform.php","meta":{"publish_to_discourse":"","publish_post_category":"","wpdc_auto_publish_overridden":"","wpdc_topic_tags":"","wpdc_pin_topic":"","wpdc_pin_until":"","discourse_post_id":"","discourse_permalink":"","wpdc_publishing_response":"","wpdc_publishing_error":"","footnotes":""},"class_list":["post-8712","page","type-page","status-publish","hentry"],"yoast_head":"<!-- This site is optimized with the Yoast SEO plugin v25.3.1 - https:\/\/yoast.com\/wordpress\/plugins\/seo\/ -->\n<title>Contador de visitantes \u2013 Adicione contador de visitantes ao site Drupal (gratuito e r\u00e1pido)<\/title>\n<meta name=\"description\" content=\"Crie seu melhor widget de contador de visitantes e incorpore-o ao seu site com facilidade. Temos suporte gratuito ao cliente e mais b\u00f4nus.\" \/>\n<meta name=\"robots\" content=\"index, follow, max-snippet:-1, max-image-preview:large, max-video-preview:-1\" \/>\n<link rel=\"canonical\" href=\"https:\/\/elfsight.com\/pt\/visitor-counter-widget\/drupal\/\" \/>\n<meta property=\"og:locale\" content=\"pt_PT\" \/>\n<meta property=\"og:type\" content=\"article\" \/>\n<meta property=\"og:title\" content=\"Contador de visitantes \u2013 Adicione contador de visitantes ao site Drupal (gratuito e r\u00e1pido)\" \/>\n<meta property=\"og:description\" content=\"Crie seu melhor widget de contador de visitantes e incorpore-o ao seu site com facilidade. Temos suporte gratuito ao cliente e mais b\u00f4nus.\" \/>\n<meta property=\"og:url\" content=\"https:\/\/elfsight.com\/pt\/visitor-counter-widget\/drupal\/\" \/>\n<meta property=\"og:site_name\" content=\"Elfsight PT\" \/>\n<meta property=\"article:modified_time\" content=\"2024-06-25T11:43:03+00:00\" \/>\n<meta name=\"twitter:card\" content=\"summary_large_image\" \/>\n<meta name=\"twitter:label1\" content=\"Tempo estimado de leitura\" \/>\n\t<meta name=\"twitter:data1\" content=\"3 minutos\" \/>\n<!-- \/ Yoast SEO plugin. -->","yoast_head_json":{"title":"Contador de visitantes \u2013 Adicione contador de visitantes ao site Drupal (gratuito e r\u00e1pido)","description":"Crie seu melhor widget de contador de visitantes e incorpore-o ao seu site com facilidade. Temos suporte gratuito ao cliente e mais b\u00f4nus.","robots":{"index":"index","follow":"follow","max-snippet":"max-snippet:-1","max-image-preview":"max-image-preview:large","max-video-preview":"max-video-preview:-1"},"canonical":"https:\/\/elfsight.com\/pt\/visitor-counter-widget\/drupal\/","og_locale":"pt_PT","og_type":"article","og_title":"Contador de visitantes \u2013 Adicione contador de visitantes ao site Drupal (gratuito e r\u00e1pido)","og_description":"Crie seu melhor widget de contador de visitantes e incorpore-o ao seu site com facilidade. Temos suporte gratuito ao cliente e mais b\u00f4nus.","og_url":"https:\/\/elfsight.com\/pt\/visitor-counter-widget\/drupal\/","og_site_name":"Elfsight PT","article_modified_time":"2024-06-25T11:43:03+00:00","twitter_card":"summary_large_image","twitter_misc":{"Tempo estimado de leitura":"3 minutos"},"schema":{"@context":"https:\/\/schema.org","@graph":[{"@type":"WebPage","@id":"https:\/\/elfsight.com\/pt\/visitor-counter-widget\/drupal\/","url":"https:\/\/elfsight.com\/pt\/visitor-counter-widget\/drupal\/","name":"Contador de visitantes \u2013 Adicione contador de visitantes ao site Drupal (gratuito e r\u00e1pido)","isPartOf":{"@id":"https:\/\/elfsight.com\/pt\/#website"},"datePublished":"1970-01-01T00:00:00+00:00","dateModified":"2024-06-25T11:43:03+00:00","description":"Crie seu melhor widget de contador de visitantes e incorpore-o ao seu site com facilidade. Temos suporte gratuito ao cliente e mais b\u00f4nus.","breadcrumb":{"@id":"https:\/\/elfsight.com\/pt\/visitor-counter-widget\/drupal\/#breadcrumb"},"inLanguage":"pt-PT","potentialAction":[{"@type":"ReadAction","target":["https:\/\/elfsight.com\/pt\/visitor-counter-widget\/drupal\/"]}]},{"@type":"BreadcrumbList","@id":"https:\/\/elfsight.com\/pt\/visitor-counter-widget\/drupal\/#breadcrumb","itemListElement":[{"@type":"ListItem","position":1,"name":"Home","item":"https:\/\/elfsight.com\/pt\/"},{"@type":"ListItem","position":2,"name":"Visitor Counter","item":"https:\/\/elfsight.com\/pt\/visitor-counter-widget\/"},{"@type":"ListItem","position":3,"name":"Visitor Counter &#8211; Drupal"}]},{"@type":"WebSite","@id":"https:\/\/elfsight.com\/pt\/#website","url":"https:\/\/elfsight.com\/pt\/","name":"Elfsight PT","description":"Just another Elfsight Sites site","potentialAction":[{"@type":"SearchAction","target":{"@type":"EntryPoint","urlTemplate":"https:\/\/elfsight.com\/pt\/?s={search_term_string}"},"query-input":{"@type":"PropertyValueSpecification","valueRequired":true,"valueName":"search_term_string"}}],"inLanguage":"pt-PT"}]}},"meta_box":{"industry":"","seo_heading":"","heading":"","description":"","cta_heading":"","cta_description":"","application":"1254","h1":"M\u00f3dulo Contador de Visitantes Drupal","h1_caption":"Verifique as estat\u00edsticas do seu site e tenha muito mais clientes","application_category":[],"applications_title":"","applications_request_title":"","applications_request_button_text":"","hero_text":"","hero_video":"","hero_video_schema_markup":"","selling_points_title":"","selling_points_caption":"","selling_points":[],"selling_points_cta_text":"","features_title":"","features":"","ed_cta_examples_text":"","ed_cta_examples_hidden":"","ed_cta_demo_text":"","ed_cta_demo_hidden":"","why_caption":"","why_editor_title":"","why_editor_text":"","why_team_title":"","why_team_text":"","why_service_title":"","why_service_text":"","template_catalog_visible":"","template_catalog_title":"","template_catalog_text":"","template_catalog_categories_visible":"","demo_title":"Apresse-se para formar seu pr\u00f3prio contador de visitantes Drupal","demo_caption":"Personalize e insira o m\u00f3dulo no seu site atrav\u00e9s de demonstra\u00e7\u00e3o","default_faq_hidden":"","app_template_category":[],"platform":"4905","template_public_id":"","codecanyon_url":"","codecanyon_item_id":"","codecanyon_price":"","pricing_caption":"","pricing_elfsight_apps_hide_column":"","pricing_elfsight_apps_url":"","pricing_codecanyon_price_caption":"","integration_category":[],"integration_request_title":"","integration_request_cta":"","integration_platform":"","integrations":[],"platform_category":[],"video_schema_markup":"","price":"a partir de US$ 0\/m\u00eas","trial":"","benefits":[{"text":"Servi\u00e7o de instala\u00e7\u00e3o gratuito"},{"text":"Atendimento ao cliente profissional"},{"text":"Garantia de devolu\u00e7\u00e3o do dinheiro em 14 dias"},{"text":"Atualizando constantemente"}],"button_url":"#demo","button_target_blank":"","button_nofollow":"","attributes":[{"name":"Instala\u00e7\u00f5es","content":"10,000 - 100,000"},{"name":"Responsivo","content":"Sim"},{"name":"Navegadores compat\u00edveis","content":"Firefox, Safari, Opera, Chrome, Edge"}],"tags":[],"tags_disable_links":"","hide_more_platforms":"","video_object":"","demo_hide_cta":"","demo_hide_cloud_options":"","pricing_title":"","pricing":[{"pricing_icon":"platform","pricing_title":"Elfsight Apps","pricing_title_caption":"Software multiplataforma que funciona em qualquer site","pricing_price":"a partir de US$ 0\/m\u00eas","pricing_price_caption":"comece com plano gratuito","pricing_benefits":[{"text":"Sites ilimitados"},{"text":"Suporte \u00e0 empresa 24 horas por dia, 7 dias por semana"},{"text":"Suporte \u00e0 empresa 24 horas por dia, 7 dias por semana"},{"text":"Pre\u00e7o especial para v\u00e1rios aplicativos"}],"pricing_button_text":"Adicionar ao site","pricing_button_url":"#demo"}],"related_apps_title":"","related_apps_hidden":"","author":"","image":[],"title":"","job":"","social_networks":[]},"_links":{"self":[{"href":"https:\/\/elfsight.com\/pt\/wp-json\/wp\/v2\/pages\/8712","targetHints":{"allow":["GET"]}}],"collection":[{"href":"https:\/\/elfsight.com\/pt\/wp-json\/wp\/v2\/pages"}],"about":[{"href":"https:\/\/elfsight.com\/pt\/wp-json\/wp\/v2\/types\/page"}],"author":[{"embeddable":true,"href":"https:\/\/elfsight.com\/pt\/wp-json\/wp\/v2\/users\/9"}],"replies":[{"embeddable":true,"href":"https:\/\/elfsight.com\/pt\/wp-json\/wp\/v2\/comments?post=8712"}],"version-history":[{"count":2,"href":"https:\/\/elfsight.com\/pt\/wp-json\/wp\/v2\/pages\/8712\/revisions"}],"predecessor-version":[{"id":12383,"href":"https:\/\/elfsight.com\/pt\/wp-json\/wp\/v2\/pages\/8712\/revisions\/12383"}],"up":[{"embeddable":true,"href":"https:\/\/elfsight.com\/pt\/wp-json\/wp\/v2\/pages\/1255"}],"wp:attachment":[{"href":"https:\/\/elfsight.com\/pt\/wp-json\/wp\/v2\/media?parent=8712"}],"curies":[{"name":"wp","href":"https:\/\/api.w.org\/{rel}","templated":true}]}}