{"id":8711,"date":"1970-01-01T00:00:00","date_gmt":"1970-01-01T00:00:00","guid":{"rendered":"https:\/\/elfsight.com\/pt\/?page_id=8711"},"modified":"2024-06-25T11:43:03","modified_gmt":"2024-06-25T11:43:03","slug":"facebook","status":"publish","type":"page","link":"https:\/\/elfsight.com\/pt\/visitor-counter-widget\/facebook\/","title":{"rendered":"Visitor Counter  &#8211; Facebook Page"},"content":{"rendered":"<div class=\"application-platform-content-item-description application-platform-content-item\" id=\"description\" data-nav-section=\"description\"> <h2>Descri\u00e7\u00e3o<\/h2> <p> O contador de visitantes da p\u00e1gina do Facebook \u00e9 um widget f\u00e1cil de gerenciar que permite analisar a quantidade de visitantes e as p\u00e1ginas mais populares visualizadas no per\u00edodo exato de tempo. As m\u00e9tricas b\u00e1sicas agora s\u00e3o simplesmente verificadas sem codifica\u00e7\u00e3o ou an\u00e1lise de dados. Usando-o, voc\u00ea pode facilmente garantir aos visitantes que \u00e9 uma empresa confi\u00e1vel e obter a\u00e7\u00f5es direcionadas mais conclu\u00eddas do que nunca. Com nossas op\u00e7\u00f5es elegantes e ajust\u00e1veis \u200b\u200be layouts pr\u00e1ticos, incorpore o widget em sua p\u00e1gina com apenas alguns cliques. <\/p> <p><b>Experimente o Visitor Counter para planejar seu plano de com\u00e9rcio eletr\u00f4nico para atingir seus objetivos com mais efici\u00eancia! <\/b><\/p><\/div> <div class=\"application-platform-content-item-features application-platform-content-item\" id=\"features\" data-nav-section=\"features\"> <h2>Estes s\u00e3o apenas alguns dos poderosos recursos do widget: <\/h2> <ul><li>Simplesmente para usar sem qualifica\u00e7\u00e3o profissional de an\u00e1lise de dados e codifica\u00e7\u00e3o necess\u00e1rias<\/li><li>Uma ampla variedade de tempo para monitorar suas estat\u00edsticas<\/li><li>Layouts pr\u00e1ticos para formar todas as m\u00e9tricas de forma acess\u00edvel <\/li><li>Claro, Escuro e Esquemas de cores personaliz\u00e1veis \u200b\u200bpara tornar a ferramenta elegante<\/li><li> Configurar o tamanho e a espessura da fonte <\/li><li> F\u00e1cil de integrar, mesmo sem habilidades de codifica\u00e7\u00e3o <\/li><\/ul><p><a href=\"#demo\">Voc\u00ea pode explorar todos os recursos do widget na demonstra\u00e7\u00e3o agora mesmo<\/a><\/p> <\/div> <div class=\"application-platform-content-item-installation application-platform-content-item\" id=\"installation\" data-nav-section=\"installation\"> <h2>Como posso adicionar o contador de visitantes ao minha p\u00e1gina do Facebook? <\/h2> <p>Basta seguir as orienta\u00e7\u00f5es abaixo para come\u00e7ar a trabalhar com a ferramenta: <\/p> <ol><li><b>Utilize nosso configurador gratuito e comece a moldar seu widget personalizado. <\/b><br> Escolha a forma preferida e as especifica\u00e7\u00f5es da ferramenta e salve as modifica\u00e7\u00f5es. <\/li> <li><b>Receba o c\u00f3digo individual revelado na caixa das aplica\u00e7\u00f5es Elfsight. <\/b><br> Quando a personaliza\u00e7\u00e3o do seu widget pessoal for conclu\u00edda, copie o c\u00f3digo individual na janela que surgir e salve-o para uso futuro. <\/li> <li><b>Entre usando o plugin na p\u00e1gina da p\u00e1gina do Facebook. <\/b><br> Insira o c\u00f3digo copiado anteriormente em sua p\u00e1gina e salve as edi\u00e7\u00f5es. <\/li> <li><b>A configura\u00e7\u00e3o foi finalizada com sucesso. <\/b><br> Acesse seu site para examinar o trabalho do plugin. <\/li><\/ol> <p>Na condi\u00e7\u00e3o de lidar com d\u00favidas ou enfrentar alguns obst\u00e1culos, n\u00e3o hesite em recorrer \u00e0 nossa equipe de suporte. Nossos especialistas ter\u00e3o prazer em ajud\u00e1-lo com todas as dificuldades que voc\u00ea possa ter com a ferramenta. <\/p> <div class=\"faq\" data-component=\"FAQ\"><div class=\"faq-item\">\r\n\t\t\t\t\t<div class=\"faq-item-question\">\r\n\t\t\t\t\t\t<h3 class=\"faq-item-question-text\">Existe um m\u00e9todo para adicionar o contador de visitantes \u00e0 minha p\u00e1gina do Facebook sem experi\u00eancia de codifica\u00e7\u00e3o?<\/h3>\r\n\r\n\t\t\t\t\t\t<div class=\"faq-item-question-icon\"><\/div>\r\n\t\t\t\t\t<\/div>\r\n\r\n\t\t\t\t\t<div class=\"faq-item-answer\">\r\n\t\t\t\t\t\t<div class=\"faq-item-answer-text\"> <p>A Elfsight apresenta uma solu\u00e7\u00e3o SaaS que permite ao utilizador criar voc\u00ea mesmo uma sec\u00e7\u00e3o de contador de visitantes, verifique como \u00e9 simples: V\u00e1 para a demonstra\u00e7\u00e3o ao vivo para estabelecer um aplicativo de contador de visitantes que voc\u00ea gostaria de incluir na p\u00e1gina inicial da sua p\u00e1gina do Facebook. Escolha um dos modelos pr\u00e9-concebidos e modifique as configura\u00e7\u00f5es do contador de visitantes, altere o layout e os esquemas de cores incluindo o seu conte\u00fado, sem nenhum conhecimento de codifica\u00e7\u00e3o. Salve as configura\u00e7\u00f5es feitas no Contador de visitantes e copie o c\u00f3digo de instala\u00e7\u00e3o do plugin, que pode ser incorporado gratuitamente na p\u00e1gina inicial da p\u00e1gina do Facebook. Trabalhando em nosso editor intuitivo, cada usu\u00e1rio da Internet pode gerar um contador de visitantes e col\u00e1-lo facilmente em sua p\u00e1gina do Facebook. N\u00e3o \u00e9 necess\u00e1rio pagar ou enviar as credenciais do seu cart\u00e3o para entrar no Editor. Se voc\u00ea encontrar algum obst\u00e1culo de qualquer tipo, n\u00e3o hesite em entrar em contato com nossa equipe de suporte t\u00e9cnico.<\/p> <\/div>\r\n\t\t\t\t\t<\/div>\r\n\t\t\t\t<\/div> <\/div><\/div>","protected":false},"excerpt":{"rendered":"","protected":false},"author":9,"featured_media":0,"parent":1255,"menu_order":0,"comment_status":"closed","ping_status":"closed","template":"templates\/template-application-platform.php","meta":{"publish_to_discourse":"","publish_post_category":"","wpdc_auto_publish_overridden":"","wpdc_topic_tags":"","wpdc_pin_topic":"","wpdc_pin_until":"","discourse_post_id":"","discourse_permalink":"","wpdc_publishing_response":"","wpdc_publishing_error":"","footnotes":""},"class_list":["post-8711","page","type-page","status-publish","hentry"],"yoast_head":"<!-- This site is optimized with the Yoast SEO plugin v25.3.1 - https:\/\/yoast.com\/wordpress\/plugins\/seo\/ -->\n<title>Adicionar contador de visitantes \u00e0 guia personalizada da p\u00e1gina do Facebook (2025)<\/title>\n<meta name=\"description\" content=\"Projete seu melhor widget de contador de visitantes e adicione-o ao seu site com apenas alguns cliques. Oferecemos atendimento gratuito ao cliente e outros b\u00f4nus.\" \/>\n<meta name=\"robots\" content=\"index, follow, max-snippet:-1, max-image-preview:large, max-video-preview:-1\" \/>\n<link rel=\"canonical\" href=\"https:\/\/elfsight.com\/pt\/visitor-counter-widget\/facebook\/\" \/>\n<meta property=\"og:locale\" content=\"pt_PT\" \/>\n<meta property=\"og:type\" content=\"article\" \/>\n<meta property=\"og:title\" content=\"Adicionar contador de visitantes \u00e0 guia personalizada da p\u00e1gina do Facebook (2025)\" \/>\n<meta property=\"og:description\" content=\"Projete seu melhor widget de contador de visitantes e adicione-o ao seu site com apenas alguns cliques. Oferecemos atendimento gratuito ao cliente e outros b\u00f4nus.\" \/>\n<meta property=\"og:url\" content=\"https:\/\/elfsight.com\/pt\/visitor-counter-widget\/facebook\/\" \/>\n<meta property=\"og:site_name\" content=\"Elfsight PT\" \/>\n<meta property=\"article:modified_time\" content=\"2024-06-25T11:43:03+00:00\" \/>\n<meta name=\"twitter:card\" content=\"summary_large_image\" \/>\n<meta name=\"twitter:label1\" content=\"Tempo estimado de leitura\" \/>\n\t<meta name=\"twitter:data1\" content=\"3 minutos\" \/>\n<!-- \/ Yoast SEO plugin. -->","yoast_head_json":{"title":"Adicionar contador de visitantes \u00e0 guia personalizada da p\u00e1gina do Facebook (2025)","description":"Projete seu melhor widget de contador de visitantes e adicione-o ao seu site com apenas alguns cliques. Oferecemos atendimento gratuito ao cliente e outros b\u00f4nus.","robots":{"index":"index","follow":"follow","max-snippet":"max-snippet:-1","max-image-preview":"max-image-preview:large","max-video-preview":"max-video-preview:-1"},"canonical":"https:\/\/elfsight.com\/pt\/visitor-counter-widget\/facebook\/","og_locale":"pt_PT","og_type":"article","og_title":"Adicionar contador de visitantes \u00e0 guia personalizada da p\u00e1gina do Facebook (2025)","og_description":"Projete seu melhor widget de contador de visitantes e adicione-o ao seu site com apenas alguns cliques. Oferecemos atendimento gratuito ao cliente e outros b\u00f4nus.","og_url":"https:\/\/elfsight.com\/pt\/visitor-counter-widget\/facebook\/","og_site_name":"Elfsight PT","article_modified_time":"2024-06-25T11:43:03+00:00","twitter_card":"summary_large_image","twitter_misc":{"Tempo estimado de leitura":"3 minutos"},"schema":{"@context":"https:\/\/schema.org","@graph":[{"@type":"WebPage","@id":"https:\/\/elfsight.com\/pt\/visitor-counter-widget\/facebook\/","url":"https:\/\/elfsight.com\/pt\/visitor-counter-widget\/facebook\/","name":"Adicionar contador de visitantes \u00e0 guia personalizada da p\u00e1gina do Facebook (2025)","isPartOf":{"@id":"https:\/\/elfsight.com\/pt\/#website"},"datePublished":"1970-01-01T00:00:00+00:00","dateModified":"2024-06-25T11:43:03+00:00","description":"Projete seu melhor widget de contador de visitantes e adicione-o ao seu site com apenas alguns cliques. Oferecemos atendimento gratuito ao cliente e outros b\u00f4nus.","breadcrumb":{"@id":"https:\/\/elfsight.com\/pt\/visitor-counter-widget\/facebook\/#breadcrumb"},"inLanguage":"pt-PT","potentialAction":[{"@type":"ReadAction","target":["https:\/\/elfsight.com\/pt\/visitor-counter-widget\/facebook\/"]}]},{"@type":"BreadcrumbList","@id":"https:\/\/elfsight.com\/pt\/visitor-counter-widget\/facebook\/#breadcrumb","itemListElement":[{"@type":"ListItem","position":1,"name":"Home","item":"https:\/\/elfsight.com\/pt\/"},{"@type":"ListItem","position":2,"name":"Visitor Counter","item":"https:\/\/elfsight.com\/pt\/visitor-counter-widget\/"},{"@type":"ListItem","position":3,"name":"Visitor Counter &#8211; Facebook Page"}]},{"@type":"WebSite","@id":"https:\/\/elfsight.com\/pt\/#website","url":"https:\/\/elfsight.com\/pt\/","name":"Elfsight PT","description":"Just another Elfsight Sites site","potentialAction":[{"@type":"SearchAction","target":{"@type":"EntryPoint","urlTemplate":"https:\/\/elfsight.com\/pt\/?s={search_term_string}"},"query-input":{"@type":"PropertyValueSpecification","valueRequired":true,"valueName":"search_term_string"}}],"inLanguage":"pt-PT"}]}},"meta_box":{"industry":"","seo_heading":"","heading":"","description":"","cta_heading":"","cta_description":"","application":"1254","h1":"Widget Contador de visitantes da p\u00e1gina do Facebook","h1_caption":"Monitore as estat\u00edsticas do seu site e melhore a credibilidade","application_category":[],"applications_title":"","applications_request_title":"","applications_request_button_text":"","hero_text":"","hero_video":"","hero_video_schema_markup":"","selling_points_title":"","selling_points_caption":"","selling_points":[],"selling_points_cta_text":"","features_title":"","features":"","ed_cta_examples_text":"","ed_cta_examples_hidden":"","ed_cta_demo_text":"","ed_cta_demo_hidden":"","why_caption":"","why_editor_title":"","why_editor_text":"","why_team_title":"","why_team_text":"","why_service_title":"","why_service_text":"","template_catalog_visible":"","template_catalog_title":"","template_catalog_text":"","template_catalog_categories_visible":"","demo_title":"Apresse-se para criar seu pr\u00f3prio contador de visitantes da p\u00e1gina do Facebook","demo_caption":"Ajuste e insira a ferramenta em seu site usando demonstra\u00e7\u00e3o ao vivo","default_faq_hidden":"","app_template_category":[],"platform":"103","template_public_id":"","codecanyon_url":"","codecanyon_item_id":"","codecanyon_price":"","pricing_caption":"","pricing_elfsight_apps_hide_column":"","pricing_elfsight_apps_url":"","pricing_codecanyon_price_caption":"","integration_category":[],"integration_request_title":"","integration_request_cta":"","integration_platform":"","integrations":[],"platform_category":[],"video_schema_markup":"","price":"a partir de US$ 0\/m\u00eas","trial":"","benefits":[{"text":"Servi\u00e7o de instala\u00e7\u00e3o gratuito"},{"text":"Suporte ao cliente experiente"},{"text":"Garantia de reembolso de 14 dias"},{"text":"Melhorias gratuitas vital\u00edcias"}],"button_url":"#demo","button_target_blank":"","button_nofollow":"","attributes":[{"name":"Instala\u00e7\u00f5es","content":"10,000 - 100,000"},{"name":"Responsivo","content":"Sim"},{"name":"Navegadores compat\u00edveis","content":"Opera, Firefox, Chrome, Safari, Edge"}],"tags":[],"tags_disable_links":"","hide_more_platforms":"","video_object":"","demo_hide_cta":"","demo_hide_cloud_options":"","pricing_title":"","pricing":[{"pricing_icon":"platform","pricing_title":"Elfsight Apps","pricing_title_caption":"Vers\u00e3o independente de plataforma que se adapta a qualquer site","pricing_price":"a partir de US$ 0\/m\u00eas","pricing_price_caption":"comece com plano gratuito","pricing_benefits":[{"text":"Dom\u00ednios ilimitados"},{"text":"Suporte dedicado ao cliente"},{"text":"Suporte dedicado ao cliente"},{"text":"Totalmente personaliz\u00e1vel"}],"pricing_button_text":"Adicionar ao site","pricing_button_url":"#demo"}],"related_apps_title":"","related_apps_hidden":"","author":"","image":[],"title":"","job":"","social_networks":[]},"_links":{"self":[{"href":"https:\/\/elfsight.com\/pt\/wp-json\/wp\/v2\/pages\/8711","targetHints":{"allow":["GET"]}}],"collection":[{"href":"https:\/\/elfsight.com\/pt\/wp-json\/wp\/v2\/pages"}],"about":[{"href":"https:\/\/elfsight.com\/pt\/wp-json\/wp\/v2\/types\/page"}],"author":[{"embeddable":true,"href":"https:\/\/elfsight.com\/pt\/wp-json\/wp\/v2\/users\/9"}],"replies":[{"embeddable":true,"href":"https:\/\/elfsight.com\/pt\/wp-json\/wp\/v2\/comments?post=8711"}],"version-history":[{"count":1,"href":"https:\/\/elfsight.com\/pt\/wp-json\/wp\/v2\/pages\/8711\/revisions"}],"predecessor-version":[{"id":8715,"href":"https:\/\/elfsight.com\/pt\/wp-json\/wp\/v2\/pages\/8711\/revisions\/8715"}],"up":[{"embeddable":true,"href":"https:\/\/elfsight.com\/pt\/wp-json\/wp\/v2\/pages\/1255"}],"wp:attachment":[{"href":"https:\/\/elfsight.com\/pt\/wp-json\/wp\/v2\/media?parent=8711"}],"curies":[{"name":"wp","href":"https:\/\/api.w.org\/{rel}","templated":true}]}}