{"id":8706,"date":"1970-01-01T00:00:00","date_gmt":"1970-01-01T00:00:00","guid":{"rendered":"https:\/\/elfsight.com\/pt\/?page_id=8706"},"modified":"2024-06-25T11:42:56","modified_gmt":"2024-06-25T11:42:56","slug":"elementor","status":"publish","type":"page","link":"https:\/\/elfsight.com\/pt\/visitor-counter-widget\/elementor\/","title":{"rendered":"Visitor Counter  &#8211; Elementor"},"content":{"rendered":"<div class=\"application-platform-content-item-description application-platform-content-item\" id=\"description\" data-nav-section=\"description\"><h2>Incorporar contador de visitantes no Elementor com o widget Elfsight<\/h2> <p> O contador de visitantes para Elementor \u00e9 uma ferramenta descomplicada que permite analisar um n\u00famero de visitantes e o conte\u00fado mais popular. As estat\u00edsticas b\u00e1sicas agora s\u00e3o f\u00e1ceis de rastrear, sem necessidade de conhecimento extra de codifica\u00e7\u00e3o ou an\u00e1lise de dados. Por meio dele voc\u00ea pode facilmente garantir ao p\u00fablico que \u00e9 uma empresa respeit\u00e1vel e obter muito mais leads. Com nossas oportunidades elegantes e personaliz\u00e1veis \u200b\u200be layouts pr\u00e1ticos, voc\u00ea pode integrar o widget \u00e0 sua p\u00e1gina com apenas alguns cliques. <\/p> <p><b>Torne suas t\u00e1ticas de com\u00e9rcio eletr\u00f4nico mais eficazes com a ajuda do Visitor Counter!<\/b><\/p><\/div> <div class=\"application-platform-content-item-features application-platform-content-item\" id=\"features\" data-nav-section=\"features\"> <h2>O essencial os recursos do widget cont\u00eam: <\/h2> <ul><li>F\u00e1cil de usar sem qualifica\u00e7\u00e3o profissional de SEO e necessidade de codifica\u00e7\u00e3o<\/li><li>Uma ampla variedade de intervalos de tempo para verificar suas estat\u00edsticas<\/li><li>Conveniente layouts para formar todas as m\u00e9tricas de forma acess\u00edvel <\/li><li>Esquemas de cores claro, escuro e personaliz\u00e1veis \u200b\u200bpara ajustar a ferramenta <\/li><li>Definir o tamanho e peso da fonte <\/li><li>F\u00e1cil de adicionar no site, mesmo para usu\u00e1rios que n\u00e3o s\u00e3o de tecnologia <\/li><\/ul><p><a href=\"#demo\">Voc\u00ea pode sentir o que o widget oferece usando a demonstra\u00e7\u00e3o<\/a><\/p> <\/div> <div class=\"application-platform-content-item-installation application-platform-content-item\" id=\"installation\" data-nav-section=\"installation\"> <h2>Como posso adicionar um contador de visitantes no meu site Elementor? <\/h2> <div class=\"video-container\"><iframe width=\"720\" height=\"405\" src=\"https:\/\/www.youtube.com\/embed\/5lMKAjQs6po\" frameborder=\"0\" allowfullscreen=\"\"><\/iframe><\/div><p>Basta seguir as orienta\u00e7\u00f5es abaixo para come\u00e7ar a usar a ferramenta: <\/p> <ol><li><b>Execute nosso editor gratuito e comece a construir seu instrumento personalizado. <\/b><br> Escolha a apar\u00eancia e os aspectos selecionados do widget e aplique as modifica\u00e7\u00f5es. <\/li> <li><b>Adquira o seu c\u00f3digo pessoal que aparece no formul\u00e1rio especial nas aplica\u00e7\u00f5es Elfsight. <\/b><br> Assim que terminar a customiza\u00e7\u00e3o do seu widget pessoal, copie o c\u00f3digo exclusivo na caixa exibida e guarde-o para uso posterior. <\/li> <li><b>Iniciar a aplica\u00e7\u00e3o da ferramenta na p\u00e1gina da Elementor. <\/b><br>Incorpore o c\u00f3digo salvo recentemente em sua p\u00e1gina da web e aplique os ajustes. <\/li> <li><b>Pronto! A incorpora\u00e7\u00e3o foi finalizada com sucesso. <\/b><br> Visite seu site para verificar o desempenho da ferramenta. <\/li><\/ol> <p>Caso tenha d\u00favidas ou tenha algum problema, procure assist\u00eancia de nossa equipe de atendimento ao cliente. Nossos especialistas est\u00e3o ansiosos para ajud\u00e1-lo com todas as dificuldades que voc\u00ea possa ter com o produto. <\/p> <div class=\"faq\" data-component=\"FAQ\"><div class=\"faq-item\">\r\n\t\t\t\t\t<div class=\"faq-item-question\">\r\n\t\t\t\t\t\t<h3 class=\"faq-item-question-text\">Existe uma op\u00e7\u00e3o para incorporar o contador de visitantes ao meu site Elementor sem experi\u00eancia de codifica\u00e7\u00e3o?<\/h3>\r\n\r\n\t\t\t\t\t\t<div class=\"faq-item-question-icon\"><\/div>\r\n\t\t\t\t\t<\/div>\r\n\r\n\t\t\t\t\t<div class=\"faq-item-answer\">\r\n\t\t\t\t\t\t<div class=\"faq-item-answer-text\"> <p>A empresa Elfsight fornece uma solu\u00e7\u00e3o em nuvem que permite aos usu\u00e1rios criar um widget de contador de visitantes por conta pr\u00f3pria, veja como o processo \u00e9 simples: V\u00e1 para a demonstra\u00e7\u00e3o ao vivo para formar um plugin de contador de visitantes que voc\u00ea gostaria de incorporar na p\u00e1gina inicial do Elementor. Clique em um de nossos modelos pr\u00e9-fabricados e ajuste as configura\u00e7\u00f5es do contador de visitantes, atualize seu conte\u00fado, transforme o layout e as cores sem nenhuma experi\u00eancia de codifica\u00e7\u00e3o. Clique para salvar as configura\u00e7\u00f5es feitas no Contador de visitantes e obter o c\u00f3digo de instala\u00e7\u00e3o, que voc\u00ea pode incluir facilmente na sua p\u00e1gina inicial do Elementor sem comprar uma vers\u00e3o paga. Usando o Configurador f\u00e1cil de usar, qualquer usu\u00e1rio da web pode criar um widget de contador de visitantes on-line e simplesmente adicion\u00e1-lo a qualquer site Elementor. N\u00e3o \u00e9 necess\u00e1rio adquirir um plano pago ou enviar os dados do seu cart\u00e3o para acessar nosso servi\u00e7o. Se voc\u00ea enfrentar qualquer tipo de problema, n\u00e3o hesite em entrar em contato com nossa equipe de suporte.<\/p> <\/div>\r\n\t\t\t\t\t<\/div>\r\n\t\t\t\t<\/div> <\/div><\/div>","protected":false},"excerpt":{"rendered":"","protected":false},"author":9,"featured_media":0,"parent":1255,"menu_order":0,"comment_status":"closed","ping_status":"closed","template":"templates\/template-application-platform.php","meta":{"publish_to_discourse":"","publish_post_category":"","wpdc_auto_publish_overridden":"","wpdc_topic_tags":"","wpdc_pin_topic":"","wpdc_pin_until":"","discourse_post_id":"","discourse_permalink":"","wpdc_publishing_response":"","wpdc_publishing_error":"","footnotes":""},"class_list":["post-8706","page","type-page","status-publish","hentry"],"yoast_head":"<!-- This site is optimized with the Yoast SEO plugin v25.3.1 - https:\/\/yoast.com\/wordpress\/plugins\/seo\/ -->\n<title>Widget de contador de visitantes para o site Elementor (r\u00e1pido e gratuito)<\/title>\n<meta name=\"description\" content=\"Esta \u00e9 a melhor chance de criar um widget de contador de visitantes e adicion\u00e1-lo ao seu site. Aproveite o suporte gratuito ao cliente da Elfsight.\" \/>\n<meta name=\"robots\" content=\"index, follow, max-snippet:-1, max-image-preview:large, max-video-preview:-1\" \/>\n<link rel=\"canonical\" href=\"https:\/\/elfsight.com\/pt\/visitor-counter-widget\/elementor\/\" \/>\n<meta property=\"og:locale\" content=\"pt_PT\" \/>\n<meta property=\"og:type\" content=\"article\" \/>\n<meta property=\"og:title\" content=\"Widget de contador de visitantes para o site Elementor (r\u00e1pido e gratuito)\" \/>\n<meta property=\"og:description\" content=\"Esta \u00e9 a melhor chance de criar um widget de contador de visitantes e adicion\u00e1-lo ao seu site. Aproveite o suporte gratuito ao cliente da Elfsight.\" \/>\n<meta property=\"og:url\" content=\"https:\/\/elfsight.com\/pt\/visitor-counter-widget\/elementor\/\" \/>\n<meta property=\"og:site_name\" content=\"Elfsight PT\" \/>\n<meta property=\"article:modified_time\" content=\"2024-06-25T11:42:56+00:00\" \/>\n<meta name=\"twitter:card\" content=\"summary_large_image\" \/>\n<meta name=\"twitter:label1\" content=\"Tempo estimado de leitura\" \/>\n\t<meta name=\"twitter:data1\" content=\"3 minutos\" \/>\n<!-- \/ Yoast SEO plugin. -->","yoast_head_json":{"title":"Widget de contador de visitantes para o site Elementor (r\u00e1pido e gratuito)","description":"Esta \u00e9 a melhor chance de criar um widget de contador de visitantes e adicion\u00e1-lo ao seu site. Aproveite o suporte gratuito ao cliente da Elfsight.","robots":{"index":"index","follow":"follow","max-snippet":"max-snippet:-1","max-image-preview":"max-image-preview:large","max-video-preview":"max-video-preview:-1"},"canonical":"https:\/\/elfsight.com\/pt\/visitor-counter-widget\/elementor\/","og_locale":"pt_PT","og_type":"article","og_title":"Widget de contador de visitantes para o site Elementor (r\u00e1pido e gratuito)","og_description":"Esta \u00e9 a melhor chance de criar um widget de contador de visitantes e adicion\u00e1-lo ao seu site. Aproveite o suporte gratuito ao cliente da Elfsight.","og_url":"https:\/\/elfsight.com\/pt\/visitor-counter-widget\/elementor\/","og_site_name":"Elfsight PT","article_modified_time":"2024-06-25T11:42:56+00:00","twitter_card":"summary_large_image","twitter_misc":{"Tempo estimado de leitura":"3 minutos"},"schema":{"@context":"https:\/\/schema.org","@graph":[{"@type":"WebPage","@id":"https:\/\/elfsight.com\/pt\/visitor-counter-widget\/elementor\/","url":"https:\/\/elfsight.com\/pt\/visitor-counter-widget\/elementor\/","name":"Widget de contador de visitantes para o site Elementor (r\u00e1pido e gratuito)","isPartOf":{"@id":"https:\/\/elfsight.com\/pt\/#website"},"datePublished":"1970-01-01T00:00:00+00:00","dateModified":"2024-06-25T11:42:56+00:00","description":"Esta \u00e9 a melhor chance de criar um widget de contador de visitantes e adicion\u00e1-lo ao seu site. Aproveite o suporte gratuito ao cliente da Elfsight.","breadcrumb":{"@id":"https:\/\/elfsight.com\/pt\/visitor-counter-widget\/elementor\/#breadcrumb"},"inLanguage":"pt-PT","potentialAction":[{"@type":"ReadAction","target":["https:\/\/elfsight.com\/pt\/visitor-counter-widget\/elementor\/"]}]},{"@type":"BreadcrumbList","@id":"https:\/\/elfsight.com\/pt\/visitor-counter-widget\/elementor\/#breadcrumb","itemListElement":[{"@type":"ListItem","position":1,"name":"Home","item":"https:\/\/elfsight.com\/pt\/"},{"@type":"ListItem","position":2,"name":"Visitor Counter","item":"https:\/\/elfsight.com\/pt\/visitor-counter-widget\/"},{"@type":"ListItem","position":3,"name":"Visitor Counter &#8211; Elementor"}]},{"@type":"WebSite","@id":"https:\/\/elfsight.com\/pt\/#website","url":"https:\/\/elfsight.com\/pt\/","name":"Elfsight PT","description":"Just another Elfsight Sites site","potentialAction":[{"@type":"SearchAction","target":{"@type":"EntryPoint","urlTemplate":"https:\/\/elfsight.com\/pt\/?s={search_term_string}"},"query-input":{"@type":"PropertyValueSpecification","valueRequired":true,"valueName":"search_term_string"}}],"inLanguage":"pt-PT"}]}},"meta_box":{"industry":"","seo_heading":"","heading":"","description":"","cta_heading":"","cta_description":"","application":"1254","h1":"Widget Contador de visitantes Elementor","h1_caption":"Rastreie o tr\u00e1fego do seu site e melhore sua estrat\u00e9gia de neg\u00f3cios","application_category":[],"applications_title":"","applications_request_title":"","applications_request_button_text":"","hero_text":"","hero_video":"","hero_video_schema_markup":"","selling_points_title":"","selling_points_caption":"","selling_points":[],"selling_points_cta_text":"","features_title":"","features":"","ed_cta_examples_text":"","ed_cta_examples_hidden":"","ed_cta_demo_text":"","ed_cta_demo_hidden":"","why_caption":"","why_editor_title":"","why_editor_text":"","why_team_title":"","why_team_text":"","why_service_title":"","why_service_text":"","template_catalog_visible":"","template_catalog_title":"","template_catalog_text":"","template_catalog_categories_visible":"","demo_title":"Sinta-se \u00e0 vontade para compor um contador de visitantes Elementor personalizado","demo_caption":"Personalize-o e implemente a ferramenta em seu site utilizando demonstra\u00e7\u00e3o ativa","default_faq_hidden":"","app_template_category":[],"platform":"100","template_public_id":"","codecanyon_url":"","codecanyon_item_id":"","codecanyon_price":"","pricing_caption":"","pricing_elfsight_apps_hide_column":"","pricing_elfsight_apps_url":"","pricing_codecanyon_price_caption":"","integration_category":[],"integration_request_title":"","integration_request_cta":"","integration_platform":"","integrations":[],"platform_category":[],"video_schema_markup":"","price":"a partir de US$ 0\/m\u00eas","trial":"","benefits":[{"text":"Assist\u00eancia de instala\u00e7\u00e3o gratuita"},{"text":"Suporte premium"},{"text":"Garantia de reembolso de 14 dias"},{"text":"Atualizando constantemente"}],"button_url":"#demo","button_target_blank":"","button_nofollow":"","attributes":[{"name":"Instala\u00e7\u00f5es","content":"10,000 - 100,000"},{"name":"Responsivo","content":"Sim"},{"name":"Navegadores compat\u00edveis","content":"Firefox, Safari, Opera, Chrome, Edge"}],"tags":[],"tags_disable_links":"","hide_more_platforms":"","video_object":"","demo_hide_cta":"","demo_hide_cloud_options":"","pricing_title":"","pricing":[{"pricing_icon":"platform","pricing_title":"Elfsight Apps","pricing_title_caption":"Software multiplataforma","pricing_price":"a partir de US$ 0\/m\u00eas","pricing_price_caption":"comece com plano gratuito","pricing_benefits":[{"text":"Sites ilimitados"},{"text":"Suporte 24 horas por dia, 7 dias por semana e pontual"},{"text":"Suporte 24 horas por dia, 7 dias por semana e pontual"},{"text":"Oferta especial para v\u00e1rios aplicativos"}],"pricing_button_text":"Adicionar ao site","pricing_button_url":"#demo"}],"related_apps_title":"","related_apps_hidden":"","author":"","image":[],"title":"","job":"","social_networks":[]},"_links":{"self":[{"href":"https:\/\/elfsight.com\/pt\/wp-json\/wp\/v2\/pages\/8706","targetHints":{"allow":["GET"]}}],"collection":[{"href":"https:\/\/elfsight.com\/pt\/wp-json\/wp\/v2\/pages"}],"about":[{"href":"https:\/\/elfsight.com\/pt\/wp-json\/wp\/v2\/types\/page"}],"author":[{"embeddable":true,"href":"https:\/\/elfsight.com\/pt\/wp-json\/wp\/v2\/users\/9"}],"replies":[{"embeddable":true,"href":"https:\/\/elfsight.com\/pt\/wp-json\/wp\/v2\/comments?post=8706"}],"version-history":[{"count":2,"href":"https:\/\/elfsight.com\/pt\/wp-json\/wp\/v2\/pages\/8706\/revisions"}],"predecessor-version":[{"id":12381,"href":"https:\/\/elfsight.com\/pt\/wp-json\/wp\/v2\/pages\/8706\/revisions\/12381"}],"up":[{"embeddable":true,"href":"https:\/\/elfsight.com\/pt\/wp-json\/wp\/v2\/pages\/1255"}],"wp:attachment":[{"href":"https:\/\/elfsight.com\/pt\/wp-json\/wp\/v2\/media?parent=8706"}],"curies":[{"name":"wp","href":"https:\/\/api.w.org\/{rel}","templated":true}]}}