{"id":8698,"date":"1970-01-01T00:00:00","date_gmt":"1970-01-01T00:00:00","guid":{"rendered":"https:\/\/elfsight.com\/pt\/?page_id=8698"},"modified":"2024-06-25T11:42:49","modified_gmt":"2024-06-25T11:42:49","slug":"iframe","status":"publish","type":"page","link":"https:\/\/elfsight.com\/pt\/visitor-counter-widget\/iframe\/","title":{"rendered":"Visitor Counter  &#8211; iFrame"},"content":{"rendered":"<div class=\"application-platform-content-item-description application-platform-content-item\" id=\"description\" data-nav-section=\"description\"> <h2>Incorporar contador de visitantes no iFrame com o widget Elfsight<\/h2> <p> O contador de visitantes para iFrame \u00e9 um widget simples que permite analisar seu n\u00famero de visitantes e o conte\u00fado mais popular visualizado em intervalos de tempo espec\u00edficos. Estat\u00edsticas essenciais agora s\u00e3o f\u00e1ceis de analisar sem especialistas extras em an\u00e1lise de dados. Al\u00e9m disso, voc\u00ea pode facilmente garantir aos usu\u00e1rios que \u00e9 uma empresa respeit\u00e1vel e aumentar o n\u00edvel de vendas. Com nossas op\u00e7\u00f5es elegantes personalizadas e layouts pr\u00e1ticos, voc\u00ea pode criar o widget em sua p\u00e1gina com apenas um clique. <\/p> <p><b>Incorpore o contador de visitantes para aprimorar sua estrat\u00e9gia de neg\u00f3cios de maneira mais simples! <\/b><\/p><\/div> <div class=\"application-platform-content-item-features application-platform-content-item\" id=\"features\" data-nav-section=\"features\"> <h2>Estes s\u00e3o apenas alguns dos poderosos recursos do widget: <\/h2> <ul><li>Simplesmente para usar sem demanda espec\u00edfica \u00e9 necess\u00e1rio conhecimento de an\u00e1lise de dados e codifica\u00e7\u00e3o<\/li><li>Uma ampla variedade de intervalos de tempo para contar suas estat\u00edsticas<\/li><li> layouts \u00fateis para organizar todos os pontos da maneira conveniente <\/li><li>Leve , Esquemas de cores escuras e personaliz\u00e1veis \u200b\u200bpara tornar a ferramenta elegante <\/li><li> Defina o tamanho e a espessura da fonte <\/li><li> F\u00e1cil de incorporar, mesmo sem habilidades de codifica\u00e7\u00e3o <\/li><\/ul><p><a href=\"#demo\">Basta experimentar esta demonstra\u00e7\u00e3o para entender a funcionalidade do widget<\/a><\/p> <\/div> <div class=\"application-platform-content-item-installation application-platform-content-item\" id=\"installation\" data-nav-section=\"installation\"> <h2>Como incorporar o contador de visitantes em meu Site iFrame? <\/h2> <p>Basta seguir as orienta\u00e7\u00f5es abaixo para integrar a ferramenta. <\/p> <ol><li><b>Execute nosso configurador gratuito e comece a criar seu widget personalizado. <\/b><br> Escolha a apar\u00eancia e os aspectos selecionados da ferramenta e salve as modifica\u00e7\u00f5es. <\/li> <li><b>Copie o seu c\u00f3digo pessoal que aparece no formul\u00e1rio especial nas aplica\u00e7\u00f5es Elfsight. <\/b><br> Ap\u00f3s a conclus\u00e3o da configura\u00e7\u00e3o do seu widget pessoal, copie o c\u00f3digo individual na caixa exibida e salve-o para uso posterior. <\/li> <li><b>Comece a usar o widget na sua p\u00e1gina inicial do iFrame. <\/b><br> Adicione o c\u00f3digo copiado anteriormente em sua p\u00e1gina e aplique as modifica\u00e7\u00f5es. <\/li> <li><b>A instala\u00e7\u00e3o est\u00e1 totalmente conclu\u00edda. <\/b><br> Acesse seu site para ver o desempenho do widget. <\/li><\/ol> <p>Na condi\u00e7\u00e3o de enfrentar d\u00favidas ou atropelar quaisquer complica\u00e7\u00f5es, n\u00e3o hesite em procurar ajuda de nossa equipe de atendimento ao cliente. Nossos especialistas est\u00e3o ansiosos para resolver todos os problemas que voc\u00ea possa ter com o widget. <\/p> <div class=\"faq\" data-component=\"FAQ\"><div class=\"faq-item\">\r\n\t\t\t\t\t<div class=\"faq-item-question\">\r\n\t\t\t\t\t\t<h3 class=\"faq-item-question-text\">Existe uma op\u00e7\u00e3o para incorporar o contador de visitantes no meu site iFrame sem experi\u00eancia de codifica\u00e7\u00e3o?<\/h3>\r\n\r\n\t\t\t\t\t\t<div class=\"faq-item-question-icon\"><\/div>\r\n\t\t\t\t\t<\/div>\r\n\r\n\t\t\t\t\t<div class=\"faq-item-answer\">\r\n\t\t\t\t\t\t<div class=\"faq-item-answer-text\"> <p>A Elfsight apresenta uma solu\u00e7\u00e3o que permite aos propriet\u00e1rios de sites estabelecerem voc\u00ea mesmo um widget de contador de visitantes, verifique as instru\u00e7\u00f5es simples: V\u00e1 para a demonstra\u00e7\u00e3o online para formar uma se\u00e7\u00e3o de contador de visitantes que voc\u00ea gostaria de integrar no iFrame. Selecione um dos modelos predefinidos e altere as configura\u00e7\u00f5es do contador de visitantes, atualize seu conte\u00fado, altere o layout e o esquema de cores sem conhecimento de codifica\u00e7\u00e3o. Salve as configura\u00e7\u00f5es feitas no Visitor Counter e copie seu c\u00f3digo de instala\u00e7\u00e3o, para que voc\u00ea possa adicionar facilmente no site iFrame sem a necessidade de comprar uma assinatura paga. Usando o editor simples, cada usu\u00e1rio da Internet pode criar uma se\u00e7\u00e3o de contador de visitantes e incorpor\u00e1-la facilmente \u00e0 p\u00e1gina da web do iFrame. Voc\u00ea n\u00e3o deve pagar ou divulgar as credenciais do seu cart\u00e3o para acessar nosso servi\u00e7o. Se voc\u00ea tiver algum tipo de problema, n\u00e3o hesite em entrar em contato com nossa equipe de suporte.<\/p> <\/div>\r\n\t\t\t\t\t<\/div>\r\n\t\t\t\t<\/div> <\/div><\/div>","protected":false},"excerpt":{"rendered":"","protected":false},"author":9,"featured_media":0,"parent":1255,"menu_order":0,"comment_status":"closed","ping_status":"closed","template":"templates\/template-application-platform.php","meta":{"publish_to_discourse":"","publish_post_category":"","wpdc_auto_publish_overridden":"","wpdc_topic_tags":"","wpdc_pin_topic":"","wpdc_pin_until":"","discourse_post_id":"","discourse_permalink":"","wpdc_publishing_response":"","wpdc_publishing_error":"","footnotes":""},"class_list":["post-8698","page","type-page","status-publish","hentry"],"yoast_head":"<!-- This site is optimized with the Yoast SEO plugin v25.3.1 - https:\/\/yoast.com\/wordpress\/plugins\/seo\/ -->\n<title>Widget iFrame Visitor Counter para o seu site (gratuito e r\u00e1pido)<\/title>\n<meta name=\"description\" content=\"Exiba o plugin premium View Counter em seu site iFrame. Plug-in iFrame Hit Counter gratuito da Elfsight [2024]!\" \/>\n<meta name=\"robots\" content=\"index, follow, max-snippet:-1, max-image-preview:large, max-video-preview:-1\" \/>\n<link rel=\"canonical\" href=\"https:\/\/elfsight.com\/pt\/visitor-counter-widget\/iframe\/\" \/>\n<meta property=\"og:locale\" content=\"pt_PT\" \/>\n<meta property=\"og:type\" content=\"article\" \/>\n<meta property=\"og:title\" content=\"Widget iFrame Visitor Counter para o seu site (gratuito e r\u00e1pido)\" \/>\n<meta property=\"og:description\" content=\"Exiba o plugin premium View Counter em seu site iFrame. Plug-in iFrame Hit Counter gratuito da Elfsight [2024]!\" \/>\n<meta property=\"og:url\" content=\"https:\/\/elfsight.com\/pt\/visitor-counter-widget\/iframe\/\" \/>\n<meta property=\"og:site_name\" content=\"Elfsight PT\" \/>\n<meta property=\"article:modified_time\" content=\"2024-06-25T11:42:49+00:00\" \/>\n<meta name=\"twitter:card\" content=\"summary_large_image\" \/>\n<meta name=\"twitter:label1\" content=\"Tempo estimado de leitura\" \/>\n\t<meta name=\"twitter:data1\" content=\"3 minutos\" \/>\n<!-- \/ Yoast SEO plugin. -->","yoast_head_json":{"title":"Widget iFrame Visitor Counter para o seu site (gratuito e r\u00e1pido)","description":"Exiba o plugin premium View Counter em seu site iFrame. Plug-in iFrame Hit Counter gratuito da Elfsight [2024]!","robots":{"index":"index","follow":"follow","max-snippet":"max-snippet:-1","max-image-preview":"max-image-preview:large","max-video-preview":"max-video-preview:-1"},"canonical":"https:\/\/elfsight.com\/pt\/visitor-counter-widget\/iframe\/","og_locale":"pt_PT","og_type":"article","og_title":"Widget iFrame Visitor Counter para o seu site (gratuito e r\u00e1pido)","og_description":"Exiba o plugin premium View Counter em seu site iFrame. Plug-in iFrame Hit Counter gratuito da Elfsight [2024]!","og_url":"https:\/\/elfsight.com\/pt\/visitor-counter-widget\/iframe\/","og_site_name":"Elfsight PT","article_modified_time":"2024-06-25T11:42:49+00:00","twitter_card":"summary_large_image","twitter_misc":{"Tempo estimado de leitura":"3 minutos"},"schema":{"@context":"https:\/\/schema.org","@graph":[{"@type":"WebPage","@id":"https:\/\/elfsight.com\/pt\/visitor-counter-widget\/iframe\/","url":"https:\/\/elfsight.com\/pt\/visitor-counter-widget\/iframe\/","name":"Widget iFrame Visitor Counter para o seu site (gratuito e r\u00e1pido)","isPartOf":{"@id":"https:\/\/elfsight.com\/pt\/#website"},"datePublished":"1970-01-01T00:00:00+00:00","dateModified":"2024-06-25T11:42:49+00:00","description":"Exiba o plugin premium View Counter em seu site iFrame. Plug-in iFrame Hit Counter gratuito da Elfsight [2024]!","breadcrumb":{"@id":"https:\/\/elfsight.com\/pt\/visitor-counter-widget\/iframe\/#breadcrumb"},"inLanguage":"pt-PT","potentialAction":[{"@type":"ReadAction","target":["https:\/\/elfsight.com\/pt\/visitor-counter-widget\/iframe\/"]}]},{"@type":"BreadcrumbList","@id":"https:\/\/elfsight.com\/pt\/visitor-counter-widget\/iframe\/#breadcrumb","itemListElement":[{"@type":"ListItem","position":1,"name":"Home","item":"https:\/\/elfsight.com\/pt\/"},{"@type":"ListItem","position":2,"name":"Visitor Counter","item":"https:\/\/elfsight.com\/pt\/visitor-counter-widget\/"},{"@type":"ListItem","position":3,"name":"Visitor Counter &#8211; iFrame"}]},{"@type":"WebSite","@id":"https:\/\/elfsight.com\/pt\/#website","url":"https:\/\/elfsight.com\/pt\/","name":"Elfsight PT","description":"Just another Elfsight Sites site","potentialAction":[{"@type":"SearchAction","target":{"@type":"EntryPoint","urlTemplate":"https:\/\/elfsight.com\/pt\/?s={search_term_string}"},"query-input":{"@type":"PropertyValueSpecification","valueRequired":true,"valueName":"search_term_string"}}],"inLanguage":"pt-PT"}]}},"meta_box":{"industry":"","seo_heading":"","heading":"","description":"","cta_heading":"","cta_description":"","application":"1254","h1":"Widget Contador de visitantes iFrame","h1_caption":"Monitore a an\u00e1lise do site e melhore suas t\u00e1ticas de neg\u00f3cios","application_category":[],"applications_title":"","applications_request_title":"","applications_request_button_text":"","hero_text":"","hero_video":"","hero_video_schema_markup":"","selling_points_title":"","selling_points_caption":"","selling_points":[],"selling_points_cta_text":"","features_title":"","features":"","ed_cta_examples_text":"","ed_cta_examples_hidden":"","ed_cta_demo_text":"","ed_cta_demo_hidden":"","why_caption":"","why_editor_title":"","why_editor_text":"","why_team_title":"","why_team_text":"","why_service_title":"","why_service_text":"","template_catalog_visible":"","template_catalog_title":"","template_catalog_text":"","template_catalog_categories_visible":"","demo_title":"","demo_caption":"","default_faq_hidden":"","app_template_category":[],"platform":"4911","template_public_id":"","codecanyon_url":"","codecanyon_item_id":"","codecanyon_price":"","pricing_caption":"","pricing_elfsight_apps_hide_column":"","pricing_elfsight_apps_url":"","pricing_codecanyon_price_caption":"","integration_category":[],"integration_request_title":"","integration_request_cta":"","integration_platform":"","integrations":[],"platform_category":[],"video_schema_markup":"","price":"a partir de US$ 0\/m\u00eas","trial":"","benefits":[{"text":"Ajuda de instala\u00e7\u00e3o gratuita"},{"text":"Suporte profissional ao cliente"},{"text":"Garantia de devolu\u00e7\u00e3o do dinheiro em 14 dias"},{"text":"Atualiza\u00e7\u00f5es cont\u00ednuas"}],"button_url":"#demo","button_target_blank":"","button_nofollow":"","attributes":[{"name":"Instala\u00e7\u00f5es","content":"10,000 - 100,000"},{"name":"Responsivo","content":"Sim"},{"name":"Navegadores compat\u00edveis","content":"Chrome, Safari, Firefox, Opera, Edge"}],"tags":[],"tags_disable_links":"","hide_more_platforms":"","video_object":"","demo_hide_cta":"","demo_hide_cloud_options":"","pricing_title":"","pricing":[{"pricing_icon":"platform","pricing_title":"Elfsight Apps","pricing_title_caption":"Software multiplataforma que se adapta a qualquer site","pricing_price":"a partir de US$ 0\/m\u00eas","pricing_price_caption":"comece com plano gratuito","pricing_benefits":[{"text":"Dom\u00ednios ilimitados"},{"text":"Suporte profissional e pontual"},{"text":"Suporte profissional e pontual"},{"text":"Totalmente personaliz\u00e1vel"}],"pricing_button_text":"Adicionar ao site","pricing_button_url":"#demo"}],"related_apps_title":"","related_apps_hidden":"","author":"","image":[],"title":"","job":"","social_networks":[]},"_links":{"self":[{"href":"https:\/\/elfsight.com\/pt\/wp-json\/wp\/v2\/pages\/8698","targetHints":{"allow":["GET"]}}],"collection":[{"href":"https:\/\/elfsight.com\/pt\/wp-json\/wp\/v2\/pages"}],"about":[{"href":"https:\/\/elfsight.com\/pt\/wp-json\/wp\/v2\/types\/page"}],"author":[{"embeddable":true,"href":"https:\/\/elfsight.com\/pt\/wp-json\/wp\/v2\/users\/9"}],"replies":[{"embeddable":true,"href":"https:\/\/elfsight.com\/pt\/wp-json\/wp\/v2\/comments?post=8698"}],"version-history":[{"count":1,"href":"https:\/\/elfsight.com\/pt\/wp-json\/wp\/v2\/pages\/8698\/revisions"}],"predecessor-version":[{"id":8702,"href":"https:\/\/elfsight.com\/pt\/wp-json\/wp\/v2\/pages\/8698\/revisions\/8702"}],"up":[{"embeddable":true,"href":"https:\/\/elfsight.com\/pt\/wp-json\/wp\/v2\/pages\/1255"}],"wp:attachment":[{"href":"https:\/\/elfsight.com\/pt\/wp-json\/wp\/v2\/media?parent=8698"}],"curies":[{"name":"wp","href":"https:\/\/api.w.org\/{rel}","templated":true}]}}