{"id":8690,"date":"1970-01-01T00:00:00","date_gmt":"1970-01-01T00:00:00","guid":{"rendered":"https:\/\/elfsight.com\/pt\/?page_id=8690"},"modified":"2024-11-13T11:25:40","modified_gmt":"2024-11-13T11:25:40","slug":"shopify","status":"publish","type":"page","link":"https:\/\/elfsight.com\/pt\/visitor-counter-widget\/shopify\/","title":{"rendered":"Visitor Counter &#8211; Shopify"},"content":{"rendered":"<div class=\"application-platform-content-item-description application-platform-content-item\" id=\"description\" data-nav-section=\"description\"> <h2>Incorpore o contador de visitantes no Shopify com o widget Elfsight<\/h2> <p> O contador de visitantes do Shopify \u00e9 uma ferramenta f\u00e1cil de gerenciar que permite que voc\u00ea rastreie a quantidade de visitantes e o conte\u00fado mais popular visualizado em um determinado intervalo de tempo. As estat\u00edsticas essenciais agora s\u00e3o simplesmente rastre\u00e1veis, sem ajuda extra de especialistas e sem gastar muito tempo. Utilizando-o voc\u00ea pode facilmente garantir aos telespectadores que voc\u00ea \u00e9 uma empresa confi\u00e1vel e tem muito mais novos clientes e vendas. Com nossas op\u00e7\u00f5es elegantes e adapt\u00e1veis \u200b\u200be layouts pr\u00e1ticos, voc\u00ea pode criar o aplicativo em seu site com apenas um clique. <\/p> <p><b>Torne sua estrat\u00e9gia de neg\u00f3cios mais eficiente com o Visitor Counter! <\/b><\/p><\/div> <div class=\"application-platform-content-item-features application-platform-content-item\" id=\"features\" data-nav-section=\"features\"> <h2>Estes s\u00e3o apenas alguns dos v\u00e1rios recursos do aplicativo: <\/h2> <ul><li>F\u00e1cil de gerenciar sem qualifica\u00e7\u00e3o espec\u00edfica de SEO e codifica\u00e7\u00e3o necess\u00e1rios<\/li><li>Uma \u00f3tima op\u00e7\u00e3o de dura\u00e7\u00e3o para monitorar suas m\u00e9tricas<\/li><li>Layouts convenientes para organizar todas as estat\u00edsticas de maneira acess\u00edvel <\/li><li>Claro, escuro e personaliz\u00e1vel esquemas de cores para ajustar a ferramenta <\/li><li>Escolha o tamanho e peso da fonte <\/li><li>F\u00e1cil de integrar mesmo sem habilidades de codifica\u00e7\u00e3o <\/li><\/ul><p><a href=\"# demo\">Voc\u00ea pode verificar quanto vale o aplicativo usando a demonstra\u00e7\u00e3o<\/a><\/p> <\/div> <div class=\"application-platform-content-item-installation application-platform-content-item\" id=\"installation\" data-nav-section=\"installation\"> <h2>Como adicionar o contador de visitantes no meu site do Shopify? <\/h2> <div class=\"video-container\"><iframe width=\"720\" height=\"405\" src=\"https:\/\/www.youtube.com\/embed\/SCPmc0eAT0k\" frameborder=\"0\" allowfullscreen=\"\"><\/iframe><\/div><p>Basta seguir as etapas descritas abaixo para ativar o aplicativo: <\/p> <ol><li><b>Abra nosso configurador gratuito e comece a moldar seu aplicativo exclusivo. <\/b><br> Escolha a organiza\u00e7\u00e3o personalizada e o desempenho do aplicativo e salve todas as corre\u00e7\u00f5es. <\/li> <li><b>Copie o c\u00f3digo pessoal que aparece na caixa dos aplicativos Elfsight. <\/b><br> Ap\u00f3s a configura\u00e7\u00e3o do seu aplicativo pessoal, copie o c\u00f3digo exclusivo na janela que aparece e guarde-o para uso posterior. <\/li> <li><b>Inicie a aplica\u00e7\u00e3o do aplicativo no site Shopify. <\/b><br> Adicione o c\u00f3digo que voc\u00ea salvou anteriormente em seu site e salve as corre\u00e7\u00f5es. <\/li> <li><b>Conclu\u00eddo! A integra\u00e7\u00e3o est\u00e1 totalmente encerrada. <\/b><br> Acesse seu site para inspecionar o funcionamento do aplicativo. <\/li><\/ol><p>Caso voc\u00ea desafie alguma complica\u00e7\u00e3o, n\u00e3o tenha medo de solicitar nossa equipe de suporte. Nosso pessoal ter\u00e1 prazer em ajud\u00e1-lo com todos os problemas que voc\u00ea possa ter com o aplicativo. <\/p> <div class=\"faq\" data-component=\"FAQ\"><div class=\"faq-item\">\r\n\t\t\t\t\t<div class=\"faq-item-question\">\r\n\t\t\t\t\t\t<h3 class=\"faq-item-question-text\">De que forma \u00e9 poss\u00edvel adicionar o Visitor Counter ao meu site Shopify sem nenhum conhecimento de codifica\u00e7\u00e3o?<\/h3>\r\n\r\n\t\t\t\t\t\t<div class=\"faq-item-question-icon\"><\/div>\r\n\t\t\t\t\t<\/div>\r\n\r\n\t\t\t\t\t<div class=\"faq-item-answer\">\r\n\t\t\t\t\t\t<div class=\"faq-item-answer-text\"> <p>A Elfsight apresenta uma solu\u00e7\u00e3o que permite \u00e0s pessoas criarem voc\u00ea mesmo uma aplica\u00e7\u00e3o Visitor Counter , verifique as instru\u00e7\u00f5es simples: V\u00e1 para a demonstra\u00e7\u00e3o online para criar uma se\u00e7\u00e3o de balc\u00e3o de visitantes que voc\u00ea gostaria de ver em seu Shopify. Escolha um dos diversos modelos prontos e modifique as configura\u00e7\u00f5es do Balc\u00e3o de Visitantes, adicione seu conte\u00fado, altere o layout e a cor dos elementos sem codifica\u00e7\u00e3o. Salve as configura\u00e7\u00f5es feitas no Contador de visitantes e copie seu c\u00f3digo de instala\u00e7\u00e3o, que pode ser facilmente adicionado \u00e0 sua p\u00e1gina do Shopify sem comprar uma vers\u00e3o paga. Trabalhando em nosso editor simples, qualquer usu\u00e1rio da Internet pode estabelecer um contador de visitantes on-line e incorpor\u00e1-lo prontamente a qualquer site do Shopify. N\u00e3o \u00e9 necess\u00e1rio fazer assinatura paga ou divulgar as credenciais do seu cart\u00e3o para entrar no Editor. Se voc\u00ea encontrar qualquer tipo de obst\u00e1culo, sinta-se \u00e0 vontade para entrar em contato com nosso suporte t\u00e9cnico ao cliente.<\/p> <\/div>\r\n\t\t\t\t\t<\/div>\r\n\t\t\t\t<\/div> <\/div><\/div>","protected":false},"excerpt":{"rendered":"","protected":false},"author":9,"featured_media":0,"parent":1255,"menu_order":0,"comment_status":"closed","ping_status":"closed","template":"templates\/template-application-platform.php","meta":{"publish_to_discourse":"","publish_post_category":"","wpdc_auto_publish_overridden":"","wpdc_topic_tags":"","wpdc_pin_topic":"","wpdc_pin_until":"","discourse_post_id":"","discourse_permalink":"","wpdc_publishing_response":"","wpdc_publishing_error":"","footnotes":""},"class_list":["post-8690","page","type-page","status-publish","hentry"],"yoast_head":"<!-- This site is optimized with the Yoast SEO plugin v25.3.1 - https:\/\/yoast.com\/wordpress\/plugins\/seo\/ -->\n<title>Balc\u00e3o de visitantes | Adicione o aplicativo Visitor Counter ao site Shopify (r\u00e1pido e gratuito)<\/title>\n<meta name=\"description\" content=\"Esta \u00e9 a melhor possibilidade de criar o aplicativo Visitor Counter Shopify e incorpor\u00e1-lo ao seu site. Voc\u00ea desfrutar\u00e1 do atendimento gratuito ao cliente da Elfsight.\" \/>\n<meta name=\"robots\" content=\"index, follow, max-snippet:-1, max-image-preview:large, max-video-preview:-1\" \/>\n<link rel=\"canonical\" href=\"https:\/\/elfsight.com\/pt\/visitor-counter-widget\/shopify\/\" \/>\n<meta property=\"og:locale\" content=\"pt_PT\" \/>\n<meta property=\"og:type\" content=\"article\" \/>\n<meta property=\"og:title\" content=\"Balc\u00e3o de visitantes | Adicione o aplicativo Visitor Counter ao site Shopify (r\u00e1pido e gratuito)\" \/>\n<meta property=\"og:description\" content=\"Esta \u00e9 a melhor possibilidade de criar o aplicativo Visitor Counter Shopify e incorpor\u00e1-lo ao seu site. Voc\u00ea desfrutar\u00e1 do atendimento gratuito ao cliente da Elfsight.\" \/>\n<meta property=\"og:url\" content=\"https:\/\/elfsight.com\/pt\/visitor-counter-widget\/shopify\/\" \/>\n<meta property=\"og:site_name\" content=\"Elfsight PT\" \/>\n<meta property=\"article:modified_time\" content=\"2024-11-13T11:25:40+00:00\" \/>\n<meta name=\"twitter:card\" content=\"summary_large_image\" \/>\n<meta name=\"twitter:label1\" content=\"Tempo estimado de leitura\" \/>\n\t<meta name=\"twitter:data1\" content=\"3 minutos\" \/>\n<!-- \/ Yoast SEO plugin. -->","yoast_head_json":{"title":"Balc\u00e3o de visitantes | Adicione o aplicativo Visitor Counter ao site Shopify (r\u00e1pido e gratuito)","description":"Esta \u00e9 a melhor possibilidade de criar o aplicativo Visitor Counter Shopify e incorpor\u00e1-lo ao seu site. Voc\u00ea desfrutar\u00e1 do atendimento gratuito ao cliente da Elfsight.","robots":{"index":"index","follow":"follow","max-snippet":"max-snippet:-1","max-image-preview":"max-image-preview:large","max-video-preview":"max-video-preview:-1"},"canonical":"https:\/\/elfsight.com\/pt\/visitor-counter-widget\/shopify\/","og_locale":"pt_PT","og_type":"article","og_title":"Balc\u00e3o de visitantes | Adicione o aplicativo Visitor Counter ao site Shopify (r\u00e1pido e gratuito)","og_description":"Esta \u00e9 a melhor possibilidade de criar o aplicativo Visitor Counter Shopify e incorpor\u00e1-lo ao seu site. Voc\u00ea desfrutar\u00e1 do atendimento gratuito ao cliente da Elfsight.","og_url":"https:\/\/elfsight.com\/pt\/visitor-counter-widget\/shopify\/","og_site_name":"Elfsight PT","article_modified_time":"2024-11-13T11:25:40+00:00","twitter_card":"summary_large_image","twitter_misc":{"Tempo estimado de leitura":"3 minutos"},"schema":{"@context":"https:\/\/schema.org","@graph":[{"@type":"WebPage","@id":"https:\/\/elfsight.com\/pt\/visitor-counter-widget\/shopify\/","url":"https:\/\/elfsight.com\/pt\/visitor-counter-widget\/shopify\/","name":"Balc\u00e3o de visitantes | Adicione o aplicativo Visitor Counter ao site Shopify (r\u00e1pido e gratuito)","isPartOf":{"@id":"https:\/\/elfsight.com\/pt\/#website"},"datePublished":"1970-01-01T00:00:00+00:00","dateModified":"2024-11-13T11:25:40+00:00","description":"Esta \u00e9 a melhor possibilidade de criar o aplicativo Visitor Counter Shopify e incorpor\u00e1-lo ao seu site. Voc\u00ea desfrutar\u00e1 do atendimento gratuito ao cliente da Elfsight.","breadcrumb":{"@id":"https:\/\/elfsight.com\/pt\/visitor-counter-widget\/shopify\/#breadcrumb"},"inLanguage":"pt-PT","potentialAction":[{"@type":"ReadAction","target":["https:\/\/elfsight.com\/pt\/visitor-counter-widget\/shopify\/"]}]},{"@type":"BreadcrumbList","@id":"https:\/\/elfsight.com\/pt\/visitor-counter-widget\/shopify\/#breadcrumb","itemListElement":[{"@type":"ListItem","position":1,"name":"Home","item":"https:\/\/elfsight.com\/pt\/"},{"@type":"ListItem","position":2,"name":"Visitor Counter","item":"https:\/\/elfsight.com\/pt\/visitor-counter-widget\/"},{"@type":"ListItem","position":3,"name":"Visitor Counter &#8211; Shopify"}]},{"@type":"WebSite","@id":"https:\/\/elfsight.com\/pt\/#website","url":"https:\/\/elfsight.com\/pt\/","name":"Elfsight PT","description":"Just another Elfsight Sites site","potentialAction":[{"@type":"SearchAction","target":{"@type":"EntryPoint","urlTemplate":"https:\/\/elfsight.com\/pt\/?s={search_term_string}"},"query-input":{"@type":"PropertyValueSpecification","valueRequired":true,"valueName":"search_term_string"}}],"inLanguage":"pt-PT"}]}},"meta_box":{"industry":"","seo_heading":"","heading":"","description":"","cta_heading":"","cta_description":"","application":"1254","h1":"Aplicativo Shopify Visitor Counter","h1_caption":"Analise o tr\u00e1fego do seu site e aprimore sua estrat\u00e9gia de neg\u00f3cios","application_category":[],"applications_title":"","applications_request_title":"","applications_request_button_text":"","hero_text":"","hero_video":"","hero_video_schema_markup":"","selling_points_title":"","selling_points_caption":"","selling_points":[],"selling_points_cta_text":"","features_title":"","features":"","ed_cta_examples_text":"","ed_cta_examples_hidden":"","ed_cta_demo_text":"","ed_cta_demo_hidden":"","why_caption":"","why_editor_title":"","why_editor_text":"","why_team_title":"","why_team_text":"","why_service_title":"","why_service_text":"","template_catalog_visible":"","template_catalog_title":"","template_catalog_text":"","template_catalog_categories_visible":"","demo_title":"Crie seu aplicativo de contador de visitantes","demo_caption":"Configure seu contador de visitantes e adicione-o ao seu site Shopify gratuitamente!","default_faq_hidden":"","app_template_category":[],"platform":"64","template_public_id":"","codecanyon_url":"","codecanyon_item_id":"","codecanyon_price":"","pricing_caption":"","pricing_elfsight_apps_hide_column":"","pricing_elfsight_apps_url":"","pricing_codecanyon_price_caption":"","integration_category":[],"integration_request_title":"","integration_request_cta":"","integration_platform":"","integrations":[],"platform_category":[],"video_schema_markup":"","price":"a partir de US$ 0\/m\u00eas","trial":"","benefits":[{"text":"Servi\u00e7o de instala\u00e7\u00e3o gratuito"},{"text":"Suporte premium"},{"text":"Garantia de devolu\u00e7\u00e3o do dinheiro em 14 dias"},{"text":"Atualiza\u00e7\u00f5es gratuitas cont\u00ednuas"}],"button_url":"#demo","button_target_blank":"","button_nofollow":"","attributes":[{"name":"Instala\u00e7\u00f5es","content":"10,000 - 100,000"},{"name":"Responsivo","content":"Sim"},{"name":"Navegadores compat\u00edveis","content":"Firefox, Safari, Opera, Chrome, Edge"}],"tags":[],"tags_disable_links":"","hide_more_platforms":"","video_object":"","demo_hide_cta":"","demo_hide_cloud_options":"","pricing_title":"","pricing":[{"pricing_icon":"cloud","pricing_title":"Elfsight Apps","pricing_title_caption":"Vers\u00e3o multiplataforma que funciona em qualquer site","pricing_price":"a partir de US$ 0\/m\u00eas","pricing_price_caption":"comece com plano gratuito","pricing_benefits":[{"text":"Sites ilimitados"},{"text":"Suporte premium"},{"text":"Suporte premium"},{"text":"Oferta especial para v\u00e1rios aplicativos"}],"pricing_button_text":"Adicionar ao site","pricing_button_url":"#demo"}],"related_apps_title":"","related_apps_hidden":"","author":"","image":[],"title":"","job":"","social_networks":[]},"_links":{"self":[{"href":"https:\/\/elfsight.com\/pt\/wp-json\/wp\/v2\/pages\/8690","targetHints":{"allow":["GET"]}}],"collection":[{"href":"https:\/\/elfsight.com\/pt\/wp-json\/wp\/v2\/pages"}],"about":[{"href":"https:\/\/elfsight.com\/pt\/wp-json\/wp\/v2\/types\/page"}],"author":[{"embeddable":true,"href":"https:\/\/elfsight.com\/pt\/wp-json\/wp\/v2\/users\/9"}],"replies":[{"embeddable":true,"href":"https:\/\/elfsight.com\/pt\/wp-json\/wp\/v2\/comments?post=8690"}],"version-history":[{"count":2,"href":"https:\/\/elfsight.com\/pt\/wp-json\/wp\/v2\/pages\/8690\/revisions"}],"predecessor-version":[{"id":12378,"href":"https:\/\/elfsight.com\/pt\/wp-json\/wp\/v2\/pages\/8690\/revisions\/12378"}],"up":[{"embeddable":true,"href":"https:\/\/elfsight.com\/pt\/wp-json\/wp\/v2\/pages\/1255"}],"wp:attachment":[{"href":"https:\/\/elfsight.com\/pt\/wp-json\/wp\/v2\/media?parent=8690"}],"curies":[{"name":"wp","href":"https:\/\/api.w.org\/{rel}","templated":true}]}}