{"id":8681,"date":"1970-01-01T00:00:00","date_gmt":"1970-01-01T00:00:00","guid":{"rendered":"https:\/\/elfsight.com\/pt\/?page_id=8681"},"modified":"2024-11-13T11:25:32","modified_gmt":"2024-11-13T11:25:32","slug":"wix","status":"publish","type":"page","link":"https:\/\/elfsight.com\/pt\/visitor-counter-widget\/wix\/","title":{"rendered":"Visitor Counter &#8211; Wix"},"content":{"rendered":"<div class=\"application-platform-content-item-description application-platform-content-item\" id=\"description\" data-nav-section=\"description\"><h2>Descri\u00e7\u00e3o<\/h2> <p> O Visitor Counter for Wix \u00e9 uma ferramenta descomplicada que permite controlar o n\u00famero de visitantes e as p\u00e1ginas mais populares visualizado dentro do prazo exato. As estat\u00edsticas essenciais agora s\u00e3o convenientes para verificar sem habilidades espec\u00edficas de codifica\u00e7\u00e3o ou an\u00e1lise de dados. Al\u00e9m disso, voc\u00ea pode facilmente garantir aos usu\u00e1rios que \u00e9 uma empresa confi\u00e1vel e conseguir muito mais novos clientes ou assinantes. Com nossas op\u00e7\u00f5es elegantes e personaliz\u00e1veis \u200b\u200be layouts pr\u00e1ticos, voc\u00ea pode integrar o aplicativo \u00e0 sua p\u00e1gina com apenas um clique. <\/p> <p><b>Incorpore o contador de visitantes para aprimorar seu plano de com\u00e9rcio eletr\u00f4nico e alcan\u00e7ar seus desafios mais rapidamente! <\/b><\/p><\/div> <div class=\"application-platform-content-item-features application-platform-content-item\" id=\"features\" data-nav-section=\"features\"> <h2>Estes s\u00e3o apenas alguns dos muitos recursos do aplicativo: <\/h2> <ul><li>F\u00e1cil de usar, sem habilidades profissionais de an\u00e1lises e codifica\u00e7\u00e3o necess\u00e1rias<\/li><li>Uma grande variedade de per\u00edodos de tempo para verificar suas estat\u00edsticas<\/li><li>Layouts \u00fateis para gerenciar todos os pontos de maneira pr\u00e1tica <\/li><li>Claro, Escuro e Esquemas de cores personaliz\u00e1veis \u200b\u200bpara ajustar a ferramenta <\/li><li>Ajustar o tamanho e peso da fonte <\/li><li>Simplesmente para adicionar no site, mesmo sem habilidades de codifica\u00e7\u00e3o <\/li><\/ul><p><a href=\"#demo\">Explore todas as configura\u00e7\u00f5es na demonstra\u00e7\u00e3o completa<\/a><\/p> <\/div> <div class=\"application-platform-content-item-installation application-platform-content-item\" id=\"installation\" data-nav-section=\"installation\"> <h2>Como posso incorporar o Visitor Tracker em minha p\u00e1gina Wix? <\/h2> <div class=\"video-container\"><iframe width=\"720\" height=\"405\" src=\"https:\/\/www.youtube.com\/embed\/2Gsps851Uoo\" frameborder=\"0\" allowfullscreen=\"\"><\/iframe><\/div><p>Basta seguir v\u00e1rias etapas abaixo para ativar o aplicativo:<\/p> <ol><li><b>Inicie nosso editor gratuito e comece a moldar seu aplicativo personalizado . <\/b><br> Determine a interface personalizada e as caracter\u00edsticas do aplicativo e salve as modifica\u00e7\u00f5es. <\/li> <li><b>Obtenha seu c\u00f3digo pessoal na caixa dos aplicativos da Elfsight. <\/b><br> Ap\u00f3s a configura\u00e7\u00e3o do seu widget pessoal, copie o c\u00f3digo individual da janela exibida e salve-o para uso futuro. <\/li> <li><b>Inicie a aplica\u00e7\u00e3o do aplicativo em sua p\u00e1gina Wix. <\/b><br> Incorpore o c\u00f3digo que voc\u00ea salvou anteriormente em seu site e salve as modifica\u00e7\u00f5es. <\/li> <li><b>Pronto! A incorpora\u00e7\u00e3o \u00e9 totalmente executada. <\/b><br> Acesse seu site para analisar como o aplicativo est\u00e1 funcionando. <\/li><\/ol> <p>Caso tenha d\u00favidas ou enfrente alguma dificuldade, n\u00e3o tenha medo de entrar em contato com nossa equipe de suporte. Nosso pessoal est\u00e1 ansioso para ajud\u00e1-lo com todas as dificuldades que voc\u00ea possa ter com o aplicativo. <\/p> <div class=\"faq\" data-component=\"FAQ\"><div class=\"faq-item\">\r\n\t\t\t\t\t<div class=\"faq-item-question\">\r\n\t\t\t\t\t\t<h3 class=\"faq-item-question-text\">Existe uma op\u00e7\u00e3o para adicionar o contador de visitantes \u00e0 minha p\u00e1gina Wix sem habilidades de codifica\u00e7\u00e3o?<\/h3>\r\n\r\n\t\t\t\t\t\t<div class=\"faq-item-question-icon\"><\/div>\r\n\t\t\t\t\t<\/div>\r\n\r\n\t\t\t\t\t<div class=\"faq-item-answer\">\r\n\t\t\t\t\t\t<div class=\"faq-item-answer-text\"> <p>A Elfsight oferece uma solu\u00e7\u00e3o SaaS que permite que voc\u00ea mesmo gere um widget de contador de visitantes, veja como o processo \u00e9 simples: V\u00e1 para o Editor on-line para estabelecer um plugin de Contador de Visitantes que voc\u00ea gostaria de integrar em sua p\u00e1gina Wix. Escolha um dos templates prontos e altere as configura\u00e7\u00f5es do Balc\u00e3o de Visitantes, altere o layout e a cor dos elementos e atualize seu conte\u00fado, sem nenhuma experi\u00eancia em codifica\u00e7\u00e3o. Clique para salvar as configura\u00e7\u00f5es feitas no Contador de visitantes e copiar seu c\u00f3digo de instala\u00e7\u00e3o, que voc\u00ea pode incluir facilmente na p\u00e1gina Wix, sem a necessidade de comprar uma assinatura paga. Trabalhando no Configurador f\u00e1cil de usar, cada usu\u00e1rio da Internet pode criar um plugin de contador de visitantes online e incorpor\u00e1-lo facilmente em qualquer site Wix. N\u00e3o h\u00e1 necessidade de adquirir um plano pago ou enviar os dados do seu cart\u00e3o para entrar em nosso servi\u00e7o. Se voc\u00ea encontrar algum problema em qualquer etapa, n\u00e3o hesite em entrar em contato com nossa equipe de suporte t\u00e9cnico.<\/p> <\/div>\r\n\t\t\t\t\t<\/div>\r\n\t\t\t\t<\/div> <\/div><\/div><p><\/p><!-- \/wp:par\u00e1grafo -->","protected":false},"excerpt":{"rendered":"","protected":false},"author":9,"featured_media":0,"parent":1255,"menu_order":0,"comment_status":"closed","ping_status":"closed","template":"templates\/template-application-platform.php","meta":{"publish_to_discourse":"","publish_post_category":"","wpdc_auto_publish_overridden":"","wpdc_topic_tags":"","wpdc_pin_topic":"","wpdc_pin_until":"","discourse_post_id":"","discourse_permalink":"","wpdc_publishing_response":"","wpdc_publishing_error":"","footnotes":""},"class_list":["post-8681","page","type-page","status-publish","hentry"],"yoast_head":"<!-- This site is optimized with the Yoast SEO plugin v25.3.1 - https:\/\/yoast.com\/wordpress\/plugins\/seo\/ -->\n<title>Hit Counter \u2014 Adicione o plug-in Visitor Counter ao Wix (gr\u00e1tis e r\u00e1pido)<\/title>\n<meta name=\"description\" content=\"Projete seu melhor aplicativo Hit Counter e incorpore-o ao seu site de forma r\u00e1pida e f\u00e1cil. Temos suporte gratuito ao cliente e outros b\u00f4nus.\" \/>\n<meta name=\"robots\" content=\"index, follow, max-snippet:-1, max-image-preview:large, max-video-preview:-1\" \/>\n<link rel=\"canonical\" href=\"https:\/\/elfsight.com\/pt\/visitor-counter-widget\/wix\/\" \/>\n<meta property=\"og:locale\" content=\"pt_PT\" \/>\n<meta property=\"og:type\" content=\"article\" \/>\n<meta property=\"og:title\" content=\"Hit Counter \u2014 Adicione o plug-in Visitor Counter ao Wix (gr\u00e1tis e r\u00e1pido)\" \/>\n<meta property=\"og:description\" content=\"Projete seu melhor aplicativo Hit Counter e incorpore-o ao seu site de forma r\u00e1pida e f\u00e1cil. Temos suporte gratuito ao cliente e outros b\u00f4nus.\" \/>\n<meta property=\"og:url\" content=\"https:\/\/elfsight.com\/pt\/visitor-counter-widget\/wix\/\" \/>\n<meta property=\"og:site_name\" content=\"Elfsight PT\" \/>\n<meta property=\"article:modified_time\" content=\"2024-11-13T11:25:32+00:00\" \/>\n<meta name=\"twitter:card\" content=\"summary_large_image\" \/>\n<meta name=\"twitter:label1\" content=\"Tempo estimado de leitura\" \/>\n\t<meta name=\"twitter:data1\" content=\"3 minutos\" \/>\n<!-- \/ Yoast SEO plugin. -->","yoast_head_json":{"title":"Hit Counter \u2014 Adicione o plug-in Visitor Counter ao Wix (gr\u00e1tis e r\u00e1pido)","description":"Projete seu melhor aplicativo Hit Counter e incorpore-o ao seu site de forma r\u00e1pida e f\u00e1cil. Temos suporte gratuito ao cliente e outros b\u00f4nus.","robots":{"index":"index","follow":"follow","max-snippet":"max-snippet:-1","max-image-preview":"max-image-preview:large","max-video-preview":"max-video-preview:-1"},"canonical":"https:\/\/elfsight.com\/pt\/visitor-counter-widget\/wix\/","og_locale":"pt_PT","og_type":"article","og_title":"Hit Counter \u2014 Adicione o plug-in Visitor Counter ao Wix (gr\u00e1tis e r\u00e1pido)","og_description":"Projete seu melhor aplicativo Hit Counter e incorpore-o ao seu site de forma r\u00e1pida e f\u00e1cil. Temos suporte gratuito ao cliente e outros b\u00f4nus.","og_url":"https:\/\/elfsight.com\/pt\/visitor-counter-widget\/wix\/","og_site_name":"Elfsight PT","article_modified_time":"2024-11-13T11:25:32+00:00","twitter_card":"summary_large_image","twitter_misc":{"Tempo estimado de leitura":"3 minutos"},"schema":{"@context":"https:\/\/schema.org","@graph":[{"@type":"WebPage","@id":"https:\/\/elfsight.com\/pt\/visitor-counter-widget\/wix\/","url":"https:\/\/elfsight.com\/pt\/visitor-counter-widget\/wix\/","name":"Hit Counter \u2014 Adicione o plug-in Visitor Counter ao Wix (gr\u00e1tis e r\u00e1pido)","isPartOf":{"@id":"https:\/\/elfsight.com\/pt\/#website"},"datePublished":"1970-01-01T00:00:00+00:00","dateModified":"2024-11-13T11:25:32+00:00","description":"Projete seu melhor aplicativo Hit Counter e incorpore-o ao seu site de forma r\u00e1pida e f\u00e1cil. Temos suporte gratuito ao cliente e outros b\u00f4nus.","breadcrumb":{"@id":"https:\/\/elfsight.com\/pt\/visitor-counter-widget\/wix\/#breadcrumb"},"inLanguage":"pt-PT","potentialAction":[{"@type":"ReadAction","target":["https:\/\/elfsight.com\/pt\/visitor-counter-widget\/wix\/"]}]},{"@type":"BreadcrumbList","@id":"https:\/\/elfsight.com\/pt\/visitor-counter-widget\/wix\/#breadcrumb","itemListElement":[{"@type":"ListItem","position":1,"name":"Home","item":"https:\/\/elfsight.com\/pt\/"},{"@type":"ListItem","position":2,"name":"Visitor Counter","item":"https:\/\/elfsight.com\/pt\/visitor-counter-widget\/"},{"@type":"ListItem","position":3,"name":"Visitor Counter &#8211; Wix"}]},{"@type":"WebSite","@id":"https:\/\/elfsight.com\/pt\/#website","url":"https:\/\/elfsight.com\/pt\/","name":"Elfsight PT","description":"Just another Elfsight Sites site","potentialAction":[{"@type":"SearchAction","target":{"@type":"EntryPoint","urlTemplate":"https:\/\/elfsight.com\/pt\/?s={search_term_string}"},"query-input":{"@type":"PropertyValueSpecification","valueRequired":true,"valueName":"search_term_string"}}],"inLanguage":"pt-PT"}]}},"meta_box":{"industry":"","seo_heading":"","heading":"","description":"","cta_heading":"","cta_description":"","application":"1254","h1":"Aplicativo Contador de Visitantes Wix","h1_caption":"Analise as estat\u00edsticas da sua p\u00e1gina da web e obtenha mais neg\u00f3cios","application_category":[],"applications_title":"","applications_request_title":"","applications_request_button_text":"","hero_text":"","hero_video":"","hero_video_schema_markup":"","selling_points_title":"","selling_points_caption":"","selling_points":[],"selling_points_cta_text":"","features_title":"","features":"","ed_cta_examples_text":"","ed_cta_examples_hidden":"","ed_cta_demo_text":"","ed_cta_demo_hidden":"","why_caption":"","why_editor_title":"","why_editor_text":"","why_team_title":"","why_team_text":"","why_service_title":"","why_service_text":"","template_catalog_visible":"","template_catalog_title":"","template_catalog_text":"","template_catalog_categories_visible":"","demo_title":"Crie seu aplicativo de contador de visitantes","demo_caption":"Configure seu contador de visitantes e adicione-o ao seu site Wix gratuitamente!","default_faq_hidden":"","app_template_category":[],"platform":"37","template_public_id":"","codecanyon_url":"","codecanyon_item_id":"","codecanyon_price":"","pricing_caption":"","pricing_elfsight_apps_hide_column":"","pricing_elfsight_apps_url":"","pricing_codecanyon_price_caption":"","integration_category":[],"integration_request_title":"","integration_request_cta":"","integration_platform":"","integrations":[],"platform_category":[],"video_schema_markup":"","price":"a partir de US$ 0\/m\u00eas","trial":"","benefits":[{"text":"Assist\u00eancia de instala\u00e7\u00e3o gratuita"},{"text":"Suporte ao cliente experiente"},{"text":"Garantia de devolu\u00e7\u00e3o do dinheiro em 14 dias"},{"text":"Melhorias gratuitas cont\u00ednuas"}],"button_url":"#demo","button_target_blank":"","button_nofollow":"","attributes":[{"name":"Instala\u00e7\u00f5es","content":"10,000 - 100,000"},{"name":"Responsivo","content":"Sim"},{"name":"Navegadores compat\u00edveis","content":"Firefox, Safari, Opera, Chrome, Edge"}],"tags":[],"tags_disable_links":"","hide_more_platforms":"","video_object":"","demo_hide_cta":"","demo_hide_cloud_options":"","pricing_title":"","pricing":[{"pricing_icon":"platform","pricing_title":"Elfsight Apps","pricing_title_caption":"Vers\u00e3o multiplataforma que funciona em qualquer site","pricing_price":"a partir de US$ 0\/m\u00eas","pricing_price_caption":"comece com plano gratuito","pricing_benefits":[{"text":"Dom\u00ednios ilimitados"},{"text":"Suporte ao cliente premium"},{"text":"Suporte ao cliente premium"},{"text":"Oferta especial para v\u00e1rios aplicativos"}],"pricing_button_text":"Adicionar ao site","pricing_button_url":"#demo"}],"related_apps_title":"","related_apps_hidden":"","author":"","image":[],"title":"","job":"","social_networks":[]},"_links":{"self":[{"href":"https:\/\/elfsight.com\/pt\/wp-json\/wp\/v2\/pages\/8681","targetHints":{"allow":["GET"]}}],"collection":[{"href":"https:\/\/elfsight.com\/pt\/wp-json\/wp\/v2\/pages"}],"about":[{"href":"https:\/\/elfsight.com\/pt\/wp-json\/wp\/v2\/types\/page"}],"author":[{"embeddable":true,"href":"https:\/\/elfsight.com\/pt\/wp-json\/wp\/v2\/users\/9"}],"replies":[{"embeddable":true,"href":"https:\/\/elfsight.com\/pt\/wp-json\/wp\/v2\/comments?post=8681"}],"version-history":[{"count":2,"href":"https:\/\/elfsight.com\/pt\/wp-json\/wp\/v2\/pages\/8681\/revisions"}],"predecessor-version":[{"id":12374,"href":"https:\/\/elfsight.com\/pt\/wp-json\/wp\/v2\/pages\/8681\/revisions\/12374"}],"up":[{"embeddable":true,"href":"https:\/\/elfsight.com\/pt\/wp-json\/wp\/v2\/pages\/1255"}],"wp:attachment":[{"href":"https:\/\/elfsight.com\/pt\/wp-json\/wp\/v2\/media?parent=8681"}],"curies":[{"name":"wp","href":"https:\/\/api.w.org\/{rel}","templated":true}]}}