{"id":8680,"date":"1970-01-01T00:00:00","date_gmt":"1970-01-01T00:00:00","guid":{"rendered":"https:\/\/elfsight.com\/pt\/?page_id=8680"},"modified":"2024-11-13T11:25:24","modified_gmt":"2024-11-13T11:25:24","slug":"wordpress","status":"publish","type":"page","link":"https:\/\/elfsight.com\/pt\/visitor-counter-widget\/wordpress\/","title":{"rendered":"Visitor Counter &#8211; WordPress"},"content":{"rendered":"<div class=\"application-platform-content-item-description application-platform-content-item\" id=\"description\" data-nav-section=\"description\"> <h2>Incorpore o contador de visitantes no WordPress com o widget Elfsight<\/h2> <p> O Visitor Counter for WordPress \u00e9 um plugin f\u00e1cil de gerenciar que permite monitorar uma quantidade de visitantes e o conte\u00fado mais popular visualizado em um intervalo de tempo espec\u00edfico. As m\u00e9tricas b\u00e1sicas agora s\u00e3o f\u00e1ceis de verificar, sem a necessidade de habilidades espec\u00edficas de an\u00e1lise de dados. Por meio dele voc\u00ea pode facilmente garantir aos usu\u00e1rios que voc\u00ea \u00e9 uma empresa respeit\u00e1vel e tem mais novos clientes e clientes. Com nossas oportunidades elegantes e personalizadas para o usu\u00e1rio e layouts \u00fateis, voc\u00ea pode criar o plug-in em sua p\u00e1gina com apenas alguns cliques. <\/p> <p><b>Torne suas t\u00e1ticas de neg\u00f3cios mais eficazes e obtenha mais leads com a ajuda do contador de visualiza\u00e7\u00f5es de p\u00e1ginas!<\/b><\/p><\/div> <div class=\"faq\" data-component=\"FAQ\"><div class=\"faq-item\">\r\n\t\t\t\t\t<div class=\"faq-item-question\">\r\n\t\t\t\t\t\t<h3 class=\"faq-item-question-text\">Como posso incorporar um contador de visitantes no meu site WordPress? <\/h3>\r\n\r\n\t\t\t\t\t\t<div class=\"faq-item-question-icon\"><\/div>\r\n\t\t\t\t\t<\/div>\r\n\r\n\t\t\t\t\t<div class=\"faq-item-answer\">\r\n\t\t\t\t\t\t<div class=\"faq-item-answer-text\"><p>A constru\u00e7\u00e3o do widget ocorre nas p\u00e1ginas da Elfsight e voc\u00ea n\u00e3o precisa aprender a programar. Aplique nossa demonstra\u00e7\u00e3o online para personalizar seu widget pessoal, adquirir o c\u00f3digo e incorpor\u00e1-lo em seu site. <\/p><\/div>\r\n\t\t\t\t\t<\/div>\r\n\t\t\t\t<\/div><div class=\"faq-item\">\r\n\t\t\t\t\t<div class=\"faq-item-question\">\r\n\t\t\t\t\t\t<h3 class=\"faq-item-question-text\">As melhores maneiras de usar a integra\u00e7\u00e3o do Hit Counter<\/h3>\r\n\r\n\t\t\t\t\t\t<div class=\"faq-item-question-icon\"><\/div>\r\n\t\t\t\t\t<\/div>\r\n\r\n\t\t\t\t\t<div class=\"faq-item-answer\">\r\n\t\t\t\t\t\t<div class=\"faq-item-answer-text\"><p>Forneceremos a voc\u00ea uma infinidade de possibilidades de ajuste: widgets completos para incorporar no \u00e1rea de conte\u00fado, plugins flutuantes para recurso de rolagem, miniaturas para o rodap\u00e9 do seu site, se\u00e7\u00e3o principal e todas as varia\u00e7\u00f5es de possibilidades verticais para barras laterais e menus. <\/p><\/div>\r\n\t\t\t\t\t<\/div>\r\n\t\t\t\t<\/div><div class=\"faq-item\">\r\n\t\t\t\t\t<div class=\"faq-item-question\">\r\n\t\t\t\t\t\t<h3 class=\"faq-item-question-text\">Posso criar um Contador Di\u00e1rio ou Mini Visitante atrav\u00e9s da ag\u00eancia do seu editor? <\/h3>\r\n\r\n\t\t\t\t\t\t<div class=\"faq-item-question-icon\"><\/div>\r\n\t\t\t\t\t<\/div>\r\n\r\n\t\t\t\t\t<div class=\"faq-item-answer\">\r\n\t\t\t\t\t\t<div class=\"faq-item-answer-text\"><p>Voc\u00ea pode criar qualquer altera\u00e7\u00e3o no widget. Existem muitos layouts dispon\u00edveis no editor, e todos eles podem ser facilmente customizados do jeito que voc\u00ea precisa. <\/p><\/div>\r\n\t\t\t\t\t<\/div>\r\n\t\t\t\t<\/div><\/div><div class=\"application-platform-content-item-features application-platform-content-item\" id=\"features\" data-nav-section=\"features\"> <h2>Os recursos mais importantes do widget s\u00e3o: <\/h2> <ul><li>F\u00e1cil de gerenciar sem demanda compet\u00eancia profissional de an\u00e1lise e codifica\u00e7\u00e3o necess\u00e1ria<\/li><li>Uma ampla diversidade de dura\u00e7\u00e3o para verificar suas m\u00e9tricas<\/li><li> Layouts pr\u00e1ticos para gerenciar todos os pontos da maneira mais pr\u00e1tica <\/li><li>Cor clara, escura e personaliz\u00e1vel esquemas para deixar a ferramenta elegante <\/li><li> Defina o tamanho e a espessura da fonte <\/li><li> Simplesmente para incorporar mesmo sem codifica\u00e7\u00e3o <\/li><\/ul><p><a href=\"#demo \">Voc\u00ea pode explorar como o plugin funciona usando a demonstra\u00e7\u00e3o<\/a><\/p> <\/div> <div class=\"application-platform-content-item-installation application-platform-content-item\" id=\"installation\" data-nav-section=\"installation\"> <h2>Como adicionar um contador de visitantes em minha p\u00e1gina WordPress? <\/h2> <div class=\"video-container\"><iframe width=\"720\" height=\"405\" src=\"https:\/\/www.youtube.com\/embed\/5PsgW5F1J98\" frameborder=\"0\" allowfullscreen=\"\"><\/iframe><\/div><p>Basta aplicar as instru\u00e7\u00f5es abaixo para inserir o plugin: <\/p> <ol><li><b>Abra nossa demonstra\u00e7\u00e3o gratuita e comece a trabalhar com seu plugin exclusivo. <\/b><br> Escolha a forma personalizada e o desempenho do plugin e aplique todas as edi\u00e7\u00f5es. <\/li> <li><b>Obtenha o c\u00f3digo individual mostrado na caixa dos aplicativos Elfsight. <\/b><br> Quando a gera\u00e7\u00e3o do seu plugin for conclu\u00edda, copie o seu c\u00f3digo no pop-up exibido e guarde-o para uso futuro. <\/li> <li><b>Comece a usar o plugin em seu site WordPress. <\/b><br> Insira o c\u00f3digo que voc\u00ea salvou recentemente em seu site e salve as modifica\u00e7\u00f5es. <\/li> <li><b>Conclu\u00eddo! A configura\u00e7\u00e3o est\u00e1 totalmente executada. <\/b><br> Visite seu site para examinar como o plugin funciona. <\/li><\/ol><p>Supondo que voc\u00ea enfrente algumas dificuldades, n\u00e3o tenha medo de entrar em contato com nossa equipe de atendimento ao cliente. Nossos consultores desejam resolver todos os problemas que voc\u00ea possa ter com a ferramenta. <\/p> <\/div>","protected":false},"excerpt":{"rendered":"","protected":false},"author":9,"featured_media":0,"parent":1255,"menu_order":0,"comment_status":"closed","ping_status":"closed","template":"templates\/template-application-platform.php","meta":{"publish_to_discourse":"","publish_post_category":"","wpdc_auto_publish_overridden":"","wpdc_topic_tags":"","wpdc_pin_topic":"","wpdc_pin_until":"","discourse_post_id":"","discourse_permalink":"","wpdc_publishing_response":"","wpdc_publishing_error":"","footnotes":""},"class_list":["post-8680","page","type-page","status-publish","hentry"],"yoast_head":"<!-- This site is optimized with the Yoast SEO plugin v25.3.1 - https:\/\/yoast.com\/wordpress\/plugins\/seo\/ -->\n<title>Contador de visitantes \u2013 Adicionar widget de contador de visitantes ao site WordPress [2025]<\/title>\n<meta name=\"description\" content=\"Esta \u00e9 a melhor oportunidade para criar um widget Hit Counter e incorpor\u00e1-lo ao seu site. Obtenha atendimento ao cliente gratuito da Elfsight.\" \/>\n<meta name=\"robots\" content=\"index, follow, max-snippet:-1, max-image-preview:large, max-video-preview:-1\" \/>\n<link rel=\"canonical\" href=\"https:\/\/elfsight.com\/pt\/visitor-counter-widget\/wordpress\/\" \/>\n<meta property=\"og:locale\" content=\"pt_PT\" \/>\n<meta property=\"og:type\" content=\"article\" \/>\n<meta property=\"og:title\" content=\"Contador de visitantes \u2013 Adicionar widget de contador de visitantes ao site WordPress [2025]\" \/>\n<meta property=\"og:description\" content=\"Esta \u00e9 a melhor oportunidade para criar um widget Hit Counter e incorpor\u00e1-lo ao seu site. Obtenha atendimento ao cliente gratuito da Elfsight.\" \/>\n<meta property=\"og:url\" content=\"https:\/\/elfsight.com\/pt\/visitor-counter-widget\/wordpress\/\" \/>\n<meta property=\"og:site_name\" content=\"Elfsight PT\" \/>\n<meta property=\"article:modified_time\" content=\"2024-11-13T11:25:24+00:00\" \/>\n<meta name=\"twitter:card\" content=\"summary_large_image\" \/>\n<meta name=\"twitter:label1\" content=\"Tempo estimado de leitura\" \/>\n\t<meta name=\"twitter:data1\" content=\"3 minutos\" \/>\n<!-- \/ Yoast SEO plugin. -->","yoast_head_json":{"title":"Contador de visitantes \u2013 Adicionar widget de contador de visitantes ao site WordPress [2025]","description":"Esta \u00e9 a melhor oportunidade para criar um widget Hit Counter e incorpor\u00e1-lo ao seu site. Obtenha atendimento ao cliente gratuito da Elfsight.","robots":{"index":"index","follow":"follow","max-snippet":"max-snippet:-1","max-image-preview":"max-image-preview:large","max-video-preview":"max-video-preview:-1"},"canonical":"https:\/\/elfsight.com\/pt\/visitor-counter-widget\/wordpress\/","og_locale":"pt_PT","og_type":"article","og_title":"Contador de visitantes \u2013 Adicionar widget de contador de visitantes ao site WordPress [2025]","og_description":"Esta \u00e9 a melhor oportunidade para criar um widget Hit Counter e incorpor\u00e1-lo ao seu site. Obtenha atendimento ao cliente gratuito da Elfsight.","og_url":"https:\/\/elfsight.com\/pt\/visitor-counter-widget\/wordpress\/","og_site_name":"Elfsight PT","article_modified_time":"2024-11-13T11:25:24+00:00","twitter_card":"summary_large_image","twitter_misc":{"Tempo estimado de leitura":"3 minutos"},"schema":{"@context":"https:\/\/schema.org","@graph":[{"@type":"WebPage","@id":"https:\/\/elfsight.com\/pt\/visitor-counter-widget\/wordpress\/","url":"https:\/\/elfsight.com\/pt\/visitor-counter-widget\/wordpress\/","name":"Contador de visitantes \u2013 Adicionar widget de contador de visitantes ao site WordPress [2025]","isPartOf":{"@id":"https:\/\/elfsight.com\/pt\/#website"},"datePublished":"1970-01-01T00:00:00+00:00","dateModified":"2024-11-13T11:25:24+00:00","description":"Esta \u00e9 a melhor oportunidade para criar um widget Hit Counter e incorpor\u00e1-lo ao seu site. Obtenha atendimento ao cliente gratuito da Elfsight.","breadcrumb":{"@id":"https:\/\/elfsight.com\/pt\/visitor-counter-widget\/wordpress\/#breadcrumb"},"inLanguage":"pt-PT","potentialAction":[{"@type":"ReadAction","target":["https:\/\/elfsight.com\/pt\/visitor-counter-widget\/wordpress\/"]}]},{"@type":"BreadcrumbList","@id":"https:\/\/elfsight.com\/pt\/visitor-counter-widget\/wordpress\/#breadcrumb","itemListElement":[{"@type":"ListItem","position":1,"name":"Home","item":"https:\/\/elfsight.com\/pt\/"},{"@type":"ListItem","position":2,"name":"Visitor Counter","item":"https:\/\/elfsight.com\/pt\/visitor-counter-widget\/"},{"@type":"ListItem","position":3,"name":"Visitor Counter &#8211; WordPress"}]},{"@type":"WebSite","@id":"https:\/\/elfsight.com\/pt\/#website","url":"https:\/\/elfsight.com\/pt\/","name":"Elfsight PT","description":"Just another Elfsight Sites site","potentialAction":[{"@type":"SearchAction","target":{"@type":"EntryPoint","urlTemplate":"https:\/\/elfsight.com\/pt\/?s={search_term_string}"},"query-input":{"@type":"PropertyValueSpecification","valueRequired":true,"valueName":"search_term_string"}}],"inLanguage":"pt-PT"}]}},"meta_box":{"industry":"","seo_heading":"","heading":"","description":"","cta_heading":"","cta_description":"","application":"1254","h1":"Plug-in de contador de visitantes do Wordpress","h1_caption":"Monitore a an\u00e1lise de sua p\u00e1gina da web e aumente a credibilidade de sua empresa","application_category":[],"applications_title":"","applications_request_title":"","applications_request_button_text":"","hero_text":"","hero_video":"","hero_video_schema_markup":"","selling_points_title":"","selling_points_caption":"","selling_points":[],"selling_points_cta_text":"","features_title":"","features":"","ed_cta_examples_text":"","ed_cta_examples_hidden":"","ed_cta_demo_text":"","ed_cta_demo_hidden":"","why_caption":"","why_editor_title":"","why_editor_text":"","why_team_title":"","why_team_text":"","why_service_title":"","why_service_text":"","template_catalog_visible":"","template_catalog_title":"","template_catalog_text":"","template_catalog_categories_visible":"","demo_title":"Crie seu plugin de contador de visitantes","demo_caption":"Configure seu contador de visitantes e adicione-o gratuitamente ao seu site WordPress!","default_faq_hidden":"","app_template_category":[],"platform":"34","template_public_id":"","codecanyon_url":"","codecanyon_item_id":"","codecanyon_price":"","pricing_caption":"","pricing_elfsight_apps_hide_column":"","pricing_elfsight_apps_url":"","pricing_codecanyon_price_caption":"","integration_category":[],"integration_request_title":"","integration_request_cta":"","integration_platform":"","integrations":[],"platform_category":[],"video_schema_markup":"","price":"a partir de US$ 0\/m\u00eas","trial":"","benefits":[{"text":"Ajuda de instala\u00e7\u00e3o gratuita"},{"text":"Atendimento ao cliente eficaz"},{"text":"Garantia de reembolso de 14 dias"},{"text":"Desenvolvimento cont\u00ednuo"}],"button_url":"#demo","button_target_blank":"","button_nofollow":"","attributes":[{"name":"Instala\u00e7\u00f5es","content":"10,000 - 100,000"},{"name":"Responsivo","content":"Sim"},{"name":"Navegadores compat\u00edveis","content":"Firefox, Safari, Opera, Chrome, Edge"}],"tags":[],"tags_disable_links":"","hide_more_platforms":"","video_object":"","demo_hide_cta":"","demo_hide_cloud_options":"","pricing_title":"","pricing":[{"pricing_icon":"platform","pricing_title":"Elfsight Apps","pricing_title_caption":"Software multiplataforma","pricing_price":"a partir de US$ 0\/m\u00eas","pricing_price_caption":"comece com plano gratuito","pricing_benefits":[{"text":"Dom\u00ednios ilimitados"},{"text":"Suporte gratuito e bem documentado"},{"text":"Suporte gratuito e bem documentado"},{"text":"Pre\u00e7o a ser pago para v\u00e1rios aplicativos"}],"pricing_button_text":"Adicionar ao site","pricing_button_url":"#demo"}],"related_apps_title":"","related_apps_hidden":"","author":"","image":[],"title":"","job":"","social_networks":[]},"_links":{"self":[{"href":"https:\/\/elfsight.com\/pt\/wp-json\/wp\/v2\/pages\/8680","targetHints":{"allow":["GET"]}}],"collection":[{"href":"https:\/\/elfsight.com\/pt\/wp-json\/wp\/v2\/pages"}],"about":[{"href":"https:\/\/elfsight.com\/pt\/wp-json\/wp\/v2\/types\/page"}],"author":[{"embeddable":true,"href":"https:\/\/elfsight.com\/pt\/wp-json\/wp\/v2\/users\/9"}],"replies":[{"embeddable":true,"href":"https:\/\/elfsight.com\/pt\/wp-json\/wp\/v2\/comments?post=8680"}],"version-history":[{"count":2,"href":"https:\/\/elfsight.com\/pt\/wp-json\/wp\/v2\/pages\/8680\/revisions"}],"predecessor-version":[{"id":12373,"href":"https:\/\/elfsight.com\/pt\/wp-json\/wp\/v2\/pages\/8680\/revisions\/12373"}],"up":[{"embeddable":true,"href":"https:\/\/elfsight.com\/pt\/wp-json\/wp\/v2\/pages\/1255"}],"wp:attachment":[{"href":"https:\/\/elfsight.com\/pt\/wp-json\/wp\/v2\/media?parent=8680"}],"curies":[{"name":"wp","href":"https:\/\/api.w.org\/{rel}","templated":true}]}}