{"id":8664,"date":"1970-01-01T00:00:00","date_gmt":"1970-01-01T00:00:00","guid":{"rendered":"https:\/\/elfsight.com\/pt\/?page_id=8664"},"modified":"2024-11-13T11:53:00","modified_gmt":"2024-11-13T11:53:00","slug":"bigcommerce","status":"publish","type":"page","link":"https:\/\/elfsight.com\/pt\/vimeo-video-gallery-widget\/bigcommerce\/","title":{"rendered":"Vimeo Gallery &#8211; BigCommerce"},"content":{"rendered":"<div class=\"application-platform-content-item-description application-platform-content-item\" id=\"description\" data-nav-section=\"description\"> <h2>Descri\u00e7\u00e3o<\/h2> <p>A Elfsight Gallery \u00e9 uma ferramenta eficaz para todos que precisam incorporar conte\u00fado do Vimeo no site. Voc\u00ea tem a oportunidade de criar playlists, mostrar um canal inteiro, escolher o melhor conte\u00fado de v\u00eddeo para sua galeria e muito mais. O widget Elfsight tem muitas op\u00e7\u00f5es de design, que ajudam a definir a interface adequada para diferentes casos. Tr\u00eas layouts ajudar\u00e3o a posicionar os v\u00eddeos da maneira ideal, v\u00e1rios modos de reprodu\u00e7\u00e3o tornar\u00e3o a visualiza\u00e7\u00e3o de seus v\u00eddeos confort\u00e1vel em qualquer caso de uso. Usando o cabe\u00e7alho \u00e9 f\u00e1cil, conte a todos sobre sua conta do Vimeo e aumente o n\u00famero de assinantes. A aplica\u00e7\u00e3o Elfsight Vimeo ser\u00e1 uma forma f\u00e1cil n\u00e3o s\u00f3 de aumentar o envolvimento, mas tamb\u00e9m de fazer crescer o seu neg\u00f3cio. <\/p> <div class=\"faq\" data-component=\"FAQ\"><div class=\"faq-item\">\r\n\t\t\t\t\t<div class=\"faq-item-question\">\r\n\t\t\t\t\t\t<h3 class=\"faq-item-question-text\">Onde posso integr\u00e1-lo<\/h3>\r\n\r\n\t\t\t\t\t\t<div class=\"faq-item-question-icon\"><\/div>\r\n\t\t\t\t\t<\/div>\r\n\r\n\t\t\t\t\t<div class=\"faq-item-answer\">\r\n\t\t\t\t\t\t<div class=\"faq-item-answer-text\"> <p>Voc\u00ea pode incorporar o widget na p\u00e1gina que escolher. Caso voc\u00ea introduza o player do Vimeo no modelo, o widget aparecer\u00e1 em todas as p\u00e1ginas.<\/p> <\/div>\r\n\t\t\t\t\t<\/div>\r\n\t\t\t\t<\/div><div class=\"faq-item\">\r\n\t\t\t\t\t<div class=\"faq-item-question\">\r\n\t\t\t\t\t\t<h3 class=\"faq-item-question-text\">Quais s\u00e3o as vantagens de ter a Galeria do Vimeo para mim?<\/h3>\r\n\r\n\t\t\t\t\t\t<div class=\"faq-item-question-icon\"><\/div>\r\n\t\t\t\t\t<\/div>\r\n\r\n\t\t\t\t\t<div class=\"faq-item-answer\">\r\n\t\t\t\t\t\t<div class=\"faq-item-answer-text\"> <p>Isso plugin contribuir\u00e1 para aumentar o n\u00edvel de engajamento do seu site com v\u00eddeos atraentes. O recurso de inscri\u00e7\u00e3o r\u00e1pida ajudar\u00e1 a ter novos seguidores em seu canal do Vimeo.<\/p><\/div>\r\n\t\t\t\t\t<\/div>\r\n\t\t\t\t<\/div> <div class=\"faq-item\">\r\n\t\t\t\t\t<div class=\"faq-item-question\">\r\n\t\t\t\t\t\t<h3 class=\"faq-item-question-text\">Como posso instalar o reprodutor de v\u00eddeo do Vimeo?<\/h3>\r\n\r\n\t\t\t\t\t\t<div class=\"faq-item-question-icon\"><\/div>\r\n\t\t\t\t\t<\/div>\r\n\r\n\t\t\t\t\t<div class=\"faq-item-answer\">\r\n\t\t\t\t\t\t<div class=\"faq-item-answer-text\"> <p>Voc\u00ea s\u00f3 precisar\u00e1 de dois minutos para come\u00e7ar a usar o widget. A incorpora\u00e7\u00e3o \u00e9 super r\u00e1pida, gratuita e sem codifica\u00e7\u00e3o. <\/p> <p>A Galeria de v\u00eddeos do Elfsight Vimeo pode ser introduzida no nosso servi\u00e7o ou atrav\u00e9s do mercado. Aqui voc\u00ea pode comparar todos os detalhes das duas op\u00e7\u00f5es e escolher a sua. <\/p> <\/div>\r\n\t\t\t\t\t<\/div>\r\n\t\t\t\t<\/div> <\/div> <\/div> <div class=\"application-platform-content-item-features application-platform-content-item\" id=\"features\" data-nav-section=\"features\"> <h2>Recursos<\/h2> <p>Para moldar uma percep\u00e7\u00e3o clara do widget, verifique a lista dos mais fun\u00e7\u00f5es valiosas. Eles tornam o widget ben\u00e9fico para voc\u00ea: <\/p> <ul><li>Incorpora\u00e7\u00e3o de layouts prontos para uso para diversas formas de ritmo de v\u00eddeos: grade, lista de reprodu\u00e7\u00e3o, controle deslizante; <\/li><li>7 elementos altern\u00e1veis \u200b\u200bdo cabe\u00e7alho do widget: nome, estat\u00edsticas, descri\u00e7\u00e3o, bot\u00e3o seguir, \u00edcone do perfil; <\/li><li>4 modos de jogo prontos para uso: Popup, Player, Inline ou no Vimeo; <\/li><li>3 a\u00e7\u00f5es ap\u00f3s o t\u00e9rmino do v\u00eddeo: reproduzir a seguir, repetir, nenhuma; <\/li><\/ul><p><a href=\"#demo\">Nossa demonstra\u00e7\u00e3o ao vivo abrir\u00e1 todos os recursos para voc\u00ea<\/a><\/p> <\/div> <div class=\"application-platform-content-item-installation application-platform-content-item\" id=\"installation\" data-nav-section=\"installation\"> <h2>Como adicionar o v\u00eddeo do Vimeo ao seu site BigCommerce<\/h2><div class=\"video-container\"><iframe width=\"720\" height=\"405\" src=\"https:\/\/www.youtube.com\/embed\/wZAyVHu_GrM\" frameborder=\"0\" allowfullscreen=\"\"><\/iframe><\/div><p>Basta seguir v\u00e1rias etapas abaixo para adicionar o widget no BigCommerce.<\/p> <ol><li><b> Inicie nossa demonstra\u00e7\u00e3o gratuita e comece a criar sua Galeria Vimeo personalizada. <\/b><br> Especifique a forma e os recursos preferidos do aplicativo e aplique as corre\u00e7\u00f5es. <\/li> <li><b>Copie o seu c\u00f3digo pessoal exposto na caixa nas aplica\u00e7\u00f5es Elfsight. <\/b><br> Ap\u00f3s a conclus\u00e3o da configura\u00e7\u00e3o do seu widget, copie o c\u00f3digo exclusivo no pop-up emergente e salve-o para ocasi\u00f5es futuras. <\/li> <li><b>Comece a usar o aplicativo em seu site BigCommerce. <\/b><br> Implemente o c\u00f3digo copiado anteriormente em seu site e aplique os ajustes. <\/li> <li><b>A instala\u00e7\u00e3o foi totalmente realizada. <\/b><br> Acesse seu site para verificar o funcionamento da ferramenta. <\/li><\/ol><p>Ainda n\u00e3o consegue decidir? Ou tem d\u00favidas? Basta escrever uma solicita\u00e7\u00e3o para nossa equipe de suporte, n\u00f3s ajudaremos com qualquer assunto.<\/p> <\/div>","protected":false},"excerpt":{"rendered":"","protected":false},"author":9,"featured_media":0,"parent":875,"menu_order":0,"comment_status":"closed","ping_status":"closed","template":"templates\/template-application-platform.php","meta":{"publish_to_discourse":"","publish_post_category":"","wpdc_auto_publish_overridden":"","wpdc_topic_tags":"","wpdc_pin_topic":"","wpdc_pin_until":"","discourse_post_id":"","discourse_permalink":"","wpdc_publishing_response":"","wpdc_publishing_error":"","footnotes":""},"class_list":["post-8664","page","type-page","status-publish","hentry"],"yoast_head":"<!-- This site is optimized with the Yoast SEO plugin v25.3.1 - https:\/\/yoast.com\/wordpress\/plugins\/seo\/ -->\n<title>Incorpore a galeria de v\u00eddeos do Vimeo no site BigCommerce (gratuito e r\u00e1pido)<\/title>\n<meta name=\"description\" content=\"N\u00e3o \u00e9 dif\u00edcil construir seu aplicativo Vimeo Video Gallery e incorpor\u00e1-lo no site BigCommerce. O suporte ao cliente da Elfsight \u00e9 gratuito.\" \/>\n<meta name=\"robots\" content=\"index, follow, max-snippet:-1, max-image-preview:large, max-video-preview:-1\" \/>\n<link rel=\"canonical\" href=\"https:\/\/elfsight.com\/pt\/vimeo-video-gallery-widget\/bigcommerce\/\" \/>\n<meta property=\"og:locale\" content=\"pt_PT\" \/>\n<meta property=\"og:type\" content=\"article\" \/>\n<meta property=\"og:title\" content=\"Incorpore a galeria de v\u00eddeos do Vimeo no site BigCommerce (gratuito e r\u00e1pido)\" \/>\n<meta property=\"og:description\" content=\"N\u00e3o \u00e9 dif\u00edcil construir seu aplicativo Vimeo Video Gallery e incorpor\u00e1-lo no site BigCommerce. O suporte ao cliente da Elfsight \u00e9 gratuito.\" \/>\n<meta property=\"og:url\" content=\"https:\/\/elfsight.com\/pt\/vimeo-video-gallery-widget\/bigcommerce\/\" \/>\n<meta property=\"og:site_name\" content=\"Elfsight PT\" \/>\n<meta property=\"article:modified_time\" content=\"2024-11-13T11:53:00+00:00\" \/>\n<meta name=\"twitter:card\" content=\"summary_large_image\" \/>\n<meta name=\"twitter:label1\" content=\"Tempo estimado de leitura\" \/>\n\t<meta name=\"twitter:data1\" content=\"3 minutos\" \/>\n<!-- \/ Yoast SEO plugin. -->","yoast_head_json":{"title":"Incorpore a galeria de v\u00eddeos do Vimeo no site BigCommerce (gratuito e r\u00e1pido)","description":"N\u00e3o \u00e9 dif\u00edcil construir seu aplicativo Vimeo Video Gallery e incorpor\u00e1-lo no site BigCommerce. O suporte ao cliente da Elfsight \u00e9 gratuito.","robots":{"index":"index","follow":"follow","max-snippet":"max-snippet:-1","max-image-preview":"max-image-preview:large","max-video-preview":"max-video-preview:-1"},"canonical":"https:\/\/elfsight.com\/pt\/vimeo-video-gallery-widget\/bigcommerce\/","og_locale":"pt_PT","og_type":"article","og_title":"Incorpore a galeria de v\u00eddeos do Vimeo no site BigCommerce (gratuito e r\u00e1pido)","og_description":"N\u00e3o \u00e9 dif\u00edcil construir seu aplicativo Vimeo Video Gallery e incorpor\u00e1-lo no site BigCommerce. O suporte ao cliente da Elfsight \u00e9 gratuito.","og_url":"https:\/\/elfsight.com\/pt\/vimeo-video-gallery-widget\/bigcommerce\/","og_site_name":"Elfsight PT","article_modified_time":"2024-11-13T11:53:00+00:00","twitter_card":"summary_large_image","twitter_misc":{"Tempo estimado de leitura":"3 minutos"},"schema":{"@context":"https:\/\/schema.org","@graph":[{"@type":"WebPage","@id":"https:\/\/elfsight.com\/pt\/vimeo-video-gallery-widget\/bigcommerce\/","url":"https:\/\/elfsight.com\/pt\/vimeo-video-gallery-widget\/bigcommerce\/","name":"Incorpore a galeria de v\u00eddeos do Vimeo no site BigCommerce (gratuito e r\u00e1pido)","isPartOf":{"@id":"https:\/\/elfsight.com\/pt\/#website"},"datePublished":"1970-01-01T00:00:00+00:00","dateModified":"2024-11-13T11:53:00+00:00","description":"N\u00e3o \u00e9 dif\u00edcil construir seu aplicativo Vimeo Video Gallery e incorpor\u00e1-lo no site BigCommerce. O suporte ao cliente da Elfsight \u00e9 gratuito.","breadcrumb":{"@id":"https:\/\/elfsight.com\/pt\/vimeo-video-gallery-widget\/bigcommerce\/#breadcrumb"},"inLanguage":"pt-PT","potentialAction":[{"@type":"ReadAction","target":["https:\/\/elfsight.com\/pt\/vimeo-video-gallery-widget\/bigcommerce\/"]}]},{"@type":"BreadcrumbList","@id":"https:\/\/elfsight.com\/pt\/vimeo-video-gallery-widget\/bigcommerce\/#breadcrumb","itemListElement":[{"@type":"ListItem","position":1,"name":"Home","item":"https:\/\/elfsight.com\/pt\/"},{"@type":"ListItem","position":2,"name":"Vimeo Gallery","item":"https:\/\/elfsight.com\/pt\/vimeo-video-gallery-widget\/"},{"@type":"ListItem","position":3,"name":"Vimeo Gallery &#8211; BigCommerce"}]},{"@type":"WebSite","@id":"https:\/\/elfsight.com\/pt\/#website","url":"https:\/\/elfsight.com\/pt\/","name":"Elfsight PT","description":"Just another Elfsight Sites site","potentialAction":[{"@type":"SearchAction","target":{"@type":"EntryPoint","urlTemplate":"https:\/\/elfsight.com\/pt\/?s={search_term_string}"},"query-input":{"@type":"PropertyValueSpecification","valueRequired":true,"valueName":"search_term_string"}}],"inLanguage":"pt-PT"}]}},"meta_box":{"industry":"","seo_heading":"","heading":"","description":"","cta_heading":"","cta_description":"","application":"874","h1":"Galeria de v\u00eddeos do BigCommerce Vimeo","h1_caption":"Crie uma playlist, colete uma galeria de v\u00eddeos ou incorpore um canal do Vimeo em seu site","application_category":[],"applications_title":"","applications_request_title":"","applications_request_button_text":"","hero_text":"","hero_video":"","hero_video_schema_markup":"","selling_points_title":"","selling_points_caption":"","selling_points":[],"selling_points_cta_text":"","features_title":"","features":"","ed_cta_examples_text":"","ed_cta_examples_hidden":"","ed_cta_demo_text":"","ed_cta_demo_hidden":"","why_caption":"","why_editor_title":"","why_editor_text":"","why_team_title":"","why_team_text":"","why_service_title":"","why_service_text":"","template_catalog_visible":"","template_catalog_title":"","template_catalog_text":"","template_catalog_categories_visible":"","demo_title":"Crie seu aplicativo Galeria do Vimeo","demo_caption":"Configure sua Galeria Vimeo e adicione-a ao seu site BigCommerce gratuitamente!","default_faq_hidden":"","app_template_category":[],"platform":"43","template_public_id":"","codecanyon_url":"","codecanyon_item_id":"","codecanyon_price":"","pricing_caption":"","pricing_elfsight_apps_hide_column":"","pricing_elfsight_apps_url":"","pricing_codecanyon_price_caption":"","integration_category":[],"integration_request_title":"","integration_request_cta":"","integration_platform":"","integrations":[],"platform_category":[],"video_schema_markup":"","price":"a partir de US$ 0\/m\u00eas","trial":"","benefits":[{"text":"Assist\u00eancia de instala\u00e7\u00e3o gratuita"},{"text":"Atendimento ao cliente profissional"},{"text":"Garantia de reembolso de 14 dias"},{"text":"Atualiza\u00e7\u00f5es gratuitas vital\u00edcias"}],"button_url":"#demo","button_target_blank":"","button_nofollow":"","attributes":[{"name":"Instala\u00e7\u00f5es","content":"10,000 - 100,000"},{"name":"Responsivo","content":"Sim"},{"name":"Navegadores compat\u00edveis","content":"Firefox, Safari, Opera, Chrome, Edge"}],"tags":[],"tags_disable_links":"","hide_more_platforms":"","video_object":"","demo_hide_cta":"","demo_hide_cloud_options":"","pricing_title":"","pricing":[{"pricing_icon":"platform","pricing_title":"Elfsight Apps","pricing_title_caption":"Vers\u00e3o multiplataforma","pricing_price":"a partir de US$ 0\/m\u00eas","pricing_price_caption":"comece com plano gratuito","pricing_benefits":[{"text":"Sites ilimitados"},{"text":"Suporte 24 horas por dia, 7 dias por semana, pontual e bem documentado"},{"text":"Suporte 24 horas por dia, 7 dias por semana, pontual e bem documentado"},{"text":"100% personaliz\u00e1vel"}],"pricing_button_text":"Adicionar ao site","pricing_button_url":"#demo"}],"related_apps_title":"","related_apps_hidden":"","author":"","image":[],"title":"","job":"","social_networks":[]},"_links":{"self":[{"href":"https:\/\/elfsight.com\/pt\/wp-json\/wp\/v2\/pages\/8664","targetHints":{"allow":["GET"]}}],"collection":[{"href":"https:\/\/elfsight.com\/pt\/wp-json\/wp\/v2\/pages"}],"about":[{"href":"https:\/\/elfsight.com\/pt\/wp-json\/wp\/v2\/types\/page"}],"author":[{"embeddable":true,"href":"https:\/\/elfsight.com\/pt\/wp-json\/wp\/v2\/users\/9"}],"replies":[{"embeddable":true,"href":"https:\/\/elfsight.com\/pt\/wp-json\/wp\/v2\/comments?post=8664"}],"version-history":[{"count":2,"href":"https:\/\/elfsight.com\/pt\/wp-json\/wp\/v2\/pages\/8664\/revisions"}],"predecessor-version":[{"id":12371,"href":"https:\/\/elfsight.com\/pt\/wp-json\/wp\/v2\/pages\/8664\/revisions\/12371"}],"up":[{"embeddable":true,"href":"https:\/\/elfsight.com\/pt\/wp-json\/wp\/v2\/pages\/875"}],"wp:attachment":[{"href":"https:\/\/elfsight.com\/pt\/wp-json\/wp\/v2\/media?parent=8664"}],"curies":[{"name":"wp","href":"https:\/\/api.w.org\/{rel}","templated":true}]}}