{"id":8663,"date":"1970-01-01T00:00:00","date_gmt":"1970-01-01T00:00:00","guid":{"rendered":"https:\/\/elfsight.com\/pt\/?page_id=8663"},"modified":"2024-11-13T11:53:00","modified_gmt":"2024-11-13T11:53:00","slug":"blogger","status":"publish","type":"page","link":"https:\/\/elfsight.com\/pt\/vimeo-video-gallery-widget\/blogger\/","title":{"rendered":"Vimeo Gallery &#8211; Blogger"},"content":{"rendered":"<div class=\"application-platform-content-item-description application-platform-content-item\" id=\"description\" data-nav-section=\"description\"> <h2>Descri\u00e7\u00e3o<\/h2> <p>A Elfsight Gallery \u00e9 um instrumento descomplicado para quem tem um site e gostaria de mostrar conte\u00fado do Vimeo no isto. Voc\u00ea pode criar playlists, exibir um canal inteiro, selecionar o conte\u00fado tem\u00e1tico mais envolvente para sua galeria e muito mais. O widget inclui v\u00e1rias configura\u00e7\u00f5es de interface que ajudam a organizar a interface para diversos casos de uso. Os layouts de widgets integrados ajudam a organizar o conte\u00fado da maneira ideal; uma variedade de modos de reprodu\u00e7\u00e3o tornar\u00e1 a visualiza\u00e7\u00e3o de seus v\u00eddeos \u00fatil em qualquer layout. Com o cabe\u00e7alho flex\u00edvel, apresente seu canal e aumente o n\u00famero de inscritos. O widget Elfsight Vimeo se tornar\u00e1 uma forma eficaz n\u00e3o apenas de aumentar o engajamento, mas tamb\u00e9m de desenvolver o seu neg\u00f3cio. <\/p> <div class=\"faq\" data-component=\"FAQ\"><div class=\"faq-item\">\r\n\t\t\t\t\t<div class=\"faq-item-question\">\r\n\t\t\t\t\t\t<h3 class=\"faq-item-question-text\">Onde posso public\u00e1-lo no meu site?<\/h3>\r\n\r\n\t\t\t\t\t\t<div class=\"faq-item-question-icon\"><\/div>\r\n\t\t\t\t\t<\/div>\r\n\r\n\t\t\t\t\t<div class=\"faq-item-answer\">\r\n\t\t\t\t\t\t<div class=\"faq-item-answer-text\"> <p>A Galeria do Vimeo pode ser configurada em qualquer p\u00e1gina escolhida. Caso voc\u00ea cole no template do site, ele aparecer\u00e1 em todas as p\u00e1ginas do seu site. <\/p> <\/div>\r\n\t\t\t\t\t<\/div>\r\n\t\t\t\t<\/div><div class=\"faq-item\">\r\n\t\t\t\t\t<div class=\"faq-item-question\">\r\n\t\t\t\t\t\t<h3 class=\"faq-item-question-text\">Quais vantagens isso me trar\u00e1?<\/h3>\r\n\r\n\t\t\t\t\t\t<div class=\"faq-item-question-icon\"><\/div>\r\n\t\t\t\t\t<\/div>\r\n\r\n\t\t\t\t\t<div class=\"faq-item-answer\">\r\n\t\t\t\t\t\t<div class=\"faq-item-answer-text\"> <p>O reprodutor Vimeo ajudar\u00e1 voc\u00ea a aumentar o n\u00edvel de envolvimento do usu\u00e1rio no site com os v\u00eddeos mais envolventes. A op\u00e7\u00e3o de assinatura instant\u00e2nea ajudar\u00e1 a obter novas assinaturas para sua conta do Vimeo. <\/p><\/div>\r\n\t\t\t\t\t<\/div>\r\n\t\t\t\t<\/div> <div class=\"faq-item\">\r\n\t\t\t\t\t<div class=\"faq-item-question\">\r\n\t\t\t\t\t\t<h3 class=\"faq-item-question-text\">O que preciso para instalar o reprodutor de v\u00eddeo do Vimeo? <\/h3>\r\n\r\n\t\t\t\t\t\t<div class=\"faq-item-question-icon\"><\/div>\r\n\t\t\t\t\t<\/div>\r\n\r\n\t\t\t\t\t<div class=\"faq-item-answer\">\r\n\t\t\t\t\t\t<div class=\"faq-item-answer-text\"> <p>Leva um minuto para configurar o widget. A instala\u00e7\u00e3o \u00e9 muito r\u00e1pida, gratuita e sem codifica\u00e7\u00e3o. <\/p> <p>H\u00e1 uma op\u00e7\u00e3o de colocar o widget do Vimeo no site diretamente em nosso servi\u00e7o. Para isso, voc\u00ea precisa consultar o guia nesta p\u00e1gina. <\/p> <\/div>\r\n\t\t\t\t\t<\/div>\r\n\t\t\t\t<\/div> <\/div> <\/div><div class=\"application-platform-content-item-features application-platform-content-item\" id=\"features\" data-nav-section=\"features\"> <h2>Recursos<\/h2> <p>Para ter um conhecimento claro da Galeria do Vimeo, voc\u00ea pode ter um veja a lista dos recursos principais. Eles tornam nosso widget incrivelmente ben\u00e9fico para sua promo\u00e7\u00e3o: <\/p> <ul><li>A op\u00e7\u00e3o de integrar determinados layouts para diferentes arranjos de v\u00eddeos: Grade, Playlist, Slider; <\/li><li>Sete detalhes flex\u00edveis do cabe\u00e7alho: nome, estat\u00edsticas, descri\u00e7\u00e3o, bot\u00e3o seguir, imagem do perfil; <\/li><li>4 modos de jogo prontos para uso: Popup, Player, Inline ou no Vimeo; <\/li><li>Tr\u00eas variantes ap\u00f3s o t\u00e9rmino do v\u00eddeo: reproduzir a seguir, repetir, nenhuma; <\/li><\/ul><p><a href=\"#demo\">Aprenda todos os recursos na demonstra\u00e7\u00e3o<\/a><\/p> <\/div><div class=\"application-platform-content-item-installation application-platform-content-item\" id=\"installation\" data-nav-section=\"installation\"> <h2>Como incorpore o v\u00eddeo do Vimeo em seu site do Blogger<\/h2><div class=\"video-container\"><iframe width=\"720\" height=\"405\" src=\"https:\/\/www.youtube.com\/embed\/2hk5BB-5dRA\" frameborder=\"0\" allowfullscreen><\/iframe><\/div><p>Essas diversas a\u00e7\u00f5es s\u00e3o a \u00fanica coisa que voc\u00ea precisa fazer para incorporar o widget. \u00c9 livre de codifica\u00e7\u00e3o. <\/p> <ol><li><b>Construa seu plugin personalizado da Galeria do Vimeo<\/b><br> Com a ajuda de nossa demonstra\u00e7\u00e3o gratuita, obtenha um plugin com layout e fun\u00e7\u00f5es selecionados.<\/li><li><b>Obtenha o c\u00f3digo individual para exibir o plugin<\/b><br> Depois de criar seu widget, voc\u00ea obter\u00e1 o c\u00f3digo exclusivo na janela exibida nos aplicativos da Elfsight. Copie este c\u00f3digo para uso posterior. <\/li> <li><b> O plugin no seu site do Blogger<\/b><br> V\u00e1 at\u00e9 a \u00e1rea onde voc\u00ea precisa integrar o plugin e insira o c\u00f3digo salvo l\u00e1. Salve as edi\u00e7\u00f5es. <\/li> <li><b>Voc\u00ea concluiu a instala\u00e7\u00e3o com sucesso<\/b><br> Entre na p\u00e1gina da web para dar uma olhada no seu trabalho. <\/li> <\/ol><p>Ainda n\u00e3o consegue se decidir? Ou tem d\u00favidas? Basta escrever uma solicita\u00e7\u00e3o ao nosso suporte ao cliente, eles far\u00e3o o poss\u00edvel para ajudar em todos os assuntos. <\/p> <\/div>","protected":false},"excerpt":{"rendered":"","protected":false},"author":9,"featured_media":0,"parent":875,"menu_order":0,"comment_status":"closed","ping_status":"closed","template":"templates\/template-application-platform.php","meta":{"publish_to_discourse":"","publish_post_category":"","wpdc_auto_publish_overridden":"","wpdc_topic_tags":"","wpdc_pin_topic":"","wpdc_pin_until":"","discourse_post_id":"","discourse_permalink":"","wpdc_publishing_response":"","wpdc_publishing_error":"","footnotes":""},"class_list":["post-8663","page","type-page","status-publish","hentry"],"yoast_head":"<!-- This site is optimized with the Yoast SEO plugin v25.3.1 - https:\/\/yoast.com\/wordpress\/plugins\/seo\/ -->\n<title>Adicione o widget Vimeo Video Gallery ao site do Blogger (gr\u00e1tis e r\u00e1pido)<\/title>\n<meta name=\"description\" content=\"Com a Elfsight, crie a sua Galeria do Vimeo e mostre-a no site do Blogger de forma r\u00e1pida e f\u00e1cil. Temos atendimento gratuito ao cliente e mais b\u00f4nus.\" \/>\n<meta name=\"robots\" content=\"index, follow, max-snippet:-1, max-image-preview:large, max-video-preview:-1\" \/>\n<link rel=\"canonical\" href=\"https:\/\/elfsight.com\/pt\/vimeo-video-gallery-widget\/blogger\/\" \/>\n<meta property=\"og:locale\" content=\"pt_PT\" \/>\n<meta property=\"og:type\" content=\"article\" \/>\n<meta property=\"og:title\" content=\"Adicione o widget Vimeo Video Gallery ao site do Blogger (gr\u00e1tis e r\u00e1pido)\" \/>\n<meta property=\"og:description\" content=\"Com a Elfsight, crie a sua Galeria do Vimeo e mostre-a no site do Blogger de forma r\u00e1pida e f\u00e1cil. Temos atendimento gratuito ao cliente e mais b\u00f4nus.\" \/>\n<meta property=\"og:url\" content=\"https:\/\/elfsight.com\/pt\/vimeo-video-gallery-widget\/blogger\/\" \/>\n<meta property=\"og:site_name\" content=\"Elfsight PT\" \/>\n<meta property=\"article:modified_time\" content=\"2024-11-13T11:53:00+00:00\" \/>\n<meta name=\"twitter:card\" content=\"summary_large_image\" \/>\n<meta name=\"twitter:label1\" content=\"Tempo estimado de leitura\" \/>\n\t<meta name=\"twitter:data1\" content=\"3 minutos\" \/>\n<!-- \/ Yoast SEO plugin. -->","yoast_head_json":{"title":"Adicione o widget Vimeo Video Gallery ao site do Blogger (gr\u00e1tis e r\u00e1pido)","description":"Com a Elfsight, crie a sua Galeria do Vimeo e mostre-a no site do Blogger de forma r\u00e1pida e f\u00e1cil. Temos atendimento gratuito ao cliente e mais b\u00f4nus.","robots":{"index":"index","follow":"follow","max-snippet":"max-snippet:-1","max-image-preview":"max-image-preview:large","max-video-preview":"max-video-preview:-1"},"canonical":"https:\/\/elfsight.com\/pt\/vimeo-video-gallery-widget\/blogger\/","og_locale":"pt_PT","og_type":"article","og_title":"Adicione o widget Vimeo Video Gallery ao site do Blogger (gr\u00e1tis e r\u00e1pido)","og_description":"Com a Elfsight, crie a sua Galeria do Vimeo e mostre-a no site do Blogger de forma r\u00e1pida e f\u00e1cil. Temos atendimento gratuito ao cliente e mais b\u00f4nus.","og_url":"https:\/\/elfsight.com\/pt\/vimeo-video-gallery-widget\/blogger\/","og_site_name":"Elfsight PT","article_modified_time":"2024-11-13T11:53:00+00:00","twitter_card":"summary_large_image","twitter_misc":{"Tempo estimado de leitura":"3 minutos"},"schema":{"@context":"https:\/\/schema.org","@graph":[{"@type":"WebPage","@id":"https:\/\/elfsight.com\/pt\/vimeo-video-gallery-widget\/blogger\/","url":"https:\/\/elfsight.com\/pt\/vimeo-video-gallery-widget\/blogger\/","name":"Adicione o widget Vimeo Video Gallery ao site do Blogger (gr\u00e1tis e r\u00e1pido)","isPartOf":{"@id":"https:\/\/elfsight.com\/pt\/#website"},"datePublished":"1970-01-01T00:00:00+00:00","dateModified":"2024-11-13T11:53:00+00:00","description":"Com a Elfsight, crie a sua Galeria do Vimeo e mostre-a no site do Blogger de forma r\u00e1pida e f\u00e1cil. Temos atendimento gratuito ao cliente e mais b\u00f4nus.","breadcrumb":{"@id":"https:\/\/elfsight.com\/pt\/vimeo-video-gallery-widget\/blogger\/#breadcrumb"},"inLanguage":"pt-PT","potentialAction":[{"@type":"ReadAction","target":["https:\/\/elfsight.com\/pt\/vimeo-video-gallery-widget\/blogger\/"]}]},{"@type":"BreadcrumbList","@id":"https:\/\/elfsight.com\/pt\/vimeo-video-gallery-widget\/blogger\/#breadcrumb","itemListElement":[{"@type":"ListItem","position":1,"name":"Home","item":"https:\/\/elfsight.com\/pt\/"},{"@type":"ListItem","position":2,"name":"Vimeo Gallery","item":"https:\/\/elfsight.com\/pt\/vimeo-video-gallery-widget\/"},{"@type":"ListItem","position":3,"name":"Vimeo Gallery &#8211; Blogger"}]},{"@type":"WebSite","@id":"https:\/\/elfsight.com\/pt\/#website","url":"https:\/\/elfsight.com\/pt\/","name":"Elfsight PT","description":"Just another Elfsight Sites site","potentialAction":[{"@type":"SearchAction","target":{"@type":"EntryPoint","urlTemplate":"https:\/\/elfsight.com\/pt\/?s={search_term_string}"},"query-input":{"@type":"PropertyValueSpecification","valueRequired":true,"valueName":"search_term_string"}}],"inLanguage":"pt-PT"}]}},"meta_box":{"industry":"","seo_heading":"","heading":"","description":"","cta_heading":"","cta_description":"","application":"874","h1":"Galeria de v\u00eddeos do Blogger Vimeo","h1_caption":"Configure uma playlist, obtenha uma galeria de v\u00eddeos ou integre um canal do Vimeo ao seu site","application_category":[],"applications_title":"","applications_request_title":"","applications_request_button_text":"","hero_text":"","hero_video":"","hero_video_schema_markup":"","selling_points_title":"","selling_points_caption":"","selling_points":[],"selling_points_cta_text":"","features_title":"","features":"","ed_cta_examples_text":"","ed_cta_examples_hidden":"","ed_cta_demo_text":"","ed_cta_demo_hidden":"","why_caption":"","why_editor_title":"","why_editor_text":"","why_team_title":"","why_team_text":"","why_service_title":"","why_service_text":"","template_catalog_visible":"","template_catalog_title":"","template_catalog_text":"","template_catalog_categories_visible":"","demo_title":"Crie seu widget da Galeria do Vimeo","demo_caption":"Configure sua Galeria do Vimeo e adicione-a ao site do Blogger gratuitamente!","default_faq_hidden":"","app_template_category":[],"platform":"46","template_public_id":"","codecanyon_url":"","codecanyon_item_id":"","codecanyon_price":"","pricing_caption":"","pricing_elfsight_apps_hide_column":"","pricing_elfsight_apps_url":"","pricing_codecanyon_price_caption":"","integration_category":[],"integration_request_title":"","integration_request_cta":"","integration_platform":"","integrations":[],"platform_category":[],"video_schema_markup":"","price":"a partir de US$ 0\/m\u00eas","trial":"","benefits":[{"text":"Ajuda de instala\u00e7\u00e3o gratuita"},{"text":"Atendimento ao cliente eficaz"},{"text":"Garantia de devolu\u00e7\u00e3o do dinheiro em 14 dias"},{"text":"Desenvolvimento cont\u00ednuo"}],"button_url":"#demo","button_target_blank":"","button_nofollow":"","attributes":[{"name":"Instala\u00e7\u00f5es","content":"10,000 - 100,000"},{"name":"Responsivo","content":"Sim"},{"name":"Navegadores compat\u00edveis","content":"Firefox, Safari, Opera, Chrome, Edge"}],"tags":[],"tags_disable_links":"","hide_more_platforms":"","video_object":"","demo_hide_cta":"","demo_hide_cloud_options":"","pricing_title":"","pricing":[{"pricing_icon":"platform","pricing_title":"Elfsight Apps","pricing_title_caption":"Software multiplataforma adequado para qualquer site","pricing_price":"a partir de US$ 0\/m\u00eas","pricing_price_caption":"comece com um plano gratuito","pricing_benefits":[{"text":"Sites ilimitados"},{"text":"Suporte profissional e bem documentado"},{"text":"Suporte profissional e bem documentado"},{"text":"Design flex\u00edvel"}],"pricing_button_text":"Adicionar ao site","pricing_button_url":"#demo"}],"related_apps_title":"","related_apps_hidden":"","author":"","image":[],"title":"","job":"","social_networks":[]},"_links":{"self":[{"href":"https:\/\/elfsight.com\/pt\/wp-json\/wp\/v2\/pages\/8663","targetHints":{"allow":["GET"]}}],"collection":[{"href":"https:\/\/elfsight.com\/pt\/wp-json\/wp\/v2\/pages"}],"about":[{"href":"https:\/\/elfsight.com\/pt\/wp-json\/wp\/v2\/types\/page"}],"author":[{"embeddable":true,"href":"https:\/\/elfsight.com\/pt\/wp-json\/wp\/v2\/users\/9"}],"replies":[{"embeddable":true,"href":"https:\/\/elfsight.com\/pt\/wp-json\/wp\/v2\/comments?post=8663"}],"version-history":[{"count":2,"href":"https:\/\/elfsight.com\/pt\/wp-json\/wp\/v2\/pages\/8663\/revisions"}],"predecessor-version":[{"id":12370,"href":"https:\/\/elfsight.com\/pt\/wp-json\/wp\/v2\/pages\/8663\/revisions\/12370"}],"up":[{"embeddable":true,"href":"https:\/\/elfsight.com\/pt\/wp-json\/wp\/v2\/pages\/875"}],"wp:attachment":[{"href":"https:\/\/elfsight.com\/pt\/wp-json\/wp\/v2\/media?parent=8663"}],"curies":[{"name":"wp","href":"https:\/\/api.w.org\/{rel}","templated":true}]}}