{"id":8655,"date":"1970-01-01T00:00:00","date_gmt":"1970-01-01T00:00:00","guid":{"rendered":"https:\/\/elfsight.com\/pt\/?page_id=8655"},"modified":"2024-11-13T11:52:52","modified_gmt":"2024-11-13T11:52:52","slug":"jquery","status":"publish","type":"page","link":"https:\/\/elfsight.com\/pt\/vimeo-video-gallery-widget\/jquery\/","title":{"rendered":"Vimeo Gallery &#8211; jQuery"},"content":{"rendered":"<div class=\"application-platform-content-item-description application-platform-content-item\" id=\"description\" data-nav-section=\"description\"> <h2>Descri\u00e7\u00e3o<\/h2> <p>Elfsight Gallery \u00e9 um widget descomplicado para propriet\u00e1rios de sites que desejam incorporar v\u00eddeos do Vimeo no site. O widget permite coletar playlists de v\u00eddeos, integrar um canal inteiro, selecionar o conte\u00fado tem\u00e1tico mais atraente para sua galeria e muito mais. O widget Elfsight oferece v\u00e1rios recursos de design que ajudam a organizar a interface adequada para diferentes casos de uso. Os layouts de v\u00eddeo integrados posicionar\u00e3o o conte\u00fado da melhor maneira. Uma escolha de modos de reprodu\u00e7\u00e3o torna a visualiza\u00e7\u00e3o dos v\u00eddeos confort\u00e1vel em qualquer layout. Com a ajuda do cabe\u00e7alho flex\u00edvel voc\u00ea pode anunciar seu canal e conseguir mais seguidores. A Galeria Elfsight Vimeo \u00e9 uma forma eficaz n\u00e3o apenas de aumentar o envolvimento, mas tamb\u00e9m de promover o seu neg\u00f3cio. <\/p> <div class=\"faq\" data-component=\"FAQ\"><div class=\"faq-item\">\r\n\t\t\t\t\t<div class=\"faq-item-question\">\r\n\t\t\t\t\t\t<h3 class=\"faq-item-question-text\">Onde posso publicar este plugin<\/h3>\r\n\r\n\t\t\t\t\t\t<div class=\"faq-item-question-icon\"><\/div>\r\n\t\t\t\t\t<\/div>\r\n\r\n\t\t\t\t\t<div class=\"faq-item-answer\">\r\n\t\t\t\t\t\t<div class=\"faq-item-answer-text\"> <p>Voc\u00ea pode col\u00e1-lo em qualquer p\u00e1gina do seu site. Se voc\u00ea introduzi-lo no modelo do site, os v\u00eddeos aparecer\u00e3o em todas as p\u00e1ginas. <\/p> <\/div>\r\n\t\t\t\t\t<\/div>\r\n\t\t\t\t<\/div><div class=\"faq-item\">\r\n\t\t\t\t\t<div class=\"faq-item-question\">\r\n\t\t\t\t\t\t<h3 class=\"faq-item-question-text\">Quais s\u00e3o as vantagens de ter isso para mim?<\/h3>\r\n\r\n\t\t\t\t\t\t<div class=\"faq-item-question-icon\"><\/div>\r\n\t\t\t\t\t<\/div>\r\n\r\n\t\t\t\t\t<div class=\"faq-item-answer\">\r\n\t\t\t\t\t\t<div class=\"faq-item-answer-text\"> <p>Isso permitir\u00e1 que voc\u00ea aumente o envolvimento dos visitantes em seu site com v\u00eddeos atraentes. A op\u00e7\u00e3o de assinatura instant\u00e2nea ajudar\u00e1 a conquistar novos seguidores em seu canal. <\/p><\/div>\r\n\t\t\t\t\t<\/div>\r\n\t\t\t\t<\/div> <div class=\"faq-item\">\r\n\t\t\t\t\t<div class=\"faq-item-question\">\r\n\t\t\t\t\t\t<h3 class=\"faq-item-question-text\">O que preciso para instalar o player de v\u00eddeo do Vimeo em meu site?<\/h3>\r\n\r\n\t\t\t\t\t\t<div class=\"faq-item-question-icon\"><\/div>\r\n\t\t\t\t\t<\/div>\r\n\r\n\t\t\t\t\t<div class=\"faq-item-answer\">\r\n\t\t\t\t\t\t<div class=\"faq-item-answer-text\"> <p>Levar\u00e1 apenas alguns minutos para ativar o widget. A incorpora\u00e7\u00e3o \u00e9 super r\u00e1pida, gratuita e n\u00e3o inclui codifica\u00e7\u00e3o. <\/p> <p>Existe a op\u00e7\u00e3o de inserir a Galeria do Vimeo na p\u00e1gina web atrav\u00e9s do nosso servi\u00e7o. Basta seguir as etapas do guia nesta p\u00e1gina. <\/p> <\/div>\r\n\t\t\t\t\t<\/div>\r\n\t\t\t\t<\/div> <\/div> <\/div><div class=\"application-platform-content-item-features application-platform-content-item\" id=\"features\" data-nav-section=\"features\"> <h2>Recursos<\/h2> <p>Para ter uma ideia mais clara do widget, veja a lista dos principais caracter\u00edsticas. Eles tornam este widget o mais eficiente poss\u00edvel para o seu neg\u00f3cio:<\/p> <ul><li>A op\u00e7\u00e3o de adicionar layouts selecionados para diferentes formas de ritmo dos v\u00eddeos: Grade, Playlist, Slider;<\/li><li>Sete componentes controlados de o cabe\u00e7alho: nome, estat\u00edsticas, descri\u00e7\u00e3o, bot\u00e3o seguir, \u00edcone do perfil;<\/li><li>4 modos de jogo prontos para uso: Popup, Player, Inline ou no Vimeo;<\/li><li>Tr\u00eas op\u00e7\u00f5es ap\u00f3s o t\u00e9rmino do v\u00eddeo: reproduzir pr\u00f3ximo, repetir, nenhum;<\/li><\/ul><p><a href=\"#demo\">Nossa demonstra\u00e7\u00e3o abrir\u00e1 uma lista completa de recursos para voc\u00ea<\/a><\/p> <\/div> <div class=\"application-platform-content-item-installation application-platform-content-item\" id=\"installation\" data-nav-section=\"installation\"> <h2>Vamos verificar como adicionar o v\u00eddeo do Vimeo ao seu site jQuery<\/h2> <p>Essas diversas a\u00e7\u00f5es s\u00e3o a \u00fanica coisa que voc\u00ea precisa para estabelecer.<\/p> <ol><li><b>Gere seu plugin Vimeo personalizado<\/b><br> Com a ajuda de nossa demonstra\u00e7\u00e3o gratuita, configure um plugin com composi\u00e7\u00e3o e funcionalidade selecionadas. <\/li><li><b>Copie o c\u00f3digo individual para integrar o plugin<\/b><br> Depois de personalizar o seu widget, voc\u00ea obter\u00e1 o c\u00f3digo individual na janela que aparece nos aplicativos Elfsight. Copie esse c\u00f3digo. <\/li> <li><b>Integrar o plugin em seu site do Muse<\/b><br> Escolha a \u00e1rea onde deseja revelar o plugin e insira o c\u00f3digo copiado l\u00e1. Aplique as edi\u00e7\u00f5es. <\/li> <li><b>Pronto!<\/b><br> Visite seu site para ver seu trabalho. <\/li> <\/ol><p>Ainda duvida de alguma coisa? Ou tem d\u00favidas? Basta enviar uma solicita\u00e7\u00e3o para nossa equipe de suporte para resolver qualquer tipo de problema.<\/p> <\/div>","protected":false},"excerpt":{"rendered":"","protected":false},"author":9,"featured_media":0,"parent":875,"menu_order":0,"comment_status":"closed","ping_status":"closed","template":"templates\/template-application-platform.php","meta":{"publish_to_discourse":"","publish_post_category":"","wpdc_auto_publish_overridden":"","wpdc_topic_tags":"","wpdc_pin_topic":"","wpdc_pin_until":"","discourse_post_id":"","discourse_permalink":"","wpdc_publishing_response":"","wpdc_publishing_error":"","footnotes":""},"class_list":["post-8655","page","type-page","status-publish","hentry"],"yoast_head":"<!-- This site is optimized with the Yoast SEO plugin v25.3.1 - https:\/\/yoast.com\/wordpress\/plugins\/seo\/ -->\n<title>jQuery Vimeo \u2014 Adicionar widget da Galeria do Vimeo ao site jQuery [2025]<\/title>\n<meta name=\"description\" content=\"Com a Elfsight, crie a sua Galeria de V\u00eddeos do Vimeo e coloque-a rapidamente no site jQuery. Temos suporte gratuito ao cliente e outros b\u00f4nus.\" \/>\n<meta name=\"robots\" content=\"index, follow, max-snippet:-1, max-image-preview:large, max-video-preview:-1\" \/>\n<link rel=\"canonical\" href=\"https:\/\/elfsight.com\/pt\/vimeo-video-gallery-widget\/jquery\/\" \/>\n<meta property=\"og:locale\" content=\"pt_PT\" \/>\n<meta property=\"og:type\" content=\"article\" \/>\n<meta property=\"og:title\" content=\"jQuery Vimeo \u2014 Adicionar widget da Galeria do Vimeo ao site jQuery [2025]\" \/>\n<meta property=\"og:description\" content=\"Com a Elfsight, crie a sua Galeria de V\u00eddeos do Vimeo e coloque-a rapidamente no site jQuery. Temos suporte gratuito ao cliente e outros b\u00f4nus.\" \/>\n<meta property=\"og:url\" content=\"https:\/\/elfsight.com\/pt\/vimeo-video-gallery-widget\/jquery\/\" \/>\n<meta property=\"og:site_name\" content=\"Elfsight PT\" \/>\n<meta property=\"article:modified_time\" content=\"2024-11-13T11:52:52+00:00\" \/>\n<meta name=\"twitter:card\" content=\"summary_large_image\" \/>\n<meta name=\"twitter:label1\" content=\"Tempo estimado de leitura\" \/>\n\t<meta name=\"twitter:data1\" content=\"3 minutos\" \/>\n<!-- \/ Yoast SEO plugin. -->","yoast_head_json":{"title":"jQuery Vimeo \u2014 Adicionar widget da Galeria do Vimeo ao site jQuery [2025]","description":"Com a Elfsight, crie a sua Galeria de V\u00eddeos do Vimeo e coloque-a rapidamente no site jQuery. Temos suporte gratuito ao cliente e outros b\u00f4nus.","robots":{"index":"index","follow":"follow","max-snippet":"max-snippet:-1","max-image-preview":"max-image-preview:large","max-video-preview":"max-video-preview:-1"},"canonical":"https:\/\/elfsight.com\/pt\/vimeo-video-gallery-widget\/jquery\/","og_locale":"pt_PT","og_type":"article","og_title":"jQuery Vimeo \u2014 Adicionar widget da Galeria do Vimeo ao site jQuery [2025]","og_description":"Com a Elfsight, crie a sua Galeria de V\u00eddeos do Vimeo e coloque-a rapidamente no site jQuery. Temos suporte gratuito ao cliente e outros b\u00f4nus.","og_url":"https:\/\/elfsight.com\/pt\/vimeo-video-gallery-widget\/jquery\/","og_site_name":"Elfsight PT","article_modified_time":"2024-11-13T11:52:52+00:00","twitter_card":"summary_large_image","twitter_misc":{"Tempo estimado de leitura":"3 minutos"},"schema":{"@context":"https:\/\/schema.org","@graph":[{"@type":"WebPage","@id":"https:\/\/elfsight.com\/pt\/vimeo-video-gallery-widget\/jquery\/","url":"https:\/\/elfsight.com\/pt\/vimeo-video-gallery-widget\/jquery\/","name":"jQuery Vimeo \u2014 Adicionar widget da Galeria do Vimeo ao site jQuery [2025]","isPartOf":{"@id":"https:\/\/elfsight.com\/pt\/#website"},"datePublished":"1970-01-01T00:00:00+00:00","dateModified":"2024-11-13T11:52:52+00:00","description":"Com a Elfsight, crie a sua Galeria de V\u00eddeos do Vimeo e coloque-a rapidamente no site jQuery. Temos suporte gratuito ao cliente e outros b\u00f4nus.","breadcrumb":{"@id":"https:\/\/elfsight.com\/pt\/vimeo-video-gallery-widget\/jquery\/#breadcrumb"},"inLanguage":"pt-PT","potentialAction":[{"@type":"ReadAction","target":["https:\/\/elfsight.com\/pt\/vimeo-video-gallery-widget\/jquery\/"]}]},{"@type":"BreadcrumbList","@id":"https:\/\/elfsight.com\/pt\/vimeo-video-gallery-widget\/jquery\/#breadcrumb","itemListElement":[{"@type":"ListItem","position":1,"name":"Home","item":"https:\/\/elfsight.com\/pt\/"},{"@type":"ListItem","position":2,"name":"Vimeo Gallery","item":"https:\/\/elfsight.com\/pt\/vimeo-video-gallery-widget\/"},{"@type":"ListItem","position":3,"name":"Vimeo Gallery &#8211; jQuery"}]},{"@type":"WebSite","@id":"https:\/\/elfsight.com\/pt\/#website","url":"https:\/\/elfsight.com\/pt\/","name":"Elfsight PT","description":"Just another Elfsight Sites site","potentialAction":[{"@type":"SearchAction","target":{"@type":"EntryPoint","urlTemplate":"https:\/\/elfsight.com\/pt\/?s={search_term_string}"},"query-input":{"@type":"PropertyValueSpecification","valueRequired":true,"valueName":"search_term_string"}}],"inLanguage":"pt-PT"}]}},"meta_box":{"industry":"","seo_heading":"","heading":"","description":"","cta_heading":"","cta_description":"","application":"874","h1":"Galeria de v\u00eddeos jQuery Vimeo","h1_caption":"Crie uma playlist, crie uma galeria de v\u00eddeos ou adicione um canal do Vimeo ao seu site","application_category":[],"applications_title":"","applications_request_title":"","applications_request_button_text":"","hero_text":"","hero_video":"","hero_video_schema_markup":"","selling_points_title":"","selling_points_caption":"","selling_points":[],"selling_points_cta_text":"","features_title":"","features":"","ed_cta_examples_text":"","ed_cta_examples_hidden":"","ed_cta_demo_text":"","ed_cta_demo_hidden":"","why_caption":"","why_editor_title":"","why_editor_text":"","why_team_title":"","why_team_text":"","why_service_title":"","why_service_text":"","template_catalog_visible":"","template_catalog_title":"","template_catalog_text":"","template_catalog_categories_visible":"","demo_title":"Crie seu plugin da Galeria do Vimeo","demo_caption":"Configure sua Galeria do Vimeo e adicione-a ao seu site jQuery gratuitamente!","default_faq_hidden":"","app_template_category":[],"platform":"55","template_public_id":"","codecanyon_url":"","codecanyon_item_id":"","codecanyon_price":"","pricing_caption":"","pricing_elfsight_apps_hide_column":"","pricing_elfsight_apps_url":"","pricing_codecanyon_price_caption":"","integration_category":[],"integration_request_title":"","integration_request_cta":"","integration_platform":"","integrations":[],"platform_category":[],"video_schema_markup":"","price":"a partir de US$ 0\/m\u00eas","trial":"","benefits":[{"text":"Servi\u00e7o de instala\u00e7\u00e3o gratuito"},{"text":"Atendimento ao cliente profissional"},{"text":"Garantia de reembolso de 14 dias"},{"text":"Melhorias gratuitas vital\u00edcias"}],"button_url":"#demo","button_target_blank":"","button_nofollow":"","attributes":[{"name":"Instala\u00e7\u00f5es","content":"10,000 - 100,000"},{"name":"Responsivo","content":"Sim"},{"name":"Navegadores compat\u00edveis","content":"Firefox, Safari, Opera, Chrome, Edge"}],"tags":[],"tags_disable_links":"","hide_more_platforms":"","video_object":"","demo_hide_cta":"","demo_hide_cloud_options":"","pricing_title":"","pricing":[{"pricing_icon":"platform","pricing_title":"Elfsight Apps","pricing_title_caption":"Solu\u00e7\u00e3o digital multiplataforma que se adapta a qualquer site","pricing_price":"a partir de US$ 0\/m\u00eas","pricing_price_caption":"comece com um plano gratuito","pricing_benefits":[{"text":"Dom\u00ednios ilimitados"},{"text":"Suporte ao cliente premium e bem documentado"},{"text":"Suporte ao cliente premium e bem documentado"},{"text":"Design flex\u00edvel"}],"pricing_button_text":"Adicionar ao site","pricing_button_url":"#demo"}],"related_apps_title":"","related_apps_hidden":"","author":"","image":[],"title":"","job":"","social_networks":[]},"_links":{"self":[{"href":"https:\/\/elfsight.com\/pt\/wp-json\/wp\/v2\/pages\/8655","targetHints":{"allow":["GET"]}}],"collection":[{"href":"https:\/\/elfsight.com\/pt\/wp-json\/wp\/v2\/pages"}],"about":[{"href":"https:\/\/elfsight.com\/pt\/wp-json\/wp\/v2\/types\/page"}],"author":[{"embeddable":true,"href":"https:\/\/elfsight.com\/pt\/wp-json\/wp\/v2\/users\/9"}],"replies":[{"embeddable":true,"href":"https:\/\/elfsight.com\/pt\/wp-json\/wp\/v2\/comments?post=8655"}],"version-history":[{"count":1,"href":"https:\/\/elfsight.com\/pt\/wp-json\/wp\/v2\/pages\/8655\/revisions"}],"predecessor-version":[{"id":8659,"href":"https:\/\/elfsight.com\/pt\/wp-json\/wp\/v2\/pages\/8655\/revisions\/8659"}],"up":[{"embeddable":true,"href":"https:\/\/elfsight.com\/pt\/wp-json\/wp\/v2\/pages\/875"}],"wp:attachment":[{"href":"https:\/\/elfsight.com\/pt\/wp-json\/wp\/v2\/media?parent=8655"}],"curies":[{"name":"wp","href":"https:\/\/api.w.org\/{rel}","templated":true}]}}