{"id":8650,"date":"1970-01-01T00:00:00","date_gmt":"1970-01-01T00:00:00","guid":{"rendered":"https:\/\/elfsight.com\/pt\/?page_id=8650"},"modified":"2024-11-13T11:52:43","modified_gmt":"2024-11-13T11:52:43","slug":"magento","status":"publish","type":"page","link":"https:\/\/elfsight.com\/pt\/vimeo-video-gallery-widget\/magento\/","title":{"rendered":"Vimeo Gallery &#8211; Magento"},"content":{"rendered":"<div class=\"application-platform-content-item-description application-platform-content-item\" id=\"description\" data-nav-section=\"description\"> <h2>Descri\u00e7\u00e3o<\/h2> <p>Elfsight Vimeo Gallery \u00e9 uma ferramenta f\u00e1cil para propriet\u00e1rios de sites que desejam exibir conte\u00fado de v\u00eddeo no site. O widget permite que voc\u00ea crie listas de reprodu\u00e7\u00e3o de v\u00eddeos, mostre o canal, encontre o conte\u00fado de v\u00eddeo mais envolvente para sua galeria e muito mais. O widget Elfsight possui op\u00e7\u00f5es de interface bem pensadas, que ajudam a tornar a interface adequada para diversos casos de uso. Tr\u00eas layouts de widget ajudam a organizar os v\u00eddeos da melhor maneira, uma variedade de modos de reprodu\u00e7\u00e3o tornar\u00e3o a visualiza\u00e7\u00e3o de seus v\u00eddeos confort\u00e1vel em qualquer caso de uso. Gra\u00e7as ao cabe\u00e7alho, divulgue seu canal e consiga mais inscritos. A extens\u00e3o Elfsight Vimeo ser\u00e1 uma forma f\u00e1cil n\u00e3o s\u00f3 de aumentar o envolvimento, mas tamb\u00e9m de expandir o seu neg\u00f3cio.<\/p> <div class=\"faq\" data-component=\"FAQ\"><div class=\"faq-item\">\r\n\t\t\t\t\t<div class=\"faq-item-question\">\r\n\t\t\t\t\t\t<h3 class=\"faq-item-question-text\">Onde posso exibir este plugin<\/h3>\r\n\r\n\t\t\t\t\t\t<div class=\"faq-item-question-icon\"><\/div>\r\n\t\t\t\t\t<\/div>\r\n\r\n\t\t\t\t\t<div class=\"faq-item-answer\">\r\n\t\t\t\t\t\t<div class=\"faq-item-answer-text\"> <p>O widget pode aparecer em a p\u00e1gina que voc\u00ea selecionar. Se voc\u00ea colar o widget no modelo do site, a galeria aparecer\u00e1 em todas as p\u00e1ginas. <\/p> <\/div>\r\n\t\t\t\t\t<\/div>\r\n\t\t\t\t<\/div><div class=\"faq-item\">\r\n\t\t\t\t\t<div class=\"faq-item-question\">\r\n\t\t\t\t\t\t<h3 class=\"faq-item-question-text\">Como me beneficiarei com este plug-in?<\/h3>\r\n\r\n\t\t\t\t\t\t<div class=\"faq-item-question-icon\"><\/div>\r\n\t\t\t\t\t<\/div>\r\n\r\n\t\t\t\t\t<div class=\"faq-item-answer\">\r\n\t\t\t\t\t\t<div class=\"faq-item-answer-text\"> <p>Ele permitir\u00e1 que voc\u00ea aumente o envolvimento do usu\u00e1rio no site com v\u00eddeos atraentes. O recurso de acompanhamento com um clique ajudar\u00e1 a conseguir novos assinantes para seu canal. <\/p><\/div>\r\n\t\t\t\t\t<\/div>\r\n\t\t\t\t<\/div> <div class=\"faq-item\">\r\n\t\t\t\t\t<div class=\"faq-item-question\">\r\n\t\t\t\t\t\t<h3 class=\"faq-item-question-text\">Como posso ter o player do Vimeo no meu site?<\/h3>\r\n\r\n\t\t\t\t\t\t<div class=\"faq-item-question-icon\"><\/div>\r\n\t\t\t\t\t<\/div>\r\n\r\n\t\t\t\t\t<div class=\"faq-item-answer\">\r\n\t\t\t\t\t\t<div class=\"faq-item-answer-text\"> <p>Leva tr\u00eas minutos do seu tempo para configurar o widget. \u00c9 super r\u00e1pido, gratuito e sem codifica\u00e7\u00e3o. <\/p> <p>O leitor de v\u00eddeo Elfsight Vimeo pode ser incorporado no nosso servi\u00e7o ou atrav\u00e9s do mercado. Voc\u00ea pode comparar mais sobre as duas variantes e escolher a sua.<\/p> <\/div>\r\n\t\t\t\t\t<\/div>\r\n\t\t\t\t<\/div> <\/div> <\/div> <div class=\"application-platform-content-item-features application-platform-content-item\" id=\"features\" data-nav-section=\"features\"> <h2>Recursos<\/h2> <p>Para ter uma ideia clara percep\u00e7\u00e3o da Galeria Vimeo, veja a lista das fun\u00e7\u00f5es essenciais. Eles tornam o widget o mais ben\u00e9fico para o seu site: <\/p> <ul><li>Incorpora\u00e7\u00e3o de layouts selecionados para v\u00e1rios modos de ritmo de v\u00eddeos: Grade, Playlist, Slider; <\/li><li>Sete detalhes altern\u00e1veis \u200b\u200bdo cabe\u00e7alho: nome, estat\u00edsticas, descri\u00e7\u00e3o, bot\u00e3o seguir, foto do perfil; <\/li><li>Quatro modos de jogo prontos para uso: Popup, Player, Inline ou no Vimeo. <\/li><\/ul><p><a href=\"#demo\">Explore todos os recursos em nossa demonstra\u00e7\u00e3o<\/a><\/p> <\/div> <div class=\"application-platform-content-item-installation application-platform-content-item\" id=\"installation\" data-nav-section=\"installation\"> <h2>Veja como adicionar o v\u00eddeo do Vimeo ao seu site Magento<\/h2> <p>Basta aplicar as instru\u00e7\u00f5es abaixo para integrar o widget no Magento.<\/p> <ol><li><b>Utilize nosso editor gratuito e comece moldando seu widget exclusivo. <\/b><br> Escolha a interface e as especifica\u00e7\u00f5es preferidas da extens\u00e3o do Vimeo e aplique as corre\u00e7\u00f5es. <\/li> <li><b>Copie o seu c\u00f3digo individual que aparece no formul\u00e1rio especial nas aplica\u00e7\u00f5es Elfsight. <\/b><br> Ap\u00f3s a gera\u00e7\u00e3o da sua extens\u00e3o, copie o c\u00f3digo individual na caixa que surgiu e salve-o para uso posterior. <\/li> <li><b>Inicie o emprego da ferramenta em sua p\u00e1gina Magento. <\/b><br> Adicione o c\u00f3digo copiado recentemente em sua p\u00e1gina web e salve as edi\u00e7\u00f5es. <\/li> <li><b>A instala\u00e7\u00e3o est\u00e1 totalmente conclu\u00edda. <\/b><br> Visite sua p\u00e1gina para inspecionar o desempenho da extens\u00e3o. <\/li><\/ol><p>Ainda inseguro? Ou trope\u00e7ou em alguma coisa? Basta enviar o seu pedido para o nosso apoio ao cliente. Resolveremos qualquer problema.<\/p> <\/div>","protected":false},"excerpt":{"rendered":"","protected":false},"author":9,"featured_media":0,"parent":875,"menu_order":0,"comment_status":"closed","ping_status":"closed","template":"templates\/template-application-platform.php","meta":{"publish_to_discourse":"","publish_post_category":"","wpdc_auto_publish_overridden":"","wpdc_topic_tags":"","wpdc_pin_topic":"","wpdc_pin_until":"","discourse_post_id":"","discourse_permalink":"","wpdc_publishing_response":"","wpdc_publishing_error":"","footnotes":""},"class_list":["post-8650","page","type-page","status-publish","hentry"],"yoast_head":"<!-- This site is optimized with the Yoast SEO plugin v25.3.1 - https:\/\/yoast.com\/wordpress\/plugins\/seo\/ -->\n<title>Adicione a extens\u00e3o Vimeo Video Gallery ao site Magento (gr\u00e1tis e r\u00e1pido)<\/title>\n<meta name=\"description\" content=\"D\u00ea forma ao widget da Galeria do Vimeo e integre-o ao seu site Magento de forma r\u00e1pida e f\u00e1cil. Obtenha atendimento ao cliente gratuito e outros b\u00f4nus da Elfsight.\" \/>\n<meta name=\"robots\" content=\"index, follow, max-snippet:-1, max-image-preview:large, max-video-preview:-1\" \/>\n<link rel=\"canonical\" href=\"https:\/\/elfsight.com\/pt\/vimeo-video-gallery-widget\/magento\/\" \/>\n<meta property=\"og:locale\" content=\"pt_PT\" \/>\n<meta property=\"og:type\" content=\"article\" \/>\n<meta property=\"og:title\" content=\"Adicione a extens\u00e3o Vimeo Video Gallery ao site Magento (gr\u00e1tis e r\u00e1pido)\" \/>\n<meta property=\"og:description\" content=\"D\u00ea forma ao widget da Galeria do Vimeo e integre-o ao seu site Magento de forma r\u00e1pida e f\u00e1cil. Obtenha atendimento ao cliente gratuito e outros b\u00f4nus da Elfsight.\" \/>\n<meta property=\"og:url\" content=\"https:\/\/elfsight.com\/pt\/vimeo-video-gallery-widget\/magento\/\" \/>\n<meta property=\"og:site_name\" content=\"Elfsight PT\" \/>\n<meta property=\"article:modified_time\" content=\"2024-11-13T11:52:43+00:00\" \/>\n<meta name=\"twitter:card\" content=\"summary_large_image\" \/>\n<meta name=\"twitter:label1\" content=\"Tempo estimado de leitura\" \/>\n\t<meta name=\"twitter:data1\" content=\"3 minutos\" \/>\n<!-- \/ Yoast SEO plugin. -->","yoast_head_json":{"title":"Adicione a extens\u00e3o Vimeo Video Gallery ao site Magento (gr\u00e1tis e r\u00e1pido)","description":"D\u00ea forma ao widget da Galeria do Vimeo e integre-o ao seu site Magento de forma r\u00e1pida e f\u00e1cil. Obtenha atendimento ao cliente gratuito e outros b\u00f4nus da Elfsight.","robots":{"index":"index","follow":"follow","max-snippet":"max-snippet:-1","max-image-preview":"max-image-preview:large","max-video-preview":"max-video-preview:-1"},"canonical":"https:\/\/elfsight.com\/pt\/vimeo-video-gallery-widget\/magento\/","og_locale":"pt_PT","og_type":"article","og_title":"Adicione a extens\u00e3o Vimeo Video Gallery ao site Magento (gr\u00e1tis e r\u00e1pido)","og_description":"D\u00ea forma ao widget da Galeria do Vimeo e integre-o ao seu site Magento de forma r\u00e1pida e f\u00e1cil. Obtenha atendimento ao cliente gratuito e outros b\u00f4nus da Elfsight.","og_url":"https:\/\/elfsight.com\/pt\/vimeo-video-gallery-widget\/magento\/","og_site_name":"Elfsight PT","article_modified_time":"2024-11-13T11:52:43+00:00","twitter_card":"summary_large_image","twitter_misc":{"Tempo estimado de leitura":"3 minutos"},"schema":{"@context":"https:\/\/schema.org","@graph":[{"@type":"WebPage","@id":"https:\/\/elfsight.com\/pt\/vimeo-video-gallery-widget\/magento\/","url":"https:\/\/elfsight.com\/pt\/vimeo-video-gallery-widget\/magento\/","name":"Adicione a extens\u00e3o Vimeo Video Gallery ao site Magento (gr\u00e1tis e r\u00e1pido)","isPartOf":{"@id":"https:\/\/elfsight.com\/pt\/#website"},"datePublished":"1970-01-01T00:00:00+00:00","dateModified":"2024-11-13T11:52:43+00:00","description":"D\u00ea forma ao widget da Galeria do Vimeo e integre-o ao seu site Magento de forma r\u00e1pida e f\u00e1cil. Obtenha atendimento ao cliente gratuito e outros b\u00f4nus da Elfsight.","breadcrumb":{"@id":"https:\/\/elfsight.com\/pt\/vimeo-video-gallery-widget\/magento\/#breadcrumb"},"inLanguage":"pt-PT","potentialAction":[{"@type":"ReadAction","target":["https:\/\/elfsight.com\/pt\/vimeo-video-gallery-widget\/magento\/"]}]},{"@type":"BreadcrumbList","@id":"https:\/\/elfsight.com\/pt\/vimeo-video-gallery-widget\/magento\/#breadcrumb","itemListElement":[{"@type":"ListItem","position":1,"name":"Home","item":"https:\/\/elfsight.com\/pt\/"},{"@type":"ListItem","position":2,"name":"Vimeo Gallery","item":"https:\/\/elfsight.com\/pt\/vimeo-video-gallery-widget\/"},{"@type":"ListItem","position":3,"name":"Vimeo Gallery &#8211; Magento"}]},{"@type":"WebSite","@id":"https:\/\/elfsight.com\/pt\/#website","url":"https:\/\/elfsight.com\/pt\/","name":"Elfsight PT","description":"Just another Elfsight Sites site","potentialAction":[{"@type":"SearchAction","target":{"@type":"EntryPoint","urlTemplate":"https:\/\/elfsight.com\/pt\/?s={search_term_string}"},"query-input":{"@type":"PropertyValueSpecification","valueRequired":true,"valueName":"search_term_string"}}],"inLanguage":"pt-PT"}]}},"meta_box":{"industry":"","seo_heading":"","heading":"","description":"","cta_heading":"","cta_description":"","application":"874","h1":"Galeria de v\u00eddeos Magento Vimeo","h1_caption":"Crie uma playlist, obtenha uma galeria de v\u00eddeos ou integre um canal do Vimeo ao seu site","application_category":[],"applications_title":"","applications_request_title":"","applications_request_button_text":"","hero_text":"","hero_video":"","hero_video_schema_markup":"","selling_points_title":"","selling_points_caption":"","selling_points":[],"selling_points_cta_text":"","features_title":"","features":"","ed_cta_examples_text":"","ed_cta_examples_hidden":"","ed_cta_demo_text":"","ed_cta_demo_hidden":"","why_caption":"","why_editor_title":"","why_editor_text":"","why_team_title":"","why_team_text":"","why_service_title":"","why_service_text":"","template_catalog_visible":"","template_catalog_title":"","template_catalog_text":"","template_catalog_categories_visible":"","demo_title":"Crie sua extens\u00e3o da Galeria do Vimeo","demo_caption":"Configure sua Galeria Vimeo e adicione-a ao seu site Magento gratuitamente!","default_faq_hidden":"","app_template_category":[],"platform":"58","template_public_id":"","codecanyon_url":"","codecanyon_item_id":"","codecanyon_price":"","pricing_caption":"","pricing_elfsight_apps_hide_column":"","pricing_elfsight_apps_url":"","pricing_codecanyon_price_caption":"","integration_category":[],"integration_request_title":"","integration_request_cta":"","integration_platform":"","integrations":[],"platform_category":[],"video_schema_markup":"","price":"a partir de US$ 0\/m\u00eas","trial":"","benefits":[{"text":"Servi\u00e7o de instala\u00e7\u00e3o gratuito"},{"text":"Atendimento ao cliente profissional"},{"text":"Garantia de reembolso de 14 dias"},{"text":"Atualiza\u00e7\u00f5es gratuitas regulares"}],"button_url":"#demo","button_target_blank":"","button_nofollow":"","attributes":[{"name":"Instala\u00e7\u00f5es","content":"10,000 - 100,000"},{"name":"Responsivo","content":"Sim"},{"name":"Navegadores compat\u00edveis","content":"Firefox, Safari, Opera, Chrome, Edge"}],"tags":[],"tags_disable_links":"","hide_more_platforms":"","video_object":"","demo_hide_cta":"","demo_hide_cloud_options":"","pricing_title":"","pricing":[{"pricing_icon":"platform","pricing_title":"Elfsight Apps","pricing_title_caption":"Software multiplataforma adequado para qualquer site","pricing_price":"a partir de US$ 0\/m\u00eas","pricing_price_caption":"comece com um plano gratuito","pricing_benefits":[{"text":"Sites ilimitados"},{"text":"Suporte dedicado e bem documentado"},{"text":"Suporte dedicado e bem documentado"},{"text":"Design flex\u00edvel"}],"pricing_button_text":"Adicionar ao site","pricing_button_url":"#demo"}],"related_apps_title":"","related_apps_hidden":"","author":"","image":[],"title":"","job":"","social_networks":[]},"_links":{"self":[{"href":"https:\/\/elfsight.com\/pt\/wp-json\/wp\/v2\/pages\/8650","targetHints":{"allow":["GET"]}}],"collection":[{"href":"https:\/\/elfsight.com\/pt\/wp-json\/wp\/v2\/pages"}],"about":[{"href":"https:\/\/elfsight.com\/pt\/wp-json\/wp\/v2\/types\/page"}],"author":[{"embeddable":true,"href":"https:\/\/elfsight.com\/pt\/wp-json\/wp\/v2\/users\/9"}],"replies":[{"embeddable":true,"href":"https:\/\/elfsight.com\/pt\/wp-json\/wp\/v2\/comments?post=8650"}],"version-history":[{"count":1,"href":"https:\/\/elfsight.com\/pt\/wp-json\/wp\/v2\/pages\/8650\/revisions"}],"predecessor-version":[{"id":8654,"href":"https:\/\/elfsight.com\/pt\/wp-json\/wp\/v2\/pages\/8650\/revisions\/8654"}],"up":[{"embeddable":true,"href":"https:\/\/elfsight.com\/pt\/wp-json\/wp\/v2\/pages\/875"}],"wp:attachment":[{"href":"https:\/\/elfsight.com\/pt\/wp-json\/wp\/v2\/media?parent=8650"}],"curies":[{"name":"wp","href":"https:\/\/api.w.org\/{rel}","templated":true}]}}