{"id":8649,"date":"1970-01-01T00:00:00","date_gmt":"1970-01-01T00:00:00","guid":{"rendered":"https:\/\/elfsight.com\/pt\/?page_id=8649"},"modified":"2024-11-13T11:52:43","modified_gmt":"2024-11-13T11:52:43","slug":"html","status":"publish","type":"page","link":"https:\/\/elfsight.com\/pt\/vimeo-video-gallery-widget\/html\/","title":{"rendered":"Vimeo Gallery &#8211; HTML"},"content":{"rendered":"<div class=\"application-platform-content-item-description application-platform-content-item\" id=\"description\" data-nav-section=\"description\"> <h2>Descri\u00e7\u00e3o<\/h2> <p>O widget Elfsight Vimeo \u00e9 uma ferramenta simples para quem deseja adicionar conte\u00fado de v\u00eddeo ao site. Voc\u00ea pode criar playlists, exibir um canal, selecionar o conte\u00fado tem\u00e1tico mais envolvente para sua galeria e muito mais. O widget apresenta v\u00e1rios recursos de design que ajudam a organizar a interface adequada para v\u00e1rios casos. Layouts de widgets prontos para uso ajudar\u00e3o a organizar os v\u00eddeos da maneira ideal; v\u00e1rios modos de reprodu\u00e7\u00e3o tornam a visualiza\u00e7\u00e3o de v\u00eddeos confort\u00e1vel para qualquer usu\u00e1rio. Gra\u00e7as ao cabe\u00e7alho, voc\u00ea tem a chance de contar a todos sobre sua conta do Vimeo e conseguir novos seguidores. A Galeria Elfsight Vimeo \u00e9 uma forma f\u00e1cil n\u00e3o s\u00f3 de aumentar o envolvimento, mas tamb\u00e9m de fazer crescer o seu neg\u00f3cio. <\/p> <div class=\"faq\" data-component=\"FAQ\"><div class=\"faq-item\">\r\n\t\t\t\t\t<div class=\"faq-item-question\">\r\n\t\t\t\t\t\t<h3 class=\"faq-item-question-text\">Como adiciono uma Galeria do Vimeo ao site HTML? <\/h3>\r\n\r\n\t\t\t\t\t\t<div class=\"faq-item-question-icon\"><\/div>\r\n\t\t\t\t\t<\/div>\r\n\r\n\t\t\t\t\t<div class=\"faq-item-answer\">\r\n\t\t\t\t\t\t<div class=\"faq-item-answer-text\"><p>A constru\u00e7\u00e3o da ferramenta \u00e9 realizada dentro do Elfsight site e n\u00e3o h\u00e1 necessidade de c\u00f3digo. Utilize a demonstra\u00e7\u00e3o online para moldar seu plugin pessoal, obter o c\u00f3digo e implement\u00e1-lo em seu site. <\/p><\/div>\r\n\t\t\t\t\t<\/div>\r\n\t\t\t\t<\/div><div class=\"faq-item\">\r\n\t\t\t\t\t<div class=\"faq-item-question\">\r\n\t\t\t\t\t\t<h3 class=\"faq-item-question-text\">Os melhores exemplos de uso da integra\u00e7\u00e3o da Galeria de v\u00eddeos do Vimeo<\/h3>\r\n\r\n\t\t\t\t\t\t<div class=\"faq-item-question-icon\"><\/div>\r\n\t\t\t\t\t<\/div>\r\n\r\n\t\t\t\t\t<div class=\"faq-item-answer\">\r\n\t\t\t\t\t\t<div class=\"faq-item-answer-text\"><p>Oferecemos in\u00fameras oportunidades de personaliza\u00e7\u00e3o: widgets em grande escala para implementa\u00e7\u00e3o na zona de conte\u00fado , plug-ins flutuantes para recurso de rolagem, layouts para o rodap\u00e9 do seu site, se\u00e7\u00e3o principal e todos os tipos de op\u00e7\u00f5es verticais para barras laterais e menus. <\/p><\/div>\r\n\t\t\t\t\t<\/div>\r\n\t\t\t\t<\/div><div class=\"faq-item\">\r\n\t\t\t\t\t<div class=\"faq-item-question\">\r\n\t\t\t\t\t\t<h3 class=\"faq-item-question-text\">Existe uma op\u00e7\u00e3o para criar uma Playlist ou uma Galeria Carrossel do Vimeo com a ajuda do seu editor? <\/h3>\r\n\r\n\t\t\t\t\t\t<div class=\"faq-item-question-icon\"><\/div>\r\n\t\t\t\t\t<\/div>\r\n\r\n\t\t\t\t\t<div class=\"faq-item-answer\">\r\n\t\t\t\t\t\t<div class=\"faq-item-answer-text\"><p>Voc\u00ea \u00e9 livre para criar varia\u00e7\u00f5es de qualquer widget . Existem v\u00e1rios layouts aplic\u00e1veis \u200b\u200bno editor, e todos eles podem ser rapidamente personalizados da maneira que voc\u00ea precisa. <\/p><\/div>\r\n\t\t\t\t\t<\/div>\r\n\t\t\t\t<\/div><\/div><\/div> <div class=\"application-platform-content-item-features application-platform-content-item\" id=\"features\" data-nav-section=\"features\"> <h2>Recursos<\/h2> <p>Para entender melhor o widget, verifique a lista dos principais caracter\u00edsticas. Eles tornam este widget mais eficaz para o seu site: <\/p> <ul><li>Layouts para organiza\u00e7\u00e3o de diversos v\u00eddeos: Grade, Playlist, Slider; <\/li><li>7 componentes altern\u00e1veis \u200b\u200bdo cabe\u00e7alho: nome, estat\u00edsticas, descri\u00e7\u00e3o, bot\u00e3o seguir, imagem do perfil; <\/li><li>4 modos de jogo prontos para uso: Popup, Player, Inline ou no Vimeo; <\/li><li>3 variantes ap\u00f3s o t\u00e9rmino do v\u00eddeo: reproduzir a seguir, repetir, nenhuma; <\/li><\/ul><p><a href=\"#demo\">Para conferir mais recursos, veja nossa demonstra\u00e7\u00e3o<\/a><\/p> <\/div><div class=\"application-platform-content-item-installation application-platform-content-item\" id=\"installation\" data-nav-section=\"installation\"> <h2>Como incorporar v\u00eddeo do Vimeo em HTML<\/h2><div class=\"video-container\"><iframe width=\"720\" height=\"405\" src=\"https:\/\/www.youtube.com\/embed\/39Mebbhf50E\" frameborder=\"0\" allowfullscreen><\/iframe><\/div><p>As a\u00e7\u00f5es abaixo s\u00e3o a \u00fanica coisa que voc\u00ea precisa publicar. <\/p> <ol><li><b>Crie sua Galeria Vimeo personalizada<\/b><br> Gerenciando nosso configurador gratuito, gere um widget com apar\u00eancia e fun\u00e7\u00f5es selecionadas.<\/li><li><b> Copie o c\u00f3digo individual para exibir o plugin<\/b><br> Depois de configurar o seu widget, voc\u00ea adquirir\u00e1 o c\u00f3digo individual da notifica\u00e7\u00e3o que aparece nos aplicativos Elfsight. Copie esse c\u00f3digo. <\/li> <li><b>Integrar o plugin em seu site HTML<\/b><br> Escolha a \u00e1rea onde deseja revelar o widget e adicione o c\u00f3digo copiado l\u00e1. Salve os resultados.<\/li> <li><b>A instala\u00e7\u00e3o foi conclu\u00edda<\/b><br> Visite sua p\u00e1gina da web para visualizar seu widget.<\/li> <\/ol><p>Ainda n\u00e3o tem certeza? Ou trope\u00e7ou em alguma coisa? Basta enviar uma solicita\u00e7\u00e3o para nossa equipe de suporte. Ajudaremos a resolver todos os assuntos. <\/p> <\/div>","protected":false},"excerpt":{"rendered":"","protected":false},"author":9,"featured_media":0,"parent":875,"menu_order":0,"comment_status":"closed","ping_status":"closed","template":"templates\/template-application-platform.php","meta":{"publish_to_discourse":"","publish_post_category":"","wpdc_auto_publish_overridden":"","wpdc_topic_tags":"","wpdc_pin_topic":"","wpdc_pin_until":"","discourse_post_id":"","discourse_permalink":"","wpdc_publishing_response":"","wpdc_publishing_error":"","footnotes":""},"class_list":["post-8649","page","type-page","status-publish","hentry"],"yoast_head":"<!-- This site is optimized with the Yoast SEO plugin v25.3.1 - https:\/\/yoast.com\/wordpress\/plugins\/seo\/ -->\n<title>HTML Vimeo \u2013 Incorporar widget de v\u00eddeo do Vimeo ao site HTML [2025]<\/title>\n<meta name=\"description\" content=\"Com a Elfsight, crie a sua galeria de v\u00eddeos do Vimeo e incorpore-a no site HTML com facilidade. Temos suporte gratuito ao cliente e mais b\u00f4nus.\" \/>\n<meta name=\"robots\" content=\"index, follow, max-snippet:-1, max-image-preview:large, max-video-preview:-1\" \/>\n<link rel=\"canonical\" href=\"https:\/\/elfsight.com\/pt\/vimeo-video-gallery-widget\/html\/\" \/>\n<meta property=\"og:locale\" content=\"pt_PT\" \/>\n<meta property=\"og:type\" content=\"article\" \/>\n<meta property=\"og:title\" content=\"HTML Vimeo \u2013 Incorporar widget de v\u00eddeo do Vimeo ao site HTML [2025]\" \/>\n<meta property=\"og:description\" content=\"Com a Elfsight, crie a sua galeria de v\u00eddeos do Vimeo e incorpore-a no site HTML com facilidade. Temos suporte gratuito ao cliente e mais b\u00f4nus.\" \/>\n<meta property=\"og:url\" content=\"https:\/\/elfsight.com\/pt\/vimeo-video-gallery-widget\/html\/\" \/>\n<meta property=\"og:site_name\" content=\"Elfsight PT\" \/>\n<meta property=\"article:modified_time\" content=\"2024-11-13T11:52:43+00:00\" \/>\n<meta name=\"twitter:card\" content=\"summary_large_image\" \/>\n<meta name=\"twitter:label1\" content=\"Tempo estimado de leitura\" \/>\n\t<meta name=\"twitter:data1\" content=\"3 minutos\" \/>\n<!-- \/ Yoast SEO plugin. -->","yoast_head_json":{"title":"HTML Vimeo \u2013 Incorporar widget de v\u00eddeo do Vimeo ao site HTML [2025]","description":"Com a Elfsight, crie a sua galeria de v\u00eddeos do Vimeo e incorpore-a no site HTML com facilidade. Temos suporte gratuito ao cliente e mais b\u00f4nus.","robots":{"index":"index","follow":"follow","max-snippet":"max-snippet:-1","max-image-preview":"max-image-preview:large","max-video-preview":"max-video-preview:-1"},"canonical":"https:\/\/elfsight.com\/pt\/vimeo-video-gallery-widget\/html\/","og_locale":"pt_PT","og_type":"article","og_title":"HTML Vimeo \u2013 Incorporar widget de v\u00eddeo do Vimeo ao site HTML [2025]","og_description":"Com a Elfsight, crie a sua galeria de v\u00eddeos do Vimeo e incorpore-a no site HTML com facilidade. Temos suporte gratuito ao cliente e mais b\u00f4nus.","og_url":"https:\/\/elfsight.com\/pt\/vimeo-video-gallery-widget\/html\/","og_site_name":"Elfsight PT","article_modified_time":"2024-11-13T11:52:43+00:00","twitter_card":"summary_large_image","twitter_misc":{"Tempo estimado de leitura":"3 minutos"},"schema":{"@context":"https:\/\/schema.org","@graph":[{"@type":"WebPage","@id":"https:\/\/elfsight.com\/pt\/vimeo-video-gallery-widget\/html\/","url":"https:\/\/elfsight.com\/pt\/vimeo-video-gallery-widget\/html\/","name":"HTML Vimeo \u2013 Incorporar widget de v\u00eddeo do Vimeo ao site HTML [2025]","isPartOf":{"@id":"https:\/\/elfsight.com\/pt\/#website"},"datePublished":"1970-01-01T00:00:00+00:00","dateModified":"2024-11-13T11:52:43+00:00","description":"Com a Elfsight, crie a sua galeria de v\u00eddeos do Vimeo e incorpore-a no site HTML com facilidade. Temos suporte gratuito ao cliente e mais b\u00f4nus.","breadcrumb":{"@id":"https:\/\/elfsight.com\/pt\/vimeo-video-gallery-widget\/html\/#breadcrumb"},"inLanguage":"pt-PT","potentialAction":[{"@type":"ReadAction","target":["https:\/\/elfsight.com\/pt\/vimeo-video-gallery-widget\/html\/"]}]},{"@type":"BreadcrumbList","@id":"https:\/\/elfsight.com\/pt\/vimeo-video-gallery-widget\/html\/#breadcrumb","itemListElement":[{"@type":"ListItem","position":1,"name":"Home","item":"https:\/\/elfsight.com\/pt\/"},{"@type":"ListItem","position":2,"name":"Vimeo Gallery","item":"https:\/\/elfsight.com\/pt\/vimeo-video-gallery-widget\/"},{"@type":"ListItem","position":3,"name":"Vimeo Gallery &#8211; HTML"}]},{"@type":"WebSite","@id":"https:\/\/elfsight.com\/pt\/#website","url":"https:\/\/elfsight.com\/pt\/","name":"Elfsight PT","description":"Just another Elfsight Sites site","potentialAction":[{"@type":"SearchAction","target":{"@type":"EntryPoint","urlTemplate":"https:\/\/elfsight.com\/pt\/?s={search_term_string}"},"query-input":{"@type":"PropertyValueSpecification","valueRequired":true,"valueName":"search_term_string"}}],"inLanguage":"pt-PT"}]}},"meta_box":{"industry":"","seo_heading":"","heading":"","description":"","cta_heading":"","cta_description":"","application":"874","h1":"Galeria de v\u00eddeos HTML do Vimeo","h1_caption":"Incorpore os melhores v\u00eddeos e contas do Vimeo em seu site","application_category":[],"applications_title":"","applications_request_title":"","applications_request_button_text":"","hero_text":"","hero_video":"","hero_video_schema_markup":"","selling_points_title":"","selling_points_caption":"","selling_points":[],"selling_points_cta_text":"","features_title":"","features":"","ed_cta_examples_text":"","ed_cta_examples_hidden":"","ed_cta_demo_text":"","ed_cta_demo_hidden":"","why_caption":"","why_editor_title":"","why_editor_text":"","why_team_title":"","why_team_text":"","why_service_title":"","why_service_text":"","template_catalog_visible":"","template_catalog_title":"","template_catalog_text":"","template_catalog_categories_visible":"","demo_title":"Crie seu widget da Galeria do Vimeo","demo_caption":"Configure sua Galeria do Vimeo e adicione-a ao seu site HTML gratuitamente!","default_faq_hidden":"","app_template_category":[],"platform":"49","template_public_id":"","codecanyon_url":"","codecanyon_item_id":"","codecanyon_price":"","pricing_caption":"","pricing_elfsight_apps_hide_column":"","pricing_elfsight_apps_url":"","pricing_codecanyon_price_caption":"","integration_category":[],"integration_request_title":"","integration_request_cta":"","integration_platform":"","integrations":[],"platform_category":[],"video_schema_markup":"","price":"a partir de US$ 0\/m\u00eas","trial":"","benefits":[{"text":"Ajuda de instala\u00e7\u00e3o gratuita"},{"text":"Suporte premium"},{"text":"Garantia de devolu\u00e7\u00e3o do dinheiro em 14 dias"},{"text":"Melhorias gratuitas cont\u00ednuas"}],"button_url":"#demo","button_target_blank":"","button_nofollow":"","attributes":[{"name":"Instala\u00e7\u00f5es","content":"10,000 - 100,000"},{"name":"Responsivo","content":"Sim"},{"name":"Navegadores compat\u00edveis","content":"Firefox, Safari, Opera, Chrome, Edge"}],"tags":[],"tags_disable_links":"","hide_more_platforms":"","video_object":"","demo_hide_cta":"","demo_hide_cloud_options":"","pricing_title":"","pricing":[{"pricing_icon":"platform","pricing_title":"Elfsight Apps","pricing_title_caption":"Vers\u00e3o multiplataforma","pricing_price":"a partir de US$ 0\/m\u00eas","pricing_price_caption":"comece com plano gratuito","pricing_benefits":[{"text":"Dom\u00ednios ilimitados"},{"text":"Suporte 24 horas por dia, 7 dias por semana, pontual e bem documentado"},{"text":"Suporte 24 horas por dia, 7 dias por semana, pontual e bem documentado"},{"text":"\u00d3timo neg\u00f3cio para v\u00e1rios aplicativos"}],"pricing_button_text":"Adicionar ao site","pricing_button_url":"#demo"}],"related_apps_title":"","related_apps_hidden":"","author":"","image":[],"title":"","job":"","social_networks":[]},"_links":{"self":[{"href":"https:\/\/elfsight.com\/pt\/wp-json\/wp\/v2\/pages\/8649","targetHints":{"allow":["GET"]}}],"collection":[{"href":"https:\/\/elfsight.com\/pt\/wp-json\/wp\/v2\/pages"}],"about":[{"href":"https:\/\/elfsight.com\/pt\/wp-json\/wp\/v2\/types\/page"}],"author":[{"embeddable":true,"href":"https:\/\/elfsight.com\/pt\/wp-json\/wp\/v2\/users\/9"}],"replies":[{"embeddable":true,"href":"https:\/\/elfsight.com\/pt\/wp-json\/wp\/v2\/comments?post=8649"}],"version-history":[{"count":2,"href":"https:\/\/elfsight.com\/pt\/wp-json\/wp\/v2\/pages\/8649\/revisions"}],"predecessor-version":[{"id":12366,"href":"https:\/\/elfsight.com\/pt\/wp-json\/wp\/v2\/pages\/8649\/revisions\/12366"}],"up":[{"embeddable":true,"href":"https:\/\/elfsight.com\/pt\/wp-json\/wp\/v2\/pages\/875"}],"wp:attachment":[{"href":"https:\/\/elfsight.com\/pt\/wp-json\/wp\/v2\/media?parent=8649"}],"curies":[{"name":"wp","href":"https:\/\/api.w.org\/{rel}","templated":true}]}}