{"id":8647,"date":"1970-01-01T00:00:00","date_gmt":"1970-01-01T00:00:00","guid":{"rendered":"https:\/\/elfsight.com\/pt\/?page_id=8647"},"modified":"2024-11-13T11:52:43","modified_gmt":"2024-11-13T11:52:43","slug":"opencart","status":"publish","type":"page","link":"https:\/\/elfsight.com\/pt\/vimeo-video-gallery-widget\/opencart\/","title":{"rendered":"Vimeo Gallery &#8211; OpenCart"},"content":{"rendered":"<div class=\"application-platform-content-item-description application-platform-content-item\" id=\"description\" data-nav-section=\"description\"> <h2>Descri\u00e7\u00e3o<\/h2> <p>Elfsight Vimeo Gallery \u00e9 uma ferramenta descomplicada para todos que precisam incorporar conte\u00fado de v\u00eddeo no site. Voc\u00ea tem a oportunidade de moldar playlists, mostrar um canal inteiro, escolher o conte\u00fado tem\u00e1tico mais envolvente para sua galeria e muito mais. O widget inclui muitos recursos de design, que ajudam a definir a interface para diversos casos de uso. Os layouts de widgets integrados ajudam a organizar os v\u00eddeos da melhor maneira; v\u00e1rios modos de reprodu\u00e7\u00e3o tornar\u00e3o a visualiza\u00e7\u00e3o dos v\u00eddeos \u00fatil em qualquer layout. Usando o cabe\u00e7alho, anuncie sua conta do Vimeo e obtenha mais seguidores. A extens\u00e3o Elfsight Vimeo ser\u00e1 uma forma eficiente n\u00e3o s\u00f3 de aumentar o envolvimento, mas tamb\u00e9m de desenvolver o seu neg\u00f3cio. <\/p> <div class=\"faq\" data-component=\"FAQ\"><div class=\"faq-item\">\r\n\t\t\t\t\t<div class=\"faq-item-question\">\r\n\t\t\t\t\t\t<h3 class=\"faq-item-question-text\">Onde posso integrar este plugin<\/h3>\r\n\r\n\t\t\t\t\t\t<div class=\"faq-item-question-icon\"><\/div>\r\n\t\t\t\t\t<\/div>\r\n\r\n\t\t\t\t\t<div class=\"faq-item-answer\">\r\n\t\t\t\t\t\t<div class=\"faq-item-answer-text\"> <p>Voc\u00ea pode coloc\u00e1-lo exatamente na p\u00e1gina, onde quiser. Caso voc\u00ea insira o player do Vimeo no template do site, ele aparecer\u00e1 em todas as p\u00e1ginas. <\/p> <\/div>\r\n\t\t\t\t\t<\/div>\r\n\t\t\t\t<\/div><div class=\"faq-item\">\r\n\t\t\t\t\t<div class=\"faq-item-question\">\r\n\t\t\t\t\t\t<h3 class=\"faq-item-question-text\">Como me beneficiarei com o widget?<\/h3>\r\n\r\n\t\t\t\t\t\t<div class=\"faq-item-question-icon\"><\/div>\r\n\t\t\t\t\t<\/div>\r\n\r\n\t\t\t\t\t<div class=\"faq-item-answer\">\r\n\t\t\t\t\t\t<div class=\"faq-item-answer-text\"> <p>O widget contribuir\u00e1 para aumentar o envolvimento em seu site com a ajuda de v\u00eddeos cuidadosamente selecionados. O recurso de acompanhamento imediato ajudar\u00e1 a atrair novos assinantes para seu canal do Vimeo. <\/p><\/div>\r\n\t\t\t\t\t<\/div>\r\n\t\t\t\t<\/div> <div class=\"faq-item\">\r\n\t\t\t\t\t<div class=\"faq-item-question\">\r\n\t\t\t\t\t\t<h3 class=\"faq-item-question-text\">Como fa\u00e7o para incorporar o reprodutor de v\u00eddeo do Vimeo?<\/h3>\r\n\r\n\t\t\t\t\t\t<div class=\"faq-item-question-icon\"><\/div>\r\n\t\t\t\t\t<\/div>\r\n\r\n\t\t\t\t\t<div class=\"faq-item-answer\">\r\n\t\t\t\t\t\t<div class=\"faq-item-answer-text\"> <p>Voc\u00ea precisa de apenas um minuto para ativar o widget. \u00c9 muito r\u00e1pido, gratuito e sem codifica\u00e7\u00e3o. <\/p> <p>A extens\u00e3o Elfsight Vimeo pode ser introduzida atrav\u00e9s do nosso servi\u00e7o ou atrav\u00e9s do mercado. Voc\u00ea pode comparar as duas variantes e selecionar uma mais adequada.<\/p> <\/div>\r\n\t\t\t\t\t<\/div>\r\n\t\t\t\t<\/div> <\/div> <\/div> <div class=\"application-platform-content-item-features application-platform-content-item\" id=\"features\" data-nav-section=\"features\"> <h2>Recursos<\/h2> <p>Para moldar um melhor percep\u00e7\u00e3o do widget, examine a lista das fun\u00e7\u00f5es prim\u00e1rias. Eles tornam este widget o mais eficiente poss\u00edvel para o seu neg\u00f3cio: <\/p> <ul><li>Sete detalhes altern\u00e1veis \u200b\u200bdo cabe\u00e7alho: nome, estat\u00edsticas, descri\u00e7\u00e3o, bot\u00e3o seguir, foto do perfil; <\/li><li>Tr\u00eas op\u00e7\u00f5es ap\u00f3s o t\u00e9rmino do v\u00eddeo: reproduzir a seguir, repetir, nenhuma; <\/li><\/ul><li>Quatro modos de jogo prontos para uso: Popup, Player, Inline ou no Vimeo; <\/li><li>Incorpora\u00e7\u00e3o de layouts selecionados para v\u00e1rios modos de ritmo de v\u00eddeos: grade, lista de reprodu\u00e7\u00e3o, controle deslizante.<\/li><p><a href=\"#demo\">A demonstra\u00e7\u00e3o mostrar\u00e1 uma lista completa de recursos para voc\u00ea<\/a><\/p> <\/div> <div class=\"application-platform-content-item-installation application-platform-content-item\" id=\"installation\" data-nav-section=\"installation\"> <h2>Veja como adicionar o v\u00eddeo do Vimeo ao seu site OpenCart<\/h2> <p>As etapas a seguir s\u00e3o a \u00fanica coisa que voc\u00ea precisa fazer fazer para ter a extens\u00e3o ativada. <\/p> <ol><li><b>Utilize nosso editor gratuito e comece a criar sua extens\u00e3o exclusiva do Vimeo. <\/b><br> Encontre a organiza\u00e7\u00e3o personalizada e as caracter\u00edsticas funcionais da extens\u00e3o e salve todas as modifica\u00e7\u00f5es. <\/li> <li><b>Receba o c\u00f3digo individual que \u00e9 mostrado na janela dos aplicativos Elfsight. <\/b><br> Assim que a customiza\u00e7\u00e3o de sua extens\u00e3o for conclu\u00edda, copie seu c\u00f3digo na janela que surgir e guarde-o para uso posterior. <\/li> <li><b>Iniciar a aplica\u00e7\u00e3o da extens\u00e3o no site OpenCart. <\/b><br>Incorpore o c\u00f3digo copiado recentemente em sua p\u00e1gina e aplique os ajustes. <\/li> <li><b>A instala\u00e7\u00e3o foi realizada com sucesso. <\/b><br> Abra sua p\u00e1gina da web para ver o funcionamento da extens\u00e3o. <\/li><\/ol><p>Ainda inseguro? Ou trope\u00e7ou em alguma coisa? Apenas uma \u00fanica solicita\u00e7\u00e3o ao nosso atendimento ao cliente resolver\u00e1 todos os problemas. <\/p> <\/div>","protected":false},"excerpt":{"rendered":"","protected":false},"author":9,"featured_media":0,"parent":875,"menu_order":0,"comment_status":"closed","ping_status":"closed","template":"templates\/template-application-platform.php","meta":{"publish_to_discourse":"","publish_post_category":"","wpdc_auto_publish_overridden":"","wpdc_topic_tags":"","wpdc_pin_topic":"","wpdc_pin_until":"","discourse_post_id":"","discourse_permalink":"","wpdc_publishing_response":"","wpdc_publishing_error":"","footnotes":""},"class_list":["post-8647","page","type-page","status-publish","hentry"],"yoast_head":"<!-- This site is optimized with the Yoast SEO plugin v25.3.1 - https:\/\/yoast.com\/wordpress\/plugins\/seo\/ -->\n<title>Adicione a extens\u00e3o Vimeo Video Gallery ao site OpenCart (gr\u00e1tis e r\u00e1pido)<\/title>\n<meta name=\"description\" content=\"\u00c9 muito f\u00e1cil criar sua extens\u00e3o da Galeria de v\u00eddeos do Vimeo e adicion\u00e1-la ao site OpenCart. O atendimento ao cliente da Elfsight \u00e9 gratuito e r\u00e1pido.\" \/>\n<meta name=\"robots\" content=\"index, follow, max-snippet:-1, max-image-preview:large, max-video-preview:-1\" \/>\n<link rel=\"canonical\" href=\"https:\/\/elfsight.com\/pt\/vimeo-video-gallery-widget\/opencart\/\" \/>\n<meta property=\"og:locale\" content=\"pt_PT\" \/>\n<meta property=\"og:type\" content=\"article\" \/>\n<meta property=\"og:title\" content=\"Adicione a extens\u00e3o Vimeo Video Gallery ao site OpenCart (gr\u00e1tis e r\u00e1pido)\" \/>\n<meta property=\"og:description\" content=\"\u00c9 muito f\u00e1cil criar sua extens\u00e3o da Galeria de v\u00eddeos do Vimeo e adicion\u00e1-la ao site OpenCart. O atendimento ao cliente da Elfsight \u00e9 gratuito e r\u00e1pido.\" \/>\n<meta property=\"og:url\" content=\"https:\/\/elfsight.com\/pt\/vimeo-video-gallery-widget\/opencart\/\" \/>\n<meta property=\"og:site_name\" content=\"Elfsight PT\" \/>\n<meta property=\"article:modified_time\" content=\"2024-11-13T11:52:43+00:00\" \/>\n<meta name=\"twitter:card\" content=\"summary_large_image\" \/>\n<meta name=\"twitter:label1\" content=\"Tempo estimado de leitura\" \/>\n\t<meta name=\"twitter:data1\" content=\"3 minutos\" \/>\n<!-- \/ Yoast SEO plugin. -->","yoast_head_json":{"title":"Adicione a extens\u00e3o Vimeo Video Gallery ao site OpenCart (gr\u00e1tis e r\u00e1pido)","description":"\u00c9 muito f\u00e1cil criar sua extens\u00e3o da Galeria de v\u00eddeos do Vimeo e adicion\u00e1-la ao site OpenCart. O atendimento ao cliente da Elfsight \u00e9 gratuito e r\u00e1pido.","robots":{"index":"index","follow":"follow","max-snippet":"max-snippet:-1","max-image-preview":"max-image-preview:large","max-video-preview":"max-video-preview:-1"},"canonical":"https:\/\/elfsight.com\/pt\/vimeo-video-gallery-widget\/opencart\/","og_locale":"pt_PT","og_type":"article","og_title":"Adicione a extens\u00e3o Vimeo Video Gallery ao site OpenCart (gr\u00e1tis e r\u00e1pido)","og_description":"\u00c9 muito f\u00e1cil criar sua extens\u00e3o da Galeria de v\u00eddeos do Vimeo e adicion\u00e1-la ao site OpenCart. O atendimento ao cliente da Elfsight \u00e9 gratuito e r\u00e1pido.","og_url":"https:\/\/elfsight.com\/pt\/vimeo-video-gallery-widget\/opencart\/","og_site_name":"Elfsight PT","article_modified_time":"2024-11-13T11:52:43+00:00","twitter_card":"summary_large_image","twitter_misc":{"Tempo estimado de leitura":"3 minutos"},"schema":{"@context":"https:\/\/schema.org","@graph":[{"@type":"WebPage","@id":"https:\/\/elfsight.com\/pt\/vimeo-video-gallery-widget\/opencart\/","url":"https:\/\/elfsight.com\/pt\/vimeo-video-gallery-widget\/opencart\/","name":"Adicione a extens\u00e3o Vimeo Video Gallery ao site OpenCart (gr\u00e1tis e r\u00e1pido)","isPartOf":{"@id":"https:\/\/elfsight.com\/pt\/#website"},"datePublished":"1970-01-01T00:00:00+00:00","dateModified":"2024-11-13T11:52:43+00:00","description":"\u00c9 muito f\u00e1cil criar sua extens\u00e3o da Galeria de v\u00eddeos do Vimeo e adicion\u00e1-la ao site OpenCart. O atendimento ao cliente da Elfsight \u00e9 gratuito e r\u00e1pido.","breadcrumb":{"@id":"https:\/\/elfsight.com\/pt\/vimeo-video-gallery-widget\/opencart\/#breadcrumb"},"inLanguage":"pt-PT","potentialAction":[{"@type":"ReadAction","target":["https:\/\/elfsight.com\/pt\/vimeo-video-gallery-widget\/opencart\/"]}]},{"@type":"BreadcrumbList","@id":"https:\/\/elfsight.com\/pt\/vimeo-video-gallery-widget\/opencart\/#breadcrumb","itemListElement":[{"@type":"ListItem","position":1,"name":"Home","item":"https:\/\/elfsight.com\/pt\/"},{"@type":"ListItem","position":2,"name":"Vimeo Gallery","item":"https:\/\/elfsight.com\/pt\/vimeo-video-gallery-widget\/"},{"@type":"ListItem","position":3,"name":"Vimeo Gallery &#8211; OpenCart"}]},{"@type":"WebSite","@id":"https:\/\/elfsight.com\/pt\/#website","url":"https:\/\/elfsight.com\/pt\/","name":"Elfsight PT","description":"Just another Elfsight Sites site","potentialAction":[{"@type":"SearchAction","target":{"@type":"EntryPoint","urlTemplate":"https:\/\/elfsight.com\/pt\/?s={search_term_string}"},"query-input":{"@type":"PropertyValueSpecification","valueRequired":true,"valueName":"search_term_string"}}],"inLanguage":"pt-PT"}]}},"meta_box":{"industry":"","seo_heading":"","heading":"","description":"","cta_heading":"","cta_description":"","application":"874","h1":"Galeria de v\u00eddeos OpenCart Vimeo","h1_caption":"Integre os melhores v\u00eddeos e contas do Vimeo em seu site","application_category":[],"applications_title":"","applications_request_title":"","applications_request_button_text":"","hero_text":"","hero_video":"","hero_video_schema_markup":"","selling_points_title":"","selling_points_caption":"","selling_points":[],"selling_points_cta_text":"","features_title":"","features":"","ed_cta_examples_text":"","ed_cta_examples_hidden":"","ed_cta_demo_text":"","ed_cta_demo_hidden":"","why_caption":"","why_editor_title":"","why_editor_text":"","why_team_title":"","why_team_text":"","why_service_title":"","why_service_text":"","template_catalog_visible":"","template_catalog_title":"","template_catalog_text":"","template_catalog_categories_visible":"","demo_title":"Crie sua extens\u00e3o da Galeria do Vimeo","demo_caption":"Configure sua Galeria Vimeo e adicione-a ao seu site OpenCart gratuitamente!","default_faq_hidden":"","app_template_category":[],"platform":"61","template_public_id":"","codecanyon_url":"","codecanyon_item_id":"","codecanyon_price":"","pricing_caption":"","pricing_elfsight_apps_hide_column":"","pricing_elfsight_apps_url":"","pricing_codecanyon_price_caption":"","integration_category":[],"integration_request_title":"","integration_request_cta":"","integration_platform":"","integrations":[],"platform_category":[],"video_schema_markup":"","price":"a partir de US$ 0\/m\u00eas","trial":"","benefits":[{"text":"Assist\u00eancia de instala\u00e7\u00e3o gratuita"},{"text":"Atendimento ao cliente competente"},{"text":"Garantia de reembolso de 14 dias"},{"text":"Melhorias ao longo da vida"}],"button_url":"#demo","button_target_blank":"","button_nofollow":"","attributes":[{"name":"Instala\u00e7\u00f5es","content":"10,000 - 100,000"},{"name":"Responsivo","content":"Sim"},{"name":"Navegadores compat\u00edveis","content":"Chrome, Safari, Firefox, Edge, Opera"}],"tags":[],"tags_disable_links":"","hide_more_platforms":"","video_object":"","demo_hide_cta":"","demo_hide_cloud_options":"","pricing_title":"","pricing":[{"pricing_icon":"platform","pricing_title":"Elfsight Apps","pricing_title_caption":"Vers\u00e3o multiplataforma que se adapta a qualquer site","pricing_price":"a partir de US$ 0\/m\u00eas","pricing_price_caption":"comece com plano gratuito","pricing_benefits":[{"text":"Sites ilimitados"},{"text":"Suporte r\u00e1pido ao cliente"},{"text":"Suporte r\u00e1pido ao cliente"},{"text":"Design flex\u00edvel"}],"pricing_button_text":"Adicionar ao site","pricing_button_url":"#demo"}],"related_apps_title":"","related_apps_hidden":"","author":"","image":[],"title":"","job":"","social_networks":[]},"_links":{"self":[{"href":"https:\/\/elfsight.com\/pt\/wp-json\/wp\/v2\/pages\/8647","targetHints":{"allow":["GET"]}}],"collection":[{"href":"https:\/\/elfsight.com\/pt\/wp-json\/wp\/v2\/pages"}],"about":[{"href":"https:\/\/elfsight.com\/pt\/wp-json\/wp\/v2\/types\/page"}],"author":[{"embeddable":true,"href":"https:\/\/elfsight.com\/pt\/wp-json\/wp\/v2\/users\/9"}],"replies":[{"embeddable":true,"href":"https:\/\/elfsight.com\/pt\/wp-json\/wp\/v2\/comments?post=8647"}],"version-history":[{"count":1,"href":"https:\/\/elfsight.com\/pt\/wp-json\/wp\/v2\/pages\/8647\/revisions"}],"predecessor-version":[{"id":8651,"href":"https:\/\/elfsight.com\/pt\/wp-json\/wp\/v2\/pages\/8647\/revisions\/8651"}],"up":[{"embeddable":true,"href":"https:\/\/elfsight.com\/pt\/wp-json\/wp\/v2\/pages\/875"}],"wp:attachment":[{"href":"https:\/\/elfsight.com\/pt\/wp-json\/wp\/v2\/media?parent=8647"}],"curies":[{"name":"wp","href":"https:\/\/api.w.org\/{rel}","templated":true}]}}