{"id":8642,"date":"1970-01-01T00:00:00","date_gmt":"1970-01-01T00:00:00","guid":{"rendered":"https:\/\/elfsight.com\/pt\/?page_id=8642"},"modified":"2024-11-13T11:52:34","modified_gmt":"2024-11-13T11:52:34","slug":"shopify","status":"publish","type":"page","link":"https:\/\/elfsight.com\/pt\/vimeo-video-gallery-widget\/shopify\/","title":{"rendered":"Vimeo Gallery &#8211; Shopify"},"content":{"rendered":"<div class=\"application-platform-content-item-description application-platform-content-item\" id=\"description\" data-nav-section=\"description\"> <h2>Incorpore a Galeria Vimeo no Shopify com o widget Elfsight<\/h2> <p>O aplicativo Elfsight Vimeo \u00e9 uma ferramenta descomplicada para quem deseja integrar conte\u00fado de v\u00eddeo no site. O widget permite moldar playlists de v\u00eddeos, mostrar um canal inteiro, selecionar o conte\u00fado tem\u00e1tico mais atraente para sua galeria de v\u00eddeos e muito mais. O reprodutor Elfsight Vimeo possui op\u00e7\u00f5es de design bem pensadas que ajudam a criar a interface adequada para diferentes casos de uso. Layouts de widgets prontos para uso posicionar\u00e3o os v\u00eddeos da maneira ideal. V\u00e1rios modos de reprodu\u00e7\u00e3o tornam a visualiza\u00e7\u00e3o de v\u00eddeos \u00fatil em qualquer layout. Usando o cabe\u00e7alho altern\u00e1vel, \u00e9 f\u00e1cil promover seu canal e aumentar o n\u00famero de inscritos. A Elfsight Vimeo Video Gallery tornar-se-\u00e1 uma forma eficaz n\u00e3o s\u00f3 de aumentar o envolvimento, mas tamb\u00e9m de desenvolver o seu neg\u00f3cio. <\/p> <div class=\"faq\" data-component=\"FAQ\"><div class=\"faq-item\">\r\n\t\t\t\t\t<div class=\"faq-item-question\">\r\n\t\t\t\t\t\t<h3 class=\"faq-item-question-text\">Onde posso exibi-lo no meu site<\/h3>\r\n\r\n\t\t\t\t\t\t<div class=\"faq-item-question-icon\"><\/div>\r\n\t\t\t\t\t<\/div>\r\n\r\n\t\t\t\t\t<div class=\"faq-item-answer\">\r\n\t\t\t\t\t\t<div class=\"faq-item-answer-text\"> <p>Voc\u00ea pode incorporar o aplicativo Vimeo em qualquer uma de suas p\u00e1ginas da web. Se voc\u00ea introduzi-lo no modelo, ele aparecer\u00e1 em todas as p\u00e1ginas do seu site. <\/p> <\/div>\r\n\t\t\t\t\t<\/div>\r\n\t\t\t\t<\/div><div class=\"faq-item\">\r\n\t\t\t\t\t<div class=\"faq-item-question\">\r\n\t\t\t\t\t\t<h3 class=\"faq-item-question-text\">Quais s\u00e3o as vantagens de ter o reprodutor de v\u00eddeo Vimeo para mim?<\/h3>\r\n\r\n\t\t\t\t\t\t<div class=\"faq-item-question-icon\"><\/div>\r\n\t\t\t\t\t<\/div>\r\n\r\n\t\t\t\t\t<div class=\"faq-item-answer\">\r\n\t\t\t\t\t\t<div class=\"faq-item-answer-text\"> <p>Este plugin permitir\u00e1 que voc\u00ea aumente o envolvimento dos visitantes no site com os v\u00eddeos mais envolventes. O recurso de inscri\u00e7\u00e3o r\u00e1pida ajudar\u00e1 a conseguir novos assinantes em seu canal. <\/p><\/div>\r\n\t\t\t\t\t<\/div>\r\n\t\t\t\t<\/div> <div class=\"faq-item\">\r\n\t\t\t\t\t<div class=\"faq-item-question\">\r\n\t\t\t\t\t\t<h3 class=\"faq-item-question-text\">O que preciso para colocar a Galeria do Vimeo em meu site?<\/h3>\r\n\r\n\t\t\t\t\t\t<div class=\"faq-item-question-icon\"><\/div>\r\n\t\t\t\t\t<\/div>\r\n\r\n\t\t\t\t\t<div class=\"faq-item-answer\">\r\n\t\t\t\t\t\t<div class=\"faq-item-answer-text\"> <p>Levar\u00e1 apenas dois minutos para come\u00e7ar a usar o widget. A integra\u00e7\u00e3o \u00e9 realmente r\u00e1pida, gratuita e sem codifica\u00e7\u00e3o. <\/p> <p>O widget pode ser incorporado atrav\u00e9s do nosso servi\u00e7o ou atrav\u00e9s do mercado. Aqui voc\u00ea pode ler sobre essas op\u00e7\u00f5es e escolher a sua.<\/p> <\/div>\r\n\t\t\t\t\t<\/div>\r\n\t\t\t\t<\/div> <\/div> <\/div> <div class=\"application-platform-content-item-features application-platform-content-item\" id=\"features\" data-nav-section=\"features\"> <h2>Principais recursos do widget Galeria do Vimeo<\/h2> <p>Para ter um conhecimento mais claro do aplicativo Vimeo, voc\u00ea pode estudar a lista de suas fun\u00e7\u00f5es mais importantes. Eles tornam nosso widget incrivelmente eficaz para sua promo\u00e7\u00e3o: <\/p> <ul><li>Adicionar determinados layouts para diferentes formas de ritmo dos v\u00eddeos: Grade, Playlist, Slider; <\/li><li>7 elementos altern\u00e1veis \u200b\u200bdo cabe\u00e7alho: nome, estat\u00edsticas, descri\u00e7\u00e3o, bot\u00e3o seguir, foto do perfil; <\/li><li>4 modos de jogo prontos para uso: Popup, Player, Inline ou no Vimeo; <\/li><li>Tr\u00eas cen\u00e1rios ap\u00f3s o t\u00e9rmino do v\u00eddeo: reproduzir a seguir, repetir, nenhum; <\/li><\/ul><p><a href=\"#demo\">Veja todos os recursos na demonstra\u00e7\u00e3o ao vivo<\/a><\/p> <\/div><div class=\"application-platform-content-item-installation application-platform-content-item\" id=\"installation\" data-nav-section=\"installation\"> <h2>Descubra como incorporar o v\u00eddeo do Vimeo em sua loja Shopify<\/h2><div class=\"video-container\"><iframe width=\"720\" height=\"405\" src=\"https:\/\/www.youtube.com\/embed\/q_5lv918RXs\" frameborder=\"0\" allowfullscreen=\"\"><\/iframe><\/div><p>As etapas abaixo s\u00e3o a \u00fanica coisa que voc\u00ea precisa fazer para ativar o widget.<\/p> <ol><li><b>Use nosso editor gratuito e comece a criar seu aplicativo personalizado. <\/b><br> Determine o layout e a funcionalidade adequados do aplicativo e salve todas as corre\u00e7\u00f5es. <\/li> <li><b>Adquira o c\u00f3digo pessoal que aparece na caixa dos aplicativos Elfsight. <\/b><br> Logo ap\u00f3s a conclus\u00e3o da configura\u00e7\u00e3o do seu aplicativo, copie o c\u00f3digo individual na janela exibida e guarde-o para uso posterior. <\/li> <li><b>Comece a usar o aplicativo no site da Shopify. <\/b><br> Implemente o c\u00f3digo que voc\u00ea salvou recentemente em sua p\u00e1gina e salve as corre\u00e7\u00f5es. <\/li> <li><b>Conclu\u00eddo! A incorpora\u00e7\u00e3o est\u00e1 totalmente conclu\u00edda. <\/b><br> Abra seu site para observar como o aplicativo est\u00e1 funcionando. <\/li><\/ol><p>Ainda duvida de alguma coisa? Ou tem d\u00favidas? Basta enviar sua solicita\u00e7\u00e3o para nosso suporte ao cliente que o ajudar\u00e1 com todos os problemas. <\/p> <\/div>","protected":false},"excerpt":{"rendered":"","protected":false},"author":9,"featured_media":0,"parent":875,"menu_order":0,"comment_status":"closed","ping_status":"closed","template":"templates\/template-application-platform.php","meta":{"publish_to_discourse":"","publish_post_category":"","wpdc_auto_publish_overridden":"","wpdc_topic_tags":"","wpdc_pin_topic":"","wpdc_pin_until":"","discourse_post_id":"","discourse_permalink":"","wpdc_publishing_response":"","wpdc_publishing_error":"","footnotes":""},"class_list":["post-8642","page","type-page","status-publish","hentry"],"yoast_head":"<!-- This site is optimized with the Yoast SEO plugin v25.3.1 - https:\/\/yoast.com\/wordpress\/plugins\/seo\/ -->\n<title>Adicione o aplicativo Vimeo Video Gallery ao site Shopify (gratuito e r\u00e1pido)<\/title>\n<meta name=\"description\" content=\"Esta \u00e9 uma oportunidade de criar um widget da Galeria do Vimeo e exibi-lo em sua loja Shopify. Aproveite o suporte gratuito ao cliente e outras vantagens da Elfsight.\" \/>\n<meta name=\"robots\" content=\"index, follow, max-snippet:-1, max-image-preview:large, max-video-preview:-1\" \/>\n<link rel=\"canonical\" href=\"https:\/\/elfsight.com\/pt\/vimeo-video-gallery-widget\/shopify\/\" \/>\n<meta property=\"og:locale\" content=\"pt_PT\" \/>\n<meta property=\"og:type\" content=\"article\" \/>\n<meta property=\"og:title\" content=\"Adicione o aplicativo Vimeo Video Gallery ao site Shopify (gratuito e r\u00e1pido)\" \/>\n<meta property=\"og:description\" content=\"Esta \u00e9 uma oportunidade de criar um widget da Galeria do Vimeo e exibi-lo em sua loja Shopify. Aproveite o suporte gratuito ao cliente e outras vantagens da Elfsight.\" \/>\n<meta property=\"og:url\" content=\"https:\/\/elfsight.com\/pt\/vimeo-video-gallery-widget\/shopify\/\" \/>\n<meta property=\"og:site_name\" content=\"Elfsight PT\" \/>\n<meta property=\"article:modified_time\" content=\"2024-11-13T11:52:34+00:00\" \/>\n<meta name=\"twitter:card\" content=\"summary_large_image\" \/>\n<meta name=\"twitter:label1\" content=\"Tempo estimado de leitura\" \/>\n\t<meta name=\"twitter:data1\" content=\"3 minutos\" \/>\n<!-- \/ Yoast SEO plugin. -->","yoast_head_json":{"title":"Adicione o aplicativo Vimeo Video Gallery ao site Shopify (gratuito e r\u00e1pido)","description":"Esta \u00e9 uma oportunidade de criar um widget da Galeria do Vimeo e exibi-lo em sua loja Shopify. Aproveite o suporte gratuito ao cliente e outras vantagens da Elfsight.","robots":{"index":"index","follow":"follow","max-snippet":"max-snippet:-1","max-image-preview":"max-image-preview:large","max-video-preview":"max-video-preview:-1"},"canonical":"https:\/\/elfsight.com\/pt\/vimeo-video-gallery-widget\/shopify\/","og_locale":"pt_PT","og_type":"article","og_title":"Adicione o aplicativo Vimeo Video Gallery ao site Shopify (gratuito e r\u00e1pido)","og_description":"Esta \u00e9 uma oportunidade de criar um widget da Galeria do Vimeo e exibi-lo em sua loja Shopify. Aproveite o suporte gratuito ao cliente e outras vantagens da Elfsight.","og_url":"https:\/\/elfsight.com\/pt\/vimeo-video-gallery-widget\/shopify\/","og_site_name":"Elfsight PT","article_modified_time":"2024-11-13T11:52:34+00:00","twitter_card":"summary_large_image","twitter_misc":{"Tempo estimado de leitura":"3 minutos"},"schema":{"@context":"https:\/\/schema.org","@graph":[{"@type":"WebPage","@id":"https:\/\/elfsight.com\/pt\/vimeo-video-gallery-widget\/shopify\/","url":"https:\/\/elfsight.com\/pt\/vimeo-video-gallery-widget\/shopify\/","name":"Adicione o aplicativo Vimeo Video Gallery ao site Shopify (gratuito e r\u00e1pido)","isPartOf":{"@id":"https:\/\/elfsight.com\/pt\/#website"},"datePublished":"1970-01-01T00:00:00+00:00","dateModified":"2024-11-13T11:52:34+00:00","description":"Esta \u00e9 uma oportunidade de criar um widget da Galeria do Vimeo e exibi-lo em sua loja Shopify. Aproveite o suporte gratuito ao cliente e outras vantagens da Elfsight.","breadcrumb":{"@id":"https:\/\/elfsight.com\/pt\/vimeo-video-gallery-widget\/shopify\/#breadcrumb"},"inLanguage":"pt-PT","potentialAction":[{"@type":"ReadAction","target":["https:\/\/elfsight.com\/pt\/vimeo-video-gallery-widget\/shopify\/"]}]},{"@type":"BreadcrumbList","@id":"https:\/\/elfsight.com\/pt\/vimeo-video-gallery-widget\/shopify\/#breadcrumb","itemListElement":[{"@type":"ListItem","position":1,"name":"Home","item":"https:\/\/elfsight.com\/pt\/"},{"@type":"ListItem","position":2,"name":"Vimeo Gallery","item":"https:\/\/elfsight.com\/pt\/vimeo-video-gallery-widget\/"},{"@type":"ListItem","position":3,"name":"Vimeo Gallery &#8211; Shopify"}]},{"@type":"WebSite","@id":"https:\/\/elfsight.com\/pt\/#website","url":"https:\/\/elfsight.com\/pt\/","name":"Elfsight PT","description":"Just another Elfsight Sites site","potentialAction":[{"@type":"SearchAction","target":{"@type":"EntryPoint","urlTemplate":"https:\/\/elfsight.com\/pt\/?s={search_term_string}"},"query-input":{"@type":"PropertyValueSpecification","valueRequired":true,"valueName":"search_term_string"}}],"inLanguage":"pt-PT"}]}},"meta_box":{"industry":"","seo_heading":"","heading":"","description":"","cta_heading":"","cta_description":"","application":"874","h1":"Galeria de v\u00eddeos do Shopify Vimeo","h1_caption":"Mostre os melhores v\u00eddeos e canais do Vimeo em seu site","application_category":[],"applications_title":"","applications_request_title":"","applications_request_button_text":"","hero_text":"","hero_video":"","hero_video_schema_markup":"","selling_points_title":"","selling_points_caption":"","selling_points":[],"selling_points_cta_text":"","features_title":"","features":"","ed_cta_examples_text":"","ed_cta_examples_hidden":"","ed_cta_demo_text":"","ed_cta_demo_hidden":"","why_caption":"","why_editor_title":"","why_editor_text":"","why_team_title":"","why_team_text":"","why_service_title":"","why_service_text":"","template_catalog_visible":"","template_catalog_title":"","template_catalog_text":"","template_catalog_categories_visible":"","demo_title":"Crie seu aplicativo Galeria do Vimeo","demo_caption":"Configure sua Galeria do Vimeo e adicione-a ao seu site Shopify gratuitamente!","default_faq_hidden":"","app_template_category":[],"platform":"64","template_public_id":"","codecanyon_url":"","codecanyon_item_id":"","codecanyon_price":"","pricing_caption":"","pricing_elfsight_apps_hide_column":"","pricing_elfsight_apps_url":"","pricing_codecanyon_price_caption":"","integration_category":[],"integration_request_title":"","integration_request_cta":"","integration_platform":"","integrations":[],"platform_category":[],"video_schema_markup":"","price":"a partir de US$ 0\/m\u00eas","trial":"","benefits":[{"text":"Servi\u00e7o de instala\u00e7\u00e3o gratuito"},{"text":"Suporte premium"},{"text":"Garantia de devolu\u00e7\u00e3o do dinheiro em 14 dias"},{"text":"Atualiza\u00e7\u00f5es gratuitas cont\u00ednuas"}],"button_url":"#demo","button_target_blank":"","button_nofollow":"","attributes":[{"name":"Instala\u00e7\u00f5es","content":"10,000 - 100,000"},{"name":"Responsivo","content":"Sim"},{"name":"Navegadores compat\u00edveis","content":"Firefox, Safari, Opera, Chrome, Edge"}],"tags":[],"tags_disable_links":"","hide_more_platforms":"","video_object":"","demo_hide_cta":"","demo_hide_cloud_options":"","pricing_title":"","pricing":[{"pricing_icon":"cloud","pricing_title":"Elfsight Apps","pricing_title_caption":"Vers\u00e3o multiplataforma que funciona em qualquer site","pricing_price":"a partir de US$ 0\/m\u00eas","pricing_price_caption":"comece com plano gratuito","pricing_benefits":[{"text":"Sites ilimitados"},{"text":"Suporte premium"},{"text":"Suporte premium"},{"text":"Oferta especial para v\u00e1rios aplicativos"}],"pricing_button_text":"Adicionar ao site","pricing_button_url":"#demo"}],"related_apps_title":"","related_apps_hidden":"","author":"","image":[],"title":"","job":"","social_networks":[]},"_links":{"self":[{"href":"https:\/\/elfsight.com\/pt\/wp-json\/wp\/v2\/pages\/8642","targetHints":{"allow":["GET"]}}],"collection":[{"href":"https:\/\/elfsight.com\/pt\/wp-json\/wp\/v2\/pages"}],"about":[{"href":"https:\/\/elfsight.com\/pt\/wp-json\/wp\/v2\/types\/page"}],"author":[{"embeddable":true,"href":"https:\/\/elfsight.com\/pt\/wp-json\/wp\/v2\/users\/9"}],"replies":[{"embeddable":true,"href":"https:\/\/elfsight.com\/pt\/wp-json\/wp\/v2\/comments?post=8642"}],"version-history":[{"count":2,"href":"https:\/\/elfsight.com\/pt\/wp-json\/wp\/v2\/pages\/8642\/revisions"}],"predecessor-version":[{"id":12365,"href":"https:\/\/elfsight.com\/pt\/wp-json\/wp\/v2\/pages\/8642\/revisions\/12365"}],"up":[{"embeddable":true,"href":"https:\/\/elfsight.com\/pt\/wp-json\/wp\/v2\/pages\/875"}],"wp:attachment":[{"href":"https:\/\/elfsight.com\/pt\/wp-json\/wp\/v2\/media?parent=8642"}],"curies":[{"name":"wp","href":"https:\/\/api.w.org\/{rel}","templated":true}]}}