{"id":8634,"date":"1970-01-01T00:00:00","date_gmt":"1970-01-01T00:00:00","guid":{"rendered":"https:\/\/elfsight.com\/pt\/?page_id=8634"},"modified":"2024-11-13T11:52:25","modified_gmt":"2024-11-13T11:52:25","slug":"weebly","status":"publish","type":"page","link":"https:\/\/elfsight.com\/pt\/vimeo-video-gallery-widget\/weebly\/","title":{"rendered":"Vimeo Gallery &#8211; Weebly"},"content":{"rendered":"<div class=\"application-platform-content-item-description application-platform-content-item\" id=\"description\" data-nav-section=\"description\"><h2>Descri\u00e7\u00e3o<\/h2><p>A Elfsight Vimeo Gallery \u00e9 uma ferramenta eficaz para quem deseja integrar v\u00eddeos do Vimeo no site. Voc\u00ea pode coletar playlists, exibir canais, encontrar o melhor conte\u00fado para sua galeria e muito mais. O widget Elfsight apresenta muitas configura\u00e7\u00f5es de interface que ajudam a organizar a interface de forma adequada para v\u00e1rios casos de uso. Tr\u00eas layouts organizar\u00e3o os v\u00eddeos da maneira ideal, v\u00e1rios modos de reprodu\u00e7\u00e3o tornam a visualiza\u00e7\u00e3o de v\u00eddeos confort\u00e1vel em qualquer caso de uso. Com o cabe\u00e7alho voc\u00ea pode apresentar seu canal e aumentar seguidores. A aplica\u00e7\u00e3o Elfsight Vimeo tornar-se-\u00e1 uma forma eficiente n\u00e3o s\u00f3 de aumentar o envolvimento, mas tamb\u00e9m de expandir o seu neg\u00f3cio. <\/p> <div class=\"faq\" data-component=\"FAQ\"><div class=\"faq-item\">\r\n\t\t\t\t\t<div class=\"faq-item-question\">\r\n\t\t\t\t\t\t<h3 class=\"faq-item-question-text\">Onde posso exibir o widget no meu site<\/h3>\r\n\r\n\t\t\t\t\t\t<div class=\"faq-item-question-icon\"><\/div>\r\n\t\t\t\t\t<\/div>\r\n\r\n\t\t\t\t\t<div class=\"faq-item-answer\">\r\n\t\t\t\t\t\t<div class=\"faq-item-answer-text\"><p>O player de v\u00eddeo Vimeo pode aparecer em qualquer p\u00e1gina do seu site. Se voc\u00ea inserir o widget no modelo do site, os v\u00eddeos aparecer\u00e3o em todas as p\u00e1ginas.<\/p> <\/div>\r\n\t\t\t\t\t<\/div>\r\n\t\t\t\t<\/div><div class=\"faq-item\">\r\n\t\t\t\t\t<div class=\"faq-item-question\">\r\n\t\t\t\t\t\t<h3 class=\"faq-item-question-text\">Quais benef\u00edcios isso pode me trazer?<\/h3>\r\n\r\n\t\t\t\t\t\t<div class=\"faq-item-question-icon\"><\/div>\r\n\t\t\t\t\t<\/div>\r\n\r\n\t\t\t\t\t<div class=\"faq-item-answer\">\r\n\t\t\t\t\t\t<div class=\"faq-item-answer-text\"><p>Este plugin contribuir\u00e1 para aumentar o n\u00edvel de envolvimento do usu\u00e1rio em seu site com a ajuda de v\u00eddeos cuidadosamente selecionados. Seguir com um clique ajudar\u00e1 a conseguir novos inscritos para seu canal. <\/p><\/div>\r\n\t\t\t\t\t<\/div>\r\n\t\t\t\t<\/div><div class=\"faq-item\">\r\n\t\t\t\t\t<div class=\"faq-item-question\">\r\n\t\t\t\t\t\t<h3 class=\"faq-item-question-text\">Como posso adicionar a Galeria do Vimeo ao meu site?<\/h3>\r\n\r\n\t\t\t\t\t\t<div class=\"faq-item-question-icon\"><\/div>\r\n\t\t\t\t\t<\/div>\r\n\r\n\t\t\t\t\t<div class=\"faq-item-answer\">\r\n\t\t\t\t\t\t<div class=\"faq-item-answer-text\"><p>Leva apenas alguns minutos para configurar. A adi\u00e7\u00e3o \u00e9 super r\u00e1pida, gratuita e sem codifica\u00e7\u00e3o.<\/p><p>O widget pode ser configurado atrav\u00e9s do nosso servi\u00e7o ou no marketplace. Voc\u00ea pode comparar todos os detalhes das duas op\u00e7\u00f5es e escolher a sua. <\/p><\/div>\r\n\t\t\t\t\t<\/div>\r\n\t\t\t\t<\/div><\/div><\/div><div class=\"application-platform-content-item-features application-platform-content-item\" id=\"features\" data-nav-section=\"features\"><h2>Recursos<\/h2><p>Para obter um conhecimento mais claro do reprodutor Vimeo, consulte a lista de suas caracter\u00edsticas mais valiosas. Eles tornam nosso widget mais eficaz para voc\u00ea: <\/p><ul><li>A op\u00e7\u00e3o de incorporar layouts para diversas formas de organiza\u00e7\u00e3o de v\u00eddeos: Grade, Playlist, Slider; <\/li><li>Sete elementos flex\u00edveis do cabe\u00e7alho: nome, estat\u00edsticas, descri\u00e7\u00e3o, bot\u00e3o seguir, foto do perfil; <\/li><li>4 modos de jogo integrados: Popup, Player, Inline ou no Vimeo; <\/li><li>Tr\u00eas variantes ap\u00f3s o t\u00e9rmino do v\u00eddeo: reproduzir a seguir, repetir, nenhuma; <\/li><\/ul><p><a href=\"#demo\">Para descobrir uma lista completa de recursos, veja a demonstra\u00e7\u00e3o ao vivo<\/a><\/p><\/div><div class=\"application-platform-content-item-installation application-platform-content-item\" id=\"installation\" data-nav-section=\"installation\"><h2>Veja como incorporar o v\u00eddeo do Vimeo em seu site do Weebly<\/h2><div class=\"video-container\"><iframe width=\"720\" height=\"405\" src=\"https:\/\/www.youtube.com\/embed\/IZBiapib_Gw\" frameborder=\"0\" allowfullscreen><\/iframe><\/div><p>Essas v\u00e1rias etapas s\u00e3o a \u00fanica coisa que voc\u00ea precisa para configurar o widget em seu site. Isso levar\u00e1 apenas dois minutos do seu tempo e voc\u00ea n\u00e3o precisar\u00e1 fazer codifica\u00e7\u00e3o. <\/p><ol><li><b>Utilize nosso configurador gratuito e comece a trabalhar com seu aplicativo personalizado. <\/b><br> Determine o layout e as caracter\u00edsticas preferidas do aplicativo e salve todas as corre\u00e7\u00f5es. <\/li> <li><b>Adquira o c\u00f3digo individual que aparece no formul\u00e1rio especial nas aplica\u00e7\u00f5es Elfsight. <\/b><br> Ap\u00f3s a conclus\u00e3o da configura\u00e7\u00e3o do seu aplicativo, copie o c\u00f3digo pessoal no pop-up que aparece e salve-o para futuras ocasi\u00f5es. <\/li> <li><b>Comece a aplicar o aplicativo no site do Weebly. <\/b><br> Adicione o c\u00f3digo que voc\u00ea copiou anteriormente em seu site e salve os ajustes. <\/li> <li><b>Pronto! A integra\u00e7\u00e3o est\u00e1 totalmente encerrada. <\/b><br> Abra seu site para examinar o funcionamento do aplicativo. <\/li><\/ol><p>Ainda n\u00e3o consegue se decidir? Ou tem perguntas a fazer? Basta enviar uma solicita\u00e7\u00e3o ao nosso atendimento ao cliente para resolver qualquer problema. <\/p><\/div>","protected":false},"excerpt":{"rendered":"","protected":false},"author":9,"featured_media":0,"parent":875,"menu_order":0,"comment_status":"closed","ping_status":"closed","template":"templates\/template-application-platform.php","meta":{"publish_to_discourse":"","publish_post_category":"","wpdc_auto_publish_overridden":"","wpdc_topic_tags":"","wpdc_pin_topic":"","wpdc_pin_until":"","discourse_post_id":"","discourse_permalink":"","wpdc_publishing_response":"","wpdc_publishing_error":"","footnotes":""},"class_list":["post-8634","page","type-page","status-publish","hentry"],"yoast_head":"<!-- This site is optimized with the Yoast SEO plugin v25.3.1 - https:\/\/yoast.com\/wordpress\/plugins\/seo\/ -->\n<title>Adicione o aplicativo Vimeo Video Gallery ao site do Weebly (gratuito e r\u00e1pido)<\/title>\n<meta name=\"description\" content=\"\u00c9 muito f\u00e1cil construir seu widget da Galeria de v\u00eddeos do Vimeo e exibi-lo no site do Weebly. O atendimento ao cliente da Elfsight \u00e9 gratuito e r\u00e1pido.\" \/>\n<meta name=\"robots\" content=\"index, follow, max-snippet:-1, max-image-preview:large, max-video-preview:-1\" \/>\n<link rel=\"canonical\" href=\"https:\/\/elfsight.com\/pt\/vimeo-video-gallery-widget\/weebly\/\" \/>\n<meta property=\"og:locale\" content=\"pt_PT\" \/>\n<meta property=\"og:type\" content=\"article\" \/>\n<meta property=\"og:title\" content=\"Adicione o aplicativo Vimeo Video Gallery ao site do Weebly (gratuito e r\u00e1pido)\" \/>\n<meta property=\"og:description\" content=\"\u00c9 muito f\u00e1cil construir seu widget da Galeria de v\u00eddeos do Vimeo e exibi-lo no site do Weebly. O atendimento ao cliente da Elfsight \u00e9 gratuito e r\u00e1pido.\" \/>\n<meta property=\"og:url\" content=\"https:\/\/elfsight.com\/pt\/vimeo-video-gallery-widget\/weebly\/\" \/>\n<meta property=\"og:site_name\" content=\"Elfsight PT\" \/>\n<meta property=\"article:modified_time\" content=\"2024-11-13T11:52:25+00:00\" \/>\n<meta name=\"twitter:card\" content=\"summary_large_image\" \/>\n<meta name=\"twitter:label1\" content=\"Tempo estimado de leitura\" \/>\n\t<meta name=\"twitter:data1\" content=\"3 minutos\" \/>\n<!-- \/ Yoast SEO plugin. -->","yoast_head_json":{"title":"Adicione o aplicativo Vimeo Video Gallery ao site do Weebly (gratuito e r\u00e1pido)","description":"\u00c9 muito f\u00e1cil construir seu widget da Galeria de v\u00eddeos do Vimeo e exibi-lo no site do Weebly. O atendimento ao cliente da Elfsight \u00e9 gratuito e r\u00e1pido.","robots":{"index":"index","follow":"follow","max-snippet":"max-snippet:-1","max-image-preview":"max-image-preview:large","max-video-preview":"max-video-preview:-1"},"canonical":"https:\/\/elfsight.com\/pt\/vimeo-video-gallery-widget\/weebly\/","og_locale":"pt_PT","og_type":"article","og_title":"Adicione o aplicativo Vimeo Video Gallery ao site do Weebly (gratuito e r\u00e1pido)","og_description":"\u00c9 muito f\u00e1cil construir seu widget da Galeria de v\u00eddeos do Vimeo e exibi-lo no site do Weebly. O atendimento ao cliente da Elfsight \u00e9 gratuito e r\u00e1pido.","og_url":"https:\/\/elfsight.com\/pt\/vimeo-video-gallery-widget\/weebly\/","og_site_name":"Elfsight PT","article_modified_time":"2024-11-13T11:52:25+00:00","twitter_card":"summary_large_image","twitter_misc":{"Tempo estimado de leitura":"3 minutos"},"schema":{"@context":"https:\/\/schema.org","@graph":[{"@type":"WebPage","@id":"https:\/\/elfsight.com\/pt\/vimeo-video-gallery-widget\/weebly\/","url":"https:\/\/elfsight.com\/pt\/vimeo-video-gallery-widget\/weebly\/","name":"Adicione o aplicativo Vimeo Video Gallery ao site do Weebly (gratuito e r\u00e1pido)","isPartOf":{"@id":"https:\/\/elfsight.com\/pt\/#website"},"datePublished":"1970-01-01T00:00:00+00:00","dateModified":"2024-11-13T11:52:25+00:00","description":"\u00c9 muito f\u00e1cil construir seu widget da Galeria de v\u00eddeos do Vimeo e exibi-lo no site do Weebly. O atendimento ao cliente da Elfsight \u00e9 gratuito e r\u00e1pido.","breadcrumb":{"@id":"https:\/\/elfsight.com\/pt\/vimeo-video-gallery-widget\/weebly\/#breadcrumb"},"inLanguage":"pt-PT","potentialAction":[{"@type":"ReadAction","target":["https:\/\/elfsight.com\/pt\/vimeo-video-gallery-widget\/weebly\/"]}]},{"@type":"BreadcrumbList","@id":"https:\/\/elfsight.com\/pt\/vimeo-video-gallery-widget\/weebly\/#breadcrumb","itemListElement":[{"@type":"ListItem","position":1,"name":"Home","item":"https:\/\/elfsight.com\/pt\/"},{"@type":"ListItem","position":2,"name":"Vimeo Gallery","item":"https:\/\/elfsight.com\/pt\/vimeo-video-gallery-widget\/"},{"@type":"ListItem","position":3,"name":"Vimeo Gallery &#8211; Weebly"}]},{"@type":"WebSite","@id":"https:\/\/elfsight.com\/pt\/#website","url":"https:\/\/elfsight.com\/pt\/","name":"Elfsight PT","description":"Just another Elfsight Sites site","potentialAction":[{"@type":"SearchAction","target":{"@type":"EntryPoint","urlTemplate":"https:\/\/elfsight.com\/pt\/?s={search_term_string}"},"query-input":{"@type":"PropertyValueSpecification","valueRequired":true,"valueName":"search_term_string"}}],"inLanguage":"pt-PT"}]}},"meta_box":{"industry":"","seo_heading":"","heading":"","description":"","cta_heading":"","cta_description":"","application":"874","h1":"Galeria de v\u00eddeos do Weebly Vimeo","h1_caption":"Exiba os v\u00eddeos e canais do Vimeo mais envolventes no site","application_category":[],"applications_title":"","applications_request_title":"","applications_request_button_text":"","hero_text":"","hero_video":"","hero_video_schema_markup":"","selling_points_title":"","selling_points_caption":"","selling_points":[],"selling_points_cta_text":"","features_title":"","features":"","ed_cta_examples_text":"","ed_cta_examples_hidden":"","ed_cta_demo_text":"","ed_cta_demo_hidden":"","why_caption":"","why_editor_title":"","why_editor_text":"","why_team_title":"","why_team_text":"","why_service_title":"","why_service_text":"","template_catalog_visible":"","template_catalog_title":"","template_catalog_text":"","template_catalog_categories_visible":"","demo_title":"Crie seu aplicativo Galeria do Vimeo","demo_caption":"Configure sua Galeria do Vimeo e adicione-a ao seu site do Weebly gratuitamente!","default_faq_hidden":"","app_template_category":[],"platform":"73","template_public_id":"","codecanyon_url":"","codecanyon_item_id":"","codecanyon_price":"","pricing_caption":"","pricing_elfsight_apps_hide_column":"","pricing_elfsight_apps_url":"","pricing_codecanyon_price_caption":"","integration_category":[],"integration_request_title":"","integration_request_cta":"","integration_platform":"","integrations":[],"platform_category":[],"video_schema_markup":"","price":"a partir de US$ 0\/m\u00eas","trial":"","benefits":[{"text":"Assist\u00eancia de instala\u00e7\u00e3o gratuita"},{"text":"Suporte premium"},{"text":"Garantia de devolu\u00e7\u00e3o do dinheiro em 14 dias"},{"text":"Desenvolvimento cont\u00ednuo"}],"button_url":"#demo","button_target_blank":"","button_nofollow":"","attributes":[{"name":"Instala\u00e7\u00f5es","content":"10,000 - 100,000"},{"name":"Responsivo","content":"Sim"},{"name":"Navegadores compat\u00edveis","content":"Firefox, Safari, Opera, Chrome, Edge"}],"tags":[],"tags_disable_links":"","hide_more_platforms":"","video_object":"","demo_hide_cta":"","demo_hide_cloud_options":"","pricing_title":"","pricing":[{"pricing_icon":"platform","pricing_title":"Elfsight Apps","pricing_title_caption":"Vers\u00e3o multiplataforma que funciona em qualquer site","pricing_price":"a partir de US$ 0\/m\u00eas","pricing_price_caption":"comece com um plano gratuito","pricing_benefits":[{"text":"Sites ilimitados"},{"text":"Suporte 24 horas por dia, 7 dias por semana e pontual"},{"text":"Suporte 24 horas por dia, 7 dias por semana e pontual"},{"text":"Design flex\u00edvel"}],"pricing_button_text":"Adicionar ao site","pricing_button_url":"#demo"}],"related_apps_title":"","related_apps_hidden":"","author":"","image":[],"title":"","job":"","social_networks":[]},"_links":{"self":[{"href":"https:\/\/elfsight.com\/pt\/wp-json\/wp\/v2\/pages\/8634","targetHints":{"allow":["GET"]}}],"collection":[{"href":"https:\/\/elfsight.com\/pt\/wp-json\/wp\/v2\/pages"}],"about":[{"href":"https:\/\/elfsight.com\/pt\/wp-json\/wp\/v2\/types\/page"}],"author":[{"embeddable":true,"href":"https:\/\/elfsight.com\/pt\/wp-json\/wp\/v2\/users\/9"}],"replies":[{"embeddable":true,"href":"https:\/\/elfsight.com\/pt\/wp-json\/wp\/v2\/comments?post=8634"}],"version-history":[{"count":2,"href":"https:\/\/elfsight.com\/pt\/wp-json\/wp\/v2\/pages\/8634\/revisions"}],"predecessor-version":[{"id":12362,"href":"https:\/\/elfsight.com\/pt\/wp-json\/wp\/v2\/pages\/8634\/revisions\/12362"}],"up":[{"embeddable":true,"href":"https:\/\/elfsight.com\/pt\/wp-json\/wp\/v2\/pages\/875"}],"wp:attachment":[{"href":"https:\/\/elfsight.com\/pt\/wp-json\/wp\/v2\/media?parent=8634"}],"curies":[{"name":"wp","href":"https:\/\/api.w.org\/{rel}","templated":true}]}}