{"id":8633,"date":"1970-01-01T00:00:00","date_gmt":"1970-01-01T00:00:00","guid":{"rendered":"https:\/\/elfsight.com\/pt\/?page_id=8633"},"modified":"2024-11-13T11:52:25","modified_gmt":"2024-11-13T11:52:25","slug":"wix","status":"publish","type":"page","link":"https:\/\/elfsight.com\/pt\/vimeo-video-gallery-widget\/wix\/","title":{"rendered":"Vimeo Gallery &#8211; Wix"},"content":{"rendered":"<div class=\"application-platform-content-item-description application-platform-content-item\" id=\"description\" data-nav-section=\"description\"><h2>Descri\u00e7\u00e3o<\/h2><p>Elfsight Vimeo Gallery \u00e9 uma ferramenta descomplicada para todos que desejam adicionar conte\u00fado do Vimeo ao site. Voc\u00ea pode coletar playlists de v\u00eddeos, incorporar um canal inteiro e escolher o conte\u00fado tem\u00e1tico mais envolvente para sua galeria e outros. O widget possui recursos de interface bem pensados, que ajudam a criar a interface para diversos casos de uso. Tr\u00eas layouts de v\u00eddeo organizar\u00e3o os v\u00eddeos da maneira ideal, uma variedade de modos de reprodu\u00e7\u00e3o tornam a visualiza\u00e7\u00e3o de seus v\u00eddeos \u00fatil para qualquer usu\u00e1rio. Gra\u00e7as ao cabe\u00e7alho voc\u00ea pode apresentar seu canal e aumentar o n\u00famero de seguidores. A aplica\u00e7\u00e3o Elfsight Vimeo \u00e9 uma forma eficiente n\u00e3o s\u00f3 de aumentar o envolvimento, mas tamb\u00e9m de desenvolver o seu neg\u00f3cio. <\/p> <div class=\"faq\" data-component=\"FAQ\"><div class=\"faq-item\">\r\n\t\t\t\t\t<div class=\"faq-item-question\">\r\n\t\t\t\t\t\t<h3 class=\"faq-item-question-text\">Onde no meu site posso instalar a Galeria do Vimeo<\/h3>\r\n\r\n\t\t\t\t\t\t<div class=\"faq-item-question-icon\"><\/div>\r\n\t\t\t\t\t<\/div>\r\n\r\n\t\t\t\t\t<div class=\"faq-item-answer\">\r\n\t\t\t\t\t\t<div class=\"faq-item-answer-text\"><p>Ela pode funcionar bem na p\u00e1gina que voc\u00ea escolher. Caso voc\u00ea cole o widget no template, ele aparecer\u00e1 em todas as p\u00e1ginas. <\/p> <\/div>\r\n\t\t\t\t\t<\/div>\r\n\t\t\t\t<\/div><div class=\"faq-item\">\r\n\t\t\t\t\t<div class=\"faq-item-question\">\r\n\t\t\t\t\t\t<h3 class=\"faq-item-question-text\">Quais vantagens isso me trar\u00e1?<\/h3>\r\n\r\n\t\t\t\t\t\t<div class=\"faq-item-question-icon\"><\/div>\r\n\t\t\t\t\t<\/div>\r\n\r\n\t\t\t\t\t<div class=\"faq-item-answer\">\r\n\t\t\t\t\t\t<div class=\"faq-item-answer-text\"><p>Este plug-in permitir\u00e1 que voc\u00ea aumente o envolvimento do usu\u00e1rio em seu site com v\u00eddeos interessantes. A op\u00e7\u00e3o de assinatura r\u00e1pida ajudar\u00e1 a obter novas assinaturas em sua conta. <\/p><\/div>\r\n\t\t\t\t\t<\/div>\r\n\t\t\t\t<\/div><div class=\"faq-item\">\r\n\t\t\t\t\t<div class=\"faq-item-question\">\r\n\t\t\t\t\t\t<h3 class=\"faq-item-question-text\">Como fa\u00e7o para ter o player de v\u00eddeo do Vimeo em meu site?<\/h3>\r\n\r\n\t\t\t\t\t\t<div class=\"faq-item-question-icon\"><\/div>\r\n\t\t\t\t\t<\/div>\r\n\r\n\t\t\t\t\t<div class=\"faq-item-answer\">\r\n\t\t\t\t\t\t<div class=\"faq-item-answer-text\"><p>Leva um minuto para configurar o widget. Este processo \u00e9 extremamente r\u00e1pido, gratuito e sem codifica\u00e7\u00e3o.<\/p><p>Voc\u00ea pode colocar o aplicativo Vimeo em sua p\u00e1gina web em nosso servi\u00e7o. Para fazer isso, basta seguir os passos das instru\u00e7\u00f5es a seguir nesta p\u00e1gina. <\/p><\/div>\r\n\t\t\t\t\t<\/div>\r\n\t\t\t\t<\/div><\/div><\/div><div class=\"application-platform-content-item-features application-platform-content-item\" id=\"features\" data-nav-section=\"features\"><h2>Recursos<\/h2><p>Para obter uma percep\u00e7\u00e3o clara da Galeria de v\u00eddeos do Vimeo, examine a lista dos fun\u00e7\u00f5es essenciais. Eles tornam este widget extremamente ben\u00e9fico para o seu site: <\/p><ul><li>Incorpora\u00e7\u00e3o de layouts selecionados para diversas formas de ritmo dos v\u00eddeos: Grade, Playlist, Slider; <\/li><li>Sete elementos controlados do cabe\u00e7alho do widget: nome, estat\u00edsticas, descri\u00e7\u00e3o, bot\u00e3o seguir, imagem do perfil; <\/li><li>4 modos de jogo integrados: Popup, Player, Inline ou no Vimeo; <\/li><li>3 op\u00e7\u00f5es ap\u00f3s o t\u00e9rmino do v\u00eddeo: reproduzir a seguir, repetir, nenhuma; <\/li><\/ul><p><a href=\"#demo\">Conhe\u00e7a uma lista completa de recursos em nossa demonstra\u00e7\u00e3o<\/a><\/p><\/div><div class=\"application-platform-content-item-installation application-platform-content-item\" id=\"installation\" data-nav-section=\"installation\"><h2>Veja como incorporar o v\u00eddeo do Vimeo ao seu site Wix<\/h2><div class=\"video-container\"><iframe width=\"720\" height=\"405\" src=\"https:\/\/www.youtube.com\/embed\/7Yog1jAJfyA\" frameborder=\"0\" allowfullscreen><\/iframe><\/div><p>As a\u00e7\u00f5es abaixo s\u00e3o a \u00fanica coisa que voc\u00ea precisa publicar. <\/p><ol><li><b>Crie sua galeria pessoal do Vimeo<\/b><br> Gerenciando nosso configurador gratuito, crie um widget com design e fun\u00e7\u00f5es preferenciais. <\/li><li><b>Copie o c\u00f3digo individual para configurar o aplicativo<\/b><br> Depois de gerar seu widget, voc\u00ea receber\u00e1 o c\u00f3digo individual na janela que aparece nos aplicativos Elfsight. Copie o c\u00f3digo para uso futuro. <\/li> <li><b>Incorpore o aplicativo em seu site Wix<\/b><br> Escolha a \u00e1rea onde deseja adicionar o widget e adicione o c\u00f3digo copiado l\u00e1. Aplique as edi\u00e7\u00f5es. <\/li> <li><b>A configura\u00e7\u00e3o foi bem-sucedida!<\/b><br> Entre na sua p\u00e1gina para visualizar seu widget. <\/li> <\/ol><p>Ainda n\u00e3o consegue decidir? Ou enfrentando problemas? Apenas uma \u00fanica solicita\u00e7\u00e3o \u00e0 nossa equipe de suporte ajudar\u00e1 em todos os problemas. <\/p><\/div>","protected":false},"excerpt":{"rendered":"","protected":false},"author":9,"featured_media":0,"parent":875,"menu_order":0,"comment_status":"closed","ping_status":"closed","template":"templates\/template-application-platform.php","meta":{"publish_to_discourse":"","publish_post_category":"","wpdc_auto_publish_overridden":"","wpdc_topic_tags":"","wpdc_pin_topic":"","wpdc_pin_until":"","discourse_post_id":"","discourse_permalink":"","wpdc_publishing_response":"","wpdc_publishing_error":"","footnotes":""},"class_list":["post-8633","page","type-page","status-publish","hentry"],"yoast_head":"<!-- This site is optimized with the Yoast SEO plugin v25.3.1 - https:\/\/yoast.com\/wordpress\/plugins\/seo\/ -->\n<title>Wix Vimeo \u2014 Adicionar plugin da Galeria Vimeo ao site Wix [2025]<\/title>\n<meta name=\"description\" content=\"\u00c9 absolutamente simples projetar seu aplicativo Vimeo Video Gallery e incorpor\u00e1-lo ao site Wix. O suporte ao cliente da Elfsight \u00e9 gratuito e r\u00e1pido.\" \/>\n<meta name=\"robots\" content=\"index, follow, max-snippet:-1, max-image-preview:large, max-video-preview:-1\" \/>\n<link rel=\"canonical\" href=\"https:\/\/elfsight.com\/pt\/vimeo-video-gallery-widget\/wix\/\" \/>\n<meta property=\"og:locale\" content=\"pt_PT\" \/>\n<meta property=\"og:type\" content=\"article\" \/>\n<meta property=\"og:title\" content=\"Wix Vimeo \u2014 Adicionar plugin da Galeria Vimeo ao site Wix [2025]\" \/>\n<meta property=\"og:description\" content=\"\u00c9 absolutamente simples projetar seu aplicativo Vimeo Video Gallery e incorpor\u00e1-lo ao site Wix. O suporte ao cliente da Elfsight \u00e9 gratuito e r\u00e1pido.\" \/>\n<meta property=\"og:url\" content=\"https:\/\/elfsight.com\/pt\/vimeo-video-gallery-widget\/wix\/\" \/>\n<meta property=\"og:site_name\" content=\"Elfsight PT\" \/>\n<meta property=\"article:modified_time\" content=\"2024-11-13T11:52:25+00:00\" \/>\n<meta name=\"twitter:card\" content=\"summary_large_image\" \/>\n<meta name=\"twitter:label1\" content=\"Tempo estimado de leitura\" \/>\n\t<meta name=\"twitter:data1\" content=\"3 minutos\" \/>\n<!-- \/ Yoast SEO plugin. -->","yoast_head_json":{"title":"Wix Vimeo \u2014 Adicionar plugin da Galeria Vimeo ao site Wix [2025]","description":"\u00c9 absolutamente simples projetar seu aplicativo Vimeo Video Gallery e incorpor\u00e1-lo ao site Wix. O suporte ao cliente da Elfsight \u00e9 gratuito e r\u00e1pido.","robots":{"index":"index","follow":"follow","max-snippet":"max-snippet:-1","max-image-preview":"max-image-preview:large","max-video-preview":"max-video-preview:-1"},"canonical":"https:\/\/elfsight.com\/pt\/vimeo-video-gallery-widget\/wix\/","og_locale":"pt_PT","og_type":"article","og_title":"Wix Vimeo \u2014 Adicionar plugin da Galeria Vimeo ao site Wix [2025]","og_description":"\u00c9 absolutamente simples projetar seu aplicativo Vimeo Video Gallery e incorpor\u00e1-lo ao site Wix. O suporte ao cliente da Elfsight \u00e9 gratuito e r\u00e1pido.","og_url":"https:\/\/elfsight.com\/pt\/vimeo-video-gallery-widget\/wix\/","og_site_name":"Elfsight PT","article_modified_time":"2024-11-13T11:52:25+00:00","twitter_card":"summary_large_image","twitter_misc":{"Tempo estimado de leitura":"3 minutos"},"schema":{"@context":"https:\/\/schema.org","@graph":[{"@type":"WebPage","@id":"https:\/\/elfsight.com\/pt\/vimeo-video-gallery-widget\/wix\/","url":"https:\/\/elfsight.com\/pt\/vimeo-video-gallery-widget\/wix\/","name":"Wix Vimeo \u2014 Adicionar plugin da Galeria Vimeo ao site Wix [2025]","isPartOf":{"@id":"https:\/\/elfsight.com\/pt\/#website"},"datePublished":"1970-01-01T00:00:00+00:00","dateModified":"2024-11-13T11:52:25+00:00","description":"\u00c9 absolutamente simples projetar seu aplicativo Vimeo Video Gallery e incorpor\u00e1-lo ao site Wix. O suporte ao cliente da Elfsight \u00e9 gratuito e r\u00e1pido.","breadcrumb":{"@id":"https:\/\/elfsight.com\/pt\/vimeo-video-gallery-widget\/wix\/#breadcrumb"},"inLanguage":"pt-PT","potentialAction":[{"@type":"ReadAction","target":["https:\/\/elfsight.com\/pt\/vimeo-video-gallery-widget\/wix\/"]}]},{"@type":"BreadcrumbList","@id":"https:\/\/elfsight.com\/pt\/vimeo-video-gallery-widget\/wix\/#breadcrumb","itemListElement":[{"@type":"ListItem","position":1,"name":"Home","item":"https:\/\/elfsight.com\/pt\/"},{"@type":"ListItem","position":2,"name":"Vimeo Gallery","item":"https:\/\/elfsight.com\/pt\/vimeo-video-gallery-widget\/"},{"@type":"ListItem","position":3,"name":"Vimeo Gallery &#8211; Wix"}]},{"@type":"WebSite","@id":"https:\/\/elfsight.com\/pt\/#website","url":"https:\/\/elfsight.com\/pt\/","name":"Elfsight PT","description":"Just another Elfsight Sites site","potentialAction":[{"@type":"SearchAction","target":{"@type":"EntryPoint","urlTemplate":"https:\/\/elfsight.com\/pt\/?s={search_term_string}"},"query-input":{"@type":"PropertyValueSpecification","valueRequired":true,"valueName":"search_term_string"}}],"inLanguage":"pt-PT"}]}},"meta_box":{"industry":"","seo_heading":"","heading":"","description":"","cta_heading":"","cta_description":"","application":"874","h1":"Aplicativo Wix Vimeo V\u00eddeo","h1_caption":"Configure uma playlist, obtenha uma galeria de v\u00eddeos ou adicione um canal do Vimeo \u00e0 sua p\u00e1gina web","application_category":[],"applications_title":"","applications_request_title":"","applications_request_button_text":"","hero_text":"","hero_video":"","hero_video_schema_markup":"","selling_points_title":"","selling_points_caption":"","selling_points":[],"selling_points_cta_text":"","features_title":"","features":"","ed_cta_examples_text":"","ed_cta_examples_hidden":"","ed_cta_demo_text":"","ed_cta_demo_hidden":"","why_caption":"","why_editor_title":"","why_editor_text":"","why_team_title":"","why_team_text":"","why_service_title":"","why_service_text":"","template_catalog_visible":"","template_catalog_title":"","template_catalog_text":"","template_catalog_categories_visible":"","demo_title":"Crie seu aplicativo Galeria do Vimeo","demo_caption":"Configure sua Galeria do Vimeo e adicione-a ao seu site Wix gratuitamente!","default_faq_hidden":"","app_template_category":[],"platform":"37","template_public_id":"","codecanyon_url":"","codecanyon_item_id":"","codecanyon_price":"","pricing_caption":"","pricing_elfsight_apps_hide_column":"","pricing_elfsight_apps_url":"","pricing_codecanyon_price_caption":"","integration_category":[],"integration_request_title":"","integration_request_cta":"","integration_platform":"","integrations":[],"platform_category":[],"video_schema_markup":"","price":"a partir de US$ 0\/m\u00eas","trial":"","benefits":[{"text":"Assist\u00eancia de instala\u00e7\u00e3o gratuita"},{"text":"Suporte excepcional"},{"text":"Garantia de devolu\u00e7\u00e3o do dinheiro em 14 dias"},{"text":"Melhorias cont\u00ednuas"}],"button_url":"#demo","button_target_blank":"","button_nofollow":"","attributes":[{"name":"Instala\u00e7\u00f5es","content":"10,000 - 100,000"},{"name":"Responsivo","content":"Sim"},{"name":"Navegadores compat\u00edveis","content":"Firefox, Safari, Opera, Chrome, Edge"}],"tags":[],"tags_disable_links":"","hide_more_platforms":"","video_object":"","demo_hide_cta":"","demo_hide_cloud_options":"","pricing_title":"","pricing":[{"pricing_icon":"platform","pricing_title":"Elfsight Apps","pricing_title_caption":"Software multiplataforma","pricing_price":"a partir de US$ 0\/m\u00eas","pricing_price_caption":"comece com plano gratuito","pricing_benefits":[{"text":"Sites ilimitados"},{"text":"Suporte ao cliente premium"},{"text":"Suporte ao cliente premium"},{"text":"Oferta especial para v\u00e1rios aplicativos"}],"pricing_button_text":"Adicionar ao site","pricing_button_url":"#demo"}],"related_apps_title":"","related_apps_hidden":"","author":"","image":[],"title":"","job":"","social_networks":[]},"_links":{"self":[{"href":"https:\/\/elfsight.com\/pt\/wp-json\/wp\/v2\/pages\/8633","targetHints":{"allow":["GET"]}}],"collection":[{"href":"https:\/\/elfsight.com\/pt\/wp-json\/wp\/v2\/pages"}],"about":[{"href":"https:\/\/elfsight.com\/pt\/wp-json\/wp\/v2\/types\/page"}],"author":[{"embeddable":true,"href":"https:\/\/elfsight.com\/pt\/wp-json\/wp\/v2\/users\/9"}],"replies":[{"embeddable":true,"href":"https:\/\/elfsight.com\/pt\/wp-json\/wp\/v2\/comments?post=8633"}],"version-history":[{"count":2,"href":"https:\/\/elfsight.com\/pt\/wp-json\/wp\/v2\/pages\/8633\/revisions"}],"predecessor-version":[{"id":12361,"href":"https:\/\/elfsight.com\/pt\/wp-json\/wp\/v2\/pages\/8633\/revisions\/12361"}],"up":[{"embeddable":true,"href":"https:\/\/elfsight.com\/pt\/wp-json\/wp\/v2\/pages\/875"}],"wp:attachment":[{"href":"https:\/\/elfsight.com\/pt\/wp-json\/wp\/v2\/media?parent=8633"}],"curies":[{"name":"wp","href":"https:\/\/api.w.org\/{rel}","templated":true}]}}