{"id":8632,"date":"1970-01-01T00:00:00","date_gmt":"1970-01-01T00:00:00","guid":{"rendered":"https:\/\/elfsight.com\/pt\/?page_id=8632"},"modified":"2024-11-13T11:52:25","modified_gmt":"2024-11-13T11:52:25","slug":"wordpress","status":"publish","type":"page","link":"https:\/\/elfsight.com\/pt\/vimeo-video-gallery-widget\/wordpress\/","title":{"rendered":"Vimeo Gallery &#8211; WordPress"},"content":{"rendered":"<div class=\"application-platform-content-item-description application-platform-content-item\" id=\"description\" data-nav-section=\"description\"><h2>Incorpore a Galeria do Vimeo no WordPress com o widget Elfsight<\/h2><p>A Galeria do Vimeo da Elfsight \u00e9 uma ferramenta f\u00e1cil para todos que desejam incorporar V\u00eddeos do Vimeo no site. Voc\u00ea tem a oportunidade de criar listas de reprodu\u00e7\u00e3o, integrar canais e selecionar o conte\u00fado de v\u00eddeo mais atraente para sua galeria de v\u00eddeos e outros. O widget Elfsight possui recursos de design bem pensados, que ajudam a definir a interface para diversos casos de uso. Layouts integrados ajudam a organizar o conte\u00fado da maneira ideal; uma variedade de modos de reprodu\u00e7\u00e3o tornar\u00e1 a visualiza\u00e7\u00e3o de v\u00eddeos confort\u00e1vel em qualquer layout. Com o cabe\u00e7alho voc\u00ea pode anunciar seu canal e conseguir novos seguidores. O plugin Elfsight Vimeo \u00e9 uma maneira f\u00e1cil n\u00e3o apenas de aumentar o engajamento, mas tamb\u00e9m de promover o seu neg\u00f3cio. <\/p> <div class=\"faq\" data-component=\"FAQ\"><div class=\"faq-item\">\r\n\t\t\t\t\t<div class=\"faq-item-question\">\r\n\t\t\t\t\t\t<h3 class=\"faq-item-question-text\">Como posso adicionar uma Galeria Vimeo ao meu site WordPress? <\/h3>\r\n\r\n\t\t\t\t\t\t<div class=\"faq-item-question-icon\"><\/div>\r\n\t\t\t\t\t<\/div>\r\n\r\n\t\t\t\t\t<div class=\"faq-item-answer\">\r\n\t\t\t\t\t\t<div class=\"faq-item-answer-text\"><p>A cria\u00e7\u00e3o da ferramenta ocorre dentro do servi\u00e7o Elfsight e voc\u00ea n\u00e3o precisa codificar. Use a demonstra\u00e7\u00e3o ao vivo para criar seu pr\u00f3prio aplicativo, obter o c\u00f3digo e integr\u00e1-lo ao seu site. <\/p><\/div>\r\n\t\t\t\t\t<\/div>\r\n\t\t\t\t<\/div><div class=\"faq-item\">\r\n\t\t\t\t\t<div class=\"faq-item-question\">\r\n\t\t\t\t\t\t<h3 class=\"faq-item-question-text\">As melhores maneiras de usar a integra\u00e7\u00e3o do plugin Vimeo Video<\/h3>\r\n\r\n\t\t\t\t\t\t<div class=\"faq-item-question-icon\"><\/div>\r\n\t\t\t\t\t<\/div>\r\n\r\n\t\t\t\t\t<div class=\"faq-item-answer\">\r\n\t\t\t\t\t\t<div class=\"faq-item-answer-text\"><p>Temos uma s\u00e9rie de possibilidades de personaliza\u00e7\u00e3o: widgets em tamanho real para adicionar \u00e0 \u00e1rea de conte\u00fado , plug-ins flutuantes para recurso de rolagem, miniaturas para o rodap\u00e9 do seu site, cabe\u00e7alho e todas as varia\u00e7\u00f5es de op\u00e7\u00f5es verticais para barras laterais e menus do site. <\/p><\/div>\r\n\t\t\t\t\t<\/div>\r\n\t\t\t\t<\/div><div class=\"faq-item\">\r\n\t\t\t\t\t<div class=\"faq-item-question\">\r\n\t\t\t\t\t\t<h3 class=\"faq-item-question-text\">Posso criar um portf\u00f3lio do Vimeo ou uma apresenta\u00e7\u00e3o de slides de v\u00eddeo atrav\u00e9s da ag\u00eancia do seu editor? <\/h3>\r\n\r\n\t\t\t\t\t\t<div class=\"faq-item-question-icon\"><\/div>\r\n\t\t\t\t\t<\/div>\r\n\r\n\t\t\t\t\t<div class=\"faq-item-answer\">\r\n\t\t\t\t\t\t<div class=\"faq-item-answer-text\"><p>Voc\u00ea est\u00e1 convidado a fazer modifica\u00e7\u00f5es em qualquer widget. Existem diversos layouts \u00e0 sua disposi\u00e7\u00e3o no editor, e todos eles podem ser facilmente personalizados conforme sua necessidade. <\/p><\/div>\r\n\t\t\t\t\t<\/div>\r\n\t\t\t\t<\/div><\/div><\/div><div class=\"application-platform-content-item-features application-platform-content-item\" id=\"features\" data-nav-section=\"features\"><h2>Principais recursos do widget da Galeria do Vimeo<\/h2><p>Para formar uma melhor percep\u00e7\u00e3o do plugin, veja a lista de suas principais fun\u00e7\u00f5es. Eles tornam nosso widget mais eficiente para voc\u00ea: <\/p><ul><li>A op\u00e7\u00e3o de mostrar layouts para diversas formas de organiza\u00e7\u00e3o de v\u00eddeos: Grade, Playlist, Slider; <\/li><li>Sete detalhes flex\u00edveis do cabe\u00e7alho do widget: nome, estat\u00edsticas, descri\u00e7\u00e3o, bot\u00e3o seguir, \u00edcone do perfil; <\/li><li>Quatro modos de jogo prontos para uso: Popup, Player, Inline ou no Vimeo; <\/li><li>Tr\u00eas cen\u00e1rios ap\u00f3s o t\u00e9rmino do v\u00eddeo: reproduzir a seguir, repetir, nenhum; <\/li><\/ul><p><a href=\"#demo\">Para conferir mais recursos, veja nossa demonstra\u00e7\u00e3o ao vivo<\/a><\/p><\/div><div class=\"application-platform-content-item-installation application-platform-content-item\" id=\"installation\" data-nav-section=\"installation\"><h2>Como incorporar v\u00eddeo do Vimeo no site WordPress<\/h2><div class=\"video-container\"><iframe width=\"720\" height=\"405\" src=\"https:\/\/www.youtube.com\/embed\/T2eheWXiVTI\" frameborder=\"0\" allowfullscreen=\"\"><\/iframe><\/div><p>Basta seguir as diretrizes abaixo para adicionar o plugin no WordPress.<\/p> <ol><li><b>Abrir nosso editor gratuito e comece a construir seu plugin personalizado. <\/b><br> Especifique a interface personalizada e as especifica\u00e7\u00f5es do widget e aplique as modifica\u00e7\u00f5es. <\/li> <li><b>Adquira o seu c\u00f3digo individual, que \u00e9 apresentado no formul\u00e1rio especial nas aplica\u00e7\u00f5es Elfsight. <\/b><br> Logo ap\u00f3s a personaliza\u00e7\u00e3o da sua Galeria pessoal do Vimeo, copie o c\u00f3digo pessoal na janela exibida e salve-o para uso posterior. <\/li> <li><b>Iniciar a aplica\u00e7\u00e3o da ferramenta no site WordPress. <\/b><br> Implemente o c\u00f3digo que voc\u00ea salvou anteriormente em seu site e salve as corre\u00e7\u00f5es. <\/li> <li><b>Pronto! A incorpora\u00e7\u00e3o est\u00e1 totalmente conclu\u00edda. <\/b><br> Visite seu site para verificar o desempenho do plugin. <\/li><\/ol> <p>Ainda n\u00e3o consegue tomar uma decis\u00e3o? Ou trope\u00e7ou em alguma coisa? Basta escrever uma solicita\u00e7\u00e3o ao nosso servi\u00e7o de atendimento ao cliente, resolveremos qualquer d\u00favida. <\/p><\/div>","protected":false},"excerpt":{"rendered":"","protected":false},"author":9,"featured_media":0,"parent":875,"menu_order":0,"comment_status":"closed","ping_status":"closed","template":"templates\/template-application-platform.php","meta":{"publish_to_discourse":"","publish_post_category":"","wpdc_auto_publish_overridden":"","wpdc_topic_tags":"","wpdc_pin_topic":"","wpdc_pin_until":"","discourse_post_id":"","discourse_permalink":"","wpdc_publishing_response":"","wpdc_publishing_error":"","footnotes":""},"class_list":["post-8632","page","type-page","status-publish","hentry"],"yoast_head":"<!-- This site is optimized with the Yoast SEO plugin v25.3.1 - https:\/\/yoast.com\/wordpress\/plugins\/seo\/ -->\n<title>WordPress Vimeo \u2013 Adicionar plugin Vimeo ao site WordPress [2025]<\/title>\n<meta name=\"description\" content=\"Crie e incorpore o plugin de v\u00eddeo WordPress da Galeria do Vimeo. Aproveite o atendimento gratuito ao cliente e outros b\u00f4nus da Elfsight.\" \/>\n<meta name=\"robots\" content=\"index, follow, max-snippet:-1, max-image-preview:large, max-video-preview:-1\" \/>\n<link rel=\"canonical\" href=\"https:\/\/elfsight.com\/pt\/vimeo-video-gallery-widget\/wordpress\/\" \/>\n<meta property=\"og:locale\" content=\"pt_PT\" \/>\n<meta property=\"og:type\" content=\"article\" \/>\n<meta property=\"og:title\" content=\"WordPress Vimeo \u2013 Adicionar plugin Vimeo ao site WordPress [2025]\" \/>\n<meta property=\"og:description\" content=\"Crie e incorpore o plugin de v\u00eddeo WordPress da Galeria do Vimeo. Aproveite o atendimento gratuito ao cliente e outros b\u00f4nus da Elfsight.\" \/>\n<meta property=\"og:url\" content=\"https:\/\/elfsight.com\/pt\/vimeo-video-gallery-widget\/wordpress\/\" \/>\n<meta property=\"og:site_name\" content=\"Elfsight PT\" \/>\n<meta property=\"article:modified_time\" content=\"2024-11-13T11:52:25+00:00\" \/>\n<meta name=\"twitter:card\" content=\"summary_large_image\" \/>\n<meta name=\"twitter:label1\" content=\"Tempo estimado de leitura\" \/>\n\t<meta name=\"twitter:data1\" content=\"3 minutos\" \/>\n<!-- \/ Yoast SEO plugin. -->","yoast_head_json":{"title":"WordPress Vimeo \u2013 Adicionar plugin Vimeo ao site WordPress [2025]","description":"Crie e incorpore o plugin de v\u00eddeo WordPress da Galeria do Vimeo. Aproveite o atendimento gratuito ao cliente e outros b\u00f4nus da Elfsight.","robots":{"index":"index","follow":"follow","max-snippet":"max-snippet:-1","max-image-preview":"max-image-preview:large","max-video-preview":"max-video-preview:-1"},"canonical":"https:\/\/elfsight.com\/pt\/vimeo-video-gallery-widget\/wordpress\/","og_locale":"pt_PT","og_type":"article","og_title":"WordPress Vimeo \u2013 Adicionar plugin Vimeo ao site WordPress [2025]","og_description":"Crie e incorpore o plugin de v\u00eddeo WordPress da Galeria do Vimeo. Aproveite o atendimento gratuito ao cliente e outros b\u00f4nus da Elfsight.","og_url":"https:\/\/elfsight.com\/pt\/vimeo-video-gallery-widget\/wordpress\/","og_site_name":"Elfsight PT","article_modified_time":"2024-11-13T11:52:25+00:00","twitter_card":"summary_large_image","twitter_misc":{"Tempo estimado de leitura":"3 minutos"},"schema":{"@context":"https:\/\/schema.org","@graph":[{"@type":"WebPage","@id":"https:\/\/elfsight.com\/pt\/vimeo-video-gallery-widget\/wordpress\/","url":"https:\/\/elfsight.com\/pt\/vimeo-video-gallery-widget\/wordpress\/","name":"WordPress Vimeo \u2013 Adicionar plugin Vimeo ao site WordPress [2025]","isPartOf":{"@id":"https:\/\/elfsight.com\/pt\/#website"},"datePublished":"1970-01-01T00:00:00+00:00","dateModified":"2024-11-13T11:52:25+00:00","description":"Crie e incorpore o plugin de v\u00eddeo WordPress da Galeria do Vimeo. Aproveite o atendimento gratuito ao cliente e outros b\u00f4nus da Elfsight.","breadcrumb":{"@id":"https:\/\/elfsight.com\/pt\/vimeo-video-gallery-widget\/wordpress\/#breadcrumb"},"inLanguage":"pt-PT","potentialAction":[{"@type":"ReadAction","target":["https:\/\/elfsight.com\/pt\/vimeo-video-gallery-widget\/wordpress\/"]}]},{"@type":"BreadcrumbList","@id":"https:\/\/elfsight.com\/pt\/vimeo-video-gallery-widget\/wordpress\/#breadcrumb","itemListElement":[{"@type":"ListItem","position":1,"name":"Home","item":"https:\/\/elfsight.com\/pt\/"},{"@type":"ListItem","position":2,"name":"Vimeo Gallery","item":"https:\/\/elfsight.com\/pt\/vimeo-video-gallery-widget\/"},{"@type":"ListItem","position":3,"name":"Vimeo Gallery &#8211; WordPress"}]},{"@type":"WebSite","@id":"https:\/\/elfsight.com\/pt\/#website","url":"https:\/\/elfsight.com\/pt\/","name":"Elfsight PT","description":"Just another Elfsight Sites site","potentialAction":[{"@type":"SearchAction","target":{"@type":"EntryPoint","urlTemplate":"https:\/\/elfsight.com\/pt\/?s={search_term_string}"},"query-input":{"@type":"PropertyValueSpecification","valueRequired":true,"valueName":"search_term_string"}}],"inLanguage":"pt-PT"}]}},"meta_box":{"industry":"","seo_heading":"","heading":"","description":"","cta_heading":"","cta_description":"","application":"874","h1":"Plug-in de v\u00eddeo WordPress Vimeo","h1_caption":"Integre os v\u00eddeos e canais mais envolventes do Vimeo em seu site WP","application_category":[],"applications_title":"","applications_request_title":"","applications_request_button_text":"","hero_text":"","hero_video":"","hero_video_schema_markup":"","selling_points_title":"","selling_points_caption":"","selling_points":[],"selling_points_cta_text":"","features_title":"","features":"","ed_cta_examples_text":"","ed_cta_examples_hidden":"","ed_cta_demo_text":"","ed_cta_demo_hidden":"","why_caption":"","why_editor_title":"","why_editor_text":"","why_team_title":"","why_team_text":"","why_service_title":"","why_service_text":"","template_catalog_visible":"","template_catalog_title":"","template_catalog_text":"","template_catalog_categories_visible":"","demo_title":"Crie seu plugin da Galeria do Vimeo","demo_caption":"Configure sua Galeria Vimeo e adicione-a ao seu site WordPress gratuitamente!","default_faq_hidden":"","app_template_category":[],"platform":"34","template_public_id":"","codecanyon_url":"","codecanyon_item_id":"","codecanyon_price":"","pricing_caption":"","pricing_elfsight_apps_hide_column":"","pricing_elfsight_apps_url":"","pricing_codecanyon_price_caption":"","integration_category":[],"integration_request_title":"","integration_request_cta":"","integration_platform":"","integrations":[],"platform_category":[],"video_schema_markup":"","price":"a partir de US$ 0\/m\u00eas","trial":"","benefits":[{"text":"Servi\u00e7o de instala\u00e7\u00e3o gratuito"},{"text":"Atendimento ao cliente competente"},{"text":"Garantia de reembolso de 14 dias"},{"text":"Atualiza\u00e7\u00f5es gratuitas vital\u00edcias"}],"button_url":"#demo","button_target_blank":"","button_nofollow":"","attributes":[{"name":"Instala\u00e7\u00f5es","content":"10,000 - 100,000"},{"name":"Responsivo","content":"Sim"},{"name":"Navegadores compat\u00edveis","content":"Firefox, Safari, Opera, Chrome, Edge"}],"tags":[],"tags_disable_links":"","hide_more_platforms":"","video_object":"","demo_hide_cta":"","demo_hide_cloud_options":"","pricing_title":"","pricing":[{"pricing_icon":"platform","pricing_title":"Elfsight Apps","pricing_title_caption":"Solu\u00e7\u00e3o independente de plataforma adequada para qualquer site","pricing_price":"a partir de US$ 0\/m\u00eas","pricing_price_caption":"comece com plano gratuito","pricing_benefits":[{"text":"Sites ilimitados"},{"text":"Suporte ao cliente dedicado e bem documentado"},{"text":"Suporte ao cliente dedicado e bem documentado"},{"text":"Oferta por tempo limitado para v\u00e1rios aplicativos"}],"pricing_button_text":"Adicionar ao site","pricing_button_url":"#demo"}],"related_apps_title":"","related_apps_hidden":"","author":"","image":[],"title":"","job":"","social_networks":[]},"_links":{"self":[{"href":"https:\/\/elfsight.com\/pt\/wp-json\/wp\/v2\/pages\/8632","targetHints":{"allow":["GET"]}}],"collection":[{"href":"https:\/\/elfsight.com\/pt\/wp-json\/wp\/v2\/pages"}],"about":[{"href":"https:\/\/elfsight.com\/pt\/wp-json\/wp\/v2\/types\/page"}],"author":[{"embeddable":true,"href":"https:\/\/elfsight.com\/pt\/wp-json\/wp\/v2\/users\/9"}],"replies":[{"embeddable":true,"href":"https:\/\/elfsight.com\/pt\/wp-json\/wp\/v2\/comments?post=8632"}],"version-history":[{"count":2,"href":"https:\/\/elfsight.com\/pt\/wp-json\/wp\/v2\/pages\/8632\/revisions"}],"predecessor-version":[{"id":12360,"href":"https:\/\/elfsight.com\/pt\/wp-json\/wp\/v2\/pages\/8632\/revisions\/12360"}],"up":[{"embeddable":true,"href":"https:\/\/elfsight.com\/pt\/wp-json\/wp\/v2\/pages\/875"}],"wp:attachment":[{"href":"https:\/\/elfsight.com\/pt\/wp-json\/wp\/v2\/media?parent=8632"}],"curies":[{"name":"wp","href":"https:\/\/api.w.org\/{rel}","templated":true}]}}