{"id":8631,"date":"1970-01-01T00:00:00","date_gmt":"1970-01-01T00:00:00","guid":{"rendered":"https:\/\/elfsight.com\/pt\/?page_id=8631"},"modified":"2024-11-13T11:50:14","modified_gmt":"2024-11-13T11:50:14","slug":"iframe","status":"publish","type":"page","link":"https:\/\/elfsight.com\/pt\/vimeo-video-gallery-widget\/iframe\/","title":{"rendered":"Vimeo Gallery &#8211; iFrame"},"content":{"rendered":"<div class=\"application-platform-content-item-description application-platform-content-item\" id=\"description\" data-nav-section=\"description\"><h2>Descri\u00e7\u00e3o<\/h2><p>Elfsight Vimeo Gallery \u00e9 um instrumento simples para todos que precisam mostrar v\u00eddeos do Vimeo no site. Voc\u00ea pode coletar playlists, integrar um canal inteiro, escolher o conte\u00fado de v\u00eddeo mais envolvente para sua galeria de v\u00eddeos e muito mais. O widget Elfsight oferece m\u00faltiplas configura\u00e7\u00f5es de design, que ajudam a tornar a interface para diferentes casos. Tr\u00eas layouts posicionar\u00e3o os v\u00eddeos da melhor maneira, uma escolha de modos de reprodu\u00e7\u00e3o torna a visualiza\u00e7\u00e3o dos v\u00eddeos \u00fatil em qualquer caso de uso. Gra\u00e7as ao cabe\u00e7alho \u00e9 f\u00e1cil anunciar seu canal e conquistar novos seguidores. O widget Elfsight Vimeo \u00e9 uma forma eficaz n\u00e3o apenas de aumentar o envolvimento, mas tamb\u00e9m de promover o seu neg\u00f3cio. <\/p> <div class=\"faq\" data-component=\"FAQ\"><div class=\"faq-item\">\r\n\t\t\t\t\t<div class=\"faq-item-question\">\r\n\t\t\t\t\t\t<h3 class=\"faq-item-question-text\">Como posso adicionar uma Galeria Vimeo ao site iFrame? <\/h3>\r\n\r\n\t\t\t\t\t\t<div class=\"faq-item-question-icon\"><\/div>\r\n\t\t\t\t\t<\/div>\r\n\r\n\t\t\t\t\t<div class=\"faq-item-answer\">\r\n\t\t\t\t\t\t<div class=\"faq-item-answer-text\"><p>A constru\u00e7\u00e3o da ferramenta ocorre nas p\u00e1ginas da Elfsight e voc\u00ea n\u00e3o precisa aprender a codificar. Utilize a demonstra\u00e7\u00e3o ativa para customizar sua ferramenta, obter o c\u00f3digo e inseri-lo em seu site. <\/p><\/div>\r\n\t\t\t\t\t<\/div>\r\n\t\t\t\t<\/div><div class=\"faq-item\">\r\n\t\t\t\t\t<div class=\"faq-item-question\">\r\n\t\t\t\t\t\t<h3 class=\"faq-item-question-text\">Os melhores exemplos de uso da integra\u00e7\u00e3o da Galeria de v\u00eddeos do Vimeo<\/h3>\r\n\r\n\t\t\t\t\t\t<div class=\"faq-item-question-icon\"><\/div>\r\n\t\t\t\t\t<\/div>\r\n\r\n\t\t\t\t\t<div class=\"faq-item-answer\">\r\n\t\t\t\t\t\t<div class=\"faq-item-answer-text\"><p>Oferecemos a voc\u00ea uma infinidade de oportunidades de personaliza\u00e7\u00e3o: widgets completos para incorporar na se\u00e7\u00e3o de conte\u00fado , widgets flutuantes para recurso de rolagem, layouts para rodap\u00e9, se\u00e7\u00e3o principal e todas as varia\u00e7\u00f5es de op\u00e7\u00f5es verticais para barras laterais e menus. <\/p><\/div>\r\n\t\t\t\t\t<\/div>\r\n\t\t\t\t<\/div><div class=\"faq-item\">\r\n\t\t\t\t\t<div class=\"faq-item-question\">\r\n\t\t\t\t\t\t<h3 class=\"faq-item-question-text\">Posso criar uma lista ou apresenta\u00e7\u00e3o de slides do Vimeo atrav\u00e9s da ag\u00eancia do seu editor? <\/h3>\r\n\r\n\t\t\t\t\t\t<div class=\"faq-item-question-icon\"><\/div>\r\n\t\t\t\t\t<\/div>\r\n\r\n\t\t\t\t\t<div class=\"faq-item-answer\">\r\n\t\t\t\t\t\t<div class=\"faq-item-answer-text\"><p>Voc\u00ea pode criar varia\u00e7\u00f5es de qualquer widget. Existem v\u00e1rios layouts dispon\u00edveis no editor, e todos eles podem ser rapidamente personalizados do jeito que voc\u00ea deseja. <\/p><\/div>\r\n\t\t\t\t\t<\/div>\r\n\t\t\t\t<\/div><\/div><\/div><div class=\"application-platform-content-item-features application-platform-content-item\" id=\"features\" data-nav-section=\"features\"><h2>Recursos<\/h2><p>Para ter uma ideia mais clara do Vimeo iFrame, voc\u00ea pode ter um veja a lista de suas fun\u00e7\u00f5es essenciais. Eles tornam este widget realmente ben\u00e9fico para o seu site: <\/p><ul><li>Crie uma galeria de v\u00eddeos envolvente;<\/li><li>Escolha os melhores v\u00eddeos para o seu site;<\/li><li>Use pop-ups para estimular o envolvimento;<\/li><li>Formar playlists atraentes;<\/li><li>Variar os elementos do v\u00eddeo;<\/li><li>Colorir o widget da maneira que voc\u00ea precisa;<\/li><li>Ajustar o largura do widget.<\/li><\/ul><p><a href=\"#demo\">A demonstra\u00e7\u00e3o ao vivo abrir\u00e1 uma lista completa de recursos para voc\u00ea<\/a><\/p><\/div><div class=\"application-platform-content-item-installation application-platform-content-item\" id=\"installation\" data-nav-section=\"installation\"><h2>Como incorporar o Vimeo Video iFrame no site<\/h2><p> Algumas etapas simples s\u00e3o a \u00fanica coisa que voc\u00ea precisa fazer, pois n\u00e3o precisa de codifica\u00e7\u00e3o. <\/p><ol><li><b>Gere seu plugin Vimeo personalizado<\/b><br> Atrav\u00e9s de nosso editor gratuito, gere um widget com layout preferido e caracter\u00edsticas funcionais. <\/li><li><b>Obtenha o c\u00f3digo pessoal para exibir o plugin<\/b><br> Depois de criar seu widget responsivo, voc\u00ea obter\u00e1 o c\u00f3digo de instala\u00e7\u00e3o na janela pop-up nos aplicativos Elfsight. Copie esse c\u00f3digo. <\/li> <li><b>Adicione o plugin em seu site iFrame<\/b><br> V\u00e1 at\u00e9 o local onde deseja incorporar o widget e insira o c\u00f3digo salvo l\u00e1. Publique as altera\u00e7\u00f5es. <\/li> <li><b>A incorpora\u00e7\u00e3o foi feita com sucesso!<\/b><br> Visite a loja para ver seu v\u00eddeo do Vimeo. <\/li> <\/ol><p>Ainda n\u00e3o consegue decidir? Ou tendo problemas? Basta direcionar uma solicita\u00e7\u00e3o para nossa equipe de suporte que ajudar\u00e1 em todos os problemas. <\/p><\/div>","protected":false},"excerpt":{"rendered":"","protected":false},"author":9,"featured_media":0,"parent":875,"menu_order":0,"comment_status":"closed","ping_status":"closed","template":"templates\/template-application-platform.php","meta":{"publish_to_discourse":"","publish_post_category":"","wpdc_auto_publish_overridden":"","wpdc_topic_tags":"","wpdc_pin_topic":"","wpdc_pin_until":"","discourse_post_id":"","discourse_permalink":"","wpdc_publishing_response":"","wpdc_publishing_error":"","footnotes":""},"class_list":["post-8631","page","type-page","status-publish","hentry"],"yoast_head":"<!-- This site is optimized with the Yoast SEO plugin v25.3.1 - https:\/\/yoast.com\/wordpress\/plugins\/seo\/ -->\n<title>iFrame Vimeo \u2013 Adicionar widget da Galeria do Vimeo ao site iFrame [2026]<\/title>\n<meta name=\"description\" content=\"Com a Elfsight, d\u00ea forma ao seu Vimeo Video iFrame e publique-o no seu site com facilidade. Oferecemos atendimento gratuito ao cliente e mais b\u00f4nus.\" \/>\n<meta name=\"robots\" content=\"index, follow, max-snippet:-1, max-image-preview:large, max-video-preview:-1\" \/>\n<link rel=\"canonical\" href=\"https:\/\/elfsight.com\/pt\/vimeo-video-gallery-widget\/iframe\/\" \/>\n<meta property=\"og:locale\" content=\"pt_PT\" \/>\n<meta property=\"og:type\" content=\"article\" \/>\n<meta property=\"og:title\" content=\"iFrame Vimeo \u2013 Adicionar widget da Galeria do Vimeo ao site iFrame [2026]\" \/>\n<meta property=\"og:description\" content=\"Com a Elfsight, d\u00ea forma ao seu Vimeo Video iFrame e publique-o no seu site com facilidade. Oferecemos atendimento gratuito ao cliente e mais b\u00f4nus.\" \/>\n<meta property=\"og:url\" content=\"https:\/\/elfsight.com\/pt\/vimeo-video-gallery-widget\/iframe\/\" \/>\n<meta property=\"og:site_name\" content=\"Elfsight PT\" \/>\n<meta property=\"article:modified_time\" content=\"2024-11-13T11:50:14+00:00\" \/>\n<meta name=\"twitter:card\" content=\"summary_large_image\" \/>\n<meta name=\"twitter:label1\" content=\"Tempo estimado de leitura\" \/>\n\t<meta name=\"twitter:data1\" content=\"3 minutos\" \/>\n<!-- \/ Yoast SEO plugin. -->","yoast_head_json":{"title":"iFrame Vimeo \u2013 Adicionar widget da Galeria do Vimeo ao site iFrame [2026]","description":"Com a Elfsight, d\u00ea forma ao seu Vimeo Video iFrame e publique-o no seu site com facilidade. Oferecemos atendimento gratuito ao cliente e mais b\u00f4nus.","robots":{"index":"index","follow":"follow","max-snippet":"max-snippet:-1","max-image-preview":"max-image-preview:large","max-video-preview":"max-video-preview:-1"},"canonical":"https:\/\/elfsight.com\/pt\/vimeo-video-gallery-widget\/iframe\/","og_locale":"pt_PT","og_type":"article","og_title":"iFrame Vimeo \u2013 Adicionar widget da Galeria do Vimeo ao site iFrame [2026]","og_description":"Com a Elfsight, d\u00ea forma ao seu Vimeo Video iFrame e publique-o no seu site com facilidade. Oferecemos atendimento gratuito ao cliente e mais b\u00f4nus.","og_url":"https:\/\/elfsight.com\/pt\/vimeo-video-gallery-widget\/iframe\/","og_site_name":"Elfsight PT","article_modified_time":"2024-11-13T11:50:14+00:00","twitter_card":"summary_large_image","twitter_misc":{"Tempo estimado de leitura":"3 minutos"},"schema":{"@context":"https:\/\/schema.org","@graph":[{"@type":"WebPage","@id":"https:\/\/elfsight.com\/pt\/vimeo-video-gallery-widget\/iframe\/","url":"https:\/\/elfsight.com\/pt\/vimeo-video-gallery-widget\/iframe\/","name":"iFrame Vimeo \u2013 Adicionar widget da Galeria do Vimeo ao site iFrame [2026]","isPartOf":{"@id":"https:\/\/elfsight.com\/pt\/#website"},"datePublished":"1970-01-01T00:00:00+00:00","dateModified":"2024-11-13T11:50:14+00:00","description":"Com a Elfsight, d\u00ea forma ao seu Vimeo Video iFrame e publique-o no seu site com facilidade. Oferecemos atendimento gratuito ao cliente e mais b\u00f4nus.","breadcrumb":{"@id":"https:\/\/elfsight.com\/pt\/vimeo-video-gallery-widget\/iframe\/#breadcrumb"},"inLanguage":"pt-PT","potentialAction":[{"@type":"ReadAction","target":["https:\/\/elfsight.com\/pt\/vimeo-video-gallery-widget\/iframe\/"]}]},{"@type":"BreadcrumbList","@id":"https:\/\/elfsight.com\/pt\/vimeo-video-gallery-widget\/iframe\/#breadcrumb","itemListElement":[{"@type":"ListItem","position":1,"name":"Home","item":"https:\/\/elfsight.com\/pt\/"},{"@type":"ListItem","position":2,"name":"Vimeo Gallery","item":"https:\/\/elfsight.com\/pt\/vimeo-video-gallery-widget\/"},{"@type":"ListItem","position":3,"name":"Vimeo Gallery &#8211; iFrame"}]},{"@type":"WebSite","@id":"https:\/\/elfsight.com\/pt\/#website","url":"https:\/\/elfsight.com\/pt\/","name":"Elfsight PT","description":"Just another Elfsight Sites site","potentialAction":[{"@type":"SearchAction","target":{"@type":"EntryPoint","urlTemplate":"https:\/\/elfsight.com\/pt\/?s={search_term_string}"},"query-input":{"@type":"PropertyValueSpecification","valueRequired":true,"valueName":"search_term_string"}}],"inLanguage":"pt-PT"}]}},"meta_box":{"industry":"","seo_heading":"","heading":"","description":"","cta_heading":"","cta_description":"","application":"874","h1":"Galeria de v\u00eddeos iFrame Vimeo","h1_caption":"Crie uma playlist, colete uma galeria de v\u00eddeos ou integre um canal do Vimeo em sua p\u00e1gina web","application_category":[],"applications_title":"","applications_request_title":"","applications_request_button_text":"","hero_text":"","hero_video":"","hero_video_schema_markup":"","selling_points_title":"","selling_points_caption":"","selling_points":[],"selling_points_cta_text":"","features_title":"","features":"","ed_cta_examples_text":"","ed_cta_examples_hidden":"","ed_cta_demo_text":"","ed_cta_demo_hidden":"","why_caption":"","why_editor_title":"","why_editor_text":"","why_team_title":"","why_team_text":"","why_service_title":"","why_service_text":"","template_catalog_visible":"","template_catalog_title":"","template_catalog_text":"","template_catalog_categories_visible":"","demo_title":"Crie seu widget da Galeria do Vimeo","demo_caption":"Configure sua Galeria Vimeo e adicione-a ao seu site iFrame gratuitamente!","default_faq_hidden":"","app_template_category":[],"platform":"4911","template_public_id":"","codecanyon_url":"","codecanyon_item_id":"","codecanyon_price":"","pricing_caption":"","pricing_elfsight_apps_hide_column":"","pricing_elfsight_apps_url":"","pricing_codecanyon_price_caption":"","integration_category":[],"integration_request_title":"","integration_request_cta":"","integration_platform":"","integrations":[],"platform_category":[],"video_schema_markup":"","price":"a partir de US$ 0\/m\u00eas","trial":"","benefits":[{"text":"Assist\u00eancia de instala\u00e7\u00e3o gratuita"},{"text":"Atendimento ao cliente profissional"},{"text":"Garantia de reembolso de 14 dias"},{"text":"Melhorias gratuitas cont\u00ednuas"}],"button_url":"#demo","button_target_blank":"","button_nofollow":"","attributes":[{"name":"Instala\u00e7\u00f5es","content":"10,000 - 100,000"},{"name":"Responsivo","content":"Sim"},{"name":"Navegadores compat\u00edveis","content":"Chrome, Firefox, Safari, Opera, Edge"}],"tags":[],"tags_disable_links":"","hide_more_platforms":"","video_object":"","demo_hide_cta":"","demo_hide_cloud_options":"","pricing_title":"","pricing":[{"pricing_icon":"platform","pricing_title":"Elfsight Apps","pricing_title_caption":"Solu\u00e7\u00e3o digital multiplataforma que funciona em qualquer site","pricing_price":"a partir de US$ 0\/m\u00eas","pricing_price_caption":"comece com plano gratuito","pricing_benefits":[{"text":"N\u00famero ilimitado de sites"},{"text":"Suporte profissional e pontual"},{"text":"Suporte profissional e pontual"},{"text":"Pre\u00e7o especial para v\u00e1rios aplicativos"}],"pricing_button_text":"Adicionar ao site","pricing_button_url":"#demo"}],"related_apps_title":"","related_apps_hidden":"","author":"","image":[],"title":"","job":"","social_networks":[]},"_links":{"self":[{"href":"https:\/\/elfsight.com\/pt\/wp-json\/wp\/v2\/pages\/8631","targetHints":{"allow":["GET"]}}],"collection":[{"href":"https:\/\/elfsight.com\/pt\/wp-json\/wp\/v2\/pages"}],"about":[{"href":"https:\/\/elfsight.com\/pt\/wp-json\/wp\/v2\/types\/page"}],"author":[{"embeddable":true,"href":"https:\/\/elfsight.com\/pt\/wp-json\/wp\/v2\/users\/9"}],"replies":[{"embeddable":true,"href":"https:\/\/elfsight.com\/pt\/wp-json\/wp\/v2\/comments?post=8631"}],"version-history":[{"count":1,"href":"https:\/\/elfsight.com\/pt\/wp-json\/wp\/v2\/pages\/8631\/revisions"}],"predecessor-version":[{"id":8635,"href":"https:\/\/elfsight.com\/pt\/wp-json\/wp\/v2\/pages\/8631\/revisions\/8635"}],"up":[{"embeddable":true,"href":"https:\/\/elfsight.com\/pt\/wp-json\/wp\/v2\/pages\/875"}],"wp:attachment":[{"href":"https:\/\/elfsight.com\/pt\/wp-json\/wp\/v2\/media?parent=8631"}],"curies":[{"name":"wp","href":"https:\/\/api.w.org\/{rel}","templated":true}]}}