{"id":8626,"date":"1970-01-01T00:00:00","date_gmt":"1970-01-01T00:00:00","guid":{"rendered":"https:\/\/elfsight.com\/pt\/?page_id=8626"},"modified":"2024-11-13T11:45:29","modified_gmt":"2024-11-13T11:45:29","slug":"facebook","status":"publish","type":"page","link":"https:\/\/elfsight.com\/pt\/vimeo-video-gallery-widget\/facebook\/","title":{"rendered":"Vimeo Gallery &#8211; Facebook Page"},"content":{"rendered":"<div class=\"application-platform-content-item-description application-platform-content-item\" id=\"description\" data-nav-section=\"description\"><h2>Descri\u00e7\u00e3o<\/h2><p>Elfsight Vimeo Gallery \u00e9 uma ferramenta simples para quem deseja integrar v\u00eddeos na p\u00e1gina. Voc\u00ea pode montar playlists, mostrar canais, selecionar o conte\u00fado de v\u00eddeo mais envolvente para sua galeria e muito mais. O widget Elfsight Vimeo oferece configura\u00e7\u00f5es de design \u00fateis, que ajudam a criar a interface para v\u00e1rios casos. Tr\u00eas layouts posicionar\u00e3o o conte\u00fado da melhor maneira, v\u00e1rios modos de reprodu\u00e7\u00e3o tornam a visualiza\u00e7\u00e3o de seus v\u00eddeos confort\u00e1vel em qualquer caso de uso. Com a ajuda do cabe\u00e7alho flex\u00edvel \u00e9 f\u00e1cil apresentar sua conta do Vimeo e conseguir novos assinantes. A Elfsight Video Gallery ser\u00e1 uma forma eficaz n\u00e3o s\u00f3 de aumentar o envolvimento, mas tamb\u00e9m de fazer crescer o seu neg\u00f3cio. <\/p><p><b>Mostre v\u00eddeos e canais do Vimeo em seu site com facilidade!<\/b><\/p><\/div><div class=\"application-platform-content-item-features application-platform-content-item\" id=\"features\" data-nav-section=\"features\"><h2>Recursos<\/h2> <p>Para ter uma compreens\u00e3o completa do widget, verifique a lista das principais caracter\u00edsticas. Eles tornam o widget incrivelmente eficiente para voc\u00ea: <\/p><ul><li>A op\u00e7\u00e3o de incorporar determinados layouts para diversas formas de organiza\u00e7\u00e3o de v\u00eddeos: Grade, Playlist, Slider;<\/li><li>7 detalhes do widget cabe\u00e7alho: nome, estat\u00edsticas, descri\u00e7\u00e3o, bot\u00e3o seguir, \u00edcone do perfil;<\/li><li>Quatro modos de jogo prontos para uso: Popup, Player, Inline ou no Vimeo;<\/li><li>Tr\u00eas variantes depois o v\u00eddeo termina: reproduzir pr\u00f3ximo, repetir, nenhum.<\/li><\/ul><p><a href=\"#demo\">Veja mais recursos na demonstra\u00e7\u00e3o ao vivo<\/a><\/p><\/div> <div class=\"application-platform-content-item-installation application-platform-content-item\" id=\"installation\" data-nav-section=\"installation\"><h2>Como incorporar o v\u00eddeo do Vimeo na p\u00e1gina do Facebook<\/h2><p>Essas v\u00e1rias etapas s\u00e3o a \u00fanica coisa que voc\u00ea precisa fazer para integrar o widget. <\/p><ul><li><b>Crie sua galeria pessoal do Vimeo<\/b><br>Com a ajuda de nosso configurador gratuito, crie um widget com design personalizado e adicione fontes. <\/li><li><b>Adquira o c\u00f3digo individual para adicionar o widget<\/b><br>Depois de configurar o seu widget, voc\u00ea receber\u00e1 o c\u00f3digo de instala\u00e7\u00e3o da notifica\u00e7\u00e3o que aparece nos aplicativos Elfsight. Copie. <\/li><li><b>Adicione a guia Vimeo \u00e0 p\u00e1gina do Facebook<\/b><br> Crie sua guia personalizada do Facebook. Insira o c\u00f3digo que voc\u00ea recebeu nos aplicativos da elfsight na guia. Se voc\u00ea tiver algum problema, basta verificar nosso guia em <a href=\"https:\/\/elfsight.com\/blog\/how-to-add-custom-tab-to-facebook-page\/\" target=\"_blank\" rel=\"noopener noreferrer\">criando uma guia personalizada do Facebook<\/a><\/li><li><b>Voc\u00ea executou a instala\u00e7\u00e3o com sucesso<\/b><br>Visite a p\u00e1gina para ver seus v\u00eddeos do Vimeo.<\/li><\/ul><p>Ainda n\u00e3o consegue decidir? Ou trope\u00e7ou em alguma coisa? Apenas uma \u00fanica solicita\u00e7\u00e3o ao nosso departamento de suporte ao cliente resolver\u00e1 todos os problemas. <\/p><\/div>","protected":false},"excerpt":{"rendered":"","protected":false},"author":9,"featured_media":0,"parent":875,"menu_order":0,"comment_status":"closed","ping_status":"closed","template":"templates\/template-application-platform.php","meta":{"publish_to_discourse":"","publish_post_category":"","wpdc_auto_publish_overridden":"","wpdc_topic_tags":"","wpdc_pin_topic":"","wpdc_pin_until":"","discourse_post_id":"","discourse_permalink":"","wpdc_publishing_response":"","wpdc_publishing_error":"","footnotes":""},"class_list":["post-8626","page","type-page","status-publish","hentry"],"yoast_head":"<!-- This site is optimized with the Yoast SEO plugin v25.3.1 - https:\/\/yoast.com\/wordpress\/plugins\/seo\/ -->\n<title>Facebook Vimeo \u2014 Incorpore o widget do Vimeo na p\u00e1gina do Facebook<\/title>\n<meta name=\"description\" content=\"\u00c9 absolutamente simples criar seu widget de v\u00eddeo do Vimeo e incorpor\u00e1-lo em sua p\u00e1gina do Facebook. O suporte ao cliente da Elfsight \u00e9 gratuito.\" \/>\n<meta name=\"robots\" content=\"index, follow, max-snippet:-1, max-image-preview:large, max-video-preview:-1\" \/>\n<link rel=\"canonical\" href=\"https:\/\/elfsight.com\/pt\/vimeo-video-gallery-widget\/facebook\/\" \/>\n<meta property=\"og:locale\" content=\"pt_PT\" \/>\n<meta property=\"og:type\" content=\"article\" \/>\n<meta property=\"og:title\" content=\"Facebook Vimeo \u2014 Incorpore o widget do Vimeo na p\u00e1gina do Facebook\" \/>\n<meta property=\"og:description\" content=\"\u00c9 absolutamente simples criar seu widget de v\u00eddeo do Vimeo e incorpor\u00e1-lo em sua p\u00e1gina do Facebook. O suporte ao cliente da Elfsight \u00e9 gratuito.\" \/>\n<meta property=\"og:url\" content=\"https:\/\/elfsight.com\/pt\/vimeo-video-gallery-widget\/facebook\/\" \/>\n<meta property=\"og:site_name\" content=\"Elfsight PT\" \/>\n<meta property=\"article:modified_time\" content=\"2024-11-13T11:45:29+00:00\" \/>\n<meta name=\"twitter:card\" content=\"summary_large_image\" \/>\n<meta name=\"twitter:label1\" content=\"Tempo estimado de leitura\" \/>\n\t<meta name=\"twitter:data1\" content=\"2 minutos\" \/>\n<!-- \/ Yoast SEO plugin. -->","yoast_head_json":{"title":"Facebook Vimeo \u2014 Incorpore o widget do Vimeo na p\u00e1gina do Facebook","description":"\u00c9 absolutamente simples criar seu widget de v\u00eddeo do Vimeo e incorpor\u00e1-lo em sua p\u00e1gina do Facebook. O suporte ao cliente da Elfsight \u00e9 gratuito.","robots":{"index":"index","follow":"follow","max-snippet":"max-snippet:-1","max-image-preview":"max-image-preview:large","max-video-preview":"max-video-preview:-1"},"canonical":"https:\/\/elfsight.com\/pt\/vimeo-video-gallery-widget\/facebook\/","og_locale":"pt_PT","og_type":"article","og_title":"Facebook Vimeo \u2014 Incorpore o widget do Vimeo na p\u00e1gina do Facebook","og_description":"\u00c9 absolutamente simples criar seu widget de v\u00eddeo do Vimeo e incorpor\u00e1-lo em sua p\u00e1gina do Facebook. O suporte ao cliente da Elfsight \u00e9 gratuito.","og_url":"https:\/\/elfsight.com\/pt\/vimeo-video-gallery-widget\/facebook\/","og_site_name":"Elfsight PT","article_modified_time":"2024-11-13T11:45:29+00:00","twitter_card":"summary_large_image","twitter_misc":{"Tempo estimado de leitura":"2 minutos"},"schema":{"@context":"https:\/\/schema.org","@graph":[{"@type":"WebPage","@id":"https:\/\/elfsight.com\/pt\/vimeo-video-gallery-widget\/facebook\/","url":"https:\/\/elfsight.com\/pt\/vimeo-video-gallery-widget\/facebook\/","name":"Facebook Vimeo \u2014 Incorpore o widget do Vimeo na p\u00e1gina do Facebook","isPartOf":{"@id":"https:\/\/elfsight.com\/pt\/#website"},"datePublished":"1970-01-01T00:00:00+00:00","dateModified":"2024-11-13T11:45:29+00:00","description":"\u00c9 absolutamente simples criar seu widget de v\u00eddeo do Vimeo e incorpor\u00e1-lo em sua p\u00e1gina do Facebook. O suporte ao cliente da Elfsight \u00e9 gratuito.","breadcrumb":{"@id":"https:\/\/elfsight.com\/pt\/vimeo-video-gallery-widget\/facebook\/#breadcrumb"},"inLanguage":"pt-PT","potentialAction":[{"@type":"ReadAction","target":["https:\/\/elfsight.com\/pt\/vimeo-video-gallery-widget\/facebook\/"]}]},{"@type":"BreadcrumbList","@id":"https:\/\/elfsight.com\/pt\/vimeo-video-gallery-widget\/facebook\/#breadcrumb","itemListElement":[{"@type":"ListItem","position":1,"name":"Home","item":"https:\/\/elfsight.com\/pt\/"},{"@type":"ListItem","position":2,"name":"Vimeo Gallery","item":"https:\/\/elfsight.com\/pt\/vimeo-video-gallery-widget\/"},{"@type":"ListItem","position":3,"name":"Vimeo Gallery &#8211; Facebook Page"}]},{"@type":"WebSite","@id":"https:\/\/elfsight.com\/pt\/#website","url":"https:\/\/elfsight.com\/pt\/","name":"Elfsight PT","description":"Just another Elfsight Sites site","potentialAction":[{"@type":"SearchAction","target":{"@type":"EntryPoint","urlTemplate":"https:\/\/elfsight.com\/pt\/?s={search_term_string}"},"query-input":{"@type":"PropertyValueSpecification","valueRequired":true,"valueName":"search_term_string"}}],"inLanguage":"pt-PT"}]}},"meta_box":{"industry":"","seo_heading":"","heading":"","description":"","cta_heading":"","cta_description":"","application":"874","h1":"Incorporar v\u00eddeo do Vimeo no Facebook","h1_caption":"Configure uma playlist, crie uma galeria de v\u00eddeos ou incorpore um canal do Vimeo na sua p\u00e1gina do Facebook","application_category":[],"applications_title":"","applications_request_title":"","applications_request_button_text":"","hero_text":"","hero_video":"","hero_video_schema_markup":"","selling_points_title":"","selling_points_caption":"","selling_points":[],"selling_points_cta_text":"","features_title":"","features":"","ed_cta_examples_text":"","ed_cta_examples_hidden":"","ed_cta_demo_text":"","ed_cta_demo_hidden":"","why_caption":"","why_editor_title":"","why_editor_text":"","why_team_title":"","why_team_text":"","why_service_title":"","why_service_text":"","template_catalog_visible":"","template_catalog_title":"","template_catalog_text":"","template_catalog_categories_visible":"","demo_title":"Crie seu widget da Galeria do Vimeo","demo_caption":"Configure sua Galeria do Vimeo e adicione-a ao site da sua p\u00e1gina do Facebook gratuitamente!","default_faq_hidden":"","app_template_category":[],"platform":"103","template_public_id":"","codecanyon_url":"","codecanyon_item_id":"","codecanyon_price":"","pricing_caption":"","pricing_elfsight_apps_hide_column":"","pricing_elfsight_apps_url":"","pricing_codecanyon_price_caption":"","integration_category":[],"integration_request_title":"","integration_request_cta":"","integration_platform":"","integrations":[],"platform_category":[],"video_schema_markup":"","price":"a partir de US$ 0\/m\u00eas","trial":"","benefits":[{"text":"Ajuda de instala\u00e7\u00e3o gratuita"},{"text":"Suporte premium"},{"text":"Garantia de reembolso de 14 dias"},{"text":"Atualiza\u00e7\u00f5es cont\u00ednuas"}],"button_url":"#demo","button_target_blank":"","button_nofollow":"","attributes":[{"name":"Instala\u00e7\u00f5es","content":"10,000 - 100,000"},{"name":"Responsivo","content":"Sim"},{"name":"Navegadores compat\u00edveis","content":"Opera, Edge, Firefox, Safari, Chrome"}],"tags":[],"tags_disable_links":"","hide_more_platforms":"","video_object":"","demo_hide_cta":"","demo_hide_cloud_options":"","pricing_title":"","pricing":[{"pricing_icon":"platform","pricing_title":"Elfsight Apps","pricing_title_caption":"Vers\u00e3o multiplataforma","pricing_price":"a partir de US$ 0\/m\u00eas","pricing_price_caption":"comece com plano gratuito","pricing_benefits":[{"text":"Dom\u00ednios ilimitados"},{"text":"Suporte r\u00e1pido"},{"text":"Suporte r\u00e1pido"},{"text":"Oferta especial para v\u00e1rios aplicativos"}],"pricing_button_text":"Adicionar ao site","pricing_button_url":"#demo"}],"related_apps_title":"","related_apps_hidden":"","author":"","image":[],"title":"","job":"","social_networks":[]},"_links":{"self":[{"href":"https:\/\/elfsight.com\/pt\/wp-json\/wp\/v2\/pages\/8626","targetHints":{"allow":["GET"]}}],"collection":[{"href":"https:\/\/elfsight.com\/pt\/wp-json\/wp\/v2\/pages"}],"about":[{"href":"https:\/\/elfsight.com\/pt\/wp-json\/wp\/v2\/types\/page"}],"author":[{"embeddable":true,"href":"https:\/\/elfsight.com\/pt\/wp-json\/wp\/v2\/users\/9"}],"replies":[{"embeddable":true,"href":"https:\/\/elfsight.com\/pt\/wp-json\/wp\/v2\/comments?post=8626"}],"version-history":[{"count":1,"href":"https:\/\/elfsight.com\/pt\/wp-json\/wp\/v2\/pages\/8626\/revisions"}],"predecessor-version":[{"id":8630,"href":"https:\/\/elfsight.com\/pt\/wp-json\/wp\/v2\/pages\/8626\/revisions\/8630"}],"up":[{"embeddable":true,"href":"https:\/\/elfsight.com\/pt\/wp-json\/wp\/v2\/pages\/875"}],"wp:attachment":[{"href":"https:\/\/elfsight.com\/pt\/wp-json\/wp\/v2\/media?parent=8626"}],"curies":[{"name":"wp","href":"https:\/\/api.w.org\/{rel}","templated":true}]}}