{"id":8625,"date":"1970-01-01T00:00:00","date_gmt":"1970-01-01T00:00:00","guid":{"rendered":"https:\/\/elfsight.com\/pt\/?page_id=8625"},"modified":"2024-11-13T11:33:19","modified_gmt":"2024-11-13T11:33:19","slug":"woocommerce","status":"publish","type":"page","link":"https:\/\/elfsight.com\/pt\/vimeo-video-gallery-widget\/woocommerce\/","title":{"rendered":"Vimeo Gallery &#8211; WooCommerce"},"content":{"rendered":"<div class=\"application-platform-content-item-description application-platform-content-item\" id=\"description\" data-nav-section=\"description\"><h2>Descri\u00e7\u00e3o<\/h2><p>Elfsight Vimeo Gallery \u00e9 um widget eficaz para propriet\u00e1rios de sites que precisam exibir v\u00eddeos do Vimeo no site. Voc\u00ea pode criar playlists de v\u00eddeos, integrar canais, selecionar o conte\u00fado de v\u00eddeo mais envolvente para sua galeria de v\u00eddeos e muito mais. O widget inclui v\u00e1rias configura\u00e7\u00f5es de design, que ajudam a criar a interface adequada para v\u00e1rios casos. Tr\u00eas layouts de widget ajudam a organizar o conte\u00fado da melhor maneira, v\u00e1rios modos de reprodu\u00e7\u00e3o tornam a visualiza\u00e7\u00e3o de v\u00eddeos \u00fatil. Com a ajuda do cabe\u00e7alho flex\u00edvel, anuncie o seu canal e aumente os seguidores.<\/p><p><b>A Galeria Elfsight Vimeo \u00e9 uma forma eficiente n\u00e3o s\u00f3 de aumentar o envolvimento, mas tamb\u00e9m de desenvolver o seu neg\u00f3cio.<\/b> <\/p><\/div> <div class=\"faq\" data-component=\"FAQ\"><div class=\"faq-item\">\r\n\t\t\t\t\t<div class=\"faq-item-question\">\r\n\t\t\t\t\t\t<h3 class=\"faq-item-question-text\">Como posso adicionar uma galeria do Vimeo ao site WooCommerce? <\/h3>\r\n\r\n\t\t\t\t\t\t<div class=\"faq-item-question-icon\"><\/div>\r\n\t\t\t\t\t<\/div>\r\n\r\n\t\t\t\t\t<div class=\"faq-item-answer\">\r\n\t\t\t\t\t\t<div class=\"faq-item-answer-text\"><p>A base da ferramenta ocorre nas p\u00e1ginas da Elfsight e n\u00e3o h\u00e1 necessidade de aprender codifica\u00e7\u00e3o. Utilize a demonstra\u00e7\u00e3o online para personalizar seu pr\u00f3prio aplicativo, adquira o c\u00f3digo e cole-o em seu site. <\/p><\/div>\r\n\t\t\t\t\t<\/div>\r\n\t\t\t\t<\/div><div class=\"faq-item\">\r\n\t\t\t\t\t<div class=\"faq-item-question\">\r\n\t\t\t\t\t\t<h3 class=\"faq-item-question-text\">As melhores maneiras de usar a integra\u00e7\u00e3o da Galeria de v\u00eddeos do Vimeo<\/h3>\r\n\r\n\t\t\t\t\t\t<div class=\"faq-item-question-icon\"><\/div>\r\n\t\t\t\t\t<\/div>\r\n\r\n\t\t\t\t\t<div class=\"faq-item-answer\">\r\n\t\t\t\t\t\t<div class=\"faq-item-answer-text\"><p>Forneceremos a voc\u00ea uma s\u00e9rie de possibilidades de ajuste: widgets em escala real para implementa\u00e7\u00e3o na zona de conte\u00fado, widgets flutuantes para op\u00e7\u00f5es de rolagem, layouts para rodap\u00e9 do seu site, cabe\u00e7alho e todo tipo de op\u00e7\u00f5es verticais para barras laterais e menus. <\/p><\/div>\r\n\t\t\t\t\t<\/div>\r\n\t\t\t\t<\/div><div class=\"faq-item\">\r\n\t\t\t\t\t<div class=\"faq-item-question\">\r\n\t\t\t\t\t\t<h3 class=\"faq-item-question-text\">Posso criar um widget de v\u00eddeo Showcase ou canal Vimeo com a ajuda do seu editor? <\/h3>\r\n\r\n\t\t\t\t\t\t<div class=\"faq-item-question-icon\"><\/div>\r\n\t\t\t\t\t<\/div>\r\n\r\n\t\t\t\t\t<div class=\"faq-item-answer\">\r\n\t\t\t\t\t\t<div class=\"faq-item-answer-text\"><p>Voc\u00ea \u00e9 livre para criar quaisquer modifica\u00e7\u00f5es no widget. Existem muitos layouts aplic\u00e1veis \u200b\u200bno editor, e todos eles podem ser facilmente ajustados da maneira que voc\u00ea precisa. <\/p><\/div>\r\n\t\t\t\t\t<\/div>\r\n\t\t\t\t<\/div><\/div><div class=\"application-platform-content-item-features application-platform-content-item\" id=\"features\" data-nav-section=\"features\"><h2>O widget inclui recursos pr\u00e1ticos e f\u00e1ceis, aqui est\u00e3o alguns deles:<\/h2><ul><li>Incorporar v\u00eddeos por URL; <\/li><li>3 layouts integrados para organiza\u00e7\u00e3o de diversos v\u00eddeos: Grade, Playlist, Slider; <\/li><li>Sete detalhes altern\u00e1veis \u200b\u200bdo cabe\u00e7alho: nome, estat\u00edsticas, descri\u00e7\u00e3o, bot\u00e3o seguir, imagem do perfil; <\/li><li>4 modos de jogo integrados: Popup, Player, Inline ou no Vimeo; <\/li><li>3 a\u00e7\u00f5es ap\u00f3s o t\u00e9rmino do v\u00eddeo: reproduzir a seguir, repetir, nenhuma; <\/li><\/ul><p><a href=\"#demo\">Explore todas as op\u00e7\u00f5es de personaliza\u00e7\u00e3o em uma demonstra\u00e7\u00e3o 100% funcional<\/a><\/p><\/div><div class=\"application-platform-content-item-installation application-platform-content-item\" id=\"installation\" data-nav-section=\"installation\"> <h2>Como posso incorporar a Galeria de v\u00eddeos do Vimeo em meu site WooCommerce?<\/h2><p>Basta seguir as instru\u00e7\u00f5es abaixo para integrar a ferramenta.<\/p><ol><li><b>Utilize nosso servi\u00e7o gratuito demonstra\u00e7\u00e3o e comece a criar seu pr\u00f3prio instrumento.<\/b><br>Especifique a interface preferida e a funcionalidade do widget e aplique as modifica\u00e7\u00f5es.<\/li><li><b>Receba o c\u00f3digo pessoal que aparece no formul\u00e1rio especial em Elfsight Apps.<\/b><br>Logo ap\u00f3s terminar a configura\u00e7\u00e3o do seu plugin, copie o c\u00f3digo pessoal na caixa exibida e salve-o para futuras ocasi\u00f5es.<\/li><li><b>Inicie o uso do widget no site WooCommerce.<\/b><br>Coloque o c\u00f3digo salvo anteriormente em seu site e aplique as melhorias.<\/li><li><b>Pronto! A integra\u00e7\u00e3o \u00e9 totalmente realizada.<\/b><br>Acesse seu site para observar o desempenho do plugin.<\/li><\/ol><p>Na condi\u00e7\u00e3o de lidar com d\u00favidas ou encontrar alguma dificuldade, n\u00e3o tenha medo de procurar ajuda de nossa equipe de suporte. Nossos consultores ter\u00e3o prazer em ajud\u00e1-lo com todas as d\u00favidas que voc\u00ea possa ter sobre o produto.<\/p><\/div>","protected":false},"excerpt":{"rendered":"","protected":false},"author":9,"featured_media":0,"parent":875,"menu_order":0,"comment_status":"closed","ping_status":"closed","template":"templates\/template-application-platform.php","meta":{"publish_to_discourse":"","publish_post_category":"","wpdc_auto_publish_overridden":"","wpdc_topic_tags":"","wpdc_pin_topic":"","wpdc_pin_until":"","discourse_post_id":"","discourse_permalink":"","wpdc_publishing_response":"","wpdc_publishing_error":"","footnotes":""},"class_list":["post-8625","page","type-page","status-publish","hentry"],"yoast_head":"<!-- This site is optimized with the Yoast SEO plugin v25.3.1 - https:\/\/yoast.com\/wordpress\/plugins\/seo\/ -->\n<title>Plug-in WooCommerce Vimeo Video Gallery para seu site (2025)<\/title>\n<meta name=\"description\" content=\"Voc\u00ea pode personalizar o plugin Vimeo Video Gallery no editor e inseri-lo em seu site WooCommerce diretamente atrav\u00e9s da demonstra\u00e7\u00e3o.\" \/>\n<meta name=\"robots\" content=\"index, follow, max-snippet:-1, max-image-preview:large, max-video-preview:-1\" \/>\n<link rel=\"canonical\" href=\"https:\/\/elfsight.com\/pt\/vimeo-video-gallery-widget\/woocommerce\/\" \/>\n<meta property=\"og:locale\" content=\"pt_PT\" \/>\n<meta property=\"og:type\" content=\"article\" \/>\n<meta property=\"og:title\" content=\"Plug-in WooCommerce Vimeo Video Gallery para seu site (2025)\" \/>\n<meta property=\"og:description\" content=\"Voc\u00ea pode personalizar o plugin Vimeo Video Gallery no editor e inseri-lo em seu site WooCommerce diretamente atrav\u00e9s da demonstra\u00e7\u00e3o.\" \/>\n<meta property=\"og:url\" content=\"https:\/\/elfsight.com\/pt\/vimeo-video-gallery-widget\/woocommerce\/\" \/>\n<meta property=\"og:site_name\" content=\"Elfsight PT\" \/>\n<meta property=\"article:modified_time\" content=\"2024-11-13T11:33:19+00:00\" \/>\n<meta name=\"twitter:card\" content=\"summary_large_image\" \/>\n<meta name=\"twitter:label1\" content=\"Tempo estimado de leitura\" \/>\n\t<meta name=\"twitter:data1\" content=\"3 minutos\" \/>\n<!-- \/ Yoast SEO plugin. -->","yoast_head_json":{"title":"Plug-in WooCommerce Vimeo Video Gallery para seu site (2025)","description":"Voc\u00ea pode personalizar o plugin Vimeo Video Gallery no editor e inseri-lo em seu site WooCommerce diretamente atrav\u00e9s da demonstra\u00e7\u00e3o.","robots":{"index":"index","follow":"follow","max-snippet":"max-snippet:-1","max-image-preview":"max-image-preview:large","max-video-preview":"max-video-preview:-1"},"canonical":"https:\/\/elfsight.com\/pt\/vimeo-video-gallery-widget\/woocommerce\/","og_locale":"pt_PT","og_type":"article","og_title":"Plug-in WooCommerce Vimeo Video Gallery para seu site (2025)","og_description":"Voc\u00ea pode personalizar o plugin Vimeo Video Gallery no editor e inseri-lo em seu site WooCommerce diretamente atrav\u00e9s da demonstra\u00e7\u00e3o.","og_url":"https:\/\/elfsight.com\/pt\/vimeo-video-gallery-widget\/woocommerce\/","og_site_name":"Elfsight PT","article_modified_time":"2024-11-13T11:33:19+00:00","twitter_card":"summary_large_image","twitter_misc":{"Tempo estimado de leitura":"3 minutos"},"schema":{"@context":"https:\/\/schema.org","@graph":[{"@type":"WebPage","@id":"https:\/\/elfsight.com\/pt\/vimeo-video-gallery-widget\/woocommerce\/","url":"https:\/\/elfsight.com\/pt\/vimeo-video-gallery-widget\/woocommerce\/","name":"Plug-in WooCommerce Vimeo Video Gallery para seu site (2025)","isPartOf":{"@id":"https:\/\/elfsight.com\/pt\/#website"},"datePublished":"1970-01-01T00:00:00+00:00","dateModified":"2024-11-13T11:33:19+00:00","description":"Voc\u00ea pode personalizar o plugin Vimeo Video Gallery no editor e inseri-lo em seu site WooCommerce diretamente atrav\u00e9s da demonstra\u00e7\u00e3o.","breadcrumb":{"@id":"https:\/\/elfsight.com\/pt\/vimeo-video-gallery-widget\/woocommerce\/#breadcrumb"},"inLanguage":"pt-PT","potentialAction":[{"@type":"ReadAction","target":["https:\/\/elfsight.com\/pt\/vimeo-video-gallery-widget\/woocommerce\/"]}]},{"@type":"BreadcrumbList","@id":"https:\/\/elfsight.com\/pt\/vimeo-video-gallery-widget\/woocommerce\/#breadcrumb","itemListElement":[{"@type":"ListItem","position":1,"name":"Home","item":"https:\/\/elfsight.com\/pt\/"},{"@type":"ListItem","position":2,"name":"Vimeo Gallery","item":"https:\/\/elfsight.com\/pt\/vimeo-video-gallery-widget\/"},{"@type":"ListItem","position":3,"name":"Vimeo Gallery &#8211; WooCommerce"}]},{"@type":"WebSite","@id":"https:\/\/elfsight.com\/pt\/#website","url":"https:\/\/elfsight.com\/pt\/","name":"Elfsight PT","description":"Just another Elfsight Sites site","potentialAction":[{"@type":"SearchAction","target":{"@type":"EntryPoint","urlTemplate":"https:\/\/elfsight.com\/pt\/?s={search_term_string}"},"query-input":{"@type":"PropertyValueSpecification","valueRequired":true,"valueName":"search_term_string"}}],"inLanguage":"pt-PT"}]}},"meta_box":{"industry":"","seo_heading":"","heading":"","description":"","cta_heading":"","cta_description":"","application":"874","h1":"Galeria de v\u00eddeos WooCommerce Vimeo","h1_caption":"a partir de US$ 0\/m\u00eas","application_category":[],"applications_title":"","applications_request_title":"","applications_request_button_text":"","hero_text":"","hero_video":"","hero_video_schema_markup":"","selling_points_title":"","selling_points_caption":"","selling_points":[],"selling_points_cta_text":"","features_title":"","features":"","ed_cta_examples_text":"","ed_cta_examples_hidden":"","ed_cta_demo_text":"","ed_cta_demo_hidden":"","why_caption":"","why_editor_title":"","why_editor_text":"","why_team_title":"","why_team_text":"","why_service_title":"","why_service_text":"","template_catalog_visible":"","template_catalog_title":"","template_catalog_text":"","template_catalog_categories_visible":"","demo_title":"Crie seu aplicativo Galeria do Vimeo","demo_caption":"Configure sua Galeria Vimeo e adicione-a ao seu site WooCommerce gratuitamente!","default_faq_hidden":"","app_template_category":[],"platform":"4920","template_public_id":"","codecanyon_url":"","codecanyon_item_id":"","codecanyon_price":"","pricing_caption":"","pricing_elfsight_apps_hide_column":"","pricing_elfsight_apps_url":"","pricing_codecanyon_price_caption":"","integration_category":[],"integration_request_title":"","integration_request_cta":"","integration_platform":"","integrations":[],"platform_category":[],"video_schema_markup":"","price":"a partir de US$ 0\/m\u00eas","trial":"","benefits":[{"text":"Assist\u00eancia de instala\u00e7\u00e3o gratuita"},{"text":"Atendimento ao cliente eficaz"},{"text":"Garantia de devolu\u00e7\u00e3o do dinheiro em 14 dias"},{"text":"Melhorias ao longo da vida"}],"button_url":"#demo","button_target_blank":"","button_nofollow":"","attributes":[{"name":"Instala\u00e7\u00f5es","content":"10,000 - 100,000"},{"name":"Responsivo","content":"Sim"},{"name":"Navegadores compat\u00edveis","content":"Firefox, Safari, Opera, Chrome, Edge"}],"tags":[],"tags_disable_links":"","hide_more_platforms":"","video_object":"","demo_hide_cta":"","demo_hide_cloud_options":"","pricing_title":"","pricing":[{"pricing_icon":"platform","pricing_title":"Elfsight Apps","pricing_title_caption":"Vers\u00e3o multiplataforma adequada para qualquer site","pricing_price":"a partir de US$ 0\/m\u00eas","pricing_price_caption":"comece com um plano gratuito","pricing_benefits":[{"text":"Sites ilimitados"},{"text":"Suporte gratuito e bem documentado"},{"text":"Suporte gratuito e bem documentado"},{"text":"Design flex\u00edvel"}],"pricing_button_text":"Adicionar ao site","pricing_button_url":"#demo"}],"related_apps_title":"","related_apps_hidden":"","author":"","image":[],"title":"","job":"","social_networks":[]},"_links":{"self":[{"href":"https:\/\/elfsight.com\/pt\/wp-json\/wp\/v2\/pages\/8625","targetHints":{"allow":["GET"]}}],"collection":[{"href":"https:\/\/elfsight.com\/pt\/wp-json\/wp\/v2\/pages"}],"about":[{"href":"https:\/\/elfsight.com\/pt\/wp-json\/wp\/v2\/types\/page"}],"author":[{"embeddable":true,"href":"https:\/\/elfsight.com\/pt\/wp-json\/wp\/v2\/users\/9"}],"replies":[{"embeddable":true,"href":"https:\/\/elfsight.com\/pt\/wp-json\/wp\/v2\/comments?post=8625"}],"version-history":[{"count":1,"href":"https:\/\/elfsight.com\/pt\/wp-json\/wp\/v2\/pages\/8625\/revisions"}],"predecessor-version":[{"id":8629,"href":"https:\/\/elfsight.com\/pt\/wp-json\/wp\/v2\/pages\/8625\/revisions\/8629"}],"up":[{"embeddable":true,"href":"https:\/\/elfsight.com\/pt\/wp-json\/wp\/v2\/pages\/875"}],"wp:attachment":[{"href":"https:\/\/elfsight.com\/pt\/wp-json\/wp\/v2\/media?parent=8625"}],"curies":[{"name":"wp","href":"https:\/\/api.w.org\/{rel}","templated":true}]}}